{"id":103709,"date":"2025-11-06T17:23:28","date_gmt":"2025-11-06T17:23:28","guid":{"rendered":"https:\/\/www.hostfully.com\/regler-for-korttidsudlejning-fra-stat-til-stat\/"},"modified":"2026-04-14T20:30:06","modified_gmt":"2026-04-14T20:30:06","slug":"regler-for-korttidsudlejning-fra-stat-til-stat","status":"publish","type":"page","link":"https:\/\/www.hostfully.com\/da\/regler-for-korttidsudlejning-fra-stat-til-stat\/","title":{"rendered":"Regler for korttidsudlejning fra stat til stat"},"content":{"rendered":"\t\t<div data-elementor-type=\"wp-page\" data-elementor-id=\"103709\" class=\"elementor elementor-103709 elementor-4879\" data-elementor-post-type=\"page\">\n\t\t\t\t<div class=\"elementor-element elementor-element-d9c7eb4 hf-hero-lg e-flex e-con-boxed e-con e-parent\" data-id=\"d9c7eb4\" data-element_type=\"container\" data-e-type=\"container\">\n\t\t\t\t\t<div class=\"e-con-inner\">\n\t\t<div class=\"elementor-element elementor-element-1e91fd2 e-con-full hf-section-tit e-flex e-con e-child\" data-id=\"1e91fd2\" data-element_type=\"container\" data-e-type=\"container\">\n\t\t\t\t<div class=\"elementor-element elementor-element-cb55a1c elementor-widget elementor-widget-heading\" data-id=\"cb55a1c\" data-element_type=\"widget\" data-e-type=\"widget\" data-widget_type=\"heading.default\">\n\t\t\t\t<div class=\"elementor-widget-container\">\n\t\t\t\t\t<h1 class=\"elementor-heading-title elementor-size-default\">Guide til regler for korttidsudlejning<\/h1>\t\t\t\t<\/div>\n\t\t\t\t<\/div>\n\t\t\t\t<div class=\"elementor-element elementor-element-87f7e69 elementor-widget elementor-widget-heading\" data-id=\"87f7e69\" data-element_type=\"widget\" data-e-type=\"widget\" data-widget_type=\"heading.default\">\n\t\t\t\t<div class=\"elementor-widget-container\">\n\t\t\t\t\t<h4 class=\"elementor-heading-title elementor-size-default\">V\u00e6lg den lokation, du vil vide mere om vedr\u00f8rende reglerne for udlejning<\/h4>\t\t\t\t<\/div>\n\t\t\t\t<\/div>\n\t\t\t\t<\/div>\n\t\t\t\t\t<\/div>\n\t\t\t\t<\/div>\n\t\t<div class=\"elementor-element elementor-element-996f9f0 e-flex e-con-boxed e-con e-parent\" data-id=\"996f9f0\" data-element_type=\"container\" data-e-type=\"container\">\n\t\t\t\t\t<div class=\"e-con-inner\">\n\t\t\t\t<div class=\"elementor-element elementor-element-f2211e3 elementor-nav-menu__text-align-center elementor-widget elementor-widget-nav-menu\" data-id=\"f2211e3\" data-element_type=\"widget\" data-e-type=\"widget\" data-settings=\"{&quot;layout&quot;:&quot;dropdown&quot;,&quot;submenu_icon&quot;:{&quot;value&quot;:&quot;&lt;svg aria-hidden=\\&quot;true\\&quot; class=\\&quot;fa-svg-chevron-down e-font-icon-svg e-fas-chevron-down\\&quot; viewBox=\\&quot;0 0 448 512\\&quot; xmlns=\\&quot;http:\\\/\\\/www.w3.org\\\/2000\\\/svg\\&quot;&gt;&lt;path d=\\&quot;M207.029 381.476L12.686 187.132c-9.373-9.373-9.373-24.569 0-33.941l22.667-22.667c9.357-9.357 24.522-9.375 33.901-.04L224 284.505l154.745-154.021c9.379-9.335 24.544-9.317 33.901.04l22.667 22.667c9.373 9.373 9.373 24.569 0 33.941L240.971 381.476c-9.373 9.372-24.569 9.372-33.942 0z\\&quot;&gt;&lt;\\\/path&gt;&lt;\\\/svg&gt;&quot;,&quot;library&quot;:&quot;fa-solid&quot;}}\" data-widget_type=\"nav-menu.default\">\n\t\t\t\t<div class=\"elementor-widget-container\">\n\t\t\t\t\t\t\t\t<nav class=\"elementor-nav-menu--dropdown elementor-nav-menu__container\" aria-hidden=\"true\">\n\t\t\t\t<ul id=\"menu-2-f2211e3\" class=\"elementor-nav-menu\"><li class=\"menu-item menu-item-type-custom menu-item-object-custom menu-item-4886\"><a href=\"#\" class=\"elementor-item elementor-item-anchor\" tabindex=\"-1\">Select Location<\/a><\/li>\n<\/ul>\t\t\t<\/nav>\n\t\t\t\t\t\t<\/div>\n\t\t\t\t<\/div>\n\t\t\t\t\t<\/div>\n\t\t\t\t<\/div>\n\t\t<div class=\"elementor-element elementor-element-aed958d hf-section-md e-flex e-con-boxed e-con e-parent\" data-id=\"aed958d\" data-element_type=\"container\" data-e-type=\"container\">\n\t\t\t\t\t<div class=\"e-con-inner\">\n\t\t\t\t<div class=\"elementor-element elementor-element-1115b70 elementor-alert-info elementor-widget elementor-widget-alert\" data-id=\"1115b70\" data-element_type=\"widget\" data-e-type=\"widget\" data-widget_type=\"alert.default\">\n\t\t\t\t<div class=\"elementor-widget-container\">\n\t\t\t\t\t\t\t<div class=\"elementor-alert\" role=\"alert\">\n\n\t\t\t\t\t\t<span class=\"elementor-alert-title\">Ansvarsfraskrivelse<\/span>\n\t\t\t\n\t\t\t\t\t\t<span class=\"elementor-alert-description\">Reglerne for korttidsudlejning \u00e6ndrer sig l\u00f8bende. Ressourcen nedenfor opdateres, n\u00e5r det er muligt, men den b\u00f8r ikke betragtes som juridisk r\u00e5dgivning. Det er afg\u00f8rende, at De r\u00e5df\u00f8rer Dem med Deres lokale advokat for at sikre, at De tager de n\u00f8dvendige skridt for at holde Deres virksomhed sikker og lovlig.  <\/span>\n\t\t\t\n\t\t\t\n\t\t<\/div>\n\t\t\t\t\t\t<\/div>\n\t\t\t\t<\/div>\n\t\t\t\t<div class=\"elementor-element elementor-element-d68ee69 elementor-widget elementor-widget-text-editor\" data-id=\"d68ee69\" data-element_type=\"widget\" data-e-type=\"widget\" data-widget_type=\"text-editor.default\">\n\t\t\t\t<div class=\"elementor-widget-container\">\n\t\t\t\t\t\t\t\t\t<p style=\"margin-top: 30px;\">Reglerne for korttidsudlejning i USA kan v\u00e6re sv\u00e6re at finde og forst\u00e5. Det skyldes, at vi oplever et markant skifte i, hvordan myndigheder p\u00e5 alle niveauer forst\u00e5r og h\u00e5ndterer ferieboliger og korttidsudlejningsplatforme som Airbnb og HomeAway. For at hj\u00e6lpe ejere af ferieboliger med bedre at navigere i dette har Hostfully-teamet udarbejdet en omfattende guide til de forskellige love \u2013 b\u00e5de foresl\u00e5ede og vedtagne \u2013 som vil p\u00e5virke Deres virksomhed som ejendomsadministrator.  <\/p><p>Reglerne varierer meget fra stat til stat og fra by til by. Der findes ingen universall\u00f8sning, og kendskab til Deres lokale og statslige love er afg\u00f8rende for Deres virksomheds succes. Brug kortet ovenfor til at navigere til Deres stat for bedre at forst\u00e5 den aktuelle lovgivning i Deres omr\u00e5de. I sidste ende vil dette hj\u00e6lpe ejendomsadministratorer og ejere af ferieboliger med bedre at drive og skalere deres virksomheder.   <\/p>\t\t\t\t\t\t\t\t<\/div>\n\t\t\t\t<\/div>\n\t\t\t\t\t<\/div>\n\t\t\t\t<\/div>\n\t\t\t\t<\/div>\n\t\t","protected":false},"excerpt":{"rendered":"<p>Guide til regler for korttidsudlejning V\u00e6lg den lokation, du vil vide mere om vedr\u00f8rende reglerne for udlejning Ansvarsfraskrivelse Reglerne for korttidsudlejning \u00e6ndrer sig l\u00f8bende. Ressourcen nedenfor opdateres, n\u00e5r det er muligt, men den b\u00f8r ikke betragtes som juridisk r\u00e5dgivning. Det er afg\u00f8rende, at De r\u00e5df\u00f8rer Dem med Deres lokale advokat for at sikre, at De [&hellip;]<\/p>\n","protected":false},"author":1,"featured_media":0,"parent":0,"menu_order":0,"comment_status":"closed","ping_status":"closed","template":"","meta":{"footnotes":""},"class_list":["post-103709","page","type-page","status-publish","hentry"],"yoast_head":"<!-- This site is optimized with the Yoast SEO Premium plugin v27.4 (Yoast SEO v27.4) - https:\/\/yoast.com\/product\/yoast-seo-premium-wordpress\/ -->\n<title>Regler for korttidsudlejning fra stat til stat | Hostfully<\/title>\n<meta name=\"robots\" content=\"index, follow, max-snippet:-1, max-image-preview:large, max-video-preview:-1\" \/>\n<link rel=\"canonical\" href=\"https:\/\/www.hostfully.com\/da\/regler-for-korttidsudlejning-fra-stat-til-stat\/\" \/>\n<meta property=\"og:locale\" content=\"da_DK\" \/>\n<meta property=\"og:type\" content=\"article\" \/>\n<meta property=\"og:title\" content=\"Regler for korttidsudlejning fra stat til stat\" \/>\n<meta property=\"og:description\" content=\"Guide til regler for korttidsudlejning V\u00e6lg den lokation, du vil vide mere om vedr\u00f8rende reglerne for udlejning Ansvarsfraskrivelse Reglerne for korttidsudlejning \u00e6ndrer sig l\u00f8bende. Ressourcen nedenfor opdateres, n\u00e5r det er muligt, men den b\u00f8r ikke betragtes som juridisk r\u00e5dgivning. Det er afg\u00f8rende, at De r\u00e5df\u00f8rer Dem med Deres lokale advokat for at sikre, at De [&hellip;]\" \/>\n<meta property=\"og:url\" content=\"https:\/\/www.hostfully.com\/da\/regler-for-korttidsudlejning-fra-stat-til-stat\/\" \/>\n<meta property=\"og:site_name\" content=\"Hostfully\" \/>\n<meta property=\"article:publisher\" content=\"https:\/\/www.facebook.com\/hostfully\" \/>\n<meta property=\"article:modified_time\" content=\"2026-04-14T20:30:06+00:00\" \/>\n<meta name=\"twitter:card\" content=\"summary_large_image\" \/>\n<meta name=\"twitter:site\" content=\"@hostfully\" \/>\n<meta name=\"twitter:label1\" content=\"Estimeret l\u00e6setid\" \/>\n\t<meta name=\"twitter:data1\" content=\"1 minut\" \/>\n<script type=\"application\/ld+json\" class=\"yoast-schema-graph\">{\"@context\":\"https:\\\/\\\/schema.org\",\"@graph\":[{\"@type\":\"WebPage\",\"@id\":\"https:\\\/\\\/www.hostfully.com\\\/da\\\/regler-for-korttidsudlejning-fra-stat-til-stat\\\/\",\"url\":\"https:\\\/\\\/www.hostfully.com\\\/da\\\/regler-for-korttidsudlejning-fra-stat-til-stat\\\/\",\"name\":\"Regler for korttidsudlejning fra stat til stat | Hostfully\",\"isPartOf\":{\"@id\":\"https:\\\/\\\/www.hostfully.com\\\/da\\\/#website\"},\"datePublished\":\"2025-11-06T17:23:28+00:00\",\"dateModified\":\"2026-04-14T20:30:06+00:00\",\"breadcrumb\":{\"@id\":\"https:\\\/\\\/www.hostfully.com\\\/da\\\/regler-for-korttidsudlejning-fra-stat-til-stat\\\/#breadcrumb\"},\"inLanguage\":\"da-DK\",\"potentialAction\":[{\"@type\":\"ReadAction\",\"target\":[\"https:\\\/\\\/www.hostfully.com\\\/da\\\/regler-for-korttidsudlejning-fra-stat-til-stat\\\/\"]}]},{\"@type\":\"BreadcrumbList\",\"@id\":\"https:\\\/\\\/www.hostfully.com\\\/da\\\/regler-for-korttidsudlejning-fra-stat-til-stat\\\/#breadcrumb\",\"itemListElement\":[{\"@type\":\"ListItem\",\"position\":1,\"name\":\"Home\",\"item\":\"https:\\\/\\\/www.hostfully.com\\\/da\\\/\"},{\"@type\":\"ListItem\",\"position\":2,\"name\":\"Regler for korttidsudlejning fra stat til stat\"}]},{\"@type\":\"WebSite\",\"@id\":\"https:\\\/\\\/www.hostfully.com\\\/da\\\/#website\",\"url\":\"https:\\\/\\\/www.hostfully.com\\\/da\\\/\",\"name\":\"Hostfully\",\"description\":\"Award Winning Vacation Rental Software\",\"publisher\":{\"@id\":\"https:\\\/\\\/www.hostfully.com\\\/da\\\/#organization\"},\"potentialAction\":[{\"@type\":\"SearchAction\",\"target\":{\"@type\":\"EntryPoint\",\"urlTemplate\":\"https:\\\/\\\/www.hostfully.com\\\/da\\\/?s={search_term_string}\"},\"query-input\":{\"@type\":\"PropertyValueSpecification\",\"valueRequired\":true,\"valueName\":\"search_term_string\"}}],\"inLanguage\":\"da-DK\"},{\"@type\":\"Organization\",\"@id\":\"https:\\\/\\\/www.hostfully.com\\\/da\\\/#organization\",\"name\":\"Hostfully\",\"url\":\"https:\\\/\\\/www.hostfully.com\\\/da\\\/\",\"logo\":{\"@type\":\"ImageObject\",\"inLanguage\":\"da-DK\",\"@id\":\"https:\\\/\\\/www.hostfully.com\\\/da\\\/#\\\/schema\\\/logo\\\/image\\\/\",\"url\":\"https:\\\/\\\/www.hostfully.com\\\/wp-content\\\/uploads\\\/2025\\\/08\\\/Hostfully_bluecircle_isotype_R-.png\",\"contentUrl\":\"https:\\\/\\\/www.hostfully.com\\\/wp-content\\\/uploads\\\/2025\\\/08\\\/Hostfully_bluecircle_isotype_R-.png\",\"width\":321,\"height\":321,\"caption\":\"Hostfully\"},\"image\":{\"@id\":\"https:\\\/\\\/www.hostfully.com\\\/da\\\/#\\\/schema\\\/logo\\\/image\\\/\"},\"sameAs\":[\"https:\\\/\\\/www.facebook.com\\\/hostfully\",\"https:\\\/\\\/x.com\\\/hostfully\",\"https:\\\/\\\/www.instagram.com\\\/hostfully_\\\/\",\"https:\\\/\\\/www.youtube.com\\\/c\\\/Hostfully\",\"https:\\\/\\\/www.linkedin.com\\\/company\\\/hostfully-inc-\\\/\"]}]}<\/script>\n<!-- \/ Yoast SEO Premium plugin. -->","yoast_head_json":{"title":"Regler for korttidsudlejning fra stat til stat | Hostfully","robots":{"index":"index","follow":"follow","max-snippet":"max-snippet:-1","max-image-preview":"max-image-preview:large","max-video-preview":"max-video-preview:-1"},"canonical":"https:\/\/www.hostfully.com\/da\/regler-for-korttidsudlejning-fra-stat-til-stat\/","og_locale":"da_DK","og_type":"article","og_title":"Regler for korttidsudlejning fra stat til stat","og_description":"Guide til regler for korttidsudlejning V\u00e6lg den lokation, du vil vide mere om vedr\u00f8rende reglerne for udlejning Ansvarsfraskrivelse Reglerne for korttidsudlejning \u00e6ndrer sig l\u00f8bende. Ressourcen nedenfor opdateres, n\u00e5r det er muligt, men den b\u00f8r ikke betragtes som juridisk r\u00e5dgivning. Det er afg\u00f8rende, at De r\u00e5df\u00f8rer Dem med Deres lokale advokat for at sikre, at De [&hellip;]","og_url":"https:\/\/www.hostfully.com\/da\/regler-for-korttidsudlejning-fra-stat-til-stat\/","og_site_name":"Hostfully","article_publisher":"https:\/\/www.facebook.com\/hostfully","article_modified_time":"2026-04-14T20:30:06+00:00","twitter_card":"summary_large_image","twitter_site":"@hostfully","twitter_misc":{"Estimeret l\u00e6setid":"1 minut"},"schema":{"@context":"https:\/\/schema.org","@graph":[{"@type":"WebPage","@id":"https:\/\/www.hostfully.com\/da\/regler-for-korttidsudlejning-fra-stat-til-stat\/","url":"https:\/\/www.hostfully.com\/da\/regler-for-korttidsudlejning-fra-stat-til-stat\/","name":"Regler for korttidsudlejning fra stat til stat | Hostfully","isPartOf":{"@id":"https:\/\/www.hostfully.com\/da\/#website"},"datePublished":"2025-11-06T17:23:28+00:00","dateModified":"2026-04-14T20:30:06+00:00","breadcrumb":{"@id":"https:\/\/www.hostfully.com\/da\/regler-for-korttidsudlejning-fra-stat-til-stat\/#breadcrumb"},"inLanguage":"da-DK","potentialAction":[{"@type":"ReadAction","target":["https:\/\/www.hostfully.com\/da\/regler-for-korttidsudlejning-fra-stat-til-stat\/"]}]},{"@type":"BreadcrumbList","@id":"https:\/\/www.hostfully.com\/da\/regler-for-korttidsudlejning-fra-stat-til-stat\/#breadcrumb","itemListElement":[{"@type":"ListItem","position":1,"name":"Home","item":"https:\/\/www.hostfully.com\/da\/"},{"@type":"ListItem","position":2,"name":"Regler for korttidsudlejning fra stat til stat"}]},{"@type":"WebSite","@id":"https:\/\/www.hostfully.com\/da\/#website","url":"https:\/\/www.hostfully.com\/da\/","name":"Hostfully","description":"Award Winning Vacation Rental Software","publisher":{"@id":"https:\/\/www.hostfully.com\/da\/#organization"},"potentialAction":[{"@type":"SearchAction","target":{"@type":"EntryPoint","urlTemplate":"https:\/\/www.hostfully.com\/da\/?s={search_term_string}"},"query-input":{"@type":"PropertyValueSpecification","valueRequired":true,"valueName":"search_term_string"}}],"inLanguage":"da-DK"},{"@type":"Organization","@id":"https:\/\/www.hostfully.com\/da\/#organization","name":"Hostfully","url":"https:\/\/www.hostfully.com\/da\/","logo":{"@type":"ImageObject","inLanguage":"da-DK","@id":"https:\/\/www.hostfully.com\/da\/#\/schema\/logo\/image\/","url":"https:\/\/www.hostfully.com\/wp-content\/uploads\/2025\/08\/Hostfully_bluecircle_isotype_R-.png","contentUrl":"https:\/\/www.hostfully.com\/wp-content\/uploads\/2025\/08\/Hostfully_bluecircle_isotype_R-.png","width":321,"height":321,"caption":"Hostfully"},"image":{"@id":"https:\/\/www.hostfully.com\/da\/#\/schema\/logo\/image\/"},"sameAs":["https:\/\/www.facebook.com\/hostfully","https:\/\/x.com\/hostfully","https:\/\/www.instagram.com\/hostfully_\/","https:\/\/www.youtube.com\/c\/Hostfully","https:\/\/www.linkedin.com\/company\/hostfully-inc-\/"]}]}},"_links":{"self":[{"href":"https:\/\/www.hostfully.com\/da\/wp-json\/wp\/v2\/pages\/103709","targetHints":{"allow":["GET"]}}],"collection":[{"href":"https:\/\/www.hostfully.com\/da\/wp-json\/wp\/v2\/pages"}],"about":[{"href":"https:\/\/www.hostfully.com\/da\/wp-json\/wp\/v2\/types\/page"}],"author":[{"embeddable":true,"href":"https:\/\/www.hostfully.com\/da\/wp-json\/wp\/v2\/users\/1"}],"replies":[{"embeddable":true,"href":"https:\/\/www.hostfully.com\/da\/wp-json\/wp\/v2\/comments?post=103709"}],"version-history":[{"count":1,"href":"https:\/\/www.hostfully.com\/da\/wp-json\/wp\/v2\/pages\/103709\/revisions"}],"predecessor-version":[{"id":103711,"href":"https:\/\/www.hostfully.com\/da\/wp-json\/wp\/v2\/pages\/103709\/revisions\/103711"}],"wp:attachment":[{"href":"https:\/\/www.hostfully.com\/da\/wp-json\/wp\/v2\/media?parent=103709"}],"curies":[{"name":"wp","href":"https:\/\/api.w.org\/{rel}","templated":true}]}}