{"id":105274,"date":"2025-11-24T18:33:34","date_gmt":"2025-11-24T18:33:34","guid":{"rendered":"https:\/\/www.hostfully.com\/vaekstvaerktoejer\/quiz-sundhedstjek-af-din-ferieudlejningsforretning\/"},"modified":"2026-04-14T22:15:42","modified_gmt":"2026-04-14T22:15:42","slug":"quiz-sundhedstjek-af-din-ferieudlejningsforretning","status":"publish","type":"page","link":"https:\/\/www.hostfully.com\/da\/vaekstvaerktoejer\/quiz-sundhedstjek-af-din-ferieudlejningsforretning\/","title":{"rendered":"Quiz: Sundhedstjek af din ferieudlejningsforretning"},"content":{"rendered":"\t\t<div data-elementor-type=\"wp-page\" data-elementor-id=\"105274\" class=\"elementor elementor-105274 elementor-7841\" data-elementor-post-type=\"page\">\n\t\t\t\t<div class=\"elementor-element elementor-element-faaf74c e-con-full my-4i br-50i e-flex e-con e-parent\" data-id=\"faaf74c\" data-element_type=\"container\" data-e-type=\"container\" data-settings=\"{&quot;background_background&quot;:&quot;classic&quot;}\">\n\t\t<div class=\"elementor-element elementor-element-982f6b2 e-con-full e-flex e-con e-child\" data-id=\"982f6b2\" data-element_type=\"container\" data-e-type=\"container\">\n\t\t\t\t<div class=\"elementor-element elementor-element-4a70e6a elementor-widget elementor-widget-html\" data-id=\"4a70e6a\" data-element_type=\"widget\" data-e-type=\"widget\" data-widget_type=\"html.default\">\n\t\t\t\t<div class=\"elementor-widget-container\">\n\t\t\t\t\t<div>\r\n<div class=\"op-interactive\" id=\"5de6670dddb67c77083c1dcf\" data-url=\"https:\/\/hostfully.outgrow.us\/5de6670dddb67c77083c1dcf?vHeight=1\" data-width=\"100%\">&nbsp;<\/div>\r\n<script src=\"\/\/dyv6f9ner1ir9.cloudfront.net\/assets\/js\/nloader.js\"><\/script>\r\n<script>initIframe('5de6670dddb67c77083c1dcf');<\/script>\r\n<\/div>\t\t\t\t<\/div>\n\t\t\t\t<\/div>\n\t\t\t\t<\/div>\n\t\t\t\t<\/div>\n\t\t<div class=\"elementor-element elementor-element-6d8a2c2 e-flex e-con-boxed e-con e-parent\" data-id=\"6d8a2c2\" data-element_type=\"container\" data-e-type=\"container\">\n\t\t\t\t\t<div class=\"e-con-inner\">\n\t\t\t\t<div class=\"elementor-element elementor-element-085caad elementor-widget elementor-widget-text-editor\" data-id=\"085caad\" data-element_type=\"widget\" data-e-type=\"widget\" data-widget_type=\"text-editor.default\">\n\t\t\t\t<div class=\"elementor-widget-container\">\n\t\t\t\t\t\t\t\t\t<p>Selvom teknologidrevne hospitality-virksomheder er et relativt nyt f\u00e6nomen fra det seneste \u00e5rti, f\u00f8lger deres v\u00e6kst traditionelle forretningsmodeller. Der er fire kritiske forretningsfunktioner i enhver virksomhed inden for administration af ferieudlejning\u2014<strong>drift, marketing, salg og g\u00e6steh\u00e5ndtering<\/strong>. <\/p><p>For ferieudlejningsadministratorer \ud83d\ude4b\u200d\u2640\ufe0f\ud83d\ude4b\u200d\u2642\ufe0f er et sp\u00f8rgsm\u00e5l, vi ofte f\u00e5r: <em>Hvordan ved man, hvilken af disse forretningsfunktioner man skal fokusere p\u00e5?<\/em> Og svaret har altid v\u00e6ret: <em>Det afh\u00e6nger<\/em>\u2026Indtil nu! Hostfully har lavet en <strong>sundhedstjek-quiz<\/strong> \ud83c\udfe1 til ferieudlejningsforretninger, som p\u00e5 baggrund af dine svar fort\u00e6ller dig, hvilken del af din virksomhed du b\u00f8r fokusere mest p\u00e5 de n\u00e6ste 12 m\u00e5neder \ud83d\udcc5: drift, marketing, salg eller g\u00e6steh\u00e5ndtering. <\/p><p>Inden for f\u00e5 minutter har du en skr\u00e6ddersyet og downloadbar handlingsplan til dine ferieudlejninger, der kan hj\u00e6lpe med at v\u00e6kste \ud83d\udcc8 din virksomhed og i sidste ende oms\u00e6tningen. Hvis du har sp\u00f8rgsm\u00e5l til quizzen eller \u00f8nsker at f\u00f8lge op, er du velkommen til at kontakte <a href=\"mailto:jessica@hostfully.com?subject=Let%27s%20Talk%20VRMC%20Health%20Check%20Quiz!\">jessica@hostfully.com<\/a>\u2014vi elsker at h\u00f8re fra dig! <\/p>\t\t\t\t\t\t\t\t<\/div>\n\t\t\t\t<\/div>\n\t\t\t\t\t<\/div>\n\t\t\t\t<\/div>\n\t\t\t\t<\/div>\n\t\t","protected":false},"excerpt":{"rendered":"<p>&nbsp; Selvom teknologidrevne hospitality-virksomheder er et relativt nyt f\u00e6nomen fra det seneste \u00e5rti, f\u00f8lger deres v\u00e6kst traditionelle forretningsmodeller. Der er fire kritiske forretningsfunktioner i enhver virksomhed inden for administration af ferieudlejning\u2014drift, marketing, salg og g\u00e6steh\u00e5ndtering. For ferieudlejningsadministratorer \ud83d\ude4b\u200d\u2640\ufe0f\ud83d\ude4b\u200d\u2642\ufe0f er et sp\u00f8rgsm\u00e5l, vi ofte f\u00e5r: Hvordan ved man, hvilken af disse forretningsfunktioner man skal fokusere p\u00e5? [&hellip;]<\/p>\n","protected":false},"author":2,"featured_media":0,"parent":104113,"menu_order":0,"comment_status":"closed","ping_status":"closed","template":"","meta":{"footnotes":""},"class_list":["post-105274","page","type-page","status-publish","hentry"],"yoast_head":"<!-- This site is optimized with the Yoast SEO Premium plugin v27.4 (Yoast SEO v27.4) - https:\/\/yoast.com\/product\/yoast-seo-premium-wordpress\/ -->\n<title>Quiz: Sundhedstjek af din ferieudlejningsforretning | Hostfully<\/title>\n<meta name=\"description\" content=\"Tag vores gratis VRMC-sundhedstjek-quiz og f\u00e5 indsigt i vigtige v\u00e6kstmuligheder med en skr\u00e6ddersyet handlingsplan til din virksomhed.\" \/>\n<meta name=\"robots\" content=\"index, follow, max-snippet:-1, max-image-preview:large, max-video-preview:-1\" \/>\n<link rel=\"canonical\" href=\"https:\/\/www.hostfully.com\/da\/vaekstvaerktoejer\/quiz-sundhedstjek-af-din-ferieudlejningsforretning\/\" \/>\n<meta property=\"og:locale\" content=\"da_DK\" \/>\n<meta property=\"og:type\" content=\"article\" \/>\n<meta property=\"og:title\" content=\"Quiz: Sundhedstjek af din ferieudlejningsforretning\" \/>\n<meta property=\"og:description\" content=\"Tag vores gratis VRMC-sundhedstjek-quiz og f\u00e5 indsigt i vigtige v\u00e6kstmuligheder med en skr\u00e6ddersyet handlingsplan til din virksomhed.\" \/>\n<meta property=\"og:url\" content=\"https:\/\/www.hostfully.com\/da\/vaekstvaerktoejer\/quiz-sundhedstjek-af-din-ferieudlejningsforretning\/\" \/>\n<meta property=\"og:site_name\" content=\"Hostfully\" \/>\n<meta property=\"article:publisher\" content=\"https:\/\/www.facebook.com\/hostfully\" \/>\n<meta property=\"article:modified_time\" content=\"2026-04-14T22:15:42+00:00\" \/>\n<meta name=\"twitter:card\" content=\"summary_large_image\" \/>\n<meta name=\"twitter:site\" content=\"@hostfully\" \/>\n<meta name=\"twitter:label1\" content=\"Estimeret l\u00e6setid\" \/>\n\t<meta name=\"twitter:data1\" content=\"1 minut\" \/>\n<script type=\"application\/ld+json\" class=\"yoast-schema-graph\">{\"@context\":\"https:\\\/\\\/schema.org\",\"@graph\":[{\"@type\":\"WebPage\",\"@id\":\"https:\\\/\\\/www.hostfully.com\\\/da\\\/vaekstvaerktoejer\\\/quiz-sundhedstjek-af-din-ferieudlejningsforretning\\\/\",\"url\":\"https:\\\/\\\/www.hostfully.com\\\/da\\\/vaekstvaerktoejer\\\/quiz-sundhedstjek-af-din-ferieudlejningsforretning\\\/\",\"name\":\"Quiz: Sundhedstjek af din ferieudlejningsforretning | Hostfully\",\"isPartOf\":{\"@id\":\"https:\\\/\\\/www.hostfully.com\\\/da\\\/#website\"},\"datePublished\":\"2025-11-24T18:33:34+00:00\",\"dateModified\":\"2026-04-14T22:15:42+00:00\",\"description\":\"Tag vores gratis VRMC-sundhedstjek-quiz og f\u00e5 indsigt i vigtige v\u00e6kstmuligheder med en skr\u00e6ddersyet handlingsplan til din virksomhed.\",\"breadcrumb\":{\"@id\":\"https:\\\/\\\/www.hostfully.com\\\/da\\\/vaekstvaerktoejer\\\/quiz-sundhedstjek-af-din-ferieudlejningsforretning\\\/#breadcrumb\"},\"inLanguage\":\"da-DK\",\"potentialAction\":[{\"@type\":\"ReadAction\",\"target\":[\"https:\\\/\\\/www.hostfully.com\\\/da\\\/vaekstvaerktoejer\\\/quiz-sundhedstjek-af-din-ferieudlejningsforretning\\\/\"]}]},{\"@type\":\"BreadcrumbList\",\"@id\":\"https:\\\/\\\/www.hostfully.com\\\/da\\\/vaekstvaerktoejer\\\/quiz-sundhedstjek-af-din-ferieudlejningsforretning\\\/#breadcrumb\",\"itemListElement\":[{\"@type\":\"ListItem\",\"position\":1,\"name\":\"Home\",\"item\":\"https:\\\/\\\/www.hostfully.com\\\/da\\\/\"},{\"@type\":\"ListItem\",\"position\":2,\"name\":\"V\u00e6kstv\u00e6rkt\u00f8jer\",\"item\":\"https:\\\/\\\/www.hostfully.com\\\/da\\\/vaekstvaerktoejer\\\/\"},{\"@type\":\"ListItem\",\"position\":3,\"name\":\"Quiz: Sundhedstjek af din ferieudlejningsforretning\"}]},{\"@type\":\"WebSite\",\"@id\":\"https:\\\/\\\/www.hostfully.com\\\/da\\\/#website\",\"url\":\"https:\\\/\\\/www.hostfully.com\\\/da\\\/\",\"name\":\"Hostfully\",\"description\":\"Award Winning Vacation Rental Software\",\"publisher\":{\"@id\":\"https:\\\/\\\/www.hostfully.com\\\/da\\\/#organization\"},\"potentialAction\":[{\"@type\":\"SearchAction\",\"target\":{\"@type\":\"EntryPoint\",\"urlTemplate\":\"https:\\\/\\\/www.hostfully.com\\\/da\\\/?s={search_term_string}\"},\"query-input\":{\"@type\":\"PropertyValueSpecification\",\"valueRequired\":true,\"valueName\":\"search_term_string\"}}],\"inLanguage\":\"da-DK\"},{\"@type\":\"Organization\",\"@id\":\"https:\\\/\\\/www.hostfully.com\\\/da\\\/#organization\",\"name\":\"Hostfully\",\"url\":\"https:\\\/\\\/www.hostfully.com\\\/da\\\/\",\"logo\":{\"@type\":\"ImageObject\",\"inLanguage\":\"da-DK\",\"@id\":\"https:\\\/\\\/www.hostfully.com\\\/da\\\/#\\\/schema\\\/logo\\\/image\\\/\",\"url\":\"https:\\\/\\\/www.hostfully.com\\\/wp-content\\\/uploads\\\/2025\\\/08\\\/Hostfully_bluecircle_isotype_R-.png\",\"contentUrl\":\"https:\\\/\\\/www.hostfully.com\\\/wp-content\\\/uploads\\\/2025\\\/08\\\/Hostfully_bluecircle_isotype_R-.png\",\"width\":321,\"height\":321,\"caption\":\"Hostfully\"},\"image\":{\"@id\":\"https:\\\/\\\/www.hostfully.com\\\/da\\\/#\\\/schema\\\/logo\\\/image\\\/\"},\"sameAs\":[\"https:\\\/\\\/www.facebook.com\\\/hostfully\",\"https:\\\/\\\/x.com\\\/hostfully\",\"https:\\\/\\\/www.instagram.com\\\/hostfully_\\\/\",\"https:\\\/\\\/www.youtube.com\\\/c\\\/Hostfully\",\"https:\\\/\\\/www.linkedin.com\\\/company\\\/hostfully-inc-\\\/\"]}]}<\/script>\n<!-- \/ Yoast SEO Premium plugin. -->","yoast_head_json":{"title":"Quiz: Sundhedstjek af din ferieudlejningsforretning | Hostfully","description":"Tag vores gratis VRMC-sundhedstjek-quiz og f\u00e5 indsigt i vigtige v\u00e6kstmuligheder med en skr\u00e6ddersyet handlingsplan til din virksomhed.","robots":{"index":"index","follow":"follow","max-snippet":"max-snippet:-1","max-image-preview":"max-image-preview:large","max-video-preview":"max-video-preview:-1"},"canonical":"https:\/\/www.hostfully.com\/da\/vaekstvaerktoejer\/quiz-sundhedstjek-af-din-ferieudlejningsforretning\/","og_locale":"da_DK","og_type":"article","og_title":"Quiz: Sundhedstjek af din ferieudlejningsforretning","og_description":"Tag vores gratis VRMC-sundhedstjek-quiz og f\u00e5 indsigt i vigtige v\u00e6kstmuligheder med en skr\u00e6ddersyet handlingsplan til din virksomhed.","og_url":"https:\/\/www.hostfully.com\/da\/vaekstvaerktoejer\/quiz-sundhedstjek-af-din-ferieudlejningsforretning\/","og_site_name":"Hostfully","article_publisher":"https:\/\/www.facebook.com\/hostfully","article_modified_time":"2026-04-14T22:15:42+00:00","twitter_card":"summary_large_image","twitter_site":"@hostfully","twitter_misc":{"Estimeret l\u00e6setid":"1 minut"},"schema":{"@context":"https:\/\/schema.org","@graph":[{"@type":"WebPage","@id":"https:\/\/www.hostfully.com\/da\/vaekstvaerktoejer\/quiz-sundhedstjek-af-din-ferieudlejningsforretning\/","url":"https:\/\/www.hostfully.com\/da\/vaekstvaerktoejer\/quiz-sundhedstjek-af-din-ferieudlejningsforretning\/","name":"Quiz: Sundhedstjek af din ferieudlejningsforretning | Hostfully","isPartOf":{"@id":"https:\/\/www.hostfully.com\/da\/#website"},"datePublished":"2025-11-24T18:33:34+00:00","dateModified":"2026-04-14T22:15:42+00:00","description":"Tag vores gratis VRMC-sundhedstjek-quiz og f\u00e5 indsigt i vigtige v\u00e6kstmuligheder med en skr\u00e6ddersyet handlingsplan til din virksomhed.","breadcrumb":{"@id":"https:\/\/www.hostfully.com\/da\/vaekstvaerktoejer\/quiz-sundhedstjek-af-din-ferieudlejningsforretning\/#breadcrumb"},"inLanguage":"da-DK","potentialAction":[{"@type":"ReadAction","target":["https:\/\/www.hostfully.com\/da\/vaekstvaerktoejer\/quiz-sundhedstjek-af-din-ferieudlejningsforretning\/"]}]},{"@type":"BreadcrumbList","@id":"https:\/\/www.hostfully.com\/da\/vaekstvaerktoejer\/quiz-sundhedstjek-af-din-ferieudlejningsforretning\/#breadcrumb","itemListElement":[{"@type":"ListItem","position":1,"name":"Home","item":"https:\/\/www.hostfully.com\/da\/"},{"@type":"ListItem","position":2,"name":"V\u00e6kstv\u00e6rkt\u00f8jer","item":"https:\/\/www.hostfully.com\/da\/vaekstvaerktoejer\/"},{"@type":"ListItem","position":3,"name":"Quiz: Sundhedstjek af din ferieudlejningsforretning"}]},{"@type":"WebSite","@id":"https:\/\/www.hostfully.com\/da\/#website","url":"https:\/\/www.hostfully.com\/da\/","name":"Hostfully","description":"Award Winning Vacation Rental Software","publisher":{"@id":"https:\/\/www.hostfully.com\/da\/#organization"},"potentialAction":[{"@type":"SearchAction","target":{"@type":"EntryPoint","urlTemplate":"https:\/\/www.hostfully.com\/da\/?s={search_term_string}"},"query-input":{"@type":"PropertyValueSpecification","valueRequired":true,"valueName":"search_term_string"}}],"inLanguage":"da-DK"},{"@type":"Organization","@id":"https:\/\/www.hostfully.com\/da\/#organization","name":"Hostfully","url":"https:\/\/www.hostfully.com\/da\/","logo":{"@type":"ImageObject","inLanguage":"da-DK","@id":"https:\/\/www.hostfully.com\/da\/#\/schema\/logo\/image\/","url":"https:\/\/www.hostfully.com\/wp-content\/uploads\/2025\/08\/Hostfully_bluecircle_isotype_R-.png","contentUrl":"https:\/\/www.hostfully.com\/wp-content\/uploads\/2025\/08\/Hostfully_bluecircle_isotype_R-.png","width":321,"height":321,"caption":"Hostfully"},"image":{"@id":"https:\/\/www.hostfully.com\/da\/#\/schema\/logo\/image\/"},"sameAs":["https:\/\/www.facebook.com\/hostfully","https:\/\/x.com\/hostfully","https:\/\/www.instagram.com\/hostfully_\/","https:\/\/www.youtube.com\/c\/Hostfully","https:\/\/www.linkedin.com\/company\/hostfully-inc-\/"]}]}},"_links":{"self":[{"href":"https:\/\/www.hostfully.com\/da\/wp-json\/wp\/v2\/pages\/105274","targetHints":{"allow":["GET"]}}],"collection":[{"href":"https:\/\/www.hostfully.com\/da\/wp-json\/wp\/v2\/pages"}],"about":[{"href":"https:\/\/www.hostfully.com\/da\/wp-json\/wp\/v2\/types\/page"}],"author":[{"embeddable":true,"href":"https:\/\/www.hostfully.com\/da\/wp-json\/wp\/v2\/users\/2"}],"replies":[{"embeddable":true,"href":"https:\/\/www.hostfully.com\/da\/wp-json\/wp\/v2\/comments?post=105274"}],"version-history":[{"count":1,"href":"https:\/\/www.hostfully.com\/da\/wp-json\/wp\/v2\/pages\/105274\/revisions"}],"predecessor-version":[{"id":105277,"href":"https:\/\/www.hostfully.com\/da\/wp-json\/wp\/v2\/pages\/105274\/revisions\/105277"}],"up":[{"embeddable":true,"href":"https:\/\/www.hostfully.com\/da\/wp-json\/wp\/v2\/pages\/104113"}],"wp:attachment":[{"href":"https:\/\/www.hostfully.com\/da\/wp-json\/wp\/v2\/media?parent=105274"}],"curies":[{"name":"wp","href":"https:\/\/api.w.org\/{rel}","templated":true}]}}