{"id":105280,"date":"2025-11-24T18:39:33","date_gmt":"2025-11-24T18:39:33","guid":{"rendered":"https:\/\/www.hostfully.com\/vaekstvaerktoejer\/roi-beregner-til-guidebog-for-ferieudlejningsadministratorer\/"},"modified":"2026-04-14T22:15:46","modified_gmt":"2026-04-14T22:15:46","slug":"roi-beregner-til-guidebog-for-ferieudlejningsadministratorer","status":"publish","type":"page","link":"https:\/\/www.hostfully.com\/da\/vaekstvaerktoejer\/roi-beregner-til-guidebog-for-ferieudlejningsadministratorer\/","title":{"rendered":"ROI-beregner til guidebog for ferieudlejningsadministratorer"},"content":{"rendered":"\t\t<div data-elementor-type=\"wp-page\" data-elementor-id=\"105280\" class=\"elementor elementor-105280 elementor-7852\" data-elementor-post-type=\"page\">\n\t\t\t\t<div class=\"elementor-element elementor-element-871fe64 e-con-full my-4i br-50i e-flex e-con e-parent\" data-id=\"871fe64\" data-element_type=\"container\" data-e-type=\"container\" data-settings=\"{&quot;background_background&quot;:&quot;classic&quot;}\">\n\t\t<div class=\"elementor-element elementor-element-117bba5 e-con-full e-flex e-con e-child\" data-id=\"117bba5\" data-element_type=\"container\" data-e-type=\"container\">\n\t\t\t\t<div class=\"elementor-element elementor-element-616687e elementor-widget elementor-widget-html\" data-id=\"616687e\" data-element_type=\"widget\" data-e-type=\"widget\" data-widget_type=\"html.default\">\n\t\t\t\t<div class=\"elementor-widget-container\">\n\t\t\t\t\t<div>\r\n<div class=\"op-interactive\" id=\"5d5d57ea37157d329c45457d\" data-url=\"https:\/\/hostfully.outgrow.us\/5d5d57ea37157d329c45457d?vHeight=1\" data-width=\"100%\">&nbsp;<\/div>\r\n<script src=\"\/\/dyv6f9ner1ir9.cloudfront.net\/assets\/js\/nloader.js\"><\/script>\r\n<script>initIframe('5d5d57ea37157d329c45457d');<\/script>\r\n<\/div>\t\t\t\t<\/div>\n\t\t\t\t<\/div>\n\t\t\t\t<\/div>\n\t\t\t\t<\/div>\n\t\t<div class=\"elementor-element elementor-element-aa4c80b e-flex e-con-boxed e-con e-parent\" data-id=\"aa4c80b\" data-element_type=\"container\" data-e-type=\"container\">\n\t\t\t\t\t<div class=\"e-con-inner\">\n\t\t\t\t<div class=\"elementor-element elementor-element-4b300ce elementor-widget elementor-widget-text-editor\" data-id=\"4b300ce\" data-element_type=\"widget\" data-e-type=\"widget\" data-widget_type=\"text-editor.default\">\n\t\t\t\t<div class=\"elementor-widget-container\">\n\t\t\t\t\t\t\t\t\tBrugen af digitale guideb\u00f8ger i ferieudlejningsbranchen vokser markant. Guideb\u00f8ger g\u00f8r det muligt for administratorer og ejere at personalisere rejseoplevelsen yderligere med lokale anbefalinger. \n\nGuideb\u00f8ger g\u00f8r det ogs\u00e5 muligt for ferieudlejningsadministratorer at give deres g\u00e6ster forretningskritiske oplysninger, forbedre g\u00e6steoplevelsen og spare tid ved at samle al information p\u00e5 \u00e9n let tilg\u00e6ngelig platform. Det reducerer g\u00e6steklager og sparer tid for medarbejdere og administratorer, som ellers skulle besvare almindelige g\u00e6stesp\u00f8rgsm\u00e5l. \t\t\t\t\t\t\t\t<\/div>\n\t\t\t\t<\/div>\n\t\t\t\t\t<\/div>\n\t\t\t\t<\/div>\n\t\t\t\t<\/div>\n\t\t","protected":false},"excerpt":{"rendered":"<p>&nbsp; Brugen af digitale guideb\u00f8ger i ferieudlejningsbranchen vokser markant. Guideb\u00f8ger g\u00f8r det muligt for administratorer og ejere at personalisere rejseoplevelsen yderligere med lokale anbefalinger. Guideb\u00f8ger g\u00f8r det ogs\u00e5 muligt for ferieudlejningsadministratorer at give deres g\u00e6ster forretningskritiske oplysninger, forbedre g\u00e6steoplevelsen og spare tid ved at samle al information p\u00e5 \u00e9n let tilg\u00e6ngelig platform. Det reducerer g\u00e6steklager [&hellip;]<\/p>\n","protected":false},"author":2,"featured_media":0,"parent":104113,"menu_order":0,"comment_status":"closed","ping_status":"closed","template":"","meta":{"footnotes":""},"class_list":["post-105280","page","type-page","status-publish","hentry"],"yoast_head":"<!-- This site is optimized with the Yoast SEO Premium plugin v27.4 (Yoast SEO v27.4) - https:\/\/yoast.com\/product\/yoast-seo-premium-wordpress\/ -->\n<title>ROI-beregner til guidebog for ferieudlejningsadministratorer | Hostfully<\/title>\n<meta name=\"description\" content=\"Beregn, hvilken effekt en guidebog vil have p\u00e5 din virksomhed, med vores gratis v\u00e6rkt\u00f8j. F\u00e5 handlingsorienteret indsigt, s\u00e5 du kan maksimere g\u00e6stev\u00e6rdien og indtjeningen.\" \/>\n<meta name=\"robots\" content=\"index, follow, max-snippet:-1, max-image-preview:large, max-video-preview:-1\" \/>\n<link rel=\"canonical\" href=\"https:\/\/www.hostfully.com\/da\/vaekstvaerktoejer\/roi-beregner-til-guidebog-for-ferieudlejningsadministratorer\/\" \/>\n<meta property=\"og:locale\" content=\"da_DK\" \/>\n<meta property=\"og:type\" content=\"article\" \/>\n<meta property=\"og:title\" content=\"ROI-beregner til guidebog for ferieudlejningsadministratorer\" \/>\n<meta property=\"og:description\" content=\"Beregn, hvilken effekt en guidebog vil have p\u00e5 din virksomhed, med vores gratis v\u00e6rkt\u00f8j. F\u00e5 handlingsorienteret indsigt, s\u00e5 du kan maksimere g\u00e6stev\u00e6rdien og indtjeningen.\" \/>\n<meta property=\"og:url\" content=\"https:\/\/www.hostfully.com\/da\/vaekstvaerktoejer\/roi-beregner-til-guidebog-for-ferieudlejningsadministratorer\/\" \/>\n<meta property=\"og:site_name\" content=\"Hostfully\" \/>\n<meta property=\"article:publisher\" content=\"https:\/\/www.facebook.com\/hostfully\" \/>\n<meta property=\"article:modified_time\" content=\"2026-04-14T22:15:46+00:00\" \/>\n<meta name=\"twitter:card\" content=\"summary_large_image\" \/>\n<meta name=\"twitter:site\" content=\"@hostfully\" \/>\n<script type=\"application\/ld+json\" class=\"yoast-schema-graph\">{\"@context\":\"https:\\\/\\\/schema.org\",\"@graph\":[{\"@type\":\"WebPage\",\"@id\":\"https:\\\/\\\/www.hostfully.com\\\/da\\\/vaekstvaerktoejer\\\/roi-beregner-til-guidebog-for-ferieudlejningsadministratorer\\\/\",\"url\":\"https:\\\/\\\/www.hostfully.com\\\/da\\\/vaekstvaerktoejer\\\/roi-beregner-til-guidebog-for-ferieudlejningsadministratorer\\\/\",\"name\":\"ROI-beregner til guidebog for ferieudlejningsadministratorer | Hostfully\",\"isPartOf\":{\"@id\":\"https:\\\/\\\/www.hostfully.com\\\/da\\\/#website\"},\"datePublished\":\"2025-11-24T18:39:33+00:00\",\"dateModified\":\"2026-04-14T22:15:46+00:00\",\"description\":\"Beregn, hvilken effekt en guidebog vil have p\u00e5 din virksomhed, med vores gratis v\u00e6rkt\u00f8j. F\u00e5 handlingsorienteret indsigt, s\u00e5 du kan maksimere g\u00e6stev\u00e6rdien og indtjeningen.\",\"breadcrumb\":{\"@id\":\"https:\\\/\\\/www.hostfully.com\\\/da\\\/vaekstvaerktoejer\\\/roi-beregner-til-guidebog-for-ferieudlejningsadministratorer\\\/#breadcrumb\"},\"inLanguage\":\"da-DK\",\"potentialAction\":[{\"@type\":\"ReadAction\",\"target\":[\"https:\\\/\\\/www.hostfully.com\\\/da\\\/vaekstvaerktoejer\\\/roi-beregner-til-guidebog-for-ferieudlejningsadministratorer\\\/\"]}]},{\"@type\":\"BreadcrumbList\",\"@id\":\"https:\\\/\\\/www.hostfully.com\\\/da\\\/vaekstvaerktoejer\\\/roi-beregner-til-guidebog-for-ferieudlejningsadministratorer\\\/#breadcrumb\",\"itemListElement\":[{\"@type\":\"ListItem\",\"position\":1,\"name\":\"Home\",\"item\":\"https:\\\/\\\/www.hostfully.com\\\/da\\\/\"},{\"@type\":\"ListItem\",\"position\":2,\"name\":\"V\u00e6kstv\u00e6rkt\u00f8jer\",\"item\":\"https:\\\/\\\/www.hostfully.com\\\/da\\\/vaekstvaerktoejer\\\/\"},{\"@type\":\"ListItem\",\"position\":3,\"name\":\"ROI-beregner til guidebog for ferieudlejningsadministratorer\"}]},{\"@type\":\"WebSite\",\"@id\":\"https:\\\/\\\/www.hostfully.com\\\/da\\\/#website\",\"url\":\"https:\\\/\\\/www.hostfully.com\\\/da\\\/\",\"name\":\"Hostfully\",\"description\":\"Award Winning Vacation Rental Software\",\"publisher\":{\"@id\":\"https:\\\/\\\/www.hostfully.com\\\/da\\\/#organization\"},\"potentialAction\":[{\"@type\":\"SearchAction\",\"target\":{\"@type\":\"EntryPoint\",\"urlTemplate\":\"https:\\\/\\\/www.hostfully.com\\\/da\\\/?s={search_term_string}\"},\"query-input\":{\"@type\":\"PropertyValueSpecification\",\"valueRequired\":true,\"valueName\":\"search_term_string\"}}],\"inLanguage\":\"da-DK\"},{\"@type\":\"Organization\",\"@id\":\"https:\\\/\\\/www.hostfully.com\\\/da\\\/#organization\",\"name\":\"Hostfully\",\"url\":\"https:\\\/\\\/www.hostfully.com\\\/da\\\/\",\"logo\":{\"@type\":\"ImageObject\",\"inLanguage\":\"da-DK\",\"@id\":\"https:\\\/\\\/www.hostfully.com\\\/da\\\/#\\\/schema\\\/logo\\\/image\\\/\",\"url\":\"https:\\\/\\\/www.hostfully.com\\\/wp-content\\\/uploads\\\/2025\\\/08\\\/Hostfully_bluecircle_isotype_R-.png\",\"contentUrl\":\"https:\\\/\\\/www.hostfully.com\\\/wp-content\\\/uploads\\\/2025\\\/08\\\/Hostfully_bluecircle_isotype_R-.png\",\"width\":321,\"height\":321,\"caption\":\"Hostfully\"},\"image\":{\"@id\":\"https:\\\/\\\/www.hostfully.com\\\/da\\\/#\\\/schema\\\/logo\\\/image\\\/\"},\"sameAs\":[\"https:\\\/\\\/www.facebook.com\\\/hostfully\",\"https:\\\/\\\/x.com\\\/hostfully\",\"https:\\\/\\\/www.instagram.com\\\/hostfully_\\\/\",\"https:\\\/\\\/www.youtube.com\\\/c\\\/Hostfully\",\"https:\\\/\\\/www.linkedin.com\\\/company\\\/hostfully-inc-\\\/\"]}]}<\/script>\n<!-- \/ Yoast SEO Premium plugin. -->","yoast_head_json":{"title":"ROI-beregner til guidebog for ferieudlejningsadministratorer | Hostfully","description":"Beregn, hvilken effekt en guidebog vil have p\u00e5 din virksomhed, med vores gratis v\u00e6rkt\u00f8j. F\u00e5 handlingsorienteret indsigt, s\u00e5 du kan maksimere g\u00e6stev\u00e6rdien og indtjeningen.","robots":{"index":"index","follow":"follow","max-snippet":"max-snippet:-1","max-image-preview":"max-image-preview:large","max-video-preview":"max-video-preview:-1"},"canonical":"https:\/\/www.hostfully.com\/da\/vaekstvaerktoejer\/roi-beregner-til-guidebog-for-ferieudlejningsadministratorer\/","og_locale":"da_DK","og_type":"article","og_title":"ROI-beregner til guidebog for ferieudlejningsadministratorer","og_description":"Beregn, hvilken effekt en guidebog vil have p\u00e5 din virksomhed, med vores gratis v\u00e6rkt\u00f8j. F\u00e5 handlingsorienteret indsigt, s\u00e5 du kan maksimere g\u00e6stev\u00e6rdien og indtjeningen.","og_url":"https:\/\/www.hostfully.com\/da\/vaekstvaerktoejer\/roi-beregner-til-guidebog-for-ferieudlejningsadministratorer\/","og_site_name":"Hostfully","article_publisher":"https:\/\/www.facebook.com\/hostfully","article_modified_time":"2026-04-14T22:15:46+00:00","twitter_card":"summary_large_image","twitter_site":"@hostfully","schema":{"@context":"https:\/\/schema.org","@graph":[{"@type":"WebPage","@id":"https:\/\/www.hostfully.com\/da\/vaekstvaerktoejer\/roi-beregner-til-guidebog-for-ferieudlejningsadministratorer\/","url":"https:\/\/www.hostfully.com\/da\/vaekstvaerktoejer\/roi-beregner-til-guidebog-for-ferieudlejningsadministratorer\/","name":"ROI-beregner til guidebog for ferieudlejningsadministratorer | Hostfully","isPartOf":{"@id":"https:\/\/www.hostfully.com\/da\/#website"},"datePublished":"2025-11-24T18:39:33+00:00","dateModified":"2026-04-14T22:15:46+00:00","description":"Beregn, hvilken effekt en guidebog vil have p\u00e5 din virksomhed, med vores gratis v\u00e6rkt\u00f8j. F\u00e5 handlingsorienteret indsigt, s\u00e5 du kan maksimere g\u00e6stev\u00e6rdien og indtjeningen.","breadcrumb":{"@id":"https:\/\/www.hostfully.com\/da\/vaekstvaerktoejer\/roi-beregner-til-guidebog-for-ferieudlejningsadministratorer\/#breadcrumb"},"inLanguage":"da-DK","potentialAction":[{"@type":"ReadAction","target":["https:\/\/www.hostfully.com\/da\/vaekstvaerktoejer\/roi-beregner-til-guidebog-for-ferieudlejningsadministratorer\/"]}]},{"@type":"BreadcrumbList","@id":"https:\/\/www.hostfully.com\/da\/vaekstvaerktoejer\/roi-beregner-til-guidebog-for-ferieudlejningsadministratorer\/#breadcrumb","itemListElement":[{"@type":"ListItem","position":1,"name":"Home","item":"https:\/\/www.hostfully.com\/da\/"},{"@type":"ListItem","position":2,"name":"V\u00e6kstv\u00e6rkt\u00f8jer","item":"https:\/\/www.hostfully.com\/da\/vaekstvaerktoejer\/"},{"@type":"ListItem","position":3,"name":"ROI-beregner til guidebog for ferieudlejningsadministratorer"}]},{"@type":"WebSite","@id":"https:\/\/www.hostfully.com\/da\/#website","url":"https:\/\/www.hostfully.com\/da\/","name":"Hostfully","description":"Award Winning Vacation Rental Software","publisher":{"@id":"https:\/\/www.hostfully.com\/da\/#organization"},"potentialAction":[{"@type":"SearchAction","target":{"@type":"EntryPoint","urlTemplate":"https:\/\/www.hostfully.com\/da\/?s={search_term_string}"},"query-input":{"@type":"PropertyValueSpecification","valueRequired":true,"valueName":"search_term_string"}}],"inLanguage":"da-DK"},{"@type":"Organization","@id":"https:\/\/www.hostfully.com\/da\/#organization","name":"Hostfully","url":"https:\/\/www.hostfully.com\/da\/","logo":{"@type":"ImageObject","inLanguage":"da-DK","@id":"https:\/\/www.hostfully.com\/da\/#\/schema\/logo\/image\/","url":"https:\/\/www.hostfully.com\/wp-content\/uploads\/2025\/08\/Hostfully_bluecircle_isotype_R-.png","contentUrl":"https:\/\/www.hostfully.com\/wp-content\/uploads\/2025\/08\/Hostfully_bluecircle_isotype_R-.png","width":321,"height":321,"caption":"Hostfully"},"image":{"@id":"https:\/\/www.hostfully.com\/da\/#\/schema\/logo\/image\/"},"sameAs":["https:\/\/www.facebook.com\/hostfully","https:\/\/x.com\/hostfully","https:\/\/www.instagram.com\/hostfully_\/","https:\/\/www.youtube.com\/c\/Hostfully","https:\/\/www.linkedin.com\/company\/hostfully-inc-\/"]}]}},"_links":{"self":[{"href":"https:\/\/www.hostfully.com\/da\/wp-json\/wp\/v2\/pages\/105280","targetHints":{"allow":["GET"]}}],"collection":[{"href":"https:\/\/www.hostfully.com\/da\/wp-json\/wp\/v2\/pages"}],"about":[{"href":"https:\/\/www.hostfully.com\/da\/wp-json\/wp\/v2\/types\/page"}],"author":[{"embeddable":true,"href":"https:\/\/www.hostfully.com\/da\/wp-json\/wp\/v2\/users\/2"}],"replies":[{"embeddable":true,"href":"https:\/\/www.hostfully.com\/da\/wp-json\/wp\/v2\/comments?post=105280"}],"version-history":[{"count":1,"href":"https:\/\/www.hostfully.com\/da\/wp-json\/wp\/v2\/pages\/105280\/revisions"}],"predecessor-version":[{"id":105281,"href":"https:\/\/www.hostfully.com\/da\/wp-json\/wp\/v2\/pages\/105280\/revisions\/105281"}],"up":[{"embeddable":true,"href":"https:\/\/www.hostfully.com\/da\/wp-json\/wp\/v2\/pages\/104113"}],"wp:attachment":[{"href":"https:\/\/www.hostfully.com\/da\/wp-json\/wp\/v2\/media?parent=105280"}],"curies":[{"name":"wp","href":"https:\/\/api.w.org\/{rel}","templated":true}]}}