{"id":25954,"date":"2025-11-24T18:22:08","date_gmt":"2025-11-24T18:22:08","guid":{"rendered":"https:\/\/mktdev.hostfully.com\/immobilien-analyse\/"},"modified":"2026-03-24T18:55:31","modified_gmt":"2026-03-24T18:55:31","slug":"immobilien-analyse","status":"publish","type":"page","link":"https:\/\/www.hostfully.com\/de\/wachstumstools\/immobilien-analyse\/","title":{"rendered":"Immobilien-Analyse"},"content":{"rendered":"\t\t<div data-elementor-type=\"wp-page\" data-elementor-id=\"25954\" class=\"elementor elementor-25954 elementor-7830\" data-elementor-post-type=\"page\">\n\t\t\t\t<div class=\"elementor-element elementor-element-0da0995 mt-3i e-flex e-con-boxed e-con e-parent\" data-id=\"0da0995\" data-element_type=\"container\" data-e-type=\"container\">\n\t\t\t\t\t<div class=\"e-con-inner\">\n\t\t\t\t<div class=\"elementor-element elementor-element-d6e7cd6 elementor-widget elementor-widget-heading\" data-id=\"d6e7cd6\" data-element_type=\"widget\" data-e-type=\"widget\" data-widget_type=\"heading.default\">\n\t\t\t\t<div class=\"elementor-widget-container\">\n\t\t\t\t\t<h4 class=\"elementor-heading-title elementor-size-default\">Wie aussagekr\u00e4ftig sind Ihre Immobilienangebote?<\/h4>\t\t\t\t<\/div>\n\t\t\t\t<\/div>\n\t\t\t\t<div class=\"elementor-element elementor-element-0cd118f elementor-widget elementor-widget-heading\" data-id=\"0cd118f\" data-element_type=\"widget\" data-e-type=\"widget\" data-widget_type=\"heading.default\">\n\t\t\t\t<div class=\"elementor-widget-container\">\n\t\t\t\t\t<h1 class=\"elementor-heading-title elementor-size-default\">Testen Sie unser KOSTENLOSES Analyse-Tool, um es herauszufinden.<\/h1>\t\t\t\t<\/div>\n\t\t\t\t<\/div>\n\t\t\t\t<div class=\"elementor-element elementor-element-9693e19 h5 elementor-widget elementor-widget-text-editor\" data-id=\"9693e19\" data-element_type=\"widget\" data-e-type=\"widget\" data-widget_type=\"text-editor.default\">\n\t\t\t\t<div class=\"elementor-widget-container\">\n\t\t\t\t\t\t\t\t\t<p>Der Immobilien-Analysator von Hostfully hilft Ferienwohnungsverwaltern, ihre Immobilienangebote zu identifizieren und zu verbessern, um eine optimale Wirkung zu erzielen.<\/p>\t\t\t\t\t\t\t\t<\/div>\n\t\t\t\t<\/div>\n\t\t\t\t<div class=\"elementor-element elementor-element-372da03 elementor-widget elementor-widget-text-editor\" data-id=\"372da03\" data-element_type=\"widget\" data-e-type=\"widget\" data-widget_type=\"text-editor.default\">\n\t\t\t\t<div class=\"elementor-widget-container\">\n\t\t\t\t\t\t\t\t\t<p>Geben Sie Ihre Immobilienangebots-URL ein, w\u00e4hlen Sie alle f\u00fcr Sie wichtigen Metriken aus und erhalten Sie sofortige und teilbare Bewertungen und Empfehlungen! *Hinweis: Der Property Listing Analyzer kann jeweils nur eine Immobilie analysieren. F\u00fcr die genauesten Ergebnisse geben Sie einen einzelnen Immobilienlink an.<\/p>\t\t\t\t\t\t\t\t<\/div>\n\t\t\t\t<\/div>\n\t\t\t\t\t<\/div>\n\t\t\t\t<\/div>\n\t\t<div class=\"elementor-element elementor-element-62d3059 my-4i e-flex e-con-boxed e-con e-parent\" data-id=\"62d3059\" data-element_type=\"container\" data-e-type=\"container\">\n\t\t\t\t\t<div class=\"e-con-inner\">\n\t\t\t\t<div class=\"elementor-element elementor-element-4e1c6f6 elementor-widget elementor-widget-html\" data-id=\"4e1c6f6\" data-element_type=\"widget\" data-e-type=\"widget\" data-widget_type=\"html.default\">\n\t\t\t\t<div class=\"elementor-widget-container\">\n\t\t\t\t\t<div id=\"hf-analyzer-container\">\n  <iframe id=\"hf-analyzer\" data-base-src=\"https:\/\/tools.hostfully.com\/embed\" src=\"https:\/\/tools.hostfully.com\/embed?embed=1\" style=\"width:100%;border:none;min-height:400px;background:transparent\" title=\"Hostfully Direktbuchungs-Analyse\">\n  <\/iframe>\n\n  <script>\n        (function () {\n          var i = document.getElementById('hf-analyzer');\n          if (!i) return;\n        \n          var supported = ['en', 'es', 'fr', 'pt'];\n          var lang = (\n            typeof window.wpml_current_language === 'string'\n              ? window.wpml_current_language\n              : (document.documentElement.lang || '')\n          ).toLowerCase().split('-')[0];\n          if (supported.indexOf(lang) === -1) lang = 'en';\n        \n          var base = i.dataset.baseSrc || i.getAttribute('src');\n          try {\n            var u = new URL(base, window.location.href);\n            u.searchParams.set('embed','1');\n            u.searchParams.set('lang', lang);\n            i.src = u.toString();\n          } catch (e) {\n            i.src = base + (base.indexOf('?') === -1 ? '?' : '&') + 'embed=1&lang=' + lang;\n          }\n        \n          \/\/ Resize\n          var h = 0, origin;\n          try { origin = new URL(i.src, window.location.href).origin; }\n          catch (_) { origin = 'https:\/\/tools.hostfully.com'; }\n        \n          window.addEventListener('message', function (ev) {\n            if (ev.origin !== origin) return;\n            var d = ev.data;\n            if (d && d.type === 'resize' && typeof d.height === 'number' && d.height > 0) {\n              var n = d.height;\n              if (Math.abs(n - h) > 5) { i.style.height = n + 'px'; h = n; }\n            }\n          });\n        })();\n    <\/script>\n<\/div>\n\t\t\t\t<\/div>\n\t\t\t\t<\/div>\n\t\t\t\t\t<\/div>\n\t\t\t\t<\/div>\n\t\t\t\t<\/div>\n\t\t","protected":false},"excerpt":{"rendered":"<p>Wie aussagekr\u00e4ftig sind Ihre Immobilienangebote? Testen Sie unser KOSTENLOSES Analyse-Tool, um es herauszufinden. Der Immobilien-Analysator von Hostfully hilft Ferienwohnungsverwaltern, ihre Immobilienangebote zu identifizieren und zu verbessern, um eine optimale Wirkung zu erzielen. Geben Sie Ihre Immobilienangebots-URL ein, w\u00e4hlen Sie alle f\u00fcr Sie wichtigen Metriken aus und erhalten Sie sofortige und teilbare Bewertungen und Empfehlungen! *Hinweis: [&hellip;]<\/p>\n","protected":false},"author":2,"featured_media":0,"parent":26013,"menu_order":0,"comment_status":"closed","ping_status":"closed","template":"","meta":{"footnotes":""},"class_list":["post-25954","page","type-page","status-publish","hentry"],"yoast_head":"<!-- This site is optimized with the Yoast SEO Premium plugin v27.3 (Yoast SEO v27.3) - https:\/\/yoast.com\/product\/yoast-seo-premium-wordpress\/ -->\n<title>Immobilien-Analyse | Hostfully<\/title>\n<meta name=\"description\" content=\"Wie aussagekr\u00e4ftig ist Ihr Inserat? Nutzen Sie unseren kostenlosen Property Analyzer, um sofortige Bewertungen und ma\u00dfgeschneiderte Vorschl\u00e4ge zur Steigerung Ihrer Buchungen zu erhalten.\" \/>\n<meta name=\"robots\" content=\"index, follow, max-snippet:-1, max-image-preview:large, max-video-preview:-1\" \/>\n<link rel=\"canonical\" href=\"https:\/\/www.hostfully.com\/de\/wachstumstools\/immobilien-analyse\/\" \/>\n<meta property=\"og:locale\" content=\"de_DE\" \/>\n<meta property=\"og:type\" content=\"article\" \/>\n<meta property=\"og:title\" content=\"Immobilien-Analyse\" \/>\n<meta property=\"og:description\" content=\"Wie aussagekr\u00e4ftig ist Ihr Inserat? Nutzen Sie unseren kostenlosen Property Analyzer, um sofortige Bewertungen und ma\u00dfgeschneiderte Vorschl\u00e4ge zur Steigerung Ihrer Buchungen zu erhalten.\" \/>\n<meta property=\"og:url\" content=\"https:\/\/www.hostfully.com\/de\/wachstumstools\/immobilien-analyse\/\" \/>\n<meta property=\"og:site_name\" content=\"Hostfully\" \/>\n<meta property=\"article:publisher\" content=\"https:\/\/www.facebook.com\/hostfully\" \/>\n<meta property=\"article:modified_time\" content=\"2026-03-24T18:55:31+00:00\" \/>\n<meta name=\"twitter:card\" content=\"summary_large_image\" \/>\n<meta name=\"twitter:site\" content=\"@hostfully\" \/>\n<script type=\"application\/ld+json\" class=\"yoast-schema-graph\">{\"@context\":\"https:\\\/\\\/schema.org\",\"@graph\":[{\"@type\":\"WebPage\",\"@id\":\"https:\\\/\\\/www.hostfully.com\\\/de\\\/wachstumstools\\\/immobilien-analyse\\\/\",\"url\":\"https:\\\/\\\/www.hostfully.com\\\/de\\\/wachstumstools\\\/immobilien-analyse\\\/\",\"name\":\"Immobilien-Analyse | Hostfully\",\"isPartOf\":{\"@id\":\"https:\\\/\\\/www.hostfully.com\\\/de\\\/#website\"},\"datePublished\":\"2025-11-24T18:22:08+00:00\",\"dateModified\":\"2026-03-24T18:55:31+00:00\",\"description\":\"Wie aussagekr\u00e4ftig ist Ihr Inserat? Nutzen Sie unseren kostenlosen Property Analyzer, um sofortige Bewertungen und ma\u00dfgeschneiderte Vorschl\u00e4ge zur Steigerung Ihrer Buchungen zu erhalten.\",\"breadcrumb\":{\"@id\":\"https:\\\/\\\/www.hostfully.com\\\/de\\\/wachstumstools\\\/immobilien-analyse\\\/#breadcrumb\"},\"inLanguage\":\"de\",\"potentialAction\":[{\"@type\":\"ReadAction\",\"target\":[\"https:\\\/\\\/www.hostfully.com\\\/de\\\/wachstumstools\\\/immobilien-analyse\\\/\"]}]},{\"@type\":\"BreadcrumbList\",\"@id\":\"https:\\\/\\\/www.hostfully.com\\\/de\\\/wachstumstools\\\/immobilien-analyse\\\/#breadcrumb\",\"itemListElement\":[{\"@type\":\"ListItem\",\"position\":1,\"name\":\"Home\",\"item\":\"https:\\\/\\\/www.hostfully.com\\\/de\\\/\"},{\"@type\":\"ListItem\",\"position\":2,\"name\":\"Wachstumstools\",\"item\":\"https:\\\/\\\/www.hostfully.com\\\/de\\\/wachstumstools\\\/\"},{\"@type\":\"ListItem\",\"position\":3,\"name\":\"Immobilien-Analyse\"}]},{\"@type\":\"WebSite\",\"@id\":\"https:\\\/\\\/www.hostfully.com\\\/de\\\/#website\",\"url\":\"https:\\\/\\\/www.hostfully.com\\\/de\\\/\",\"name\":\"Hostfully\",\"description\":\"Award Winning Vacation Rental Software\",\"publisher\":{\"@id\":\"https:\\\/\\\/www.hostfully.com\\\/de\\\/#organization\"},\"potentialAction\":[{\"@type\":\"SearchAction\",\"target\":{\"@type\":\"EntryPoint\",\"urlTemplate\":\"https:\\\/\\\/www.hostfully.com\\\/de\\\/?s={search_term_string}\"},\"query-input\":{\"@type\":\"PropertyValueSpecification\",\"valueRequired\":true,\"valueName\":\"search_term_string\"}}],\"inLanguage\":\"de\"},{\"@type\":\"Organization\",\"@id\":\"https:\\\/\\\/www.hostfully.com\\\/de\\\/#organization\",\"name\":\"Hostfully\",\"url\":\"https:\\\/\\\/www.hostfully.com\\\/de\\\/\",\"logo\":{\"@type\":\"ImageObject\",\"inLanguage\":\"de\",\"@id\":\"https:\\\/\\\/www.hostfully.com\\\/de\\\/#\\\/schema\\\/logo\\\/image\\\/\",\"url\":\"https:\\\/\\\/www.hostfully.com\\\/wp-content\\\/uploads\\\/2025\\\/08\\\/Hostfully_bluecircle_isotype_R-.png\",\"contentUrl\":\"https:\\\/\\\/www.hostfully.com\\\/wp-content\\\/uploads\\\/2025\\\/08\\\/Hostfully_bluecircle_isotype_R-.png\",\"width\":321,\"height\":321,\"caption\":\"Hostfully\"},\"image\":{\"@id\":\"https:\\\/\\\/www.hostfully.com\\\/de\\\/#\\\/schema\\\/logo\\\/image\\\/\"},\"sameAs\":[\"https:\\\/\\\/www.facebook.com\\\/hostfully\",\"https:\\\/\\\/x.com\\\/hostfully\",\"https:\\\/\\\/www.instagram.com\\\/hostfully_\\\/\",\"https:\\\/\\\/www.youtube.com\\\/c\\\/Hostfully\",\"https:\\\/\\\/www.linkedin.com\\\/company\\\/hostfully-inc-\\\/\"]}]}<\/script>\n<!-- \/ Yoast SEO Premium plugin. -->","yoast_head_json":{"title":"Immobilien-Analyse | Hostfully","description":"Wie aussagekr\u00e4ftig ist Ihr Inserat? Nutzen Sie unseren kostenlosen Property Analyzer, um sofortige Bewertungen und ma\u00dfgeschneiderte Vorschl\u00e4ge zur Steigerung Ihrer Buchungen zu erhalten.","robots":{"index":"index","follow":"follow","max-snippet":"max-snippet:-1","max-image-preview":"max-image-preview:large","max-video-preview":"max-video-preview:-1"},"canonical":"https:\/\/www.hostfully.com\/de\/wachstumstools\/immobilien-analyse\/","og_locale":"de_DE","og_type":"article","og_title":"Immobilien-Analyse","og_description":"Wie aussagekr\u00e4ftig ist Ihr Inserat? Nutzen Sie unseren kostenlosen Property Analyzer, um sofortige Bewertungen und ma\u00dfgeschneiderte Vorschl\u00e4ge zur Steigerung Ihrer Buchungen zu erhalten.","og_url":"https:\/\/www.hostfully.com\/de\/wachstumstools\/immobilien-analyse\/","og_site_name":"Hostfully","article_publisher":"https:\/\/www.facebook.com\/hostfully","article_modified_time":"2026-03-24T18:55:31+00:00","twitter_card":"summary_large_image","twitter_site":"@hostfully","schema":{"@context":"https:\/\/schema.org","@graph":[{"@type":"WebPage","@id":"https:\/\/www.hostfully.com\/de\/wachstumstools\/immobilien-analyse\/","url":"https:\/\/www.hostfully.com\/de\/wachstumstools\/immobilien-analyse\/","name":"Immobilien-Analyse | Hostfully","isPartOf":{"@id":"https:\/\/www.hostfully.com\/de\/#website"},"datePublished":"2025-11-24T18:22:08+00:00","dateModified":"2026-03-24T18:55:31+00:00","description":"Wie aussagekr\u00e4ftig ist Ihr Inserat? Nutzen Sie unseren kostenlosen Property Analyzer, um sofortige Bewertungen und ma\u00dfgeschneiderte Vorschl\u00e4ge zur Steigerung Ihrer Buchungen zu erhalten.","breadcrumb":{"@id":"https:\/\/www.hostfully.com\/de\/wachstumstools\/immobilien-analyse\/#breadcrumb"},"inLanguage":"de","potentialAction":[{"@type":"ReadAction","target":["https:\/\/www.hostfully.com\/de\/wachstumstools\/immobilien-analyse\/"]}]},{"@type":"BreadcrumbList","@id":"https:\/\/www.hostfully.com\/de\/wachstumstools\/immobilien-analyse\/#breadcrumb","itemListElement":[{"@type":"ListItem","position":1,"name":"Home","item":"https:\/\/www.hostfully.com\/de\/"},{"@type":"ListItem","position":2,"name":"Wachstumstools","item":"https:\/\/www.hostfully.com\/de\/wachstumstools\/"},{"@type":"ListItem","position":3,"name":"Immobilien-Analyse"}]},{"@type":"WebSite","@id":"https:\/\/www.hostfully.com\/de\/#website","url":"https:\/\/www.hostfully.com\/de\/","name":"Hostfully","description":"Award Winning Vacation Rental Software","publisher":{"@id":"https:\/\/www.hostfully.com\/de\/#organization"},"potentialAction":[{"@type":"SearchAction","target":{"@type":"EntryPoint","urlTemplate":"https:\/\/www.hostfully.com\/de\/?s={search_term_string}"},"query-input":{"@type":"PropertyValueSpecification","valueRequired":true,"valueName":"search_term_string"}}],"inLanguage":"de"},{"@type":"Organization","@id":"https:\/\/www.hostfully.com\/de\/#organization","name":"Hostfully","url":"https:\/\/www.hostfully.com\/de\/","logo":{"@type":"ImageObject","inLanguage":"de","@id":"https:\/\/www.hostfully.com\/de\/#\/schema\/logo\/image\/","url":"https:\/\/www.hostfully.com\/wp-content\/uploads\/2025\/08\/Hostfully_bluecircle_isotype_R-.png","contentUrl":"https:\/\/www.hostfully.com\/wp-content\/uploads\/2025\/08\/Hostfully_bluecircle_isotype_R-.png","width":321,"height":321,"caption":"Hostfully"},"image":{"@id":"https:\/\/www.hostfully.com\/de\/#\/schema\/logo\/image\/"},"sameAs":["https:\/\/www.facebook.com\/hostfully","https:\/\/x.com\/hostfully","https:\/\/www.instagram.com\/hostfully_\/","https:\/\/www.youtube.com\/c\/Hostfully","https:\/\/www.linkedin.com\/company\/hostfully-inc-\/"]}]}},"_links":{"self":[{"href":"https:\/\/www.hostfully.com\/de\/wp-json\/wp\/v2\/pages\/25954","targetHints":{"allow":["GET"]}}],"collection":[{"href":"https:\/\/www.hostfully.com\/de\/wp-json\/wp\/v2\/pages"}],"about":[{"href":"https:\/\/www.hostfully.com\/de\/wp-json\/wp\/v2\/types\/page"}],"author":[{"embeddable":true,"href":"https:\/\/www.hostfully.com\/de\/wp-json\/wp\/v2\/users\/2"}],"replies":[{"embeddable":true,"href":"https:\/\/www.hostfully.com\/de\/wp-json\/wp\/v2\/comments?post=25954"}],"version-history":[{"count":2,"href":"https:\/\/www.hostfully.com\/de\/wp-json\/wp\/v2\/pages\/25954\/revisions"}],"predecessor-version":[{"id":48049,"href":"https:\/\/www.hostfully.com\/de\/wp-json\/wp\/v2\/pages\/25954\/revisions\/48049"}],"up":[{"embeddable":true,"href":"https:\/\/www.hostfully.com\/de\/wp-json\/wp\/v2\/pages\/26013"}],"wp:attachment":[{"href":"https:\/\/www.hostfully.com\/de\/wp-json\/wp\/v2\/media?parent=25954"}],"curies":[{"name":"wp","href":"https:\/\/api.w.org\/{rel}","templated":true}]}}