{"id":25964,"date":"2025-11-24T18:39:33","date_gmt":"2025-11-24T18:39:33","guid":{"rendered":"https:\/\/mktdev.hostfully.com\/roi-rechner-fuer-reisefuehrer-fuer-ferienwohnungsverwalter\/"},"modified":"2026-02-19T13:28:36","modified_gmt":"2026-02-19T13:28:36","slug":"roi-rechner-fuer-reisefuehrer-fuer-ferienwohnungsverwalter","status":"publish","type":"page","link":"https:\/\/www.hostfully.com\/de\/wachstumstools\/roi-rechner-fuer-reisefuehrer-fuer-ferienwohnungsverwalter\/","title":{"rendered":"ROI-Rechner f\u00fcr Reisef\u00fchrer f\u00fcr Ferienwohnungsverwalter"},"content":{"rendered":"\t\t<div data-elementor-type=\"wp-page\" data-elementor-id=\"25964\" class=\"elementor elementor-25964 elementor-7852\" data-elementor-post-type=\"page\">\n\t\t\t\t<div class=\"elementor-element elementor-element-871fe64 e-con-full my-4i br-50i e-flex e-con e-parent\" data-id=\"871fe64\" data-element_type=\"container\" data-e-type=\"container\" data-settings=\"{&quot;background_background&quot;:&quot;classic&quot;}\">\n\t\t<div class=\"elementor-element elementor-element-117bba5 e-con-full e-flex e-con e-child\" data-id=\"117bba5\" data-element_type=\"container\" data-e-type=\"container\">\n\t\t\t\t<div class=\"elementor-element elementor-element-616687e elementor-widget elementor-widget-html\" data-id=\"616687e\" data-element_type=\"widget\" data-e-type=\"widget\" data-widget_type=\"html.default\">\n\t\t\t\t<div class=\"elementor-widget-container\">\n\t\t\t\t\t<div>\r\n<div class=\"op-interactive\" id=\"5d5d57ea37157d329c45457d\" data-url=\"https:\/\/hostfully.outgrow.us\/5d5d57ea37157d329c45457d?vHeight=1\" data-width=\"100%\">&nbsp;<\/div>\r\n<script src=\"\/\/dyv6f9ner1ir9.cloudfront.net\/assets\/js\/nloader.js\"><\/script>\r\n<script>initIframe('5d5d57ea37157d329c45457d');<\/script>\r\n<\/div>\t\t\t\t<\/div>\n\t\t\t\t<\/div>\n\t\t\t\t<\/div>\n\t\t\t\t<\/div>\n\t\t<div class=\"elementor-element elementor-element-aa4c80b e-flex e-con-boxed e-con e-parent\" data-id=\"aa4c80b\" data-element_type=\"container\" data-e-type=\"container\">\n\t\t\t\t\t<div class=\"e-con-inner\">\n\t\t\t\t<div class=\"elementor-element elementor-element-4b300ce elementor-widget elementor-widget-text-editor\" data-id=\"4b300ce\" data-element_type=\"widget\" data-e-type=\"widget\" data-widget_type=\"text-editor.default\">\n\t\t\t\t<div class=\"elementor-widget-container\">\n\t\t\t\t\t\t\t\t\tDie Nutzung digitaler Reisef\u00fchrer in der Ferienvermietungsbranche nimmt deutlich zu. Reisef\u00fchrer erm\u00f6glichen es Verwaltern und Eigent\u00fcmern, das Reiseerlebnis durch lokale Empfehlungen weiter zu personalisieren.\n\nReisef\u00fchrer erlauben es Verwaltern von Ferienunterk\u00fcnften zudem, ihren G\u00e4sten essenzielle Informationen bereitzustellen, das G\u00e4steerlebnis zu verbessern und Zeit zu sparen, da alle Informationen auf einer leicht zug\u00e4nglichen Plattform verf\u00fcgbar sind. Dies reduziert G\u00e4stebeschwerden und spart dem Personal und den Verwaltern Zeit bei der Beantwortung h\u00e4ufiger Fragen.\t\t\t\t\t\t\t\t<\/div>\n\t\t\t\t<\/div>\n\t\t\t\t\t<\/div>\n\t\t\t\t<\/div>\n\t\t\t\t<\/div>\n\t\t","protected":false},"excerpt":{"rendered":"<p>&nbsp; Die Nutzung digitaler Reisef\u00fchrer in der Ferienvermietungsbranche nimmt deutlich zu. Reisef\u00fchrer erm\u00f6glichen es Verwaltern und Eigent\u00fcmern, das Reiseerlebnis durch lokale Empfehlungen weiter zu personalisieren. Reisef\u00fchrer erlauben es Verwaltern von Ferienunterk\u00fcnften zudem, ihren G\u00e4sten essenzielle Informationen bereitzustellen, das G\u00e4steerlebnis zu verbessern und Zeit zu sparen, da alle Informationen auf einer leicht zug\u00e4nglichen Plattform verf\u00fcgbar sind. [&hellip;]<\/p>\n","protected":false},"author":2,"featured_media":0,"parent":26013,"menu_order":0,"comment_status":"closed","ping_status":"closed","template":"","meta":{"footnotes":""},"class_list":["post-25964","page","type-page","status-publish","hentry"],"yoast_head":"<!-- This site is optimized with the Yoast SEO Premium plugin v27.3 (Yoast SEO v27.3) - https:\/\/yoast.com\/product\/yoast-seo-premium-wordpress\/ -->\n<title>ROI-Rechner f\u00fcr Reisef\u00fchrer f\u00fcr Ferienwohnungsverwalter | Hostfully<\/title>\n<meta name=\"description\" content=\"Berechnen Sie mit unserem kostenlosen Tool die Auswirkungen, die ein digitaler Reisef\u00fchrer auf Ihr Unternehmen haben wird. Erhalten Sie praxisnahe Einblicke, um den G\u00e4stewert und Ihre Gewinne zu maximieren.\" \/>\n<meta name=\"robots\" content=\"index, follow, max-snippet:-1, max-image-preview:large, max-video-preview:-1\" \/>\n<link rel=\"canonical\" href=\"https:\/\/www.hostfully.com\/de\/wachstumstools\/roi-rechner-fuer-reisefuehrer-fuer-ferienwohnungsverwalter\/\" \/>\n<meta property=\"og:locale\" content=\"de_DE\" \/>\n<meta property=\"og:type\" content=\"article\" \/>\n<meta property=\"og:title\" content=\"ROI-Rechner f\u00fcr Reisef\u00fchrer f\u00fcr Ferienwohnungsverwalter\" \/>\n<meta property=\"og:description\" content=\"Berechnen Sie mit unserem kostenlosen Tool die Auswirkungen, die ein digitaler Reisef\u00fchrer auf Ihr Unternehmen haben wird. Erhalten Sie praxisnahe Einblicke, um den G\u00e4stewert und Ihre Gewinne zu maximieren.\" \/>\n<meta property=\"og:url\" content=\"https:\/\/www.hostfully.com\/de\/wachstumstools\/roi-rechner-fuer-reisefuehrer-fuer-ferienwohnungsverwalter\/\" \/>\n<meta property=\"og:site_name\" content=\"Hostfully\" \/>\n<meta property=\"article:publisher\" content=\"https:\/\/www.facebook.com\/hostfully\" \/>\n<meta property=\"article:modified_time\" content=\"2026-02-19T13:28:36+00:00\" \/>\n<meta name=\"twitter:card\" content=\"summary_large_image\" \/>\n<meta name=\"twitter:site\" content=\"@hostfully\" \/>\n<script type=\"application\/ld+json\" class=\"yoast-schema-graph\">{\"@context\":\"https:\\\/\\\/schema.org\",\"@graph\":[{\"@type\":\"WebPage\",\"@id\":\"https:\\\/\\\/www.hostfully.com\\\/de\\\/wachstumstools\\\/roi-rechner-fuer-reisefuehrer-fuer-ferienwohnungsverwalter\\\/\",\"url\":\"https:\\\/\\\/www.hostfully.com\\\/de\\\/wachstumstools\\\/roi-rechner-fuer-reisefuehrer-fuer-ferienwohnungsverwalter\\\/\",\"name\":\"ROI-Rechner f\u00fcr Reisef\u00fchrer f\u00fcr Ferienwohnungsverwalter | Hostfully\",\"isPartOf\":{\"@id\":\"https:\\\/\\\/www.hostfully.com\\\/de\\\/#website\"},\"datePublished\":\"2025-11-24T18:39:33+00:00\",\"dateModified\":\"2026-02-19T13:28:36+00:00\",\"description\":\"Berechnen Sie mit unserem kostenlosen Tool die Auswirkungen, die ein digitaler Reisef\u00fchrer auf Ihr Unternehmen haben wird. Erhalten Sie praxisnahe Einblicke, um den G\u00e4stewert und Ihre Gewinne zu maximieren.\",\"breadcrumb\":{\"@id\":\"https:\\\/\\\/www.hostfully.com\\\/de\\\/wachstumstools\\\/roi-rechner-fuer-reisefuehrer-fuer-ferienwohnungsverwalter\\\/#breadcrumb\"},\"inLanguage\":\"de\",\"potentialAction\":[{\"@type\":\"ReadAction\",\"target\":[\"https:\\\/\\\/www.hostfully.com\\\/de\\\/wachstumstools\\\/roi-rechner-fuer-reisefuehrer-fuer-ferienwohnungsverwalter\\\/\"]}]},{\"@type\":\"BreadcrumbList\",\"@id\":\"https:\\\/\\\/www.hostfully.com\\\/de\\\/wachstumstools\\\/roi-rechner-fuer-reisefuehrer-fuer-ferienwohnungsverwalter\\\/#breadcrumb\",\"itemListElement\":[{\"@type\":\"ListItem\",\"position\":1,\"name\":\"Home\",\"item\":\"https:\\\/\\\/www.hostfully.com\\\/de\\\/\"},{\"@type\":\"ListItem\",\"position\":2,\"name\":\"Wachstumstools\",\"item\":\"https:\\\/\\\/www.hostfully.com\\\/de\\\/wachstumstools\\\/\"},{\"@type\":\"ListItem\",\"position\":3,\"name\":\"ROI-Rechner f\u00fcr Reisef\u00fchrer f\u00fcr Ferienwohnungsverwalter\"}]},{\"@type\":\"WebSite\",\"@id\":\"https:\\\/\\\/www.hostfully.com\\\/de\\\/#website\",\"url\":\"https:\\\/\\\/www.hostfully.com\\\/de\\\/\",\"name\":\"Hostfully\",\"description\":\"Award Winning Vacation Rental Software\",\"publisher\":{\"@id\":\"https:\\\/\\\/www.hostfully.com\\\/de\\\/#organization\"},\"potentialAction\":[{\"@type\":\"SearchAction\",\"target\":{\"@type\":\"EntryPoint\",\"urlTemplate\":\"https:\\\/\\\/www.hostfully.com\\\/de\\\/?s={search_term_string}\"},\"query-input\":{\"@type\":\"PropertyValueSpecification\",\"valueRequired\":true,\"valueName\":\"search_term_string\"}}],\"inLanguage\":\"de\"},{\"@type\":\"Organization\",\"@id\":\"https:\\\/\\\/www.hostfully.com\\\/de\\\/#organization\",\"name\":\"Hostfully\",\"url\":\"https:\\\/\\\/www.hostfully.com\\\/de\\\/\",\"logo\":{\"@type\":\"ImageObject\",\"inLanguage\":\"de\",\"@id\":\"https:\\\/\\\/www.hostfully.com\\\/de\\\/#\\\/schema\\\/logo\\\/image\\\/\",\"url\":\"https:\\\/\\\/www.hostfully.com\\\/wp-content\\\/uploads\\\/2025\\\/08\\\/Hostfully_bluecircle_isotype_R-.png\",\"contentUrl\":\"https:\\\/\\\/www.hostfully.com\\\/wp-content\\\/uploads\\\/2025\\\/08\\\/Hostfully_bluecircle_isotype_R-.png\",\"width\":321,\"height\":321,\"caption\":\"Hostfully\"},\"image\":{\"@id\":\"https:\\\/\\\/www.hostfully.com\\\/de\\\/#\\\/schema\\\/logo\\\/image\\\/\"},\"sameAs\":[\"https:\\\/\\\/www.facebook.com\\\/hostfully\",\"https:\\\/\\\/x.com\\\/hostfully\",\"https:\\\/\\\/www.instagram.com\\\/hostfully_\\\/\",\"https:\\\/\\\/www.youtube.com\\\/c\\\/Hostfully\",\"https:\\\/\\\/www.linkedin.com\\\/company\\\/hostfully-inc-\\\/\"]}]}<\/script>\n<!-- \/ Yoast SEO Premium plugin. -->","yoast_head_json":{"title":"ROI-Rechner f\u00fcr Reisef\u00fchrer f\u00fcr Ferienwohnungsverwalter | Hostfully","description":"Berechnen Sie mit unserem kostenlosen Tool die Auswirkungen, die ein digitaler Reisef\u00fchrer auf Ihr Unternehmen haben wird. Erhalten Sie praxisnahe Einblicke, um den G\u00e4stewert und Ihre Gewinne zu maximieren.","robots":{"index":"index","follow":"follow","max-snippet":"max-snippet:-1","max-image-preview":"max-image-preview:large","max-video-preview":"max-video-preview:-1"},"canonical":"https:\/\/www.hostfully.com\/de\/wachstumstools\/roi-rechner-fuer-reisefuehrer-fuer-ferienwohnungsverwalter\/","og_locale":"de_DE","og_type":"article","og_title":"ROI-Rechner f\u00fcr Reisef\u00fchrer f\u00fcr Ferienwohnungsverwalter","og_description":"Berechnen Sie mit unserem kostenlosen Tool die Auswirkungen, die ein digitaler Reisef\u00fchrer auf Ihr Unternehmen haben wird. Erhalten Sie praxisnahe Einblicke, um den G\u00e4stewert und Ihre Gewinne zu maximieren.","og_url":"https:\/\/www.hostfully.com\/de\/wachstumstools\/roi-rechner-fuer-reisefuehrer-fuer-ferienwohnungsverwalter\/","og_site_name":"Hostfully","article_publisher":"https:\/\/www.facebook.com\/hostfully","article_modified_time":"2026-02-19T13:28:36+00:00","twitter_card":"summary_large_image","twitter_site":"@hostfully","schema":{"@context":"https:\/\/schema.org","@graph":[{"@type":"WebPage","@id":"https:\/\/www.hostfully.com\/de\/wachstumstools\/roi-rechner-fuer-reisefuehrer-fuer-ferienwohnungsverwalter\/","url":"https:\/\/www.hostfully.com\/de\/wachstumstools\/roi-rechner-fuer-reisefuehrer-fuer-ferienwohnungsverwalter\/","name":"ROI-Rechner f\u00fcr Reisef\u00fchrer f\u00fcr Ferienwohnungsverwalter | Hostfully","isPartOf":{"@id":"https:\/\/www.hostfully.com\/de\/#website"},"datePublished":"2025-11-24T18:39:33+00:00","dateModified":"2026-02-19T13:28:36+00:00","description":"Berechnen Sie mit unserem kostenlosen Tool die Auswirkungen, die ein digitaler Reisef\u00fchrer auf Ihr Unternehmen haben wird. Erhalten Sie praxisnahe Einblicke, um den G\u00e4stewert und Ihre Gewinne zu maximieren.","breadcrumb":{"@id":"https:\/\/www.hostfully.com\/de\/wachstumstools\/roi-rechner-fuer-reisefuehrer-fuer-ferienwohnungsverwalter\/#breadcrumb"},"inLanguage":"de","potentialAction":[{"@type":"ReadAction","target":["https:\/\/www.hostfully.com\/de\/wachstumstools\/roi-rechner-fuer-reisefuehrer-fuer-ferienwohnungsverwalter\/"]}]},{"@type":"BreadcrumbList","@id":"https:\/\/www.hostfully.com\/de\/wachstumstools\/roi-rechner-fuer-reisefuehrer-fuer-ferienwohnungsverwalter\/#breadcrumb","itemListElement":[{"@type":"ListItem","position":1,"name":"Home","item":"https:\/\/www.hostfully.com\/de\/"},{"@type":"ListItem","position":2,"name":"Wachstumstools","item":"https:\/\/www.hostfully.com\/de\/wachstumstools\/"},{"@type":"ListItem","position":3,"name":"ROI-Rechner f\u00fcr Reisef\u00fchrer f\u00fcr Ferienwohnungsverwalter"}]},{"@type":"WebSite","@id":"https:\/\/www.hostfully.com\/de\/#website","url":"https:\/\/www.hostfully.com\/de\/","name":"Hostfully","description":"Award Winning Vacation Rental Software","publisher":{"@id":"https:\/\/www.hostfully.com\/de\/#organization"},"potentialAction":[{"@type":"SearchAction","target":{"@type":"EntryPoint","urlTemplate":"https:\/\/www.hostfully.com\/de\/?s={search_term_string}"},"query-input":{"@type":"PropertyValueSpecification","valueRequired":true,"valueName":"search_term_string"}}],"inLanguage":"de"},{"@type":"Organization","@id":"https:\/\/www.hostfully.com\/de\/#organization","name":"Hostfully","url":"https:\/\/www.hostfully.com\/de\/","logo":{"@type":"ImageObject","inLanguage":"de","@id":"https:\/\/www.hostfully.com\/de\/#\/schema\/logo\/image\/","url":"https:\/\/www.hostfully.com\/wp-content\/uploads\/2025\/08\/Hostfully_bluecircle_isotype_R-.png","contentUrl":"https:\/\/www.hostfully.com\/wp-content\/uploads\/2025\/08\/Hostfully_bluecircle_isotype_R-.png","width":321,"height":321,"caption":"Hostfully"},"image":{"@id":"https:\/\/www.hostfully.com\/de\/#\/schema\/logo\/image\/"},"sameAs":["https:\/\/www.facebook.com\/hostfully","https:\/\/x.com\/hostfully","https:\/\/www.instagram.com\/hostfully_\/","https:\/\/www.youtube.com\/c\/Hostfully","https:\/\/www.linkedin.com\/company\/hostfully-inc-\/"]}]}},"_links":{"self":[{"href":"https:\/\/www.hostfully.com\/de\/wp-json\/wp\/v2\/pages\/25964","targetHints":{"allow":["GET"]}}],"collection":[{"href":"https:\/\/www.hostfully.com\/de\/wp-json\/wp\/v2\/pages"}],"about":[{"href":"https:\/\/www.hostfully.com\/de\/wp-json\/wp\/v2\/types\/page"}],"author":[{"embeddable":true,"href":"https:\/\/www.hostfully.com\/de\/wp-json\/wp\/v2\/users\/2"}],"replies":[{"embeddable":true,"href":"https:\/\/www.hostfully.com\/de\/wp-json\/wp\/v2\/comments?post=25964"}],"version-history":[{"count":2,"href":"https:\/\/www.hostfully.com\/de\/wp-json\/wp\/v2\/pages\/25964\/revisions"}],"predecessor-version":[{"id":72631,"href":"https:\/\/www.hostfully.com\/de\/wp-json\/wp\/v2\/pages\/25964\/revisions\/72631"}],"up":[{"embeddable":true,"href":"https:\/\/www.hostfully.com\/de\/wp-json\/wp\/v2\/pages\/26013"}],"wp:attachment":[{"href":"https:\/\/www.hostfully.com\/de\/wp-json\/wp\/v2\/media?parent=25964"}],"curies":[{"name":"wp","href":"https:\/\/api.w.org\/{rel}","templated":true}]}}