{"id":25970,"date":"2025-11-24T18:33:34","date_gmt":"2025-11-24T18:33:34","guid":{"rendered":"https:\/\/mktdev.hostfully.com\/quiz-zur-ueberpruefung-der-gesundheit-ihres-ferienwohnungsvermietungsgeschaefts\/"},"modified":"2026-02-19T13:32:14","modified_gmt":"2026-02-19T13:32:14","slug":"quiz-zur-ueberpruefung-der-gesundheit-ihres-ferienwohnungsvermietungsgeschaefts","status":"publish","type":"page","link":"https:\/\/www.hostfully.com\/de\/wachstumstools\/quiz-zur-ueberpruefung-der-gesundheit-ihres-ferienwohnungsvermietungsgeschaefts\/","title":{"rendered":"Quiz zur \u00dcberpr\u00fcfung der Gesundheit Ihres Ferienwohnungsvermietungsgesch\u00e4fts"},"content":{"rendered":"\t\t<div data-elementor-type=\"wp-page\" data-elementor-id=\"25970\" class=\"elementor elementor-25970 elementor-7841\" data-elementor-post-type=\"page\">\n\t\t\t\t<div class=\"elementor-element elementor-element-faaf74c e-con-full my-4i br-50i e-flex e-con e-parent\" data-id=\"faaf74c\" data-element_type=\"container\" data-e-type=\"container\" data-settings=\"{&quot;background_background&quot;:&quot;classic&quot;}\">\n\t\t<div class=\"elementor-element elementor-element-982f6b2 e-con-full e-flex e-con e-child\" data-id=\"982f6b2\" data-element_type=\"container\" data-e-type=\"container\">\n\t\t\t\t<div class=\"elementor-element elementor-element-4a70e6a elementor-widget elementor-widget-html\" data-id=\"4a70e6a\" data-element_type=\"widget\" data-e-type=\"widget\" data-widget_type=\"html.default\">\n\t\t\t\t<div class=\"elementor-widget-container\">\n\t\t\t\t\t<div>\r\n<div class=\"op-interactive\" id=\"5de6670dddb67c77083c1dcf\" data-url=\"https:\/\/hostfully.outgrow.us\/5de6670dddb67c77083c1dcf?vHeight=1\" data-width=\"100%\">&nbsp;<\/div>\r\n<script src=\"\/\/dyv6f9ner1ir9.cloudfront.net\/assets\/js\/nloader.js\"><\/script>\r\n<script>initIframe('5de6670dddb67c77083c1dcf');<\/script>\r\n<\/div>\t\t\t\t<\/div>\n\t\t\t\t<\/div>\n\t\t\t\t<\/div>\n\t\t\t\t<\/div>\n\t\t<div class=\"elementor-element elementor-element-6d8a2c2 e-flex e-con-boxed e-con e-parent\" data-id=\"6d8a2c2\" data-element_type=\"container\" data-e-type=\"container\">\n\t\t\t\t\t<div class=\"e-con-inner\">\n\t\t\t\t<div class=\"elementor-element elementor-element-085caad elementor-widget elementor-widget-text-editor\" data-id=\"085caad\" data-element_type=\"widget\" data-e-type=\"widget\" data-widget_type=\"text-editor.default\">\n\t\t\t\t<div class=\"elementor-widget-container\">\n\t\t\t\t\t\t\t\t\t<p>Obwohl technologiegest\u00fctzte Gastgewerbeunternehmen im letzten Jahrzehnt ein neues Ph\u00e4nomen sind, folgt ihr Wachstum traditionellen Gesch\u00e4ftsmodellen. Es gibt vier kritische Gesch\u00e4ftsfunktionen innerhalb eines jeden Ferienwohnungsvermietungsunternehmens&nbsp;\u2013 <strong>Betrieb, Marketing, Vertrieb und G\u00e4stebetreuung<\/strong>. <\/p><p>Eine Frage, die wir oft von Ferienwohnungsverwaltern \ud83d\ude4b\u200d\u2640\ufe0f\ud83d\ude4b\u200d\u2642\ufe0f gestellt bekommen, lautet: <em>Woher wissen Sie, auf welche dieser Gesch\u00e4ftsfunktionen Sie sich konzentrieren sollen?<\/em> Und die Antwort war immer: <em>Es kommt darauf an<\/em>\u2026 Bis jetzt! Hostfully hat einen <strong>Gesundheitscheck-Quiz<\/strong> \ud83c\udfe1 f\u00fcr Ferienwohnungsvermietungen erstellt, der Ihnen basierend auf Ihren Antworten die eine Komponente Ihres Unternehmens nennt, auf die Sie sich in den n\u00e4chsten 12 Monaten \ud83d\udcc5 am meisten konzentrieren sollten: Betrieb, Marketing, Vertrieb oder G\u00e4stebetreuung. <\/p><p>Innerhalb weniger Minuten erhalten Sie einen individuellen und herunterladbaren Aktionsplan f\u00fcr Ihre Ferienwohnungen, der Ihnen hilft, Ihr Gesch\u00e4ft und letztendlich Ihren Umsatz zu steigern \ud83d\udcc8. Wenn Sie Fragen zum Quiz haben oder eine Nachbesprechung w\u00fcnschen, wenden Sie sich bitte an <a href=\"mailto:jessica@hostfully.com?subject=Let%27s%20Talk%20VRMC%20Health%20Check%20Quiz!\">jessica@hostfully.com<\/a>&nbsp;\u2013 wir freuen uns, von Ihnen zu h\u00f6ren! <\/p>\t\t\t\t\t\t\t\t<\/div>\n\t\t\t\t<\/div>\n\t\t\t\t\t<\/div>\n\t\t\t\t<\/div>\n\t\t\t\t<\/div>\n\t\t","protected":false},"excerpt":{"rendered":"<p>&nbsp; Obwohl technologiegest\u00fctzte Gastgewerbeunternehmen im letzten Jahrzehnt ein neues Ph\u00e4nomen sind, folgt ihr Wachstum traditionellen Gesch\u00e4ftsmodellen. Es gibt vier kritische Gesch\u00e4ftsfunktionen innerhalb eines jeden Ferienwohnungsvermietungsunternehmens&nbsp;\u2013 Betrieb, Marketing, Vertrieb und G\u00e4stebetreuung. Eine Frage, die wir oft von Ferienwohnungsverwaltern ????\u200d\u2640\ufe0f????\u200d\u2642\ufe0f gestellt bekommen, lautet: Woher wissen Sie, auf welche dieser Gesch\u00e4ftsfunktionen Sie sich konzentrieren sollen? Und die Antwort [&hellip;]<\/p>\n","protected":false},"author":2,"featured_media":0,"parent":26013,"menu_order":0,"comment_status":"closed","ping_status":"closed","template":"","meta":{"footnotes":""},"class_list":["post-25970","page","type-page","status-publish","hentry"],"yoast_head":"<!-- This site is optimized with the Yoast SEO Premium plugin v27.3 (Yoast SEO v27.3) - https:\/\/yoast.com\/product\/yoast-seo-premium-wordpress\/ -->\n<title>Quiz zur \u00dcberpr\u00fcfung der Gesundheit Ihres Ferienwohnungsvermietungsgesch\u00e4fts | Hostfully<\/title>\n<meta name=\"description\" content=\"Nehmen Sie an unserem kostenlosen VRMC Health Check Quiz teil und identifizieren Sie wichtige Wachstumschancen mit einem ma\u00dfgeschneiderten Aktionsplan f\u00fcr Ihr Unternehmen.\" \/>\n<meta name=\"robots\" content=\"index, follow, max-snippet:-1, max-image-preview:large, max-video-preview:-1\" \/>\n<link rel=\"canonical\" href=\"https:\/\/www.hostfully.com\/de\/wachstumstools\/quiz-zur-ueberpruefung-der-gesundheit-ihres-ferienwohnungsvermietungsgeschaefts\/\" \/>\n<meta property=\"og:locale\" content=\"de_DE\" \/>\n<meta property=\"og:type\" content=\"article\" \/>\n<meta property=\"og:title\" content=\"Quiz zur \u00dcberpr\u00fcfung der Gesundheit Ihres Ferienwohnungsvermietungsgesch\u00e4fts\" \/>\n<meta property=\"og:description\" content=\"Nehmen Sie an unserem kostenlosen VRMC Health Check Quiz teil und identifizieren Sie wichtige Wachstumschancen mit einem ma\u00dfgeschneiderten Aktionsplan f\u00fcr Ihr Unternehmen.\" \/>\n<meta property=\"og:url\" content=\"https:\/\/www.hostfully.com\/de\/wachstumstools\/quiz-zur-ueberpruefung-der-gesundheit-ihres-ferienwohnungsvermietungsgeschaefts\/\" \/>\n<meta property=\"og:site_name\" content=\"Hostfully\" \/>\n<meta property=\"article:publisher\" content=\"https:\/\/www.facebook.com\/hostfully\" \/>\n<meta property=\"article:modified_time\" content=\"2026-02-19T13:32:14+00:00\" \/>\n<meta name=\"twitter:card\" content=\"summary_large_image\" \/>\n<meta name=\"twitter:site\" content=\"@hostfully\" \/>\n<meta name=\"twitter:label1\" content=\"Gesch\u00e4tzte Lesezeit\" \/>\n\t<meta name=\"twitter:data1\" content=\"1\u00a0Minute\" \/>\n<script type=\"application\/ld+json\" class=\"yoast-schema-graph\">{\"@context\":\"https:\\\/\\\/schema.org\",\"@graph\":[{\"@type\":\"WebPage\",\"@id\":\"https:\\\/\\\/www.hostfully.com\\\/de\\\/wachstumstools\\\/quiz-zur-ueberpruefung-der-gesundheit-ihres-ferienwohnungsvermietungsgeschaefts\\\/\",\"url\":\"https:\\\/\\\/www.hostfully.com\\\/de\\\/wachstumstools\\\/quiz-zur-ueberpruefung-der-gesundheit-ihres-ferienwohnungsvermietungsgeschaefts\\\/\",\"name\":\"Quiz zur \u00dcberpr\u00fcfung der Gesundheit Ihres Ferienwohnungsvermietungsgesch\u00e4fts | Hostfully\",\"isPartOf\":{\"@id\":\"https:\\\/\\\/www.hostfully.com\\\/de\\\/#website\"},\"datePublished\":\"2025-11-24T18:33:34+00:00\",\"dateModified\":\"2026-02-19T13:32:14+00:00\",\"description\":\"Nehmen Sie an unserem kostenlosen VRMC Health Check Quiz teil und identifizieren Sie wichtige Wachstumschancen mit einem ma\u00dfgeschneiderten Aktionsplan f\u00fcr Ihr Unternehmen.\",\"breadcrumb\":{\"@id\":\"https:\\\/\\\/www.hostfully.com\\\/de\\\/wachstumstools\\\/quiz-zur-ueberpruefung-der-gesundheit-ihres-ferienwohnungsvermietungsgeschaefts\\\/#breadcrumb\"},\"inLanguage\":\"de\",\"potentialAction\":[{\"@type\":\"ReadAction\",\"target\":[\"https:\\\/\\\/www.hostfully.com\\\/de\\\/wachstumstools\\\/quiz-zur-ueberpruefung-der-gesundheit-ihres-ferienwohnungsvermietungsgeschaefts\\\/\"]}]},{\"@type\":\"BreadcrumbList\",\"@id\":\"https:\\\/\\\/www.hostfully.com\\\/de\\\/wachstumstools\\\/quiz-zur-ueberpruefung-der-gesundheit-ihres-ferienwohnungsvermietungsgeschaefts\\\/#breadcrumb\",\"itemListElement\":[{\"@type\":\"ListItem\",\"position\":1,\"name\":\"Home\",\"item\":\"https:\\\/\\\/www.hostfully.com\\\/de\\\/\"},{\"@type\":\"ListItem\",\"position\":2,\"name\":\"Wachstumstools\",\"item\":\"https:\\\/\\\/www.hostfully.com\\\/de\\\/wachstumstools\\\/\"},{\"@type\":\"ListItem\",\"position\":3,\"name\":\"Quiz zur \u00dcberpr\u00fcfung der Gesundheit Ihres Ferienwohnungsvermietungsgesch\u00e4fts\"}]},{\"@type\":\"WebSite\",\"@id\":\"https:\\\/\\\/www.hostfully.com\\\/de\\\/#website\",\"url\":\"https:\\\/\\\/www.hostfully.com\\\/de\\\/\",\"name\":\"Hostfully\",\"description\":\"Award Winning Vacation Rental Software\",\"publisher\":{\"@id\":\"https:\\\/\\\/www.hostfully.com\\\/de\\\/#organization\"},\"potentialAction\":[{\"@type\":\"SearchAction\",\"target\":{\"@type\":\"EntryPoint\",\"urlTemplate\":\"https:\\\/\\\/www.hostfully.com\\\/de\\\/?s={search_term_string}\"},\"query-input\":{\"@type\":\"PropertyValueSpecification\",\"valueRequired\":true,\"valueName\":\"search_term_string\"}}],\"inLanguage\":\"de\"},{\"@type\":\"Organization\",\"@id\":\"https:\\\/\\\/www.hostfully.com\\\/de\\\/#organization\",\"name\":\"Hostfully\",\"url\":\"https:\\\/\\\/www.hostfully.com\\\/de\\\/\",\"logo\":{\"@type\":\"ImageObject\",\"inLanguage\":\"de\",\"@id\":\"https:\\\/\\\/www.hostfully.com\\\/de\\\/#\\\/schema\\\/logo\\\/image\\\/\",\"url\":\"https:\\\/\\\/www.hostfully.com\\\/wp-content\\\/uploads\\\/2025\\\/08\\\/Hostfully_bluecircle_isotype_R-.png\",\"contentUrl\":\"https:\\\/\\\/www.hostfully.com\\\/wp-content\\\/uploads\\\/2025\\\/08\\\/Hostfully_bluecircle_isotype_R-.png\",\"width\":321,\"height\":321,\"caption\":\"Hostfully\"},\"image\":{\"@id\":\"https:\\\/\\\/www.hostfully.com\\\/de\\\/#\\\/schema\\\/logo\\\/image\\\/\"},\"sameAs\":[\"https:\\\/\\\/www.facebook.com\\\/hostfully\",\"https:\\\/\\\/x.com\\\/hostfully\",\"https:\\\/\\\/www.instagram.com\\\/hostfully_\\\/\",\"https:\\\/\\\/www.youtube.com\\\/c\\\/Hostfully\",\"https:\\\/\\\/www.linkedin.com\\\/company\\\/hostfully-inc-\\\/\"]}]}<\/script>\n<!-- \/ Yoast SEO Premium plugin. -->","yoast_head_json":{"title":"Quiz zur \u00dcberpr\u00fcfung der Gesundheit Ihres Ferienwohnungsvermietungsgesch\u00e4fts | Hostfully","description":"Nehmen Sie an unserem kostenlosen VRMC Health Check Quiz teil und identifizieren Sie wichtige Wachstumschancen mit einem ma\u00dfgeschneiderten Aktionsplan f\u00fcr Ihr Unternehmen.","robots":{"index":"index","follow":"follow","max-snippet":"max-snippet:-1","max-image-preview":"max-image-preview:large","max-video-preview":"max-video-preview:-1"},"canonical":"https:\/\/www.hostfully.com\/de\/wachstumstools\/quiz-zur-ueberpruefung-der-gesundheit-ihres-ferienwohnungsvermietungsgeschaefts\/","og_locale":"de_DE","og_type":"article","og_title":"Quiz zur \u00dcberpr\u00fcfung der Gesundheit Ihres Ferienwohnungsvermietungsgesch\u00e4fts","og_description":"Nehmen Sie an unserem kostenlosen VRMC Health Check Quiz teil und identifizieren Sie wichtige Wachstumschancen mit einem ma\u00dfgeschneiderten Aktionsplan f\u00fcr Ihr Unternehmen.","og_url":"https:\/\/www.hostfully.com\/de\/wachstumstools\/quiz-zur-ueberpruefung-der-gesundheit-ihres-ferienwohnungsvermietungsgeschaefts\/","og_site_name":"Hostfully","article_publisher":"https:\/\/www.facebook.com\/hostfully","article_modified_time":"2026-02-19T13:32:14+00:00","twitter_card":"summary_large_image","twitter_site":"@hostfully","twitter_misc":{"Gesch\u00e4tzte Lesezeit":"1\u00a0Minute"},"schema":{"@context":"https:\/\/schema.org","@graph":[{"@type":"WebPage","@id":"https:\/\/www.hostfully.com\/de\/wachstumstools\/quiz-zur-ueberpruefung-der-gesundheit-ihres-ferienwohnungsvermietungsgeschaefts\/","url":"https:\/\/www.hostfully.com\/de\/wachstumstools\/quiz-zur-ueberpruefung-der-gesundheit-ihres-ferienwohnungsvermietungsgeschaefts\/","name":"Quiz zur \u00dcberpr\u00fcfung der Gesundheit Ihres Ferienwohnungsvermietungsgesch\u00e4fts | Hostfully","isPartOf":{"@id":"https:\/\/www.hostfully.com\/de\/#website"},"datePublished":"2025-11-24T18:33:34+00:00","dateModified":"2026-02-19T13:32:14+00:00","description":"Nehmen Sie an unserem kostenlosen VRMC Health Check Quiz teil und identifizieren Sie wichtige Wachstumschancen mit einem ma\u00dfgeschneiderten Aktionsplan f\u00fcr Ihr Unternehmen.","breadcrumb":{"@id":"https:\/\/www.hostfully.com\/de\/wachstumstools\/quiz-zur-ueberpruefung-der-gesundheit-ihres-ferienwohnungsvermietungsgeschaefts\/#breadcrumb"},"inLanguage":"de","potentialAction":[{"@type":"ReadAction","target":["https:\/\/www.hostfully.com\/de\/wachstumstools\/quiz-zur-ueberpruefung-der-gesundheit-ihres-ferienwohnungsvermietungsgeschaefts\/"]}]},{"@type":"BreadcrumbList","@id":"https:\/\/www.hostfully.com\/de\/wachstumstools\/quiz-zur-ueberpruefung-der-gesundheit-ihres-ferienwohnungsvermietungsgeschaefts\/#breadcrumb","itemListElement":[{"@type":"ListItem","position":1,"name":"Home","item":"https:\/\/www.hostfully.com\/de\/"},{"@type":"ListItem","position":2,"name":"Wachstumstools","item":"https:\/\/www.hostfully.com\/de\/wachstumstools\/"},{"@type":"ListItem","position":3,"name":"Quiz zur \u00dcberpr\u00fcfung der Gesundheit Ihres Ferienwohnungsvermietungsgesch\u00e4fts"}]},{"@type":"WebSite","@id":"https:\/\/www.hostfully.com\/de\/#website","url":"https:\/\/www.hostfully.com\/de\/","name":"Hostfully","description":"Award Winning Vacation Rental Software","publisher":{"@id":"https:\/\/www.hostfully.com\/de\/#organization"},"potentialAction":[{"@type":"SearchAction","target":{"@type":"EntryPoint","urlTemplate":"https:\/\/www.hostfully.com\/de\/?s={search_term_string}"},"query-input":{"@type":"PropertyValueSpecification","valueRequired":true,"valueName":"search_term_string"}}],"inLanguage":"de"},{"@type":"Organization","@id":"https:\/\/www.hostfully.com\/de\/#organization","name":"Hostfully","url":"https:\/\/www.hostfully.com\/de\/","logo":{"@type":"ImageObject","inLanguage":"de","@id":"https:\/\/www.hostfully.com\/de\/#\/schema\/logo\/image\/","url":"https:\/\/www.hostfully.com\/wp-content\/uploads\/2025\/08\/Hostfully_bluecircle_isotype_R-.png","contentUrl":"https:\/\/www.hostfully.com\/wp-content\/uploads\/2025\/08\/Hostfully_bluecircle_isotype_R-.png","width":321,"height":321,"caption":"Hostfully"},"image":{"@id":"https:\/\/www.hostfully.com\/de\/#\/schema\/logo\/image\/"},"sameAs":["https:\/\/www.facebook.com\/hostfully","https:\/\/x.com\/hostfully","https:\/\/www.instagram.com\/hostfully_\/","https:\/\/www.youtube.com\/c\/Hostfully","https:\/\/www.linkedin.com\/company\/hostfully-inc-\/"]}]}},"_links":{"self":[{"href":"https:\/\/www.hostfully.com\/de\/wp-json\/wp\/v2\/pages\/25970","targetHints":{"allow":["GET"]}}],"collection":[{"href":"https:\/\/www.hostfully.com\/de\/wp-json\/wp\/v2\/pages"}],"about":[{"href":"https:\/\/www.hostfully.com\/de\/wp-json\/wp\/v2\/types\/page"}],"author":[{"embeddable":true,"href":"https:\/\/www.hostfully.com\/de\/wp-json\/wp\/v2\/users\/2"}],"replies":[{"embeddable":true,"href":"https:\/\/www.hostfully.com\/de\/wp-json\/wp\/v2\/comments?post=25970"}],"version-history":[{"count":1,"href":"https:\/\/www.hostfully.com\/de\/wp-json\/wp\/v2\/pages\/25970\/revisions"}],"predecessor-version":[{"id":25972,"href":"https:\/\/www.hostfully.com\/de\/wp-json\/wp\/v2\/pages\/25970\/revisions\/25972"}],"up":[{"embeddable":true,"href":"https:\/\/www.hostfully.com\/de\/wp-json\/wp\/v2\/pages\/26013"}],"wp:attachment":[{"href":"https:\/\/www.hostfully.com\/de\/wp-json\/wp\/v2\/media?parent=25970"}],"curies":[{"name":"wp","href":"https:\/\/api.w.org\/{rel}","templated":true}]}}