{"id":73435,"date":"2026-02-19T19:19:03","date_gmt":"2026-02-19T19:19:03","guid":{"rendered":"https:\/\/mktdev.hostfully.com\/hostfully-award-2019\/"},"modified":"2026-02-19T23:26:14","modified_gmt":"2026-02-19T23:26:14","slug":"hostfully-award-2019","status":"publish","type":"page","link":"https:\/\/www.hostfully.com\/de\/hostfully-award-2019\/","title":{"rendered":"Hostfully Award 2019"},"content":{"rendered":"\t\t<div data-elementor-type=\"wp-page\" data-elementor-id=\"73435\" class=\"elementor elementor-73435 elementor-55445\" data-elementor-post-type=\"page\">\n\t\t\t\t<div class=\"elementor-element elementor-element-58a7bd7 e-flex e-con-boxed e-con e-parent\" data-id=\"58a7bd7\" data-element_type=\"container\" data-e-type=\"container\">\n\t\t\t\t\t<div class=\"e-con-inner\">\n\t\t<div class=\"elementor-element elementor-element-726a85f hf-hero e-con-full e-flex e-con e-child\" data-id=\"726a85f\" data-element_type=\"container\" data-e-type=\"container\">\n\t\t<div class=\"elementor-element elementor-element-daa296d e-con-full e-flex e-con e-child\" data-id=\"daa296d\" data-element_type=\"container\" data-e-type=\"container\">\n\t\t<div class=\"elementor-element elementor-element-2d12b30 e-con-full e-flex e-con e-child\" data-id=\"2d12b30\" data-element_type=\"container\" data-e-type=\"container\">\n\t\t\t\t<div class=\"elementor-element elementor-element-5408a4e elementor-widget elementor-widget-heading\" data-id=\"5408a4e\" data-element_type=\"widget\" data-e-type=\"widget\" data-widget_type=\"heading.default\">\n\t\t\t\t<div class=\"elementor-widget-container\">\n\t\t\t\t\t<h1 class=\"elementor-heading-title elementor-size-default\">Hostfully gewinnt bei den VRMB Keystone Awards 2019 die Auszeichnung \u201eBeste Allround-Ferienvermietungssoftware\u201c<\/h1>\t\t\t\t<\/div>\n\t\t\t\t<\/div>\n\t\t\t\t<\/div>\n\t\t\t\t<div class=\"elementor-element elementor-element-62785dc text-lg elementor-widget elementor-widget-text-editor\" data-id=\"62785dc\" data-element_type=\"widget\" data-e-type=\"widget\" data-widget_type=\"text-editor.default\">\n\t\t\t\t<div class=\"elementor-widget-container\">\n\t\t\t\t\t\t\t\t\t<p>Das Hostfully-Team freut sich, bekannt zu geben, dass wir den <img decoding=\"async\" class=\"emoji\" draggable=\"false\" src=\"https:\/\/s.w.org\/images\/core\/emoji\/11.2.0\/svg\/1f389.svg\" alt=\"\ud83c\udf89\" width=\"31\"> <a href=\"https:\/\/www.vrmb.com\/keystone-awards\/\" rel=\" noopener\">VRMB Award f\u00fcr die beste Allround-Ferienvermietungssoftware<\/a><img decoding=\"async\" class=\"emoji\" draggable=\"false\" src=\"https:\/\/s.w.org\/images\/core\/emoji\/11.2.0\/svg\/1f389.svg\" alt=\"\ud83c\udf89\" width=\"31\"> im Rahmen der Keystone Awards 2019 GEWONNEN haben. Weitere Details finden Sie unten. F\u00fcllen Sie au\u00dferdem unser Formular am Seitenende aus, um mehr dar\u00fcber zu erfahren, wie Sie unser PMS nutzen k\u00f6nnen! <\/p>\t\t\t\t\t\t\t\t<\/div>\n\t\t\t\t<\/div>\n\t\t\t\t<div class=\"elementor-element elementor-element-4f65c8d elementor-widget elementor-widget-shortcode\" data-id=\"4f65c8d\" data-element_type=\"widget\" data-e-type=\"widget\" data-widget_type=\"shortcode.default\">\n\t\t\t\t<div class=\"elementor-widget-container\">\n\t\t\t\t\t\t\t<div class=\"elementor-shortcode\">    <div class=\"hf-book-demo-shortcode\" data-hf-book-demo-id=\"hfbd-1\" data-hf-book-demo-flow=\"demo\" data-hf-book-demo-layout=\"left\" data-hf-book-demo-event-name=\"book_demo_modal\" data-hf-book-demo-event-product=\"pms\">\r\n        <form id=\"listing-form-hfbd-1\" class=\"hfs-form hfs-form--demo\">\r\n            <input type=\"hidden\" name=\"exp_id\" id=\"exp_id-hfbd-1\" value=\"experience-1669041197445\">\r\n            <input type=\"hidden\" name=\"flow\" id=\"flow-hfbd-1\" value=\"demo\">\r\n            <input type=\"hidden\" name=\"event_name\" value=\"book_demo_modal\">\r\n            <input type=\"hidden\" name=\"event_product\" value=\"pms\">\r\n            <input type=\"hidden\" name=\"first_name\" value=\"\">\r\n            <input type=\"hidden\" name=\"last_name\" value=\"\">\r\n                            <input type=\"hidden\" name=\"page_slug\" value=\"\/de\/hostfully-award-2019\">\r\n                                                    <input type=\"hidden\" name=\"listings\" value=\"\">\r\n                                        <input type=\"hidden\" name=\"utm_source\" id=\"utm_source-hfbd-1\" value=\"organic_website\">\r\n                            <input type=\"hidden\" name=\"utm_medium\" id=\"utm_medium-hfbd-1\" value=\"Website\">\r\n                            <input type=\"hidden\" name=\"utm_campaign\" id=\"utm_campaign-hfbd-1\" value=\"Website\">\r\n                            <input type=\"hidden\" name=\"utm_content\" id=\"utm_content-hfbd-1\" value=\"\">\r\n                            <input type=\"hidden\" name=\"utm_term\" id=\"utm_term-hfbd-1\" value=\"\">\r\n                            <input type=\"hidden\" name=\"fb_ad_id\" id=\"fb_ad_id-hfbd-1\" value=\"\">\r\n                            <input type=\"hidden\" name=\"fbclid\" id=\"fbclid-hfbd-1\" value=\"\">\r\n                            <input type=\"hidden\" name=\"gclid\" id=\"gclid-hfbd-1\" value=\"\">\r\n                        <input type=\"hidden\" name=\"source\" value=\"\">\r\n                        <input type=\"email\" name=\"email\" class=\"email\" id=\"email-hfbd-1\" placeholder=\"E-Mail\" required>\r\n                        <button type=\"submit\" class=\"hfs-submit\">Buchen Sie eine GRATIS Demo<\/button>\r\n        <\/form>\r\n        <div id=\"error-hfbd-1\" class=\"error\"><\/div>\r\n                    <p class=\"hf-book-demo-legal-disclaimer\">Durch das Absenden erkl\u00e4ren Sie sich damit einverstanden, per E-Mail, Telefon oder SMS kontaktiert zu werden.<\/p>\r\n            <\/div>\r\n    <\/div>\n\t\t\t\t\t\t<\/div>\n\t\t\t\t<\/div>\n\t\t\t\t<\/div>\n\t\t<div class=\"elementor-element elementor-element-c99195e e-con-full e-flex e-con e-child\" data-id=\"c99195e\" data-element_type=\"container\" data-e-type=\"container\">\n\t\t\t\t<div class=\"elementor-element elementor-element-d1ed4ca hf-image-hero elementor-widget elementor-widget-image\" data-id=\"d1ed4ca\" data-element_type=\"widget\" data-e-type=\"widget\" data-widget_type=\"image.default\">\n\t\t\t\t<div class=\"elementor-widget-container\">\n\t\t\t\t\t\t\t\t\t\t\t\t\t\t\t<img fetchpriority=\"high\" decoding=\"async\" width=\"1200\" height=\"628\" src=\"https:\/\/www.hostfully.com\/wp-content\/uploads\/2026\/02\/HostfullyAward-blue.png\" class=\"attachment-full size-full wp-image-73436\" alt=\"Hostfully gewinnt Auszeichnung!\" srcset=\"https:\/\/www.hostfully.com\/wp-content\/uploads\/2026\/02\/HostfullyAward-blue.png 1200w, https:\/\/www.hostfully.com\/wp-content\/uploads\/2026\/02\/HostfullyAward-blue-300x157.png 300w, https:\/\/www.hostfully.com\/wp-content\/uploads\/2026\/02\/HostfullyAward-blue-1024x536.png 1024w, https:\/\/www.hostfully.com\/wp-content\/uploads\/2026\/02\/HostfullyAward-blue-768x402.png 768w\" sizes=\"(max-width: 1200px) 100vw, 1200px\" \/>\t\t\t\t\t\t\t\t\t\t\t\t\t\t\t<\/div>\n\t\t\t\t<\/div>\n\t\t\t\t<\/div>\n\t\t\t\t<\/div>\n\t\t\t\t\t<\/div>\n\t\t\t\t<\/div>\n\t\t<div class=\"elementor-element elementor-element-be9c8fa e-flex e-con-boxed e-con e-parent\" data-id=\"be9c8fa\" data-element_type=\"container\" data-e-type=\"container\" data-settings=\"{&quot;background_background&quot;:&quot;classic&quot;}\">\n\t\t\t\t\t<div class=\"e-con-inner\">\n\t\t\t\t<div class=\"elementor-element elementor-element-4752a2b text-lg elementor-widget elementor-widget-text-editor\" data-id=\"4752a2b\" data-element_type=\"widget\" data-e-type=\"widget\" data-widget_type=\"text-editor.default\">\n\t\t\t\t<div class=\"elementor-widget-container\">\n\t\t\t\t\t\t\t\t\t<p>Hostfully bietet eines der besten Property-Management-Tools auf dem heutigen Markt und erm\u00f6glicht Gastgebern und Property Managern, ihr Gesch\u00e4ft einfach zu verwalten und ihren G\u00e4sten das bestm\u00f6gliche Erlebnis zu bieten. F\u00fcllen Sie unser Formular unten aus, um mehr zu erfahren! <\/p>\t\t\t\t\t\t\t\t<\/div>\n\t\t\t\t<\/div>\n\t\t\t\t\t<\/div>\n\t\t\t\t<\/div>\n\t\t<div class=\"elementor-element elementor-element-a523644 e-flex e-con-boxed e-con e-parent\" data-id=\"a523644\" data-element_type=\"container\" data-e-type=\"container\">\n\t\t\t\t\t<div class=\"e-con-inner\">\n\t\t<div class=\"elementor-element elementor-element-bfe65b9 e-con-full e-flex e-con e-child\" data-id=\"bfe65b9\" data-element_type=\"container\" data-e-type=\"container\">\n\t\t\t\t<div class=\"elementor-element elementor-element-06a3918 elementor-widget elementor-widget-image\" data-id=\"06a3918\" data-element_type=\"widget\" data-e-type=\"widget\" data-widget_type=\"image.default\">\n\t\t\t\t<div class=\"elementor-widget-container\">\n\t\t\t\t\t\t\t\t\t\t\t\t\t\t\t\t<a href=\"https:\/\/www.hostfully.com\/wp-content\/uploads\/2026\/01\/HostfullyAward-white-1200x628-05.png\" data-elementor-open-lightbox=\"yes\" data-elementor-lightbox-title=\"HostfullyAward-white-1200x628-05.png\" data-e-action-hash=\"#elementor-action%3Aaction%3Dlightbox%26settings%3DeyJpZCI6NzM0MzcsInVybCI6Imh0dHBzOlwvXC93d3cuaG9zdGZ1bGx5LmNvbVwvd3AtY29udGVudFwvdXBsb2Fkc1wvMjAyNlwvMDFcL0hvc3RmdWxseUF3YXJkLXdoaXRlLTEyMDB4NjI4LTA1LnBuZyJ9\">\n\t\t\t\t\t\t\t<img decoding=\"async\" width=\"800\" height=\"488\" src=\"https:\/\/www.hostfully.com\/wp-content\/uploads\/2026\/01\/HostfullyAward-white-1200x628-05.png\" class=\"attachment-large size-large wp-image-73437\" alt=\"\" srcset=\"https:\/\/www.hostfully.com\/wp-content\/uploads\/2026\/01\/HostfullyAward-white-1200x628-05.png 1024w, https:\/\/www.hostfully.com\/wp-content\/uploads\/2026\/01\/HostfullyAward-white-1200x628-05-300x183.png 300w, https:\/\/www.hostfully.com\/wp-content\/uploads\/2026\/01\/HostfullyAward-white-1200x628-05-768x469.png 768w\" sizes=\"(max-width: 800px) 100vw, 800px\" \/>\t\t\t\t\t\t\t\t<\/a>\n\t\t\t\t\t\t\t\t\t\t\t\t\t\t\t<\/div>\n\t\t\t\t<\/div>\n\t\t\t\t<\/div>\n\t\t<div class=\"elementor-element elementor-element-7f7f34a e-con-full e-flex e-con e-child\" data-id=\"7f7f34a\" data-element_type=\"container\" data-e-type=\"container\">\n\t\t\t\t<div class=\"elementor-element elementor-element-ebf931d elementor-widget elementor-widget-image\" data-id=\"ebf931d\" data-element_type=\"widget\" data-e-type=\"widget\" data-widget_type=\"image.default\">\n\t\t\t\t<div class=\"elementor-widget-container\">\n\t\t\t\t\t\t\t\t\t\t\t\t\t\t\t\t<a href=\"https:\/\/www.hostfully.com\/wp-content\/uploads\/2026\/01\/HostfullyAward-white-1200x628-02.png\" data-elementor-open-lightbox=\"yes\" data-elementor-lightbox-title=\"HostfullyAward-white-1200x628-02.png\" data-e-action-hash=\"#elementor-action%3Aaction%3Dlightbox%26settings%3DeyJpZCI6NzM0MzgsInVybCI6Imh0dHBzOlwvXC93d3cuaG9zdGZ1bGx5LmNvbVwvd3AtY29udGVudFwvdXBsb2Fkc1wvMjAyNlwvMDFcL0hvc3RmdWxseUF3YXJkLXdoaXRlLTEyMDB4NjI4LTAyLnBuZyJ9\">\n\t\t\t\t\t\t\t<img decoding=\"async\" width=\"800\" height=\"419\" src=\"https:\/\/www.hostfully.com\/wp-content\/uploads\/2026\/01\/HostfullyAward-white-1200x628-02.png\" class=\"attachment-large size-large wp-image-73438\" alt=\"\" srcset=\"https:\/\/www.hostfully.com\/wp-content\/uploads\/2026\/01\/HostfullyAward-white-1200x628-02.png 1024w, https:\/\/www.hostfully.com\/wp-content\/uploads\/2026\/01\/HostfullyAward-white-1200x628-02-300x157.png 300w, https:\/\/www.hostfully.com\/wp-content\/uploads\/2026\/01\/HostfullyAward-white-1200x628-02-768x402.png 768w\" sizes=\"(max-width: 800px) 100vw, 800px\" \/>\t\t\t\t\t\t\t\t<\/a>\n\t\t\t\t\t\t\t\t\t\t\t\t\t\t\t<\/div>\n\t\t\t\t<\/div>\n\t\t\t\t<\/div>\n\t\t\t\t\t<\/div>\n\t\t\t\t<\/div>\n\t\t\t\t<\/div>\n\t\t","protected":false},"excerpt":{"rendered":"<p>Hostfully gewinnt bei den VRMB Keystone Awards 2019 die Auszeichnung \u201eBeste Allround-Ferienvermietungssoftware\u201c Das Hostfully-Team freut sich, bekannt zu geben, dass wir den VRMB Award f\u00fcr die beste Allround-Ferienvermietungssoftware im Rahmen der Keystone Awards 2019 GEWONNEN haben. Weitere Details finden Sie unten. F\u00fcllen Sie au\u00dferdem unser Formular am Seitenende aus, um mehr dar\u00fcber zu erfahren, wie [&hellip;]<\/p>\n","protected":false},"author":3,"featured_media":0,"parent":0,"menu_order":0,"comment_status":"closed","ping_status":"closed","template":"","meta":{"footnotes":""},"class_list":["post-73435","page","type-page","status-publish","hentry"],"yoast_head":"<!-- This site is optimized with the Yoast SEO Premium plugin v27.3 (Yoast SEO v27.3) - https:\/\/yoast.com\/product\/yoast-seo-premium-wordpress\/ -->\n<title>Hostfully Award 2019 | Hostfully<\/title>\n<meta name=\"robots\" content=\"index, follow, max-snippet:-1, max-image-preview:large, max-video-preview:-1\" \/>\n<link rel=\"canonical\" href=\"https:\/\/www.hostfully.com\/de\/hostfully-award-2019\/\" \/>\n<meta property=\"og:locale\" content=\"de_DE\" \/>\n<meta property=\"og:type\" content=\"article\" \/>\n<meta property=\"og:title\" content=\"Hostfully Award 2019\" \/>\n<meta property=\"og:description\" content=\"Hostfully gewinnt bei den VRMB Keystone Awards 2019 die Auszeichnung \u201eBeste Allround-Ferienvermietungssoftware\u201c Das Hostfully-Team freut sich, bekannt zu geben, dass wir den VRMB Award f\u00fcr die beste Allround-Ferienvermietungssoftware im Rahmen der Keystone Awards 2019 GEWONNEN haben. Weitere Details finden Sie unten. F\u00fcllen Sie au\u00dferdem unser Formular am Seitenende aus, um mehr dar\u00fcber zu erfahren, wie [&hellip;]\" \/>\n<meta property=\"og:url\" content=\"https:\/\/www.hostfully.com\/de\/hostfully-award-2019\/\" \/>\n<meta property=\"og:site_name\" content=\"Hostfully\" \/>\n<meta property=\"article:publisher\" content=\"https:\/\/www.facebook.com\/hostfully\" \/>\n<meta property=\"article:modified_time\" content=\"2026-02-19T23:26:14+00:00\" \/>\n<meta property=\"og:image\" content=\"https:\/\/s.w.org\/images\/core\/emoji\/11.2.0\/svg\/1f389.svg\" \/>\n<meta name=\"twitter:card\" content=\"summary_large_image\" \/>\n<meta name=\"twitter:site\" content=\"@hostfully\" \/>\n<meta name=\"twitter:label1\" content=\"Gesch\u00e4tzte Lesezeit\" \/>\n\t<meta name=\"twitter:data1\" content=\"1\u00a0Minute\" \/>\n<script type=\"application\/ld+json\" class=\"yoast-schema-graph\">{\"@context\":\"https:\\\/\\\/schema.org\",\"@graph\":[{\"@type\":\"WebPage\",\"@id\":\"https:\\\/\\\/www.hostfully.com\\\/de\\\/hostfully-award-2019\\\/\",\"url\":\"https:\\\/\\\/www.hostfully.com\\\/de\\\/hostfully-award-2019\\\/\",\"name\":\"Hostfully Award 2019 | Hostfully\",\"isPartOf\":{\"@id\":\"https:\\\/\\\/www.hostfully.com\\\/de\\\/#website\"},\"primaryImageOfPage\":{\"@id\":\"https:\\\/\\\/www.hostfully.com\\\/de\\\/hostfully-award-2019\\\/#primaryimage\"},\"image\":{\"@id\":\"https:\\\/\\\/www.hostfully.com\\\/de\\\/hostfully-award-2019\\\/#primaryimage\"},\"thumbnailUrl\":\"https:\\\/\\\/s.w.org\\\/images\\\/core\\\/emoji\\\/11.2.0\\\/svg\\\/1f389.svg\",\"datePublished\":\"2026-02-19T19:19:03+00:00\",\"dateModified\":\"2026-02-19T23:26:14+00:00\",\"breadcrumb\":{\"@id\":\"https:\\\/\\\/www.hostfully.com\\\/de\\\/hostfully-award-2019\\\/#breadcrumb\"},\"inLanguage\":\"de\",\"potentialAction\":[{\"@type\":\"ReadAction\",\"target\":[\"https:\\\/\\\/www.hostfully.com\\\/de\\\/hostfully-award-2019\\\/\"]}]},{\"@type\":\"ImageObject\",\"inLanguage\":\"de\",\"@id\":\"https:\\\/\\\/www.hostfully.com\\\/de\\\/hostfully-award-2019\\\/#primaryimage\",\"url\":\"https:\\\/\\\/s.w.org\\\/images\\\/core\\\/emoji\\\/11.2.0\\\/svg\\\/1f389.svg\",\"contentUrl\":\"https:\\\/\\\/s.w.org\\\/images\\\/core\\\/emoji\\\/11.2.0\\\/svg\\\/1f389.svg\"},{\"@type\":\"BreadcrumbList\",\"@id\":\"https:\\\/\\\/www.hostfully.com\\\/de\\\/hostfully-award-2019\\\/#breadcrumb\",\"itemListElement\":[{\"@type\":\"ListItem\",\"position\":1,\"name\":\"Home\",\"item\":\"https:\\\/\\\/www.hostfully.com\\\/de\\\/\"},{\"@type\":\"ListItem\",\"position\":2,\"name\":\"Hostfully Award 2019\"}]},{\"@type\":\"WebSite\",\"@id\":\"https:\\\/\\\/www.hostfully.com\\\/de\\\/#website\",\"url\":\"https:\\\/\\\/www.hostfully.com\\\/de\\\/\",\"name\":\"Hostfully\",\"description\":\"Award Winning Vacation Rental Software\",\"publisher\":{\"@id\":\"https:\\\/\\\/www.hostfully.com\\\/de\\\/#organization\"},\"potentialAction\":[{\"@type\":\"SearchAction\",\"target\":{\"@type\":\"EntryPoint\",\"urlTemplate\":\"https:\\\/\\\/www.hostfully.com\\\/de\\\/?s={search_term_string}\"},\"query-input\":{\"@type\":\"PropertyValueSpecification\",\"valueRequired\":true,\"valueName\":\"search_term_string\"}}],\"inLanguage\":\"de\"},{\"@type\":\"Organization\",\"@id\":\"https:\\\/\\\/www.hostfully.com\\\/de\\\/#organization\",\"name\":\"Hostfully\",\"url\":\"https:\\\/\\\/www.hostfully.com\\\/de\\\/\",\"logo\":{\"@type\":\"ImageObject\",\"inLanguage\":\"de\",\"@id\":\"https:\\\/\\\/www.hostfully.com\\\/de\\\/#\\\/schema\\\/logo\\\/image\\\/\",\"url\":\"https:\\\/\\\/www.hostfully.com\\\/wp-content\\\/uploads\\\/2025\\\/08\\\/Hostfully_bluecircle_isotype_R-.png\",\"contentUrl\":\"https:\\\/\\\/www.hostfully.com\\\/wp-content\\\/uploads\\\/2025\\\/08\\\/Hostfully_bluecircle_isotype_R-.png\",\"width\":321,\"height\":321,\"caption\":\"Hostfully\"},\"image\":{\"@id\":\"https:\\\/\\\/www.hostfully.com\\\/de\\\/#\\\/schema\\\/logo\\\/image\\\/\"},\"sameAs\":[\"https:\\\/\\\/www.facebook.com\\\/hostfully\",\"https:\\\/\\\/x.com\\\/hostfully\",\"https:\\\/\\\/www.instagram.com\\\/hostfully_\\\/\",\"https:\\\/\\\/www.youtube.com\\\/c\\\/Hostfully\",\"https:\\\/\\\/www.linkedin.com\\\/company\\\/hostfully-inc-\\\/\"]}]}<\/script>\n<!-- \/ Yoast SEO Premium plugin. -->","yoast_head_json":{"title":"Hostfully Award 2019 | Hostfully","robots":{"index":"index","follow":"follow","max-snippet":"max-snippet:-1","max-image-preview":"max-image-preview:large","max-video-preview":"max-video-preview:-1"},"canonical":"https:\/\/www.hostfully.com\/de\/hostfully-award-2019\/","og_locale":"de_DE","og_type":"article","og_title":"Hostfully Award 2019","og_description":"Hostfully gewinnt bei den VRMB Keystone Awards 2019 die Auszeichnung \u201eBeste Allround-Ferienvermietungssoftware\u201c Das Hostfully-Team freut sich, bekannt zu geben, dass wir den VRMB Award f\u00fcr die beste Allround-Ferienvermietungssoftware im Rahmen der Keystone Awards 2019 GEWONNEN haben. Weitere Details finden Sie unten. F\u00fcllen Sie au\u00dferdem unser Formular am Seitenende aus, um mehr dar\u00fcber zu erfahren, wie [&hellip;]","og_url":"https:\/\/www.hostfully.com\/de\/hostfully-award-2019\/","og_site_name":"Hostfully","article_publisher":"https:\/\/www.facebook.com\/hostfully","article_modified_time":"2026-02-19T23:26:14+00:00","og_image":[{"url":"https:\/\/s.w.org\/images\/core\/emoji\/11.2.0\/svg\/1f389.svg","type":"","width":"","height":""}],"twitter_card":"summary_large_image","twitter_site":"@hostfully","twitter_misc":{"Gesch\u00e4tzte Lesezeit":"1\u00a0Minute"},"schema":{"@context":"https:\/\/schema.org","@graph":[{"@type":"WebPage","@id":"https:\/\/www.hostfully.com\/de\/hostfully-award-2019\/","url":"https:\/\/www.hostfully.com\/de\/hostfully-award-2019\/","name":"Hostfully Award 2019 | Hostfully","isPartOf":{"@id":"https:\/\/www.hostfully.com\/de\/#website"},"primaryImageOfPage":{"@id":"https:\/\/www.hostfully.com\/de\/hostfully-award-2019\/#primaryimage"},"image":{"@id":"https:\/\/www.hostfully.com\/de\/hostfully-award-2019\/#primaryimage"},"thumbnailUrl":"https:\/\/s.w.org\/images\/core\/emoji\/11.2.0\/svg\/1f389.svg","datePublished":"2026-02-19T19:19:03+00:00","dateModified":"2026-02-19T23:26:14+00:00","breadcrumb":{"@id":"https:\/\/www.hostfully.com\/de\/hostfully-award-2019\/#breadcrumb"},"inLanguage":"de","potentialAction":[{"@type":"ReadAction","target":["https:\/\/www.hostfully.com\/de\/hostfully-award-2019\/"]}]},{"@type":"ImageObject","inLanguage":"de","@id":"https:\/\/www.hostfully.com\/de\/hostfully-award-2019\/#primaryimage","url":"https:\/\/s.w.org\/images\/core\/emoji\/11.2.0\/svg\/1f389.svg","contentUrl":"https:\/\/s.w.org\/images\/core\/emoji\/11.2.0\/svg\/1f389.svg"},{"@type":"BreadcrumbList","@id":"https:\/\/www.hostfully.com\/de\/hostfully-award-2019\/#breadcrumb","itemListElement":[{"@type":"ListItem","position":1,"name":"Home","item":"https:\/\/www.hostfully.com\/de\/"},{"@type":"ListItem","position":2,"name":"Hostfully Award 2019"}]},{"@type":"WebSite","@id":"https:\/\/www.hostfully.com\/de\/#website","url":"https:\/\/www.hostfully.com\/de\/","name":"Hostfully","description":"Award Winning Vacation Rental Software","publisher":{"@id":"https:\/\/www.hostfully.com\/de\/#organization"},"potentialAction":[{"@type":"SearchAction","target":{"@type":"EntryPoint","urlTemplate":"https:\/\/www.hostfully.com\/de\/?s={search_term_string}"},"query-input":{"@type":"PropertyValueSpecification","valueRequired":true,"valueName":"search_term_string"}}],"inLanguage":"de"},{"@type":"Organization","@id":"https:\/\/www.hostfully.com\/de\/#organization","name":"Hostfully","url":"https:\/\/www.hostfully.com\/de\/","logo":{"@type":"ImageObject","inLanguage":"de","@id":"https:\/\/www.hostfully.com\/de\/#\/schema\/logo\/image\/","url":"https:\/\/www.hostfully.com\/wp-content\/uploads\/2025\/08\/Hostfully_bluecircle_isotype_R-.png","contentUrl":"https:\/\/www.hostfully.com\/wp-content\/uploads\/2025\/08\/Hostfully_bluecircle_isotype_R-.png","width":321,"height":321,"caption":"Hostfully"},"image":{"@id":"https:\/\/www.hostfully.com\/de\/#\/schema\/logo\/image\/"},"sameAs":["https:\/\/www.facebook.com\/hostfully","https:\/\/x.com\/hostfully","https:\/\/www.instagram.com\/hostfully_\/","https:\/\/www.youtube.com\/c\/Hostfully","https:\/\/www.linkedin.com\/company\/hostfully-inc-\/"]}]}},"_links":{"self":[{"href":"https:\/\/www.hostfully.com\/de\/wp-json\/wp\/v2\/pages\/73435","targetHints":{"allow":["GET"]}}],"collection":[{"href":"https:\/\/www.hostfully.com\/de\/wp-json\/wp\/v2\/pages"}],"about":[{"href":"https:\/\/www.hostfully.com\/de\/wp-json\/wp\/v2\/types\/page"}],"author":[{"embeddable":true,"href":"https:\/\/www.hostfully.com\/de\/wp-json\/wp\/v2\/users\/3"}],"replies":[{"embeddable":true,"href":"https:\/\/www.hostfully.com\/de\/wp-json\/wp\/v2\/comments?post=73435"}],"version-history":[{"count":1,"href":"https:\/\/www.hostfully.com\/de\/wp-json\/wp\/v2\/pages\/73435\/revisions"}],"predecessor-version":[{"id":73439,"href":"https:\/\/www.hostfully.com\/de\/wp-json\/wp\/v2\/pages\/73435\/revisions\/73439"}],"wp:attachment":[{"href":"https:\/\/www.hostfully.com\/de\/wp-json\/wp\/v2\/media?parent=73435"}],"curies":[{"name":"wp","href":"https:\/\/api.w.org\/{rel}","templated":true}]}}