{"id":11466,"date":"2025-11-24T18:39:33","date_gmt":"2025-11-24T18:39:33","guid":{"rendered":"https:\/\/mktdev.hostfully.com\/calculadora-de-roi-de-la-guia-digital-para-gestores-de-alquileres-vacacionales\/"},"modified":"2026-02-19T13:32:14","modified_gmt":"2026-02-19T13:32:14","slug":"calculadora-de-roi-de-la-guia-digital-para-gestores-de-alquileres-vacacionales","status":"publish","type":"page","link":"https:\/\/www.hostfully.com\/es\/herramientas-de-crecimiento\/calculadora-de-roi-de-la-guia-digital-para-gestores-de-alquileres-vacacionales\/","title":{"rendered":"Calculadora de ROI de la gu\u00eda digital para gestores de alquileres vacacionales"},"content":{"rendered":"\t\t<div data-elementor-type=\"wp-page\" data-elementor-id=\"11466\" class=\"elementor elementor-11466 elementor-7852\" data-elementor-post-type=\"page\">\n\t\t\t\t<div class=\"elementor-element elementor-element-871fe64 e-con-full my-4i br-50i e-flex e-con e-parent\" data-id=\"871fe64\" data-element_type=\"container\" data-e-type=\"container\" data-settings=\"{&quot;background_background&quot;:&quot;classic&quot;}\">\n\t\t<div class=\"elementor-element elementor-element-117bba5 e-con-full e-flex e-con e-child\" data-id=\"117bba5\" data-element_type=\"container\" data-e-type=\"container\">\n\t\t\t\t<div class=\"elementor-element elementor-element-616687e elementor-widget elementor-widget-html\" data-id=\"616687e\" data-element_type=\"widget\" data-e-type=\"widget\" data-widget_type=\"html.default\">\n\t\t\t\t<div class=\"elementor-widget-container\">\n\t\t\t\t\t<div>\r\n<div class=\"op-interactive\" id=\"5d5d57ea37157d329c45457d\" data-url=\"https:\/\/hostfully.outgrow.us\/5d5d57ea37157d329c45457d?vHeight=1\" data-width=\"100%\">&nbsp;<\/div>\r\n<script src=\"\/\/dyv6f9ner1ir9.cloudfront.net\/assets\/js\/nloader.js\"><\/script>\r\n<script>initIframe('5d5d57ea37157d329c45457d');<\/script>\r\n<\/div>\t\t\t\t<\/div>\n\t\t\t\t<\/div>\n\t\t\t\t<\/div>\n\t\t\t\t<\/div>\n\t\t<div class=\"elementor-element elementor-element-aa4c80b e-flex e-con-boxed e-con e-parent\" data-id=\"aa4c80b\" data-element_type=\"container\" data-e-type=\"container\">\n\t\t\t\t\t<div class=\"e-con-inner\">\n\t\t\t\t<div class=\"elementor-element elementor-element-4b300ce elementor-widget elementor-widget-text-editor\" data-id=\"4b300ce\" data-element_type=\"widget\" data-e-type=\"widget\" data-widget_type=\"text-editor.default\">\n\t\t\t\t<div class=\"elementor-widget-container\">\n\t\t\t\t\t\t\t\t\tEl uso de gu\u00edas digitales en la industria del alquiler vacacional est\u00e1 creciendo significativamente. Las gu\u00edas permiten a los gestores y propietarios personalizar a\u00fan m\u00e1s la experiencia de viaje a trav\u00e9s de recomendaciones locales.\n\nLas gu\u00edas tambi\u00e9n permiten a los gestores de alquileres vacacionales proporcionar informaci\u00f3n esencial a sus hu\u00e9spedes, mejorando la experiencia del hu\u00e9sped y ahorrando tiempo al tener toda la informaci\u00f3n en una plataforma de f\u00e1cil acceso. Esto reduce las quejas de los hu\u00e9spedes y ahorra tiempo al personal y a los gestores al no tener que responder preguntas frecuentes de los hu\u00e9spedes.\t\t\t\t\t\t\t\t<\/div>\n\t\t\t\t<\/div>\n\t\t\t\t\t<\/div>\n\t\t\t\t<\/div>\n\t\t\t\t<\/div>\n\t\t","protected":false},"excerpt":{"rendered":"<p>&nbsp; El uso de gu\u00edas digitales en la industria del alquiler vacacional est\u00e1 creciendo significativamente. Las gu\u00edas permiten a los gestores y propietarios personalizar a\u00fan m\u00e1s la experiencia de viaje a trav\u00e9s de recomendaciones locales. Las gu\u00edas tambi\u00e9n permiten a los gestores de alquileres vacacionales proporcionar informaci\u00f3n esencial a sus hu\u00e9spedes, mejorando la experiencia del [&hellip;]<\/p>\n","protected":false},"author":2,"featured_media":0,"parent":11493,"menu_order":0,"comment_status":"closed","ping_status":"closed","template":"","meta":{"footnotes":""},"class_list":["post-11466","page","type-page","status-publish","hentry"],"yoast_head":"<!-- This site is optimized with the Yoast SEO Premium plugin v27.3 (Yoast SEO v27.3) - https:\/\/yoast.com\/product\/yoast-seo-premium-wordpress\/ -->\n<title>Calculadora de ROI de la gu\u00eda digital para gestores de alquileres vacacionales | Hostfully<\/title>\n<meta name=\"description\" content=\"Calcula el impacto que una gu\u00eda tendr\u00e1 en tu negocio con nuestra herramienta gratuita. Obt\u00e9n informaci\u00f3n \u00fatil para maximizar el valor para el hu\u00e9sped y los beneficios.\" \/>\n<meta name=\"robots\" content=\"index, follow, max-snippet:-1, max-image-preview:large, max-video-preview:-1\" \/>\n<link rel=\"canonical\" href=\"https:\/\/www.hostfully.com\/es\/herramientas-de-crecimiento\/calculadora-de-roi-de-la-guia-digital-para-gestores-de-alquileres-vacacionales\/\" \/>\n<meta property=\"og:locale\" content=\"es_ES\" \/>\n<meta property=\"og:type\" content=\"article\" \/>\n<meta property=\"og:title\" content=\"Calculadora de ROI de la gu\u00eda digital para gestores de alquileres vacacionales\" \/>\n<meta property=\"og:description\" content=\"Calcula el impacto que una gu\u00eda tendr\u00e1 en tu negocio con nuestra herramienta gratuita. Obt\u00e9n informaci\u00f3n \u00fatil para maximizar el valor para el hu\u00e9sped y los beneficios.\" \/>\n<meta property=\"og:url\" content=\"https:\/\/www.hostfully.com\/es\/herramientas-de-crecimiento\/calculadora-de-roi-de-la-guia-digital-para-gestores-de-alquileres-vacacionales\/\" \/>\n<meta property=\"og:site_name\" content=\"Hostfully\" \/>\n<meta property=\"article:publisher\" content=\"https:\/\/www.facebook.com\/hostfully\" \/>\n<meta property=\"article:modified_time\" content=\"2026-02-19T13:32:14+00:00\" \/>\n<meta name=\"twitter:card\" content=\"summary_large_image\" \/>\n<meta name=\"twitter:site\" content=\"@hostfully\" \/>\n<meta name=\"twitter:label1\" content=\"Tiempo de lectura\" \/>\n\t<meta name=\"twitter:data1\" content=\"1 minuto\" \/>\n<script type=\"application\/ld+json\" class=\"yoast-schema-graph\">{\"@context\":\"https:\\\/\\\/schema.org\",\"@graph\":[{\"@type\":\"WebPage\",\"@id\":\"https:\\\/\\\/www.hostfully.com\\\/es\\\/herramientas-de-crecimiento\\\/calculadora-de-roi-de-la-guia-digital-para-gestores-de-alquileres-vacacionales\\\/\",\"url\":\"https:\\\/\\\/www.hostfully.com\\\/es\\\/herramientas-de-crecimiento\\\/calculadora-de-roi-de-la-guia-digital-para-gestores-de-alquileres-vacacionales\\\/\",\"name\":\"Calculadora de ROI de la gu\u00eda digital para gestores de alquileres vacacionales | Hostfully\",\"isPartOf\":{\"@id\":\"https:\\\/\\\/www.hostfully.com\\\/es\\\/#website\"},\"datePublished\":\"2025-11-24T18:39:33+00:00\",\"dateModified\":\"2026-02-19T13:32:14+00:00\",\"description\":\"Calcula el impacto que una gu\u00eda tendr\u00e1 en tu negocio con nuestra herramienta gratuita. Obt\u00e9n informaci\u00f3n \u00fatil para maximizar el valor para el hu\u00e9sped y los beneficios.\",\"breadcrumb\":{\"@id\":\"https:\\\/\\\/www.hostfully.com\\\/es\\\/herramientas-de-crecimiento\\\/calculadora-de-roi-de-la-guia-digital-para-gestores-de-alquileres-vacacionales\\\/#breadcrumb\"},\"inLanguage\":\"es\",\"potentialAction\":[{\"@type\":\"ReadAction\",\"target\":[\"https:\\\/\\\/www.hostfully.com\\\/es\\\/herramientas-de-crecimiento\\\/calculadora-de-roi-de-la-guia-digital-para-gestores-de-alquileres-vacacionales\\\/\"]}]},{\"@type\":\"BreadcrumbList\",\"@id\":\"https:\\\/\\\/www.hostfully.com\\\/es\\\/herramientas-de-crecimiento\\\/calculadora-de-roi-de-la-guia-digital-para-gestores-de-alquileres-vacacionales\\\/#breadcrumb\",\"itemListElement\":[{\"@type\":\"ListItem\",\"position\":1,\"name\":\"Home\",\"item\":\"https:\\\/\\\/www.hostfully.com\\\/es\\\/\"},{\"@type\":\"ListItem\",\"position\":2,\"name\":\"Herramientas de crecimiento\",\"item\":\"https:\\\/\\\/www.hostfully.com\\\/es\\\/herramientas-de-crecimiento\\\/\"},{\"@type\":\"ListItem\",\"position\":3,\"name\":\"Calculadora de ROI de la gu\u00eda digital para gestores de alquileres vacacionales\"}]},{\"@type\":\"WebSite\",\"@id\":\"https:\\\/\\\/www.hostfully.com\\\/es\\\/#website\",\"url\":\"https:\\\/\\\/www.hostfully.com\\\/es\\\/\",\"name\":\"Hostfully\",\"description\":\"Award Winning Vacation Rental Software\",\"publisher\":{\"@id\":\"https:\\\/\\\/www.hostfully.com\\\/es\\\/#organization\"},\"potentialAction\":[{\"@type\":\"SearchAction\",\"target\":{\"@type\":\"EntryPoint\",\"urlTemplate\":\"https:\\\/\\\/www.hostfully.com\\\/es\\\/?s={search_term_string}\"},\"query-input\":{\"@type\":\"PropertyValueSpecification\",\"valueRequired\":true,\"valueName\":\"search_term_string\"}}],\"inLanguage\":\"es\"},{\"@type\":\"Organization\",\"@id\":\"https:\\\/\\\/www.hostfully.com\\\/es\\\/#organization\",\"name\":\"Hostfully\",\"url\":\"https:\\\/\\\/www.hostfully.com\\\/es\\\/\",\"logo\":{\"@type\":\"ImageObject\",\"inLanguage\":\"es\",\"@id\":\"https:\\\/\\\/www.hostfully.com\\\/es\\\/#\\\/schema\\\/logo\\\/image\\\/\",\"url\":\"https:\\\/\\\/www.hostfully.com\\\/wp-content\\\/uploads\\\/2025\\\/08\\\/Hostfully_bluecircle_isotype_R-.png\",\"contentUrl\":\"https:\\\/\\\/www.hostfully.com\\\/wp-content\\\/uploads\\\/2025\\\/08\\\/Hostfully_bluecircle_isotype_R-.png\",\"width\":321,\"height\":321,\"caption\":\"Hostfully\"},\"image\":{\"@id\":\"https:\\\/\\\/www.hostfully.com\\\/es\\\/#\\\/schema\\\/logo\\\/image\\\/\"},\"sameAs\":[\"https:\\\/\\\/www.facebook.com\\\/hostfully\",\"https:\\\/\\\/x.com\\\/hostfully\",\"https:\\\/\\\/www.instagram.com\\\/hostfully_\\\/\",\"https:\\\/\\\/www.youtube.com\\\/c\\\/Hostfully\",\"https:\\\/\\\/www.linkedin.com\\\/company\\\/hostfully-inc-\\\/\"]}]}<\/script>\n<!-- \/ Yoast SEO Premium plugin. -->","yoast_head_json":{"title":"Calculadora de ROI de la gu\u00eda digital para gestores de alquileres vacacionales | Hostfully","description":"Calcula el impacto que una gu\u00eda tendr\u00e1 en tu negocio con nuestra herramienta gratuita. Obt\u00e9n informaci\u00f3n \u00fatil para maximizar el valor para el hu\u00e9sped y los beneficios.","robots":{"index":"index","follow":"follow","max-snippet":"max-snippet:-1","max-image-preview":"max-image-preview:large","max-video-preview":"max-video-preview:-1"},"canonical":"https:\/\/www.hostfully.com\/es\/herramientas-de-crecimiento\/calculadora-de-roi-de-la-guia-digital-para-gestores-de-alquileres-vacacionales\/","og_locale":"es_ES","og_type":"article","og_title":"Calculadora de ROI de la gu\u00eda digital para gestores de alquileres vacacionales","og_description":"Calcula el impacto que una gu\u00eda tendr\u00e1 en tu negocio con nuestra herramienta gratuita. Obt\u00e9n informaci\u00f3n \u00fatil para maximizar el valor para el hu\u00e9sped y los beneficios.","og_url":"https:\/\/www.hostfully.com\/es\/herramientas-de-crecimiento\/calculadora-de-roi-de-la-guia-digital-para-gestores-de-alquileres-vacacionales\/","og_site_name":"Hostfully","article_publisher":"https:\/\/www.facebook.com\/hostfully","article_modified_time":"2026-02-19T13:32:14+00:00","twitter_card":"summary_large_image","twitter_site":"@hostfully","twitter_misc":{"Tiempo de lectura":"1 minuto"},"schema":{"@context":"https:\/\/schema.org","@graph":[{"@type":"WebPage","@id":"https:\/\/www.hostfully.com\/es\/herramientas-de-crecimiento\/calculadora-de-roi-de-la-guia-digital-para-gestores-de-alquileres-vacacionales\/","url":"https:\/\/www.hostfully.com\/es\/herramientas-de-crecimiento\/calculadora-de-roi-de-la-guia-digital-para-gestores-de-alquileres-vacacionales\/","name":"Calculadora de ROI de la gu\u00eda digital para gestores de alquileres vacacionales | Hostfully","isPartOf":{"@id":"https:\/\/www.hostfully.com\/es\/#website"},"datePublished":"2025-11-24T18:39:33+00:00","dateModified":"2026-02-19T13:32:14+00:00","description":"Calcula el impacto que una gu\u00eda tendr\u00e1 en tu negocio con nuestra herramienta gratuita. Obt\u00e9n informaci\u00f3n \u00fatil para maximizar el valor para el hu\u00e9sped y los beneficios.","breadcrumb":{"@id":"https:\/\/www.hostfully.com\/es\/herramientas-de-crecimiento\/calculadora-de-roi-de-la-guia-digital-para-gestores-de-alquileres-vacacionales\/#breadcrumb"},"inLanguage":"es","potentialAction":[{"@type":"ReadAction","target":["https:\/\/www.hostfully.com\/es\/herramientas-de-crecimiento\/calculadora-de-roi-de-la-guia-digital-para-gestores-de-alquileres-vacacionales\/"]}]},{"@type":"BreadcrumbList","@id":"https:\/\/www.hostfully.com\/es\/herramientas-de-crecimiento\/calculadora-de-roi-de-la-guia-digital-para-gestores-de-alquileres-vacacionales\/#breadcrumb","itemListElement":[{"@type":"ListItem","position":1,"name":"Home","item":"https:\/\/www.hostfully.com\/es\/"},{"@type":"ListItem","position":2,"name":"Herramientas de crecimiento","item":"https:\/\/www.hostfully.com\/es\/herramientas-de-crecimiento\/"},{"@type":"ListItem","position":3,"name":"Calculadora de ROI de la gu\u00eda digital para gestores de alquileres vacacionales"}]},{"@type":"WebSite","@id":"https:\/\/www.hostfully.com\/es\/#website","url":"https:\/\/www.hostfully.com\/es\/","name":"Hostfully","description":"Award Winning Vacation Rental Software","publisher":{"@id":"https:\/\/www.hostfully.com\/es\/#organization"},"potentialAction":[{"@type":"SearchAction","target":{"@type":"EntryPoint","urlTemplate":"https:\/\/www.hostfully.com\/es\/?s={search_term_string}"},"query-input":{"@type":"PropertyValueSpecification","valueRequired":true,"valueName":"search_term_string"}}],"inLanguage":"es"},{"@type":"Organization","@id":"https:\/\/www.hostfully.com\/es\/#organization","name":"Hostfully","url":"https:\/\/www.hostfully.com\/es\/","logo":{"@type":"ImageObject","inLanguage":"es","@id":"https:\/\/www.hostfully.com\/es\/#\/schema\/logo\/image\/","url":"https:\/\/www.hostfully.com\/wp-content\/uploads\/2025\/08\/Hostfully_bluecircle_isotype_R-.png","contentUrl":"https:\/\/www.hostfully.com\/wp-content\/uploads\/2025\/08\/Hostfully_bluecircle_isotype_R-.png","width":321,"height":321,"caption":"Hostfully"},"image":{"@id":"https:\/\/www.hostfully.com\/es\/#\/schema\/logo\/image\/"},"sameAs":["https:\/\/www.facebook.com\/hostfully","https:\/\/x.com\/hostfully","https:\/\/www.instagram.com\/hostfully_\/","https:\/\/www.youtube.com\/c\/Hostfully","https:\/\/www.linkedin.com\/company\/hostfully-inc-\/"]}]}},"_links":{"self":[{"href":"https:\/\/www.hostfully.com\/es\/wp-json\/wp\/v2\/pages\/11466","targetHints":{"allow":["GET"]}}],"collection":[{"href":"https:\/\/www.hostfully.com\/es\/wp-json\/wp\/v2\/pages"}],"about":[{"href":"https:\/\/www.hostfully.com\/es\/wp-json\/wp\/v2\/types\/page"}],"author":[{"embeddable":true,"href":"https:\/\/www.hostfully.com\/es\/wp-json\/wp\/v2\/users\/2"}],"replies":[{"embeddable":true,"href":"https:\/\/www.hostfully.com\/es\/wp-json\/wp\/v2\/comments?post=11466"}],"version-history":[{"count":2,"href":"https:\/\/www.hostfully.com\/es\/wp-json\/wp\/v2\/pages\/11466\/revisions"}],"predecessor-version":[{"id":72683,"href":"https:\/\/www.hostfully.com\/es\/wp-json\/wp\/v2\/pages\/11466\/revisions\/72683"}],"up":[{"embeddable":true,"href":"https:\/\/www.hostfully.com\/es\/wp-json\/wp\/v2\/pages\/11493"}],"wp:attachment":[{"href":"https:\/\/www.hostfully.com\/es\/wp-json\/wp\/v2\/media?parent=11466"}],"curies":[{"name":"wp","href":"https:\/\/api.w.org\/{rel}","templated":true}]}}