{"id":11475,"date":"2025-11-24T18:33:34","date_gmt":"2025-11-24T18:33:34","guid":{"rendered":"https:\/\/mktdev.hostfully.com\/cuestionario-de-control-del-estado-de-tu-negocio-de-alquileres-vacacionales\/"},"modified":"2026-02-19T13:32:13","modified_gmt":"2026-02-19T13:32:13","slug":"cuestionario-de-control-del-estado-de-tu-negocio-de-alquileres-vacacionales","status":"publish","type":"page","link":"https:\/\/www.hostfully.com\/es\/herramientas-de-crecimiento\/cuestionario-de-control-del-estado-de-tu-negocio-de-alquileres-vacacionales\/","title":{"rendered":"Cuestionario de control del estado de tu negocio de alquileres vacacionales"},"content":{"rendered":"\t\t<div data-elementor-type=\"wp-page\" data-elementor-id=\"11475\" class=\"elementor elementor-11475 elementor-7841\" data-elementor-post-type=\"page\">\n\t\t\t\t<div class=\"elementor-element elementor-element-faaf74c e-con-full my-4i br-50i e-flex e-con e-parent\" data-id=\"faaf74c\" data-element_type=\"container\" data-e-type=\"container\" data-settings=\"{&quot;background_background&quot;:&quot;classic&quot;}\">\n\t\t<div class=\"elementor-element elementor-element-982f6b2 e-con-full e-flex e-con e-child\" data-id=\"982f6b2\" data-element_type=\"container\" data-e-type=\"container\">\n\t\t\t\t<div class=\"elementor-element elementor-element-4a70e6a elementor-widget elementor-widget-html\" data-id=\"4a70e6a\" data-element_type=\"widget\" data-e-type=\"widget\" data-widget_type=\"html.default\">\n\t\t\t\t<div class=\"elementor-widget-container\">\n\t\t\t\t\t<div>\r\n<div class=\"op-interactive\" id=\"5de6670dddb67c77083c1dcf\" data-url=\"https:\/\/hostfully.outgrow.us\/5de6670dddb67c77083c1dcf?vHeight=1\" data-width=\"100%\">&nbsp;<\/div>\r\n<script src=\"\/\/dyv6f9ner1ir9.cloudfront.net\/assets\/js\/nloader.js\"><\/script>\r\n<script>initIframe('5de6670dddb67c77083c1dcf');<\/script>\r\n<\/div>\t\t\t\t<\/div>\n\t\t\t\t<\/div>\n\t\t\t\t<\/div>\n\t\t\t\t<\/div>\n\t\t<div class=\"elementor-element elementor-element-6d8a2c2 e-flex e-con-boxed e-con e-parent\" data-id=\"6d8a2c2\" data-element_type=\"container\" data-e-type=\"container\">\n\t\t\t\t\t<div class=\"e-con-inner\">\n\t\t\t\t<div class=\"elementor-element elementor-element-085caad elementor-widget elementor-widget-text-editor\" data-id=\"085caad\" data-element_type=\"widget\" data-e-type=\"widget\" data-widget_type=\"text-editor.default\">\n\t\t\t\t<div class=\"elementor-widget-container\">\n\t\t\t\t\t\t\t\t\t<p>Aunque las empresas de hosteler\u00eda con tecnolog\u00eda avanzada son un fen\u00f3meno nuevo de la \u00faltima d\u00e9cada, su crecimiento sigue los modelos de negocio tradicionales. Hay cuatro funciones empresariales cr\u00edticas dentro de cualquier empresa de gesti\u00f3n de alquileres vacacionales: <strong>operaciones, marketing, ventas y gesti\u00f3n de hu\u00e9spedes<\/strong>. <\/p><p>Para los gestores de alquileres vacacionales \ud83d\ude4b\u200d\u2640\ufe0f\ud83d\ude4b\u200d\u2642\ufe0f, una pregunta que nos hacen a menudo es: <em>\u00bfC\u00f3mo saber en cu\u00e1l de estas funciones empresariales hay que centrarse?<\/em> Y la respuesta siempre era: <em>Depende<\/em>\u2026 \u00a1Hasta ahora! Hostfully ha creado un <strong>cuestionario de control del estado<\/strong> \ud83c\udfe1 del negocio de alquileres vacacionales que, bas\u00e1ndose en tus respuestas, te indicar\u00e1 en qu\u00e9 componente de tu negocio deber\u00edas centrarte m\u00e1s durante los pr\u00f3ximos 12 meses \ud83d\udcc5: operaciones, marketing, ventas o gesti\u00f3n de hu\u00e9spedes. <\/p><p>En cuesti\u00f3n de minutos tendr\u00e1s un plan de acci\u00f3n personalizado y descargable para tus alquileres vacacionales que te ayudar\u00e1 a hacer crecer \ud83d\udcc8 tu negocio y, en \u00faltima instancia, tus ingresos. Si tienes alguna pregunta sobre el cuestionario o quieres hacer un seguimiento, ponte en contacto con <a href=\"mailto:jessica@hostfully.com?subject=Let%27s%20Talk%20VRMC%20Health%20Check%20Quiz!\">jessica@hostfully.com<\/a>. \u00a1Nos encanta saber de ti! <\/p>\t\t\t\t\t\t\t\t<\/div>\n\t\t\t\t<\/div>\n\t\t\t\t\t<\/div>\n\t\t\t\t<\/div>\n\t\t\t\t<\/div>\n\t\t","protected":false},"excerpt":{"rendered":"<p>&nbsp; Aunque las empresas de hosteler\u00eda con tecnolog\u00eda avanzada son un fen\u00f3meno nuevo de la \u00faltima d\u00e9cada, su crecimiento sigue los modelos de negocio tradicionales. Hay cuatro funciones empresariales cr\u00edticas dentro de cualquier empresa de gesti\u00f3n de alquileres vacacionales: operaciones, marketing, ventas y gesti\u00f3n de hu\u00e9spedes. Para los gestores de alquileres vacacionales ????\u200d\u2640\ufe0f????\u200d\u2642\ufe0f, una pregunta [&hellip;]<\/p>\n","protected":false},"author":2,"featured_media":0,"parent":11493,"menu_order":0,"comment_status":"closed","ping_status":"closed","template":"","meta":{"footnotes":""},"class_list":["post-11475","page","type-page","status-publish","hentry"],"yoast_head":"<!-- This site is optimized with the Yoast SEO Premium plugin v27.3 (Yoast SEO v27.3) - https:\/\/yoast.com\/product\/yoast-seo-premium-wordpress\/ -->\n<title>Cuestionario de control del estado de tu negocio de alquileres vacacionales | Hostfully<\/title>\n<meta name=\"description\" content=\"Realiza nuestro Cuestionario de Diagn\u00f3stico VRMC gratuito y descubre oportunidades clave de crecimiento con un plan de acci\u00f3n personalizado para tu negocio.\" \/>\n<meta name=\"robots\" content=\"index, follow, max-snippet:-1, max-image-preview:large, max-video-preview:-1\" \/>\n<link rel=\"canonical\" href=\"https:\/\/www.hostfully.com\/es\/herramientas-de-crecimiento\/cuestionario-de-control-del-estado-de-tu-negocio-de-alquileres-vacacionales\/\" \/>\n<meta property=\"og:locale\" content=\"es_ES\" \/>\n<meta property=\"og:type\" content=\"article\" \/>\n<meta property=\"og:title\" content=\"Cuestionario de control del estado de tu negocio de alquileres vacacionales\" \/>\n<meta property=\"og:description\" content=\"Realiza nuestro Cuestionario de Diagn\u00f3stico VRMC gratuito y descubre oportunidades clave de crecimiento con un plan de acci\u00f3n personalizado para tu negocio.\" \/>\n<meta property=\"og:url\" content=\"https:\/\/www.hostfully.com\/es\/herramientas-de-crecimiento\/cuestionario-de-control-del-estado-de-tu-negocio-de-alquileres-vacacionales\/\" \/>\n<meta property=\"og:site_name\" content=\"Hostfully\" \/>\n<meta property=\"article:publisher\" content=\"https:\/\/www.facebook.com\/hostfully\" \/>\n<meta property=\"article:modified_time\" content=\"2026-02-19T13:32:13+00:00\" \/>\n<meta name=\"twitter:card\" content=\"summary_large_image\" \/>\n<meta name=\"twitter:site\" content=\"@hostfully\" \/>\n<meta name=\"twitter:label1\" content=\"Tiempo de lectura\" \/>\n\t<meta name=\"twitter:data1\" content=\"1 minuto\" \/>\n<script type=\"application\/ld+json\" class=\"yoast-schema-graph\">{\"@context\":\"https:\\\/\\\/schema.org\",\"@graph\":[{\"@type\":\"WebPage\",\"@id\":\"https:\\\/\\\/www.hostfully.com\\\/es\\\/herramientas-de-crecimiento\\\/cuestionario-de-control-del-estado-de-tu-negocio-de-alquileres-vacacionales\\\/\",\"url\":\"https:\\\/\\\/www.hostfully.com\\\/es\\\/herramientas-de-crecimiento\\\/cuestionario-de-control-del-estado-de-tu-negocio-de-alquileres-vacacionales\\\/\",\"name\":\"Cuestionario de control del estado de tu negocio de alquileres vacacionales | Hostfully\",\"isPartOf\":{\"@id\":\"https:\\\/\\\/www.hostfully.com\\\/es\\\/#website\"},\"datePublished\":\"2025-11-24T18:33:34+00:00\",\"dateModified\":\"2026-02-19T13:32:13+00:00\",\"description\":\"Realiza nuestro Cuestionario de Diagn\u00f3stico VRMC gratuito y descubre oportunidades clave de crecimiento con un plan de acci\u00f3n personalizado para tu negocio.\",\"breadcrumb\":{\"@id\":\"https:\\\/\\\/www.hostfully.com\\\/es\\\/herramientas-de-crecimiento\\\/cuestionario-de-control-del-estado-de-tu-negocio-de-alquileres-vacacionales\\\/#breadcrumb\"},\"inLanguage\":\"es\",\"potentialAction\":[{\"@type\":\"ReadAction\",\"target\":[\"https:\\\/\\\/www.hostfully.com\\\/es\\\/herramientas-de-crecimiento\\\/cuestionario-de-control-del-estado-de-tu-negocio-de-alquileres-vacacionales\\\/\"]}]},{\"@type\":\"BreadcrumbList\",\"@id\":\"https:\\\/\\\/www.hostfully.com\\\/es\\\/herramientas-de-crecimiento\\\/cuestionario-de-control-del-estado-de-tu-negocio-de-alquileres-vacacionales\\\/#breadcrumb\",\"itemListElement\":[{\"@type\":\"ListItem\",\"position\":1,\"name\":\"Home\",\"item\":\"https:\\\/\\\/www.hostfully.com\\\/es\\\/\"},{\"@type\":\"ListItem\",\"position\":2,\"name\":\"Herramientas de crecimiento\",\"item\":\"https:\\\/\\\/www.hostfully.com\\\/es\\\/herramientas-de-crecimiento\\\/\"},{\"@type\":\"ListItem\",\"position\":3,\"name\":\"Cuestionario de control del estado de tu negocio de alquileres vacacionales\"}]},{\"@type\":\"WebSite\",\"@id\":\"https:\\\/\\\/www.hostfully.com\\\/es\\\/#website\",\"url\":\"https:\\\/\\\/www.hostfully.com\\\/es\\\/\",\"name\":\"Hostfully\",\"description\":\"Award Winning Vacation Rental Software\",\"publisher\":{\"@id\":\"https:\\\/\\\/www.hostfully.com\\\/es\\\/#organization\"},\"potentialAction\":[{\"@type\":\"SearchAction\",\"target\":{\"@type\":\"EntryPoint\",\"urlTemplate\":\"https:\\\/\\\/www.hostfully.com\\\/es\\\/?s={search_term_string}\"},\"query-input\":{\"@type\":\"PropertyValueSpecification\",\"valueRequired\":true,\"valueName\":\"search_term_string\"}}],\"inLanguage\":\"es\"},{\"@type\":\"Organization\",\"@id\":\"https:\\\/\\\/www.hostfully.com\\\/es\\\/#organization\",\"name\":\"Hostfully\",\"url\":\"https:\\\/\\\/www.hostfully.com\\\/es\\\/\",\"logo\":{\"@type\":\"ImageObject\",\"inLanguage\":\"es\",\"@id\":\"https:\\\/\\\/www.hostfully.com\\\/es\\\/#\\\/schema\\\/logo\\\/image\\\/\",\"url\":\"https:\\\/\\\/www.hostfully.com\\\/wp-content\\\/uploads\\\/2025\\\/08\\\/Hostfully_bluecircle_isotype_R-.png\",\"contentUrl\":\"https:\\\/\\\/www.hostfully.com\\\/wp-content\\\/uploads\\\/2025\\\/08\\\/Hostfully_bluecircle_isotype_R-.png\",\"width\":321,\"height\":321,\"caption\":\"Hostfully\"},\"image\":{\"@id\":\"https:\\\/\\\/www.hostfully.com\\\/es\\\/#\\\/schema\\\/logo\\\/image\\\/\"},\"sameAs\":[\"https:\\\/\\\/www.facebook.com\\\/hostfully\",\"https:\\\/\\\/x.com\\\/hostfully\",\"https:\\\/\\\/www.instagram.com\\\/hostfully_\\\/\",\"https:\\\/\\\/www.youtube.com\\\/c\\\/Hostfully\",\"https:\\\/\\\/www.linkedin.com\\\/company\\\/hostfully-inc-\\\/\"]}]}<\/script>\n<!-- \/ Yoast SEO Premium plugin. -->","yoast_head_json":{"title":"Cuestionario de control del estado de tu negocio de alquileres vacacionales | Hostfully","description":"Realiza nuestro Cuestionario de Diagn\u00f3stico VRMC gratuito y descubre oportunidades clave de crecimiento con un plan de acci\u00f3n personalizado para tu negocio.","robots":{"index":"index","follow":"follow","max-snippet":"max-snippet:-1","max-image-preview":"max-image-preview:large","max-video-preview":"max-video-preview:-1"},"canonical":"https:\/\/www.hostfully.com\/es\/herramientas-de-crecimiento\/cuestionario-de-control-del-estado-de-tu-negocio-de-alquileres-vacacionales\/","og_locale":"es_ES","og_type":"article","og_title":"Cuestionario de control del estado de tu negocio de alquileres vacacionales","og_description":"Realiza nuestro Cuestionario de Diagn\u00f3stico VRMC gratuito y descubre oportunidades clave de crecimiento con un plan de acci\u00f3n personalizado para tu negocio.","og_url":"https:\/\/www.hostfully.com\/es\/herramientas-de-crecimiento\/cuestionario-de-control-del-estado-de-tu-negocio-de-alquileres-vacacionales\/","og_site_name":"Hostfully","article_publisher":"https:\/\/www.facebook.com\/hostfully","article_modified_time":"2026-02-19T13:32:13+00:00","twitter_card":"summary_large_image","twitter_site":"@hostfully","twitter_misc":{"Tiempo de lectura":"1 minuto"},"schema":{"@context":"https:\/\/schema.org","@graph":[{"@type":"WebPage","@id":"https:\/\/www.hostfully.com\/es\/herramientas-de-crecimiento\/cuestionario-de-control-del-estado-de-tu-negocio-de-alquileres-vacacionales\/","url":"https:\/\/www.hostfully.com\/es\/herramientas-de-crecimiento\/cuestionario-de-control-del-estado-de-tu-negocio-de-alquileres-vacacionales\/","name":"Cuestionario de control del estado de tu negocio de alquileres vacacionales | Hostfully","isPartOf":{"@id":"https:\/\/www.hostfully.com\/es\/#website"},"datePublished":"2025-11-24T18:33:34+00:00","dateModified":"2026-02-19T13:32:13+00:00","description":"Realiza nuestro Cuestionario de Diagn\u00f3stico VRMC gratuito y descubre oportunidades clave de crecimiento con un plan de acci\u00f3n personalizado para tu negocio.","breadcrumb":{"@id":"https:\/\/www.hostfully.com\/es\/herramientas-de-crecimiento\/cuestionario-de-control-del-estado-de-tu-negocio-de-alquileres-vacacionales\/#breadcrumb"},"inLanguage":"es","potentialAction":[{"@type":"ReadAction","target":["https:\/\/www.hostfully.com\/es\/herramientas-de-crecimiento\/cuestionario-de-control-del-estado-de-tu-negocio-de-alquileres-vacacionales\/"]}]},{"@type":"BreadcrumbList","@id":"https:\/\/www.hostfully.com\/es\/herramientas-de-crecimiento\/cuestionario-de-control-del-estado-de-tu-negocio-de-alquileres-vacacionales\/#breadcrumb","itemListElement":[{"@type":"ListItem","position":1,"name":"Home","item":"https:\/\/www.hostfully.com\/es\/"},{"@type":"ListItem","position":2,"name":"Herramientas de crecimiento","item":"https:\/\/www.hostfully.com\/es\/herramientas-de-crecimiento\/"},{"@type":"ListItem","position":3,"name":"Cuestionario de control del estado de tu negocio de alquileres vacacionales"}]},{"@type":"WebSite","@id":"https:\/\/www.hostfully.com\/es\/#website","url":"https:\/\/www.hostfully.com\/es\/","name":"Hostfully","description":"Award Winning Vacation Rental Software","publisher":{"@id":"https:\/\/www.hostfully.com\/es\/#organization"},"potentialAction":[{"@type":"SearchAction","target":{"@type":"EntryPoint","urlTemplate":"https:\/\/www.hostfully.com\/es\/?s={search_term_string}"},"query-input":{"@type":"PropertyValueSpecification","valueRequired":true,"valueName":"search_term_string"}}],"inLanguage":"es"},{"@type":"Organization","@id":"https:\/\/www.hostfully.com\/es\/#organization","name":"Hostfully","url":"https:\/\/www.hostfully.com\/es\/","logo":{"@type":"ImageObject","inLanguage":"es","@id":"https:\/\/www.hostfully.com\/es\/#\/schema\/logo\/image\/","url":"https:\/\/www.hostfully.com\/wp-content\/uploads\/2025\/08\/Hostfully_bluecircle_isotype_R-.png","contentUrl":"https:\/\/www.hostfully.com\/wp-content\/uploads\/2025\/08\/Hostfully_bluecircle_isotype_R-.png","width":321,"height":321,"caption":"Hostfully"},"image":{"@id":"https:\/\/www.hostfully.com\/es\/#\/schema\/logo\/image\/"},"sameAs":["https:\/\/www.facebook.com\/hostfully","https:\/\/x.com\/hostfully","https:\/\/www.instagram.com\/hostfully_\/","https:\/\/www.youtube.com\/c\/Hostfully","https:\/\/www.linkedin.com\/company\/hostfully-inc-\/"]}]}},"_links":{"self":[{"href":"https:\/\/www.hostfully.com\/es\/wp-json\/wp\/v2\/pages\/11475","targetHints":{"allow":["GET"]}}],"collection":[{"href":"https:\/\/www.hostfully.com\/es\/wp-json\/wp\/v2\/pages"}],"about":[{"href":"https:\/\/www.hostfully.com\/es\/wp-json\/wp\/v2\/types\/page"}],"author":[{"embeddable":true,"href":"https:\/\/www.hostfully.com\/es\/wp-json\/wp\/v2\/users\/2"}],"replies":[{"embeddable":true,"href":"https:\/\/www.hostfully.com\/es\/wp-json\/wp\/v2\/comments?post=11475"}],"version-history":[{"count":1,"href":"https:\/\/www.hostfully.com\/es\/wp-json\/wp\/v2\/pages\/11475\/revisions"}],"predecessor-version":[{"id":72680,"href":"https:\/\/www.hostfully.com\/es\/wp-json\/wp\/v2\/pages\/11475\/revisions\/72680"}],"up":[{"embeddable":true,"href":"https:\/\/www.hostfully.com\/es\/wp-json\/wp\/v2\/pages\/11493"}],"wp:attachment":[{"href":"https:\/\/www.hostfully.com\/es\/wp-json\/wp\/v2\/media?parent=11475"}],"curies":[{"name":"wp","href":"https:\/\/api.w.org\/{rel}","templated":true}]}}