{"id":69963,"date":"2026-02-12T14:14:00","date_gmt":"2026-02-12T14:14:00","guid":{"rendered":"https:\/\/mktdev.hostfully.com\/agenda-una-demostracion\/"},"modified":"2026-02-12T14:28:18","modified_gmt":"2026-02-12T14:28:18","slug":"agenda-una-demostracion","status":"publish","type":"page","link":"https:\/\/www.hostfully.com\/es\/agenda-una-demostracion\/","title":{"rendered":"Agenda una demostraci\u00f3n"},"content":{"rendered":"\t\t<div data-elementor-type=\"wp-page\" data-elementor-id=\"69963\" class=\"elementor elementor-69963 elementor-69928\" data-elementor-post-type=\"page\">\n\t\t\t\t<div class=\"elementor-element elementor-element-b86f4b4 hf-hero e-flex e-con-boxed e-con e-parent\" data-id=\"b86f4b4\" data-element_type=\"container\" data-e-type=\"container\">\n\t\t\t\t\t<div class=\"e-con-inner\">\n\t\t<div class=\"elementor-element elementor-element-c84c8e3 e-con-full e-flex e-con e-child\" data-id=\"c84c8e3\" data-element_type=\"container\" data-e-type=\"container\">\n\t\t<div class=\"elementor-element elementor-element-71eff5b e-con-full e-flex e-con e-child\" data-id=\"71eff5b\" data-element_type=\"container\" data-e-type=\"container\">\n\t\t\t\t<div class=\"elementor-element elementor-element-f26a392 elementor-widget elementor-widget-heading\" data-id=\"f26a392\" data-element_type=\"widget\" data-e-type=\"widget\" data-widget_type=\"heading.default\">\n\t\t\t\t<div class=\"elementor-widget-container\">\n\t\t\t\t\t<h1 class=\"elementor-heading-title elementor-size-default\">Demostraci\u00f3n gratuita para tu negocio de alquiler vacacional<\/h1>\t\t\t\t<\/div>\n\t\t\t\t<\/div>\n\t\t\t\t<div class=\"elementor-element elementor-element-4941132 text-lg elementor-widget elementor-widget-text-editor\" data-id=\"4941132\" data-element_type=\"widget\" data-e-type=\"widget\" data-widget_type=\"text-editor.default\">\n\t\t\t\t<div class=\"elementor-widget-container\">\n\t\t\t\t\t\t\t\t\t<ul class=\"listing listing-random style-1\"><li>Llamada personalizada 1 a 1<\/li><li>Resuelve todas tus preguntas<\/li><li>Descubre c\u00f3mo puedes resolver los problemas de tu negocio<\/li><\/ul>\t\t\t\t\t\t\t\t<\/div>\n\t\t\t\t<\/div>\n\t\t<div class=\"elementor-element elementor-element-d71c8cc e-con-full e-flex e-con e-child\" data-id=\"d71c8cc\" data-element_type=\"container\" data-e-type=\"container\">\n\t\t<div class=\"elementor-element elementor-element-826ee5f e-con-full e-flex e-con e-child\" data-id=\"826ee5f\" data-element_type=\"container\" data-e-type=\"container\" data-settings=\"{&quot;animation&quot;:&quot;none&quot;}\">\n\t\t\t\t<div class=\"elementor-element elementor-element-0215197 elementor-widget elementor-widget-image\" data-id=\"0215197\" data-element_type=\"widget\" data-e-type=\"widget\" data-widget_type=\"image.default\">\n\t\t\t\t<div class=\"elementor-widget-container\">\n\t\t\t\t\t\t\t\t\t\t\t\t\t\t\t<img decoding=\"async\" width=\"117\" height=\"111\" src=\"https:\/\/www.hostfully.com\/wp-content\/uploads\/2026\/02\/Layer-11.svg\" class=\"attachment-full size-full wp-image-69964\" alt=\"\" \/>\t\t\t\t\t\t\t\t\t\t\t\t\t\t\t<\/div>\n\t\t\t\t<\/div>\n\t\t\t\t<div class=\"elementor-element elementor-element-8852a21 elementor-widget elementor-widget-image\" data-id=\"8852a21\" data-element_type=\"widget\" data-e-type=\"widget\" data-widget_type=\"image.default\">\n\t\t\t\t<div class=\"elementor-widget-container\">\n\t\t\t\t\t\t\t\t\t\t\t\t\t\t\t<img decoding=\"async\" width=\"106\" height=\"111\" src=\"https:\/\/www.hostfully.com\/wp-content\/uploads\/2026\/02\/SA_CrowdBadge_MostRecommended_2021_Full-Color.svg\" class=\"attachment-full size-full wp-image-69965\" alt=\"\" \/>\t\t\t\t\t\t\t\t\t\t\t\t\t\t\t<\/div>\n\t\t\t\t<\/div>\n\t\t\t\t<div class=\"elementor-element elementor-element-c485238 elementor-widget elementor-widget-image\" data-id=\"c485238\" data-element_type=\"widget\" data-e-type=\"widget\" data-widget_type=\"image.default\">\n\t\t\t\t<div class=\"elementor-widget-container\">\n\t\t\t\t\t\t\t\t\t\t\t\t\t\t\t<img decoding=\"async\" width=\"109\" height=\"111\" src=\"https:\/\/www.hostfully.com\/wp-content\/uploads\/2026\/02\/Layer-1.svg\" class=\"attachment-full size-full wp-image-69966\" alt=\"\" \/>\t\t\t\t\t\t\t\t\t\t\t\t\t\t\t<\/div>\n\t\t\t\t<\/div>\n\t\t\t\t<div class=\"elementor-element elementor-element-7e265e6 elementor-widget elementor-widget-image\" data-id=\"7e265e6\" data-element_type=\"widget\" data-e-type=\"widget\" data-widget_type=\"image.default\">\n\t\t\t\t<div class=\"elementor-widget-container\">\n\t\t\t\t\t\t\t\t\t\t\t\t\t\t\t<img loading=\"lazy\" decoding=\"async\" width=\"143\" height=\"111\" src=\"https:\/\/www.hostfully.com\/wp-content\/uploads\/2026\/02\/GA_Badge_CategoryLeaders_2021_FullColor.svg\" class=\"attachment-full size-full wp-image-69967\" alt=\"\" \/>\t\t\t\t\t\t\t\t\t\t\t\t\t\t\t<\/div>\n\t\t\t\t<\/div>\n\t\t\t\t<div class=\"elementor-element elementor-element-df6ca9b elementor-widget elementor-widget-image\" data-id=\"df6ca9b\" data-element_type=\"widget\" data-e-type=\"widget\" data-widget_type=\"image.default\">\n\t\t\t\t<div class=\"elementor-widget-container\">\n\t\t\t\t\t\t\t\t\t\t\t\t\t\t\t<img loading=\"lazy\" decoding=\"async\" width=\"1450\" height=\"1200\" src=\"https:\/\/www.hostfully.com\/wp-content\/uploads\/2026\/02\/CAP-dark-shortlist-badge.png\" class=\"attachment-full size-full wp-image-69968\" alt=\"\" srcset=\"https:\/\/www.hostfully.com\/wp-content\/uploads\/2026\/02\/CAP-dark-shortlist-badge.png 1450w, https:\/\/www.hostfully.com\/wp-content\/uploads\/2026\/02\/CAP-dark-shortlist-badge-300x248.png 300w, https:\/\/www.hostfully.com\/wp-content\/uploads\/2026\/02\/CAP-dark-shortlist-badge-1024x847.png 1024w, https:\/\/www.hostfully.com\/wp-content\/uploads\/2026\/02\/CAP-dark-shortlist-badge-768x636.png 768w\" sizes=\"(max-width: 1450px) 100vw, 1450px\" \/>\t\t\t\t\t\t\t\t\t\t\t\t\t\t\t<\/div>\n\t\t\t\t<\/div>\n\t\t\t\t<div class=\"elementor-element elementor-element-01659d4 elementor-widget elementor-widget-image\" data-id=\"01659d4\" data-element_type=\"widget\" data-e-type=\"widget\" data-widget_type=\"image.default\">\n\t\t\t\t<div class=\"elementor-widget-container\">\n\t\t\t\t\t\t\t\t\t\t\t\t\t\t\t<img loading=\"lazy\" decoding=\"async\" width=\"259\" height=\"111\" src=\"https:\/\/www.hostfully.com\/wp-content\/uploads\/2026\/02\/Asset-5@4x.svg\" class=\"attachment-full size-full wp-image-69969\" alt=\"\" \/>\t\t\t\t\t\t\t\t\t\t\t\t\t\t\t<\/div>\n\t\t\t\t<\/div>\n\t\t\t\t<div class=\"elementor-element elementor-element-80edbd4 elementor-widget elementor-widget-image\" data-id=\"80edbd4\" data-element_type=\"widget\" data-e-type=\"widget\" data-widget_type=\"image.default\">\n\t\t\t\t<div class=\"elementor-widget-container\">\n\t\t\t\t\t\t\t\t\t\t\t\t\t\t\t<img loading=\"lazy\" decoding=\"async\" width=\"582\" height=\"460\" src=\"https:\/\/www.hostfully.com\/wp-content\/uploads\/2026\/02\/Hostfully-Tier-Badge-789af5ae1038b4101d94a2169ddd74e1-1.png\" class=\"attachment-full size-full wp-image-69970\" alt=\"\" srcset=\"https:\/\/www.hostfully.com\/wp-content\/uploads\/2026\/02\/Hostfully-Tier-Badge-789af5ae1038b4101d94a2169ddd74e1-1.png 582w, https:\/\/www.hostfully.com\/wp-content\/uploads\/2026\/02\/Hostfully-Tier-Badge-789af5ae1038b4101d94a2169ddd74e1-1-300x237.png 300w\" sizes=\"(max-width: 582px) 100vw, 582px\" \/>\t\t\t\t\t\t\t\t\t\t\t\t\t\t\t<\/div>\n\t\t\t\t<\/div>\n\t\t\t\t<\/div>\n\t\t<div class=\"elementor-element elementor-element-2eb174a e-con-full e-flex e-con e-child\" data-id=\"2eb174a\" data-element_type=\"container\" data-e-type=\"container\">\n\t\t<div class=\"elementor-element elementor-element-d509734 e-con-full e-flex e-con e-child\" data-id=\"d509734\" data-element_type=\"container\" data-e-type=\"container\">\n\t\t\t\t<div class=\"elementor-element elementor-element-f714089 elementor-widget elementor-widget-image\" data-id=\"f714089\" data-element_type=\"widget\" data-e-type=\"widget\" data-widget_type=\"image.default\">\n\t\t\t\t<div class=\"elementor-widget-container\">\n\t\t\t\t\t\t\t\t\t\t\t\t\t\t\t<img loading=\"lazy\" decoding=\"async\" width=\"221\" height=\"100\" src=\"https:\/\/www.hostfully.com\/wp-content\/uploads\/2026\/02\/airbnb_preferredplus2024_badgewhite_221x100.png\" class=\"attachment-full size-full wp-image-69971\" alt=\"\" \/>\t\t\t\t\t\t\t\t\t\t\t\t\t\t\t<\/div>\n\t\t\t\t<\/div>\n\t\t\t\t<\/div>\n\t\t<div class=\"elementor-element elementor-element-dea2ec6 e-con-full e-flex e-con e-child\" data-id=\"dea2ec6\" data-element_type=\"container\" data-e-type=\"container\">\n\t\t\t\t<div class=\"elementor-element elementor-element-8b05663 elementor-widget elementor-widget-image\" data-id=\"8b05663\" data-element_type=\"widget\" data-e-type=\"widget\" data-widget_type=\"image.default\">\n\t\t\t\t<div class=\"elementor-widget-container\">\n\t\t\t\t\t\t\t\t\t\t\t\t\t\t\t<img loading=\"lazy\" decoding=\"async\" width=\"253\" height=\"100\" src=\"https:\/\/www.hostfully.com\/wp-content\/uploads\/2026\/02\/ad0289d0-d762-4fcb-b543-12d8b1d5f4fd.png\" class=\"attachment-full size-full wp-image-69972\" alt=\"\" \/>\t\t\t\t\t\t\t\t\t\t\t\t\t\t\t<\/div>\n\t\t\t\t<\/div>\n\t\t\t\t<\/div>\n\t\t<div class=\"elementor-element elementor-element-8ba437c e-con-full e-flex e-con e-child\" data-id=\"8ba437c\" data-element_type=\"container\" data-e-type=\"container\">\n\t\t\t\t<div class=\"elementor-element elementor-element-6089bac elementor-widget elementor-widget-image\" data-id=\"6089bac\" data-element_type=\"widget\" data-e-type=\"widget\" data-widget_type=\"image.default\">\n\t\t\t\t<div class=\"elementor-widget-container\">\n\t\t\t\t\t\t\t\t\t\t\t\t\t\t\t<img loading=\"lazy\" decoding=\"async\" width=\"205\" height=\"100\" src=\"https:\/\/www.hostfully.com\/wp-content\/uploads\/2026\/02\/Vrbo_elite24.png\" class=\"attachment-full size-full wp-image-69973\" alt=\"\" \/>\t\t\t\t\t\t\t\t\t\t\t\t\t\t\t<\/div>\n\t\t\t\t<\/div>\n\t\t\t\t<\/div>\n\t\t\t\t<\/div>\n\t\t\t\t<\/div>\n\t\t\t\t<\/div>\n\t\t\t\t<\/div>\n\t\t<div class=\"elementor-element elementor-element-6dd04c4 e-con-full e-flex e-con e-child\" data-id=\"6dd04c4\" data-element_type=\"container\" data-e-type=\"container\">\n\t\t\t\t<div class=\"elementor-element elementor-element-b8cf967 elementor-widget elementor-widget-image\" data-id=\"b8cf967\" data-element_type=\"widget\" data-e-type=\"widget\" data-widget_type=\"image.default\">\n\t\t\t\t<div class=\"elementor-widget-container\">\n\t\t\t\t\t\t\t\t\t\t\t\t\t\t\t<img loading=\"lazy\" decoding=\"async\" width=\"995\" height=\"1022\" src=\"https:\/\/www.hostfully.com\/wp-content\/uploads\/2026\/02\/Group-4843.png\" class=\"attachment-full size-full wp-image-69974\" alt=\"\" srcset=\"https:\/\/www.hostfully.com\/wp-content\/uploads\/2026\/02\/Group-4843.png 995w, https:\/\/www.hostfully.com\/wp-content\/uploads\/2026\/02\/Group-4843-292x300.png 292w, https:\/\/www.hostfully.com\/wp-content\/uploads\/2026\/02\/Group-4843-768x789.png 768w\" sizes=\"(max-width: 995px) 100vw, 995px\" \/>\t\t\t\t\t\t\t\t\t\t\t\t\t\t\t<\/div>\n\t\t\t\t<\/div>\n\t\t\t\t<\/div>\n\t\t\t\t\t<\/div>\n\t\t\t\t<\/div>\n\t\t\t\t<\/div>\n\t\t","protected":false},"excerpt":{"rendered":"<p>Demostraci\u00f3n gratuita para tu negocio de alquiler vacacional Llamada personalizada 1 a 1 Resuelve todas tus preguntas Descubre c\u00f3mo puedes resolver los problemas de tu negocio<\/p>\n","protected":false},"author":2,"featured_media":0,"parent":0,"menu_order":0,"comment_status":"closed","ping_status":"closed","template":"","meta":{"footnotes":""},"class_list":["post-69963","page","type-page","status-publish","hentry"],"yoast_head":"<!-- This site is optimized with the Yoast SEO Premium plugin v27.3 (Yoast SEO v27.3) - https:\/\/yoast.com\/product\/yoast-seo-premium-wordpress\/ -->\n<title>Agenda una demostraci\u00f3n | Hostfully<\/title>\n<meta name=\"robots\" content=\"index, follow, max-snippet:-1, max-image-preview:large, max-video-preview:-1\" \/>\n<link rel=\"canonical\" href=\"https:\/\/www.hostfully.com\/es\/agenda-una-demostracion\/\" \/>\n<meta property=\"og:locale\" content=\"es_ES\" \/>\n<meta property=\"og:type\" content=\"article\" \/>\n<meta property=\"og:title\" content=\"Agenda una demostraci\u00f3n\" \/>\n<meta property=\"og:description\" content=\"Demostraci\u00f3n gratuita para tu negocio de alquiler vacacional Llamada personalizada 1 a 1 Resuelve todas tus preguntas Descubre c\u00f3mo puedes resolver los problemas de tu negocio\" \/>\n<meta property=\"og:url\" content=\"https:\/\/www.hostfully.com\/es\/agenda-una-demostracion\/\" \/>\n<meta property=\"og:site_name\" content=\"Hostfully\" \/>\n<meta property=\"article:publisher\" content=\"https:\/\/www.facebook.com\/hostfully\" \/>\n<meta property=\"article:modified_time\" content=\"2026-02-12T14:28:18+00:00\" \/>\n<meta name=\"twitter:card\" content=\"summary_large_image\" \/>\n<meta name=\"twitter:site\" content=\"@hostfully\" \/>\n<script type=\"application\/ld+json\" class=\"yoast-schema-graph\">{\"@context\":\"https:\\\/\\\/schema.org\",\"@graph\":[{\"@type\":\"WebPage\",\"@id\":\"https:\\\/\\\/www.hostfully.com\\\/es\\\/agenda-una-demostracion\\\/\",\"url\":\"https:\\\/\\\/www.hostfully.com\\\/es\\\/agenda-una-demostracion\\\/\",\"name\":\"Agenda una demostraci\u00f3n | Hostfully\",\"isPartOf\":{\"@id\":\"https:\\\/\\\/www.hostfully.com\\\/es\\\/#website\"},\"primaryImageOfPage\":{\"@id\":\"https:\\\/\\\/www.hostfully.com\\\/es\\\/agenda-una-demostracion\\\/#primaryimage\"},\"image\":{\"@id\":\"https:\\\/\\\/www.hostfully.com\\\/es\\\/agenda-una-demostracion\\\/#primaryimage\"},\"thumbnailUrl\":\"https:\\\/\\\/www.hostfully.com\\\/wp-content\\\/uploads\\\/2026\\\/02\\\/Layer-11.svg\",\"datePublished\":\"2026-02-12T14:14:00+00:00\",\"dateModified\":\"2026-02-12T14:28:18+00:00\",\"breadcrumb\":{\"@id\":\"https:\\\/\\\/www.hostfully.com\\\/es\\\/agenda-una-demostracion\\\/#breadcrumb\"},\"inLanguage\":\"es\",\"potentialAction\":[{\"@type\":\"ReadAction\",\"target\":[\"https:\\\/\\\/www.hostfully.com\\\/es\\\/agenda-una-demostracion\\\/\"]}]},{\"@type\":\"ImageObject\",\"inLanguage\":\"es\",\"@id\":\"https:\\\/\\\/www.hostfully.com\\\/es\\\/agenda-una-demostracion\\\/#primaryimage\",\"url\":\"https:\\\/\\\/www.hostfully.com\\\/wp-content\\\/uploads\\\/2026\\\/02\\\/Layer-11.svg\",\"contentUrl\":\"https:\\\/\\\/www.hostfully.com\\\/wp-content\\\/uploads\\\/2026\\\/02\\\/Layer-11.svg\"},{\"@type\":\"BreadcrumbList\",\"@id\":\"https:\\\/\\\/www.hostfully.com\\\/es\\\/agenda-una-demostracion\\\/#breadcrumb\",\"itemListElement\":[{\"@type\":\"ListItem\",\"position\":1,\"name\":\"Home\",\"item\":\"https:\\\/\\\/www.hostfully.com\\\/es\\\/\"},{\"@type\":\"ListItem\",\"position\":2,\"name\":\"Agenda una demostraci\u00f3n\"}]},{\"@type\":\"WebSite\",\"@id\":\"https:\\\/\\\/www.hostfully.com\\\/es\\\/#website\",\"url\":\"https:\\\/\\\/www.hostfully.com\\\/es\\\/\",\"name\":\"Hostfully\",\"description\":\"Award Winning Vacation Rental Software\",\"publisher\":{\"@id\":\"https:\\\/\\\/www.hostfully.com\\\/es\\\/#organization\"},\"potentialAction\":[{\"@type\":\"SearchAction\",\"target\":{\"@type\":\"EntryPoint\",\"urlTemplate\":\"https:\\\/\\\/www.hostfully.com\\\/es\\\/?s={search_term_string}\"},\"query-input\":{\"@type\":\"PropertyValueSpecification\",\"valueRequired\":true,\"valueName\":\"search_term_string\"}}],\"inLanguage\":\"es\"},{\"@type\":\"Organization\",\"@id\":\"https:\\\/\\\/www.hostfully.com\\\/es\\\/#organization\",\"name\":\"Hostfully\",\"url\":\"https:\\\/\\\/www.hostfully.com\\\/es\\\/\",\"logo\":{\"@type\":\"ImageObject\",\"inLanguage\":\"es\",\"@id\":\"https:\\\/\\\/www.hostfully.com\\\/es\\\/#\\\/schema\\\/logo\\\/image\\\/\",\"url\":\"https:\\\/\\\/www.hostfully.com\\\/wp-content\\\/uploads\\\/2025\\\/08\\\/Hostfully_bluecircle_isotype_R-.png\",\"contentUrl\":\"https:\\\/\\\/www.hostfully.com\\\/wp-content\\\/uploads\\\/2025\\\/08\\\/Hostfully_bluecircle_isotype_R-.png\",\"width\":321,\"height\":321,\"caption\":\"Hostfully\"},\"image\":{\"@id\":\"https:\\\/\\\/www.hostfully.com\\\/es\\\/#\\\/schema\\\/logo\\\/image\\\/\"},\"sameAs\":[\"https:\\\/\\\/www.facebook.com\\\/hostfully\",\"https:\\\/\\\/x.com\\\/hostfully\",\"https:\\\/\\\/www.instagram.com\\\/hostfully_\\\/\",\"https:\\\/\\\/www.youtube.com\\\/c\\\/Hostfully\",\"https:\\\/\\\/www.linkedin.com\\\/company\\\/hostfully-inc-\\\/\"]}]}<\/script>\n<!-- \/ Yoast SEO Premium plugin. -->","yoast_head_json":{"title":"Agenda una demostraci\u00f3n | Hostfully","robots":{"index":"index","follow":"follow","max-snippet":"max-snippet:-1","max-image-preview":"max-image-preview:large","max-video-preview":"max-video-preview:-1"},"canonical":"https:\/\/www.hostfully.com\/es\/agenda-una-demostracion\/","og_locale":"es_ES","og_type":"article","og_title":"Agenda una demostraci\u00f3n","og_description":"Demostraci\u00f3n gratuita para tu negocio de alquiler vacacional Llamada personalizada 1 a 1 Resuelve todas tus preguntas Descubre c\u00f3mo puedes resolver los problemas de tu negocio","og_url":"https:\/\/www.hostfully.com\/es\/agenda-una-demostracion\/","og_site_name":"Hostfully","article_publisher":"https:\/\/www.facebook.com\/hostfully","article_modified_time":"2026-02-12T14:28:18+00:00","twitter_card":"summary_large_image","twitter_site":"@hostfully","schema":{"@context":"https:\/\/schema.org","@graph":[{"@type":"WebPage","@id":"https:\/\/www.hostfully.com\/es\/agenda-una-demostracion\/","url":"https:\/\/www.hostfully.com\/es\/agenda-una-demostracion\/","name":"Agenda una demostraci\u00f3n | Hostfully","isPartOf":{"@id":"https:\/\/www.hostfully.com\/es\/#website"},"primaryImageOfPage":{"@id":"https:\/\/www.hostfully.com\/es\/agenda-una-demostracion\/#primaryimage"},"image":{"@id":"https:\/\/www.hostfully.com\/es\/agenda-una-demostracion\/#primaryimage"},"thumbnailUrl":"https:\/\/www.hostfully.com\/wp-content\/uploads\/2026\/02\/Layer-11.svg","datePublished":"2026-02-12T14:14:00+00:00","dateModified":"2026-02-12T14:28:18+00:00","breadcrumb":{"@id":"https:\/\/www.hostfully.com\/es\/agenda-una-demostracion\/#breadcrumb"},"inLanguage":"es","potentialAction":[{"@type":"ReadAction","target":["https:\/\/www.hostfully.com\/es\/agenda-una-demostracion\/"]}]},{"@type":"ImageObject","inLanguage":"es","@id":"https:\/\/www.hostfully.com\/es\/agenda-una-demostracion\/#primaryimage","url":"https:\/\/www.hostfully.com\/wp-content\/uploads\/2026\/02\/Layer-11.svg","contentUrl":"https:\/\/www.hostfully.com\/wp-content\/uploads\/2026\/02\/Layer-11.svg"},{"@type":"BreadcrumbList","@id":"https:\/\/www.hostfully.com\/es\/agenda-una-demostracion\/#breadcrumb","itemListElement":[{"@type":"ListItem","position":1,"name":"Home","item":"https:\/\/www.hostfully.com\/es\/"},{"@type":"ListItem","position":2,"name":"Agenda una demostraci\u00f3n"}]},{"@type":"WebSite","@id":"https:\/\/www.hostfully.com\/es\/#website","url":"https:\/\/www.hostfully.com\/es\/","name":"Hostfully","description":"Award Winning Vacation Rental Software","publisher":{"@id":"https:\/\/www.hostfully.com\/es\/#organization"},"potentialAction":[{"@type":"SearchAction","target":{"@type":"EntryPoint","urlTemplate":"https:\/\/www.hostfully.com\/es\/?s={search_term_string}"},"query-input":{"@type":"PropertyValueSpecification","valueRequired":true,"valueName":"search_term_string"}}],"inLanguage":"es"},{"@type":"Organization","@id":"https:\/\/www.hostfully.com\/es\/#organization","name":"Hostfully","url":"https:\/\/www.hostfully.com\/es\/","logo":{"@type":"ImageObject","inLanguage":"es","@id":"https:\/\/www.hostfully.com\/es\/#\/schema\/logo\/image\/","url":"https:\/\/www.hostfully.com\/wp-content\/uploads\/2025\/08\/Hostfully_bluecircle_isotype_R-.png","contentUrl":"https:\/\/www.hostfully.com\/wp-content\/uploads\/2025\/08\/Hostfully_bluecircle_isotype_R-.png","width":321,"height":321,"caption":"Hostfully"},"image":{"@id":"https:\/\/www.hostfully.com\/es\/#\/schema\/logo\/image\/"},"sameAs":["https:\/\/www.facebook.com\/hostfully","https:\/\/x.com\/hostfully","https:\/\/www.instagram.com\/hostfully_\/","https:\/\/www.youtube.com\/c\/Hostfully","https:\/\/www.linkedin.com\/company\/hostfully-inc-\/"]}]}},"_links":{"self":[{"href":"https:\/\/www.hostfully.com\/es\/wp-json\/wp\/v2\/pages\/69963","targetHints":{"allow":["GET"]}}],"collection":[{"href":"https:\/\/www.hostfully.com\/es\/wp-json\/wp\/v2\/pages"}],"about":[{"href":"https:\/\/www.hostfully.com\/es\/wp-json\/wp\/v2\/types\/page"}],"author":[{"embeddable":true,"href":"https:\/\/www.hostfully.com\/es\/wp-json\/wp\/v2\/users\/2"}],"replies":[{"embeddable":true,"href":"https:\/\/www.hostfully.com\/es\/wp-json\/wp\/v2\/comments?post=69963"}],"version-history":[{"count":1,"href":"https:\/\/www.hostfully.com\/es\/wp-json\/wp\/v2\/pages\/69963\/revisions"}],"predecessor-version":[{"id":69976,"href":"https:\/\/www.hostfully.com\/es\/wp-json\/wp\/v2\/pages\/69963\/revisions\/69976"}],"wp:attachment":[{"href":"https:\/\/www.hostfully.com\/es\/wp-json\/wp\/v2\/media?parent=69963"}],"curies":[{"name":"wp","href":"https:\/\/api.w.org\/{rel}","templated":true}]}}