{"id":103583,"date":"2025-10-27T22:37:14","date_gmt":"2025-10-27T22:37:14","guid":{"rendered":"https:\/\/www.hostfully.com\/alylaitteet\/"},"modified":"2026-04-14T20:27:52","modified_gmt":"2026-04-14T20:27:52","slug":"alylaitteet","status":"publish","type":"page","link":"https:\/\/www.hostfully.com\/fi\/alylaitteet\/","title":{"rendered":"\u00c4lylaitteet"},"content":{"rendered":"\t\t<div data-elementor-type=\"wp-page\" data-elementor-id=\"103583\" class=\"elementor elementor-103583 elementor-3753\" data-elementor-post-type=\"page\">\n\t\t\t\t<div class=\"elementor-element elementor-element-a43011e hf-hero e-flex e-con-boxed e-con e-parent\" data-id=\"a43011e\" data-element_type=\"container\" data-e-type=\"container\">\n\t\t\t\t\t<div class=\"e-con-inner\">\n\t\t<div class=\"elementor-element elementor-element-dff16b1 e-con-full e-flex e-con e-child\" data-id=\"dff16b1\" data-element_type=\"container\" data-e-type=\"container\">\n\t\t\t\t<div class=\"elementor-element elementor-element-da68c54 elementor-widget elementor-widget-heading\" data-id=\"da68c54\" data-element_type=\"widget\" data-e-type=\"widget\" data-widget_type=\"heading.default\">\n\t\t\t\t<div class=\"elementor-widget-container\">\n\t\t\t\t\t<h1 class=\"elementor-heading-title elementor-size-default\">Tuetut laitteet<\/h1>\t\t\t\t<\/div>\n\t\t\t\t<\/div>\n\t\t\t\t<div class=\"elementor-element elementor-element-e8bf55d text-md elementor-widget elementor-widget-text-editor\" data-id=\"e8bf55d\" data-element_type=\"widget\" data-e-type=\"widget\" data-widget_type=\"text-editor.default\">\n\t\t\t\t<div class=\"elementor-widget-container\">\n\t\t\t\t\t\t\t\t\t<p>Yli 200 laitteen, mukaan lukien \u00e4lylukkoja, termostaatteja, porealtaan ohjaimia, autotallin ovien avaajia ja jopa kaappien ovien ohjaimia, avulla Hostfully Devices muuttaa vuokrakohteesi \u00e4lykk\u00e4iksi kiinteist\u00f6iksi varmistaen sujuvan oleskelun vieraillesi.<\/p>\t\t\t\t\t\t\t\t<\/div>\n\t\t\t\t<\/div>\n\t\t\t\t<div class=\"elementor-element elementor-element-a8a9454 elementor-widget elementor-widget-shortcode\" data-id=\"a8a9454\" data-element_type=\"widget\" data-e-type=\"widget\" data-widget_type=\"shortcode.default\">\n\t\t\t\t<div class=\"elementor-widget-container\">\n\t\t\t\t\t\t\t<div class=\"elementor-shortcode\">    <div class=\"hf-book-demo-shortcode\" data-hf-book-demo-id=\"hfbd-1\" data-hf-book-demo-flow=\"demo\" data-hf-book-demo-layout=\"left\" data-hf-book-demo-event-name=\"book_demo_modal\" data-hf-book-demo-event-product=\"pms\">\n        <form id=\"listing-form-hfbd-1\" class=\"hfs-form hfs-form--demo\">\n            <input type=\"hidden\" name=\"exp_id\" id=\"exp_id-hfbd-1\" value=\"experience-1669041197445\">\n            <input type=\"hidden\" name=\"flow\" id=\"flow-hfbd-1\" value=\"demo\">\n            <input type=\"hidden\" name=\"event_name\" value=\"book_demo_modal\">\n            <input type=\"hidden\" name=\"event_product\" value=\"pms\">\n            <input type=\"hidden\" name=\"first_name\" value=\"\">\n            <input type=\"hidden\" name=\"last_name\" value=\"\">\n                            <input type=\"hidden\" name=\"page_slug\" value=\"\/fi\/alylaitteet\">\n                                                    <input type=\"hidden\" name=\"listings\" value=\"\">\n                                        <input type=\"hidden\" name=\"utm_source\" id=\"utm_source-hfbd-1\" value=\"organic_website\">\n                            <input type=\"hidden\" name=\"utm_medium\" id=\"utm_medium-hfbd-1\" value=\"Website\">\n                            <input type=\"hidden\" name=\"utm_campaign\" id=\"utm_campaign-hfbd-1\" value=\"Website\">\n                            <input type=\"hidden\" name=\"utm_content\" id=\"utm_content-hfbd-1\" value=\"\">\n                            <input type=\"hidden\" name=\"utm_term\" id=\"utm_term-hfbd-1\" value=\"\">\n                            <input type=\"hidden\" name=\"fb_ad_id\" id=\"fb_ad_id-hfbd-1\" value=\"\">\n                            <input type=\"hidden\" name=\"fbclid\" id=\"fbclid-hfbd-1\" value=\"\">\n                            <input type=\"hidden\" name=\"gclid\" id=\"gclid-hfbd-1\" value=\"\">\n                        <input type=\"hidden\" name=\"source\" value=\"\">\n                        <input type=\"email\" name=\"email\" class=\"email\" id=\"email-hfbd-1\" placeholder=\"S\u00e4hk\u00f6posti\" required>\n                        <button type=\"submit\" class=\"hfs-submit\">Varaa ILMAINEN demo<\/button>\n        <\/form>\n        <div id=\"error-hfbd-1\" class=\"error\"><\/div>\n                    <p class=\"hf-book-demo-legal-disclaimer\">L\u00e4hett\u00e4m\u00e4ll\u00e4 hyv\u00e4ksyt, ett\u00e4 sinuun voidaan ottaa yhteytt\u00e4 s\u00e4hk\u00f6postitse, puhelimitse tai tekstiviestill\u00e4.<\/p>\n            <\/div>\n    <\/div>\n\t\t\t\t\t\t<\/div>\n\t\t\t\t<\/div>\n\t\t\t\t<\/div>\n\t\t<div class=\"elementor-element elementor-element-1a08ea5 e-con-full elementor-hidden-mobile e-flex e-con e-child\" data-id=\"1a08ea5\" data-element_type=\"container\" data-e-type=\"container\">\n\t\t\t\t<div class=\"elementor-element elementor-element-998d74d hf-image-hero elementor-widget elementor-widget-image\" data-id=\"998d74d\" data-element_type=\"widget\" data-e-type=\"widget\" data-widget_type=\"image.default\">\n\t\t\t\t<div class=\"elementor-widget-container\">\n\t\t\t\t\t\t\t\t\t\t\t\t\t\t\t<img fetchpriority=\"high\" decoding=\"async\" width=\"636\" height=\"537\" src=\"https:\/\/www.hostfully.com\/wp-content\/uploads\/2025\/11\/Channel-Manager-Calendar-management.png\" class=\"attachment-full size-full wp-image-103585\" alt=\"\" srcset=\"https:\/\/www.hostfully.com\/wp-content\/uploads\/2025\/11\/Channel-Manager-Calendar-management.png 636w, https:\/\/www.hostfully.com\/wp-content\/uploads\/2025\/11\/Channel-Manager-Calendar-management-300x253.png 300w\" sizes=\"(max-width: 636px) 100vw, 636px\" \/>\t\t\t\t\t\t\t\t\t\t\t\t\t\t\t<\/div>\n\t\t\t\t<\/div>\n\t\t\t\t<\/div>\n\t\t\t\t\t<\/div>\n\t\t\t\t<\/div>\n\t\t<div class=\"elementor-element elementor-element-3b97329 hf-section-md e-flex e-con-boxed e-con e-parent\" data-id=\"3b97329\" data-element_type=\"container\" data-e-type=\"container\">\n\t\t\t\t\t<div class=\"e-con-inner\">\n\t\t<div class=\"elementor-element elementor-element-a5c2edc e-con-full hf-section-tit-xs e-flex e-con e-child\" data-id=\"a5c2edc\" data-element_type=\"container\" data-e-type=\"container\">\n\t\t\t\t<div class=\"elementor-element elementor-element-222052b elementor-widget elementor-widget-heading\" data-id=\"222052b\" data-element_type=\"widget\" data-e-type=\"widget\" data-widget_type=\"heading.default\">\n\t\t\t\t<div class=\"elementor-widget-container\">\n\t\t\t\t\t<h2 class=\"elementor-heading-title elementor-size-default\">Hostfully Devices tukee seuraavia laitteita:<\/h2>\t\t\t\t<\/div>\n\t\t\t\t<\/div>\n\t\t\t\t<div class=\"elementor-element elementor-element-1533ad2 text-md elementor-widget elementor-widget-text-editor\" data-id=\"1533ad2\" data-element_type=\"widget\" data-e-type=\"widget\" data-widget_type=\"text-editor.default\">\n\t\t\t\t<div class=\"elementor-widget-container\">\n\t\t\t\t\t\t\t\t\t<p>HUOM: Jos k\u00e4ytt\u00e4m\u00e4si laite tai kategoria ei n\u00e4y, luo ominaisuuspyynt\u00f6 (<a href=\"https:\/\/hostfully.uservoice.com\/forums\/271343-property-management-platform-web\" target=\"_blank\" rel=\"noopener\">klikkaa t\u00e4st\u00e4<\/a>).<\/p>\t\t\t\t\t\t\t\t<\/div>\n\t\t\t\t<\/div>\n\t\t\t\t<\/div>\n\t\t\t\t<div class=\"elementor-element elementor-element-3eb0ecc elementor-widget elementor-widget-jet-listing-grid\" data-id=\"3eb0ecc\" data-element_type=\"widget\" data-e-type=\"widget\" data-settings=\"{&quot;columns_tablet&quot;:&quot;2&quot;,&quot;columns_mobile&quot;:&quot;1&quot;,&quot;columns&quot;:3}\" data-widget_type=\"jet-listing-grid.default\">\n\t\t\t\t<div class=\"elementor-widget-container\">\n\t\t\t\t\t<div class=\"jet-listing-grid jet-listing\"><div class=\"jet-listing-not-found jet-listing-grid__items\" data-nav=\"{&quot;enabled&quot;:false,&quot;type&quot;:null,&quot;more_el&quot;:null,&quot;query&quot;:[],&quot;widget_settings&quot;:{&quot;lisitng_id&quot;:2670,&quot;posts_num&quot;:6,&quot;columns&quot;:3,&quot;columns_tablet&quot;:2,&quot;columns_mobile&quot;:1,&quot;column_min_width&quot;:240,&quot;column_min_width_tablet&quot;:240,&quot;column_min_width_mobile&quot;:240,&quot;inline_columns_css&quot;:false,&quot;is_archive_template&quot;:&quot;&quot;,&quot;post_status&quot;:[&quot;publish&quot;],&quot;use_random_posts_num&quot;:&quot;&quot;,&quot;max_posts_num&quot;:9,&quot;not_found_message&quot;:&quot;Tietoja ei l\\u00f6ytynyt&quot;,&quot;is_masonry&quot;:false,&quot;equal_columns_height&quot;:&quot;yes&quot;,&quot;use_load_more&quot;:&quot;&quot;,&quot;load_more_id&quot;:&quot;&quot;,&quot;load_more_type&quot;:&quot;click&quot;,&quot;load_more_offset&quot;:null,&quot;use_custom_post_types&quot;:&quot;&quot;,&quot;custom_post_types&quot;:[],&quot;hide_widget_if&quot;:&quot;&quot;,&quot;carousel_enabled&quot;:&quot;&quot;,&quot;slides_to_scroll&quot;:&quot;1&quot;,&quot;arrows&quot;:&quot;true&quot;,&quot;arrow_icon&quot;:&quot;fa fa-angle-left&quot;,&quot;dots&quot;:&quot;&quot;,&quot;autoplay&quot;:&quot;true&quot;,&quot;pause_on_hover&quot;:&quot;true&quot;,&quot;autoplay_speed&quot;:5000,&quot;infinite&quot;:&quot;true&quot;,&quot;center_mode&quot;:&quot;&quot;,&quot;effect&quot;:&quot;slide&quot;,&quot;speed&quot;:500,&quot;inject_alternative_items&quot;:&quot;&quot;,&quot;injection_items&quot;:[],&quot;scroll_slider_enabled&quot;:&quot;&quot;,&quot;scroll_slider_on&quot;:[&quot;desktop&quot;,&quot;tablet&quot;,&quot;mobile&quot;],&quot;custom_query&quot;:&quot;yes&quot;,&quot;custom_query_id&quot;:&quot;29&quot;,&quot;_element_id&quot;:&quot;&quot;,&quot;collapse_first_last_gap&quot;:false,&quot;list_tag_selection&quot;:&quot;&quot;,&quot;list_items_wrapper_tag&quot;:&quot;div&quot;,&quot;list_item_tag&quot;:&quot;div&quot;,&quot;empty_items_wrapper_tag&quot;:&quot;div&quot;}}\" data-listing-source=\"query\" data-listing-id=\"2670\" data-query-id=\"29\" data-queried-id=\"103583|WP_Post\">Tietoja ei l\u00f6ytynyt<\/div><\/div>\t\t\t\t<\/div>\n\t\t\t\t<\/div>\n\t\t\t\t\t<\/div>\n\t\t\t\t<\/div>\n\t\t<div class=\"elementor-element elementor-element-0959d54 e-flex e-con-boxed e-con e-parent\" data-id=\"0959d54\" data-element_type=\"container\" data-e-type=\"container\">\n\t\t\t\t\t<div class=\"e-con-inner\">\n\t\t<div class=\"elementor-element elementor-element-a348f07 e-con-full e-flex e-con e-child\" data-id=\"a348f07\" data-element_type=\"container\" data-e-type=\"container\" data-settings=\"{&quot;background_background&quot;:&quot;classic&quot;}\">\n\t\t<div class=\"elementor-element elementor-element-6495ef9 e-con-full e-flex e-con e-child\" data-id=\"6495ef9\" data-element_type=\"container\" data-e-type=\"container\">\n\t\t\t\t<div class=\"elementor-element elementor-element-606efef elementor-widget elementor-widget-heading\" data-id=\"606efef\" data-element_type=\"widget\" data-e-type=\"widget\" data-widget_type=\"heading.default\">\n\t\t\t\t<div class=\"elementor-widget-container\">\n\t\t\t\t\t<h3 class=\"elementor-heading-title elementor-size-default\">Kiinteist\u00f6si automaatioratkaisu on vain muutaman klikkauksen p\u00e4\u00e4ss\u00e4!<\/h3>\t\t\t\t<\/div>\n\t\t\t\t<\/div>\n\t\t\t\t<div class=\"elementor-element elementor-element-450742b btn-primary elementor-widget elementor-widget-button\" data-id=\"450742b\" data-element_type=\"widget\" data-e-type=\"widget\" data-widget_type=\"button.default\">\n\t\t\t\t<div class=\"elementor-widget-container\">\n\t\t\t\t\t\t\t\t\t<div class=\"elementor-button-wrapper\">\n\t\t\t\t\t<a class=\"elementor-button elementor-button-link elementor-size-sm\" href=\"#\" data-qualified-action=\"showExperience\" data-qualified-arg=\"experience-1669041197445\" id=\"cta_demo\">\n\t\t\t\t\t\t<span class=\"elementor-button-content-wrapper\">\n\t\t\t\t\t\t\t\t\t<span class=\"elementor-button-text\">Aloita<\/span>\n\t\t\t\t\t<\/span>\n\t\t\t\t\t<\/a>\n\t\t\t\t<\/div>\n\t\t\t\t\t\t\t\t<\/div>\n\t\t\t\t<\/div>\n\t\t\t\t<\/div>\n\t\t\t\t<\/div>\n\t\t\t\t\t<\/div>\n\t\t\t\t<\/div>\n\t\t\t\t<\/div>\n\t\t","protected":false},"excerpt":{"rendered":"<p>Tuetut laitteet Yli 200 laitteen, mukaan lukien \u00e4lylukkoja, termostaatteja, porealtaan ohjaimia, autotallin ovien avaajia ja jopa kaappien ovien ohjaimia, avulla Hostfully Devices muuttaa vuokrakohteesi \u00e4lykk\u00e4iksi kiinteist\u00f6iksi varmistaen sujuvan oleskelun vieraillesi. Hostfully Devices tukee seuraavia laitteita: HUOM: Jos k\u00e4ytt\u00e4m\u00e4si laite tai kategoria ei n\u00e4y, luo ominaisuuspyynt\u00f6 (klikkaa t\u00e4st\u00e4). Edit query Kiinteist\u00f6si automaatioratkaisu on vain muutaman klikkauksen [&hellip;]<\/p>\n","protected":false},"author":1,"featured_media":0,"parent":0,"menu_order":0,"comment_status":"closed","ping_status":"closed","template":"","meta":{"footnotes":""},"class_list":["post-103583","page","type-page","status-publish","hentry"],"yoast_head":"<!-- This site is optimized with the Yoast SEO Premium plugin v27.4 (Yoast SEO v27.4) - https:\/\/yoast.com\/product\/yoast-seo-premium-wordpress\/ -->\n<title>\u00c4lylaitteet | Hostfully<\/title>\n<meta name=\"description\" content=\"Yhdist\u00e4 yli 200 \u00e4lylukko, termostaatti ja laitetta Hostfully PMS:\u00e4\u00e4n automatisoidaksesi kiinteist\u00f6n kulunvalvonnan vieraille ja urakoitsijoille\" \/>\n<meta name=\"robots\" content=\"index, follow, max-snippet:-1, max-image-preview:large, max-video-preview:-1\" \/>\n<link rel=\"canonical\" href=\"https:\/\/www.hostfully.com\/fi\/alylaitteet\/\" \/>\n<meta property=\"og:locale\" content=\"fi_FI\" \/>\n<meta property=\"og:type\" content=\"article\" \/>\n<meta property=\"og:title\" content=\"\u00c4lylaitteet\" \/>\n<meta property=\"og:description\" content=\"Yhdist\u00e4 yli 200 \u00e4lylukko, termostaatti ja laitetta Hostfully PMS:\u00e4\u00e4n automatisoidaksesi kiinteist\u00f6n kulunvalvonnan vieraille ja urakoitsijoille\" \/>\n<meta property=\"og:url\" content=\"https:\/\/www.hostfully.com\/fi\/alylaitteet\/\" \/>\n<meta property=\"og:site_name\" content=\"Hostfully\" \/>\n<meta property=\"article:publisher\" content=\"https:\/\/www.facebook.com\/hostfully\" \/>\n<meta property=\"article:modified_time\" content=\"2026-04-14T20:27:52+00:00\" \/>\n<meta property=\"og:image\" content=\"https:\/\/www.hostfully.com\/wp-content\/uploads\/2025\/11\/Channel-Manager-Calendar-management.png\" \/>\n<meta name=\"twitter:card\" content=\"summary_large_image\" \/>\n<meta name=\"twitter:site\" content=\"@hostfully\" \/>\n<script type=\"application\/ld+json\" class=\"yoast-schema-graph\">{\"@context\":\"https:\\\/\\\/schema.org\",\"@graph\":[{\"@type\":\"WebPage\",\"@id\":\"https:\\\/\\\/www.hostfully.com\\\/fi\\\/alylaitteet\\\/\",\"url\":\"https:\\\/\\\/www.hostfully.com\\\/fi\\\/alylaitteet\\\/\",\"name\":\"\u00c4lylaitteet | Hostfully\",\"isPartOf\":{\"@id\":\"https:\\\/\\\/www.hostfully.com\\\/fi\\\/#website\"},\"primaryImageOfPage\":{\"@id\":\"https:\\\/\\\/www.hostfully.com\\\/fi\\\/alylaitteet\\\/#primaryimage\"},\"image\":{\"@id\":\"https:\\\/\\\/www.hostfully.com\\\/fi\\\/alylaitteet\\\/#primaryimage\"},\"thumbnailUrl\":\"https:\\\/\\\/www.hostfully.com\\\/wp-content\\\/uploads\\\/2025\\\/11\\\/Channel-Manager-Calendar-management.png\",\"datePublished\":\"2025-10-27T22:37:14+00:00\",\"dateModified\":\"2026-04-14T20:27:52+00:00\",\"description\":\"Yhdist\u00e4 yli 200 \u00e4lylukko, termostaatti ja laitetta Hostfully PMS:\u00e4\u00e4n automatisoidaksesi kiinteist\u00f6n kulunvalvonnan vieraille ja urakoitsijoille\",\"breadcrumb\":{\"@id\":\"https:\\\/\\\/www.hostfully.com\\\/fi\\\/alylaitteet\\\/#breadcrumb\"},\"inLanguage\":\"fi\",\"potentialAction\":[{\"@type\":\"ReadAction\",\"target\":[\"https:\\\/\\\/www.hostfully.com\\\/fi\\\/alylaitteet\\\/\"]}]},{\"@type\":\"ImageObject\",\"inLanguage\":\"fi\",\"@id\":\"https:\\\/\\\/www.hostfully.com\\\/fi\\\/alylaitteet\\\/#primaryimage\",\"url\":\"https:\\\/\\\/www.hostfully.com\\\/wp-content\\\/uploads\\\/2025\\\/11\\\/Channel-Manager-Calendar-management.png\",\"contentUrl\":\"https:\\\/\\\/www.hostfully.com\\\/wp-content\\\/uploads\\\/2025\\\/11\\\/Channel-Manager-Calendar-management.png\"},{\"@type\":\"BreadcrumbList\",\"@id\":\"https:\\\/\\\/www.hostfully.com\\\/fi\\\/alylaitteet\\\/#breadcrumb\",\"itemListElement\":[{\"@type\":\"ListItem\",\"position\":1,\"name\":\"Home\",\"item\":\"https:\\\/\\\/www.hostfully.com\\\/fi\\\/\"},{\"@type\":\"ListItem\",\"position\":2,\"name\":\"\u00c4lylaitteet\"}]},{\"@type\":\"WebSite\",\"@id\":\"https:\\\/\\\/www.hostfully.com\\\/fi\\\/#website\",\"url\":\"https:\\\/\\\/www.hostfully.com\\\/fi\\\/\",\"name\":\"Hostfully\",\"description\":\"Award Winning Vacation Rental Software\",\"publisher\":{\"@id\":\"https:\\\/\\\/www.hostfully.com\\\/fi\\\/#organization\"},\"potentialAction\":[{\"@type\":\"SearchAction\",\"target\":{\"@type\":\"EntryPoint\",\"urlTemplate\":\"https:\\\/\\\/www.hostfully.com\\\/fi\\\/?s={search_term_string}\"},\"query-input\":{\"@type\":\"PropertyValueSpecification\",\"valueRequired\":true,\"valueName\":\"search_term_string\"}}],\"inLanguage\":\"fi\"},{\"@type\":\"Organization\",\"@id\":\"https:\\\/\\\/www.hostfully.com\\\/fi\\\/#organization\",\"name\":\"Hostfully\",\"url\":\"https:\\\/\\\/www.hostfully.com\\\/fi\\\/\",\"logo\":{\"@type\":\"ImageObject\",\"inLanguage\":\"fi\",\"@id\":\"https:\\\/\\\/www.hostfully.com\\\/fi\\\/#\\\/schema\\\/logo\\\/image\\\/\",\"url\":\"https:\\\/\\\/www.hostfully.com\\\/wp-content\\\/uploads\\\/2025\\\/08\\\/Hostfully_bluecircle_isotype_R-.png\",\"contentUrl\":\"https:\\\/\\\/www.hostfully.com\\\/wp-content\\\/uploads\\\/2025\\\/08\\\/Hostfully_bluecircle_isotype_R-.png\",\"width\":321,\"height\":321,\"caption\":\"Hostfully\"},\"image\":{\"@id\":\"https:\\\/\\\/www.hostfully.com\\\/fi\\\/#\\\/schema\\\/logo\\\/image\\\/\"},\"sameAs\":[\"https:\\\/\\\/www.facebook.com\\\/hostfully\",\"https:\\\/\\\/x.com\\\/hostfully\",\"https:\\\/\\\/www.instagram.com\\\/hostfully_\\\/\",\"https:\\\/\\\/www.youtube.com\\\/c\\\/Hostfully\",\"https:\\\/\\\/www.linkedin.com\\\/company\\\/hostfully-inc-\\\/\"]}]}<\/script>\n<!-- \/ Yoast SEO Premium plugin. -->","yoast_head_json":{"title":"\u00c4lylaitteet | Hostfully","description":"Yhdist\u00e4 yli 200 \u00e4lylukko, termostaatti ja laitetta Hostfully PMS:\u00e4\u00e4n automatisoidaksesi kiinteist\u00f6n kulunvalvonnan vieraille ja urakoitsijoille","robots":{"index":"index","follow":"follow","max-snippet":"max-snippet:-1","max-image-preview":"max-image-preview:large","max-video-preview":"max-video-preview:-1"},"canonical":"https:\/\/www.hostfully.com\/fi\/alylaitteet\/","og_locale":"fi_FI","og_type":"article","og_title":"\u00c4lylaitteet","og_description":"Yhdist\u00e4 yli 200 \u00e4lylukko, termostaatti ja laitetta Hostfully PMS:\u00e4\u00e4n automatisoidaksesi kiinteist\u00f6n kulunvalvonnan vieraille ja urakoitsijoille","og_url":"https:\/\/www.hostfully.com\/fi\/alylaitteet\/","og_site_name":"Hostfully","article_publisher":"https:\/\/www.facebook.com\/hostfully","article_modified_time":"2026-04-14T20:27:52+00:00","og_image":[{"url":"https:\/\/www.hostfully.com\/wp-content\/uploads\/2025\/11\/Channel-Manager-Calendar-management.png","type":"","width":"","height":""}],"twitter_card":"summary_large_image","twitter_site":"@hostfully","schema":{"@context":"https:\/\/schema.org","@graph":[{"@type":"WebPage","@id":"https:\/\/www.hostfully.com\/fi\/alylaitteet\/","url":"https:\/\/www.hostfully.com\/fi\/alylaitteet\/","name":"\u00c4lylaitteet | Hostfully","isPartOf":{"@id":"https:\/\/www.hostfully.com\/fi\/#website"},"primaryImageOfPage":{"@id":"https:\/\/www.hostfully.com\/fi\/alylaitteet\/#primaryimage"},"image":{"@id":"https:\/\/www.hostfully.com\/fi\/alylaitteet\/#primaryimage"},"thumbnailUrl":"https:\/\/www.hostfully.com\/wp-content\/uploads\/2025\/11\/Channel-Manager-Calendar-management.png","datePublished":"2025-10-27T22:37:14+00:00","dateModified":"2026-04-14T20:27:52+00:00","description":"Yhdist\u00e4 yli 200 \u00e4lylukko, termostaatti ja laitetta Hostfully PMS:\u00e4\u00e4n automatisoidaksesi kiinteist\u00f6n kulunvalvonnan vieraille ja urakoitsijoille","breadcrumb":{"@id":"https:\/\/www.hostfully.com\/fi\/alylaitteet\/#breadcrumb"},"inLanguage":"fi","potentialAction":[{"@type":"ReadAction","target":["https:\/\/www.hostfully.com\/fi\/alylaitteet\/"]}]},{"@type":"ImageObject","inLanguage":"fi","@id":"https:\/\/www.hostfully.com\/fi\/alylaitteet\/#primaryimage","url":"https:\/\/www.hostfully.com\/wp-content\/uploads\/2025\/11\/Channel-Manager-Calendar-management.png","contentUrl":"https:\/\/www.hostfully.com\/wp-content\/uploads\/2025\/11\/Channel-Manager-Calendar-management.png"},{"@type":"BreadcrumbList","@id":"https:\/\/www.hostfully.com\/fi\/alylaitteet\/#breadcrumb","itemListElement":[{"@type":"ListItem","position":1,"name":"Home","item":"https:\/\/www.hostfully.com\/fi\/"},{"@type":"ListItem","position":2,"name":"\u00c4lylaitteet"}]},{"@type":"WebSite","@id":"https:\/\/www.hostfully.com\/fi\/#website","url":"https:\/\/www.hostfully.com\/fi\/","name":"Hostfully","description":"Award Winning Vacation Rental Software","publisher":{"@id":"https:\/\/www.hostfully.com\/fi\/#organization"},"potentialAction":[{"@type":"SearchAction","target":{"@type":"EntryPoint","urlTemplate":"https:\/\/www.hostfully.com\/fi\/?s={search_term_string}"},"query-input":{"@type":"PropertyValueSpecification","valueRequired":true,"valueName":"search_term_string"}}],"inLanguage":"fi"},{"@type":"Organization","@id":"https:\/\/www.hostfully.com\/fi\/#organization","name":"Hostfully","url":"https:\/\/www.hostfully.com\/fi\/","logo":{"@type":"ImageObject","inLanguage":"fi","@id":"https:\/\/www.hostfully.com\/fi\/#\/schema\/logo\/image\/","url":"https:\/\/www.hostfully.com\/wp-content\/uploads\/2025\/08\/Hostfully_bluecircle_isotype_R-.png","contentUrl":"https:\/\/www.hostfully.com\/wp-content\/uploads\/2025\/08\/Hostfully_bluecircle_isotype_R-.png","width":321,"height":321,"caption":"Hostfully"},"image":{"@id":"https:\/\/www.hostfully.com\/fi\/#\/schema\/logo\/image\/"},"sameAs":["https:\/\/www.facebook.com\/hostfully","https:\/\/x.com\/hostfully","https:\/\/www.instagram.com\/hostfully_\/","https:\/\/www.youtube.com\/c\/Hostfully","https:\/\/www.linkedin.com\/company\/hostfully-inc-\/"]}]}},"_links":{"self":[{"href":"https:\/\/www.hostfully.com\/fi\/wp-json\/wp\/v2\/pages\/103583","targetHints":{"allow":["GET"]}}],"collection":[{"href":"https:\/\/www.hostfully.com\/fi\/wp-json\/wp\/v2\/pages"}],"about":[{"href":"https:\/\/www.hostfully.com\/fi\/wp-json\/wp\/v2\/types\/page"}],"author":[{"embeddable":true,"href":"https:\/\/www.hostfully.com\/fi\/wp-json\/wp\/v2\/users\/1"}],"replies":[{"embeddable":true,"href":"https:\/\/www.hostfully.com\/fi\/wp-json\/wp\/v2\/comments?post=103583"}],"version-history":[{"count":1,"href":"https:\/\/www.hostfully.com\/fi\/wp-json\/wp\/v2\/pages\/103583\/revisions"}],"predecessor-version":[{"id":103594,"href":"https:\/\/www.hostfully.com\/fi\/wp-json\/wp\/v2\/pages\/103583\/revisions\/103594"}],"wp:attachment":[{"href":"https:\/\/www.hostfully.com\/fi\/wp-json\/wp\/v2\/media?parent=103583"}],"curies":[{"name":"wp","href":"https:\/\/api.w.org\/{rel}","templated":true}]}}