{"id":103707,"date":"2025-11-06T17:23:28","date_gmt":"2025-11-06T17:23:28","guid":{"rendered":"https:\/\/www.hostfully.com\/lyhytaikaisten-vuokrausten-osavaltiokohtaiset-saannokset\/"},"modified":"2026-04-14T20:30:05","modified_gmt":"2026-04-14T20:30:05","slug":"lyhytaikaisten-vuokrausten-osavaltiokohtaiset-saannokset","status":"publish","type":"page","link":"https:\/\/www.hostfully.com\/fi\/lyhytaikaisten-vuokrausten-osavaltiokohtaiset-saannokset\/","title":{"rendered":"Lyhytaikaisten vuokrausten osavaltiokohtaiset s\u00e4\u00e4nn\u00f6kset"},"content":{"rendered":"\t\t<div data-elementor-type=\"wp-page\" data-elementor-id=\"103707\" class=\"elementor elementor-103707 elementor-4879\" data-elementor-post-type=\"page\">\n\t\t\t\t<div class=\"elementor-element elementor-element-d9c7eb4 hf-hero-lg e-flex e-con-boxed e-con e-parent\" data-id=\"d9c7eb4\" data-element_type=\"container\" data-e-type=\"container\">\n\t\t\t\t\t<div class=\"e-con-inner\">\n\t\t<div class=\"elementor-element elementor-element-1e91fd2 e-con-full hf-section-tit e-flex e-con e-child\" data-id=\"1e91fd2\" data-element_type=\"container\" data-e-type=\"container\">\n\t\t\t\t<div class=\"elementor-element elementor-element-cb55a1c elementor-widget elementor-widget-heading\" data-id=\"cb55a1c\" data-element_type=\"widget\" data-e-type=\"widget\" data-widget_type=\"heading.default\">\n\t\t\t\t<div class=\"elementor-widget-container\">\n\t\t\t\t\t<h1 class=\"elementor-heading-title elementor-size-default\">Opas lyhytaikaisten vuokrausten s\u00e4\u00e4nn\u00f6ksiin<\/h1>\t\t\t\t<\/div>\n\t\t\t\t<\/div>\n\t\t\t\t<div class=\"elementor-element elementor-element-87f7e69 elementor-widget elementor-widget-heading\" data-id=\"87f7e69\" data-element_type=\"widget\" data-e-type=\"widget\" data-widget_type=\"heading.default\">\n\t\t\t\t<div class=\"elementor-widget-container\">\n\t\t\t\t\t<h4 class=\"elementor-heading-title elementor-size-default\">Valitse sijainti, jonka vuokrauss\u00e4\u00e4nn\u00f6ksist\u00e4 haluat lis\u00e4tietoja<\/h4>\t\t\t\t<\/div>\n\t\t\t\t<\/div>\n\t\t\t\t<\/div>\n\t\t\t\t\t<\/div>\n\t\t\t\t<\/div>\n\t\t<div class=\"elementor-element elementor-element-996f9f0 e-flex e-con-boxed e-con e-parent\" data-id=\"996f9f0\" data-element_type=\"container\" data-e-type=\"container\">\n\t\t\t\t\t<div class=\"e-con-inner\">\n\t\t\t\t<div class=\"elementor-element elementor-element-f2211e3 elementor-nav-menu__text-align-center elementor-widget elementor-widget-nav-menu\" data-id=\"f2211e3\" data-element_type=\"widget\" data-e-type=\"widget\" data-settings=\"{&quot;layout&quot;:&quot;dropdown&quot;,&quot;submenu_icon&quot;:{&quot;value&quot;:&quot;&lt;svg aria-hidden=\\&quot;true\\&quot; class=\\&quot;fa-svg-chevron-down e-font-icon-svg e-fas-chevron-down\\&quot; viewBox=\\&quot;0 0 448 512\\&quot; xmlns=\\&quot;http:\\\/\\\/www.w3.org\\\/2000\\\/svg\\&quot;&gt;&lt;path d=\\&quot;M207.029 381.476L12.686 187.132c-9.373-9.373-9.373-24.569 0-33.941l22.667-22.667c9.357-9.357 24.522-9.375 33.901-.04L224 284.505l154.745-154.021c9.379-9.335 24.544-9.317 33.901.04l22.667 22.667c9.373 9.373 9.373 24.569 0 33.941L240.971 381.476c-9.373 9.372-24.569 9.372-33.942 0z\\&quot;&gt;&lt;\\\/path&gt;&lt;\\\/svg&gt;&quot;,&quot;library&quot;:&quot;fa-solid&quot;}}\" data-widget_type=\"nav-menu.default\">\n\t\t\t\t<div class=\"elementor-widget-container\">\n\t\t\t\t\t\t\t\t<nav class=\"elementor-nav-menu--dropdown elementor-nav-menu__container\" aria-hidden=\"true\">\n\t\t\t\t<ul id=\"menu-2-f2211e3\" class=\"elementor-nav-menu\"><li class=\"menu-item menu-item-type-custom menu-item-object-custom menu-item-4886\"><a href=\"#\" class=\"elementor-item elementor-item-anchor\" tabindex=\"-1\">Select Location<\/a><\/li>\n<\/ul>\t\t\t<\/nav>\n\t\t\t\t\t\t<\/div>\n\t\t\t\t<\/div>\n\t\t\t\t\t<\/div>\n\t\t\t\t<\/div>\n\t\t<div class=\"elementor-element elementor-element-aed958d hf-section-md e-flex e-con-boxed e-con e-parent\" data-id=\"aed958d\" data-element_type=\"container\" data-e-type=\"container\">\n\t\t\t\t\t<div class=\"e-con-inner\">\n\t\t\t\t<div class=\"elementor-element elementor-element-1115b70 elementor-alert-info elementor-widget elementor-widget-alert\" data-id=\"1115b70\" data-element_type=\"widget\" data-e-type=\"widget\" data-widget_type=\"alert.default\">\n\t\t\t\t<div class=\"elementor-widget-container\">\n\t\t\t\t\t\t\t<div class=\"elementor-alert\" role=\"alert\">\n\n\t\t\t\t\t\t<span class=\"elementor-alert-title\">Vastuuvapauslauseke<\/span>\n\t\t\t\n\t\t\t\t\t\t<span class=\"elementor-alert-description\">Lyhytaikaisten vuokrausten s\u00e4\u00e4nn\u00f6kset muuttuvat jatkuvasti. Alla oleva resurssi p\u00e4ivitet\u00e4\u00e4n mahdollisuuksien mukaan, mutta sit\u00e4 ei tule pit\u00e4\u00e4 oikeudellisena neuvona. On ensiarvoisen t\u00e4rke\u00e4\u00e4, ett\u00e4 neuvottelette paikallisen lakimiehenne kanssa varmistaaksenne, ett\u00e4 toteutatte tarvittavat toimenpiteet yrityksenne turvallisuuden ja laillisuuden takaamiseksi.  <\/span>\n\t\t\t\n\t\t\t\n\t\t<\/div>\n\t\t\t\t\t\t<\/div>\n\t\t\t\t<\/div>\n\t\t\t\t<div class=\"elementor-element elementor-element-d68ee69 elementor-widget elementor-widget-text-editor\" data-id=\"d68ee69\" data-element_type=\"widget\" data-e-type=\"widget\" data-widget_type=\"text-editor.default\">\n\t\t\t\t<div class=\"elementor-widget-container\">\n\t\t\t\t\t\t\t\t\t<p style=\"margin-top: 30px;\">Lyhytaikaisten vuokrausten s\u00e4\u00e4nn\u00f6ksi\u00e4 Yhdysvalloissa voi olla vaikea l\u00f6yt\u00e4\u00e4 ja ymm\u00e4rt\u00e4\u00e4. T\u00e4m\u00e4 johtuu siit\u00e4, ett\u00e4 koemme massiivista muutosta siin\u00e4, miten hallitukset kaikilla tasoilla ymm\u00e4rt\u00e4v\u00e4t ja k\u00e4sittelev\u00e4t loma-asuntovuokrausta sek\u00e4 lyhytaikaisten vuokrausten alustoja, kuten Airbnb:t\u00e4 ja HomeAway:ta. Auttaakseen loma-asuntojen omistajia navigoimaan t\u00e4ss\u00e4 paremmin, Hostfully-tiimi loi kattavan oppaan erilaisiin lakeihin \u2013 ehdotettuihin ja hyv\u00e4ksyttyihin \u2013 jotka vaikuttavat liiketoimintaanne kiinteist\u00f6nhoitajana.  <\/p><p>S\u00e4\u00e4nn\u00f6t vaihtelevat suuresti osavaltioittain ja kaupungeittain. Ei ole olemassa yht\u00e4 kaikkiin sopivaa l\u00e4hestymistapaa, ja paikallisten ja osavaltiotason lakien tunteminen on kriittist\u00e4 liiketoimintanne menestyksen kannalta. Navigoi yll\u00e4 olevan kartan avulla osavaltioonne ymm\u00e4rt\u00e4\u00e4ksenne paremmin alueenne nykyist\u00e4 lains\u00e4\u00e4d\u00e4nt\u00f6\u00e4. Lopulta t\u00e4m\u00e4 auttaa kiinteist\u00f6nhoitajia ja loma-asuntojen omistajia johtamaan ja kasvattamaan liiketoimintaansa paremmin.   <\/p>\t\t\t\t\t\t\t\t<\/div>\n\t\t\t\t<\/div>\n\t\t\t\t\t<\/div>\n\t\t\t\t<\/div>\n\t\t\t\t<\/div>\n\t\t","protected":false},"excerpt":{"rendered":"<p>Opas lyhytaikaisten vuokrausten s\u00e4\u00e4nn\u00f6ksiin Valitse sijainti, jonka vuokrauss\u00e4\u00e4nn\u00f6ksist\u00e4 haluat lis\u00e4tietoja Vastuuvapauslauseke Lyhytaikaisten vuokrausten s\u00e4\u00e4nn\u00f6kset muuttuvat jatkuvasti. Alla oleva resurssi p\u00e4ivitet\u00e4\u00e4n mahdollisuuksien mukaan, mutta sit\u00e4 ei tule pit\u00e4\u00e4 oikeudellisena neuvona. On ensiarvoisen t\u00e4rke\u00e4\u00e4, ett\u00e4 neuvottelette paikallisen lakimiehenne kanssa varmistaaksenne, ett\u00e4 toteutatte tarvittavat toimenpiteet yrityksenne turvallisuuden ja laillisuuden takaamiseksi. Lyhytaikaisten vuokrausten s\u00e4\u00e4nn\u00f6ksi\u00e4 Yhdysvalloissa voi olla vaikea l\u00f6yt\u00e4\u00e4 [&hellip;]<\/p>\n","protected":false},"author":1,"featured_media":0,"parent":0,"menu_order":0,"comment_status":"closed","ping_status":"closed","template":"","meta":{"footnotes":""},"class_list":["post-103707","page","type-page","status-publish","hentry"],"yoast_head":"<!-- This site is optimized with the Yoast SEO Premium plugin v27.4 (Yoast SEO v27.4) - https:\/\/yoast.com\/product\/yoast-seo-premium-wordpress\/ -->\n<title>Lyhytaikaisten vuokrausten osavaltiokohtaiset s\u00e4\u00e4nn\u00f6kset | Hostfully<\/title>\n<meta name=\"robots\" content=\"index, follow, max-snippet:-1, max-image-preview:large, max-video-preview:-1\" \/>\n<link rel=\"canonical\" href=\"https:\/\/www.hostfully.com\/fi\/lyhytaikaisten-vuokrausten-osavaltiokohtaiset-saannokset\/\" \/>\n<meta property=\"og:locale\" content=\"fi_FI\" \/>\n<meta property=\"og:type\" content=\"article\" \/>\n<meta property=\"og:title\" content=\"Lyhytaikaisten vuokrausten osavaltiokohtaiset s\u00e4\u00e4nn\u00f6kset\" \/>\n<meta property=\"og:description\" content=\"Opas lyhytaikaisten vuokrausten s\u00e4\u00e4nn\u00f6ksiin Valitse sijainti, jonka vuokrauss\u00e4\u00e4nn\u00f6ksist\u00e4 haluat lis\u00e4tietoja Vastuuvapauslauseke Lyhytaikaisten vuokrausten s\u00e4\u00e4nn\u00f6kset muuttuvat jatkuvasti. Alla oleva resurssi p\u00e4ivitet\u00e4\u00e4n mahdollisuuksien mukaan, mutta sit\u00e4 ei tule pit\u00e4\u00e4 oikeudellisena neuvona. On ensiarvoisen t\u00e4rke\u00e4\u00e4, ett\u00e4 neuvottelette paikallisen lakimiehenne kanssa varmistaaksenne, ett\u00e4 toteutatte tarvittavat toimenpiteet yrityksenne turvallisuuden ja laillisuuden takaamiseksi. Lyhytaikaisten vuokrausten s\u00e4\u00e4nn\u00f6ksi\u00e4 Yhdysvalloissa voi olla vaikea l\u00f6yt\u00e4\u00e4 [&hellip;]\" \/>\n<meta property=\"og:url\" content=\"https:\/\/www.hostfully.com\/fi\/lyhytaikaisten-vuokrausten-osavaltiokohtaiset-saannokset\/\" \/>\n<meta property=\"og:site_name\" content=\"Hostfully\" \/>\n<meta property=\"article:publisher\" content=\"https:\/\/www.facebook.com\/hostfully\" \/>\n<meta property=\"article:modified_time\" content=\"2026-04-14T20:30:05+00:00\" \/>\n<meta name=\"twitter:card\" content=\"summary_large_image\" \/>\n<meta name=\"twitter:site\" content=\"@hostfully\" \/>\n<meta name=\"twitter:label1\" content=\"Arvioitu lukuaika\" \/>\n\t<meta name=\"twitter:data1\" content=\"1 minuutti\" \/>\n<script type=\"application\/ld+json\" class=\"yoast-schema-graph\">{\"@context\":\"https:\\\/\\\/schema.org\",\"@graph\":[{\"@type\":\"WebPage\",\"@id\":\"https:\\\/\\\/www.hostfully.com\\\/fi\\\/lyhytaikaisten-vuokrausten-osavaltiokohtaiset-saannokset\\\/\",\"url\":\"https:\\\/\\\/www.hostfully.com\\\/fi\\\/lyhytaikaisten-vuokrausten-osavaltiokohtaiset-saannokset\\\/\",\"name\":\"Lyhytaikaisten vuokrausten osavaltiokohtaiset s\u00e4\u00e4nn\u00f6kset | Hostfully\",\"isPartOf\":{\"@id\":\"https:\\\/\\\/www.hostfully.com\\\/fi\\\/#website\"},\"datePublished\":\"2025-11-06T17:23:28+00:00\",\"dateModified\":\"2026-04-14T20:30:05+00:00\",\"breadcrumb\":{\"@id\":\"https:\\\/\\\/www.hostfully.com\\\/fi\\\/lyhytaikaisten-vuokrausten-osavaltiokohtaiset-saannokset\\\/#breadcrumb\"},\"inLanguage\":\"fi\",\"potentialAction\":[{\"@type\":\"ReadAction\",\"target\":[\"https:\\\/\\\/www.hostfully.com\\\/fi\\\/lyhytaikaisten-vuokrausten-osavaltiokohtaiset-saannokset\\\/\"]}]},{\"@type\":\"BreadcrumbList\",\"@id\":\"https:\\\/\\\/www.hostfully.com\\\/fi\\\/lyhytaikaisten-vuokrausten-osavaltiokohtaiset-saannokset\\\/#breadcrumb\",\"itemListElement\":[{\"@type\":\"ListItem\",\"position\":1,\"name\":\"Home\",\"item\":\"https:\\\/\\\/www.hostfully.com\\\/fi\\\/\"},{\"@type\":\"ListItem\",\"position\":2,\"name\":\"Lyhytaikaisten vuokrausten osavaltiokohtaiset s\u00e4\u00e4nn\u00f6kset\"}]},{\"@type\":\"WebSite\",\"@id\":\"https:\\\/\\\/www.hostfully.com\\\/fi\\\/#website\",\"url\":\"https:\\\/\\\/www.hostfully.com\\\/fi\\\/\",\"name\":\"Hostfully\",\"description\":\"Award Winning Vacation Rental Software\",\"publisher\":{\"@id\":\"https:\\\/\\\/www.hostfully.com\\\/fi\\\/#organization\"},\"potentialAction\":[{\"@type\":\"SearchAction\",\"target\":{\"@type\":\"EntryPoint\",\"urlTemplate\":\"https:\\\/\\\/www.hostfully.com\\\/fi\\\/?s={search_term_string}\"},\"query-input\":{\"@type\":\"PropertyValueSpecification\",\"valueRequired\":true,\"valueName\":\"search_term_string\"}}],\"inLanguage\":\"fi\"},{\"@type\":\"Organization\",\"@id\":\"https:\\\/\\\/www.hostfully.com\\\/fi\\\/#organization\",\"name\":\"Hostfully\",\"url\":\"https:\\\/\\\/www.hostfully.com\\\/fi\\\/\",\"logo\":{\"@type\":\"ImageObject\",\"inLanguage\":\"fi\",\"@id\":\"https:\\\/\\\/www.hostfully.com\\\/fi\\\/#\\\/schema\\\/logo\\\/image\\\/\",\"url\":\"https:\\\/\\\/www.hostfully.com\\\/wp-content\\\/uploads\\\/2025\\\/08\\\/Hostfully_bluecircle_isotype_R-.png\",\"contentUrl\":\"https:\\\/\\\/www.hostfully.com\\\/wp-content\\\/uploads\\\/2025\\\/08\\\/Hostfully_bluecircle_isotype_R-.png\",\"width\":321,\"height\":321,\"caption\":\"Hostfully\"},\"image\":{\"@id\":\"https:\\\/\\\/www.hostfully.com\\\/fi\\\/#\\\/schema\\\/logo\\\/image\\\/\"},\"sameAs\":[\"https:\\\/\\\/www.facebook.com\\\/hostfully\",\"https:\\\/\\\/x.com\\\/hostfully\",\"https:\\\/\\\/www.instagram.com\\\/hostfully_\\\/\",\"https:\\\/\\\/www.youtube.com\\\/c\\\/Hostfully\",\"https:\\\/\\\/www.linkedin.com\\\/company\\\/hostfully-inc-\\\/\"]}]}<\/script>\n<!-- \/ Yoast SEO Premium plugin. -->","yoast_head_json":{"title":"Lyhytaikaisten vuokrausten osavaltiokohtaiset s\u00e4\u00e4nn\u00f6kset | Hostfully","robots":{"index":"index","follow":"follow","max-snippet":"max-snippet:-1","max-image-preview":"max-image-preview:large","max-video-preview":"max-video-preview:-1"},"canonical":"https:\/\/www.hostfully.com\/fi\/lyhytaikaisten-vuokrausten-osavaltiokohtaiset-saannokset\/","og_locale":"fi_FI","og_type":"article","og_title":"Lyhytaikaisten vuokrausten osavaltiokohtaiset s\u00e4\u00e4nn\u00f6kset","og_description":"Opas lyhytaikaisten vuokrausten s\u00e4\u00e4nn\u00f6ksiin Valitse sijainti, jonka vuokrauss\u00e4\u00e4nn\u00f6ksist\u00e4 haluat lis\u00e4tietoja Vastuuvapauslauseke Lyhytaikaisten vuokrausten s\u00e4\u00e4nn\u00f6kset muuttuvat jatkuvasti. Alla oleva resurssi p\u00e4ivitet\u00e4\u00e4n mahdollisuuksien mukaan, mutta sit\u00e4 ei tule pit\u00e4\u00e4 oikeudellisena neuvona. On ensiarvoisen t\u00e4rke\u00e4\u00e4, ett\u00e4 neuvottelette paikallisen lakimiehenne kanssa varmistaaksenne, ett\u00e4 toteutatte tarvittavat toimenpiteet yrityksenne turvallisuuden ja laillisuuden takaamiseksi. Lyhytaikaisten vuokrausten s\u00e4\u00e4nn\u00f6ksi\u00e4 Yhdysvalloissa voi olla vaikea l\u00f6yt\u00e4\u00e4 [&hellip;]","og_url":"https:\/\/www.hostfully.com\/fi\/lyhytaikaisten-vuokrausten-osavaltiokohtaiset-saannokset\/","og_site_name":"Hostfully","article_publisher":"https:\/\/www.facebook.com\/hostfully","article_modified_time":"2026-04-14T20:30:05+00:00","twitter_card":"summary_large_image","twitter_site":"@hostfully","twitter_misc":{"Arvioitu lukuaika":"1 minuutti"},"schema":{"@context":"https:\/\/schema.org","@graph":[{"@type":"WebPage","@id":"https:\/\/www.hostfully.com\/fi\/lyhytaikaisten-vuokrausten-osavaltiokohtaiset-saannokset\/","url":"https:\/\/www.hostfully.com\/fi\/lyhytaikaisten-vuokrausten-osavaltiokohtaiset-saannokset\/","name":"Lyhytaikaisten vuokrausten osavaltiokohtaiset s\u00e4\u00e4nn\u00f6kset | Hostfully","isPartOf":{"@id":"https:\/\/www.hostfully.com\/fi\/#website"},"datePublished":"2025-11-06T17:23:28+00:00","dateModified":"2026-04-14T20:30:05+00:00","breadcrumb":{"@id":"https:\/\/www.hostfully.com\/fi\/lyhytaikaisten-vuokrausten-osavaltiokohtaiset-saannokset\/#breadcrumb"},"inLanguage":"fi","potentialAction":[{"@type":"ReadAction","target":["https:\/\/www.hostfully.com\/fi\/lyhytaikaisten-vuokrausten-osavaltiokohtaiset-saannokset\/"]}]},{"@type":"BreadcrumbList","@id":"https:\/\/www.hostfully.com\/fi\/lyhytaikaisten-vuokrausten-osavaltiokohtaiset-saannokset\/#breadcrumb","itemListElement":[{"@type":"ListItem","position":1,"name":"Home","item":"https:\/\/www.hostfully.com\/fi\/"},{"@type":"ListItem","position":2,"name":"Lyhytaikaisten vuokrausten osavaltiokohtaiset s\u00e4\u00e4nn\u00f6kset"}]},{"@type":"WebSite","@id":"https:\/\/www.hostfully.com\/fi\/#website","url":"https:\/\/www.hostfully.com\/fi\/","name":"Hostfully","description":"Award Winning Vacation Rental Software","publisher":{"@id":"https:\/\/www.hostfully.com\/fi\/#organization"},"potentialAction":[{"@type":"SearchAction","target":{"@type":"EntryPoint","urlTemplate":"https:\/\/www.hostfully.com\/fi\/?s={search_term_string}"},"query-input":{"@type":"PropertyValueSpecification","valueRequired":true,"valueName":"search_term_string"}}],"inLanguage":"fi"},{"@type":"Organization","@id":"https:\/\/www.hostfully.com\/fi\/#organization","name":"Hostfully","url":"https:\/\/www.hostfully.com\/fi\/","logo":{"@type":"ImageObject","inLanguage":"fi","@id":"https:\/\/www.hostfully.com\/fi\/#\/schema\/logo\/image\/","url":"https:\/\/www.hostfully.com\/wp-content\/uploads\/2025\/08\/Hostfully_bluecircle_isotype_R-.png","contentUrl":"https:\/\/www.hostfully.com\/wp-content\/uploads\/2025\/08\/Hostfully_bluecircle_isotype_R-.png","width":321,"height":321,"caption":"Hostfully"},"image":{"@id":"https:\/\/www.hostfully.com\/fi\/#\/schema\/logo\/image\/"},"sameAs":["https:\/\/www.facebook.com\/hostfully","https:\/\/x.com\/hostfully","https:\/\/www.instagram.com\/hostfully_\/","https:\/\/www.youtube.com\/c\/Hostfully","https:\/\/www.linkedin.com\/company\/hostfully-inc-\/"]}]}},"_links":{"self":[{"href":"https:\/\/www.hostfully.com\/fi\/wp-json\/wp\/v2\/pages\/103707","targetHints":{"allow":["GET"]}}],"collection":[{"href":"https:\/\/www.hostfully.com\/fi\/wp-json\/wp\/v2\/pages"}],"about":[{"href":"https:\/\/www.hostfully.com\/fi\/wp-json\/wp\/v2\/types\/page"}],"author":[{"embeddable":true,"href":"https:\/\/www.hostfully.com\/fi\/wp-json\/wp\/v2\/users\/1"}],"replies":[{"embeddable":true,"href":"https:\/\/www.hostfully.com\/fi\/wp-json\/wp\/v2\/comments?post=103707"}],"version-history":[{"count":1,"href":"https:\/\/www.hostfully.com\/fi\/wp-json\/wp\/v2\/pages\/103707\/revisions"}],"predecessor-version":[{"id":103708,"href":"https:\/\/www.hostfully.com\/fi\/wp-json\/wp\/v2\/pages\/103707\/revisions\/103708"}],"wp:attachment":[{"href":"https:\/\/www.hostfully.com\/fi\/wp-json\/wp\/v2\/media?parent=103707"}],"curies":[{"name":"wp","href":"https:\/\/api.w.org\/{rel}","templated":true}]}}