{"id":105275,"date":"2025-11-24T18:39:33","date_gmt":"2025-11-24T18:39:33","guid":{"rendered":"https:\/\/www.hostfully.com\/kasvutyokalut\/opaskirjan-roi-laskuri-loma-asuntojen-vuokraajille\/"},"modified":"2026-04-14T22:15:46","modified_gmt":"2026-04-14T22:15:46","slug":"opaskirjan-roi-laskuri-loma-asuntojen-vuokraajille","status":"publish","type":"page","link":"https:\/\/www.hostfully.com\/fi\/kasvutyokalut\/opaskirjan-roi-laskuri-loma-asuntojen-vuokraajille\/","title":{"rendered":"Opaskirjan ROI-laskuri loma-asuntojen vuokraajille"},"content":{"rendered":"\t\t<div data-elementor-type=\"wp-page\" data-elementor-id=\"105275\" class=\"elementor elementor-105275 elementor-7852\" data-elementor-post-type=\"page\">\n\t\t\t\t<div class=\"elementor-element elementor-element-871fe64 e-con-full my-4i br-50i e-flex e-con e-parent\" data-id=\"871fe64\" data-element_type=\"container\" data-e-type=\"container\" data-settings=\"{&quot;background_background&quot;:&quot;classic&quot;}\">\n\t\t<div class=\"elementor-element elementor-element-117bba5 e-con-full e-flex e-con e-child\" data-id=\"117bba5\" data-element_type=\"container\" data-e-type=\"container\">\n\t\t\t\t<div class=\"elementor-element elementor-element-616687e elementor-widget elementor-widget-html\" data-id=\"616687e\" data-element_type=\"widget\" data-e-type=\"widget\" data-widget_type=\"html.default\">\n\t\t\t\t<div class=\"elementor-widget-container\">\n\t\t\t\t\t<div>\r\n<div class=\"op-interactive\" id=\"5d5d57ea37157d329c45457d\" data-url=\"https:\/\/hostfully.outgrow.us\/5d5d57ea37157d329c45457d?vHeight=1\" data-width=\"100%\">&nbsp;<\/div>\r\n<script src=\"\/\/dyv6f9ner1ir9.cloudfront.net\/assets\/js\/nloader.js\"><\/script>\r\n<script>initIframe('5d5d57ea37157d329c45457d');<\/script>\r\n<\/div>\t\t\t\t<\/div>\n\t\t\t\t<\/div>\n\t\t\t\t<\/div>\n\t\t\t\t<\/div>\n\t\t<div class=\"elementor-element elementor-element-aa4c80b e-flex e-con-boxed e-con e-parent\" data-id=\"aa4c80b\" data-element_type=\"container\" data-e-type=\"container\">\n\t\t\t\t\t<div class=\"e-con-inner\">\n\t\t\t\t<div class=\"elementor-element elementor-element-4b300ce elementor-widget elementor-widget-text-editor\" data-id=\"4b300ce\" data-element_type=\"widget\" data-e-type=\"widget\" data-widget_type=\"text-editor.default\">\n\t\t\t\t<div class=\"elementor-widget-container\">\n\t\t\t\t\t\t\t\t\tDigitaalisten opaskirjojen k\u00e4ytt\u00f6 loma-asuntovuokrausalalla kasvaa merkitt\u00e4v\u00e4sti. Opaskirjat mahdollistavat vuokraajien ja omistajien personoida matkakokemusta entisest\u00e4\u00e4n paikallisten suositusten avulla. \n\nOpaskirjat mahdollistavat my\u00f6s loma-asuntojen vuokraajien tarjota vierailleen kriittisen t\u00e4rke\u00e4\u00e4 tietoa, mik\u00e4 parantaa vieraskokemusta ja s\u00e4\u00e4st\u00e4\u00e4 aikaa, kun kaikki tiedot ovat yhdell\u00e4 helposti saavutettavalla alustalla. T\u00e4m\u00e4 v\u00e4hent\u00e4\u00e4 vierasvalituksia ja s\u00e4\u00e4st\u00e4\u00e4 henkil\u00f6kunnan ja vuokraajien aikaa yleisiin vieraiden kysymyksiin vastaamisessa. \t\t\t\t\t\t\t\t<\/div>\n\t\t\t\t<\/div>\n\t\t\t\t\t<\/div>\n\t\t\t\t<\/div>\n\t\t\t\t<\/div>\n\t\t","protected":false},"excerpt":{"rendered":"<p>&nbsp; Digitaalisten opaskirjojen k\u00e4ytt\u00f6 loma-asuntovuokrausalalla kasvaa merkitt\u00e4v\u00e4sti. Opaskirjat mahdollistavat vuokraajien ja omistajien personoida matkakokemusta entisest\u00e4\u00e4n paikallisten suositusten avulla. Opaskirjat mahdollistavat my\u00f6s loma-asuntojen vuokraajien tarjota vierailleen kriittisen t\u00e4rke\u00e4\u00e4 tietoa, mik\u00e4 parantaa vieraskokemusta ja s\u00e4\u00e4st\u00e4\u00e4 aikaa, kun kaikki tiedot ovat yhdell\u00e4 helposti saavutettavalla alustalla. T\u00e4m\u00e4 v\u00e4hent\u00e4\u00e4 vierasvalituksia ja s\u00e4\u00e4st\u00e4\u00e4 henkil\u00f6kunnan ja vuokraajien aikaa yleisiin vieraiden kysymyksiin vastaamisessa.<\/p>\n","protected":false},"author":2,"featured_media":0,"parent":104094,"menu_order":0,"comment_status":"closed","ping_status":"closed","template":"","meta":{"footnotes":""},"class_list":["post-105275","page","type-page","status-publish","hentry"],"yoast_head":"<!-- This site is optimized with the Yoast SEO Premium plugin v27.4 (Yoast SEO v27.4) - https:\/\/yoast.com\/product\/yoast-seo-premium-wordpress\/ -->\n<title>Opaskirjan ROI-laskuri loma-asuntojen vuokraajille | Hostfully<\/title>\n<meta name=\"description\" content=\"Laske opaskirjan vaikutus liiketoimintaasi ilmaisella ty\u00f6kalullamme. Saat k\u00e4yt\u00e4nn\u00f6llisi\u00e4 oivalluksia vieraiden arvon ja voittojen maksimoimiseksi.\" \/>\n<meta name=\"robots\" content=\"index, follow, max-snippet:-1, max-image-preview:large, max-video-preview:-1\" \/>\n<link rel=\"canonical\" href=\"https:\/\/www.hostfully.com\/fi\/kasvutyokalut\/opaskirjan-roi-laskuri-loma-asuntojen-vuokraajille\/\" \/>\n<meta property=\"og:locale\" content=\"fi_FI\" \/>\n<meta property=\"og:type\" content=\"article\" \/>\n<meta property=\"og:title\" content=\"Opaskirjan ROI-laskuri loma-asuntojen vuokraajille\" \/>\n<meta property=\"og:description\" content=\"Laske opaskirjan vaikutus liiketoimintaasi ilmaisella ty\u00f6kalullamme. Saat k\u00e4yt\u00e4nn\u00f6llisi\u00e4 oivalluksia vieraiden arvon ja voittojen maksimoimiseksi.\" \/>\n<meta property=\"og:url\" content=\"https:\/\/www.hostfully.com\/fi\/kasvutyokalut\/opaskirjan-roi-laskuri-loma-asuntojen-vuokraajille\/\" \/>\n<meta property=\"og:site_name\" content=\"Hostfully\" \/>\n<meta property=\"article:publisher\" content=\"https:\/\/www.facebook.com\/hostfully\" \/>\n<meta property=\"article:modified_time\" content=\"2026-04-14T22:15:46+00:00\" \/>\n<meta name=\"twitter:card\" content=\"summary_large_image\" \/>\n<meta name=\"twitter:site\" content=\"@hostfully\" \/>\n<script type=\"application\/ld+json\" class=\"yoast-schema-graph\">{\"@context\":\"https:\\\/\\\/schema.org\",\"@graph\":[{\"@type\":\"WebPage\",\"@id\":\"https:\\\/\\\/www.hostfully.com\\\/fi\\\/kasvutyokalut\\\/opaskirjan-roi-laskuri-loma-asuntojen-vuokraajille\\\/\",\"url\":\"https:\\\/\\\/www.hostfully.com\\\/fi\\\/kasvutyokalut\\\/opaskirjan-roi-laskuri-loma-asuntojen-vuokraajille\\\/\",\"name\":\"Opaskirjan ROI-laskuri loma-asuntojen vuokraajille | Hostfully\",\"isPartOf\":{\"@id\":\"https:\\\/\\\/www.hostfully.com\\\/fi\\\/#website\"},\"datePublished\":\"2025-11-24T18:39:33+00:00\",\"dateModified\":\"2026-04-14T22:15:46+00:00\",\"description\":\"Laske opaskirjan vaikutus liiketoimintaasi ilmaisella ty\u00f6kalullamme. Saat k\u00e4yt\u00e4nn\u00f6llisi\u00e4 oivalluksia vieraiden arvon ja voittojen maksimoimiseksi.\",\"breadcrumb\":{\"@id\":\"https:\\\/\\\/www.hostfully.com\\\/fi\\\/kasvutyokalut\\\/opaskirjan-roi-laskuri-loma-asuntojen-vuokraajille\\\/#breadcrumb\"},\"inLanguage\":\"fi\",\"potentialAction\":[{\"@type\":\"ReadAction\",\"target\":[\"https:\\\/\\\/www.hostfully.com\\\/fi\\\/kasvutyokalut\\\/opaskirjan-roi-laskuri-loma-asuntojen-vuokraajille\\\/\"]}]},{\"@type\":\"BreadcrumbList\",\"@id\":\"https:\\\/\\\/www.hostfully.com\\\/fi\\\/kasvutyokalut\\\/opaskirjan-roi-laskuri-loma-asuntojen-vuokraajille\\\/#breadcrumb\",\"itemListElement\":[{\"@type\":\"ListItem\",\"position\":1,\"name\":\"Home\",\"item\":\"https:\\\/\\\/www.hostfully.com\\\/fi\\\/\"},{\"@type\":\"ListItem\",\"position\":2,\"name\":\"Kasvuty\u00f6kalut\",\"item\":\"https:\\\/\\\/www.hostfully.com\\\/fi\\\/kasvutyokalut\\\/\"},{\"@type\":\"ListItem\",\"position\":3,\"name\":\"Opaskirjan ROI-laskuri loma-asuntojen vuokraajille\"}]},{\"@type\":\"WebSite\",\"@id\":\"https:\\\/\\\/www.hostfully.com\\\/fi\\\/#website\",\"url\":\"https:\\\/\\\/www.hostfully.com\\\/fi\\\/\",\"name\":\"Hostfully\",\"description\":\"Award Winning Vacation Rental Software\",\"publisher\":{\"@id\":\"https:\\\/\\\/www.hostfully.com\\\/fi\\\/#organization\"},\"potentialAction\":[{\"@type\":\"SearchAction\",\"target\":{\"@type\":\"EntryPoint\",\"urlTemplate\":\"https:\\\/\\\/www.hostfully.com\\\/fi\\\/?s={search_term_string}\"},\"query-input\":{\"@type\":\"PropertyValueSpecification\",\"valueRequired\":true,\"valueName\":\"search_term_string\"}}],\"inLanguage\":\"fi\"},{\"@type\":\"Organization\",\"@id\":\"https:\\\/\\\/www.hostfully.com\\\/fi\\\/#organization\",\"name\":\"Hostfully\",\"url\":\"https:\\\/\\\/www.hostfully.com\\\/fi\\\/\",\"logo\":{\"@type\":\"ImageObject\",\"inLanguage\":\"fi\",\"@id\":\"https:\\\/\\\/www.hostfully.com\\\/fi\\\/#\\\/schema\\\/logo\\\/image\\\/\",\"url\":\"https:\\\/\\\/www.hostfully.com\\\/wp-content\\\/uploads\\\/2025\\\/08\\\/Hostfully_bluecircle_isotype_R-.png\",\"contentUrl\":\"https:\\\/\\\/www.hostfully.com\\\/wp-content\\\/uploads\\\/2025\\\/08\\\/Hostfully_bluecircle_isotype_R-.png\",\"width\":321,\"height\":321,\"caption\":\"Hostfully\"},\"image\":{\"@id\":\"https:\\\/\\\/www.hostfully.com\\\/fi\\\/#\\\/schema\\\/logo\\\/image\\\/\"},\"sameAs\":[\"https:\\\/\\\/www.facebook.com\\\/hostfully\",\"https:\\\/\\\/x.com\\\/hostfully\",\"https:\\\/\\\/www.instagram.com\\\/hostfully_\\\/\",\"https:\\\/\\\/www.youtube.com\\\/c\\\/Hostfully\",\"https:\\\/\\\/www.linkedin.com\\\/company\\\/hostfully-inc-\\\/\"]}]}<\/script>\n<!-- \/ Yoast SEO Premium plugin. -->","yoast_head_json":{"title":"Opaskirjan ROI-laskuri loma-asuntojen vuokraajille | Hostfully","description":"Laske opaskirjan vaikutus liiketoimintaasi ilmaisella ty\u00f6kalullamme. Saat k\u00e4yt\u00e4nn\u00f6llisi\u00e4 oivalluksia vieraiden arvon ja voittojen maksimoimiseksi.","robots":{"index":"index","follow":"follow","max-snippet":"max-snippet:-1","max-image-preview":"max-image-preview:large","max-video-preview":"max-video-preview:-1"},"canonical":"https:\/\/www.hostfully.com\/fi\/kasvutyokalut\/opaskirjan-roi-laskuri-loma-asuntojen-vuokraajille\/","og_locale":"fi_FI","og_type":"article","og_title":"Opaskirjan ROI-laskuri loma-asuntojen vuokraajille","og_description":"Laske opaskirjan vaikutus liiketoimintaasi ilmaisella ty\u00f6kalullamme. Saat k\u00e4yt\u00e4nn\u00f6llisi\u00e4 oivalluksia vieraiden arvon ja voittojen maksimoimiseksi.","og_url":"https:\/\/www.hostfully.com\/fi\/kasvutyokalut\/opaskirjan-roi-laskuri-loma-asuntojen-vuokraajille\/","og_site_name":"Hostfully","article_publisher":"https:\/\/www.facebook.com\/hostfully","article_modified_time":"2026-04-14T22:15:46+00:00","twitter_card":"summary_large_image","twitter_site":"@hostfully","schema":{"@context":"https:\/\/schema.org","@graph":[{"@type":"WebPage","@id":"https:\/\/www.hostfully.com\/fi\/kasvutyokalut\/opaskirjan-roi-laskuri-loma-asuntojen-vuokraajille\/","url":"https:\/\/www.hostfully.com\/fi\/kasvutyokalut\/opaskirjan-roi-laskuri-loma-asuntojen-vuokraajille\/","name":"Opaskirjan ROI-laskuri loma-asuntojen vuokraajille | Hostfully","isPartOf":{"@id":"https:\/\/www.hostfully.com\/fi\/#website"},"datePublished":"2025-11-24T18:39:33+00:00","dateModified":"2026-04-14T22:15:46+00:00","description":"Laske opaskirjan vaikutus liiketoimintaasi ilmaisella ty\u00f6kalullamme. Saat k\u00e4yt\u00e4nn\u00f6llisi\u00e4 oivalluksia vieraiden arvon ja voittojen maksimoimiseksi.","breadcrumb":{"@id":"https:\/\/www.hostfully.com\/fi\/kasvutyokalut\/opaskirjan-roi-laskuri-loma-asuntojen-vuokraajille\/#breadcrumb"},"inLanguage":"fi","potentialAction":[{"@type":"ReadAction","target":["https:\/\/www.hostfully.com\/fi\/kasvutyokalut\/opaskirjan-roi-laskuri-loma-asuntojen-vuokraajille\/"]}]},{"@type":"BreadcrumbList","@id":"https:\/\/www.hostfully.com\/fi\/kasvutyokalut\/opaskirjan-roi-laskuri-loma-asuntojen-vuokraajille\/#breadcrumb","itemListElement":[{"@type":"ListItem","position":1,"name":"Home","item":"https:\/\/www.hostfully.com\/fi\/"},{"@type":"ListItem","position":2,"name":"Kasvuty\u00f6kalut","item":"https:\/\/www.hostfully.com\/fi\/kasvutyokalut\/"},{"@type":"ListItem","position":3,"name":"Opaskirjan ROI-laskuri loma-asuntojen vuokraajille"}]},{"@type":"WebSite","@id":"https:\/\/www.hostfully.com\/fi\/#website","url":"https:\/\/www.hostfully.com\/fi\/","name":"Hostfully","description":"Award Winning Vacation Rental Software","publisher":{"@id":"https:\/\/www.hostfully.com\/fi\/#organization"},"potentialAction":[{"@type":"SearchAction","target":{"@type":"EntryPoint","urlTemplate":"https:\/\/www.hostfully.com\/fi\/?s={search_term_string}"},"query-input":{"@type":"PropertyValueSpecification","valueRequired":true,"valueName":"search_term_string"}}],"inLanguage":"fi"},{"@type":"Organization","@id":"https:\/\/www.hostfully.com\/fi\/#organization","name":"Hostfully","url":"https:\/\/www.hostfully.com\/fi\/","logo":{"@type":"ImageObject","inLanguage":"fi","@id":"https:\/\/www.hostfully.com\/fi\/#\/schema\/logo\/image\/","url":"https:\/\/www.hostfully.com\/wp-content\/uploads\/2025\/08\/Hostfully_bluecircle_isotype_R-.png","contentUrl":"https:\/\/www.hostfully.com\/wp-content\/uploads\/2025\/08\/Hostfully_bluecircle_isotype_R-.png","width":321,"height":321,"caption":"Hostfully"},"image":{"@id":"https:\/\/www.hostfully.com\/fi\/#\/schema\/logo\/image\/"},"sameAs":["https:\/\/www.facebook.com\/hostfully","https:\/\/x.com\/hostfully","https:\/\/www.instagram.com\/hostfully_\/","https:\/\/www.youtube.com\/c\/Hostfully","https:\/\/www.linkedin.com\/company\/hostfully-inc-\/"]}]}},"_links":{"self":[{"href":"https:\/\/www.hostfully.com\/fi\/wp-json\/wp\/v2\/pages\/105275","targetHints":{"allow":["GET"]}}],"collection":[{"href":"https:\/\/www.hostfully.com\/fi\/wp-json\/wp\/v2\/pages"}],"about":[{"href":"https:\/\/www.hostfully.com\/fi\/wp-json\/wp\/v2\/types\/page"}],"author":[{"embeddable":true,"href":"https:\/\/www.hostfully.com\/fi\/wp-json\/wp\/v2\/users\/2"}],"replies":[{"embeddable":true,"href":"https:\/\/www.hostfully.com\/fi\/wp-json\/wp\/v2\/comments?post=105275"}],"version-history":[{"count":1,"href":"https:\/\/www.hostfully.com\/fi\/wp-json\/wp\/v2\/pages\/105275\/revisions"}],"predecessor-version":[{"id":105276,"href":"https:\/\/www.hostfully.com\/fi\/wp-json\/wp\/v2\/pages\/105275\/revisions\/105276"}],"up":[{"embeddable":true,"href":"https:\/\/www.hostfully.com\/fi\/wp-json\/wp\/v2\/pages\/104094"}],"wp:attachment":[{"href":"https:\/\/www.hostfully.com\/fi\/wp-json\/wp\/v2\/media?parent=105275"}],"curies":[{"name":"wp","href":"https:\/\/api.w.org\/{rel}","templated":true}]}}