{"id":109112,"date":"2025-11-13T16:40:30","date_gmt":"2025-11-13T16:40:30","guid":{"rendered":"https:\/\/www.hostfully.com\/evastekaytanto\/"},"modified":"2025-11-13T16:40:30","modified_gmt":"2025-11-13T16:40:30","slug":"evastekaytanto","status":"publish","type":"page","link":"https:\/\/www.hostfully.com\/fi\/evastekaytanto\/","title":{"rendered":"Ev\u00e4stek\u00e4yt\u00e4nt\u00f6"},"content":{"rendered":"<p>Voimaantulop\u00e4iv\u00e4: 15.5.2024<\/p>\n<p>&nbsp;<\/p>\n<p>&nbsp;<\/p>\n<h4>Mit\u00e4 ev\u00e4steet ovat?<\/h4>\n<p>&nbsp;<\/p>\n<p>T\u00e4m\u00e4 ev\u00e4stek\u00e4yt\u00e4nt\u00f6 selitt\u00e4\u00e4, mit\u00e4 ev\u00e4steet ovat ja miten k\u00e4yt\u00e4mme niit\u00e4, mit\u00e4 ev\u00e4stetyypej\u00e4 k\u00e4yt\u00e4mme eli mit\u00e4 tietoja ker\u00e4\u00e4mme ev\u00e4steiden avulla ja miten n\u00e4it\u00e4 tietoja k\u00e4ytet\u00e4\u00e4n, sek\u00e4 miten ev\u00e4steasetuksia hallitaan.<\/p>\n<p>Ev\u00e4steet ovat pieni\u00e4 tekstitiedostoja, joita k\u00e4ytet\u00e4\u00e4n pienten tietojen tallentamiseen. Ne tallennetaan laitteellesi, kun verkkosivusto ladataan selaimeesi. N\u00e4m\u00e4 ev\u00e4steet auttavat meit\u00e4 saamaan verkkosivuston toimimaan asianmukaisesti, tekem\u00e4\u00e4n siit\u00e4 turvallisemman, tarjoamaan paremman k\u00e4ytt\u00f6kokemuksen ja ymm\u00e4rt\u00e4m\u00e4\u00e4n, miten verkkosivusto toimii, sek\u00e4 analysoimaan, mik\u00e4 toimii ja miss\u00e4 tarvitaan parannuksia. <\/p>\n<p>&nbsp;<\/p>\n<p>&nbsp;<\/p>\n<h4>Miten k\u00e4yt\u00e4mme ev\u00e4steit\u00e4?<\/h4>\n<p>&nbsp;<\/p>\n<p>Kuten useimmat verkkopalvelut, verkkosivustomme k\u00e4ytt\u00e4\u00e4 ensimm\u00e4isen ja kolmannen osapuolen ev\u00e4steit\u00e4 useisiin tarkoituksiin. Ensimm\u00e4isen osapuolen ev\u00e4steet ovat p\u00e4\u00e4osin v\u00e4ltt\u00e4m\u00e4tt\u00f6mi\u00e4 verkkosivuston asianmukaiselle toiminnalle, eiv\u00e4tk\u00e4 ne ker\u00e4\u00e4 mit\u00e4\u00e4n henkil\u00f6kohtaisesti tunnistettavia tietojasi. <\/p>\n<p>Verkkosivustollamme k\u00e4ytett\u00e4v\u00e4t kolmannen osapuolen ev\u00e4steet ovat p\u00e4\u00e4asiassa tarkoitettu ymm\u00e4rt\u00e4m\u00e4\u00e4n, miten verkkosivusto toimii, miten olet vuorovaikutuksessa verkkosivustomme kanssa, pit\u00e4m\u00e4\u00e4n palvelumme turvallisina, tarjoamaan sinulle relevantteja mainoksia ja kaiken kaikkiaan tarjoamaan sinulle paremman ja kehittyneemm\u00e4n k\u00e4ytt\u00f6kokemuksen sek\u00e4 nopeuttamaan tulevia vuorovaikutuksiasi verkkosivustomme kanssa.<\/p>\n<p>&nbsp;<\/p>\n<p>[wcc_category_list]<\/p>\n<p>&nbsp;<\/p>\n<p>&nbsp;<\/p>\n<h4>Ev\u00e4steasetuksien hallinta<\/h4>\n<p>&nbsp;<\/p>\n<p>Voit muuttaa ev\u00e4steasetuksiasi milloin tahansa napsauttamalla [wcc_preference_button]-painiketta. T\u00e4m\u00e4 antaa sinun tarkastella ev\u00e4steiden suostumusilmoitusta uudelleen ja muuttaa asetuksiasi tai peruuttaa suostumuksesi v\u00e4litt\u00f6m\u00e4sti. T\u00e4m\u00e4n lis\u00e4ksi eri selaimet tarjoavat erilaisia menetelmi\u00e4 verkkosivustojen k\u00e4ytt\u00e4mien ev\u00e4steiden est\u00e4miseen ja poistamiseen. Voit muuttaa selaimesi asetuksia est\u00e4\u00e4ksesi\/poistaaksesi ev\u00e4steet. Alla on linkit ohjeasiakirjoihin siit\u00e4, miten ev\u00e4steit\u00e4 hallitaan ja poistetaan t\u00e4rkeimmist\u00e4 verkkoselaimista.    <\/p>\n<p>Chrome: <a href=\"https:\/\/support.google.com\/accounts\/answer\/32050\">https:\/\/support.google.com\/accounts\/answer\/32050<\/a><\/p>\n<p>Safari: <a href=\"https:\/\/support.apple.com\/en-in\/guide\/safari\/sfri11471\/mac\">https:\/\/support.apple.com\/en-in\/guide\/safari\/sfri11471\/mac<\/a><\/p>\n<p>Firefox: <a href=\"https:\/\/support.mozilla.org\/en-US\/kb\/clear-cookies-and-site-data-firefox?redirectslug=delete-cookies-remove-info-websites-stored&amp;redirectlocale=en-US\">https:\/\/support.mozilla.org\/en-US\/kb\/clear-cookies-and-site-data-firefox?redirectslug=delete-cookies-remove-info-websites-stored&amp;redirectlocale=en-US<\/a><\/p>\n<p>Microsoft Edge: <a href=\"https:\/\/support.microsoft.com\/en-us\/microsoft-edge\/delete-cookies-in-microsoft-edge-63947406-40ac-c3b8-57b9-2a946a29ae09\">Delete cookies in Microsoft Edge &#8211; Microsoft Support<\/a><\/p>\n<p>Jos k\u00e4yt\u00e4t jotain muuta verkkoselinta, k\u00e4y selaimesi virallisissa ohjeasiakirjoissa.<\/p>\n","protected":false},"excerpt":{"rendered":"<p>Voimaantulop\u00e4iv\u00e4: 15.5.2024 &nbsp; &nbsp; Mit\u00e4 ev\u00e4steet ovat? &nbsp; T\u00e4m\u00e4 ev\u00e4stek\u00e4yt\u00e4nt\u00f6 selitt\u00e4\u00e4, mit\u00e4 ev\u00e4steet ovat ja miten k\u00e4yt\u00e4mme niit\u00e4, mit\u00e4 ev\u00e4stetyypej\u00e4 k\u00e4yt\u00e4mme eli mit\u00e4 tietoja ker\u00e4\u00e4mme ev\u00e4steiden avulla ja miten n\u00e4it\u00e4 tietoja k\u00e4ytet\u00e4\u00e4n, sek\u00e4 miten ev\u00e4steasetuksia hallitaan. Ev\u00e4steet ovat pieni\u00e4 tekstitiedostoja, joita k\u00e4ytet\u00e4\u00e4n pienten tietojen tallentamiseen. Ne tallennetaan laitteellesi, kun verkkosivusto ladataan selaimeesi. N\u00e4m\u00e4 ev\u00e4steet auttavat [&hellip;]<\/p>\n","protected":false},"author":2,"featured_media":0,"parent":0,"menu_order":0,"comment_status":"closed","ping_status":"closed","template":"","meta":{"footnotes":""},"class_list":["post-109112","page","type-page","status-publish","hentry"],"yoast_head":"<!-- This site is optimized with the Yoast SEO Premium plugin v27.4 (Yoast SEO v27.4) - https:\/\/yoast.com\/product\/yoast-seo-premium-wordpress\/ -->\n<title>Ev\u00e4stek\u00e4yt\u00e4nt\u00f6 | Hostfully<\/title>\n<meta name=\"robots\" content=\"index, follow, max-snippet:-1, max-image-preview:large, max-video-preview:-1\" \/>\n<link rel=\"canonical\" href=\"https:\/\/www.hostfully.com\/fi\/evastekaytanto\/\" \/>\n<meta property=\"og:locale\" content=\"fi_FI\" \/>\n<meta property=\"og:type\" content=\"article\" \/>\n<meta property=\"og:title\" content=\"Ev\u00e4stek\u00e4yt\u00e4nt\u00f6\" \/>\n<meta property=\"og:description\" content=\"Voimaantulop\u00e4iv\u00e4: 15.5.2024 &nbsp; &nbsp; Mit\u00e4 ev\u00e4steet ovat? &nbsp; T\u00e4m\u00e4 ev\u00e4stek\u00e4yt\u00e4nt\u00f6 selitt\u00e4\u00e4, mit\u00e4 ev\u00e4steet ovat ja miten k\u00e4yt\u00e4mme niit\u00e4, mit\u00e4 ev\u00e4stetyypej\u00e4 k\u00e4yt\u00e4mme eli mit\u00e4 tietoja ker\u00e4\u00e4mme ev\u00e4steiden avulla ja miten n\u00e4it\u00e4 tietoja k\u00e4ytet\u00e4\u00e4n, sek\u00e4 miten ev\u00e4steasetuksia hallitaan. Ev\u00e4steet ovat pieni\u00e4 tekstitiedostoja, joita k\u00e4ytet\u00e4\u00e4n pienten tietojen tallentamiseen. Ne tallennetaan laitteellesi, kun verkkosivusto ladataan selaimeesi. N\u00e4m\u00e4 ev\u00e4steet auttavat [&hellip;]\" \/>\n<meta property=\"og:url\" content=\"https:\/\/www.hostfully.com\/fi\/evastekaytanto\/\" \/>\n<meta property=\"og:site_name\" content=\"Hostfully\" \/>\n<meta property=\"article:publisher\" content=\"https:\/\/www.facebook.com\/hostfully\" \/>\n<meta name=\"twitter:card\" content=\"summary_large_image\" \/>\n<meta name=\"twitter:site\" content=\"@hostfully\" \/>\n<meta name=\"twitter:label1\" content=\"Arvioitu lukuaika\" \/>\n\t<meta name=\"twitter:data1\" content=\"2 minuuttia\" \/>\n<script type=\"application\/ld+json\" class=\"yoast-schema-graph\">{\"@context\":\"https:\\\/\\\/schema.org\",\"@graph\":[{\"@type\":\"WebPage\",\"@id\":\"https:\\\/\\\/www.hostfully.com\\\/fi\\\/evastekaytanto\\\/\",\"url\":\"https:\\\/\\\/www.hostfully.com\\\/fi\\\/evastekaytanto\\\/\",\"name\":\"Ev\u00e4stek\u00e4yt\u00e4nt\u00f6 | Hostfully\",\"isPartOf\":{\"@id\":\"https:\\\/\\\/www.hostfully.com\\\/fi\\\/#website\"},\"datePublished\":\"2025-11-13T16:40:30+00:00\",\"breadcrumb\":{\"@id\":\"https:\\\/\\\/www.hostfully.com\\\/fi\\\/evastekaytanto\\\/#breadcrumb\"},\"inLanguage\":\"fi\",\"potentialAction\":[{\"@type\":\"ReadAction\",\"target\":[\"https:\\\/\\\/www.hostfully.com\\\/fi\\\/evastekaytanto\\\/\"]}]},{\"@type\":\"BreadcrumbList\",\"@id\":\"https:\\\/\\\/www.hostfully.com\\\/fi\\\/evastekaytanto\\\/#breadcrumb\",\"itemListElement\":[{\"@type\":\"ListItem\",\"position\":1,\"name\":\"Home\",\"item\":\"https:\\\/\\\/www.hostfully.com\\\/fi\\\/\"},{\"@type\":\"ListItem\",\"position\":2,\"name\":\"Ev\u00e4stek\u00e4yt\u00e4nt\u00f6\"}]},{\"@type\":\"WebSite\",\"@id\":\"https:\\\/\\\/www.hostfully.com\\\/fi\\\/#website\",\"url\":\"https:\\\/\\\/www.hostfully.com\\\/fi\\\/\",\"name\":\"Hostfully\",\"description\":\"Award Winning Vacation Rental Software\",\"publisher\":{\"@id\":\"https:\\\/\\\/www.hostfully.com\\\/fi\\\/#organization\"},\"potentialAction\":[{\"@type\":\"SearchAction\",\"target\":{\"@type\":\"EntryPoint\",\"urlTemplate\":\"https:\\\/\\\/www.hostfully.com\\\/fi\\\/?s={search_term_string}\"},\"query-input\":{\"@type\":\"PropertyValueSpecification\",\"valueRequired\":true,\"valueName\":\"search_term_string\"}}],\"inLanguage\":\"fi\"},{\"@type\":\"Organization\",\"@id\":\"https:\\\/\\\/www.hostfully.com\\\/fi\\\/#organization\",\"name\":\"Hostfully\",\"url\":\"https:\\\/\\\/www.hostfully.com\\\/fi\\\/\",\"logo\":{\"@type\":\"ImageObject\",\"inLanguage\":\"fi\",\"@id\":\"https:\\\/\\\/www.hostfully.com\\\/fi\\\/#\\\/schema\\\/logo\\\/image\\\/\",\"url\":\"https:\\\/\\\/www.hostfully.com\\\/wp-content\\\/uploads\\\/2025\\\/08\\\/Hostfully_bluecircle_isotype_R-.png\",\"contentUrl\":\"https:\\\/\\\/www.hostfully.com\\\/wp-content\\\/uploads\\\/2025\\\/08\\\/Hostfully_bluecircle_isotype_R-.png\",\"width\":321,\"height\":321,\"caption\":\"Hostfully\"},\"image\":{\"@id\":\"https:\\\/\\\/www.hostfully.com\\\/fi\\\/#\\\/schema\\\/logo\\\/image\\\/\"},\"sameAs\":[\"https:\\\/\\\/www.facebook.com\\\/hostfully\",\"https:\\\/\\\/x.com\\\/hostfully\",\"https:\\\/\\\/www.instagram.com\\\/hostfully_\\\/\",\"https:\\\/\\\/www.youtube.com\\\/c\\\/Hostfully\",\"https:\\\/\\\/www.linkedin.com\\\/company\\\/hostfully-inc-\\\/\"]}]}<\/script>\n<!-- \/ Yoast SEO Premium plugin. -->","yoast_head_json":{"title":"Ev\u00e4stek\u00e4yt\u00e4nt\u00f6 | Hostfully","robots":{"index":"index","follow":"follow","max-snippet":"max-snippet:-1","max-image-preview":"max-image-preview:large","max-video-preview":"max-video-preview:-1"},"canonical":"https:\/\/www.hostfully.com\/fi\/evastekaytanto\/","og_locale":"fi_FI","og_type":"article","og_title":"Ev\u00e4stek\u00e4yt\u00e4nt\u00f6","og_description":"Voimaantulop\u00e4iv\u00e4: 15.5.2024 &nbsp; &nbsp; Mit\u00e4 ev\u00e4steet ovat? &nbsp; T\u00e4m\u00e4 ev\u00e4stek\u00e4yt\u00e4nt\u00f6 selitt\u00e4\u00e4, mit\u00e4 ev\u00e4steet ovat ja miten k\u00e4yt\u00e4mme niit\u00e4, mit\u00e4 ev\u00e4stetyypej\u00e4 k\u00e4yt\u00e4mme eli mit\u00e4 tietoja ker\u00e4\u00e4mme ev\u00e4steiden avulla ja miten n\u00e4it\u00e4 tietoja k\u00e4ytet\u00e4\u00e4n, sek\u00e4 miten ev\u00e4steasetuksia hallitaan. Ev\u00e4steet ovat pieni\u00e4 tekstitiedostoja, joita k\u00e4ytet\u00e4\u00e4n pienten tietojen tallentamiseen. Ne tallennetaan laitteellesi, kun verkkosivusto ladataan selaimeesi. N\u00e4m\u00e4 ev\u00e4steet auttavat [&hellip;]","og_url":"https:\/\/www.hostfully.com\/fi\/evastekaytanto\/","og_site_name":"Hostfully","article_publisher":"https:\/\/www.facebook.com\/hostfully","twitter_card":"summary_large_image","twitter_site":"@hostfully","twitter_misc":{"Arvioitu lukuaika":"2 minuuttia"},"schema":{"@context":"https:\/\/schema.org","@graph":[{"@type":"WebPage","@id":"https:\/\/www.hostfully.com\/fi\/evastekaytanto\/","url":"https:\/\/www.hostfully.com\/fi\/evastekaytanto\/","name":"Ev\u00e4stek\u00e4yt\u00e4nt\u00f6 | Hostfully","isPartOf":{"@id":"https:\/\/www.hostfully.com\/fi\/#website"},"datePublished":"2025-11-13T16:40:30+00:00","breadcrumb":{"@id":"https:\/\/www.hostfully.com\/fi\/evastekaytanto\/#breadcrumb"},"inLanguage":"fi","potentialAction":[{"@type":"ReadAction","target":["https:\/\/www.hostfully.com\/fi\/evastekaytanto\/"]}]},{"@type":"BreadcrumbList","@id":"https:\/\/www.hostfully.com\/fi\/evastekaytanto\/#breadcrumb","itemListElement":[{"@type":"ListItem","position":1,"name":"Home","item":"https:\/\/www.hostfully.com\/fi\/"},{"@type":"ListItem","position":2,"name":"Ev\u00e4stek\u00e4yt\u00e4nt\u00f6"}]},{"@type":"WebSite","@id":"https:\/\/www.hostfully.com\/fi\/#website","url":"https:\/\/www.hostfully.com\/fi\/","name":"Hostfully","description":"Award Winning Vacation Rental Software","publisher":{"@id":"https:\/\/www.hostfully.com\/fi\/#organization"},"potentialAction":[{"@type":"SearchAction","target":{"@type":"EntryPoint","urlTemplate":"https:\/\/www.hostfully.com\/fi\/?s={search_term_string}"},"query-input":{"@type":"PropertyValueSpecification","valueRequired":true,"valueName":"search_term_string"}}],"inLanguage":"fi"},{"@type":"Organization","@id":"https:\/\/www.hostfully.com\/fi\/#organization","name":"Hostfully","url":"https:\/\/www.hostfully.com\/fi\/","logo":{"@type":"ImageObject","inLanguage":"fi","@id":"https:\/\/www.hostfully.com\/fi\/#\/schema\/logo\/image\/","url":"https:\/\/www.hostfully.com\/wp-content\/uploads\/2025\/08\/Hostfully_bluecircle_isotype_R-.png","contentUrl":"https:\/\/www.hostfully.com\/wp-content\/uploads\/2025\/08\/Hostfully_bluecircle_isotype_R-.png","width":321,"height":321,"caption":"Hostfully"},"image":{"@id":"https:\/\/www.hostfully.com\/fi\/#\/schema\/logo\/image\/"},"sameAs":["https:\/\/www.facebook.com\/hostfully","https:\/\/x.com\/hostfully","https:\/\/www.instagram.com\/hostfully_\/","https:\/\/www.youtube.com\/c\/Hostfully","https:\/\/www.linkedin.com\/company\/hostfully-inc-\/"]}]}},"_links":{"self":[{"href":"https:\/\/www.hostfully.com\/fi\/wp-json\/wp\/v2\/pages\/109112","targetHints":{"allow":["GET"]}}],"collection":[{"href":"https:\/\/www.hostfully.com\/fi\/wp-json\/wp\/v2\/pages"}],"about":[{"href":"https:\/\/www.hostfully.com\/fi\/wp-json\/wp\/v2\/types\/page"}],"author":[{"embeddable":true,"href":"https:\/\/www.hostfully.com\/fi\/wp-json\/wp\/v2\/users\/2"}],"replies":[{"embeddable":true,"href":"https:\/\/www.hostfully.com\/fi\/wp-json\/wp\/v2\/comments?post=109112"}],"version-history":[{"count":0,"href":"https:\/\/www.hostfully.com\/fi\/wp-json\/wp\/v2\/pages\/109112\/revisions"}],"wp:attachment":[{"href":"https:\/\/www.hostfully.com\/fi\/wp-json\/wp\/v2\/media?parent=109112"}],"curies":[{"name":"wp","href":"https:\/\/api.w.org\/{rel}","templated":true}]}}