{"id":11463,"date":"2025-11-24T18:33:34","date_gmt":"2025-11-24T18:33:34","guid":{"rendered":"https:\/\/mktdev.hostfully.com\/quiz-devaluation-de-la-sante-de-votre-entreprise-de-location-saisonniere\/"},"modified":"2026-02-19T13:32:13","modified_gmt":"2026-02-19T13:32:13","slug":"quiz-devaluation-de-la-sante-de-votre-entreprise-de-location-saisonniere","status":"publish","type":"page","link":"https:\/\/www.hostfully.com\/fr\/outils-de-croissance\/quiz-devaluation-de-la-sante-de-votre-entreprise-de-location-saisonniere\/","title":{"rendered":"Quiz d\u2019\u00e9valuation de la sant\u00e9 de votre entreprise de location saisonni\u00e8re"},"content":{"rendered":"\t\t<div data-elementor-type=\"wp-page\" data-elementor-id=\"11463\" class=\"elementor elementor-11463 elementor-7841\" data-elementor-post-type=\"page\">\n\t\t\t\t<div class=\"elementor-element elementor-element-faaf74c e-con-full my-4i br-50i e-flex e-con e-parent\" data-id=\"faaf74c\" data-element_type=\"container\" data-e-type=\"container\" data-settings=\"{&quot;background_background&quot;:&quot;classic&quot;}\">\n\t\t<div class=\"elementor-element elementor-element-982f6b2 e-con-full e-flex e-con e-child\" data-id=\"982f6b2\" data-element_type=\"container\" data-e-type=\"container\">\n\t\t\t\t<div class=\"elementor-element elementor-element-4a70e6a elementor-widget elementor-widget-html\" data-id=\"4a70e6a\" data-element_type=\"widget\" data-e-type=\"widget\" data-widget_type=\"html.default\">\n\t\t\t\t<div class=\"elementor-widget-container\">\n\t\t\t\t\t<div>\r\n<div class=\"op-interactive\" id=\"5de6670dddb67c77083c1dcf\" data-url=\"https:\/\/hostfully.outgrow.us\/5de6670dddb67c77083c1dcf?vHeight=1\" data-width=\"100%\">&nbsp;<\/div>\r\n<script src=\"\/\/dyv6f9ner1ir9.cloudfront.net\/assets\/js\/nloader.js\"><\/script>\r\n<script>initIframe('5de6670dddb67c77083c1dcf');<\/script>\r\n<\/div>\t\t\t\t<\/div>\n\t\t\t\t<\/div>\n\t\t\t\t<\/div>\n\t\t\t\t<\/div>\n\t\t<div class=\"elementor-element elementor-element-6d8a2c2 e-flex e-con-boxed e-con e-parent\" data-id=\"6d8a2c2\" data-element_type=\"container\" data-e-type=\"container\">\n\t\t\t\t\t<div class=\"e-con-inner\">\n\t\t\t\t<div class=\"elementor-element elementor-element-085caad elementor-widget elementor-widget-text-editor\" data-id=\"085caad\" data-element_type=\"widget\" data-e-type=\"widget\" data-widget_type=\"text-editor.default\">\n\t\t\t\t<div class=\"elementor-widget-container\">\n\t\t\t\t\t\t\t\t\t<p>Bien que les entreprises d\u2019accueil ax\u00e9es sur la technologie soient un ph\u00e9nom\u00e8ne r\u00e9cent de la derni\u00e8re d\u00e9cennie, leur croissance suit des mod\u00e8les commerciaux traditionnels. Il existe quatre fonctions commerciales essentielles au sein de toute soci\u00e9t\u00e9 de gestion de locations saisonni\u00e8res&nbsp;: <strong>les op\u00e9rations, le marketing, les ventes et la gestion des clients<\/strong>. <\/p><p>Pour les gestionnaires de locations saisonni\u00e8res \ud83d\ude4b\u200d\u2640\ufe0f\ud83d\ude4b\u200d\u2642\ufe0f, une question que l\u2019on nous pose souvent est la suivante&nbsp;: <em>Comment savoir sur laquelle de ces fonctions commerciales se concentrer&nbsp;?<\/em> Et la r\u00e9ponse a toujours \u00e9t\u00e9&nbsp;: <em>Cela d\u00e9pend<\/em>\u2026 Jusqu\u2019\u00e0 pr\u00e9sent&nbsp;! Hostfully a cr\u00e9\u00e9 un <strong>quiz d\u2019\u00e9valuation de la sant\u00e9<\/strong> \ud83c\udfe1 de votre entreprise de location saisonni\u00e8re qui, en fonction de vos r\u00e9ponses, vous indiquera le composant de votre entreprise sur lequel vous devriez vous concentrer le plus au cours des 12&nbsp;prochains mois \ud83d\udcc5&nbsp;: les op\u00e9rations, le marketing, les ventes ou la gestion des clients. <\/p><p>En quelques minutes, vous disposerez d\u2019un plan d\u2019action personnalis\u00e9 et t\u00e9l\u00e9chargeable pour vos locations saisonni\u00e8res afin de vous aider \u00e0 d\u00e9velopper \ud83d\udcc8 votre entreprise et, en fin de compte, vos revenus. Si vous avez des questions sur le quiz ou si vous souhaitez faire un suivi, veuillez contacter <a href=\"mailto:jessica@hostfully.com?subject=Let%27s%20Talk%20VRMC%20Health%20Check%20Quiz!\">jessica@hostfully.com<\/a>&nbsp;: nous aimons avoir de vos nouvelles&nbsp;! <\/p>\t\t\t\t\t\t\t\t<\/div>\n\t\t\t\t<\/div>\n\t\t\t\t\t<\/div>\n\t\t\t\t<\/div>\n\t\t\t\t<\/div>\n\t\t","protected":false},"excerpt":{"rendered":"<p>&nbsp; Bien que les entreprises d\u2019accueil ax\u00e9es sur la technologie soient un ph\u00e9nom\u00e8ne r\u00e9cent de la derni\u00e8re d\u00e9cennie, leur croissance suit des mod\u00e8les commerciaux traditionnels. Il existe quatre fonctions commerciales essentielles au sein de toute soci\u00e9t\u00e9 de gestion de locations saisonni\u00e8res&nbsp;: les op\u00e9rations, le marketing, les ventes et la gestion des clients. Pour les gestionnaires [&hellip;]<\/p>\n","protected":false},"author":2,"featured_media":0,"parent":11489,"menu_order":0,"comment_status":"closed","ping_status":"closed","template":"","meta":{"footnotes":""},"class_list":["post-11463","page","type-page","status-publish","hentry"],"yoast_head":"<!-- This site is optimized with the Yoast SEO Premium plugin v27.3 (Yoast SEO v27.3) - https:\/\/yoast.com\/product\/yoast-seo-premium-wordpress\/ -->\n<title>Quiz d\u2019\u00e9valuation de la sant\u00e9 de votre entreprise de location saisonni\u00e8re | Hostfully<\/title>\n<meta name=\"description\" content=\"R\u00e9pondez \u00e0 notre quiz gratuit de bilan de sant\u00e9 VRMC et d\u00e9couvrez des opportunit\u00e9s de croissance cl\u00e9s gr\u00e2ce \u00e0 un plan d\u2019action personnalis\u00e9 pour votre entreprise.\" \/>\n<meta name=\"robots\" content=\"index, follow, max-snippet:-1, max-image-preview:large, max-video-preview:-1\" \/>\n<link rel=\"canonical\" href=\"https:\/\/www.hostfully.com\/fr\/outils-de-croissance\/quiz-devaluation-de-la-sante-de-votre-entreprise-de-location-saisonniere\/\" \/>\n<meta property=\"og:locale\" content=\"fr_FR\" \/>\n<meta property=\"og:type\" content=\"article\" \/>\n<meta property=\"og:title\" content=\"Quiz d\u2019\u00e9valuation de la sant\u00e9 de votre entreprise de location saisonni\u00e8re\" \/>\n<meta property=\"og:description\" content=\"R\u00e9pondez \u00e0 notre quiz gratuit de bilan de sant\u00e9 VRMC et d\u00e9couvrez des opportunit\u00e9s de croissance cl\u00e9s gr\u00e2ce \u00e0 un plan d\u2019action personnalis\u00e9 pour votre entreprise.\" \/>\n<meta property=\"og:url\" content=\"https:\/\/www.hostfully.com\/fr\/outils-de-croissance\/quiz-devaluation-de-la-sante-de-votre-entreprise-de-location-saisonniere\/\" \/>\n<meta property=\"og:site_name\" content=\"Hostfully\" \/>\n<meta property=\"article:publisher\" content=\"https:\/\/www.facebook.com\/hostfully\" \/>\n<meta property=\"article:modified_time\" content=\"2026-02-19T13:32:13+00:00\" \/>\n<meta name=\"twitter:card\" content=\"summary_large_image\" \/>\n<meta name=\"twitter:site\" content=\"@hostfully\" \/>\n<meta name=\"twitter:label1\" content=\"Dur\u00e9e de lecture estim\u00e9e\" \/>\n\t<meta name=\"twitter:data1\" content=\"1 minute\" \/>\n<script type=\"application\/ld+json\" class=\"yoast-schema-graph\">{\"@context\":\"https:\\\/\\\/schema.org\",\"@graph\":[{\"@type\":\"WebPage\",\"@id\":\"https:\\\/\\\/www.hostfully.com\\\/fr\\\/outils-de-croissance\\\/quiz-devaluation-de-la-sante-de-votre-entreprise-de-location-saisonniere\\\/\",\"url\":\"https:\\\/\\\/www.hostfully.com\\\/fr\\\/outils-de-croissance\\\/quiz-devaluation-de-la-sante-de-votre-entreprise-de-location-saisonniere\\\/\",\"name\":\"Quiz d\u2019\u00e9valuation de la sant\u00e9 de votre entreprise de location saisonni\u00e8re | Hostfully\",\"isPartOf\":{\"@id\":\"https:\\\/\\\/www.hostfully.com\\\/fr\\\/#website\"},\"datePublished\":\"2025-11-24T18:33:34+00:00\",\"dateModified\":\"2026-02-19T13:32:13+00:00\",\"description\":\"R\u00e9pondez \u00e0 notre quiz gratuit de bilan de sant\u00e9 VRMC et d\u00e9couvrez des opportunit\u00e9s de croissance cl\u00e9s gr\u00e2ce \u00e0 un plan d\u2019action personnalis\u00e9 pour votre entreprise.\",\"breadcrumb\":{\"@id\":\"https:\\\/\\\/www.hostfully.com\\\/fr\\\/outils-de-croissance\\\/quiz-devaluation-de-la-sante-de-votre-entreprise-de-location-saisonniere\\\/#breadcrumb\"},\"inLanguage\":\"fr-FR\",\"potentialAction\":[{\"@type\":\"ReadAction\",\"target\":[\"https:\\\/\\\/www.hostfully.com\\\/fr\\\/outils-de-croissance\\\/quiz-devaluation-de-la-sante-de-votre-entreprise-de-location-saisonniere\\\/\"]}]},{\"@type\":\"BreadcrumbList\",\"@id\":\"https:\\\/\\\/www.hostfully.com\\\/fr\\\/outils-de-croissance\\\/quiz-devaluation-de-la-sante-de-votre-entreprise-de-location-saisonniere\\\/#breadcrumb\",\"itemListElement\":[{\"@type\":\"ListItem\",\"position\":1,\"name\":\"Home\",\"item\":\"https:\\\/\\\/www.hostfully.com\\\/fr\\\/\"},{\"@type\":\"ListItem\",\"position\":2,\"name\":\"Outils de croissance\",\"item\":\"https:\\\/\\\/www.hostfully.com\\\/fr\\\/outils-de-croissance\\\/\"},{\"@type\":\"ListItem\",\"position\":3,\"name\":\"Quiz d\u2019\u00e9valuation de la sant\u00e9 de votre entreprise de location saisonni\u00e8re\"}]},{\"@type\":\"WebSite\",\"@id\":\"https:\\\/\\\/www.hostfully.com\\\/fr\\\/#website\",\"url\":\"https:\\\/\\\/www.hostfully.com\\\/fr\\\/\",\"name\":\"Hostfully\",\"description\":\"Award Winning Vacation Rental Software\",\"publisher\":{\"@id\":\"https:\\\/\\\/www.hostfully.com\\\/fr\\\/#organization\"},\"potentialAction\":[{\"@type\":\"SearchAction\",\"target\":{\"@type\":\"EntryPoint\",\"urlTemplate\":\"https:\\\/\\\/www.hostfully.com\\\/fr\\\/?s={search_term_string}\"},\"query-input\":{\"@type\":\"PropertyValueSpecification\",\"valueRequired\":true,\"valueName\":\"search_term_string\"}}],\"inLanguage\":\"fr-FR\"},{\"@type\":\"Organization\",\"@id\":\"https:\\\/\\\/www.hostfully.com\\\/fr\\\/#organization\",\"name\":\"Hostfully\",\"url\":\"https:\\\/\\\/www.hostfully.com\\\/fr\\\/\",\"logo\":{\"@type\":\"ImageObject\",\"inLanguage\":\"fr-FR\",\"@id\":\"https:\\\/\\\/www.hostfully.com\\\/fr\\\/#\\\/schema\\\/logo\\\/image\\\/\",\"url\":\"https:\\\/\\\/www.hostfully.com\\\/wp-content\\\/uploads\\\/2025\\\/08\\\/Hostfully_bluecircle_isotype_R-.png\",\"contentUrl\":\"https:\\\/\\\/www.hostfully.com\\\/wp-content\\\/uploads\\\/2025\\\/08\\\/Hostfully_bluecircle_isotype_R-.png\",\"width\":321,\"height\":321,\"caption\":\"Hostfully\"},\"image\":{\"@id\":\"https:\\\/\\\/www.hostfully.com\\\/fr\\\/#\\\/schema\\\/logo\\\/image\\\/\"},\"sameAs\":[\"https:\\\/\\\/www.facebook.com\\\/hostfully\",\"https:\\\/\\\/x.com\\\/hostfully\",\"https:\\\/\\\/www.instagram.com\\\/hostfully_\\\/\",\"https:\\\/\\\/www.youtube.com\\\/c\\\/Hostfully\",\"https:\\\/\\\/www.linkedin.com\\\/company\\\/hostfully-inc-\\\/\"]}]}<\/script>\n<!-- \/ Yoast SEO Premium plugin. -->","yoast_head_json":{"title":"Quiz d\u2019\u00e9valuation de la sant\u00e9 de votre entreprise de location saisonni\u00e8re | Hostfully","description":"R\u00e9pondez \u00e0 notre quiz gratuit de bilan de sant\u00e9 VRMC et d\u00e9couvrez des opportunit\u00e9s de croissance cl\u00e9s gr\u00e2ce \u00e0 un plan d\u2019action personnalis\u00e9 pour votre entreprise.","robots":{"index":"index","follow":"follow","max-snippet":"max-snippet:-1","max-image-preview":"max-image-preview:large","max-video-preview":"max-video-preview:-1"},"canonical":"https:\/\/www.hostfully.com\/fr\/outils-de-croissance\/quiz-devaluation-de-la-sante-de-votre-entreprise-de-location-saisonniere\/","og_locale":"fr_FR","og_type":"article","og_title":"Quiz d\u2019\u00e9valuation de la sant\u00e9 de votre entreprise de location saisonni\u00e8re","og_description":"R\u00e9pondez \u00e0 notre quiz gratuit de bilan de sant\u00e9 VRMC et d\u00e9couvrez des opportunit\u00e9s de croissance cl\u00e9s gr\u00e2ce \u00e0 un plan d\u2019action personnalis\u00e9 pour votre entreprise.","og_url":"https:\/\/www.hostfully.com\/fr\/outils-de-croissance\/quiz-devaluation-de-la-sante-de-votre-entreprise-de-location-saisonniere\/","og_site_name":"Hostfully","article_publisher":"https:\/\/www.facebook.com\/hostfully","article_modified_time":"2026-02-19T13:32:13+00:00","twitter_card":"summary_large_image","twitter_site":"@hostfully","twitter_misc":{"Dur\u00e9e de lecture estim\u00e9e":"1 minute"},"schema":{"@context":"https:\/\/schema.org","@graph":[{"@type":"WebPage","@id":"https:\/\/www.hostfully.com\/fr\/outils-de-croissance\/quiz-devaluation-de-la-sante-de-votre-entreprise-de-location-saisonniere\/","url":"https:\/\/www.hostfully.com\/fr\/outils-de-croissance\/quiz-devaluation-de-la-sante-de-votre-entreprise-de-location-saisonniere\/","name":"Quiz d\u2019\u00e9valuation de la sant\u00e9 de votre entreprise de location saisonni\u00e8re | Hostfully","isPartOf":{"@id":"https:\/\/www.hostfully.com\/fr\/#website"},"datePublished":"2025-11-24T18:33:34+00:00","dateModified":"2026-02-19T13:32:13+00:00","description":"R\u00e9pondez \u00e0 notre quiz gratuit de bilan de sant\u00e9 VRMC et d\u00e9couvrez des opportunit\u00e9s de croissance cl\u00e9s gr\u00e2ce \u00e0 un plan d\u2019action personnalis\u00e9 pour votre entreprise.","breadcrumb":{"@id":"https:\/\/www.hostfully.com\/fr\/outils-de-croissance\/quiz-devaluation-de-la-sante-de-votre-entreprise-de-location-saisonniere\/#breadcrumb"},"inLanguage":"fr-FR","potentialAction":[{"@type":"ReadAction","target":["https:\/\/www.hostfully.com\/fr\/outils-de-croissance\/quiz-devaluation-de-la-sante-de-votre-entreprise-de-location-saisonniere\/"]}]},{"@type":"BreadcrumbList","@id":"https:\/\/www.hostfully.com\/fr\/outils-de-croissance\/quiz-devaluation-de-la-sante-de-votre-entreprise-de-location-saisonniere\/#breadcrumb","itemListElement":[{"@type":"ListItem","position":1,"name":"Home","item":"https:\/\/www.hostfully.com\/fr\/"},{"@type":"ListItem","position":2,"name":"Outils de croissance","item":"https:\/\/www.hostfully.com\/fr\/outils-de-croissance\/"},{"@type":"ListItem","position":3,"name":"Quiz d\u2019\u00e9valuation de la sant\u00e9 de votre entreprise de location saisonni\u00e8re"}]},{"@type":"WebSite","@id":"https:\/\/www.hostfully.com\/fr\/#website","url":"https:\/\/www.hostfully.com\/fr\/","name":"Hostfully","description":"Award Winning Vacation Rental Software","publisher":{"@id":"https:\/\/www.hostfully.com\/fr\/#organization"},"potentialAction":[{"@type":"SearchAction","target":{"@type":"EntryPoint","urlTemplate":"https:\/\/www.hostfully.com\/fr\/?s={search_term_string}"},"query-input":{"@type":"PropertyValueSpecification","valueRequired":true,"valueName":"search_term_string"}}],"inLanguage":"fr-FR"},{"@type":"Organization","@id":"https:\/\/www.hostfully.com\/fr\/#organization","name":"Hostfully","url":"https:\/\/www.hostfully.com\/fr\/","logo":{"@type":"ImageObject","inLanguage":"fr-FR","@id":"https:\/\/www.hostfully.com\/fr\/#\/schema\/logo\/image\/","url":"https:\/\/www.hostfully.com\/wp-content\/uploads\/2025\/08\/Hostfully_bluecircle_isotype_R-.png","contentUrl":"https:\/\/www.hostfully.com\/wp-content\/uploads\/2025\/08\/Hostfully_bluecircle_isotype_R-.png","width":321,"height":321,"caption":"Hostfully"},"image":{"@id":"https:\/\/www.hostfully.com\/fr\/#\/schema\/logo\/image\/"},"sameAs":["https:\/\/www.facebook.com\/hostfully","https:\/\/x.com\/hostfully","https:\/\/www.instagram.com\/hostfully_\/","https:\/\/www.youtube.com\/c\/Hostfully","https:\/\/www.linkedin.com\/company\/hostfully-inc-\/"]}]}},"_links":{"self":[{"href":"https:\/\/www.hostfully.com\/fr\/wp-json\/wp\/v2\/pages\/11463","targetHints":{"allow":["GET"]}}],"collection":[{"href":"https:\/\/www.hostfully.com\/fr\/wp-json\/wp\/v2\/pages"}],"about":[{"href":"https:\/\/www.hostfully.com\/fr\/wp-json\/wp\/v2\/types\/page"}],"author":[{"embeddable":true,"href":"https:\/\/www.hostfully.com\/fr\/wp-json\/wp\/v2\/users\/2"}],"replies":[{"embeddable":true,"href":"https:\/\/www.hostfully.com\/fr\/wp-json\/wp\/v2\/comments?post=11463"}],"version-history":[{"count":1,"href":"https:\/\/www.hostfully.com\/fr\/wp-json\/wp\/v2\/pages\/11463\/revisions"}],"predecessor-version":[{"id":72679,"href":"https:\/\/www.hostfully.com\/fr\/wp-json\/wp\/v2\/pages\/11463\/revisions\/72679"}],"up":[{"embeddable":true,"href":"https:\/\/www.hostfully.com\/fr\/wp-json\/wp\/v2\/pages\/11489"}],"wp:attachment":[{"href":"https:\/\/www.hostfully.com\/fr\/wp-json\/wp\/v2\/media?parent=11463"}],"curies":[{"name":"wp","href":"https:\/\/api.w.org\/{rel}","templated":true}]}}