{"id":11471,"date":"2025-11-24T18:22:08","date_gmt":"2025-11-24T18:22:08","guid":{"rendered":"https:\/\/mktdev.hostfully.com\/analyseur-de-proprietes\/"},"modified":"2026-03-24T18:55:13","modified_gmt":"2026-03-24T18:55:13","slug":"analyseur-de-proprietes","status":"publish","type":"page","link":"https:\/\/www.hostfully.com\/fr\/outils-de-croissance\/analyseur-de-proprietes\/","title":{"rendered":"Analyseur de propri\u00e9t\u00e9s"},"content":{"rendered":"\t\t<div data-elementor-type=\"wp-page\" data-elementor-id=\"11471\" class=\"elementor elementor-11471 elementor-7830\" data-elementor-post-type=\"page\">\n\t\t\t\t<div class=\"elementor-element elementor-element-0da0995 mt-3i e-flex e-con-boxed e-con e-parent\" data-id=\"0da0995\" data-element_type=\"container\" data-e-type=\"container\">\n\t\t\t\t\t<div class=\"e-con-inner\">\n\t\t\t\t<div class=\"elementor-element elementor-element-d6e7cd6 elementor-widget elementor-widget-heading\" data-id=\"d6e7cd6\" data-element_type=\"widget\" data-e-type=\"widget\" data-widget_type=\"heading.default\">\n\t\t\t\t<div class=\"elementor-widget-container\">\n\t\t\t\t\t<h4 class=\"elementor-heading-title elementor-size-default\">Quelle est la qualit\u00e9 de vos annonces immobili\u00e8res&nbsp;?<\/h4>\t\t\t\t<\/div>\n\t\t\t\t<\/div>\n\t\t\t\t<div class=\"elementor-element elementor-element-0cd118f elementor-widget elementor-widget-heading\" data-id=\"0cd118f\" data-element_type=\"widget\" data-e-type=\"widget\" data-widget_type=\"heading.default\">\n\t\t\t\t<div class=\"elementor-widget-container\">\n\t\t\t\t\t<h1 class=\"elementor-heading-title elementor-size-default\">Essayez notre outil d\u2019analyse GRATUIT pour le d\u00e9couvrir.<\/h1>\t\t\t\t<\/div>\n\t\t\t\t<\/div>\n\t\t\t\t<div class=\"elementor-element elementor-element-9693e19 h5 elementor-widget elementor-widget-text-editor\" data-id=\"9693e19\" data-element_type=\"widget\" data-e-type=\"widget\" data-widget_type=\"text-editor.default\">\n\t\t\t\t<div class=\"elementor-widget-container\">\n\t\t\t\t\t\t\t\t\t<p>L\u2019analyseur de propri\u00e9t\u00e9s de Hostfully aide les gestionnaires de locations de vacances \u00e0 identifier et \u00e0 am\u00e9liorer leurs annonces immobili\u00e8res pour un impact optimal.<\/p>\t\t\t\t\t\t\t\t<\/div>\n\t\t\t\t<\/div>\n\t\t\t\t<div class=\"elementor-element elementor-element-372da03 elementor-widget elementor-widget-text-editor\" data-id=\"372da03\" data-element_type=\"widget\" data-e-type=\"widget\" data-widget_type=\"text-editor.default\">\n\t\t\t\t<div class=\"elementor-widget-container\">\n\t\t\t\t\t\t\t\t\t<p>Saisissez l\u2019URL de votre annonce immobili\u00e8re, s\u00e9lectionnez les indicateurs qui vous int\u00e9ressent et obtenez des \u00e9valuations et des recommandations instantan\u00e9es et partageables&nbsp;! *Remarque&nbsp;: L\u2019analyseur d\u2019annonces immobili\u00e8res ne peut analyser qu\u2019une seule propri\u00e9t\u00e9 \u00e0 la fois. Pour des r\u00e9sultats plus pr\u00e9cis, veuillez fournir un lien vers une seule propri\u00e9t\u00e9.<\/p>\t\t\t\t\t\t\t\t<\/div>\n\t\t\t\t<\/div>\n\t\t\t\t\t<\/div>\n\t\t\t\t<\/div>\n\t\t<div class=\"elementor-element elementor-element-62d3059 my-4i e-flex e-con-boxed e-con e-parent\" data-id=\"62d3059\" data-element_type=\"container\" data-e-type=\"container\">\n\t\t\t\t\t<div class=\"e-con-inner\">\n\t\t\t\t<div class=\"elementor-element elementor-element-4e1c6f6 elementor-widget elementor-widget-html\" data-id=\"4e1c6f6\" data-element_type=\"widget\" data-e-type=\"widget\" data-widget_type=\"html.default\">\n\t\t\t\t<div class=\"elementor-widget-container\">\n\t\t\t\t\t<div id=\"hf-analyzer-container\">\n  <iframe id=\"hf-analyzer\" data-base-src=\"https:\/\/tools.hostfully.com\/embed\" src=\"https:\/\/tools.hostfully.com\/embed?embed=1\" style=\"width:100%;border:none;min-height:400px;background:transparent\" title=\"Analyseur de r\u00e9servations directes Hostfully\">\n  <\/iframe>\n\n  <script>\n        (function () {\n          var i = document.getElementById('hf-analyzer');\n          if (!i) return;\n        \n          var supported = ['en', 'es', 'fr', 'pt'];\n          var lang = (\n            typeof window.wpml_current_language === 'string'\n              ? window.wpml_current_language\n              : (document.documentElement.lang || '')\n          ).toLowerCase().split('-')[0];\n          if (supported.indexOf(lang) === -1) lang = 'en';\n        \n          var base = i.dataset.baseSrc || i.getAttribute('src');\n          try {\n            var u = new URL(base, window.location.href);\n            u.searchParams.set('embed','1');\n            u.searchParams.set('lang', lang);\n            i.src = u.toString();\n          } catch (e) {\n            i.src = base + (base.indexOf('?') === -1 ? '?' : '&') + 'embed=1&lang=' + lang;\n          }\n        \n          \/\/ Resize\n          var h = 0, origin;\n          try { origin = new URL(i.src, window.location.href).origin; }\n          catch (_) { origin = 'https:\/\/tools.hostfully.com'; }\n        \n          window.addEventListener('message', function (ev) {\n            if (ev.origin !== origin) return;\n            var d = ev.data;\n            if (d && d.type === 'resize' && typeof d.height === 'number' && d.height > 0) {\n              var n = d.height;\n              if (Math.abs(n - h) > 5) { i.style.height = n + 'px'; h = n; }\n            }\n          });\n        })();\n    <\/script>\n<\/div>\n\t\t\t\t<\/div>\n\t\t\t\t<\/div>\n\t\t\t\t\t<\/div>\n\t\t\t\t<\/div>\n\t\t\t\t<\/div>\n\t\t","protected":false},"excerpt":{"rendered":"<p>Quelle est la qualit\u00e9 de vos annonces immobili\u00e8res&nbsp;? Essayez notre outil d\u2019analyse GRATUIT pour le d\u00e9couvrir. L\u2019analyseur de propri\u00e9t\u00e9s de Hostfully aide les gestionnaires de locations de vacances \u00e0 identifier et \u00e0 am\u00e9liorer leurs annonces immobili\u00e8res pour un impact optimal. Saisissez l\u2019URL de votre annonce immobili\u00e8re, s\u00e9lectionnez les indicateurs qui vous int\u00e9ressent et obtenez des [&hellip;]<\/p>\n","protected":false},"author":2,"featured_media":0,"parent":11489,"menu_order":0,"comment_status":"closed","ping_status":"closed","template":"","meta":{"footnotes":""},"class_list":["post-11471","page","type-page","status-publish","hentry"],"yoast_head":"<!-- This site is optimized with the Yoast SEO Premium plugin v27.3 (Yoast SEO v27.3) - https:\/\/yoast.com\/product\/yoast-seo-premium-wordpress\/ -->\n<title>Analyseur de propri\u00e9t\u00e9s | Hostfully<\/title>\n<meta name=\"description\" content=\"Quelle est la performance de votre annonce immobili\u00e8re ? Utilisez notre Analyseur de propri\u00e9t\u00e9 gratuit pour obtenir des \u00e9valuations instantan\u00e9es et des suggestions personnalis\u00e9es afin de booster vos r\u00e9servations.\" \/>\n<meta name=\"robots\" content=\"index, follow, max-snippet:-1, max-image-preview:large, max-video-preview:-1\" \/>\n<link rel=\"canonical\" href=\"https:\/\/www.hostfully.com\/fr\/outils-de-croissance\/analyseur-de-proprietes\/\" \/>\n<meta property=\"og:locale\" content=\"fr_FR\" \/>\n<meta property=\"og:type\" content=\"article\" \/>\n<meta property=\"og:title\" content=\"Analyseur de propri\u00e9t\u00e9s\" \/>\n<meta property=\"og:description\" content=\"Quelle est la performance de votre annonce immobili\u00e8re ? Utilisez notre Analyseur de propri\u00e9t\u00e9 gratuit pour obtenir des \u00e9valuations instantan\u00e9es et des suggestions personnalis\u00e9es afin de booster vos r\u00e9servations.\" \/>\n<meta property=\"og:url\" content=\"https:\/\/www.hostfully.com\/fr\/outils-de-croissance\/analyseur-de-proprietes\/\" \/>\n<meta property=\"og:site_name\" content=\"Hostfully\" \/>\n<meta property=\"article:publisher\" content=\"https:\/\/www.facebook.com\/hostfully\" \/>\n<meta property=\"article:modified_time\" content=\"2026-03-24T18:55:13+00:00\" \/>\n<meta name=\"twitter:card\" content=\"summary_large_image\" \/>\n<meta name=\"twitter:site\" content=\"@hostfully\" \/>\n<meta name=\"twitter:label1\" content=\"Dur\u00e9e de lecture estim\u00e9e\" \/>\n\t<meta name=\"twitter:data1\" content=\"1 minute\" \/>\n<script type=\"application\/ld+json\" class=\"yoast-schema-graph\">{\"@context\":\"https:\\\/\\\/schema.org\",\"@graph\":[{\"@type\":\"WebPage\",\"@id\":\"https:\\\/\\\/www.hostfully.com\\\/fr\\\/outils-de-croissance\\\/analyseur-de-proprietes\\\/\",\"url\":\"https:\\\/\\\/www.hostfully.com\\\/fr\\\/outils-de-croissance\\\/analyseur-de-proprietes\\\/\",\"name\":\"Analyseur de propri\u00e9t\u00e9s | Hostfully\",\"isPartOf\":{\"@id\":\"https:\\\/\\\/www.hostfully.com\\\/fr\\\/#website\"},\"datePublished\":\"2025-11-24T18:22:08+00:00\",\"dateModified\":\"2026-03-24T18:55:13+00:00\",\"description\":\"Quelle est la performance de votre annonce immobili\u00e8re ? Utilisez notre Analyseur de propri\u00e9t\u00e9 gratuit pour obtenir des \u00e9valuations instantan\u00e9es et des suggestions personnalis\u00e9es afin de booster vos r\u00e9servations.\",\"breadcrumb\":{\"@id\":\"https:\\\/\\\/www.hostfully.com\\\/fr\\\/outils-de-croissance\\\/analyseur-de-proprietes\\\/#breadcrumb\"},\"inLanguage\":\"fr-FR\",\"potentialAction\":[{\"@type\":\"ReadAction\",\"target\":[\"https:\\\/\\\/www.hostfully.com\\\/fr\\\/outils-de-croissance\\\/analyseur-de-proprietes\\\/\"]}]},{\"@type\":\"BreadcrumbList\",\"@id\":\"https:\\\/\\\/www.hostfully.com\\\/fr\\\/outils-de-croissance\\\/analyseur-de-proprietes\\\/#breadcrumb\",\"itemListElement\":[{\"@type\":\"ListItem\",\"position\":1,\"name\":\"Home\",\"item\":\"https:\\\/\\\/www.hostfully.com\\\/fr\\\/\"},{\"@type\":\"ListItem\",\"position\":2,\"name\":\"Outils de croissance\",\"item\":\"https:\\\/\\\/www.hostfully.com\\\/fr\\\/outils-de-croissance\\\/\"},{\"@type\":\"ListItem\",\"position\":3,\"name\":\"Analyseur de propri\u00e9t\u00e9s\"}]},{\"@type\":\"WebSite\",\"@id\":\"https:\\\/\\\/www.hostfully.com\\\/fr\\\/#website\",\"url\":\"https:\\\/\\\/www.hostfully.com\\\/fr\\\/\",\"name\":\"Hostfully\",\"description\":\"Award Winning Vacation Rental Software\",\"publisher\":{\"@id\":\"https:\\\/\\\/www.hostfully.com\\\/fr\\\/#organization\"},\"potentialAction\":[{\"@type\":\"SearchAction\",\"target\":{\"@type\":\"EntryPoint\",\"urlTemplate\":\"https:\\\/\\\/www.hostfully.com\\\/fr\\\/?s={search_term_string}\"},\"query-input\":{\"@type\":\"PropertyValueSpecification\",\"valueRequired\":true,\"valueName\":\"search_term_string\"}}],\"inLanguage\":\"fr-FR\"},{\"@type\":\"Organization\",\"@id\":\"https:\\\/\\\/www.hostfully.com\\\/fr\\\/#organization\",\"name\":\"Hostfully\",\"url\":\"https:\\\/\\\/www.hostfully.com\\\/fr\\\/\",\"logo\":{\"@type\":\"ImageObject\",\"inLanguage\":\"fr-FR\",\"@id\":\"https:\\\/\\\/www.hostfully.com\\\/fr\\\/#\\\/schema\\\/logo\\\/image\\\/\",\"url\":\"https:\\\/\\\/www.hostfully.com\\\/wp-content\\\/uploads\\\/2025\\\/08\\\/Hostfully_bluecircle_isotype_R-.png\",\"contentUrl\":\"https:\\\/\\\/www.hostfully.com\\\/wp-content\\\/uploads\\\/2025\\\/08\\\/Hostfully_bluecircle_isotype_R-.png\",\"width\":321,\"height\":321,\"caption\":\"Hostfully\"},\"image\":{\"@id\":\"https:\\\/\\\/www.hostfully.com\\\/fr\\\/#\\\/schema\\\/logo\\\/image\\\/\"},\"sameAs\":[\"https:\\\/\\\/www.facebook.com\\\/hostfully\",\"https:\\\/\\\/x.com\\\/hostfully\",\"https:\\\/\\\/www.instagram.com\\\/hostfully_\\\/\",\"https:\\\/\\\/www.youtube.com\\\/c\\\/Hostfully\",\"https:\\\/\\\/www.linkedin.com\\\/company\\\/hostfully-inc-\\\/\"]}]}<\/script>\n<!-- \/ Yoast SEO Premium plugin. -->","yoast_head_json":{"title":"Analyseur de propri\u00e9t\u00e9s | Hostfully","description":"Quelle est la performance de votre annonce immobili\u00e8re ? Utilisez notre Analyseur de propri\u00e9t\u00e9 gratuit pour obtenir des \u00e9valuations instantan\u00e9es et des suggestions personnalis\u00e9es afin de booster vos r\u00e9servations.","robots":{"index":"index","follow":"follow","max-snippet":"max-snippet:-1","max-image-preview":"max-image-preview:large","max-video-preview":"max-video-preview:-1"},"canonical":"https:\/\/www.hostfully.com\/fr\/outils-de-croissance\/analyseur-de-proprietes\/","og_locale":"fr_FR","og_type":"article","og_title":"Analyseur de propri\u00e9t\u00e9s","og_description":"Quelle est la performance de votre annonce immobili\u00e8re ? Utilisez notre Analyseur de propri\u00e9t\u00e9 gratuit pour obtenir des \u00e9valuations instantan\u00e9es et des suggestions personnalis\u00e9es afin de booster vos r\u00e9servations.","og_url":"https:\/\/www.hostfully.com\/fr\/outils-de-croissance\/analyseur-de-proprietes\/","og_site_name":"Hostfully","article_publisher":"https:\/\/www.facebook.com\/hostfully","article_modified_time":"2026-03-24T18:55:13+00:00","twitter_card":"summary_large_image","twitter_site":"@hostfully","twitter_misc":{"Dur\u00e9e de lecture estim\u00e9e":"1 minute"},"schema":{"@context":"https:\/\/schema.org","@graph":[{"@type":"WebPage","@id":"https:\/\/www.hostfully.com\/fr\/outils-de-croissance\/analyseur-de-proprietes\/","url":"https:\/\/www.hostfully.com\/fr\/outils-de-croissance\/analyseur-de-proprietes\/","name":"Analyseur de propri\u00e9t\u00e9s | Hostfully","isPartOf":{"@id":"https:\/\/www.hostfully.com\/fr\/#website"},"datePublished":"2025-11-24T18:22:08+00:00","dateModified":"2026-03-24T18:55:13+00:00","description":"Quelle est la performance de votre annonce immobili\u00e8re ? Utilisez notre Analyseur de propri\u00e9t\u00e9 gratuit pour obtenir des \u00e9valuations instantan\u00e9es et des suggestions personnalis\u00e9es afin de booster vos r\u00e9servations.","breadcrumb":{"@id":"https:\/\/www.hostfully.com\/fr\/outils-de-croissance\/analyseur-de-proprietes\/#breadcrumb"},"inLanguage":"fr-FR","potentialAction":[{"@type":"ReadAction","target":["https:\/\/www.hostfully.com\/fr\/outils-de-croissance\/analyseur-de-proprietes\/"]}]},{"@type":"BreadcrumbList","@id":"https:\/\/www.hostfully.com\/fr\/outils-de-croissance\/analyseur-de-proprietes\/#breadcrumb","itemListElement":[{"@type":"ListItem","position":1,"name":"Home","item":"https:\/\/www.hostfully.com\/fr\/"},{"@type":"ListItem","position":2,"name":"Outils de croissance","item":"https:\/\/www.hostfully.com\/fr\/outils-de-croissance\/"},{"@type":"ListItem","position":3,"name":"Analyseur de propri\u00e9t\u00e9s"}]},{"@type":"WebSite","@id":"https:\/\/www.hostfully.com\/fr\/#website","url":"https:\/\/www.hostfully.com\/fr\/","name":"Hostfully","description":"Award Winning Vacation Rental Software","publisher":{"@id":"https:\/\/www.hostfully.com\/fr\/#organization"},"potentialAction":[{"@type":"SearchAction","target":{"@type":"EntryPoint","urlTemplate":"https:\/\/www.hostfully.com\/fr\/?s={search_term_string}"},"query-input":{"@type":"PropertyValueSpecification","valueRequired":true,"valueName":"search_term_string"}}],"inLanguage":"fr-FR"},{"@type":"Organization","@id":"https:\/\/www.hostfully.com\/fr\/#organization","name":"Hostfully","url":"https:\/\/www.hostfully.com\/fr\/","logo":{"@type":"ImageObject","inLanguage":"fr-FR","@id":"https:\/\/www.hostfully.com\/fr\/#\/schema\/logo\/image\/","url":"https:\/\/www.hostfully.com\/wp-content\/uploads\/2025\/08\/Hostfully_bluecircle_isotype_R-.png","contentUrl":"https:\/\/www.hostfully.com\/wp-content\/uploads\/2025\/08\/Hostfully_bluecircle_isotype_R-.png","width":321,"height":321,"caption":"Hostfully"},"image":{"@id":"https:\/\/www.hostfully.com\/fr\/#\/schema\/logo\/image\/"},"sameAs":["https:\/\/www.facebook.com\/hostfully","https:\/\/x.com\/hostfully","https:\/\/www.instagram.com\/hostfully_\/","https:\/\/www.youtube.com\/c\/Hostfully","https:\/\/www.linkedin.com\/company\/hostfully-inc-\/"]}]}},"_links":{"self":[{"href":"https:\/\/www.hostfully.com\/fr\/wp-json\/wp\/v2\/pages\/11471","targetHints":{"allow":["GET"]}}],"collection":[{"href":"https:\/\/www.hostfully.com\/fr\/wp-json\/wp\/v2\/pages"}],"about":[{"href":"https:\/\/www.hostfully.com\/fr\/wp-json\/wp\/v2\/types\/page"}],"author":[{"embeddable":true,"href":"https:\/\/www.hostfully.com\/fr\/wp-json\/wp\/v2\/users\/2"}],"replies":[{"embeddable":true,"href":"https:\/\/www.hostfully.com\/fr\/wp-json\/wp\/v2\/comments?post=11471"}],"version-history":[{"count":2,"href":"https:\/\/www.hostfully.com\/fr\/wp-json\/wp\/v2\/pages\/11471\/revisions"}],"predecessor-version":[{"id":48398,"href":"https:\/\/www.hostfully.com\/fr\/wp-json\/wp\/v2\/pages\/11471\/revisions\/48398"}],"up":[{"embeddable":true,"href":"https:\/\/www.hostfully.com\/fr\/wp-json\/wp\/v2\/pages\/11489"}],"wp:attachment":[{"href":"https:\/\/www.hostfully.com\/fr\/wp-json\/wp\/v2\/media?parent=11471"}],"curies":[{"name":"wp","href":"https:\/\/api.w.org\/{rel}","templated":true}]}}