{"id":11611,"date":"2025-11-06T17:23:28","date_gmt":"2025-11-06T17:23:28","guid":{"rendered":"https:\/\/mktdev.hostfully.com\/reglementations-des-locations-de-courte-duree-par-etat\/"},"modified":"2026-03-06T23:55:54","modified_gmt":"2026-03-06T23:55:54","slug":"reglementations-des-locations-de-courte-duree-par-etat","status":"publish","type":"page","link":"https:\/\/www.hostfully.com\/fr\/reglementations-des-locations-de-courte-duree-par-etat\/","title":{"rendered":"R\u00e9glementations des locations de courte dur\u00e9e par \u00c9tat"},"content":{"rendered":"\t\t<div data-elementor-type=\"wp-page\" data-elementor-id=\"11611\" class=\"elementor elementor-11611 elementor-4879\" data-elementor-post-type=\"page\">\n\t\t\t\t<div class=\"elementor-element elementor-element-d9c7eb4 hf-hero-lg e-flex e-con-boxed e-con e-parent\" data-id=\"d9c7eb4\" data-element_type=\"container\" data-e-type=\"container\">\n\t\t\t\t\t<div class=\"e-con-inner\">\n\t\t<div class=\"elementor-element elementor-element-1e91fd2 e-con-full hf-section-tit e-flex e-con e-child\" data-id=\"1e91fd2\" data-element_type=\"container\" data-e-type=\"container\">\n\t\t\t\t<div class=\"elementor-element elementor-element-cb55a1c elementor-widget elementor-widget-heading\" data-id=\"cb55a1c\" data-element_type=\"widget\" data-e-type=\"widget\" data-widget_type=\"heading.default\">\n\t\t\t\t<div class=\"elementor-widget-container\">\n\t\t\t\t\t<h1 class=\"elementor-heading-title elementor-size-default\">Guide des r\u00e9glementations des locations de courte dur\u00e9e<\/h1>\t\t\t\t<\/div>\n\t\t\t\t<\/div>\n\t\t\t\t<div class=\"elementor-element elementor-element-87f7e69 elementor-widget elementor-widget-heading\" data-id=\"87f7e69\" data-element_type=\"widget\" data-e-type=\"widget\" data-widget_type=\"heading.default\">\n\t\t\t\t<div class=\"elementor-widget-container\">\n\t\t\t\t\t<h4 class=\"elementor-heading-title elementor-size-default\">S\u00e9lectionnez l\u2019endroit pour lequel vous souhaitez en savoir plus sur la r\u00e9glementation des locations<\/h4>\t\t\t\t<\/div>\n\t\t\t\t<\/div>\n\t\t\t\t<\/div>\n\t\t\t\t\t<\/div>\n\t\t\t\t<\/div>\n\t\t<div class=\"elementor-element elementor-element-996f9f0 e-flex e-con-boxed e-con e-parent\" data-id=\"996f9f0\" data-element_type=\"container\" data-e-type=\"container\">\n\t\t\t\t\t<div class=\"e-con-inner\">\n\t\t\t\t<div class=\"elementor-element elementor-element-f2211e3 elementor-nav-menu__text-align-center elementor-widget elementor-widget-nav-menu\" data-id=\"f2211e3\" data-element_type=\"widget\" data-e-type=\"widget\" data-settings=\"{&quot;layout&quot;:&quot;dropdown&quot;,&quot;submenu_icon&quot;:{&quot;value&quot;:&quot;&lt;svg aria-hidden=\\&quot;true\\&quot; class=\\&quot;fa-svg-chevron-down e-font-icon-svg e-fas-chevron-down\\&quot; viewBox=\\&quot;0 0 448 512\\&quot; xmlns=\\&quot;http:\\\/\\\/www.w3.org\\\/2000\\\/svg\\&quot;&gt;&lt;path d=\\&quot;M207.029 381.476L12.686 187.132c-9.373-9.373-9.373-24.569 0-33.941l22.667-22.667c9.357-9.357 24.522-9.375 33.901-.04L224 284.505l154.745-154.021c9.379-9.335 24.544-9.317 33.901.04l22.667 22.667c9.373 9.373 9.373 24.569 0 33.941L240.971 381.476c-9.373 9.372-24.569 9.372-33.942 0z\\&quot;&gt;&lt;\\\/path&gt;&lt;\\\/svg&gt;&quot;,&quot;library&quot;:&quot;fa-solid&quot;}}\" data-widget_type=\"nav-menu.default\">\n\t\t\t\t<div class=\"elementor-widget-container\">\n\t\t\t\t\t\t\t\t<nav class=\"elementor-nav-menu--dropdown elementor-nav-menu__container\" aria-hidden=\"true\">\n\t\t\t\t<ul id=\"menu-2-f2211e3\" class=\"elementor-nav-menu\"><li class=\"menu-item menu-item-type-custom menu-item-object-custom menu-item-has-children menu-item-4886\"><a href=\"#\" class=\"elementor-item elementor-item-anchor\" tabindex=\"-1\">Select Location<\/a>\n<ul class=\"sub-menu elementor-nav-menu--dropdown\">\n\t<li class=\"menu-item menu-item-type-post_type menu-item-object-regulations menu-item-has-children menu-item-4887\"><a href=\"https:\/\/www.hostfully.com\/regulations\/canada\/\" class=\"elementor-sub-item\" tabindex=\"-1\">Canada<\/a>\n\t<ul class=\"sub-menu elementor-nav-menu--dropdown\">\n\t\t<li class=\"menu-item menu-item-type-post_type menu-item-object-regulations menu-item-4888\"><a href=\"https:\/\/www.hostfully.com\/regulations\/canada\/ontario\/\" class=\"elementor-sub-item\" tabindex=\"-1\">Ontario<\/a><\/li>\n\t\t<li class=\"menu-item menu-item-type-post_type menu-item-object-regulations menu-item-4889\"><a href=\"https:\/\/www.hostfully.com\/regulations\/canada\/quebec\/\" class=\"elementor-sub-item\" tabindex=\"-1\">Qu\u00e9bec<\/a><\/li>\n\t<\/ul>\n<\/li>\n\t<li class=\"menu-item menu-item-type-post_type menu-item-object-regulations menu-item-has-children menu-item-4891\"><a href=\"https:\/\/www.hostfully.com\/regulations\/united-states\/\" class=\"elementor-sub-item\" tabindex=\"-1\">\u00c9tats-Unis<\/a>\n\t<ul class=\"sub-menu elementor-nav-menu--dropdown\">\n\t\t<li class=\"menu-item menu-item-type-post_type menu-item-object-regulations menu-item-4892\"><a href=\"https:\/\/www.hostfully.com\/regulations\/united-states\/california\/\" class=\"elementor-sub-item\" tabindex=\"-1\">Californie<\/a><\/li>\n\t\t<li class=\"menu-item menu-item-type-post_type menu-item-object-regulations menu-item-4893\"><a href=\"https:\/\/www.hostfully.com\/regulations\/united-states\/colorado\/\" class=\"elementor-sub-item\" tabindex=\"-1\">Colorado<\/a><\/li>\n\t\t<li class=\"menu-item menu-item-type-post_type menu-item-object-regulations menu-item-4894\"><a href=\"https:\/\/www.hostfully.com\/regulations\/united-states\/florida\/\" class=\"elementor-sub-item\" tabindex=\"-1\">Floride<\/a><\/li>\n\t\t<li class=\"menu-item menu-item-type-post_type menu-item-object-regulations menu-item-4895\"><a href=\"https:\/\/www.hostfully.com\/regulations\/united-states\/georgia\/\" class=\"elementor-sub-item\" tabindex=\"-1\">G\u00e9orgie<\/a><\/li>\n\t\t<li class=\"menu-item menu-item-type-post_type menu-item-object-regulations menu-item-4896\"><a href=\"https:\/\/www.hostfully.com\/regulations\/united-states\/kentucky\/\" class=\"elementor-sub-item\" tabindex=\"-1\">Kentucky<\/a><\/li>\n\t\t<li class=\"menu-item menu-item-type-post_type menu-item-object-regulations menu-item-4897\"><a href=\"https:\/\/www.hostfully.com\/regulations\/united-states\/maine\/\" class=\"elementor-sub-item\" tabindex=\"-1\">Maine<\/a><\/li>\n\t\t<li class=\"menu-item menu-item-type-post_type menu-item-object-regulations menu-item-4898\"><a href=\"https:\/\/www.hostfully.com\/regulations\/united-states\/new-york\/\" class=\"elementor-sub-item\" tabindex=\"-1\">New York<\/a><\/li>\n\t\t<li class=\"menu-item menu-item-type-post_type menu-item-object-regulations menu-item-4899\"><a href=\"https:\/\/www.hostfully.com\/regulations\/united-states\/north-carolina\/\" class=\"elementor-sub-item\" tabindex=\"-1\">Caroline du Nord<\/a><\/li>\n\t\t<li class=\"menu-item menu-item-type-post_type menu-item-object-regulations menu-item-4900\"><a href=\"https:\/\/www.hostfully.com\/regulations\/united-states\/oregon\/\" class=\"elementor-sub-item\" tabindex=\"-1\">Oregon<\/a><\/li>\n\t\t<li class=\"menu-item menu-item-type-post_type menu-item-object-regulations menu-item-4901\"><a href=\"https:\/\/www.hostfully.com\/regulations\/united-states\/raleigh\/\" class=\"elementor-sub-item\" tabindex=\"-1\">Raleigh<\/a><\/li>\n\t\t<li class=\"menu-item menu-item-type-post_type menu-item-object-regulations menu-item-4902\"><a href=\"https:\/\/www.hostfully.com\/regulations\/united-states\/tennessee\/\" class=\"elementor-sub-item\" tabindex=\"-1\">Tennessee<\/a><\/li>\n\t\t<li class=\"menu-item menu-item-type-post_type menu-item-object-regulations menu-item-4903\"><a href=\"https:\/\/www.hostfully.com\/regulations\/united-states\/texas\/\" class=\"elementor-sub-item\" tabindex=\"-1\">Texas<\/a><\/li>\n\t\t<li class=\"menu-item menu-item-type-post_type menu-item-object-regulations menu-item-4904\"><a href=\"https:\/\/www.hostfully.com\/regulations\/united-states\/vermont\/\" class=\"elementor-sub-item\" tabindex=\"-1\">Vermont<\/a><\/li>\n\t<\/ul>\n<\/li>\n\t<li class=\"menu-item menu-item-type-post_type menu-item-object-regulations menu-item-4890\"><a href=\"https:\/\/www.hostfully.com\/regulations\/united-kingdom\/\" class=\"elementor-sub-item\" tabindex=\"-1\">Royaume-Uni<\/a><\/li>\n<\/ul>\n<\/li>\n<\/ul>\t\t\t<\/nav>\n\t\t\t\t\t\t<\/div>\n\t\t\t\t<\/div>\n\t\t\t\t\t<\/div>\n\t\t\t\t<\/div>\n\t\t<div class=\"elementor-element elementor-element-aed958d hf-section-md e-flex e-con-boxed e-con e-parent\" data-id=\"aed958d\" data-element_type=\"container\" data-e-type=\"container\">\n\t\t\t\t\t<div class=\"e-con-inner\">\n\t\t\t\t<div class=\"elementor-element elementor-element-1115b70 elementor-alert-info elementor-widget elementor-widget-alert\" data-id=\"1115b70\" data-element_type=\"widget\" data-e-type=\"widget\" data-widget_type=\"alert.default\">\n\t\t\t\t<div class=\"elementor-widget-container\">\n\t\t\t\t\t\t\t<div class=\"elementor-alert\" role=\"alert\">\n\n\t\t\t\t\t\t<span class=\"elementor-alert-title\">Avis de non-responsabilit\u00e9<\/span>\n\t\t\t\n\t\t\t\t\t\t<span class=\"elementor-alert-description\">Les r\u00e9glementations des locations de courte dur\u00e9e sont en constante \u00e9volution. La ressource ci-dessous est mise \u00e0 jour lorsque cela est possible, mais elle ne doit pas \u00eatre consid\u00e9r\u00e9e comme un avis juridique. Il est essentiel que vous consultiez votre avocat local pour vous assurer que vous prenez les mesures n\u00e9cessaires pour assurer la s\u00e9curit\u00e9 et la l\u00e9galit\u00e9 de votre entreprise.  <\/span>\n\t\t\t\n\t\t\t\n\t\t<\/div>\n\t\t\t\t\t\t<\/div>\n\t\t\t\t<\/div>\n\t\t\t\t<div class=\"elementor-element elementor-element-d68ee69 elementor-widget elementor-widget-text-editor\" data-id=\"d68ee69\" data-element_type=\"widget\" data-e-type=\"widget\" data-widget_type=\"text-editor.default\">\n\t\t\t\t<div class=\"elementor-widget-container\">\n\t\t\t\t\t\t\t\t\t<p style=\"margin-top: 30px;\">Les r\u00e9glementations des locations de courte dur\u00e9e aux \u00c9tats-Unis peuvent \u00eatre difficiles \u00e0 trouver et \u00e0 comprendre. En effet, nous assistons \u00e0 un changement radical dans la fa\u00e7on dont les gouvernements \u00e0 tous les niveaux comprennent et g\u00e8rent les locations de vacances et les plateformes de location de courte dur\u00e9e comme Airbnb et HomeAway. Pour aider les propri\u00e9taires de locations de vacances \u00e0 mieux s\u2019y retrouver, l\u2019\u00e9quipe Hostfully a cr\u00e9\u00e9 un guide complet des diverses lois, propos\u00e9es et adopt\u00e9es, qui affecteront votre entreprise en tant que gestionnaire immobilier.  <\/p><p>Les r\u00e8gles varient consid\u00e9rablement selon l\u2019\u00c9tat et la ville. Il n\u2019existe pas d\u2019approche unique, et la connaissance de vos lois locales et \u00e9tatiques est essentielle au succ\u00e8s de votre entreprise. Utilisez la carte ci-dessus pour acc\u00e9der \u00e0 votre \u00c9tat afin de mieux comprendre la l\u00e9gislation actuelle dans votre r\u00e9gion. En fin de compte, cela aidera les gestionnaires immobiliers et les propri\u00e9taires de locations de vacances \u00e0 mieux g\u00e9rer et d\u00e9velopper leurs entreprises.   <\/p>\t\t\t\t\t\t\t\t<\/div>\n\t\t\t\t<\/div>\n\t\t\t\t\t<\/div>\n\t\t\t\t<\/div>\n\t\t\t\t<\/div>\n\t\t","protected":false},"excerpt":{"rendered":"<p>Guide des r\u00e9glementations des locations de courte dur\u00e9e S\u00e9lectionnez l\u2019endroit pour lequel vous souhaitez en savoir plus sur la r\u00e9glementation des locations Avis de non-responsabilit\u00e9 Les r\u00e9glementations des locations de courte dur\u00e9e sont en constante \u00e9volution. La ressource ci-dessous est mise \u00e0 jour lorsque cela est possible, mais elle ne doit pas \u00eatre consid\u00e9r\u00e9e comme [&hellip;]<\/p>\n","protected":false},"author":1,"featured_media":0,"parent":0,"menu_order":0,"comment_status":"closed","ping_status":"closed","template":"","meta":{"footnotes":""},"class_list":["post-11611","page","type-page","status-publish","hentry"],"yoast_head":"<!-- This site is optimized with the Yoast SEO Premium plugin v27.4 (Yoast SEO v27.4) - https:\/\/yoast.com\/product\/yoast-seo-premium-wordpress\/ -->\n<title>R\u00e9glementations des locations de courte dur\u00e9e par \u00c9tat | Hostfully<\/title>\n<meta name=\"robots\" content=\"index, follow, max-snippet:-1, max-image-preview:large, max-video-preview:-1\" \/>\n<link rel=\"canonical\" href=\"https:\/\/www.hostfully.com\/fr\/reglementations-des-locations-de-courte-duree-par-etat\/\" \/>\n<meta property=\"og:locale\" content=\"fr_FR\" \/>\n<meta property=\"og:type\" content=\"article\" \/>\n<meta property=\"og:title\" content=\"R\u00e9glementations des locations de courte dur\u00e9e par \u00c9tat\" \/>\n<meta property=\"og:description\" content=\"Guide des r\u00e9glementations des locations de courte dur\u00e9e S\u00e9lectionnez l\u2019endroit pour lequel vous souhaitez en savoir plus sur la r\u00e9glementation des locations Avis de non-responsabilit\u00e9 Les r\u00e9glementations des locations de courte dur\u00e9e sont en constante \u00e9volution. La ressource ci-dessous est mise \u00e0 jour lorsque cela est possible, mais elle ne doit pas \u00eatre consid\u00e9r\u00e9e comme [&hellip;]\" \/>\n<meta property=\"og:url\" content=\"https:\/\/www.hostfully.com\/fr\/reglementations-des-locations-de-courte-duree-par-etat\/\" \/>\n<meta property=\"og:site_name\" content=\"Hostfully\" \/>\n<meta property=\"article:publisher\" content=\"https:\/\/www.facebook.com\/hostfully\" \/>\n<meta property=\"article:modified_time\" content=\"2026-03-06T23:55:54+00:00\" \/>\n<meta name=\"twitter:card\" content=\"summary_large_image\" \/>\n<meta name=\"twitter:site\" content=\"@hostfully\" \/>\n<meta name=\"twitter:label1\" content=\"Dur\u00e9e de lecture estim\u00e9e\" \/>\n\t<meta name=\"twitter:data1\" content=\"1 minute\" \/>\n<script type=\"application\/ld+json\" class=\"yoast-schema-graph\">{\"@context\":\"https:\\\/\\\/schema.org\",\"@graph\":[{\"@type\":\"WebPage\",\"@id\":\"https:\\\/\\\/www.hostfully.com\\\/fr\\\/reglementations-des-locations-de-courte-duree-par-etat\\\/\",\"url\":\"https:\\\/\\\/www.hostfully.com\\\/fr\\\/reglementations-des-locations-de-courte-duree-par-etat\\\/\",\"name\":\"R\u00e9glementations des locations de courte dur\u00e9e par \u00c9tat | Hostfully\",\"isPartOf\":{\"@id\":\"https:\\\/\\\/www.hostfully.com\\\/fr\\\/#website\"},\"datePublished\":\"2025-11-06T17:23:28+00:00\",\"dateModified\":\"2026-03-06T23:55:54+00:00\",\"breadcrumb\":{\"@id\":\"https:\\\/\\\/www.hostfully.com\\\/fr\\\/reglementations-des-locations-de-courte-duree-par-etat\\\/#breadcrumb\"},\"inLanguage\":\"fr-FR\",\"potentialAction\":[{\"@type\":\"ReadAction\",\"target\":[\"https:\\\/\\\/www.hostfully.com\\\/fr\\\/reglementations-des-locations-de-courte-duree-par-etat\\\/\"]}]},{\"@type\":\"BreadcrumbList\",\"@id\":\"https:\\\/\\\/www.hostfully.com\\\/fr\\\/reglementations-des-locations-de-courte-duree-par-etat\\\/#breadcrumb\",\"itemListElement\":[{\"@type\":\"ListItem\",\"position\":1,\"name\":\"Home\",\"item\":\"https:\\\/\\\/www.hostfully.com\\\/fr\\\/\"},{\"@type\":\"ListItem\",\"position\":2,\"name\":\"R\u00e9glementations des locations de courte dur\u00e9e par \u00c9tat\"}]},{\"@type\":\"WebSite\",\"@id\":\"https:\\\/\\\/www.hostfully.com\\\/fr\\\/#website\",\"url\":\"https:\\\/\\\/www.hostfully.com\\\/fr\\\/\",\"name\":\"Hostfully\",\"description\":\"Award Winning Vacation Rental Software\",\"publisher\":{\"@id\":\"https:\\\/\\\/www.hostfully.com\\\/fr\\\/#organization\"},\"potentialAction\":[{\"@type\":\"SearchAction\",\"target\":{\"@type\":\"EntryPoint\",\"urlTemplate\":\"https:\\\/\\\/www.hostfully.com\\\/fr\\\/?s={search_term_string}\"},\"query-input\":{\"@type\":\"PropertyValueSpecification\",\"valueRequired\":true,\"valueName\":\"search_term_string\"}}],\"inLanguage\":\"fr-FR\"},{\"@type\":\"Organization\",\"@id\":\"https:\\\/\\\/www.hostfully.com\\\/fr\\\/#organization\",\"name\":\"Hostfully\",\"url\":\"https:\\\/\\\/www.hostfully.com\\\/fr\\\/\",\"logo\":{\"@type\":\"ImageObject\",\"inLanguage\":\"fr-FR\",\"@id\":\"https:\\\/\\\/www.hostfully.com\\\/fr\\\/#\\\/schema\\\/logo\\\/image\\\/\",\"url\":\"https:\\\/\\\/www.hostfully.com\\\/wp-content\\\/uploads\\\/2025\\\/08\\\/Hostfully_bluecircle_isotype_R-.png\",\"contentUrl\":\"https:\\\/\\\/www.hostfully.com\\\/wp-content\\\/uploads\\\/2025\\\/08\\\/Hostfully_bluecircle_isotype_R-.png\",\"width\":321,\"height\":321,\"caption\":\"Hostfully\"},\"image\":{\"@id\":\"https:\\\/\\\/www.hostfully.com\\\/fr\\\/#\\\/schema\\\/logo\\\/image\\\/\"},\"sameAs\":[\"https:\\\/\\\/www.facebook.com\\\/hostfully\",\"https:\\\/\\\/x.com\\\/hostfully\",\"https:\\\/\\\/www.instagram.com\\\/hostfully_\\\/\",\"https:\\\/\\\/www.youtube.com\\\/c\\\/Hostfully\",\"https:\\\/\\\/www.linkedin.com\\\/company\\\/hostfully-inc-\\\/\"]}]}<\/script>\n<!-- \/ Yoast SEO Premium plugin. -->","yoast_head_json":{"title":"R\u00e9glementations des locations de courte dur\u00e9e par \u00c9tat | Hostfully","robots":{"index":"index","follow":"follow","max-snippet":"max-snippet:-1","max-image-preview":"max-image-preview:large","max-video-preview":"max-video-preview:-1"},"canonical":"https:\/\/www.hostfully.com\/fr\/reglementations-des-locations-de-courte-duree-par-etat\/","og_locale":"fr_FR","og_type":"article","og_title":"R\u00e9glementations des locations de courte dur\u00e9e par \u00c9tat","og_description":"Guide des r\u00e9glementations des locations de courte dur\u00e9e S\u00e9lectionnez l\u2019endroit pour lequel vous souhaitez en savoir plus sur la r\u00e9glementation des locations Avis de non-responsabilit\u00e9 Les r\u00e9glementations des locations de courte dur\u00e9e sont en constante \u00e9volution. La ressource ci-dessous est mise \u00e0 jour lorsque cela est possible, mais elle ne doit pas \u00eatre consid\u00e9r\u00e9e comme [&hellip;]","og_url":"https:\/\/www.hostfully.com\/fr\/reglementations-des-locations-de-courte-duree-par-etat\/","og_site_name":"Hostfully","article_publisher":"https:\/\/www.facebook.com\/hostfully","article_modified_time":"2026-03-06T23:55:54+00:00","twitter_card":"summary_large_image","twitter_site":"@hostfully","twitter_misc":{"Dur\u00e9e de lecture estim\u00e9e":"1 minute"},"schema":{"@context":"https:\/\/schema.org","@graph":[{"@type":"WebPage","@id":"https:\/\/www.hostfully.com\/fr\/reglementations-des-locations-de-courte-duree-par-etat\/","url":"https:\/\/www.hostfully.com\/fr\/reglementations-des-locations-de-courte-duree-par-etat\/","name":"R\u00e9glementations des locations de courte dur\u00e9e par \u00c9tat | Hostfully","isPartOf":{"@id":"https:\/\/www.hostfully.com\/fr\/#website"},"datePublished":"2025-11-06T17:23:28+00:00","dateModified":"2026-03-06T23:55:54+00:00","breadcrumb":{"@id":"https:\/\/www.hostfully.com\/fr\/reglementations-des-locations-de-courte-duree-par-etat\/#breadcrumb"},"inLanguage":"fr-FR","potentialAction":[{"@type":"ReadAction","target":["https:\/\/www.hostfully.com\/fr\/reglementations-des-locations-de-courte-duree-par-etat\/"]}]},{"@type":"BreadcrumbList","@id":"https:\/\/www.hostfully.com\/fr\/reglementations-des-locations-de-courte-duree-par-etat\/#breadcrumb","itemListElement":[{"@type":"ListItem","position":1,"name":"Home","item":"https:\/\/www.hostfully.com\/fr\/"},{"@type":"ListItem","position":2,"name":"R\u00e9glementations des locations de courte dur\u00e9e par \u00c9tat"}]},{"@type":"WebSite","@id":"https:\/\/www.hostfully.com\/fr\/#website","url":"https:\/\/www.hostfully.com\/fr\/","name":"Hostfully","description":"Award Winning Vacation Rental Software","publisher":{"@id":"https:\/\/www.hostfully.com\/fr\/#organization"},"potentialAction":[{"@type":"SearchAction","target":{"@type":"EntryPoint","urlTemplate":"https:\/\/www.hostfully.com\/fr\/?s={search_term_string}"},"query-input":{"@type":"PropertyValueSpecification","valueRequired":true,"valueName":"search_term_string"}}],"inLanguage":"fr-FR"},{"@type":"Organization","@id":"https:\/\/www.hostfully.com\/fr\/#organization","name":"Hostfully","url":"https:\/\/www.hostfully.com\/fr\/","logo":{"@type":"ImageObject","inLanguage":"fr-FR","@id":"https:\/\/www.hostfully.com\/fr\/#\/schema\/logo\/image\/","url":"https:\/\/www.hostfully.com\/wp-content\/uploads\/2025\/08\/Hostfully_bluecircle_isotype_R-.png","contentUrl":"https:\/\/www.hostfully.com\/wp-content\/uploads\/2025\/08\/Hostfully_bluecircle_isotype_R-.png","width":321,"height":321,"caption":"Hostfully"},"image":{"@id":"https:\/\/www.hostfully.com\/fr\/#\/schema\/logo\/image\/"},"sameAs":["https:\/\/www.facebook.com\/hostfully","https:\/\/x.com\/hostfully","https:\/\/www.instagram.com\/hostfully_\/","https:\/\/www.youtube.com\/c\/Hostfully","https:\/\/www.linkedin.com\/company\/hostfully-inc-\/"]}]}},"_links":{"self":[{"href":"https:\/\/www.hostfully.com\/fr\/wp-json\/wp\/v2\/pages\/11611","targetHints":{"allow":["GET"]}}],"collection":[{"href":"https:\/\/www.hostfully.com\/fr\/wp-json\/wp\/v2\/pages"}],"about":[{"href":"https:\/\/www.hostfully.com\/fr\/wp-json\/wp\/v2\/types\/page"}],"author":[{"embeddable":true,"href":"https:\/\/www.hostfully.com\/fr\/wp-json\/wp\/v2\/users\/1"}],"replies":[{"embeddable":true,"href":"https:\/\/www.hostfully.com\/fr\/wp-json\/wp\/v2\/comments?post=11611"}],"version-history":[{"count":3,"href":"https:\/\/www.hostfully.com\/fr\/wp-json\/wp\/v2\/pages\/11611\/revisions"}],"predecessor-version":[{"id":75292,"href":"https:\/\/www.hostfully.com\/fr\/wp-json\/wp\/v2\/pages\/11611\/revisions\/75292"}],"wp:attachment":[{"href":"https:\/\/www.hostfully.com\/fr\/wp-json\/wp\/v2\/media?parent=11611"}],"curies":[{"name":"wp","href":"https:\/\/api.w.org\/{rel}","templated":true}]}}