{"id":12679,"date":"2025-11-24T18:39:33","date_gmt":"2025-11-24T18:39:33","guid":{"rendered":"https:\/\/mktdev.hostfully.com\/outils-de-croissance\/calculateur-de-retour-sur-investissement-du-guide-pour-les-gestionnaires-de-locations-de-vacances\/"},"modified":"2026-02-19T13:32:20","modified_gmt":"2026-02-19T13:32:20","slug":"calculateur-de-retour-sur-investissement-du-guide-pour-les-gestionnaires-de-locations-de-vacances","status":"publish","type":"page","link":"https:\/\/www.hostfully.com\/fr\/outils-de-croissance\/calculateur-de-retour-sur-investissement-du-guide-pour-les-gestionnaires-de-locations-de-vacances\/","title":{"rendered":"Calculateur de retour sur investissement du guide pour les gestionnaires de locations de vacances"},"content":{"rendered":"\t\t<div data-elementor-type=\"wp-page\" data-elementor-id=\"12679\" class=\"elementor elementor-12679 elementor-7852\" data-elementor-post-type=\"page\">\n\t\t\t\t<div class=\"elementor-element elementor-element-871fe64 e-con-full my-4i br-50i e-flex e-con e-parent\" data-id=\"871fe64\" data-element_type=\"container\" data-e-type=\"container\" data-settings=\"{&quot;background_background&quot;:&quot;classic&quot;}\">\n\t\t<div class=\"elementor-element elementor-element-117bba5 e-con-full e-flex e-con e-child\" data-id=\"117bba5\" data-element_type=\"container\" data-e-type=\"container\">\n\t\t\t\t<div class=\"elementor-element elementor-element-616687e elementor-widget elementor-widget-html\" data-id=\"616687e\" data-element_type=\"widget\" data-e-type=\"widget\" data-widget_type=\"html.default\">\n\t\t\t\t<div class=\"elementor-widget-container\">\n\t\t\t\t\t<div>\r\n<div class=\"op-interactive\" id=\"5d5d57ea37157d329c45457d\" data-url=\"https:\/\/hostfully.outgrow.us\/5d5d57ea37157d329c45457d?vHeight=1\" data-width=\"100%\">&nbsp;<\/div>\r\n<script src=\"\/\/dyv6f9ner1ir9.cloudfront.net\/assets\/js\/nloader.js\"><\/script>\r\n<script>initIframe('5d5d57ea37157d329c45457d');<\/script>\r\n<\/div>\t\t\t\t<\/div>\n\t\t\t\t<\/div>\n\t\t\t\t<\/div>\n\t\t\t\t<\/div>\n\t\t<div class=\"elementor-element elementor-element-aa4c80b e-flex e-con-boxed e-con e-parent\" data-id=\"aa4c80b\" data-element_type=\"container\" data-e-type=\"container\">\n\t\t\t\t\t<div class=\"e-con-inner\">\n\t\t\t\t<div class=\"elementor-element elementor-element-4b300ce elementor-widget elementor-widget-text-editor\" data-id=\"4b300ce\" data-element_type=\"widget\" data-e-type=\"widget\" data-widget_type=\"text-editor.default\">\n\t\t\t\t<div class=\"elementor-widget-container\">\n\t\t\t\t\t\t\t\t\tL\u2019utilisation de livrets d\u2019accueil num\u00e9riques dans le secteur de la location saisonni\u00e8re conna\u00eet une croissance significative. Les livrets d\u2019accueil permettent aux gestionnaires et aux propri\u00e9taires de personnaliser davantage l\u2019exp\u00e9rience de voyage gr\u00e2ce \u00e0 des recommandations locales.\n\nLes livrets d\u2019accueil permettent \u00e9galement aux gestionnaires de locations saisonni\u00e8res de fournir des informations cruciales \u00e0 leurs voyageurs, am\u00e9liorant ainsi l\u2019exp\u00e9rience client et faisant gagner du temps en regroupant toutes les informations sur une plateforme facile d\u2019acc\u00e8s. Cela r\u00e9duit les r\u00e9clamations des voyageurs et permet au personnel ainsi qu\u2019aux gestionnaires de gagner du temps en \u00e9vitant de r\u00e9pondre aux questions r\u00e9currentes.\t\t\t\t\t\t\t\t<\/div>\n\t\t\t\t<\/div>\n\t\t\t\t\t<\/div>\n\t\t\t\t<\/div>\n\t\t\t\t<\/div>\n\t\t","protected":false},"excerpt":{"rendered":"<p>&nbsp; L\u2019utilisation de livrets d\u2019accueil num\u00e9riques dans le secteur de la location saisonni\u00e8re conna\u00eet une croissance significative. Les livrets d\u2019accueil permettent aux gestionnaires et aux propri\u00e9taires de personnaliser davantage l\u2019exp\u00e9rience de voyage gr\u00e2ce \u00e0 des recommandations locales. Les livrets d\u2019accueil permettent \u00e9galement aux gestionnaires de locations saisonni\u00e8res de fournir des informations cruciales \u00e0 leurs voyageurs, [&hellip;]<\/p>\n","protected":false},"author":2,"featured_media":0,"parent":11489,"menu_order":0,"comment_status":"closed","ping_status":"closed","template":"","meta":{"footnotes":""},"class_list":["post-12679","page","type-page","status-publish","hentry"],"yoast_head":"<!-- This site is optimized with the Yoast SEO Premium plugin v27.3 (Yoast SEO v27.3) - https:\/\/yoast.com\/product\/yoast-seo-premium-wordpress\/ -->\n<title>Calculateur de retour sur investissement du guide pour les gestionnaires de locations de vacances | Hostfully<\/title>\n<meta name=\"description\" content=\"Calculez l\u2019impact qu\u2019un livret d\u2019accueil aura sur votre activit\u00e9 gr\u00e2ce \u00e0 notre outil gratuit. Obtenez des informations exploitables pour maximiser la valeur des voyageurs et vos b\u00e9n\u00e9fices.\" \/>\n<meta name=\"robots\" content=\"index, follow, max-snippet:-1, max-image-preview:large, max-video-preview:-1\" \/>\n<link rel=\"canonical\" href=\"https:\/\/www.hostfully.com\/fr\/outils-de-croissance\/calculateur-de-retour-sur-investissement-du-guide-pour-les-gestionnaires-de-locations-de-vacances\/\" \/>\n<meta property=\"og:locale\" content=\"fr_FR\" \/>\n<meta property=\"og:type\" content=\"article\" \/>\n<meta property=\"og:title\" content=\"Calculateur de retour sur investissement du guide pour les gestionnaires de locations de vacances\" \/>\n<meta property=\"og:description\" content=\"Calculez l\u2019impact qu\u2019un livret d\u2019accueil aura sur votre activit\u00e9 gr\u00e2ce \u00e0 notre outil gratuit. Obtenez des informations exploitables pour maximiser la valeur des voyageurs et vos b\u00e9n\u00e9fices.\" \/>\n<meta property=\"og:url\" content=\"https:\/\/www.hostfully.com\/fr\/outils-de-croissance\/calculateur-de-retour-sur-investissement-du-guide-pour-les-gestionnaires-de-locations-de-vacances\/\" \/>\n<meta property=\"og:site_name\" content=\"Hostfully\" \/>\n<meta property=\"article:publisher\" content=\"https:\/\/www.facebook.com\/hostfully\" \/>\n<meta property=\"article:modified_time\" content=\"2026-02-19T13:32:20+00:00\" \/>\n<meta name=\"twitter:card\" content=\"summary_large_image\" \/>\n<meta name=\"twitter:site\" content=\"@hostfully\" \/>\n<meta name=\"twitter:label1\" content=\"Dur\u00e9e de lecture estim\u00e9e\" \/>\n\t<meta name=\"twitter:data1\" content=\"1 minute\" \/>\n<script type=\"application\/ld+json\" class=\"yoast-schema-graph\">{\"@context\":\"https:\\\/\\\/schema.org\",\"@graph\":[{\"@type\":\"WebPage\",\"@id\":\"https:\\\/\\\/www.hostfully.com\\\/fr\\\/outils-de-croissance\\\/calculateur-de-retour-sur-investissement-du-guide-pour-les-gestionnaires-de-locations-de-vacances\\\/\",\"url\":\"https:\\\/\\\/www.hostfully.com\\\/fr\\\/outils-de-croissance\\\/calculateur-de-retour-sur-investissement-du-guide-pour-les-gestionnaires-de-locations-de-vacances\\\/\",\"name\":\"Calculateur de retour sur investissement du guide pour les gestionnaires de locations de vacances | Hostfully\",\"isPartOf\":{\"@id\":\"https:\\\/\\\/www.hostfully.com\\\/fr\\\/#website\"},\"datePublished\":\"2025-11-24T18:39:33+00:00\",\"dateModified\":\"2026-02-19T13:32:20+00:00\",\"description\":\"Calculez l\u2019impact qu\u2019un livret d\u2019accueil aura sur votre activit\u00e9 gr\u00e2ce \u00e0 notre outil gratuit. Obtenez des informations exploitables pour maximiser la valeur des voyageurs et vos b\u00e9n\u00e9fices.\",\"breadcrumb\":{\"@id\":\"https:\\\/\\\/www.hostfully.com\\\/fr\\\/outils-de-croissance\\\/calculateur-de-retour-sur-investissement-du-guide-pour-les-gestionnaires-de-locations-de-vacances\\\/#breadcrumb\"},\"inLanguage\":\"fr-FR\",\"potentialAction\":[{\"@type\":\"ReadAction\",\"target\":[\"https:\\\/\\\/www.hostfully.com\\\/fr\\\/outils-de-croissance\\\/calculateur-de-retour-sur-investissement-du-guide-pour-les-gestionnaires-de-locations-de-vacances\\\/\"]}]},{\"@type\":\"BreadcrumbList\",\"@id\":\"https:\\\/\\\/www.hostfully.com\\\/fr\\\/outils-de-croissance\\\/calculateur-de-retour-sur-investissement-du-guide-pour-les-gestionnaires-de-locations-de-vacances\\\/#breadcrumb\",\"itemListElement\":[{\"@type\":\"ListItem\",\"position\":1,\"name\":\"Home\",\"item\":\"https:\\\/\\\/www.hostfully.com\\\/fr\\\/\"},{\"@type\":\"ListItem\",\"position\":2,\"name\":\"Outils de croissance\",\"item\":\"https:\\\/\\\/www.hostfully.com\\\/fr\\\/outils-de-croissance\\\/\"},{\"@type\":\"ListItem\",\"position\":3,\"name\":\"Calculateur de retour sur investissement du guide pour les gestionnaires de locations de vacances\"}]},{\"@type\":\"WebSite\",\"@id\":\"https:\\\/\\\/www.hostfully.com\\\/fr\\\/#website\",\"url\":\"https:\\\/\\\/www.hostfully.com\\\/fr\\\/\",\"name\":\"Hostfully\",\"description\":\"Award Winning Vacation Rental Software\",\"publisher\":{\"@id\":\"https:\\\/\\\/www.hostfully.com\\\/fr\\\/#organization\"},\"potentialAction\":[{\"@type\":\"SearchAction\",\"target\":{\"@type\":\"EntryPoint\",\"urlTemplate\":\"https:\\\/\\\/www.hostfully.com\\\/fr\\\/?s={search_term_string}\"},\"query-input\":{\"@type\":\"PropertyValueSpecification\",\"valueRequired\":true,\"valueName\":\"search_term_string\"}}],\"inLanguage\":\"fr-FR\"},{\"@type\":\"Organization\",\"@id\":\"https:\\\/\\\/www.hostfully.com\\\/fr\\\/#organization\",\"name\":\"Hostfully\",\"url\":\"https:\\\/\\\/www.hostfully.com\\\/fr\\\/\",\"logo\":{\"@type\":\"ImageObject\",\"inLanguage\":\"fr-FR\",\"@id\":\"https:\\\/\\\/www.hostfully.com\\\/fr\\\/#\\\/schema\\\/logo\\\/image\\\/\",\"url\":\"https:\\\/\\\/www.hostfully.com\\\/wp-content\\\/uploads\\\/2025\\\/08\\\/Hostfully_bluecircle_isotype_R-.png\",\"contentUrl\":\"https:\\\/\\\/www.hostfully.com\\\/wp-content\\\/uploads\\\/2025\\\/08\\\/Hostfully_bluecircle_isotype_R-.png\",\"width\":321,\"height\":321,\"caption\":\"Hostfully\"},\"image\":{\"@id\":\"https:\\\/\\\/www.hostfully.com\\\/fr\\\/#\\\/schema\\\/logo\\\/image\\\/\"},\"sameAs\":[\"https:\\\/\\\/www.facebook.com\\\/hostfully\",\"https:\\\/\\\/x.com\\\/hostfully\",\"https:\\\/\\\/www.instagram.com\\\/hostfully_\\\/\",\"https:\\\/\\\/www.youtube.com\\\/c\\\/Hostfully\",\"https:\\\/\\\/www.linkedin.com\\\/company\\\/hostfully-inc-\\\/\"]}]}<\/script>\n<!-- \/ Yoast SEO Premium plugin. -->","yoast_head_json":{"title":"Calculateur de retour sur investissement du guide pour les gestionnaires de locations de vacances | Hostfully","description":"Calculez l\u2019impact qu\u2019un livret d\u2019accueil aura sur votre activit\u00e9 gr\u00e2ce \u00e0 notre outil gratuit. Obtenez des informations exploitables pour maximiser la valeur des voyageurs et vos b\u00e9n\u00e9fices.","robots":{"index":"index","follow":"follow","max-snippet":"max-snippet:-1","max-image-preview":"max-image-preview:large","max-video-preview":"max-video-preview:-1"},"canonical":"https:\/\/www.hostfully.com\/fr\/outils-de-croissance\/calculateur-de-retour-sur-investissement-du-guide-pour-les-gestionnaires-de-locations-de-vacances\/","og_locale":"fr_FR","og_type":"article","og_title":"Calculateur de retour sur investissement du guide pour les gestionnaires de locations de vacances","og_description":"Calculez l\u2019impact qu\u2019un livret d\u2019accueil aura sur votre activit\u00e9 gr\u00e2ce \u00e0 notre outil gratuit. Obtenez des informations exploitables pour maximiser la valeur des voyageurs et vos b\u00e9n\u00e9fices.","og_url":"https:\/\/www.hostfully.com\/fr\/outils-de-croissance\/calculateur-de-retour-sur-investissement-du-guide-pour-les-gestionnaires-de-locations-de-vacances\/","og_site_name":"Hostfully","article_publisher":"https:\/\/www.facebook.com\/hostfully","article_modified_time":"2026-02-19T13:32:20+00:00","twitter_card":"summary_large_image","twitter_site":"@hostfully","twitter_misc":{"Dur\u00e9e de lecture estim\u00e9e":"1 minute"},"schema":{"@context":"https:\/\/schema.org","@graph":[{"@type":"WebPage","@id":"https:\/\/www.hostfully.com\/fr\/outils-de-croissance\/calculateur-de-retour-sur-investissement-du-guide-pour-les-gestionnaires-de-locations-de-vacances\/","url":"https:\/\/www.hostfully.com\/fr\/outils-de-croissance\/calculateur-de-retour-sur-investissement-du-guide-pour-les-gestionnaires-de-locations-de-vacances\/","name":"Calculateur de retour sur investissement du guide pour les gestionnaires de locations de vacances | Hostfully","isPartOf":{"@id":"https:\/\/www.hostfully.com\/fr\/#website"},"datePublished":"2025-11-24T18:39:33+00:00","dateModified":"2026-02-19T13:32:20+00:00","description":"Calculez l\u2019impact qu\u2019un livret d\u2019accueil aura sur votre activit\u00e9 gr\u00e2ce \u00e0 notre outil gratuit. Obtenez des informations exploitables pour maximiser la valeur des voyageurs et vos b\u00e9n\u00e9fices.","breadcrumb":{"@id":"https:\/\/www.hostfully.com\/fr\/outils-de-croissance\/calculateur-de-retour-sur-investissement-du-guide-pour-les-gestionnaires-de-locations-de-vacances\/#breadcrumb"},"inLanguage":"fr-FR","potentialAction":[{"@type":"ReadAction","target":["https:\/\/www.hostfully.com\/fr\/outils-de-croissance\/calculateur-de-retour-sur-investissement-du-guide-pour-les-gestionnaires-de-locations-de-vacances\/"]}]},{"@type":"BreadcrumbList","@id":"https:\/\/www.hostfully.com\/fr\/outils-de-croissance\/calculateur-de-retour-sur-investissement-du-guide-pour-les-gestionnaires-de-locations-de-vacances\/#breadcrumb","itemListElement":[{"@type":"ListItem","position":1,"name":"Home","item":"https:\/\/www.hostfully.com\/fr\/"},{"@type":"ListItem","position":2,"name":"Outils de croissance","item":"https:\/\/www.hostfully.com\/fr\/outils-de-croissance\/"},{"@type":"ListItem","position":3,"name":"Calculateur de retour sur investissement du guide pour les gestionnaires de locations de vacances"}]},{"@type":"WebSite","@id":"https:\/\/www.hostfully.com\/fr\/#website","url":"https:\/\/www.hostfully.com\/fr\/","name":"Hostfully","description":"Award Winning Vacation Rental Software","publisher":{"@id":"https:\/\/www.hostfully.com\/fr\/#organization"},"potentialAction":[{"@type":"SearchAction","target":{"@type":"EntryPoint","urlTemplate":"https:\/\/www.hostfully.com\/fr\/?s={search_term_string}"},"query-input":{"@type":"PropertyValueSpecification","valueRequired":true,"valueName":"search_term_string"}}],"inLanguage":"fr-FR"},{"@type":"Organization","@id":"https:\/\/www.hostfully.com\/fr\/#organization","name":"Hostfully","url":"https:\/\/www.hostfully.com\/fr\/","logo":{"@type":"ImageObject","inLanguage":"fr-FR","@id":"https:\/\/www.hostfully.com\/fr\/#\/schema\/logo\/image\/","url":"https:\/\/www.hostfully.com\/wp-content\/uploads\/2025\/08\/Hostfully_bluecircle_isotype_R-.png","contentUrl":"https:\/\/www.hostfully.com\/wp-content\/uploads\/2025\/08\/Hostfully_bluecircle_isotype_R-.png","width":321,"height":321,"caption":"Hostfully"},"image":{"@id":"https:\/\/www.hostfully.com\/fr\/#\/schema\/logo\/image\/"},"sameAs":["https:\/\/www.facebook.com\/hostfully","https:\/\/x.com\/hostfully","https:\/\/www.instagram.com\/hostfully_\/","https:\/\/www.youtube.com\/c\/Hostfully","https:\/\/www.linkedin.com\/company\/hostfully-inc-\/"]}]}},"_links":{"self":[{"href":"https:\/\/www.hostfully.com\/fr\/wp-json\/wp\/v2\/pages\/12679","targetHints":{"allow":["GET"]}}],"collection":[{"href":"https:\/\/www.hostfully.com\/fr\/wp-json\/wp\/v2\/pages"}],"about":[{"href":"https:\/\/www.hostfully.com\/fr\/wp-json\/wp\/v2\/types\/page"}],"author":[{"embeddable":true,"href":"https:\/\/www.hostfully.com\/fr\/wp-json\/wp\/v2\/users\/2"}],"replies":[{"embeddable":true,"href":"https:\/\/www.hostfully.com\/fr\/wp-json\/wp\/v2\/comments?post=12679"}],"version-history":[{"count":2,"href":"https:\/\/www.hostfully.com\/fr\/wp-json\/wp\/v2\/pages\/12679\/revisions"}],"predecessor-version":[{"id":72689,"href":"https:\/\/www.hostfully.com\/fr\/wp-json\/wp\/v2\/pages\/12679\/revisions\/72689"}],"up":[{"embeddable":true,"href":"https:\/\/www.hostfully.com\/fr\/wp-json\/wp\/v2\/pages\/11489"}],"wp:attachment":[{"href":"https:\/\/www.hostfully.com\/fr\/wp-json\/wp\/v2\/media?parent=12679"}],"curies":[{"name":"wp","href":"https:\/\/api.w.org\/{rel}","templated":true}]}}