{"id":53341,"date":"2026-01-26T17:52:35","date_gmt":"2026-01-26T17:52:35","guid":{"rendered":"https:\/\/mktdev.hostfully.com\/dossier-de-presse\/"},"modified":"2026-03-10T20:41:46","modified_gmt":"2026-03-10T20:41:46","slug":"dossier-de-presse","status":"publish","type":"page","link":"https:\/\/www.hostfully.com\/fr\/dossier-de-presse\/","title":{"rendered":"Dossier de presse"},"content":{"rendered":"\t\t<div data-elementor-type=\"wp-page\" data-elementor-id=\"53341\" class=\"elementor elementor-53341 elementor-52725\" data-elementor-post-type=\"page\">\n\t\t\t\t<div class=\"elementor-element elementor-element-e5af9c7 hf-hero e-flex e-con-boxed e-con e-parent\" data-id=\"e5af9c7\" data-element_type=\"container\" data-e-type=\"container\">\n\t\t\t\t\t<div class=\"e-con-inner\">\n\t\t<div class=\"elementor-element elementor-element-e23e2f8 e-con-full e-flex e-con e-child\" data-id=\"e23e2f8\" data-element_type=\"container\" data-e-type=\"container\">\n\t\t<div class=\"elementor-element elementor-element-cab438d e-con-full e-flex e-con e-child\" data-id=\"cab438d\" data-element_type=\"container\" data-e-type=\"container\">\n\t\t\t\t<div class=\"elementor-element elementor-element-e1b9856 elementor-widget elementor-widget-heading\" data-id=\"e1b9856\" data-element_type=\"widget\" data-e-type=\"widget\" data-widget_type=\"heading.default\">\n\t\t\t\t<div class=\"elementor-widget-container\">\n\t\t\t\t\t<h1 class=\"elementor-heading-title elementor-size-default\">Dossier de presse<\/h1>\t\t\t\t<\/div>\n\t\t\t\t<\/div>\n\t\t\t\t<\/div>\n\t\t\t\t<div class=\"elementor-element elementor-element-895c84b text-sm elementor-widget elementor-widget-text-editor\" data-id=\"895c84b\" data-element_type=\"widget\" data-e-type=\"widget\" data-widget_type=\"text-editor.default\">\n\t\t\t\t<div class=\"elementor-widget-container\">\n\t\t\t\t\t\t\t\t\t\u00c9l\u00e9ments de marque Hostfully \u00e0 votre disposition\t\t\t\t\t\t\t\t<\/div>\n\t\t\t\t<\/div>\n\t\t\t\t<div class=\"elementor-element elementor-element-4fc096e btn-link elementor-widget elementor-widget-button\" data-id=\"4fc096e\" data-element_type=\"widget\" data-e-type=\"widget\" data-widget_type=\"button.default\">\n\t\t\t\t<div class=\"elementor-widget-container\">\n\t\t\t\t\t\t\t\t\t<div class=\"elementor-button-wrapper\">\n\t\t\t\t\t<a class=\"elementor-button elementor-button-link elementor-size-sm\" href=\"https:\/\/drive.google.com\/drive\/folders\/1pkLh-Z5ERZIeGZKRceNcLYOF9LlCH4_K?fbclid=IwAR1xzyllSJ6yqQCejcRCmUbKLnTezobEW-stHOhR3XNX568kevrrCAo9H8s\" id=\"cta_media_kit\">\n\t\t\t\t\t\t<span class=\"elementor-button-content-wrapper\">\n\t\t\t\t\t\t\t\t\t<span class=\"elementor-button-text\">T\u00e9l\u00e9charger le dossier de presse<\/span>\n\t\t\t\t\t<\/span>\n\t\t\t\t\t<\/a>\n\t\t\t\t<\/div>\n\t\t\t\t\t\t\t\t<\/div>\n\t\t\t\t<\/div>\n\t\t\t\t<\/div>\n\t\t<div class=\"elementor-element elementor-element-54c9cbc e-con-full e-flex e-con e-child\" data-id=\"54c9cbc\" data-element_type=\"container\" data-e-type=\"container\">\n\t\t\t\t<div class=\"elementor-element elementor-element-4508fc6 hf-image-hero elementor-widget elementor-widget-image\" data-id=\"4508fc6\" data-element_type=\"widget\" data-e-type=\"widget\" data-widget_type=\"image.default\">\n\t\t\t\t<div class=\"elementor-widget-container\">\n\t\t\t\t\t\t\t\t\t\t\t\t\t\t\t<img fetchpriority=\"high\" decoding=\"async\" width=\"1280\" height=\"1040\" src=\"https:\/\/www.hostfully.com\/wp-content\/uploads\/2026\/02\/Media-KIt.webp\" class=\"attachment-full size-full wp-image-70434\" alt=\"\" srcset=\"https:\/\/www.hostfully.com\/wp-content\/uploads\/2026\/02\/Media-KIt.webp 1280w, https:\/\/www.hostfully.com\/wp-content\/uploads\/2026\/02\/Media-KIt-300x244.webp 300w, https:\/\/www.hostfully.com\/wp-content\/uploads\/2026\/02\/Media-KIt-1024x832.webp 1024w, https:\/\/www.hostfully.com\/wp-content\/uploads\/2026\/02\/Media-KIt-768x624.webp 768w\" sizes=\"(max-width: 1280px) 100vw, 1280px\" \/>\t\t\t\t\t\t\t\t\t\t\t\t\t\t\t<\/div>\n\t\t\t\t<\/div>\n\t\t\t\t<\/div>\n\t\t\t\t\t<\/div>\n\t\t\t\t<\/div>\n\t\t<div class=\"elementor-element elementor-element-3caff5b hf-section-md e-flex e-con-boxed e-con e-child\" data-id=\"3caff5b\" data-element_type=\"container\" data-e-type=\"container\">\n\t\t\t\t\t<div class=\"e-con-inner\">\n\t\t<div class=\"elementor-element elementor-element-19cb165 e-flex e-con-boxed e-con e-child\" data-id=\"19cb165\" data-element_type=\"container\" data-e-type=\"container\" data-settings=\"{&quot;animation&quot;:&quot;none&quot;}\">\n\t\t\t\t\t<div class=\"e-con-inner\">\n\t\t\t\t<div class=\"elementor-element elementor-element-36846cd elementor-widget elementor-widget-heading\" data-id=\"36846cd\" data-element_type=\"widget\" data-e-type=\"widget\" data-widget_type=\"heading.default\">\n\t\t\t\t<div class=\"elementor-widget-container\">\n\t\t\t\t\t<h3 class=\"elementor-heading-title elementor-size-default\">Logo<\/h3>\t\t\t\t<\/div>\n\t\t\t\t<\/div>\n\t\t\t\t<div class=\"elementor-element elementor-element-51edb2a elementor-widget elementor-widget-image\" data-id=\"51edb2a\" data-element_type=\"widget\" data-e-type=\"widget\" data-widget_type=\"image.default\">\n\t\t\t\t<div class=\"elementor-widget-container\">\n\t\t\t\t\t\t\t\t\t\t\t\t\t\t\t<img decoding=\"async\" width=\"827\" height=\"418\" src=\"https:\/\/www.hostfully.com\/wp-content\/uploads\/2026\/01\/logo-e1695963195514.jpg\" class=\"attachment-full size-full wp-image-53342\" alt=\"\" srcset=\"https:\/\/www.hostfully.com\/wp-content\/uploads\/2026\/01\/logo-e1695963195514.jpg 827w, https:\/\/www.hostfully.com\/wp-content\/uploads\/2026\/01\/logo-e1695963195514-300x152.jpg 300w, https:\/\/www.hostfully.com\/wp-content\/uploads\/2026\/01\/logo-e1695963195514-768x388.jpg 768w\" sizes=\"(max-width: 827px) 100vw, 827px\" \/>\t\t\t\t\t\t\t\t\t\t\t\t\t\t\t<\/div>\n\t\t\t\t<\/div>\n\t\t\t\t<div class=\"elementor-element elementor-element-0d91180 elementor-widget elementor-widget-image\" data-id=\"0d91180\" data-element_type=\"widget\" data-e-type=\"widget\" data-widget_type=\"image.default\">\n\t\t\t\t<div class=\"elementor-widget-container\">\n\t\t\t\t\t\t\t\t\t\t\t\t\t\t\t<img decoding=\"async\" width=\"861\" height=\"493\" src=\"https:\/\/www.hostfully.com\/wp-content\/uploads\/2026\/01\/construccion-e1695963586386.jpg\" class=\"attachment-full size-full wp-image-53343\" alt=\"\" srcset=\"https:\/\/www.hostfully.com\/wp-content\/uploads\/2026\/01\/construccion-e1695963586386.jpg 861w, https:\/\/www.hostfully.com\/wp-content\/uploads\/2026\/01\/construccion-e1695963586386-300x172.jpg 300w, https:\/\/www.hostfully.com\/wp-content\/uploads\/2026\/01\/construccion-e1695963586386-768x440.jpg 768w\" sizes=\"(max-width: 861px) 100vw, 861px\" \/>\t\t\t\t\t\t\t\t\t\t\t\t\t\t\t<\/div>\n\t\t\t\t<\/div>\n\t\t\t\t<div class=\"elementor-element elementor-element-52cfe94 elementor-widget elementor-widget-image\" data-id=\"52cfe94\" data-element_type=\"widget\" data-e-type=\"widget\" data-widget_type=\"image.default\">\n\t\t\t\t<div class=\"elementor-widget-container\">\n\t\t\t\t\t\t\t\t\t\t\t\t\t\t\t<img loading=\"lazy\" decoding=\"async\" width=\"1024\" height=\"576\" src=\"https:\/\/www.hostfully.com\/wp-content\/uploads\/2026\/01\/aplicacion.jpg\" class=\"attachment-full size-full wp-image-53344\" alt=\"\" srcset=\"https:\/\/www.hostfully.com\/wp-content\/uploads\/2026\/01\/aplicacion.jpg 1024w, https:\/\/www.hostfully.com\/wp-content\/uploads\/2026\/01\/aplicacion-300x169.jpg 300w, https:\/\/www.hostfully.com\/wp-content\/uploads\/2026\/01\/aplicacion-768x432.jpg 768w\" sizes=\"(max-width: 1024px) 100vw, 1024px\" \/>\t\t\t\t\t\t\t\t\t\t\t\t\t\t\t<\/div>\n\t\t\t\t<\/div>\n\t\t\t\t<div class=\"elementor-element elementor-element-e0c7ef7 elementor-widget elementor-widget-image\" data-id=\"e0c7ef7\" data-element_type=\"widget\" data-e-type=\"widget\" data-widget_type=\"image.default\">\n\t\t\t\t<div class=\"elementor-widget-container\">\n\t\t\t\t\t\t\t\t\t\t\t\t\t\t\t<img loading=\"lazy\" decoding=\"async\" width=\"1024\" height=\"576\" src=\"https:\/\/www.hostfully.com\/wp-content\/uploads\/2026\/01\/usos.jpg\" class=\"attachment-full size-full wp-image-53345\" alt=\"\" srcset=\"https:\/\/www.hostfully.com\/wp-content\/uploads\/2026\/01\/usos.jpg 1024w, https:\/\/www.hostfully.com\/wp-content\/uploads\/2026\/01\/usos-300x169.jpg 300w, https:\/\/www.hostfully.com\/wp-content\/uploads\/2026\/01\/usos-768x432.jpg 768w\" sizes=\"(max-width: 1024px) 100vw, 1024px\" \/>\t\t\t\t\t\t\t\t\t\t\t\t\t\t\t<\/div>\n\t\t\t\t<\/div>\n\t\t<div class=\"elementor-element elementor-element-81b0281 e-flex e-con-boxed e-con e-child\" data-id=\"81b0281\" data-element_type=\"container\" data-e-type=\"container\">\n\t\t\t\t\t<div class=\"e-con-inner\">\n\t\t\t\t<div class=\"elementor-element elementor-element-de469d8 elementor-widget elementor-widget-text-editor\" data-id=\"de469d8\" data-element_type=\"widget\" data-e-type=\"widget\" data-widget_type=\"text-editor.default\">\n\t\t\t\t<div class=\"elementor-widget-container\">\n\t\t\t\t\t\t\t\t\t<h5>Couleur par d\u00e9faut<\/h5>\t\t\t\t\t\t\t\t<\/div>\n\t\t\t\t<\/div>\n\t\t<div class=\"elementor-element elementor-element-3fe7b4c e-flex e-con-boxed e-con e-child\" data-id=\"3fe7b4c\" data-element_type=\"container\" data-e-type=\"container\">\n\t\t\t\t\t<div class=\"e-con-inner\">\n\t\t<div class=\"elementor-element elementor-element-dc5a510 e-con-full e-flex e-con e-child\" data-id=\"dc5a510\" data-element_type=\"container\" data-e-type=\"container\" data-settings=\"{&quot;background_background&quot;:&quot;classic&quot;}\">\n\t\t\t\t<div class=\"elementor-element elementor-element-7da5cdb elementor-widget elementor-widget-image\" data-id=\"7da5cdb\" data-element_type=\"widget\" data-e-type=\"widget\" data-widget_type=\"image.default\">\n\t\t\t\t<div class=\"elementor-widget-container\">\n\t\t\t\t\t\t\t\t\t\t\t\t\t\t\t<img loading=\"lazy\" decoding=\"async\" width=\"2560\" height=\"735\" src=\"https:\/\/www.hostfully.com\/wp-content\/uploads\/2026\/01\/Hostfully-Primary-Logo-scaled.png\" class=\"attachment-full size-full wp-image-53346\" alt=\"\" srcset=\"https:\/\/www.hostfully.com\/wp-content\/uploads\/2026\/01\/Hostfully-Primary-Logo-scaled.png 2560w, https:\/\/www.hostfully.com\/wp-content\/uploads\/2026\/01\/Hostfully-Primary-Logo-300x86.png 300w, https:\/\/www.hostfully.com\/wp-content\/uploads\/2026\/01\/Hostfully-Primary-Logo-1024x294.png 1024w, https:\/\/www.hostfully.com\/wp-content\/uploads\/2026\/01\/Hostfully-Primary-Logo-768x221.png 768w, https:\/\/www.hostfully.com\/wp-content\/uploads\/2026\/01\/Hostfully-Primary-Logo-1536x441.png 1536w, https:\/\/www.hostfully.com\/wp-content\/uploads\/2026\/01\/Hostfully-Primary-Logo-2048x588.png 2048w\" sizes=\"(max-width: 2560px) 100vw, 2560px\" \/>\t\t\t\t\t\t\t\t\t\t\t\t\t\t\t<\/div>\n\t\t\t\t<\/div>\n\t\t\t\t<\/div>\n\t\t<div class=\"elementor-element elementor-element-26b7fcd e-flex e-con-boxed e-con e-child\" data-id=\"26b7fcd\" data-element_type=\"container\" data-e-type=\"container\" data-settings=\"{&quot;background_background&quot;:&quot;classic&quot;}\">\n\t\t\t\t\t<div class=\"e-con-inner\">\n\t\t\t\t<div class=\"elementor-element elementor-element-07b87ea elementor-widget elementor-widget-image\" data-id=\"07b87ea\" data-element_type=\"widget\" data-e-type=\"widget\" data-widget_type=\"image.default\">\n\t\t\t\t<div class=\"elementor-widget-container\">\n\t\t\t\t\t\t\t\t\t\t\t\t\t\t\t<img loading=\"lazy\" decoding=\"async\" width=\"57\" height=\"80\" src=\"https:\/\/www.hostfully.com\/wp-content\/uploads\/2026\/01\/Hostfully-Blue-Green-Icon.svg\" class=\"attachment-full size-full wp-image-53347\" alt=\"\" \/>\t\t\t\t\t\t\t\t\t\t\t\t\t\t\t<\/div>\n\t\t\t\t<\/div>\n\t\t\t\t\t<\/div>\n\t\t\t\t<\/div>\n\t\t\t\t\t<\/div>\n\t\t\t\t<\/div>\n\t\t\t\t\t<\/div>\n\t\t\t\t<\/div>\n\t\t<div class=\"elementor-element elementor-element-821864c e-flex e-con-boxed e-con e-child\" data-id=\"821864c\" data-element_type=\"container\" data-e-type=\"container\">\n\t\t\t\t\t<div class=\"e-con-inner\">\n\t\t\t\t<div class=\"elementor-element elementor-element-3695be8 elementor-widget elementor-widget-text-editor\" data-id=\"3695be8\" data-element_type=\"widget\" data-e-type=\"widget\" data-widget_type=\"text-editor.default\">\n\t\t\t\t<div class=\"elementor-widget-container\">\n\t\t\t\t\t\t\t\t\t<h5>Couleurs secondaires<\/h5>\t\t\t\t\t\t\t\t<\/div>\n\t\t\t\t<\/div>\n\t\t<div class=\"elementor-element elementor-element-41bbdd1 e-flex e-con-boxed e-con e-child\" data-id=\"41bbdd1\" data-element_type=\"container\" data-e-type=\"container\">\n\t\t\t\t\t<div class=\"e-con-inner\">\n\t\t<div class=\"elementor-element elementor-element-ad4ce3c e-con-full e-flex e-con e-child\" data-id=\"ad4ce3c\" data-element_type=\"container\" data-e-type=\"container\" data-settings=\"{&quot;background_background&quot;:&quot;classic&quot;}\">\n\t\t\t\t<div class=\"elementor-element elementor-element-1c6e6f6 elementor-widget elementor-widget-image\" data-id=\"1c6e6f6\" data-element_type=\"widget\" data-e-type=\"widget\" data-widget_type=\"image.default\">\n\t\t\t\t<div class=\"elementor-widget-container\">\n\t\t\t\t\t\t\t\t\t\t\t\t\t\t\t<img loading=\"lazy\" decoding=\"async\" width=\"340\" height=\"98\" src=\"https:\/\/www.hostfully.com\/wp-content\/uploads\/2026\/01\/Hostfully-Secondary-Logo.svg\" class=\"attachment-full size-full wp-image-53348\" alt=\"\" \/>\t\t\t\t\t\t\t\t\t\t\t\t\t\t\t<\/div>\n\t\t\t\t<\/div>\n\t\t\t\t<\/div>\n\t\t<div class=\"elementor-element elementor-element-d874668 e-flex e-con-boxed e-con e-child\" data-id=\"d874668\" data-element_type=\"container\" data-e-type=\"container\" data-settings=\"{&quot;background_background&quot;:&quot;classic&quot;}\">\n\t\t\t\t\t<div class=\"e-con-inner\">\n\t\t\t\t<div class=\"elementor-element elementor-element-c06d71f elementor-widget elementor-widget-image\" data-id=\"c06d71f\" data-element_type=\"widget\" data-e-type=\"widget\" data-widget_type=\"image.default\">\n\t\t\t\t<div class=\"elementor-widget-container\">\n\t\t\t\t\t\t\t\t\t\t\t\t\t\t\t<img loading=\"lazy\" decoding=\"async\" width=\"57\" height=\"80\" src=\"https:\/\/www.hostfully.com\/wp-content\/uploads\/2026\/01\/Hostfully-Secondary-Icon-1.svg\" class=\"attachment-full size-full wp-image-53349\" alt=\"\" \/>\t\t\t\t\t\t\t\t\t\t\t\t\t\t\t<\/div>\n\t\t\t\t<\/div>\n\t\t\t\t\t<\/div>\n\t\t\t\t<\/div>\n\t\t\t\t\t<\/div>\n\t\t\t\t<\/div>\n\t\t\t\t\t<\/div>\n\t\t\t\t<\/div>\n\t\t<div class=\"elementor-element elementor-element-46ca874 e-con-full e-flex e-con e-child\" data-id=\"46ca874\" data-element_type=\"container\" data-e-type=\"container\">\n\t\t<div class=\"elementor-element elementor-element-410a235 e-flex e-con-boxed e-con e-child\" data-id=\"410a235\" data-element_type=\"container\" data-e-type=\"container\">\n\t\t\t\t\t<div class=\"e-con-inner\">\n\t\t<div class=\"elementor-element elementor-element-7ec251f e-con-full e-flex e-con e-child\" data-id=\"7ec251f\" data-element_type=\"container\" data-e-type=\"container\" data-settings=\"{&quot;background_background&quot;:&quot;classic&quot;}\">\n\t\t\t\t<div class=\"elementor-element elementor-element-4fcc682 elementor-widget elementor-widget-image\" data-id=\"4fcc682\" data-element_type=\"widget\" data-e-type=\"widget\" data-widget_type=\"image.default\">\n\t\t\t\t<div class=\"elementor-widget-container\">\n\t\t\t\t\t\t\t\t\t\t\t\t\t\t\t<img loading=\"lazy\" decoding=\"async\" width=\"340\" height=\"98\" src=\"https:\/\/www.hostfully.com\/wp-content\/uploads\/2026\/01\/Hostfully-White-Logo.svg\" class=\"attachment-full size-full wp-image-53350\" alt=\"\" \/>\t\t\t\t\t\t\t\t\t\t\t\t\t\t\t<\/div>\n\t\t\t\t<\/div>\n\t\t\t\t<\/div>\n\t\t<div class=\"elementor-element elementor-element-7ad073d e-flex e-con-boxed e-con e-child\" data-id=\"7ad073d\" data-element_type=\"container\" data-e-type=\"container\" data-settings=\"{&quot;background_background&quot;:&quot;classic&quot;}\">\n\t\t\t\t\t<div class=\"e-con-inner\">\n\t\t\t\t<div class=\"elementor-element elementor-element-866ec9b elementor-widget elementor-widget-image\" data-id=\"866ec9b\" data-element_type=\"widget\" data-e-type=\"widget\" data-widget_type=\"image.default\">\n\t\t\t\t<div class=\"elementor-widget-container\">\n\t\t\t\t\t\t\t\t\t\t\t\t\t\t\t<img loading=\"lazy\" decoding=\"async\" width=\"57\" height=\"80\" src=\"https:\/\/www.hostfully.com\/wp-content\/uploads\/2026\/01\/Hostfully-White-Icon.svg\" class=\"attachment-full size-full wp-image-53351\" alt=\"\" \/>\t\t\t\t\t\t\t\t\t\t\t\t\t\t\t<\/div>\n\t\t\t\t<\/div>\n\t\t\t\t\t<\/div>\n\t\t\t\t<\/div>\n\t\t\t\t\t<\/div>\n\t\t\t\t<\/div>\n\t\t\t\t<\/div>\n\t\t\t\t\t<\/div>\n\t\t\t\t<\/div>\n\t\t\t\t\t<\/div>\n\t\t\t\t<\/div>\n\t\t\t\t<\/div>\n\t\t","protected":false},"excerpt":{"rendered":"<p>Trouvez les logos officiels, les images et les \u00e9l\u00e9ments de marque Hostfully, ainsi que les directives d&rsquo;utilisation.<\/p>\n","protected":false},"author":2,"featured_media":0,"parent":0,"menu_order":0,"comment_status":"closed","ping_status":"closed","template":"","meta":{"footnotes":""},"class_list":["post-53341","page","type-page","status-publish","hentry"],"yoast_head":"<!-- This site is optimized with the Yoast SEO Premium plugin v27.3 (Yoast SEO v27.3) - https:\/\/yoast.com\/product\/yoast-seo-premium-wordpress\/ -->\n<title>Dossier de presse | Hostfully<\/title>\n<meta name=\"description\" content=\"Trouvez les logos officiels, les images et les \u00e9l\u00e9ments de marque Hostfully, ainsi que les directives d&#039;utilisation.\" \/>\n<meta name=\"robots\" content=\"index, follow, max-snippet:-1, max-image-preview:large, max-video-preview:-1\" \/>\n<link rel=\"canonical\" href=\"https:\/\/www.hostfully.com\/fr\/dossier-de-presse\/\" \/>\n<meta property=\"og:locale\" content=\"fr_FR\" \/>\n<meta property=\"og:type\" content=\"article\" \/>\n<meta property=\"og:title\" content=\"Dossier de presse\" \/>\n<meta property=\"og:description\" content=\"Trouvez les logos officiels, les images et les \u00e9l\u00e9ments de marque Hostfully, ainsi que les directives d&#039;utilisation.\" \/>\n<meta property=\"og:url\" content=\"https:\/\/www.hostfully.com\/fr\/dossier-de-presse\/\" \/>\n<meta property=\"og:site_name\" content=\"Hostfully\" \/>\n<meta property=\"article:publisher\" content=\"https:\/\/www.facebook.com\/hostfully\" \/>\n<meta property=\"article:modified_time\" content=\"2026-03-10T20:41:46+00:00\" \/>\n<meta property=\"og:image\" content=\"https:\/\/www.hostfully.com\/wp-content\/uploads\/2026\/02\/Media-KIt.webp\" \/>\n\t<meta property=\"og:image:width\" content=\"1280\" \/>\n\t<meta property=\"og:image:height\" content=\"1040\" \/>\n\t<meta property=\"og:image:type\" content=\"image\/webp\" \/>\n<meta name=\"twitter:card\" content=\"summary_large_image\" \/>\n<meta name=\"twitter:site\" content=\"@hostfully\" \/>\n<script type=\"application\/ld+json\" class=\"yoast-schema-graph\">{\"@context\":\"https:\\\/\\\/schema.org\",\"@graph\":[{\"@type\":\"WebPage\",\"@id\":\"https:\\\/\\\/www.hostfully.com\\\/fr\\\/dossier-de-presse\\\/\",\"url\":\"https:\\\/\\\/www.hostfully.com\\\/fr\\\/dossier-de-presse\\\/\",\"name\":\"Dossier de presse | Hostfully\",\"isPartOf\":{\"@id\":\"https:\\\/\\\/www.hostfully.com\\\/fr\\\/#website\"},\"primaryImageOfPage\":{\"@id\":\"https:\\\/\\\/www.hostfully.com\\\/fr\\\/dossier-de-presse\\\/#primaryimage\"},\"image\":{\"@id\":\"https:\\\/\\\/www.hostfully.com\\\/fr\\\/dossier-de-presse\\\/#primaryimage\"},\"thumbnailUrl\":\"https:\\\/\\\/www.hostfully.com\\\/wp-content\\\/uploads\\\/2026\\\/02\\\/Media-KIt.webp\",\"datePublished\":\"2026-01-26T17:52:35+00:00\",\"dateModified\":\"2026-03-10T20:41:46+00:00\",\"description\":\"Trouvez les logos officiels, les images et les \u00e9l\u00e9ments de marque Hostfully, ainsi que les directives d'utilisation.\",\"breadcrumb\":{\"@id\":\"https:\\\/\\\/www.hostfully.com\\\/fr\\\/dossier-de-presse\\\/#breadcrumb\"},\"inLanguage\":\"fr-FR\",\"potentialAction\":[{\"@type\":\"ReadAction\",\"target\":[\"https:\\\/\\\/www.hostfully.com\\\/fr\\\/dossier-de-presse\\\/\"]}]},{\"@type\":\"ImageObject\",\"inLanguage\":\"fr-FR\",\"@id\":\"https:\\\/\\\/www.hostfully.com\\\/fr\\\/dossier-de-presse\\\/#primaryimage\",\"url\":\"https:\\\/\\\/www.hostfully.com\\\/wp-content\\\/uploads\\\/2026\\\/02\\\/Media-KIt.webp\",\"contentUrl\":\"https:\\\/\\\/www.hostfully.com\\\/wp-content\\\/uploads\\\/2026\\\/02\\\/Media-KIt.webp\"},{\"@type\":\"BreadcrumbList\",\"@id\":\"https:\\\/\\\/www.hostfully.com\\\/fr\\\/dossier-de-presse\\\/#breadcrumb\",\"itemListElement\":[{\"@type\":\"ListItem\",\"position\":1,\"name\":\"Home\",\"item\":\"https:\\\/\\\/www.hostfully.com\\\/fr\\\/\"},{\"@type\":\"ListItem\",\"position\":2,\"name\":\"Dossier de presse\"}]},{\"@type\":\"WebSite\",\"@id\":\"https:\\\/\\\/www.hostfully.com\\\/fr\\\/#website\",\"url\":\"https:\\\/\\\/www.hostfully.com\\\/fr\\\/\",\"name\":\"Hostfully\",\"description\":\"Award Winning Vacation Rental Software\",\"publisher\":{\"@id\":\"https:\\\/\\\/www.hostfully.com\\\/fr\\\/#organization\"},\"potentialAction\":[{\"@type\":\"SearchAction\",\"target\":{\"@type\":\"EntryPoint\",\"urlTemplate\":\"https:\\\/\\\/www.hostfully.com\\\/fr\\\/?s={search_term_string}\"},\"query-input\":{\"@type\":\"PropertyValueSpecification\",\"valueRequired\":true,\"valueName\":\"search_term_string\"}}],\"inLanguage\":\"fr-FR\"},{\"@type\":\"Organization\",\"@id\":\"https:\\\/\\\/www.hostfully.com\\\/fr\\\/#organization\",\"name\":\"Hostfully\",\"url\":\"https:\\\/\\\/www.hostfully.com\\\/fr\\\/\",\"logo\":{\"@type\":\"ImageObject\",\"inLanguage\":\"fr-FR\",\"@id\":\"https:\\\/\\\/www.hostfully.com\\\/fr\\\/#\\\/schema\\\/logo\\\/image\\\/\",\"url\":\"https:\\\/\\\/www.hostfully.com\\\/wp-content\\\/uploads\\\/2025\\\/08\\\/Hostfully_bluecircle_isotype_R-.png\",\"contentUrl\":\"https:\\\/\\\/www.hostfully.com\\\/wp-content\\\/uploads\\\/2025\\\/08\\\/Hostfully_bluecircle_isotype_R-.png\",\"width\":321,\"height\":321,\"caption\":\"Hostfully\"},\"image\":{\"@id\":\"https:\\\/\\\/www.hostfully.com\\\/fr\\\/#\\\/schema\\\/logo\\\/image\\\/\"},\"sameAs\":[\"https:\\\/\\\/www.facebook.com\\\/hostfully\",\"https:\\\/\\\/x.com\\\/hostfully\",\"https:\\\/\\\/www.instagram.com\\\/hostfully_\\\/\",\"https:\\\/\\\/www.youtube.com\\\/c\\\/Hostfully\",\"https:\\\/\\\/www.linkedin.com\\\/company\\\/hostfully-inc-\\\/\"]}]}<\/script>\n<!-- \/ Yoast SEO Premium plugin. -->","yoast_head_json":{"title":"Dossier de presse | Hostfully","description":"Trouvez les logos officiels, les images et les \u00e9l\u00e9ments de marque Hostfully, ainsi que les directives d'utilisation.","robots":{"index":"index","follow":"follow","max-snippet":"max-snippet:-1","max-image-preview":"max-image-preview:large","max-video-preview":"max-video-preview:-1"},"canonical":"https:\/\/www.hostfully.com\/fr\/dossier-de-presse\/","og_locale":"fr_FR","og_type":"article","og_title":"Dossier de presse","og_description":"Trouvez les logos officiels, les images et les \u00e9l\u00e9ments de marque Hostfully, ainsi que les directives d'utilisation.","og_url":"https:\/\/www.hostfully.com\/fr\/dossier-de-presse\/","og_site_name":"Hostfully","article_publisher":"https:\/\/www.facebook.com\/hostfully","article_modified_time":"2026-03-10T20:41:46+00:00","og_image":[{"width":1280,"height":1040,"url":"https:\/\/www.hostfully.com\/wp-content\/uploads\/2026\/02\/Media-KIt.webp","type":"image\/webp"}],"twitter_card":"summary_large_image","twitter_site":"@hostfully","schema":{"@context":"https:\/\/schema.org","@graph":[{"@type":"WebPage","@id":"https:\/\/www.hostfully.com\/fr\/dossier-de-presse\/","url":"https:\/\/www.hostfully.com\/fr\/dossier-de-presse\/","name":"Dossier de presse | Hostfully","isPartOf":{"@id":"https:\/\/www.hostfully.com\/fr\/#website"},"primaryImageOfPage":{"@id":"https:\/\/www.hostfully.com\/fr\/dossier-de-presse\/#primaryimage"},"image":{"@id":"https:\/\/www.hostfully.com\/fr\/dossier-de-presse\/#primaryimage"},"thumbnailUrl":"https:\/\/www.hostfully.com\/wp-content\/uploads\/2026\/02\/Media-KIt.webp","datePublished":"2026-01-26T17:52:35+00:00","dateModified":"2026-03-10T20:41:46+00:00","description":"Trouvez les logos officiels, les images et les \u00e9l\u00e9ments de marque Hostfully, ainsi que les directives d'utilisation.","breadcrumb":{"@id":"https:\/\/www.hostfully.com\/fr\/dossier-de-presse\/#breadcrumb"},"inLanguage":"fr-FR","potentialAction":[{"@type":"ReadAction","target":["https:\/\/www.hostfully.com\/fr\/dossier-de-presse\/"]}]},{"@type":"ImageObject","inLanguage":"fr-FR","@id":"https:\/\/www.hostfully.com\/fr\/dossier-de-presse\/#primaryimage","url":"https:\/\/www.hostfully.com\/wp-content\/uploads\/2026\/02\/Media-KIt.webp","contentUrl":"https:\/\/www.hostfully.com\/wp-content\/uploads\/2026\/02\/Media-KIt.webp"},{"@type":"BreadcrumbList","@id":"https:\/\/www.hostfully.com\/fr\/dossier-de-presse\/#breadcrumb","itemListElement":[{"@type":"ListItem","position":1,"name":"Home","item":"https:\/\/www.hostfully.com\/fr\/"},{"@type":"ListItem","position":2,"name":"Dossier de presse"}]},{"@type":"WebSite","@id":"https:\/\/www.hostfully.com\/fr\/#website","url":"https:\/\/www.hostfully.com\/fr\/","name":"Hostfully","description":"Award Winning Vacation Rental Software","publisher":{"@id":"https:\/\/www.hostfully.com\/fr\/#organization"},"potentialAction":[{"@type":"SearchAction","target":{"@type":"EntryPoint","urlTemplate":"https:\/\/www.hostfully.com\/fr\/?s={search_term_string}"},"query-input":{"@type":"PropertyValueSpecification","valueRequired":true,"valueName":"search_term_string"}}],"inLanguage":"fr-FR"},{"@type":"Organization","@id":"https:\/\/www.hostfully.com\/fr\/#organization","name":"Hostfully","url":"https:\/\/www.hostfully.com\/fr\/","logo":{"@type":"ImageObject","inLanguage":"fr-FR","@id":"https:\/\/www.hostfully.com\/fr\/#\/schema\/logo\/image\/","url":"https:\/\/www.hostfully.com\/wp-content\/uploads\/2025\/08\/Hostfully_bluecircle_isotype_R-.png","contentUrl":"https:\/\/www.hostfully.com\/wp-content\/uploads\/2025\/08\/Hostfully_bluecircle_isotype_R-.png","width":321,"height":321,"caption":"Hostfully"},"image":{"@id":"https:\/\/www.hostfully.com\/fr\/#\/schema\/logo\/image\/"},"sameAs":["https:\/\/www.facebook.com\/hostfully","https:\/\/x.com\/hostfully","https:\/\/www.instagram.com\/hostfully_\/","https:\/\/www.youtube.com\/c\/Hostfully","https:\/\/www.linkedin.com\/company\/hostfully-inc-\/"]}]}},"_links":{"self":[{"href":"https:\/\/www.hostfully.com\/fr\/wp-json\/wp\/v2\/pages\/53341","targetHints":{"allow":["GET"]}}],"collection":[{"href":"https:\/\/www.hostfully.com\/fr\/wp-json\/wp\/v2\/pages"}],"about":[{"href":"https:\/\/www.hostfully.com\/fr\/wp-json\/wp\/v2\/types\/page"}],"author":[{"embeddable":true,"href":"https:\/\/www.hostfully.com\/fr\/wp-json\/wp\/v2\/users\/2"}],"replies":[{"embeddable":true,"href":"https:\/\/www.hostfully.com\/fr\/wp-json\/wp\/v2\/comments?post=53341"}],"version-history":[{"count":3,"href":"https:\/\/www.hostfully.com\/fr\/wp-json\/wp\/v2\/pages\/53341\/revisions"}],"predecessor-version":[{"id":77835,"href":"https:\/\/www.hostfully.com\/fr\/wp-json\/wp\/v2\/pages\/53341\/revisions\/77835"}],"wp:attachment":[{"href":"https:\/\/www.hostfully.com\/fr\/wp-json\/wp\/v2\/media?parent=53341"}],"curies":[{"name":"wp","href":"https:\/\/api.w.org\/{rel}","templated":true}]}}