{"id":25902,"date":"2025-11-06T17:23:28","date_gmt":"2025-11-06T17:23:28","guid":{"rendered":"https:\/\/mktdev.hostfully.com\/normative-sugli-affitti-a-breve-termine-stato-per-stato\/"},"modified":"2026-03-06T23:55:54","modified_gmt":"2026-03-06T23:55:54","slug":"normative-sugli-affitti-a-breve-termine-stato-per-stato","status":"publish","type":"page","link":"https:\/\/www.hostfully.com\/it\/normative-sugli-affitti-a-breve-termine-stato-per-stato\/","title":{"rendered":"Normative sugli affitti a breve termine stato per stato"},"content":{"rendered":"\t\t<div data-elementor-type=\"wp-page\" data-elementor-id=\"25902\" class=\"elementor elementor-25902 elementor-4879\" data-elementor-post-type=\"page\">\n\t\t\t\t<div class=\"elementor-element elementor-element-d9c7eb4 hf-hero-lg e-flex e-con-boxed e-con e-parent\" data-id=\"d9c7eb4\" data-element_type=\"container\" data-e-type=\"container\">\n\t\t\t\t\t<div class=\"e-con-inner\">\n\t\t<div class=\"elementor-element elementor-element-1e91fd2 e-con-full hf-section-tit e-flex e-con e-child\" data-id=\"1e91fd2\" data-element_type=\"container\" data-e-type=\"container\">\n\t\t\t\t<div class=\"elementor-element elementor-element-cb55a1c elementor-widget elementor-widget-heading\" data-id=\"cb55a1c\" data-element_type=\"widget\" data-e-type=\"widget\" data-widget_type=\"heading.default\">\n\t\t\t\t<div class=\"elementor-widget-container\">\n\t\t\t\t\t<h1 class=\"elementor-heading-title elementor-size-default\">Guida alle normative sugli affitti a breve termine<\/h1>\t\t\t\t<\/div>\n\t\t\t\t<\/div>\n\t\t\t\t<div class=\"elementor-element elementor-element-87f7e69 elementor-widget elementor-widget-heading\" data-id=\"87f7e69\" data-element_type=\"widget\" data-e-type=\"widget\" data-widget_type=\"heading.default\">\n\t\t\t\t<div class=\"elementor-widget-container\">\n\t\t\t\t\t<h4 class=\"elementor-heading-title elementor-size-default\">Seleziona la localit\u00e0 di cui vuoi saperne di pi\u00f9 sulla normativa sugli affitti<\/h4>\t\t\t\t<\/div>\n\t\t\t\t<\/div>\n\t\t\t\t<\/div>\n\t\t\t\t\t<\/div>\n\t\t\t\t<\/div>\n\t\t<div class=\"elementor-element elementor-element-996f9f0 e-flex e-con-boxed e-con e-parent\" data-id=\"996f9f0\" data-element_type=\"container\" data-e-type=\"container\">\n\t\t\t\t\t<div class=\"e-con-inner\">\n\t\t\t\t<div class=\"elementor-element elementor-element-f2211e3 elementor-nav-menu__text-align-center elementor-widget elementor-widget-nav-menu\" data-id=\"f2211e3\" data-element_type=\"widget\" data-e-type=\"widget\" data-settings=\"{&quot;layout&quot;:&quot;dropdown&quot;,&quot;submenu_icon&quot;:{&quot;value&quot;:&quot;&lt;svg aria-hidden=\\&quot;true\\&quot; class=\\&quot;fa-svg-chevron-down e-font-icon-svg e-fas-chevron-down\\&quot; viewBox=\\&quot;0 0 448 512\\&quot; xmlns=\\&quot;http:\\\/\\\/www.w3.org\\\/2000\\\/svg\\&quot;&gt;&lt;path d=\\&quot;M207.029 381.476L12.686 187.132c-9.373-9.373-9.373-24.569 0-33.941l22.667-22.667c9.357-9.357 24.522-9.375 33.901-.04L224 284.505l154.745-154.021c9.379-9.335 24.544-9.317 33.901.04l22.667 22.667c9.373 9.373 9.373 24.569 0 33.941L240.971 381.476c-9.373 9.372-24.569 9.372-33.942 0z\\&quot;&gt;&lt;\\\/path&gt;&lt;\\\/svg&gt;&quot;,&quot;library&quot;:&quot;fa-solid&quot;}}\" data-widget_type=\"nav-menu.default\">\n\t\t\t\t<div class=\"elementor-widget-container\">\n\t\t\t\t\t\t\t\t<nav class=\"elementor-nav-menu--dropdown elementor-nav-menu__container\" aria-hidden=\"true\">\n\t\t\t\t<ul id=\"menu-2-f2211e3\" class=\"elementor-nav-menu\"><li class=\"menu-item menu-item-type-custom menu-item-object-custom menu-item-has-children menu-item-4886\"><a href=\"#\" class=\"elementor-item elementor-item-anchor\" tabindex=\"-1\">Select Location<\/a>\n<ul class=\"sub-menu elementor-nav-menu--dropdown\">\n\t<li class=\"menu-item menu-item-type-post_type menu-item-object-regulations menu-item-has-children menu-item-4887\"><a href=\"https:\/\/www.hostfully.com\/regulations\/canada\/\" class=\"elementor-sub-item\" tabindex=\"-1\">Canada<\/a>\n\t<ul class=\"sub-menu elementor-nav-menu--dropdown\">\n\t\t<li class=\"menu-item menu-item-type-post_type menu-item-object-regulations menu-item-4888\"><a href=\"https:\/\/www.hostfully.com\/regulations\/canada\/ontario\/\" class=\"elementor-sub-item\" tabindex=\"-1\">Ontario<\/a><\/li>\n\t\t<li class=\"menu-item menu-item-type-post_type menu-item-object-regulations menu-item-4889\"><a href=\"https:\/\/www.hostfully.com\/regulations\/canada\/quebec\/\" class=\"elementor-sub-item\" tabindex=\"-1\">Quebec<\/a><\/li>\n\t<\/ul>\n<\/li>\n\t<li class=\"menu-item menu-item-type-post_type menu-item-object-regulations menu-item-has-children menu-item-4891\"><a href=\"https:\/\/www.hostfully.com\/regulations\/united-states\/\" class=\"elementor-sub-item\" tabindex=\"-1\">Stati Uniti<\/a>\n\t<ul class=\"sub-menu elementor-nav-menu--dropdown\">\n\t\t<li class=\"menu-item menu-item-type-post_type menu-item-object-regulations menu-item-4892\"><a href=\"https:\/\/www.hostfully.com\/regulations\/united-states\/california\/\" class=\"elementor-sub-item\" tabindex=\"-1\">California<\/a><\/li>\n\t\t<li class=\"menu-item menu-item-type-post_type menu-item-object-regulations menu-item-4893\"><a href=\"https:\/\/www.hostfully.com\/regulations\/united-states\/colorado\/\" class=\"elementor-sub-item\" tabindex=\"-1\">Colorado<\/a><\/li>\n\t\t<li class=\"menu-item menu-item-type-post_type menu-item-object-regulations menu-item-4894\"><a href=\"https:\/\/www.hostfully.com\/regulations\/united-states\/florida\/\" class=\"elementor-sub-item\" tabindex=\"-1\">Florida<\/a><\/li>\n\t\t<li class=\"menu-item menu-item-type-post_type menu-item-object-regulations menu-item-4895\"><a href=\"https:\/\/www.hostfully.com\/regulations\/united-states\/georgia\/\" class=\"elementor-sub-item\" tabindex=\"-1\">Georgia<\/a><\/li>\n\t\t<li class=\"menu-item menu-item-type-post_type menu-item-object-regulations menu-item-4896\"><a href=\"https:\/\/www.hostfully.com\/regulations\/united-states\/kentucky\/\" class=\"elementor-sub-item\" tabindex=\"-1\">Kentucky<\/a><\/li>\n\t\t<li class=\"menu-item menu-item-type-post_type menu-item-object-regulations menu-item-4897\"><a href=\"https:\/\/www.hostfully.com\/regulations\/united-states\/maine\/\" class=\"elementor-sub-item\" tabindex=\"-1\">Maine<\/a><\/li>\n\t\t<li class=\"menu-item menu-item-type-post_type menu-item-object-regulations menu-item-4898\"><a href=\"https:\/\/www.hostfully.com\/regulations\/united-states\/new-york\/\" class=\"elementor-sub-item\" tabindex=\"-1\">New York<\/a><\/li>\n\t\t<li class=\"menu-item menu-item-type-post_type menu-item-object-regulations menu-item-4899\"><a href=\"https:\/\/www.hostfully.com\/regulations\/united-states\/north-carolina\/\" class=\"elementor-sub-item\" tabindex=\"-1\">Carolina del Nord<\/a><\/li>\n\t\t<li class=\"menu-item menu-item-type-post_type menu-item-object-regulations menu-item-4900\"><a href=\"https:\/\/www.hostfully.com\/regulations\/united-states\/oregon\/\" class=\"elementor-sub-item\" tabindex=\"-1\">Oregon<\/a><\/li>\n\t\t<li class=\"menu-item menu-item-type-post_type menu-item-object-regulations menu-item-4901\"><a href=\"https:\/\/www.hostfully.com\/regulations\/united-states\/raleigh\/\" class=\"elementor-sub-item\" tabindex=\"-1\">Raleigh<\/a><\/li>\n\t\t<li class=\"menu-item menu-item-type-post_type menu-item-object-regulations menu-item-4902\"><a href=\"https:\/\/www.hostfully.com\/regulations\/united-states\/tennessee\/\" class=\"elementor-sub-item\" tabindex=\"-1\">Tennessee<\/a><\/li>\n\t\t<li class=\"menu-item menu-item-type-post_type menu-item-object-regulations menu-item-4903\"><a href=\"https:\/\/www.hostfully.com\/regulations\/united-states\/texas\/\" class=\"elementor-sub-item\" tabindex=\"-1\">Texas<\/a><\/li>\n\t\t<li class=\"menu-item menu-item-type-post_type menu-item-object-regulations menu-item-4904\"><a href=\"https:\/\/www.hostfully.com\/regulations\/united-states\/vermont\/\" class=\"elementor-sub-item\" tabindex=\"-1\">Vermont<\/a><\/li>\n\t<\/ul>\n<\/li>\n\t<li class=\"menu-item menu-item-type-post_type menu-item-object-regulations menu-item-4890\"><a href=\"https:\/\/www.hostfully.com\/regulations\/united-kingdom\/\" class=\"elementor-sub-item\" tabindex=\"-1\">Regno Unito<\/a><\/li>\n<\/ul>\n<\/li>\n<\/ul>\t\t\t<\/nav>\n\t\t\t\t\t\t<\/div>\n\t\t\t\t<\/div>\n\t\t\t\t\t<\/div>\n\t\t\t\t<\/div>\n\t\t<div class=\"elementor-element elementor-element-aed958d hf-section-md e-flex e-con-boxed e-con e-parent\" data-id=\"aed958d\" data-element_type=\"container\" data-e-type=\"container\">\n\t\t\t\t\t<div class=\"e-con-inner\">\n\t\t\t\t<div class=\"elementor-element elementor-element-1115b70 elementor-alert-info elementor-widget elementor-widget-alert\" data-id=\"1115b70\" data-element_type=\"widget\" data-e-type=\"widget\" data-widget_type=\"alert.default\">\n\t\t\t\t<div class=\"elementor-widget-container\">\n\t\t\t\t\t\t\t<div class=\"elementor-alert\" role=\"alert\">\n\n\t\t\t\t\t\t<span class=\"elementor-alert-title\">Dichiarazione di non responsabilit\u00e0<\/span>\n\t\t\t\n\t\t\t\t\t\t<span class=\"elementor-alert-description\">Le normative sugli affitti a breve termine sono in continua evoluzione. La risorsa sottostante viene aggiornata quando possibile, ma non deve essere considerata una consulenza legale. \u00c8 fondamentale consultare un avvocato locale per assicurarsi di adottare le misure necessarie per mantenere la tua attivit\u00e0 sicura e legale.  <\/span>\n\t\t\t\n\t\t\t\n\t\t<\/div>\n\t\t\t\t\t\t<\/div>\n\t\t\t\t<\/div>\n\t\t\t\t<div class=\"elementor-element elementor-element-d68ee69 elementor-widget elementor-widget-text-editor\" data-id=\"d68ee69\" data-element_type=\"widget\" data-e-type=\"widget\" data-widget_type=\"text-editor.default\">\n\t\t\t\t<div class=\"elementor-widget-container\">\n\t\t\t\t\t\t\t\t\t<p style=\"margin-top: 30px;\">Le normative sugli affitti a breve termine negli Stati Uniti possono essere difficili da trovare e capire. Questo perch\u00e9 stiamo vivendo un cambiamento radicale nel modo in cui i governi a tutti i livelli comprendono e gestiscono gli affitti per le vacanze e le piattaforme di affitti a breve termine come Airbnb e HomeAway. Per aiutare i proprietari di case vacanze a orientarsi meglio in questo, il team di Hostfully ha creato una guida completa alle varie leggi, proposte e approvate, che influenzeranno la tua attivit\u00e0 di property manager.  <\/p><p>Le regole variano notevolmente da stato a citt\u00e0. Non esiste un approccio valido per tutti e conoscere le leggi locali e statali \u00e8 fondamentale per il successo della tua attivit\u00e0. Utilizza la mappa qui sopra per navigare verso il tuo stato e comprendere meglio la legislazione attuale nella tua regione. In definitiva, questo aiuter\u00e0 i property manager e i proprietari di case vacanze a gestire e ampliare meglio le loro attivit\u00e0.   <\/p>\t\t\t\t\t\t\t\t<\/div>\n\t\t\t\t<\/div>\n\t\t\t\t\t<\/div>\n\t\t\t\t<\/div>\n\t\t\t\t<\/div>\n\t\t","protected":false},"excerpt":{"rendered":"<p>Guida alle normative sugli affitti a breve termine Seleziona la localit\u00e0 di cui vuoi saperne di pi\u00f9 sulla normativa sugli affitti Dichiarazione di non responsabilit\u00e0 Le normative sugli affitti a breve termine sono in continua evoluzione. La risorsa sottostante viene aggiornata quando possibile, ma non deve essere considerata una consulenza legale. \u00c8 fondamentale consultare un [&hellip;]<\/p>\n","protected":false},"author":1,"featured_media":0,"parent":0,"menu_order":0,"comment_status":"closed","ping_status":"closed","template":"","meta":{"footnotes":""},"class_list":["post-25902","page","type-page","status-publish","hentry"],"yoast_head":"<!-- This site is optimized with the Yoast SEO Premium plugin v27.4 (Yoast SEO v27.4) - https:\/\/yoast.com\/product\/yoast-seo-premium-wordpress\/ -->\n<title>Normative sugli affitti a breve termine stato per stato | Hostfully<\/title>\n<meta name=\"robots\" content=\"index, follow, max-snippet:-1, max-image-preview:large, max-video-preview:-1\" \/>\n<link rel=\"canonical\" href=\"https:\/\/www.hostfully.com\/it\/normative-sugli-affitti-a-breve-termine-stato-per-stato\/\" \/>\n<meta property=\"og:locale\" content=\"it_IT\" \/>\n<meta property=\"og:type\" content=\"article\" \/>\n<meta property=\"og:title\" content=\"Normative sugli affitti a breve termine stato per stato\" \/>\n<meta property=\"og:description\" content=\"Guida alle normative sugli affitti a breve termine Seleziona la localit\u00e0 di cui vuoi saperne di pi\u00f9 sulla normativa sugli affitti Dichiarazione di non responsabilit\u00e0 Le normative sugli affitti a breve termine sono in continua evoluzione. La risorsa sottostante viene aggiornata quando possibile, ma non deve essere considerata una consulenza legale. \u00c8 fondamentale consultare un [&hellip;]\" \/>\n<meta property=\"og:url\" content=\"https:\/\/www.hostfully.com\/it\/normative-sugli-affitti-a-breve-termine-stato-per-stato\/\" \/>\n<meta property=\"og:site_name\" content=\"Hostfully\" \/>\n<meta property=\"article:publisher\" content=\"https:\/\/www.facebook.com\/hostfully\" \/>\n<meta property=\"article:modified_time\" content=\"2026-03-06T23:55:54+00:00\" \/>\n<meta name=\"twitter:card\" content=\"summary_large_image\" \/>\n<meta name=\"twitter:site\" content=\"@hostfully\" \/>\n<meta name=\"twitter:label1\" content=\"Tempo di lettura stimato\" \/>\n\t<meta name=\"twitter:data1\" content=\"1 minuto\" \/>\n<script type=\"application\/ld+json\" class=\"yoast-schema-graph\">{\"@context\":\"https:\\\/\\\/schema.org\",\"@graph\":[{\"@type\":\"WebPage\",\"@id\":\"https:\\\/\\\/www.hostfully.com\\\/it\\\/normative-sugli-affitti-a-breve-termine-stato-per-stato\\\/\",\"url\":\"https:\\\/\\\/www.hostfully.com\\\/it\\\/normative-sugli-affitti-a-breve-termine-stato-per-stato\\\/\",\"name\":\"Normative sugli affitti a breve termine stato per stato | Hostfully\",\"isPartOf\":{\"@id\":\"https:\\\/\\\/www.hostfully.com\\\/it\\\/#website\"},\"datePublished\":\"2025-11-06T17:23:28+00:00\",\"dateModified\":\"2026-03-06T23:55:54+00:00\",\"breadcrumb\":{\"@id\":\"https:\\\/\\\/www.hostfully.com\\\/it\\\/normative-sugli-affitti-a-breve-termine-stato-per-stato\\\/#breadcrumb\"},\"inLanguage\":\"it-IT\",\"potentialAction\":[{\"@type\":\"ReadAction\",\"target\":[\"https:\\\/\\\/www.hostfully.com\\\/it\\\/normative-sugli-affitti-a-breve-termine-stato-per-stato\\\/\"]}]},{\"@type\":\"BreadcrumbList\",\"@id\":\"https:\\\/\\\/www.hostfully.com\\\/it\\\/normative-sugli-affitti-a-breve-termine-stato-per-stato\\\/#breadcrumb\",\"itemListElement\":[{\"@type\":\"ListItem\",\"position\":1,\"name\":\"Home\",\"item\":\"https:\\\/\\\/www.hostfully.com\\\/it\\\/\"},{\"@type\":\"ListItem\",\"position\":2,\"name\":\"Normative sugli affitti a breve termine stato per stato\"}]},{\"@type\":\"WebSite\",\"@id\":\"https:\\\/\\\/www.hostfully.com\\\/it\\\/#website\",\"url\":\"https:\\\/\\\/www.hostfully.com\\\/it\\\/\",\"name\":\"Hostfully\",\"description\":\"Award Winning Vacation Rental Software\",\"publisher\":{\"@id\":\"https:\\\/\\\/www.hostfully.com\\\/it\\\/#organization\"},\"potentialAction\":[{\"@type\":\"SearchAction\",\"target\":{\"@type\":\"EntryPoint\",\"urlTemplate\":\"https:\\\/\\\/www.hostfully.com\\\/it\\\/?s={search_term_string}\"},\"query-input\":{\"@type\":\"PropertyValueSpecification\",\"valueRequired\":true,\"valueName\":\"search_term_string\"}}],\"inLanguage\":\"it-IT\"},{\"@type\":\"Organization\",\"@id\":\"https:\\\/\\\/www.hostfully.com\\\/it\\\/#organization\",\"name\":\"Hostfully\",\"url\":\"https:\\\/\\\/www.hostfully.com\\\/it\\\/\",\"logo\":{\"@type\":\"ImageObject\",\"inLanguage\":\"it-IT\",\"@id\":\"https:\\\/\\\/www.hostfully.com\\\/it\\\/#\\\/schema\\\/logo\\\/image\\\/\",\"url\":\"https:\\\/\\\/www.hostfully.com\\\/wp-content\\\/uploads\\\/2025\\\/08\\\/Hostfully_bluecircle_isotype_R-.png\",\"contentUrl\":\"https:\\\/\\\/www.hostfully.com\\\/wp-content\\\/uploads\\\/2025\\\/08\\\/Hostfully_bluecircle_isotype_R-.png\",\"width\":321,\"height\":321,\"caption\":\"Hostfully\"},\"image\":{\"@id\":\"https:\\\/\\\/www.hostfully.com\\\/it\\\/#\\\/schema\\\/logo\\\/image\\\/\"},\"sameAs\":[\"https:\\\/\\\/www.facebook.com\\\/hostfully\",\"https:\\\/\\\/x.com\\\/hostfully\",\"https:\\\/\\\/www.instagram.com\\\/hostfully_\\\/\",\"https:\\\/\\\/www.youtube.com\\\/c\\\/Hostfully\",\"https:\\\/\\\/www.linkedin.com\\\/company\\\/hostfully-inc-\\\/\"]}]}<\/script>\n<!-- \/ Yoast SEO Premium plugin. -->","yoast_head_json":{"title":"Normative sugli affitti a breve termine stato per stato | Hostfully","robots":{"index":"index","follow":"follow","max-snippet":"max-snippet:-1","max-image-preview":"max-image-preview:large","max-video-preview":"max-video-preview:-1"},"canonical":"https:\/\/www.hostfully.com\/it\/normative-sugli-affitti-a-breve-termine-stato-per-stato\/","og_locale":"it_IT","og_type":"article","og_title":"Normative sugli affitti a breve termine stato per stato","og_description":"Guida alle normative sugli affitti a breve termine Seleziona la localit\u00e0 di cui vuoi saperne di pi\u00f9 sulla normativa sugli affitti Dichiarazione di non responsabilit\u00e0 Le normative sugli affitti a breve termine sono in continua evoluzione. La risorsa sottostante viene aggiornata quando possibile, ma non deve essere considerata una consulenza legale. \u00c8 fondamentale consultare un [&hellip;]","og_url":"https:\/\/www.hostfully.com\/it\/normative-sugli-affitti-a-breve-termine-stato-per-stato\/","og_site_name":"Hostfully","article_publisher":"https:\/\/www.facebook.com\/hostfully","article_modified_time":"2026-03-06T23:55:54+00:00","twitter_card":"summary_large_image","twitter_site":"@hostfully","twitter_misc":{"Tempo di lettura stimato":"1 minuto"},"schema":{"@context":"https:\/\/schema.org","@graph":[{"@type":"WebPage","@id":"https:\/\/www.hostfully.com\/it\/normative-sugli-affitti-a-breve-termine-stato-per-stato\/","url":"https:\/\/www.hostfully.com\/it\/normative-sugli-affitti-a-breve-termine-stato-per-stato\/","name":"Normative sugli affitti a breve termine stato per stato | Hostfully","isPartOf":{"@id":"https:\/\/www.hostfully.com\/it\/#website"},"datePublished":"2025-11-06T17:23:28+00:00","dateModified":"2026-03-06T23:55:54+00:00","breadcrumb":{"@id":"https:\/\/www.hostfully.com\/it\/normative-sugli-affitti-a-breve-termine-stato-per-stato\/#breadcrumb"},"inLanguage":"it-IT","potentialAction":[{"@type":"ReadAction","target":["https:\/\/www.hostfully.com\/it\/normative-sugli-affitti-a-breve-termine-stato-per-stato\/"]}]},{"@type":"BreadcrumbList","@id":"https:\/\/www.hostfully.com\/it\/normative-sugli-affitti-a-breve-termine-stato-per-stato\/#breadcrumb","itemListElement":[{"@type":"ListItem","position":1,"name":"Home","item":"https:\/\/www.hostfully.com\/it\/"},{"@type":"ListItem","position":2,"name":"Normative sugli affitti a breve termine stato per stato"}]},{"@type":"WebSite","@id":"https:\/\/www.hostfully.com\/it\/#website","url":"https:\/\/www.hostfully.com\/it\/","name":"Hostfully","description":"Award Winning Vacation Rental Software","publisher":{"@id":"https:\/\/www.hostfully.com\/it\/#organization"},"potentialAction":[{"@type":"SearchAction","target":{"@type":"EntryPoint","urlTemplate":"https:\/\/www.hostfully.com\/it\/?s={search_term_string}"},"query-input":{"@type":"PropertyValueSpecification","valueRequired":true,"valueName":"search_term_string"}}],"inLanguage":"it-IT"},{"@type":"Organization","@id":"https:\/\/www.hostfully.com\/it\/#organization","name":"Hostfully","url":"https:\/\/www.hostfully.com\/it\/","logo":{"@type":"ImageObject","inLanguage":"it-IT","@id":"https:\/\/www.hostfully.com\/it\/#\/schema\/logo\/image\/","url":"https:\/\/www.hostfully.com\/wp-content\/uploads\/2025\/08\/Hostfully_bluecircle_isotype_R-.png","contentUrl":"https:\/\/www.hostfully.com\/wp-content\/uploads\/2025\/08\/Hostfully_bluecircle_isotype_R-.png","width":321,"height":321,"caption":"Hostfully"},"image":{"@id":"https:\/\/www.hostfully.com\/it\/#\/schema\/logo\/image\/"},"sameAs":["https:\/\/www.facebook.com\/hostfully","https:\/\/x.com\/hostfully","https:\/\/www.instagram.com\/hostfully_\/","https:\/\/www.youtube.com\/c\/Hostfully","https:\/\/www.linkedin.com\/company\/hostfully-inc-\/"]}]}},"_links":{"self":[{"href":"https:\/\/www.hostfully.com\/it\/wp-json\/wp\/v2\/pages\/25902","targetHints":{"allow":["GET"]}}],"collection":[{"href":"https:\/\/www.hostfully.com\/it\/wp-json\/wp\/v2\/pages"}],"about":[{"href":"https:\/\/www.hostfully.com\/it\/wp-json\/wp\/v2\/types\/page"}],"author":[{"embeddable":true,"href":"https:\/\/www.hostfully.com\/it\/wp-json\/wp\/v2\/users\/1"}],"replies":[{"embeddable":true,"href":"https:\/\/www.hostfully.com\/it\/wp-json\/wp\/v2\/comments?post=25902"}],"version-history":[{"count":2,"href":"https:\/\/www.hostfully.com\/it\/wp-json\/wp\/v2\/pages\/25902\/revisions"}],"predecessor-version":[{"id":75290,"href":"https:\/\/www.hostfully.com\/it\/wp-json\/wp\/v2\/pages\/25902\/revisions\/75290"}],"wp:attachment":[{"href":"https:\/\/www.hostfully.com\/it\/wp-json\/wp\/v2\/media?parent=25902"}],"curies":[{"name":"wp","href":"https:\/\/api.w.org\/{rel}","templated":true}]}}