{"id":103705,"date":"2025-11-06T17:23:28","date_gmt":"2025-11-06T17:23:28","guid":{"rendered":"https:\/\/www.hostfully.com\/reguleringer-for-korttidsutleie-stat-for-stat\/"},"modified":"2026-04-14T20:30:04","modified_gmt":"2026-04-14T20:30:04","slug":"reguleringer-for-korttidsutleie-stat-for-stat","status":"publish","type":"page","link":"https:\/\/www.hostfully.com\/no\/reguleringer-for-korttidsutleie-stat-for-stat\/","title":{"rendered":"Reguleringer for korttidsutleie stat for stat"},"content":{"rendered":"\t\t<div data-elementor-type=\"wp-page\" data-elementor-id=\"103705\" class=\"elementor elementor-103705 elementor-4879\" data-elementor-post-type=\"page\">\n\t\t\t\t<div class=\"elementor-element elementor-element-d9c7eb4 hf-hero-lg e-flex e-con-boxed e-con e-parent\" data-id=\"d9c7eb4\" data-element_type=\"container\" data-e-type=\"container\">\n\t\t\t\t\t<div class=\"e-con-inner\">\n\t\t<div class=\"elementor-element elementor-element-1e91fd2 e-con-full hf-section-tit e-flex e-con e-child\" data-id=\"1e91fd2\" data-element_type=\"container\" data-e-type=\"container\">\n\t\t\t\t<div class=\"elementor-element elementor-element-cb55a1c elementor-widget elementor-widget-heading\" data-id=\"cb55a1c\" data-element_type=\"widget\" data-e-type=\"widget\" data-widget_type=\"heading.default\">\n\t\t\t\t<div class=\"elementor-widget-container\">\n\t\t\t\t\t<h1 class=\"elementor-heading-title elementor-size-default\">Guide til reguleringer for korttidsutleie<\/h1>\t\t\t\t<\/div>\n\t\t\t\t<\/div>\n\t\t\t\t<div class=\"elementor-element elementor-element-87f7e69 elementor-widget elementor-widget-heading\" data-id=\"87f7e69\" data-element_type=\"widget\" data-e-type=\"widget\" data-widget_type=\"heading.default\">\n\t\t\t\t<div class=\"elementor-widget-container\">\n\t\t\t\t\t<h4 class=\"elementor-heading-title elementor-size-default\">Velg stedet du \u00f8nsker \u00e5 l\u00e6re mer om utleiereguleringene for<\/h4>\t\t\t\t<\/div>\n\t\t\t\t<\/div>\n\t\t\t\t<\/div>\n\t\t\t\t\t<\/div>\n\t\t\t\t<\/div>\n\t\t<div class=\"elementor-element elementor-element-996f9f0 e-flex e-con-boxed e-con e-parent\" data-id=\"996f9f0\" data-element_type=\"container\" data-e-type=\"container\">\n\t\t\t\t\t<div class=\"e-con-inner\">\n\t\t\t\t<div class=\"elementor-element elementor-element-f2211e3 elementor-nav-menu__text-align-center elementor-widget elementor-widget-nav-menu\" data-id=\"f2211e3\" data-element_type=\"widget\" data-e-type=\"widget\" data-settings=\"{&quot;layout&quot;:&quot;dropdown&quot;,&quot;submenu_icon&quot;:{&quot;value&quot;:&quot;&lt;svg aria-hidden=\\&quot;true\\&quot; class=\\&quot;fa-svg-chevron-down e-font-icon-svg e-fas-chevron-down\\&quot; viewBox=\\&quot;0 0 448 512\\&quot; xmlns=\\&quot;http:\\\/\\\/www.w3.org\\\/2000\\\/svg\\&quot;&gt;&lt;path d=\\&quot;M207.029 381.476L12.686 187.132c-9.373-9.373-9.373-24.569 0-33.941l22.667-22.667c9.357-9.357 24.522-9.375 33.901-.04L224 284.505l154.745-154.021c9.379-9.335 24.544-9.317 33.901.04l22.667 22.667c9.373 9.373 9.373 24.569 0 33.941L240.971 381.476c-9.373 9.372-24.569 9.372-33.942 0z\\&quot;&gt;&lt;\\\/path&gt;&lt;\\\/svg&gt;&quot;,&quot;library&quot;:&quot;fa-solid&quot;}}\" data-widget_type=\"nav-menu.default\">\n\t\t\t\t<div class=\"elementor-widget-container\">\n\t\t\t\t\t\t\t\t<nav class=\"elementor-nav-menu--dropdown elementor-nav-menu__container\" aria-hidden=\"true\">\n\t\t\t\t<ul id=\"menu-2-f2211e3\" class=\"elementor-nav-menu\"><li class=\"menu-item menu-item-type-custom menu-item-object-custom menu-item-4886\"><a href=\"#\" class=\"elementor-item elementor-item-anchor\" tabindex=\"-1\">Select Location<\/a><\/li>\n<\/ul>\t\t\t<\/nav>\n\t\t\t\t\t\t<\/div>\n\t\t\t\t<\/div>\n\t\t\t\t\t<\/div>\n\t\t\t\t<\/div>\n\t\t<div class=\"elementor-element elementor-element-aed958d hf-section-md e-flex e-con-boxed e-con e-parent\" data-id=\"aed958d\" data-element_type=\"container\" data-e-type=\"container\">\n\t\t\t\t\t<div class=\"e-con-inner\">\n\t\t\t\t<div class=\"elementor-element elementor-element-1115b70 elementor-alert-info elementor-widget elementor-widget-alert\" data-id=\"1115b70\" data-element_type=\"widget\" data-e-type=\"widget\" data-widget_type=\"alert.default\">\n\t\t\t\t<div class=\"elementor-widget-container\">\n\t\t\t\t\t\t\t<div class=\"elementor-alert\" role=\"alert\">\n\n\t\t\t\t\t\t<span class=\"elementor-alert-title\">Ansvarsfraskrivelse<\/span>\n\t\t\t\n\t\t\t\t\t\t<span class=\"elementor-alert-description\">Reguleringer for korttidsutleie er i stadig endring. Ressursen nedenfor oppdateres n\u00e5r det er mulig, men den skal ikke betraktes som juridisk r\u00e5dgivning. Det er avgj\u00f8rende at du r\u00e5df\u00f8rer deg med din lokale advokat for \u00e5 sikre at du tar de n\u00f8dvendige skrittene for \u00e5 holde virksomheten din trygg og lovlig.  <\/span>\n\t\t\t\n\t\t\t\n\t\t<\/div>\n\t\t\t\t\t\t<\/div>\n\t\t\t\t<\/div>\n\t\t\t\t<div class=\"elementor-element elementor-element-d68ee69 elementor-widget elementor-widget-text-editor\" data-id=\"d68ee69\" data-element_type=\"widget\" data-e-type=\"widget\" data-widget_type=\"text-editor.default\">\n\t\t\t\t<div class=\"elementor-widget-container\">\n\t\t\t\t\t\t\t\t\t<p style=\"margin-top: 30px;\">Reguleringer for korttidsutleie i USA kan v\u00e6re vanskelige \u00e5 finne og forst\u00e5. Det er fordi vi opplever et massivt skifte i hvordan myndigheter p\u00e5 alle niv\u00e5er forst\u00e5r og h\u00e5ndterer ferieutleie og plattformer for korttidsutleie som Airbnb og HomeAway. For \u00e5 hjelpe eiere av ferieboliger med \u00e5 navigere i dette, har Hostfully-teamet utarbeidet en omfattende guide til de ulike lovene \u2013 b\u00e5de foresl\u00e5tte og vedtatte \u2013 som vil p\u00e5virke din virksomhet som eiendomsforvalter.  <\/p><p>Reglene varierer sterkt fra stat til stat og by til by. Det finnes ingen universell tiln\u00e6rming, og det \u00e5 kjenne dine lokale og statlige lover er avgj\u00f8rende for virksomhetens suksess. Bruk kartet ovenfor for \u00e5 navigere til din stat for \u00e5 bedre forst\u00e5 den gjeldende lovgivningen i din region. Til syvende og sist vil dette hjelpe eiendomsforvaltere og utleiere med \u00e5 drive og skalere virksomhetene sine bedre.   <\/p>\t\t\t\t\t\t\t\t<\/div>\n\t\t\t\t<\/div>\n\t\t\t\t\t<\/div>\n\t\t\t\t<\/div>\n\t\t\t\t<\/div>\n\t\t","protected":false},"excerpt":{"rendered":"<p>Guide til reguleringer for korttidsutleie Velg stedet du \u00f8nsker \u00e5 l\u00e6re mer om utleiereguleringene for Ansvarsfraskrivelse Reguleringer for korttidsutleie er i stadig endring. Ressursen nedenfor oppdateres n\u00e5r det er mulig, men den skal ikke betraktes som juridisk r\u00e5dgivning. Det er avgj\u00f8rende at du r\u00e5df\u00f8rer deg med din lokale advokat for \u00e5 sikre at du tar [&hellip;]<\/p>\n","protected":false},"author":1,"featured_media":0,"parent":0,"menu_order":0,"comment_status":"closed","ping_status":"closed","template":"","meta":{"footnotes":""},"class_list":["post-103705","page","type-page","status-publish","hentry"],"yoast_head":"<!-- This site is optimized with the Yoast SEO Premium plugin v27.4 (Yoast SEO v27.4) - https:\/\/yoast.com\/product\/yoast-seo-premium-wordpress\/ -->\n<title>Reguleringer for korttidsutleie stat for stat | Hostfully<\/title>\n<meta name=\"robots\" content=\"index, follow, max-snippet:-1, max-image-preview:large, max-video-preview:-1\" \/>\n<link rel=\"canonical\" href=\"https:\/\/www.hostfully.com\/no\/reguleringer-for-korttidsutleie-stat-for-stat\/\" \/>\n<meta property=\"og:locale\" content=\"nb_NO\" \/>\n<meta property=\"og:type\" content=\"article\" \/>\n<meta property=\"og:title\" content=\"Reguleringer for korttidsutleie stat for stat\" \/>\n<meta property=\"og:description\" content=\"Guide til reguleringer for korttidsutleie Velg stedet du \u00f8nsker \u00e5 l\u00e6re mer om utleiereguleringene for Ansvarsfraskrivelse Reguleringer for korttidsutleie er i stadig endring. Ressursen nedenfor oppdateres n\u00e5r det er mulig, men den skal ikke betraktes som juridisk r\u00e5dgivning. Det er avgj\u00f8rende at du r\u00e5df\u00f8rer deg med din lokale advokat for \u00e5 sikre at du tar [&hellip;]\" \/>\n<meta property=\"og:url\" content=\"https:\/\/www.hostfully.com\/no\/reguleringer-for-korttidsutleie-stat-for-stat\/\" \/>\n<meta property=\"og:site_name\" content=\"Hostfully\" \/>\n<meta property=\"article:publisher\" content=\"https:\/\/www.facebook.com\/hostfully\" \/>\n<meta property=\"article:modified_time\" content=\"2026-04-14T20:30:04+00:00\" \/>\n<meta name=\"twitter:card\" content=\"summary_large_image\" \/>\n<meta name=\"twitter:site\" content=\"@hostfully\" \/>\n<meta name=\"twitter:label1\" content=\"Ansl. lesetid\" \/>\n\t<meta name=\"twitter:data1\" content=\"1 minutt\" \/>\n<script type=\"application\/ld+json\" class=\"yoast-schema-graph\">{\"@context\":\"https:\\\/\\\/schema.org\",\"@graph\":[{\"@type\":\"WebPage\",\"@id\":\"https:\\\/\\\/www.hostfully.com\\\/no\\\/reguleringer-for-korttidsutleie-stat-for-stat\\\/\",\"url\":\"https:\\\/\\\/www.hostfully.com\\\/no\\\/reguleringer-for-korttidsutleie-stat-for-stat\\\/\",\"name\":\"Reguleringer for korttidsutleie stat for stat | Hostfully\",\"isPartOf\":{\"@id\":\"https:\\\/\\\/www.hostfully.com\\\/no\\\/#website\"},\"datePublished\":\"2025-11-06T17:23:28+00:00\",\"dateModified\":\"2026-04-14T20:30:04+00:00\",\"breadcrumb\":{\"@id\":\"https:\\\/\\\/www.hostfully.com\\\/no\\\/reguleringer-for-korttidsutleie-stat-for-stat\\\/#breadcrumb\"},\"inLanguage\":\"nb-NO\",\"potentialAction\":[{\"@type\":\"ReadAction\",\"target\":[\"https:\\\/\\\/www.hostfully.com\\\/no\\\/reguleringer-for-korttidsutleie-stat-for-stat\\\/\"]}]},{\"@type\":\"BreadcrumbList\",\"@id\":\"https:\\\/\\\/www.hostfully.com\\\/no\\\/reguleringer-for-korttidsutleie-stat-for-stat\\\/#breadcrumb\",\"itemListElement\":[{\"@type\":\"ListItem\",\"position\":1,\"name\":\"Home\",\"item\":\"https:\\\/\\\/www.hostfully.com\\\/no\\\/\"},{\"@type\":\"ListItem\",\"position\":2,\"name\":\"Reguleringer for korttidsutleie stat for stat\"}]},{\"@type\":\"WebSite\",\"@id\":\"https:\\\/\\\/www.hostfully.com\\\/no\\\/#website\",\"url\":\"https:\\\/\\\/www.hostfully.com\\\/no\\\/\",\"name\":\"Hostfully\",\"description\":\"Award Winning Vacation Rental Software\",\"publisher\":{\"@id\":\"https:\\\/\\\/www.hostfully.com\\\/no\\\/#organization\"},\"potentialAction\":[{\"@type\":\"SearchAction\",\"target\":{\"@type\":\"EntryPoint\",\"urlTemplate\":\"https:\\\/\\\/www.hostfully.com\\\/no\\\/?s={search_term_string}\"},\"query-input\":{\"@type\":\"PropertyValueSpecification\",\"valueRequired\":true,\"valueName\":\"search_term_string\"}}],\"inLanguage\":\"nb-NO\"},{\"@type\":\"Organization\",\"@id\":\"https:\\\/\\\/www.hostfully.com\\\/no\\\/#organization\",\"name\":\"Hostfully\",\"url\":\"https:\\\/\\\/www.hostfully.com\\\/no\\\/\",\"logo\":{\"@type\":\"ImageObject\",\"inLanguage\":\"nb-NO\",\"@id\":\"https:\\\/\\\/www.hostfully.com\\\/no\\\/#\\\/schema\\\/logo\\\/image\\\/\",\"url\":\"https:\\\/\\\/www.hostfully.com\\\/wp-content\\\/uploads\\\/2025\\\/08\\\/Hostfully_bluecircle_isotype_R-.png\",\"contentUrl\":\"https:\\\/\\\/www.hostfully.com\\\/wp-content\\\/uploads\\\/2025\\\/08\\\/Hostfully_bluecircle_isotype_R-.png\",\"width\":321,\"height\":321,\"caption\":\"Hostfully\"},\"image\":{\"@id\":\"https:\\\/\\\/www.hostfully.com\\\/no\\\/#\\\/schema\\\/logo\\\/image\\\/\"},\"sameAs\":[\"https:\\\/\\\/www.facebook.com\\\/hostfully\",\"https:\\\/\\\/x.com\\\/hostfully\",\"https:\\\/\\\/www.instagram.com\\\/hostfully_\\\/\",\"https:\\\/\\\/www.youtube.com\\\/c\\\/Hostfully\",\"https:\\\/\\\/www.linkedin.com\\\/company\\\/hostfully-inc-\\\/\"]}]}<\/script>\n<!-- \/ Yoast SEO Premium plugin. -->","yoast_head_json":{"title":"Reguleringer for korttidsutleie stat for stat | Hostfully","robots":{"index":"index","follow":"follow","max-snippet":"max-snippet:-1","max-image-preview":"max-image-preview:large","max-video-preview":"max-video-preview:-1"},"canonical":"https:\/\/www.hostfully.com\/no\/reguleringer-for-korttidsutleie-stat-for-stat\/","og_locale":"nb_NO","og_type":"article","og_title":"Reguleringer for korttidsutleie stat for stat","og_description":"Guide til reguleringer for korttidsutleie Velg stedet du \u00f8nsker \u00e5 l\u00e6re mer om utleiereguleringene for Ansvarsfraskrivelse Reguleringer for korttidsutleie er i stadig endring. Ressursen nedenfor oppdateres n\u00e5r det er mulig, men den skal ikke betraktes som juridisk r\u00e5dgivning. Det er avgj\u00f8rende at du r\u00e5df\u00f8rer deg med din lokale advokat for \u00e5 sikre at du tar [&hellip;]","og_url":"https:\/\/www.hostfully.com\/no\/reguleringer-for-korttidsutleie-stat-for-stat\/","og_site_name":"Hostfully","article_publisher":"https:\/\/www.facebook.com\/hostfully","article_modified_time":"2026-04-14T20:30:04+00:00","twitter_card":"summary_large_image","twitter_site":"@hostfully","twitter_misc":{"Ansl. lesetid":"1 minutt"},"schema":{"@context":"https:\/\/schema.org","@graph":[{"@type":"WebPage","@id":"https:\/\/www.hostfully.com\/no\/reguleringer-for-korttidsutleie-stat-for-stat\/","url":"https:\/\/www.hostfully.com\/no\/reguleringer-for-korttidsutleie-stat-for-stat\/","name":"Reguleringer for korttidsutleie stat for stat | Hostfully","isPartOf":{"@id":"https:\/\/www.hostfully.com\/no\/#website"},"datePublished":"2025-11-06T17:23:28+00:00","dateModified":"2026-04-14T20:30:04+00:00","breadcrumb":{"@id":"https:\/\/www.hostfully.com\/no\/reguleringer-for-korttidsutleie-stat-for-stat\/#breadcrumb"},"inLanguage":"nb-NO","potentialAction":[{"@type":"ReadAction","target":["https:\/\/www.hostfully.com\/no\/reguleringer-for-korttidsutleie-stat-for-stat\/"]}]},{"@type":"BreadcrumbList","@id":"https:\/\/www.hostfully.com\/no\/reguleringer-for-korttidsutleie-stat-for-stat\/#breadcrumb","itemListElement":[{"@type":"ListItem","position":1,"name":"Home","item":"https:\/\/www.hostfully.com\/no\/"},{"@type":"ListItem","position":2,"name":"Reguleringer for korttidsutleie stat for stat"}]},{"@type":"WebSite","@id":"https:\/\/www.hostfully.com\/no\/#website","url":"https:\/\/www.hostfully.com\/no\/","name":"Hostfully","description":"Award Winning Vacation Rental Software","publisher":{"@id":"https:\/\/www.hostfully.com\/no\/#organization"},"potentialAction":[{"@type":"SearchAction","target":{"@type":"EntryPoint","urlTemplate":"https:\/\/www.hostfully.com\/no\/?s={search_term_string}"},"query-input":{"@type":"PropertyValueSpecification","valueRequired":true,"valueName":"search_term_string"}}],"inLanguage":"nb-NO"},{"@type":"Organization","@id":"https:\/\/www.hostfully.com\/no\/#organization","name":"Hostfully","url":"https:\/\/www.hostfully.com\/no\/","logo":{"@type":"ImageObject","inLanguage":"nb-NO","@id":"https:\/\/www.hostfully.com\/no\/#\/schema\/logo\/image\/","url":"https:\/\/www.hostfully.com\/wp-content\/uploads\/2025\/08\/Hostfully_bluecircle_isotype_R-.png","contentUrl":"https:\/\/www.hostfully.com\/wp-content\/uploads\/2025\/08\/Hostfully_bluecircle_isotype_R-.png","width":321,"height":321,"caption":"Hostfully"},"image":{"@id":"https:\/\/www.hostfully.com\/no\/#\/schema\/logo\/image\/"},"sameAs":["https:\/\/www.facebook.com\/hostfully","https:\/\/x.com\/hostfully","https:\/\/www.instagram.com\/hostfully_\/","https:\/\/www.youtube.com\/c\/Hostfully","https:\/\/www.linkedin.com\/company\/hostfully-inc-\/"]}]}},"_links":{"self":[{"href":"https:\/\/www.hostfully.com\/no\/wp-json\/wp\/v2\/pages\/103705","targetHints":{"allow":["GET"]}}],"collection":[{"href":"https:\/\/www.hostfully.com\/no\/wp-json\/wp\/v2\/pages"}],"about":[{"href":"https:\/\/www.hostfully.com\/no\/wp-json\/wp\/v2\/types\/page"}],"author":[{"embeddable":true,"href":"https:\/\/www.hostfully.com\/no\/wp-json\/wp\/v2\/users\/1"}],"replies":[{"embeddable":true,"href":"https:\/\/www.hostfully.com\/no\/wp-json\/wp\/v2\/comments?post=103705"}],"version-history":[{"count":1,"href":"https:\/\/www.hostfully.com\/no\/wp-json\/wp\/v2\/pages\/103705\/revisions"}],"predecessor-version":[{"id":103706,"href":"https:\/\/www.hostfully.com\/no\/wp-json\/wp\/v2\/pages\/103705\/revisions\/103706"}],"wp:attachment":[{"href":"https:\/\/www.hostfully.com\/no\/wp-json\/wp\/v2\/media?parent=103705"}],"curies":[{"name":"wp","href":"https:\/\/api.w.org\/{rel}","templated":true}]}}