{"id":104074,"date":"2025-11-26T18:06:53","date_gmt":"2025-11-26T18:06:53","guid":{"rendered":"https:\/\/www.hostfully.com\/vekstverktoy\/"},"modified":"2026-04-14T20:38:14","modified_gmt":"2026-04-14T20:38:14","slug":"vekstverktoy","status":"publish","type":"page","link":"https:\/\/www.hostfully.com\/no\/vekstverktoy\/","title":{"rendered":"Vekstverkt\u00f8y"},"content":{"rendered":"\t\t<div data-elementor-type=\"wp-page\" data-elementor-id=\"104074\" class=\"elementor elementor-104074 elementor-8558\" data-elementor-post-type=\"page\">\n\t\t\t\t<div class=\"elementor-element elementor-element-52db181 hf-hero-lg e-flex e-con-boxed e-con e-parent\" data-id=\"52db181\" data-element_type=\"container\" data-e-type=\"container\">\n\t\t\t\t\t<div class=\"e-con-inner\">\n\t\t<div class=\"elementor-element elementor-element-ce10a8c e-con-full e-flex e-con e-child\" data-id=\"ce10a8c\" data-element_type=\"container\" data-e-type=\"container\">\n\t\t\t\t<div class=\"elementor-element elementor-element-8c93f61 elementor-widget elementor-widget-heading\" data-id=\"8c93f61\" data-element_type=\"widget\" data-e-type=\"widget\" data-widget_type=\"heading.default\">\n\t\t\t\t<div class=\"elementor-widget-container\">\n\t\t\t\t\t<h6 class=\"elementor-heading-title elementor-size-default\">INTERAKTIVE RESSURSER<\/h6>\t\t\t\t<\/div>\n\t\t\t\t<\/div>\n\t\t\t\t<div class=\"elementor-element elementor-element-1e28c3b elementor-widget elementor-widget-heading\" data-id=\"1e28c3b\" data-element_type=\"widget\" data-e-type=\"widget\" data-widget_type=\"heading.default\">\n\t\t\t\t<div class=\"elementor-widget-container\">\n\t\t\t\t\t<h1 class=\"elementor-heading-title elementor-size-default\">Hostfully-verkt\u00f8y<\/h1>\t\t\t\t<\/div>\n\t\t\t\t<\/div>\n\t\t\t\t<\/div>\n\t\t\t\t<div class=\"elementor-element elementor-element-72a202d text-lg elementor-widget elementor-widget-heading\" data-id=\"72a202d\" data-element_type=\"widget\" data-e-type=\"widget\" data-widget_type=\"heading.default\">\n\t\t\t\t<div class=\"elementor-widget-container\">\n\t\t\t\t\t<p class=\"elementor-heading-title elementor-size-default\">Gratis ressurser som hjelper deg med \u00e5 ta smartere beslutninger for din utleievirksomhet,\nfra markedsdata til gjesteh\u00e5ndtering.<\/p>\t\t\t\t<\/div>\n\t\t\t\t<\/div>\n\t\t\t\t<div class=\"elementor-element elementor-element-69af381 elementor-widget elementor-widget-shortcode\" data-id=\"69af381\" data-element_type=\"widget\" data-e-type=\"widget\" data-widget_type=\"shortcode.default\">\n\t\t\t\t<div class=\"elementor-widget-container\">\n\t\t\t\t\t\t\t<div class=\"elementor-shortcode\">    <div class=\"hf-book-demo-shortcode\" data-hf-book-demo-id=\"hfbd-1\" data-hf-book-demo-flow=\"demo\" data-hf-book-demo-layout=\"center\" data-hf-book-demo-event-name=\"book_demo_modal\" data-hf-book-demo-event-product=\"pms\">\n        <form id=\"listing-form-hfbd-1\" class=\"hfs-form hfs-form--demo\">\n            <input type=\"hidden\" name=\"exp_id\" id=\"exp_id-hfbd-1\" value=\"experience-1669041197445\">\n            <input type=\"hidden\" name=\"flow\" id=\"flow-hfbd-1\" value=\"demo\">\n            <input type=\"hidden\" name=\"event_name\" value=\"book_demo_modal\">\n            <input type=\"hidden\" name=\"event_product\" value=\"pms\">\n            <input type=\"hidden\" name=\"first_name\" value=\"\">\n            <input type=\"hidden\" name=\"last_name\" value=\"\">\n                            <input type=\"hidden\" name=\"page_slug\" value=\"\/no\/vekstverktoy\">\n                                                    <input type=\"hidden\" name=\"listings\" value=\"\">\n                                        <input type=\"hidden\" name=\"utm_source\" id=\"utm_source-hfbd-1\" value=\"organic_website\">\n                            <input type=\"hidden\" name=\"utm_medium\" id=\"utm_medium-hfbd-1\" value=\"Website\">\n                            <input type=\"hidden\" name=\"utm_campaign\" id=\"utm_campaign-hfbd-1\" value=\"Website\">\n                            <input type=\"hidden\" name=\"utm_content\" id=\"utm_content-hfbd-1\" value=\"\">\n                            <input type=\"hidden\" name=\"utm_term\" id=\"utm_term-hfbd-1\" value=\"\">\n                            <input type=\"hidden\" name=\"fb_ad_id\" id=\"fb_ad_id-hfbd-1\" value=\"\">\n                            <input type=\"hidden\" name=\"fbclid\" id=\"fbclid-hfbd-1\" value=\"\">\n                            <input type=\"hidden\" name=\"gclid\" id=\"gclid-hfbd-1\" value=\"\">\n                        <input type=\"hidden\" name=\"source\" value=\"\">\n                        <input type=\"email\" name=\"email\" class=\"email\" id=\"email-hfbd-1\" placeholder=\"E-post\" required>\n                        <button type=\"submit\" class=\"hfs-submit\">Bestill en GRATIS demo<\/button>\n        <\/form>\n        <div id=\"error-hfbd-1\" class=\"error\"><\/div>\n                    <p class=\"hf-book-demo-legal-disclaimer\">Ved \u00e5 sende inn godtar du \u00e5 bli kontaktet via e-post, telefon eller SMS.<\/p>\n            <\/div>\n    <\/div>\n\t\t\t\t\t\t<\/div>\n\t\t\t\t<\/div>\n\t\t\t\t\t<\/div>\n\t\t\t\t<\/div>\n\t\t<div class=\"elementor-element elementor-element-f16d217 hf-section-xs mb-5i e-flex e-con-boxed e-con e-parent\" data-id=\"f16d217\" data-element_type=\"container\" data-e-type=\"container\">\n\t\t\t\t\t<div class=\"e-con-inner\">\n\t\t<div class=\"elementor-element elementor-element-cb92ac0 e-con-full e-flex e-con e-child\" data-id=\"cb92ac0\" data-element_type=\"container\" data-e-type=\"container\" data-settings=\"{&quot;background_background&quot;:&quot;classic&quot;}\">\n\t\t<div class=\"elementor-element elementor-element-d320254 e-con-full e-flex e-con e-child\" data-id=\"d320254\" data-element_type=\"container\" data-e-type=\"container\">\n\t\t\t\t<div class=\"elementor-element elementor-element-2780cb8 elementor-widget elementor-widget-image\" data-id=\"2780cb8\" data-element_type=\"widget\" data-e-type=\"widget\" data-widget_type=\"image.default\">\n\t\t\t\t<div class=\"elementor-widget-container\">\n\t\t\t\t\t\t\t\t\t\t\t\t\t\t\t\t<a href=\"https:\/\/tools.hostfully.com\/climate-index\/\" target=\"_blank\" id=\"cta_tool_climate_index\">\n\t\t\t\t\t\t\t<img decoding=\"async\" width=\"62\" height=\"62\" src=\"https:\/\/www.hostfully.com\/wp-content\/uploads\/2026\/03\/Capa_1.svg\" class=\"attachment-full size-full wp-image-104076\" alt=\"\" \/>\t\t\t\t\t\t\t\t<\/a>\n\t\t\t\t\t\t\t\t\t\t\t\t\t\t\t<\/div>\n\t\t\t\t<\/div>\n\t\t\t\t<div class=\"elementor-element elementor-element-35bd3b9 elementor-widget elementor-widget-heading\" data-id=\"35bd3b9\" data-element_type=\"widget\" data-e-type=\"widget\" data-widget_type=\"heading.default\">\n\t\t\t\t<div class=\"elementor-widget-container\">\n\t\t\t\t\t<h4 class=\"elementor-heading-title elementor-size-default\"><a href=\"https:\/\/tools.hostfully.com\/climate-index\/\" target=\"_blank\" id=\"cta_tool_climate_index\">Hosting Climate Index<\/a><\/h4>\t\t\t\t<\/div>\n\t\t\t\t<\/div>\n\t\t\t\t<div class=\"elementor-element elementor-element-47a62b4 elementor-widget elementor-widget-text-editor\" data-id=\"47a62b4\" data-element_type=\"widget\" data-e-type=\"widget\" data-widget_type=\"text-editor.default\">\n\t\t\t\t<div class=\"elementor-widget-container\">\n\t\t\t\t\t\t\t\t\t<p>Markedsforhold og trender som former utleievirksomhet p\u00e5 tvers av regioner.<\/p>\t\t\t\t\t\t\t\t<\/div>\n\t\t\t\t<\/div>\n\t\t\t\t<\/div>\n\t\t\t\t<div class=\"elementor-element elementor-element-4eac9f2 btn-link elementor-widget elementor-widget-button\" data-id=\"4eac9f2\" data-element_type=\"widget\" data-e-type=\"widget\" data-widget_type=\"button.default\">\n\t\t\t\t<div class=\"elementor-widget-container\">\n\t\t\t\t\t\t\t\t\t<div class=\"elementor-button-wrapper\">\n\t\t\t\t\t<a class=\"elementor-button elementor-button-link elementor-size-sm\" href=\"https:\/\/tools.hostfully.com\/climate-index\/\" target=\"_blank\" id=\"cta_tool_climate_index\">\n\t\t\t\t\t\t<span class=\"elementor-button-content-wrapper\">\n\t\t\t\t\t\t\t\t\t<span class=\"elementor-button-text\">\u00c5pne verkt\u00f8y<\/span>\n\t\t\t\t\t<\/span>\n\t\t\t\t\t<\/a>\n\t\t\t\t<\/div>\n\t\t\t\t\t\t\t\t<\/div>\n\t\t\t\t<\/div>\n\t\t\t\t<\/div>\n\t\t<div class=\"elementor-element elementor-element-8b67cfb e-con-full e-flex e-con e-child\" data-id=\"8b67cfb\" data-element_type=\"container\" data-e-type=\"container\" data-settings=\"{&quot;background_background&quot;:&quot;classic&quot;}\">\n\t\t<div class=\"elementor-element elementor-element-ff05c71 e-con-full e-flex e-con e-child\" data-id=\"ff05c71\" data-element_type=\"container\" data-e-type=\"container\">\n\t\t\t\t<div class=\"elementor-element elementor-element-7b0c115 elementor-widget elementor-widget-image\" data-id=\"7b0c115\" data-element_type=\"widget\" data-e-type=\"widget\" data-widget_type=\"image.default\">\n\t\t\t\t<div class=\"elementor-widget-container\">\n\t\t\t\t\t\t\t\t\t\t\t\t\t\t\t\t<a href=\"https:\/\/tools.hostfully.com\/str-regulations-map\/\" target=\"_blank\" id=\"cta_tool_regulations_map\">\n\t\t\t\t\t\t\t<img decoding=\"async\" width=\"62\" height=\"62\" src=\"https:\/\/www.hostfully.com\/wp-content\/uploads\/2026\/03\/Capa_1-1.svg\" class=\"attachment-full size-full wp-image-104077\" alt=\"\" \/>\t\t\t\t\t\t\t\t<\/a>\n\t\t\t\t\t\t\t\t\t\t\t\t\t\t\t<\/div>\n\t\t\t\t<\/div>\n\t\t\t\t<div class=\"elementor-element elementor-element-e3f8653 elementor-widget elementor-widget-heading\" data-id=\"e3f8653\" data-element_type=\"widget\" data-e-type=\"widget\" data-widget_type=\"heading.default\">\n\t\t\t\t<div class=\"elementor-widget-container\">\n\t\t\t\t\t<h4 class=\"elementor-heading-title elementor-size-default\"><a href=\"https:\/\/tools.hostfully.com\/str-regulations-map\/\" target=\"_blank\" id=\"cta_tool_regulations_map\">Reguleringskart<\/a><\/h4>\t\t\t\t<\/div>\n\t\t\t\t<\/div>\n\t\t\t\t<div class=\"elementor-element elementor-element-d78a58b elementor-widget elementor-widget-text-editor\" data-id=\"d78a58b\" data-element_type=\"widget\" data-e-type=\"widget\" data-widget_type=\"text-editor.default\">\n\t\t\t\t<div class=\"elementor-widget-container\">\n\t\t\t\t\t\t\t\t\t<p>Regler for korttidsutleie, tillatelser og samsvarskrav etter lokasjon.<\/p>\t\t\t\t\t\t\t\t<\/div>\n\t\t\t\t<\/div>\n\t\t\t\t<\/div>\n\t\t\t\t<div class=\"elementor-element elementor-element-7ef3322 btn-link text-purple elementor-widget elementor-widget-button\" data-id=\"7ef3322\" data-element_type=\"widget\" data-e-type=\"widget\" data-widget_type=\"button.default\">\n\t\t\t\t<div class=\"elementor-widget-container\">\n\t\t\t\t\t\t\t\t\t<div class=\"elementor-button-wrapper\">\n\t\t\t\t\t<a class=\"elementor-button elementor-button-link elementor-size-sm\" href=\"https:\/\/tools.hostfully.com\/str-regulations-map\/\" target=\"_blank\" id=\"cta_tool_regulations_map\">\n\t\t\t\t\t\t<span class=\"elementor-button-content-wrapper\">\n\t\t\t\t\t\t\t\t\t<span class=\"elementor-button-text\">\u00c5pne verkt\u00f8y<\/span>\n\t\t\t\t\t<\/span>\n\t\t\t\t\t<\/a>\n\t\t\t\t<\/div>\n\t\t\t\t\t\t\t\t<\/div>\n\t\t\t\t<\/div>\n\t\t\t\t<\/div>\n\t\t<div class=\"elementor-element elementor-element-dc00fed e-con-full e-flex e-con e-child\" data-id=\"dc00fed\" data-element_type=\"container\" data-e-type=\"container\" data-settings=\"{&quot;background_background&quot;:&quot;classic&quot;}\">\n\t\t<div class=\"elementor-element elementor-element-90f8a11 e-con-full e-flex e-con e-child\" data-id=\"90f8a11\" data-element_type=\"container\" data-e-type=\"container\">\n\t\t\t\t<div class=\"elementor-element elementor-element-fc4a325 elementor-widget elementor-widget-image\" data-id=\"fc4a325\" data-element_type=\"widget\" data-e-type=\"widget\" data-widget_type=\"image.default\">\n\t\t\t\t<div class=\"elementor-widget-container\">\n\t\t\t\t\t\t\t\t\t\t\t\t\t\t\t\t<a href=\"https:\/\/tools.hostfully.com\/nightmare-guest\/#\/\" target=\"_blank\" id=\"cta_tool_nightmare_guests\">\n\t\t\t\t\t\t\t<img decoding=\"async\" width=\"62\" height=\"62\" src=\"https:\/\/www.hostfully.com\/wp-content\/uploads\/2026\/03\/Capa_1-2.svg\" class=\"attachment-full size-full wp-image-104078\" alt=\"\" \/>\t\t\t\t\t\t\t\t<\/a>\n\t\t\t\t\t\t\t\t\t\t\t\t\t\t\t<\/div>\n\t\t\t\t<\/div>\n\t\t\t\t<div class=\"elementor-element elementor-element-77587f4 elementor-widget elementor-widget-heading\" data-id=\"77587f4\" data-element_type=\"widget\" data-e-type=\"widget\" data-widget_type=\"heading.default\">\n\t\t\t\t<div class=\"elementor-widget-container\">\n\t\t\t\t\t<h4 class=\"elementor-heading-title elementor-size-default\"><a href=\"https:\/\/tools.hostfully.com\/nightmare-guest\/#\/\" target=\"_blank\" id=\"cta_tool_nightmare_guests\">Marerittgjest-generator<\/a><\/h4>\t\t\t\t<\/div>\n\t\t\t\t<\/div>\n\t\t\t\t<div class=\"elementor-element elementor-element-a5439d1 elementor-widget elementor-widget-text-editor\" data-id=\"a5439d1\" data-element_type=\"widget\" data-e-type=\"widget\" data-widget_type=\"text-editor.default\">\n\t\t\t\t<div class=\"elementor-widget-container\">\n\t\t\t\t\t\t\t\t\t<p>Generer ville gjestescenarioer for \u00e5 stressteste din vertskapsstrategi.<\/p>\t\t\t\t\t\t\t\t<\/div>\n\t\t\t\t<\/div>\n\t\t\t\t<\/div>\n\t\t\t\t<div class=\"elementor-element elementor-element-ea60871 btn-link text-pink elementor-widget elementor-widget-button\" data-id=\"ea60871\" data-element_type=\"widget\" data-e-type=\"widget\" data-widget_type=\"button.default\">\n\t\t\t\t<div class=\"elementor-widget-container\">\n\t\t\t\t\t\t\t\t\t<div class=\"elementor-button-wrapper\">\n\t\t\t\t\t<a class=\"elementor-button elementor-button-link elementor-size-sm\" href=\"https:\/\/tools.hostfully.com\/nightmare-guest\/#\/\" target=\"_blank\" id=\"cta_tool_nightmare_guests\">\n\t\t\t\t\t\t<span class=\"elementor-button-content-wrapper\">\n\t\t\t\t\t\t\t\t\t<span class=\"elementor-button-text\">\u00c5pne verkt\u00f8y<\/span>\n\t\t\t\t\t<\/span>\n\t\t\t\t\t<\/a>\n\t\t\t\t<\/div>\n\t\t\t\t\t\t\t\t<\/div>\n\t\t\t\t<\/div>\n\t\t\t\t<\/div>\n\t\t<div class=\"elementor-element elementor-element-bd1aafd e-con-full e-flex e-con e-child\" data-id=\"bd1aafd\" data-element_type=\"container\" data-e-type=\"container\" data-settings=\"{&quot;background_background&quot;:&quot;classic&quot;}\">\n\t\t<div class=\"elementor-element elementor-element-fb4d59e e-con-full e-flex e-con e-child\" data-id=\"fb4d59e\" data-element_type=\"container\" data-e-type=\"container\">\n\t\t\t\t<div class=\"elementor-element elementor-element-5668360 elementor-widget elementor-widget-image\" data-id=\"5668360\" data-element_type=\"widget\" data-e-type=\"widget\" data-widget_type=\"image.default\">\n\t\t\t\t<div class=\"elementor-widget-container\">\n\t\t\t\t\t\t\t\t\t\t\t\t\t\t\t\t<a href=\"https:\/\/www.hostfully.com\/growth-tools\/property-analyzer\/\" id=\"cta_tool_property_analyzer\">\n\t\t\t\t\t\t\t<img loading=\"lazy\" decoding=\"async\" width=\"62\" height=\"62\" src=\"https:\/\/www.hostfully.com\/wp-content\/uploads\/2026\/03\/Capa_1-4.svg\" class=\"attachment-full size-full wp-image-104081\" alt=\"\" \/>\t\t\t\t\t\t\t\t<\/a>\n\t\t\t\t\t\t\t\t\t\t\t\t\t\t\t<\/div>\n\t\t\t\t<\/div>\n\t\t\t\t<div class=\"elementor-element elementor-element-54fad30 elementor-widget elementor-widget-heading\" data-id=\"54fad30\" data-element_type=\"widget\" data-e-type=\"widget\" data-widget_type=\"heading.default\">\n\t\t\t\t<div class=\"elementor-widget-container\">\n\t\t\t\t\t<h4 class=\"elementor-heading-title elementor-size-default\"><a href=\"https:\/\/www.hostfully.com\/growth-tools\/property-analyzer\/\" id=\"cta_tool_property_analyzer\">Eiendomsanalysator<\/a><\/h4>\t\t\t\t<\/div>\n\t\t\t\t<\/div>\n\t\t\t\t<div class=\"elementor-element elementor-element-7bcf256 elementor-widget elementor-widget-text-editor\" data-id=\"7bcf256\" data-element_type=\"widget\" data-e-type=\"widget\" data-widget_type=\"text-editor.default\">\n\t\t\t\t<div class=\"elementor-widget-container\">\n\t\t\t\t\t\t\t\t\t<p>Datadrevet innsikt og anbefalinger for din eiendoms potensial.<\/p>\t\t\t\t\t\t\t\t<\/div>\n\t\t\t\t<\/div>\n\t\t\t\t<\/div>\n\t\t\t\t<div class=\"elementor-element elementor-element-2651667 btn-link text-cyan elementor-widget elementor-widget-button\" data-id=\"2651667\" data-element_type=\"widget\" data-e-type=\"widget\" data-widget_type=\"button.default\">\n\t\t\t\t<div class=\"elementor-widget-container\">\n\t\t\t\t\t\t\t\t\t<div class=\"elementor-button-wrapper\">\n\t\t\t\t\t<a class=\"elementor-button elementor-button-link elementor-size-sm\" href=\"https:\/\/www.hostfully.com\/no\/vekstverktoy\/eiendomsanalysator\/\" id=\"cta_tool_property_analyzer\">\n\t\t\t\t\t\t<span class=\"elementor-button-content-wrapper\">\n\t\t\t\t\t\t\t\t\t<span class=\"elementor-button-text\">\u00c5pne verkt\u00f8y<\/span>\n\t\t\t\t\t<\/span>\n\t\t\t\t\t<\/a>\n\t\t\t\t<\/div>\n\t\t\t\t\t\t\t\t<\/div>\n\t\t\t\t<\/div>\n\t\t\t\t<\/div>\n\t\t\t\t\t<\/div>\n\t\t\t\t<\/div>\n\t\t\t\t<\/div>\n\t\t","protected":false},"excerpt":{"rendered":"<p>INTERAKTIVE RESSURSER Hostfully-verkt\u00f8y Gratis ressurser som hjelper deg med \u00e5 ta smartere beslutninger for din utleievirksomhet, fra markedsdata til gjesteh\u00e5ndtering. Hosting Climate Index Markedsforhold og trender som former utleievirksomhet p\u00e5 tvers av regioner. \u00c5pne verkt\u00f8y Reguleringskart Regler for korttidsutleie, tillatelser og samsvarskrav etter lokasjon. \u00c5pne verkt\u00f8y Marerittgjest-generator Generer ville gjestescenarioer for \u00e5 stressteste din vertskapsstrategi. [&hellip;]<\/p>\n","protected":false},"author":2,"featured_media":0,"parent":0,"menu_order":0,"comment_status":"closed","ping_status":"closed","template":"","meta":{"footnotes":""},"class_list":["post-104074","page","type-page","status-publish","hentry"],"yoast_head":"<!-- This site is optimized with the Yoast SEO Premium plugin v27.4 (Yoast SEO v27.4) - https:\/\/yoast.com\/product\/yoast-seo-premium-wordpress\/ -->\n<title>Vekstverkt\u00f8y | Hostfully<\/title>\n<meta name=\"robots\" content=\"index, follow, max-snippet:-1, max-image-preview:large, max-video-preview:-1\" \/>\n<link rel=\"canonical\" href=\"https:\/\/www.hostfully.com\/no\/vekstverktoy\/\" \/>\n<meta property=\"og:locale\" content=\"nb_NO\" \/>\n<meta property=\"og:type\" content=\"article\" \/>\n<meta property=\"og:title\" content=\"Vekstverkt\u00f8y\" \/>\n<meta property=\"og:description\" content=\"INTERAKTIVE RESSURSER Hostfully-verkt\u00f8y Gratis ressurser som hjelper deg med \u00e5 ta smartere beslutninger for din utleievirksomhet, fra markedsdata til gjesteh\u00e5ndtering. Hosting Climate Index Markedsforhold og trender som former utleievirksomhet p\u00e5 tvers av regioner. \u00c5pne verkt\u00f8y Reguleringskart Regler for korttidsutleie, tillatelser og samsvarskrav etter lokasjon. \u00c5pne verkt\u00f8y Marerittgjest-generator Generer ville gjestescenarioer for \u00e5 stressteste din vertskapsstrategi. [&hellip;]\" \/>\n<meta property=\"og:url\" content=\"https:\/\/www.hostfully.com\/no\/vekstverktoy\/\" \/>\n<meta property=\"og:site_name\" content=\"Hostfully\" \/>\n<meta property=\"article:publisher\" content=\"https:\/\/www.facebook.com\/hostfully\" \/>\n<meta property=\"article:modified_time\" content=\"2026-04-14T20:38:14+00:00\" \/>\n<meta property=\"og:image\" content=\"https:\/\/www.hostfully.com\/wp-content\/uploads\/2026\/03\/Capa_1.svg\" \/>\n<meta name=\"twitter:card\" content=\"summary_large_image\" \/>\n<meta name=\"twitter:site\" content=\"@hostfully\" \/>\n<script type=\"application\/ld+json\" class=\"yoast-schema-graph\">{\"@context\":\"https:\\\/\\\/schema.org\",\"@graph\":[{\"@type\":\"WebPage\",\"@id\":\"https:\\\/\\\/www.hostfully.com\\\/no\\\/vekstverktoy\\\/\",\"url\":\"https:\\\/\\\/www.hostfully.com\\\/no\\\/vekstverktoy\\\/\",\"name\":\"Vekstverkt\u00f8y | Hostfully\",\"isPartOf\":{\"@id\":\"https:\\\/\\\/www.hostfully.com\\\/no\\\/#website\"},\"primaryImageOfPage\":{\"@id\":\"https:\\\/\\\/www.hostfully.com\\\/no\\\/vekstverktoy\\\/#primaryimage\"},\"image\":{\"@id\":\"https:\\\/\\\/www.hostfully.com\\\/no\\\/vekstverktoy\\\/#primaryimage\"},\"thumbnailUrl\":\"https:\\\/\\\/www.hostfully.com\\\/wp-content\\\/uploads\\\/2026\\\/03\\\/Capa_1.svg\",\"datePublished\":\"2025-11-26T18:06:53+00:00\",\"dateModified\":\"2026-04-14T20:38:14+00:00\",\"breadcrumb\":{\"@id\":\"https:\\\/\\\/www.hostfully.com\\\/no\\\/vekstverktoy\\\/#breadcrumb\"},\"inLanguage\":\"nb-NO\",\"potentialAction\":[{\"@type\":\"ReadAction\",\"target\":[\"https:\\\/\\\/www.hostfully.com\\\/no\\\/vekstverktoy\\\/\"]}]},{\"@type\":\"ImageObject\",\"inLanguage\":\"nb-NO\",\"@id\":\"https:\\\/\\\/www.hostfully.com\\\/no\\\/vekstverktoy\\\/#primaryimage\",\"url\":\"https:\\\/\\\/www.hostfully.com\\\/wp-content\\\/uploads\\\/2026\\\/03\\\/Capa_1.svg\",\"contentUrl\":\"https:\\\/\\\/www.hostfully.com\\\/wp-content\\\/uploads\\\/2026\\\/03\\\/Capa_1.svg\"},{\"@type\":\"BreadcrumbList\",\"@id\":\"https:\\\/\\\/www.hostfully.com\\\/no\\\/vekstverktoy\\\/#breadcrumb\",\"itemListElement\":[{\"@type\":\"ListItem\",\"position\":1,\"name\":\"Home\",\"item\":\"https:\\\/\\\/www.hostfully.com\\\/no\\\/\"},{\"@type\":\"ListItem\",\"position\":2,\"name\":\"Vekstverkt\u00f8y\"}]},{\"@type\":\"WebSite\",\"@id\":\"https:\\\/\\\/www.hostfully.com\\\/no\\\/#website\",\"url\":\"https:\\\/\\\/www.hostfully.com\\\/no\\\/\",\"name\":\"Hostfully\",\"description\":\"Award Winning Vacation Rental Software\",\"publisher\":{\"@id\":\"https:\\\/\\\/www.hostfully.com\\\/no\\\/#organization\"},\"potentialAction\":[{\"@type\":\"SearchAction\",\"target\":{\"@type\":\"EntryPoint\",\"urlTemplate\":\"https:\\\/\\\/www.hostfully.com\\\/no\\\/?s={search_term_string}\"},\"query-input\":{\"@type\":\"PropertyValueSpecification\",\"valueRequired\":true,\"valueName\":\"search_term_string\"}}],\"inLanguage\":\"nb-NO\"},{\"@type\":\"Organization\",\"@id\":\"https:\\\/\\\/www.hostfully.com\\\/no\\\/#organization\",\"name\":\"Hostfully\",\"url\":\"https:\\\/\\\/www.hostfully.com\\\/no\\\/\",\"logo\":{\"@type\":\"ImageObject\",\"inLanguage\":\"nb-NO\",\"@id\":\"https:\\\/\\\/www.hostfully.com\\\/no\\\/#\\\/schema\\\/logo\\\/image\\\/\",\"url\":\"https:\\\/\\\/www.hostfully.com\\\/wp-content\\\/uploads\\\/2025\\\/08\\\/Hostfully_bluecircle_isotype_R-.png\",\"contentUrl\":\"https:\\\/\\\/www.hostfully.com\\\/wp-content\\\/uploads\\\/2025\\\/08\\\/Hostfully_bluecircle_isotype_R-.png\",\"width\":321,\"height\":321,\"caption\":\"Hostfully\"},\"image\":{\"@id\":\"https:\\\/\\\/www.hostfully.com\\\/no\\\/#\\\/schema\\\/logo\\\/image\\\/\"},\"sameAs\":[\"https:\\\/\\\/www.facebook.com\\\/hostfully\",\"https:\\\/\\\/x.com\\\/hostfully\",\"https:\\\/\\\/www.instagram.com\\\/hostfully_\\\/\",\"https:\\\/\\\/www.youtube.com\\\/c\\\/Hostfully\",\"https:\\\/\\\/www.linkedin.com\\\/company\\\/hostfully-inc-\\\/\"]}]}<\/script>\n<!-- \/ Yoast SEO Premium plugin. -->","yoast_head_json":{"title":"Vekstverkt\u00f8y | Hostfully","robots":{"index":"index","follow":"follow","max-snippet":"max-snippet:-1","max-image-preview":"max-image-preview:large","max-video-preview":"max-video-preview:-1"},"canonical":"https:\/\/www.hostfully.com\/no\/vekstverktoy\/","og_locale":"nb_NO","og_type":"article","og_title":"Vekstverkt\u00f8y","og_description":"INTERAKTIVE RESSURSER Hostfully-verkt\u00f8y Gratis ressurser som hjelper deg med \u00e5 ta smartere beslutninger for din utleievirksomhet, fra markedsdata til gjesteh\u00e5ndtering. Hosting Climate Index Markedsforhold og trender som former utleievirksomhet p\u00e5 tvers av regioner. \u00c5pne verkt\u00f8y Reguleringskart Regler for korttidsutleie, tillatelser og samsvarskrav etter lokasjon. \u00c5pne verkt\u00f8y Marerittgjest-generator Generer ville gjestescenarioer for \u00e5 stressteste din vertskapsstrategi. [&hellip;]","og_url":"https:\/\/www.hostfully.com\/no\/vekstverktoy\/","og_site_name":"Hostfully","article_publisher":"https:\/\/www.facebook.com\/hostfully","article_modified_time":"2026-04-14T20:38:14+00:00","og_image":[{"url":"https:\/\/www.hostfully.com\/wp-content\/uploads\/2026\/03\/Capa_1.svg","type":"","width":"","height":""}],"twitter_card":"summary_large_image","twitter_site":"@hostfully","schema":{"@context":"https:\/\/schema.org","@graph":[{"@type":"WebPage","@id":"https:\/\/www.hostfully.com\/no\/vekstverktoy\/","url":"https:\/\/www.hostfully.com\/no\/vekstverktoy\/","name":"Vekstverkt\u00f8y | Hostfully","isPartOf":{"@id":"https:\/\/www.hostfully.com\/no\/#website"},"primaryImageOfPage":{"@id":"https:\/\/www.hostfully.com\/no\/vekstverktoy\/#primaryimage"},"image":{"@id":"https:\/\/www.hostfully.com\/no\/vekstverktoy\/#primaryimage"},"thumbnailUrl":"https:\/\/www.hostfully.com\/wp-content\/uploads\/2026\/03\/Capa_1.svg","datePublished":"2025-11-26T18:06:53+00:00","dateModified":"2026-04-14T20:38:14+00:00","breadcrumb":{"@id":"https:\/\/www.hostfully.com\/no\/vekstverktoy\/#breadcrumb"},"inLanguage":"nb-NO","potentialAction":[{"@type":"ReadAction","target":["https:\/\/www.hostfully.com\/no\/vekstverktoy\/"]}]},{"@type":"ImageObject","inLanguage":"nb-NO","@id":"https:\/\/www.hostfully.com\/no\/vekstverktoy\/#primaryimage","url":"https:\/\/www.hostfully.com\/wp-content\/uploads\/2026\/03\/Capa_1.svg","contentUrl":"https:\/\/www.hostfully.com\/wp-content\/uploads\/2026\/03\/Capa_1.svg"},{"@type":"BreadcrumbList","@id":"https:\/\/www.hostfully.com\/no\/vekstverktoy\/#breadcrumb","itemListElement":[{"@type":"ListItem","position":1,"name":"Home","item":"https:\/\/www.hostfully.com\/no\/"},{"@type":"ListItem","position":2,"name":"Vekstverkt\u00f8y"}]},{"@type":"WebSite","@id":"https:\/\/www.hostfully.com\/no\/#website","url":"https:\/\/www.hostfully.com\/no\/","name":"Hostfully","description":"Award Winning Vacation Rental Software","publisher":{"@id":"https:\/\/www.hostfully.com\/no\/#organization"},"potentialAction":[{"@type":"SearchAction","target":{"@type":"EntryPoint","urlTemplate":"https:\/\/www.hostfully.com\/no\/?s={search_term_string}"},"query-input":{"@type":"PropertyValueSpecification","valueRequired":true,"valueName":"search_term_string"}}],"inLanguage":"nb-NO"},{"@type":"Organization","@id":"https:\/\/www.hostfully.com\/no\/#organization","name":"Hostfully","url":"https:\/\/www.hostfully.com\/no\/","logo":{"@type":"ImageObject","inLanguage":"nb-NO","@id":"https:\/\/www.hostfully.com\/no\/#\/schema\/logo\/image\/","url":"https:\/\/www.hostfully.com\/wp-content\/uploads\/2025\/08\/Hostfully_bluecircle_isotype_R-.png","contentUrl":"https:\/\/www.hostfully.com\/wp-content\/uploads\/2025\/08\/Hostfully_bluecircle_isotype_R-.png","width":321,"height":321,"caption":"Hostfully"},"image":{"@id":"https:\/\/www.hostfully.com\/no\/#\/schema\/logo\/image\/"},"sameAs":["https:\/\/www.facebook.com\/hostfully","https:\/\/x.com\/hostfully","https:\/\/www.instagram.com\/hostfully_\/","https:\/\/www.youtube.com\/c\/Hostfully","https:\/\/www.linkedin.com\/company\/hostfully-inc-\/"]}]}},"_links":{"self":[{"href":"https:\/\/www.hostfully.com\/no\/wp-json\/wp\/v2\/pages\/104074","targetHints":{"allow":["GET"]}}],"collection":[{"href":"https:\/\/www.hostfully.com\/no\/wp-json\/wp\/v2\/pages"}],"about":[{"href":"https:\/\/www.hostfully.com\/no\/wp-json\/wp\/v2\/types\/page"}],"author":[{"embeddable":true,"href":"https:\/\/www.hostfully.com\/no\/wp-json\/wp\/v2\/users\/2"}],"replies":[{"embeddable":true,"href":"https:\/\/www.hostfully.com\/no\/wp-json\/wp\/v2\/comments?post=104074"}],"version-history":[{"count":1,"href":"https:\/\/www.hostfully.com\/no\/wp-json\/wp\/v2\/pages\/104074\/revisions"}],"predecessor-version":[{"id":104085,"href":"https:\/\/www.hostfully.com\/no\/wp-json\/wp\/v2\/pages\/104074\/revisions\/104085"}],"wp:attachment":[{"href":"https:\/\/www.hostfully.com\/no\/wp-json\/wp\/v2\/media?parent=104074"}],"curies":[{"name":"wp","href":"https:\/\/api.w.org\/{rel}","templated":true}]}}