{"id":105049,"date":"2025-11-24T18:39:33","date_gmt":"2025-11-24T18:39:33","guid":{"rendered":"https:\/\/www.hostfully.com\/vekstverktoy\/roi-kalkulator-for-guideboker-for-ferieboligforvaltere\/"},"modified":"2026-04-14T22:09:48","modified_gmt":"2026-04-14T22:09:48","slug":"roi-kalkulator-for-guideboker-for-ferieboligforvaltere","status":"publish","type":"page","link":"https:\/\/www.hostfully.com\/no\/vekstverktoy\/roi-kalkulator-for-guideboker-for-ferieboligforvaltere\/","title":{"rendered":"ROI-kalkulator for guideb\u00f8ker for ferieboligforvaltere"},"content":{"rendered":"\t\t<div data-elementor-type=\"wp-page\" data-elementor-id=\"105049\" class=\"elementor elementor-105049 elementor-7852\" data-elementor-post-type=\"page\">\n\t\t\t\t<div class=\"elementor-element elementor-element-871fe64 e-con-full my-4i br-50i e-flex e-con e-parent\" data-id=\"871fe64\" data-element_type=\"container\" data-e-type=\"container\" data-settings=\"{&quot;background_background&quot;:&quot;classic&quot;}\">\n\t\t<div class=\"elementor-element elementor-element-117bba5 e-con-full e-flex e-con e-child\" data-id=\"117bba5\" data-element_type=\"container\" data-e-type=\"container\">\n\t\t\t\t<div class=\"elementor-element elementor-element-616687e elementor-widget elementor-widget-html\" data-id=\"616687e\" data-element_type=\"widget\" data-e-type=\"widget\" data-widget_type=\"html.default\">\n\t\t\t\t<div class=\"elementor-widget-container\">\n\t\t\t\t\t<div>\r\n<div class=\"op-interactive\" id=\"5d5d57ea37157d329c45457d\" data-url=\"https:\/\/hostfully.outgrow.us\/5d5d57ea37157d329c45457d?vHeight=1\" data-width=\"100%\">&nbsp;<\/div>\r\n<script src=\"\/\/dyv6f9ner1ir9.cloudfront.net\/assets\/js\/nloader.js\"><\/script>\r\n<script>initIframe('5d5d57ea37157d329c45457d');<\/script>\r\n<\/div>\t\t\t\t<\/div>\n\t\t\t\t<\/div>\n\t\t\t\t<\/div>\n\t\t\t\t<\/div>\n\t\t<div class=\"elementor-element elementor-element-aa4c80b e-flex e-con-boxed e-con e-parent\" data-id=\"aa4c80b\" data-element_type=\"container\" data-e-type=\"container\">\n\t\t\t\t\t<div class=\"e-con-inner\">\n\t\t\t\t<div class=\"elementor-element elementor-element-4b300ce elementor-widget elementor-widget-text-editor\" data-id=\"4b300ce\" data-element_type=\"widget\" data-e-type=\"widget\" data-widget_type=\"text-editor.default\">\n\t\t\t\t<div class=\"elementor-widget-container\">\n\t\t\t\t\t\t\t\t\tBruken av digitale guideb\u00f8ker i ferieboligbransjen vokser betydelig. Guideb\u00f8ker lar forvaltere og eiere ytterligere personalisere reiseopplevelsen gjennom lokale anbefalinger. \n\nGuideb\u00f8ker lar ogs\u00e5 ferieboligforvaltere gi kritisk viktig informasjon til gjestene sine, noe som forbedrer gjesteopplevelsen og sparer tid ved \u00e5 ha all informasjon p\u00e5 \u00e9n lett tilgjengelig plattform. Dette reduserer gjesteklager og sparer tid for ansatte og forvaltere fra \u00e5 svare p\u00e5 vanlige gjestesp\u00f8rsm\u00e5l. \t\t\t\t\t\t\t\t<\/div>\n\t\t\t\t<\/div>\n\t\t\t\t\t<\/div>\n\t\t\t\t<\/div>\n\t\t\t\t<\/div>\n\t\t","protected":false},"excerpt":{"rendered":"<p>&nbsp; Bruken av digitale guideb\u00f8ker i ferieboligbransjen vokser betydelig. Guideb\u00f8ker lar forvaltere og eiere ytterligere personalisere reiseopplevelsen gjennom lokale anbefalinger. Guideb\u00f8ker lar ogs\u00e5 ferieboligforvaltere gi kritisk viktig informasjon til gjestene sine, noe som forbedrer gjesteopplevelsen og sparer tid ved \u00e5 ha all informasjon p\u00e5 \u00e9n lett tilgjengelig plattform. Dette reduserer gjesteklager og sparer tid for [&hellip;]<\/p>\n","protected":false},"author":2,"featured_media":0,"parent":104074,"menu_order":0,"comment_status":"closed","ping_status":"closed","template":"","meta":{"footnotes":""},"class_list":["post-105049","page","type-page","status-publish","hentry"],"yoast_head":"<!-- This site is optimized with the Yoast SEO Premium plugin v27.4 (Yoast SEO v27.4) - https:\/\/yoast.com\/product\/yoast-seo-premium-wordpress\/ -->\n<title>ROI-kalkulator for guideb\u00f8ker for ferieboligforvaltere | Hostfully<\/title>\n<meta name=\"description\" content=\"Beregn guidebokens innvirkning p\u00e5 virksomheten din med v\u00e5rt gratis verkt\u00f8y. F\u00e5 handlingsrettet innsikt for \u00e5 maksimere gjesteverdi og fortjeneste.\" \/>\n<meta name=\"robots\" content=\"index, follow, max-snippet:-1, max-image-preview:large, max-video-preview:-1\" \/>\n<link rel=\"canonical\" href=\"https:\/\/www.hostfully.com\/no\/vekstverktoy\/roi-kalkulator-for-guideboker-for-ferieboligforvaltere\/\" \/>\n<meta property=\"og:locale\" content=\"nb_NO\" \/>\n<meta property=\"og:type\" content=\"article\" \/>\n<meta property=\"og:title\" content=\"ROI-kalkulator for guideb\u00f8ker for ferieboligforvaltere\" \/>\n<meta property=\"og:description\" content=\"Beregn guidebokens innvirkning p\u00e5 virksomheten din med v\u00e5rt gratis verkt\u00f8y. F\u00e5 handlingsrettet innsikt for \u00e5 maksimere gjesteverdi og fortjeneste.\" \/>\n<meta property=\"og:url\" content=\"https:\/\/www.hostfully.com\/no\/vekstverktoy\/roi-kalkulator-for-guideboker-for-ferieboligforvaltere\/\" \/>\n<meta property=\"og:site_name\" content=\"Hostfully\" \/>\n<meta property=\"article:publisher\" content=\"https:\/\/www.facebook.com\/hostfully\" \/>\n<meta property=\"article:modified_time\" content=\"2026-04-14T22:09:48+00:00\" \/>\n<meta name=\"twitter:card\" content=\"summary_large_image\" \/>\n<meta name=\"twitter:site\" content=\"@hostfully\" \/>\n<script type=\"application\/ld+json\" class=\"yoast-schema-graph\">{\"@context\":\"https:\\\/\\\/schema.org\",\"@graph\":[{\"@type\":\"WebPage\",\"@id\":\"https:\\\/\\\/www.hostfully.com\\\/no\\\/vekstverktoy\\\/roi-kalkulator-for-guideboker-for-ferieboligforvaltere\\\/\",\"url\":\"https:\\\/\\\/www.hostfully.com\\\/no\\\/vekstverktoy\\\/roi-kalkulator-for-guideboker-for-ferieboligforvaltere\\\/\",\"name\":\"ROI-kalkulator for guideb\u00f8ker for ferieboligforvaltere | Hostfully\",\"isPartOf\":{\"@id\":\"https:\\\/\\\/www.hostfully.com\\\/no\\\/#website\"},\"datePublished\":\"2025-11-24T18:39:33+00:00\",\"dateModified\":\"2026-04-14T22:09:48+00:00\",\"description\":\"Beregn guidebokens innvirkning p\u00e5 virksomheten din med v\u00e5rt gratis verkt\u00f8y. F\u00e5 handlingsrettet innsikt for \u00e5 maksimere gjesteverdi og fortjeneste.\",\"breadcrumb\":{\"@id\":\"https:\\\/\\\/www.hostfully.com\\\/no\\\/vekstverktoy\\\/roi-kalkulator-for-guideboker-for-ferieboligforvaltere\\\/#breadcrumb\"},\"inLanguage\":\"nb-NO\",\"potentialAction\":[{\"@type\":\"ReadAction\",\"target\":[\"https:\\\/\\\/www.hostfully.com\\\/no\\\/vekstverktoy\\\/roi-kalkulator-for-guideboker-for-ferieboligforvaltere\\\/\"]}]},{\"@type\":\"BreadcrumbList\",\"@id\":\"https:\\\/\\\/www.hostfully.com\\\/no\\\/vekstverktoy\\\/roi-kalkulator-for-guideboker-for-ferieboligforvaltere\\\/#breadcrumb\",\"itemListElement\":[{\"@type\":\"ListItem\",\"position\":1,\"name\":\"Home\",\"item\":\"https:\\\/\\\/www.hostfully.com\\\/no\\\/\"},{\"@type\":\"ListItem\",\"position\":2,\"name\":\"Vekstverkt\u00f8y\",\"item\":\"https:\\\/\\\/www.hostfully.com\\\/no\\\/vekstverktoy\\\/\"},{\"@type\":\"ListItem\",\"position\":3,\"name\":\"ROI-kalkulator for guideb\u00f8ker for ferieboligforvaltere\"}]},{\"@type\":\"WebSite\",\"@id\":\"https:\\\/\\\/www.hostfully.com\\\/no\\\/#website\",\"url\":\"https:\\\/\\\/www.hostfully.com\\\/no\\\/\",\"name\":\"Hostfully\",\"description\":\"Award Winning Vacation Rental Software\",\"publisher\":{\"@id\":\"https:\\\/\\\/www.hostfully.com\\\/no\\\/#organization\"},\"potentialAction\":[{\"@type\":\"SearchAction\",\"target\":{\"@type\":\"EntryPoint\",\"urlTemplate\":\"https:\\\/\\\/www.hostfully.com\\\/no\\\/?s={search_term_string}\"},\"query-input\":{\"@type\":\"PropertyValueSpecification\",\"valueRequired\":true,\"valueName\":\"search_term_string\"}}],\"inLanguage\":\"nb-NO\"},{\"@type\":\"Organization\",\"@id\":\"https:\\\/\\\/www.hostfully.com\\\/no\\\/#organization\",\"name\":\"Hostfully\",\"url\":\"https:\\\/\\\/www.hostfully.com\\\/no\\\/\",\"logo\":{\"@type\":\"ImageObject\",\"inLanguage\":\"nb-NO\",\"@id\":\"https:\\\/\\\/www.hostfully.com\\\/no\\\/#\\\/schema\\\/logo\\\/image\\\/\",\"url\":\"https:\\\/\\\/www.hostfully.com\\\/wp-content\\\/uploads\\\/2025\\\/08\\\/Hostfully_bluecircle_isotype_R-.png\",\"contentUrl\":\"https:\\\/\\\/www.hostfully.com\\\/wp-content\\\/uploads\\\/2025\\\/08\\\/Hostfully_bluecircle_isotype_R-.png\",\"width\":321,\"height\":321,\"caption\":\"Hostfully\"},\"image\":{\"@id\":\"https:\\\/\\\/www.hostfully.com\\\/no\\\/#\\\/schema\\\/logo\\\/image\\\/\"},\"sameAs\":[\"https:\\\/\\\/www.facebook.com\\\/hostfully\",\"https:\\\/\\\/x.com\\\/hostfully\",\"https:\\\/\\\/www.instagram.com\\\/hostfully_\\\/\",\"https:\\\/\\\/www.youtube.com\\\/c\\\/Hostfully\",\"https:\\\/\\\/www.linkedin.com\\\/company\\\/hostfully-inc-\\\/\"]}]}<\/script>\n<!-- \/ Yoast SEO Premium plugin. -->","yoast_head_json":{"title":"ROI-kalkulator for guideb\u00f8ker for ferieboligforvaltere | Hostfully","description":"Beregn guidebokens innvirkning p\u00e5 virksomheten din med v\u00e5rt gratis verkt\u00f8y. F\u00e5 handlingsrettet innsikt for \u00e5 maksimere gjesteverdi og fortjeneste.","robots":{"index":"index","follow":"follow","max-snippet":"max-snippet:-1","max-image-preview":"max-image-preview:large","max-video-preview":"max-video-preview:-1"},"canonical":"https:\/\/www.hostfully.com\/no\/vekstverktoy\/roi-kalkulator-for-guideboker-for-ferieboligforvaltere\/","og_locale":"nb_NO","og_type":"article","og_title":"ROI-kalkulator for guideb\u00f8ker for ferieboligforvaltere","og_description":"Beregn guidebokens innvirkning p\u00e5 virksomheten din med v\u00e5rt gratis verkt\u00f8y. F\u00e5 handlingsrettet innsikt for \u00e5 maksimere gjesteverdi og fortjeneste.","og_url":"https:\/\/www.hostfully.com\/no\/vekstverktoy\/roi-kalkulator-for-guideboker-for-ferieboligforvaltere\/","og_site_name":"Hostfully","article_publisher":"https:\/\/www.facebook.com\/hostfully","article_modified_time":"2026-04-14T22:09:48+00:00","twitter_card":"summary_large_image","twitter_site":"@hostfully","schema":{"@context":"https:\/\/schema.org","@graph":[{"@type":"WebPage","@id":"https:\/\/www.hostfully.com\/no\/vekstverktoy\/roi-kalkulator-for-guideboker-for-ferieboligforvaltere\/","url":"https:\/\/www.hostfully.com\/no\/vekstverktoy\/roi-kalkulator-for-guideboker-for-ferieboligforvaltere\/","name":"ROI-kalkulator for guideb\u00f8ker for ferieboligforvaltere | Hostfully","isPartOf":{"@id":"https:\/\/www.hostfully.com\/no\/#website"},"datePublished":"2025-11-24T18:39:33+00:00","dateModified":"2026-04-14T22:09:48+00:00","description":"Beregn guidebokens innvirkning p\u00e5 virksomheten din med v\u00e5rt gratis verkt\u00f8y. F\u00e5 handlingsrettet innsikt for \u00e5 maksimere gjesteverdi og fortjeneste.","breadcrumb":{"@id":"https:\/\/www.hostfully.com\/no\/vekstverktoy\/roi-kalkulator-for-guideboker-for-ferieboligforvaltere\/#breadcrumb"},"inLanguage":"nb-NO","potentialAction":[{"@type":"ReadAction","target":["https:\/\/www.hostfully.com\/no\/vekstverktoy\/roi-kalkulator-for-guideboker-for-ferieboligforvaltere\/"]}]},{"@type":"BreadcrumbList","@id":"https:\/\/www.hostfully.com\/no\/vekstverktoy\/roi-kalkulator-for-guideboker-for-ferieboligforvaltere\/#breadcrumb","itemListElement":[{"@type":"ListItem","position":1,"name":"Home","item":"https:\/\/www.hostfully.com\/no\/"},{"@type":"ListItem","position":2,"name":"Vekstverkt\u00f8y","item":"https:\/\/www.hostfully.com\/no\/vekstverktoy\/"},{"@type":"ListItem","position":3,"name":"ROI-kalkulator for guideb\u00f8ker for ferieboligforvaltere"}]},{"@type":"WebSite","@id":"https:\/\/www.hostfully.com\/no\/#website","url":"https:\/\/www.hostfully.com\/no\/","name":"Hostfully","description":"Award Winning Vacation Rental Software","publisher":{"@id":"https:\/\/www.hostfully.com\/no\/#organization"},"potentialAction":[{"@type":"SearchAction","target":{"@type":"EntryPoint","urlTemplate":"https:\/\/www.hostfully.com\/no\/?s={search_term_string}"},"query-input":{"@type":"PropertyValueSpecification","valueRequired":true,"valueName":"search_term_string"}}],"inLanguage":"nb-NO"},{"@type":"Organization","@id":"https:\/\/www.hostfully.com\/no\/#organization","name":"Hostfully","url":"https:\/\/www.hostfully.com\/no\/","logo":{"@type":"ImageObject","inLanguage":"nb-NO","@id":"https:\/\/www.hostfully.com\/no\/#\/schema\/logo\/image\/","url":"https:\/\/www.hostfully.com\/wp-content\/uploads\/2025\/08\/Hostfully_bluecircle_isotype_R-.png","contentUrl":"https:\/\/www.hostfully.com\/wp-content\/uploads\/2025\/08\/Hostfully_bluecircle_isotype_R-.png","width":321,"height":321,"caption":"Hostfully"},"image":{"@id":"https:\/\/www.hostfully.com\/no\/#\/schema\/logo\/image\/"},"sameAs":["https:\/\/www.facebook.com\/hostfully","https:\/\/x.com\/hostfully","https:\/\/www.instagram.com\/hostfully_\/","https:\/\/www.youtube.com\/c\/Hostfully","https:\/\/www.linkedin.com\/company\/hostfully-inc-\/"]}]}},"_links":{"self":[{"href":"https:\/\/www.hostfully.com\/no\/wp-json\/wp\/v2\/pages\/105049","targetHints":{"allow":["GET"]}}],"collection":[{"href":"https:\/\/www.hostfully.com\/no\/wp-json\/wp\/v2\/pages"}],"about":[{"href":"https:\/\/www.hostfully.com\/no\/wp-json\/wp\/v2\/types\/page"}],"author":[{"embeddable":true,"href":"https:\/\/www.hostfully.com\/no\/wp-json\/wp\/v2\/users\/2"}],"replies":[{"embeddable":true,"href":"https:\/\/www.hostfully.com\/no\/wp-json\/wp\/v2\/comments?post=105049"}],"version-history":[{"count":1,"href":"https:\/\/www.hostfully.com\/no\/wp-json\/wp\/v2\/pages\/105049\/revisions"}],"predecessor-version":[{"id":105050,"href":"https:\/\/www.hostfully.com\/no\/wp-json\/wp\/v2\/pages\/105049\/revisions\/105050"}],"up":[{"embeddable":true,"href":"https:\/\/www.hostfully.com\/no\/wp-json\/wp\/v2\/pages\/104074"}],"wp:attachment":[{"href":"https:\/\/www.hostfully.com\/no\/wp-json\/wp\/v2\/media?parent=105049"}],"curies":[{"name":"wp","href":"https:\/\/api.w.org\/{rel}","templated":true}]}}