{"id":105051,"date":"2025-11-24T18:33:34","date_gmt":"2025-11-24T18:33:34","guid":{"rendered":"https:\/\/www.hostfully.com\/vekstverktoy\/helsesjekk-quiz-for-ferieutleiebedrifter\/"},"modified":"2026-04-14T22:09:48","modified_gmt":"2026-04-14T22:09:48","slug":"helsesjekk-quiz-for-ferieutleiebedrifter","status":"publish","type":"page","link":"https:\/\/www.hostfully.com\/no\/vekstverktoy\/helsesjekk-quiz-for-ferieutleiebedrifter\/","title":{"rendered":"Helsesjekk-quiz for ferieutleiebedrifter"},"content":{"rendered":"\t\t<div data-elementor-type=\"wp-page\" data-elementor-id=\"105051\" class=\"elementor elementor-105051 elementor-7841\" data-elementor-post-type=\"page\">\n\t\t\t\t<div class=\"elementor-element elementor-element-faaf74c e-con-full my-4i br-50i e-flex e-con e-parent\" data-id=\"faaf74c\" data-element_type=\"container\" data-e-type=\"container\" data-settings=\"{&quot;background_background&quot;:&quot;classic&quot;}\">\n\t\t<div class=\"elementor-element elementor-element-982f6b2 e-con-full e-flex e-con e-child\" data-id=\"982f6b2\" data-element_type=\"container\" data-e-type=\"container\">\n\t\t\t\t<div class=\"elementor-element elementor-element-4a70e6a elementor-widget elementor-widget-html\" data-id=\"4a70e6a\" data-element_type=\"widget\" data-e-type=\"widget\" data-widget_type=\"html.default\">\n\t\t\t\t<div class=\"elementor-widget-container\">\n\t\t\t\t\t<div>\r\n<div class=\"op-interactive\" id=\"5de6670dddb67c77083c1dcf\" data-url=\"https:\/\/hostfully.outgrow.us\/5de6670dddb67c77083c1dcf?vHeight=1\" data-width=\"100%\">&nbsp;<\/div>\r\n<script src=\"\/\/dyv6f9ner1ir9.cloudfront.net\/assets\/js\/nloader.js\"><\/script>\r\n<script>initIframe('5de6670dddb67c77083c1dcf');<\/script>\r\n<\/div>\t\t\t\t<\/div>\n\t\t\t\t<\/div>\n\t\t\t\t<\/div>\n\t\t\t\t<\/div>\n\t\t<div class=\"elementor-element elementor-element-6d8a2c2 e-flex e-con-boxed e-con e-parent\" data-id=\"6d8a2c2\" data-element_type=\"container\" data-e-type=\"container\">\n\t\t\t\t\t<div class=\"e-con-inner\">\n\t\t\t\t<div class=\"elementor-element elementor-element-085caad elementor-widget elementor-widget-text-editor\" data-id=\"085caad\" data-element_type=\"widget\" data-e-type=\"widget\" data-widget_type=\"text-editor.default\">\n\t\t\t\t<div class=\"elementor-widget-container\">\n\t\t\t\t\t\t\t\t\t<p>Selv om teknologidrevne reiselivsbedrifter er et nytt fenomen det siste ti\u00e5ret, f\u00f8lger veksten deres tradisjonelle forretningsmodeller. Det er fire kritiske forretningsfunksjoner i enhver bedrift for forvaltning av ferieboliger \u2013 <strong>drift, markedsf\u00f8ring, salg og gjesteh\u00e5ndtering<\/strong>. <\/p><p>For forvaltere av ferieboliger \ud83d\ude4b\u200d\u2640\ufe0f\ud83d\ude4b\u200d\u2642\ufe0f er et sp\u00f8rsm\u00e5l vi ofte f\u00e5r: <em>Hvordan vet du hvilken av disse forretningsfunksjonene du skal fokusere p\u00e5?<\/em> Og svaret var alltid: <em>Det kommer an p\u00e5<\/em>\u2026 Helt til n\u00e5! Hostfully har laget en <strong>helsesjekk-quiz<\/strong> \ud83c\udfe1 for ferieutleiebedrifter som, basert p\u00e5 dine svar, vil gi deg den ene komponenten av virksomheten din du b\u00f8r fokusere mest p\u00e5 de neste 12 m\u00e5nedene \ud83d\udcc5: drift, markedsf\u00f8ring, salg eller gjesteh\u00e5ndtering. <\/p><p>I l\u00f8pet av minutter vil du ha en tilpasset og nedlastbar handlingsplan for dine ferieboliger for \u00e5 bidra til \u00e5 \u00f8ke \ud83d\udcc8 virksomheten din, og til syvende og sist inntektene. Hvis du har sp\u00f8rsm\u00e5l om quizen eller \u00f8nsker \u00e5 f\u00f8lge opp, vennligst kontakt <a href=\"mailto:jessica@hostfully.com?subject=Let%27s%20Talk%20VRMC%20Health%20Check%20Quiz!\">jessica@hostfully.com<\/a> \u2013 vi elsker \u00e5 h\u00f8re fra deg! <\/p>\t\t\t\t\t\t\t\t<\/div>\n\t\t\t\t<\/div>\n\t\t\t\t\t<\/div>\n\t\t\t\t<\/div>\n\t\t\t\t<\/div>\n\t\t","protected":false},"excerpt":{"rendered":"<p>&nbsp; Selv om teknologidrevne reiselivsbedrifter er et nytt fenomen det siste ti\u00e5ret, f\u00f8lger veksten deres tradisjonelle forretningsmodeller. Det er fire kritiske forretningsfunksjoner i enhver bedrift for forvaltning av ferieboliger \u2013 drift, markedsf\u00f8ring, salg og gjesteh\u00e5ndtering. For forvaltere av ferieboliger \ud83d\ude4b\u200d\u2640\ufe0f\ud83d\ude4b\u200d\u2642\ufe0f er et sp\u00f8rsm\u00e5l vi ofte f\u00e5r: Hvordan vet du hvilken av disse forretningsfunksjonene du skal [&hellip;]<\/p>\n","protected":false},"author":2,"featured_media":0,"parent":104074,"menu_order":0,"comment_status":"closed","ping_status":"closed","template":"","meta":{"footnotes":""},"class_list":["post-105051","page","type-page","status-publish","hentry"],"yoast_head":"<!-- This site is optimized with the Yoast SEO Premium plugin v27.4 (Yoast SEO v27.4) - https:\/\/yoast.com\/product\/yoast-seo-premium-wordpress\/ -->\n<title>Helsesjekk-quiz for ferieutleiebedrifter | Hostfully<\/title>\n<meta name=\"description\" content=\"Ta v\u00e5r gratis VRMC helsesjekk-quiz og avdekk viktige vekstmuligheter med en tilpasset handlingsplan for din bedrift.\" \/>\n<meta name=\"robots\" content=\"index, follow, max-snippet:-1, max-image-preview:large, max-video-preview:-1\" \/>\n<link rel=\"canonical\" href=\"https:\/\/www.hostfully.com\/no\/vekstverktoy\/helsesjekk-quiz-for-ferieutleiebedrifter\/\" \/>\n<meta property=\"og:locale\" content=\"nb_NO\" \/>\n<meta property=\"og:type\" content=\"article\" \/>\n<meta property=\"og:title\" content=\"Helsesjekk-quiz for ferieutleiebedrifter\" \/>\n<meta property=\"og:description\" content=\"Ta v\u00e5r gratis VRMC helsesjekk-quiz og avdekk viktige vekstmuligheter med en tilpasset handlingsplan for din bedrift.\" \/>\n<meta property=\"og:url\" content=\"https:\/\/www.hostfully.com\/no\/vekstverktoy\/helsesjekk-quiz-for-ferieutleiebedrifter\/\" \/>\n<meta property=\"og:site_name\" content=\"Hostfully\" \/>\n<meta property=\"article:publisher\" content=\"https:\/\/www.facebook.com\/hostfully\" \/>\n<meta property=\"article:modified_time\" content=\"2026-04-14T22:09:48+00:00\" \/>\n<meta name=\"twitter:card\" content=\"summary_large_image\" \/>\n<meta name=\"twitter:site\" content=\"@hostfully\" \/>\n<meta name=\"twitter:label1\" content=\"Ansl. lesetid\" \/>\n\t<meta name=\"twitter:data1\" content=\"1 minutt\" \/>\n<script type=\"application\/ld+json\" class=\"yoast-schema-graph\">{\"@context\":\"https:\\\/\\\/schema.org\",\"@graph\":[{\"@type\":\"WebPage\",\"@id\":\"https:\\\/\\\/www.hostfully.com\\\/no\\\/vekstverktoy\\\/helsesjekk-quiz-for-ferieutleiebedrifter\\\/\",\"url\":\"https:\\\/\\\/www.hostfully.com\\\/no\\\/vekstverktoy\\\/helsesjekk-quiz-for-ferieutleiebedrifter\\\/\",\"name\":\"Helsesjekk-quiz for ferieutleiebedrifter | Hostfully\",\"isPartOf\":{\"@id\":\"https:\\\/\\\/www.hostfully.com\\\/no\\\/#website\"},\"datePublished\":\"2025-11-24T18:33:34+00:00\",\"dateModified\":\"2026-04-14T22:09:48+00:00\",\"description\":\"Ta v\u00e5r gratis VRMC helsesjekk-quiz og avdekk viktige vekstmuligheter med en tilpasset handlingsplan for din bedrift.\",\"breadcrumb\":{\"@id\":\"https:\\\/\\\/www.hostfully.com\\\/no\\\/vekstverktoy\\\/helsesjekk-quiz-for-ferieutleiebedrifter\\\/#breadcrumb\"},\"inLanguage\":\"nb-NO\",\"potentialAction\":[{\"@type\":\"ReadAction\",\"target\":[\"https:\\\/\\\/www.hostfully.com\\\/no\\\/vekstverktoy\\\/helsesjekk-quiz-for-ferieutleiebedrifter\\\/\"]}]},{\"@type\":\"BreadcrumbList\",\"@id\":\"https:\\\/\\\/www.hostfully.com\\\/no\\\/vekstverktoy\\\/helsesjekk-quiz-for-ferieutleiebedrifter\\\/#breadcrumb\",\"itemListElement\":[{\"@type\":\"ListItem\",\"position\":1,\"name\":\"Home\",\"item\":\"https:\\\/\\\/www.hostfully.com\\\/no\\\/\"},{\"@type\":\"ListItem\",\"position\":2,\"name\":\"Vekstverkt\u00f8y\",\"item\":\"https:\\\/\\\/www.hostfully.com\\\/no\\\/vekstverktoy\\\/\"},{\"@type\":\"ListItem\",\"position\":3,\"name\":\"Helsesjekk-quiz for ferieutleiebedrifter\"}]},{\"@type\":\"WebSite\",\"@id\":\"https:\\\/\\\/www.hostfully.com\\\/no\\\/#website\",\"url\":\"https:\\\/\\\/www.hostfully.com\\\/no\\\/\",\"name\":\"Hostfully\",\"description\":\"Award Winning Vacation Rental Software\",\"publisher\":{\"@id\":\"https:\\\/\\\/www.hostfully.com\\\/no\\\/#organization\"},\"potentialAction\":[{\"@type\":\"SearchAction\",\"target\":{\"@type\":\"EntryPoint\",\"urlTemplate\":\"https:\\\/\\\/www.hostfully.com\\\/no\\\/?s={search_term_string}\"},\"query-input\":{\"@type\":\"PropertyValueSpecification\",\"valueRequired\":true,\"valueName\":\"search_term_string\"}}],\"inLanguage\":\"nb-NO\"},{\"@type\":\"Organization\",\"@id\":\"https:\\\/\\\/www.hostfully.com\\\/no\\\/#organization\",\"name\":\"Hostfully\",\"url\":\"https:\\\/\\\/www.hostfully.com\\\/no\\\/\",\"logo\":{\"@type\":\"ImageObject\",\"inLanguage\":\"nb-NO\",\"@id\":\"https:\\\/\\\/www.hostfully.com\\\/no\\\/#\\\/schema\\\/logo\\\/image\\\/\",\"url\":\"https:\\\/\\\/www.hostfully.com\\\/wp-content\\\/uploads\\\/2025\\\/08\\\/Hostfully_bluecircle_isotype_R-.png\",\"contentUrl\":\"https:\\\/\\\/www.hostfully.com\\\/wp-content\\\/uploads\\\/2025\\\/08\\\/Hostfully_bluecircle_isotype_R-.png\",\"width\":321,\"height\":321,\"caption\":\"Hostfully\"},\"image\":{\"@id\":\"https:\\\/\\\/www.hostfully.com\\\/no\\\/#\\\/schema\\\/logo\\\/image\\\/\"},\"sameAs\":[\"https:\\\/\\\/www.facebook.com\\\/hostfully\",\"https:\\\/\\\/x.com\\\/hostfully\",\"https:\\\/\\\/www.instagram.com\\\/hostfully_\\\/\",\"https:\\\/\\\/www.youtube.com\\\/c\\\/Hostfully\",\"https:\\\/\\\/www.linkedin.com\\\/company\\\/hostfully-inc-\\\/\"]}]}<\/script>\n<!-- \/ Yoast SEO Premium plugin. -->","yoast_head_json":{"title":"Helsesjekk-quiz for ferieutleiebedrifter | Hostfully","description":"Ta v\u00e5r gratis VRMC helsesjekk-quiz og avdekk viktige vekstmuligheter med en tilpasset handlingsplan for din bedrift.","robots":{"index":"index","follow":"follow","max-snippet":"max-snippet:-1","max-image-preview":"max-image-preview:large","max-video-preview":"max-video-preview:-1"},"canonical":"https:\/\/www.hostfully.com\/no\/vekstverktoy\/helsesjekk-quiz-for-ferieutleiebedrifter\/","og_locale":"nb_NO","og_type":"article","og_title":"Helsesjekk-quiz for ferieutleiebedrifter","og_description":"Ta v\u00e5r gratis VRMC helsesjekk-quiz og avdekk viktige vekstmuligheter med en tilpasset handlingsplan for din bedrift.","og_url":"https:\/\/www.hostfully.com\/no\/vekstverktoy\/helsesjekk-quiz-for-ferieutleiebedrifter\/","og_site_name":"Hostfully","article_publisher":"https:\/\/www.facebook.com\/hostfully","article_modified_time":"2026-04-14T22:09:48+00:00","twitter_card":"summary_large_image","twitter_site":"@hostfully","twitter_misc":{"Ansl. lesetid":"1 minutt"},"schema":{"@context":"https:\/\/schema.org","@graph":[{"@type":"WebPage","@id":"https:\/\/www.hostfully.com\/no\/vekstverktoy\/helsesjekk-quiz-for-ferieutleiebedrifter\/","url":"https:\/\/www.hostfully.com\/no\/vekstverktoy\/helsesjekk-quiz-for-ferieutleiebedrifter\/","name":"Helsesjekk-quiz for ferieutleiebedrifter | Hostfully","isPartOf":{"@id":"https:\/\/www.hostfully.com\/no\/#website"},"datePublished":"2025-11-24T18:33:34+00:00","dateModified":"2026-04-14T22:09:48+00:00","description":"Ta v\u00e5r gratis VRMC helsesjekk-quiz og avdekk viktige vekstmuligheter med en tilpasset handlingsplan for din bedrift.","breadcrumb":{"@id":"https:\/\/www.hostfully.com\/no\/vekstverktoy\/helsesjekk-quiz-for-ferieutleiebedrifter\/#breadcrumb"},"inLanguage":"nb-NO","potentialAction":[{"@type":"ReadAction","target":["https:\/\/www.hostfully.com\/no\/vekstverktoy\/helsesjekk-quiz-for-ferieutleiebedrifter\/"]}]},{"@type":"BreadcrumbList","@id":"https:\/\/www.hostfully.com\/no\/vekstverktoy\/helsesjekk-quiz-for-ferieutleiebedrifter\/#breadcrumb","itemListElement":[{"@type":"ListItem","position":1,"name":"Home","item":"https:\/\/www.hostfully.com\/no\/"},{"@type":"ListItem","position":2,"name":"Vekstverkt\u00f8y","item":"https:\/\/www.hostfully.com\/no\/vekstverktoy\/"},{"@type":"ListItem","position":3,"name":"Helsesjekk-quiz for ferieutleiebedrifter"}]},{"@type":"WebSite","@id":"https:\/\/www.hostfully.com\/no\/#website","url":"https:\/\/www.hostfully.com\/no\/","name":"Hostfully","description":"Award Winning Vacation Rental Software","publisher":{"@id":"https:\/\/www.hostfully.com\/no\/#organization"},"potentialAction":[{"@type":"SearchAction","target":{"@type":"EntryPoint","urlTemplate":"https:\/\/www.hostfully.com\/no\/?s={search_term_string}"},"query-input":{"@type":"PropertyValueSpecification","valueRequired":true,"valueName":"search_term_string"}}],"inLanguage":"nb-NO"},{"@type":"Organization","@id":"https:\/\/www.hostfully.com\/no\/#organization","name":"Hostfully","url":"https:\/\/www.hostfully.com\/no\/","logo":{"@type":"ImageObject","inLanguage":"nb-NO","@id":"https:\/\/www.hostfully.com\/no\/#\/schema\/logo\/image\/","url":"https:\/\/www.hostfully.com\/wp-content\/uploads\/2025\/08\/Hostfully_bluecircle_isotype_R-.png","contentUrl":"https:\/\/www.hostfully.com\/wp-content\/uploads\/2025\/08\/Hostfully_bluecircle_isotype_R-.png","width":321,"height":321,"caption":"Hostfully"},"image":{"@id":"https:\/\/www.hostfully.com\/no\/#\/schema\/logo\/image\/"},"sameAs":["https:\/\/www.facebook.com\/hostfully","https:\/\/x.com\/hostfully","https:\/\/www.instagram.com\/hostfully_\/","https:\/\/www.youtube.com\/c\/Hostfully","https:\/\/www.linkedin.com\/company\/hostfully-inc-\/"]}]}},"_links":{"self":[{"href":"https:\/\/www.hostfully.com\/no\/wp-json\/wp\/v2\/pages\/105051","targetHints":{"allow":["GET"]}}],"collection":[{"href":"https:\/\/www.hostfully.com\/no\/wp-json\/wp\/v2\/pages"}],"about":[{"href":"https:\/\/www.hostfully.com\/no\/wp-json\/wp\/v2\/types\/page"}],"author":[{"embeddable":true,"href":"https:\/\/www.hostfully.com\/no\/wp-json\/wp\/v2\/users\/2"}],"replies":[{"embeddable":true,"href":"https:\/\/www.hostfully.com\/no\/wp-json\/wp\/v2\/comments?post=105051"}],"version-history":[{"count":1,"href":"https:\/\/www.hostfully.com\/no\/wp-json\/wp\/v2\/pages\/105051\/revisions"}],"predecessor-version":[{"id":105052,"href":"https:\/\/www.hostfully.com\/no\/wp-json\/wp\/v2\/pages\/105051\/revisions\/105052"}],"up":[{"embeddable":true,"href":"https:\/\/www.hostfully.com\/no\/wp-json\/wp\/v2\/pages\/104074"}],"wp:attachment":[{"href":"https:\/\/www.hostfully.com\/no\/wp-json\/wp\/v2\/media?parent=105051"}],"curies":[{"name":"wp","href":"https:\/\/api.w.org\/{rel}","templated":true}]}}