{"id":109109,"date":"2025-11-13T16:40:30","date_gmt":"2025-11-13T16:40:30","guid":{"rendered":"https:\/\/www.hostfully.com\/retningslinjer-for-informasjonskapsler\/"},"modified":"2025-11-13T16:40:30","modified_gmt":"2025-11-13T16:40:30","slug":"retningslinjer-for-informasjonskapsler","status":"publish","type":"page","link":"https:\/\/www.hostfully.com\/no\/retningslinjer-for-informasjonskapsler\/","title":{"rendered":"Retningslinjer for informasjonskapsler"},"content":{"rendered":"<p>Ikrafttredelsesdato: 15. mai 2024<\/p>\n<p>&nbsp;<\/p>\n<p>&nbsp;<\/p>\n<h4>Hva er informasjonskapsler?<\/h4>\n<p>&nbsp;<\/p>\n<p>Disse retningslinjene for informasjonskapsler forklarer hva informasjonskapsler er og hvordan vi bruker dem, hvilke typer informasjonskapsler vi bruker (dvs. informasjonen vi samler inn ved hjelp av informasjonskapsler og hvordan denne informasjonen brukes), og hvordan du administrerer innstillingene for informasjonskapsler.<\/p>\n<p>Informasjonskapsler er sm\u00e5 tekstfiler som brukes til \u00e5 lagre sm\u00e5 biter av informasjon. De lagres p\u00e5 enheten din n\u00e5r nettstedet lastes inn i nettleseren din. Disse informasjonskapslene hjelper oss med \u00e5 f\u00e5 nettstedet til \u00e5 fungere korrekt, gj\u00f8re det sikrere, gi en bedre brukeropplevelse, og forst\u00e5 hvordan nettstedet presterer samt \u00e5 analysere hva som fungerer og hvor det trenger forbedring. <\/p>\n<p>&nbsp;<\/p>\n<p>&nbsp;<\/p>\n<h4>Hvordan bruker vi informasjonskapsler?<\/h4>\n<p>&nbsp;<\/p>\n<p>Som de fleste nettjenester bruker nettstedet v\u00e5rt f\u00f8rsteparts- og tredjeparts informasjonskapsler til flere form\u00e5l. F\u00f8rsteparts informasjonskapsler er stort sett n\u00f8dvendige for at nettstedet skal fungere korrekt, og de samler ikke inn personlig identifiserbar informasjon om deg. <\/p>\n<p>Tredjeparts informasjonskapsler som brukes p\u00e5 nettstedet v\u00e5rt, er hovedsakelig for \u00e5 forst\u00e5 hvordan nettstedet presterer, hvordan du samhandler med nettstedet v\u00e5rt, holde tjenestene v\u00e5re sikre, vise annonser som er relevante for deg, og alt i alt gi deg en bedre og forbedret brukeropplevelse og bidra til \u00e5 fremskynde dine fremtidige interaksjoner med nettstedet v\u00e5rt.<\/p>\n<p>&nbsp;<\/p>\n<p>[wcc_category_list]<\/p>\n<p>&nbsp;<\/p>\n<p>&nbsp;<\/p>\n<h4>Administrer innstillinger for informasjonskapsler<\/h4>\n<p>&nbsp;<\/p>\n<p>Du kan endre innstillingene for informasjonskapsler n\u00e5r som helst ved \u00e5 klikke p\u00e5 [wcc_preference_button]-knappen. Dette lar deg bes\u00f8ke banneret for informasjonskapselsamtykke p\u00e5 nytt og endre innstillingene dine eller trekke tilbake samtykket ditt umiddelbart. I tillegg tilbyr forskjellige nettlesere forskjellige metoder for \u00e5 blokkere og slette informasjonskapsler som brukes av nettsteder. Du kan endre innstillingene i nettleseren din for \u00e5 blokkere\/slette informasjonskapslene. Nedenfor er lenkene til st\u00f8ttedokumentene om hvordan du administrerer og sletter informasjonskapsler fra de st\u00f8rste nettleserne.    <\/p>\n<p>Chrome: <a href=\"https:\/\/support.google.com\/accounts\/answer\/32050\"> https:\/\/support.google.com\/accounts\/answer\/32050<\/a><\/p>\n<p>Safari: <a href=\"https:\/\/support.apple.com\/en-in\/guide\/safari\/sfri11471\/mac\">https:\/\/support.apple.com\/en-in\/guide\/safari\/sfri11471\/mac<\/a><\/p>\n<p>Firefox: <a href=\"https:\/\/support.mozilla.org\/en-US\/kb\/clear-cookies-and-site-data-firefox?redirectslug=delete-cookies-remove-info-websites-stored&amp;redirectlocale=en-US\">https:\/\/support.mozilla.org\/en-US\/kb\/clear-cookies-and-site-data-firefox?redirectslug=delete-cookies-remove-info-websites-stored&amp;redirectlocale=en-US<\/a><\/p>\n<p>Microsoft Edge: <a href=\"https:\/\/support.microsoft.com\/en-us\/microsoft-edge\/delete-cookies-in-microsoft-edge-63947406-40ac-c3b8-57b9-2a946a29ae09\"> Slett informasjonskapsler i Microsoft Edge \u2013 Microsoft Support<\/a><\/p>\n<p>Hvis du bruker en annen nettleser, vennligst bes\u00f8k nettleserens offisielle st\u00f8ttedokumenter.<\/p>\n","protected":false},"excerpt":{"rendered":"<p>Ikrafttredelsesdato: 15. mai 2024 &nbsp; &nbsp; Hva er informasjonskapsler? &nbsp; Disse retningslinjene for informasjonskapsler forklarer hva informasjonskapsler er og hvordan vi bruker dem, hvilke typer informasjonskapsler vi bruker (dvs. informasjonen vi samler inn ved hjelp av informasjonskapsler og hvordan denne informasjonen brukes), og hvordan du administrerer innstillingene for informasjonskapsler. Informasjonskapsler er sm\u00e5 tekstfiler som brukes [&hellip;]<\/p>\n","protected":false},"author":2,"featured_media":0,"parent":0,"menu_order":0,"comment_status":"closed","ping_status":"closed","template":"","meta":{"footnotes":""},"class_list":["post-109109","page","type-page","status-publish","hentry"],"yoast_head":"<!-- This site is optimized with the Yoast SEO Premium plugin v27.4 (Yoast SEO v27.4) - https:\/\/yoast.com\/product\/yoast-seo-premium-wordpress\/ -->\n<title>Retningslinjer for informasjonskapsler | Hostfully<\/title>\n<meta name=\"robots\" content=\"index, follow, max-snippet:-1, max-image-preview:large, max-video-preview:-1\" \/>\n<link rel=\"canonical\" href=\"https:\/\/www.hostfully.com\/no\/retningslinjer-for-informasjonskapsler\/\" \/>\n<meta property=\"og:locale\" content=\"nb_NO\" \/>\n<meta property=\"og:type\" content=\"article\" \/>\n<meta property=\"og:title\" content=\"Retningslinjer for informasjonskapsler\" \/>\n<meta property=\"og:description\" content=\"Ikrafttredelsesdato: 15. mai 2024 &nbsp; &nbsp; Hva er informasjonskapsler? &nbsp; Disse retningslinjene for informasjonskapsler forklarer hva informasjonskapsler er og hvordan vi bruker dem, hvilke typer informasjonskapsler vi bruker (dvs. informasjonen vi samler inn ved hjelp av informasjonskapsler og hvordan denne informasjonen brukes), og hvordan du administrerer innstillingene for informasjonskapsler. Informasjonskapsler er sm\u00e5 tekstfiler som brukes [&hellip;]\" \/>\n<meta property=\"og:url\" content=\"https:\/\/www.hostfully.com\/no\/retningslinjer-for-informasjonskapsler\/\" \/>\n<meta property=\"og:site_name\" content=\"Hostfully\" \/>\n<meta property=\"article:publisher\" content=\"https:\/\/www.facebook.com\/hostfully\" \/>\n<meta name=\"twitter:card\" content=\"summary_large_image\" \/>\n<meta name=\"twitter:site\" content=\"@hostfully\" \/>\n<meta name=\"twitter:label1\" content=\"Ansl. lesetid\" \/>\n\t<meta name=\"twitter:data1\" content=\"2 minutter\" \/>\n<script type=\"application\/ld+json\" class=\"yoast-schema-graph\">{\"@context\":\"https:\\\/\\\/schema.org\",\"@graph\":[{\"@type\":\"WebPage\",\"@id\":\"https:\\\/\\\/www.hostfully.com\\\/no\\\/retningslinjer-for-informasjonskapsler\\\/\",\"url\":\"https:\\\/\\\/www.hostfully.com\\\/no\\\/retningslinjer-for-informasjonskapsler\\\/\",\"name\":\"Retningslinjer for informasjonskapsler | Hostfully\",\"isPartOf\":{\"@id\":\"https:\\\/\\\/www.hostfully.com\\\/no\\\/#website\"},\"datePublished\":\"2025-11-13T16:40:30+00:00\",\"breadcrumb\":{\"@id\":\"https:\\\/\\\/www.hostfully.com\\\/no\\\/retningslinjer-for-informasjonskapsler\\\/#breadcrumb\"},\"inLanguage\":\"nb-NO\",\"potentialAction\":[{\"@type\":\"ReadAction\",\"target\":[\"https:\\\/\\\/www.hostfully.com\\\/no\\\/retningslinjer-for-informasjonskapsler\\\/\"]}]},{\"@type\":\"BreadcrumbList\",\"@id\":\"https:\\\/\\\/www.hostfully.com\\\/no\\\/retningslinjer-for-informasjonskapsler\\\/#breadcrumb\",\"itemListElement\":[{\"@type\":\"ListItem\",\"position\":1,\"name\":\"Home\",\"item\":\"https:\\\/\\\/www.hostfully.com\\\/no\\\/\"},{\"@type\":\"ListItem\",\"position\":2,\"name\":\"Retningslinjer for informasjonskapsler\"}]},{\"@type\":\"WebSite\",\"@id\":\"https:\\\/\\\/www.hostfully.com\\\/no\\\/#website\",\"url\":\"https:\\\/\\\/www.hostfully.com\\\/no\\\/\",\"name\":\"Hostfully\",\"description\":\"Award Winning Vacation Rental Software\",\"publisher\":{\"@id\":\"https:\\\/\\\/www.hostfully.com\\\/no\\\/#organization\"},\"potentialAction\":[{\"@type\":\"SearchAction\",\"target\":{\"@type\":\"EntryPoint\",\"urlTemplate\":\"https:\\\/\\\/www.hostfully.com\\\/no\\\/?s={search_term_string}\"},\"query-input\":{\"@type\":\"PropertyValueSpecification\",\"valueRequired\":true,\"valueName\":\"search_term_string\"}}],\"inLanguage\":\"nb-NO\"},{\"@type\":\"Organization\",\"@id\":\"https:\\\/\\\/www.hostfully.com\\\/no\\\/#organization\",\"name\":\"Hostfully\",\"url\":\"https:\\\/\\\/www.hostfully.com\\\/no\\\/\",\"logo\":{\"@type\":\"ImageObject\",\"inLanguage\":\"nb-NO\",\"@id\":\"https:\\\/\\\/www.hostfully.com\\\/no\\\/#\\\/schema\\\/logo\\\/image\\\/\",\"url\":\"https:\\\/\\\/www.hostfully.com\\\/wp-content\\\/uploads\\\/2025\\\/08\\\/Hostfully_bluecircle_isotype_R-.png\",\"contentUrl\":\"https:\\\/\\\/www.hostfully.com\\\/wp-content\\\/uploads\\\/2025\\\/08\\\/Hostfully_bluecircle_isotype_R-.png\",\"width\":321,\"height\":321,\"caption\":\"Hostfully\"},\"image\":{\"@id\":\"https:\\\/\\\/www.hostfully.com\\\/no\\\/#\\\/schema\\\/logo\\\/image\\\/\"},\"sameAs\":[\"https:\\\/\\\/www.facebook.com\\\/hostfully\",\"https:\\\/\\\/x.com\\\/hostfully\",\"https:\\\/\\\/www.instagram.com\\\/hostfully_\\\/\",\"https:\\\/\\\/www.youtube.com\\\/c\\\/Hostfully\",\"https:\\\/\\\/www.linkedin.com\\\/company\\\/hostfully-inc-\\\/\"]}]}<\/script>\n<!-- \/ Yoast SEO Premium plugin. -->","yoast_head_json":{"title":"Retningslinjer for informasjonskapsler | Hostfully","robots":{"index":"index","follow":"follow","max-snippet":"max-snippet:-1","max-image-preview":"max-image-preview:large","max-video-preview":"max-video-preview:-1"},"canonical":"https:\/\/www.hostfully.com\/no\/retningslinjer-for-informasjonskapsler\/","og_locale":"nb_NO","og_type":"article","og_title":"Retningslinjer for informasjonskapsler","og_description":"Ikrafttredelsesdato: 15. mai 2024 &nbsp; &nbsp; Hva er informasjonskapsler? &nbsp; Disse retningslinjene for informasjonskapsler forklarer hva informasjonskapsler er og hvordan vi bruker dem, hvilke typer informasjonskapsler vi bruker (dvs. informasjonen vi samler inn ved hjelp av informasjonskapsler og hvordan denne informasjonen brukes), og hvordan du administrerer innstillingene for informasjonskapsler. Informasjonskapsler er sm\u00e5 tekstfiler som brukes [&hellip;]","og_url":"https:\/\/www.hostfully.com\/no\/retningslinjer-for-informasjonskapsler\/","og_site_name":"Hostfully","article_publisher":"https:\/\/www.facebook.com\/hostfully","twitter_card":"summary_large_image","twitter_site":"@hostfully","twitter_misc":{"Ansl. lesetid":"2 minutter"},"schema":{"@context":"https:\/\/schema.org","@graph":[{"@type":"WebPage","@id":"https:\/\/www.hostfully.com\/no\/retningslinjer-for-informasjonskapsler\/","url":"https:\/\/www.hostfully.com\/no\/retningslinjer-for-informasjonskapsler\/","name":"Retningslinjer for informasjonskapsler | Hostfully","isPartOf":{"@id":"https:\/\/www.hostfully.com\/no\/#website"},"datePublished":"2025-11-13T16:40:30+00:00","breadcrumb":{"@id":"https:\/\/www.hostfully.com\/no\/retningslinjer-for-informasjonskapsler\/#breadcrumb"},"inLanguage":"nb-NO","potentialAction":[{"@type":"ReadAction","target":["https:\/\/www.hostfully.com\/no\/retningslinjer-for-informasjonskapsler\/"]}]},{"@type":"BreadcrumbList","@id":"https:\/\/www.hostfully.com\/no\/retningslinjer-for-informasjonskapsler\/#breadcrumb","itemListElement":[{"@type":"ListItem","position":1,"name":"Home","item":"https:\/\/www.hostfully.com\/no\/"},{"@type":"ListItem","position":2,"name":"Retningslinjer for informasjonskapsler"}]},{"@type":"WebSite","@id":"https:\/\/www.hostfully.com\/no\/#website","url":"https:\/\/www.hostfully.com\/no\/","name":"Hostfully","description":"Award Winning Vacation Rental Software","publisher":{"@id":"https:\/\/www.hostfully.com\/no\/#organization"},"potentialAction":[{"@type":"SearchAction","target":{"@type":"EntryPoint","urlTemplate":"https:\/\/www.hostfully.com\/no\/?s={search_term_string}"},"query-input":{"@type":"PropertyValueSpecification","valueRequired":true,"valueName":"search_term_string"}}],"inLanguage":"nb-NO"},{"@type":"Organization","@id":"https:\/\/www.hostfully.com\/no\/#organization","name":"Hostfully","url":"https:\/\/www.hostfully.com\/no\/","logo":{"@type":"ImageObject","inLanguage":"nb-NO","@id":"https:\/\/www.hostfully.com\/no\/#\/schema\/logo\/image\/","url":"https:\/\/www.hostfully.com\/wp-content\/uploads\/2025\/08\/Hostfully_bluecircle_isotype_R-.png","contentUrl":"https:\/\/www.hostfully.com\/wp-content\/uploads\/2025\/08\/Hostfully_bluecircle_isotype_R-.png","width":321,"height":321,"caption":"Hostfully"},"image":{"@id":"https:\/\/www.hostfully.com\/no\/#\/schema\/logo\/image\/"},"sameAs":["https:\/\/www.facebook.com\/hostfully","https:\/\/x.com\/hostfully","https:\/\/www.instagram.com\/hostfully_\/","https:\/\/www.youtube.com\/c\/Hostfully","https:\/\/www.linkedin.com\/company\/hostfully-inc-\/"]}]}},"_links":{"self":[{"href":"https:\/\/www.hostfully.com\/no\/wp-json\/wp\/v2\/pages\/109109","targetHints":{"allow":["GET"]}}],"collection":[{"href":"https:\/\/www.hostfully.com\/no\/wp-json\/wp\/v2\/pages"}],"about":[{"href":"https:\/\/www.hostfully.com\/no\/wp-json\/wp\/v2\/types\/page"}],"author":[{"embeddable":true,"href":"https:\/\/www.hostfully.com\/no\/wp-json\/wp\/v2\/users\/2"}],"replies":[{"embeddable":true,"href":"https:\/\/www.hostfully.com\/no\/wp-json\/wp\/v2\/comments?post=109109"}],"version-history":[{"count":0,"href":"https:\/\/www.hostfully.com\/no\/wp-json\/wp\/v2\/pages\/109109\/revisions"}],"wp:attachment":[{"href":"https:\/\/www.hostfully.com\/no\/wp-json\/wp\/v2\/media?parent=109109"}],"curies":[{"name":"wp","href":"https:\/\/api.w.org\/{rel}","templated":true}]}}