{"id":11607,"date":"2025-11-06T17:23:28","date_gmt":"2025-11-06T17:23:28","guid":{"rendered":"https:\/\/mktdev.hostfully.com\/regulamentacoes-de-aluguel-de-curto-prazo-por-estado\/"},"modified":"2026-03-06T23:55:54","modified_gmt":"2026-03-06T23:55:54","slug":"regulamentacoes-de-aluguel-de-curto-prazo-por-estado","status":"publish","type":"page","link":"https:\/\/www.hostfully.com\/pt-br\/regulamentacoes-de-aluguel-de-curto-prazo-por-estado\/","title":{"rendered":"Regulamenta\u00e7\u00f5es de aluguel de curto prazo por estado"},"content":{"rendered":"\t\t<div data-elementor-type=\"wp-page\" data-elementor-id=\"11607\" class=\"elementor elementor-11607 elementor-4879\" data-elementor-post-type=\"page\">\n\t\t\t\t<div class=\"elementor-element elementor-element-d9c7eb4 hf-hero-lg e-flex e-con-boxed e-con e-parent\" data-id=\"d9c7eb4\" data-element_type=\"container\" data-e-type=\"container\">\n\t\t\t\t\t<div class=\"e-con-inner\">\n\t\t<div class=\"elementor-element elementor-element-1e91fd2 e-con-full hf-section-tit e-flex e-con e-child\" data-id=\"1e91fd2\" data-element_type=\"container\" data-e-type=\"container\">\n\t\t\t\t<div class=\"elementor-element elementor-element-cb55a1c elementor-widget elementor-widget-heading\" data-id=\"cb55a1c\" data-element_type=\"widget\" data-e-type=\"widget\" data-widget_type=\"heading.default\">\n\t\t\t\t<div class=\"elementor-widget-container\">\n\t\t\t\t\t<h1 class=\"elementor-heading-title elementor-size-default\">Guia das regulamenta\u00e7\u00f5es de aluguel de curto prazo<\/h1>\t\t\t\t<\/div>\n\t\t\t\t<\/div>\n\t\t\t\t<div class=\"elementor-element elementor-element-87f7e69 elementor-widget elementor-widget-heading\" data-id=\"87f7e69\" data-element_type=\"widget\" data-e-type=\"widget\" data-widget_type=\"heading.default\">\n\t\t\t\t<div class=\"elementor-widget-container\">\n\t\t\t\t\t<h4 class=\"elementor-heading-title elementor-size-default\">Selecione o local sobre o qual voc\u00ea deseja saber mais sobre a regulamenta\u00e7\u00e3o de aluguel<\/h4>\t\t\t\t<\/div>\n\t\t\t\t<\/div>\n\t\t\t\t<\/div>\n\t\t\t\t\t<\/div>\n\t\t\t\t<\/div>\n\t\t<div class=\"elementor-element elementor-element-996f9f0 e-flex e-con-boxed e-con e-parent\" data-id=\"996f9f0\" data-element_type=\"container\" data-e-type=\"container\">\n\t\t\t\t\t<div class=\"e-con-inner\">\n\t\t\t\t<div class=\"elementor-element elementor-element-f2211e3 elementor-nav-menu__text-align-center elementor-widget elementor-widget-nav-menu\" data-id=\"f2211e3\" data-element_type=\"widget\" data-e-type=\"widget\" data-settings=\"{&quot;layout&quot;:&quot;dropdown&quot;,&quot;submenu_icon&quot;:{&quot;value&quot;:&quot;&lt;svg aria-hidden=\\&quot;true\\&quot; class=\\&quot;fa-svg-chevron-down e-font-icon-svg e-fas-chevron-down\\&quot; viewBox=\\&quot;0 0 448 512\\&quot; xmlns=\\&quot;http:\\\/\\\/www.w3.org\\\/2000\\\/svg\\&quot;&gt;&lt;path d=\\&quot;M207.029 381.476L12.686 187.132c-9.373-9.373-9.373-24.569 0-33.941l22.667-22.667c9.357-9.357 24.522-9.375 33.901-.04L224 284.505l154.745-154.021c9.379-9.335 24.544-9.317 33.901.04l22.667 22.667c9.373 9.373 9.373 24.569 0 33.941L240.971 381.476c-9.373 9.372-24.569 9.372-33.942 0z\\&quot;&gt;&lt;\\\/path&gt;&lt;\\\/svg&gt;&quot;,&quot;library&quot;:&quot;fa-solid&quot;}}\" data-widget_type=\"nav-menu.default\">\n\t\t\t\t<div class=\"elementor-widget-container\">\n\t\t\t\t\t\t\t\t<nav class=\"elementor-nav-menu--dropdown elementor-nav-menu__container\" aria-hidden=\"true\">\n\t\t\t\t<ul id=\"menu-2-f2211e3\" class=\"elementor-nav-menu\"><li class=\"menu-item menu-item-type-custom menu-item-object-custom menu-item-has-children menu-item-4886\"><a href=\"#\" class=\"elementor-item elementor-item-anchor\" tabindex=\"-1\">Select Location<\/a>\n<ul class=\"sub-menu elementor-nav-menu--dropdown\">\n\t<li class=\"menu-item menu-item-type-post_type menu-item-object-regulations menu-item-has-children menu-item-4887\"><a href=\"https:\/\/www.hostfully.com\/regulations\/canada\/\" class=\"elementor-sub-item\" tabindex=\"-1\">Canad\u00e1<\/a>\n\t<ul class=\"sub-menu elementor-nav-menu--dropdown\">\n\t\t<li class=\"menu-item menu-item-type-post_type menu-item-object-regulations menu-item-4888\"><a href=\"https:\/\/www.hostfully.com\/regulations\/canada\/ontario\/\" class=\"elementor-sub-item\" tabindex=\"-1\">Ont\u00e1rio<\/a><\/li>\n\t\t<li class=\"menu-item menu-item-type-post_type menu-item-object-regulations menu-item-4889\"><a href=\"https:\/\/www.hostfully.com\/regulations\/canada\/quebec\/\" class=\"elementor-sub-item\" tabindex=\"-1\">Quebec<\/a><\/li>\n\t<\/ul>\n<\/li>\n\t<li class=\"menu-item menu-item-type-post_type menu-item-object-regulations menu-item-has-children menu-item-4891\"><a href=\"https:\/\/www.hostfully.com\/regulations\/united-states\/\" class=\"elementor-sub-item\" tabindex=\"-1\">Estados Unidos<\/a>\n\t<ul class=\"sub-menu elementor-nav-menu--dropdown\">\n\t\t<li class=\"menu-item menu-item-type-post_type menu-item-object-regulations menu-item-4892\"><a href=\"https:\/\/www.hostfully.com\/regulations\/united-states\/california\/\" class=\"elementor-sub-item\" tabindex=\"-1\">Calif\u00f3rnia<\/a><\/li>\n\t\t<li class=\"menu-item menu-item-type-post_type menu-item-object-regulations menu-item-4893\"><a href=\"https:\/\/www.hostfully.com\/regulations\/united-states\/colorado\/\" class=\"elementor-sub-item\" tabindex=\"-1\">Colorado<\/a><\/li>\n\t\t<li class=\"menu-item menu-item-type-post_type menu-item-object-regulations menu-item-4894\"><a href=\"https:\/\/www.hostfully.com\/regulations\/united-states\/florida\/\" class=\"elementor-sub-item\" tabindex=\"-1\">Fl\u00f3rida<\/a><\/li>\n\t\t<li class=\"menu-item menu-item-type-post_type menu-item-object-regulations menu-item-4895\"><a href=\"https:\/\/www.hostfully.com\/regulations\/united-states\/georgia\/\" class=\"elementor-sub-item\" tabindex=\"-1\">Ge\u00f3rgia<\/a><\/li>\n\t\t<li class=\"menu-item menu-item-type-post_type menu-item-object-regulations menu-item-4896\"><a href=\"https:\/\/www.hostfully.com\/regulations\/united-states\/kentucky\/\" class=\"elementor-sub-item\" tabindex=\"-1\">Kentucky<\/a><\/li>\n\t\t<li class=\"menu-item menu-item-type-post_type menu-item-object-regulations menu-item-4897\"><a href=\"https:\/\/www.hostfully.com\/regulations\/united-states\/maine\/\" class=\"elementor-sub-item\" tabindex=\"-1\">Maine<\/a><\/li>\n\t\t<li class=\"menu-item menu-item-type-post_type menu-item-object-regulations menu-item-4898\"><a href=\"https:\/\/www.hostfully.com\/regulations\/united-states\/new-york\/\" class=\"elementor-sub-item\" tabindex=\"-1\">Nova York<\/a><\/li>\n\t\t<li class=\"menu-item menu-item-type-post_type menu-item-object-regulations menu-item-4899\"><a href=\"https:\/\/www.hostfully.com\/regulations\/united-states\/north-carolina\/\" class=\"elementor-sub-item\" tabindex=\"-1\">Carolina do Norte<\/a><\/li>\n\t\t<li class=\"menu-item menu-item-type-post_type menu-item-object-regulations menu-item-4900\"><a href=\"https:\/\/www.hostfully.com\/regulations\/united-states\/oregon\/\" class=\"elementor-sub-item\" tabindex=\"-1\">Oregon<\/a><\/li>\n\t\t<li class=\"menu-item menu-item-type-post_type menu-item-object-regulations menu-item-4901\"><a href=\"https:\/\/www.hostfully.com\/regulations\/united-states\/raleigh\/\" class=\"elementor-sub-item\" tabindex=\"-1\">Raleigh<\/a><\/li>\n\t\t<li class=\"menu-item menu-item-type-post_type menu-item-object-regulations menu-item-4902\"><a href=\"https:\/\/www.hostfully.com\/regulations\/united-states\/tennessee\/\" class=\"elementor-sub-item\" tabindex=\"-1\">Tennessee<\/a><\/li>\n\t\t<li class=\"menu-item menu-item-type-post_type menu-item-object-regulations menu-item-4903\"><a href=\"https:\/\/www.hostfully.com\/regulations\/united-states\/texas\/\" class=\"elementor-sub-item\" tabindex=\"-1\">Texas<\/a><\/li>\n\t\t<li class=\"menu-item menu-item-type-post_type menu-item-object-regulations menu-item-4904\"><a href=\"https:\/\/www.hostfully.com\/regulations\/united-states\/vermont\/\" class=\"elementor-sub-item\" tabindex=\"-1\">Vermont<\/a><\/li>\n\t<\/ul>\n<\/li>\n\t<li class=\"menu-item menu-item-type-post_type menu-item-object-regulations menu-item-4890\"><a href=\"https:\/\/www.hostfully.com\/regulations\/united-kingdom\/\" class=\"elementor-sub-item\" tabindex=\"-1\">Reino Unido<\/a><\/li>\n<\/ul>\n<\/li>\n<\/ul>\t\t\t<\/nav>\n\t\t\t\t\t\t<\/div>\n\t\t\t\t<\/div>\n\t\t\t\t\t<\/div>\n\t\t\t\t<\/div>\n\t\t<div class=\"elementor-element elementor-element-aed958d hf-section-md e-flex e-con-boxed e-con e-parent\" data-id=\"aed958d\" data-element_type=\"container\" data-e-type=\"container\">\n\t\t\t\t\t<div class=\"e-con-inner\">\n\t\t\t\t<div class=\"elementor-element elementor-element-1115b70 elementor-alert-info elementor-widget elementor-widget-alert\" data-id=\"1115b70\" data-element_type=\"widget\" data-e-type=\"widget\" data-widget_type=\"alert.default\">\n\t\t\t\t<div class=\"elementor-widget-container\">\n\t\t\t\t\t\t\t<div class=\"elementor-alert\" role=\"alert\">\n\n\t\t\t\t\t\t<span class=\"elementor-alert-title\">Aviso Legal<\/span>\n\t\t\t\n\t\t\t\t\t\t<span class=\"elementor-alert-description\">As regulamenta\u00e7\u00f5es de aluguel de curto prazo est\u00e3o em constante mudan\u00e7a. O recurso abaixo \u00e9 atualizado sempre que poss\u00edvel, mas n\u00e3o deve ser considerado como aconselhamento jur\u00eddico. \u00c9 fundamental que voc\u00ea consulte seu advogado local para garantir que est\u00e1 tomando as medidas necess\u00e1rias para manter seus neg\u00f3cios seguros e legais.  <\/span>\n\t\t\t\n\t\t\t\n\t\t<\/div>\n\t\t\t\t\t\t<\/div>\n\t\t\t\t<\/div>\n\t\t\t\t<div class=\"elementor-element elementor-element-d68ee69 elementor-widget elementor-widget-text-editor\" data-id=\"d68ee69\" data-element_type=\"widget\" data-e-type=\"widget\" data-widget_type=\"text-editor.default\">\n\t\t\t\t<div class=\"elementor-widget-container\">\n\t\t\t\t\t\t\t\t\t<p style=\"margin-top: 30px;\">As regulamenta\u00e7\u00f5es de aluguel de curto prazo nos Estados Unidos podem ser dif\u00edceis de encontrar e entender. Isso ocorre porque estamos passando por uma mudan\u00e7a enorme na forma como os governos em todos os n\u00edveis entendem e lidam com alugu\u00e9is de temporada e plataformas de aluguel de curto prazo como Airbnb e HomeAway. Para ajudar os propriet\u00e1rios de alugu\u00e9is de temporada a navegar melhor nisso, a equipe da Hostfully criou um guia abrangente das v\u00e1rias leis \u2014 propostas e aprovadas \u2014 que afetar\u00e3o seus neg\u00f3cios como administrador de propriedades.  <\/p><p>As regras variam muito por estado e cidade. N\u00e3o existe uma abordagem \u00fanica para todos, e conhecer suas leis locais e estaduais \u00e9 fundamental para o sucesso de seus neg\u00f3cios. Navegue usando o mapa acima para o seu estado para entender melhor a legisla\u00e7\u00e3o atual em sua regi\u00e3o. No final, isso ajudar\u00e1 os administradores de propriedades e os propriet\u00e1rios de alugu\u00e9is de temporada a administrar e dimensionar melhor seus neg\u00f3cios.   <\/p>\t\t\t\t\t\t\t\t<\/div>\n\t\t\t\t<\/div>\n\t\t\t\t\t<\/div>\n\t\t\t\t<\/div>\n\t\t\t\t<\/div>\n\t\t","protected":false},"excerpt":{"rendered":"<p>Guia das regulamenta\u00e7\u00f5es de aluguel de curto prazo Selecione o local sobre o qual voc\u00ea deseja saber mais sobre a regulamenta\u00e7\u00e3o de aluguel Aviso Legal As regulamenta\u00e7\u00f5es de aluguel de curto prazo est\u00e3o em constante mudan\u00e7a. O recurso abaixo \u00e9 atualizado sempre que poss\u00edvel, mas n\u00e3o deve ser considerado como aconselhamento jur\u00eddico. \u00c9 fundamental que [&hellip;]<\/p>\n","protected":false},"author":1,"featured_media":0,"parent":0,"menu_order":0,"comment_status":"closed","ping_status":"closed","template":"","meta":{"footnotes":""},"class_list":["post-11607","page","type-page","status-publish","hentry"],"yoast_head":"<!-- This site is optimized with the Yoast SEO Premium plugin v27.4 (Yoast SEO v27.4) - https:\/\/yoast.com\/product\/yoast-seo-premium-wordpress\/ -->\n<title>Regulamenta\u00e7\u00f5es de aluguel de curto prazo por estado | Hostfully<\/title>\n<meta name=\"robots\" content=\"index, follow, max-snippet:-1, max-image-preview:large, max-video-preview:-1\" \/>\n<link rel=\"canonical\" href=\"https:\/\/www.hostfully.com\/pt-br\/regulamentacoes-de-aluguel-de-curto-prazo-por-estado\/\" \/>\n<meta property=\"og:locale\" content=\"pt_BR\" \/>\n<meta property=\"og:type\" content=\"article\" \/>\n<meta property=\"og:title\" content=\"Regulamenta\u00e7\u00f5es de aluguel de curto prazo por estado\" \/>\n<meta property=\"og:description\" content=\"Guia das regulamenta\u00e7\u00f5es de aluguel de curto prazo Selecione o local sobre o qual voc\u00ea deseja saber mais sobre a regulamenta\u00e7\u00e3o de aluguel Aviso Legal As regulamenta\u00e7\u00f5es de aluguel de curto prazo est\u00e3o em constante mudan\u00e7a. O recurso abaixo \u00e9 atualizado sempre que poss\u00edvel, mas n\u00e3o deve ser considerado como aconselhamento jur\u00eddico. \u00c9 fundamental que [&hellip;]\" \/>\n<meta property=\"og:url\" content=\"https:\/\/www.hostfully.com\/pt-br\/regulamentacoes-de-aluguel-de-curto-prazo-por-estado\/\" \/>\n<meta property=\"og:site_name\" content=\"Hostfully\" \/>\n<meta property=\"article:publisher\" content=\"https:\/\/www.facebook.com\/hostfully\" \/>\n<meta property=\"article:modified_time\" content=\"2026-03-06T23:55:54+00:00\" \/>\n<meta name=\"twitter:card\" content=\"summary_large_image\" \/>\n<meta name=\"twitter:site\" content=\"@hostfully\" \/>\n<meta name=\"twitter:label1\" content=\"Est. tempo de leitura\" \/>\n\t<meta name=\"twitter:data1\" content=\"1 minuto\" \/>\n<script type=\"application\/ld+json\" class=\"yoast-schema-graph\">{\"@context\":\"https:\\\/\\\/schema.org\",\"@graph\":[{\"@type\":\"WebPage\",\"@id\":\"https:\\\/\\\/www.hostfully.com\\\/pt-br\\\/regulamentacoes-de-aluguel-de-curto-prazo-por-estado\\\/\",\"url\":\"https:\\\/\\\/www.hostfully.com\\\/pt-br\\\/regulamentacoes-de-aluguel-de-curto-prazo-por-estado\\\/\",\"name\":\"Regulamenta\u00e7\u00f5es de aluguel de curto prazo por estado | Hostfully\",\"isPartOf\":{\"@id\":\"https:\\\/\\\/www.hostfully.com\\\/pt-br\\\/#website\"},\"datePublished\":\"2025-11-06T17:23:28+00:00\",\"dateModified\":\"2026-03-06T23:55:54+00:00\",\"breadcrumb\":{\"@id\":\"https:\\\/\\\/www.hostfully.com\\\/pt-br\\\/regulamentacoes-de-aluguel-de-curto-prazo-por-estado\\\/#breadcrumb\"},\"inLanguage\":\"pt-BR\",\"potentialAction\":[{\"@type\":\"ReadAction\",\"target\":[\"https:\\\/\\\/www.hostfully.com\\\/pt-br\\\/regulamentacoes-de-aluguel-de-curto-prazo-por-estado\\\/\"]}]},{\"@type\":\"BreadcrumbList\",\"@id\":\"https:\\\/\\\/www.hostfully.com\\\/pt-br\\\/regulamentacoes-de-aluguel-de-curto-prazo-por-estado\\\/#breadcrumb\",\"itemListElement\":[{\"@type\":\"ListItem\",\"position\":1,\"name\":\"Home\",\"item\":\"https:\\\/\\\/www.hostfully.com\\\/pt-br\\\/\"},{\"@type\":\"ListItem\",\"position\":2,\"name\":\"Regulamenta\u00e7\u00f5es de aluguel de curto prazo por estado\"}]},{\"@type\":\"WebSite\",\"@id\":\"https:\\\/\\\/www.hostfully.com\\\/pt-br\\\/#website\",\"url\":\"https:\\\/\\\/www.hostfully.com\\\/pt-br\\\/\",\"name\":\"Hostfully\",\"description\":\"Award Winning Vacation Rental Software\",\"publisher\":{\"@id\":\"https:\\\/\\\/www.hostfully.com\\\/pt-br\\\/#organization\"},\"potentialAction\":[{\"@type\":\"SearchAction\",\"target\":{\"@type\":\"EntryPoint\",\"urlTemplate\":\"https:\\\/\\\/www.hostfully.com\\\/pt-br\\\/?s={search_term_string}\"},\"query-input\":{\"@type\":\"PropertyValueSpecification\",\"valueRequired\":true,\"valueName\":\"search_term_string\"}}],\"inLanguage\":\"pt-BR\"},{\"@type\":\"Organization\",\"@id\":\"https:\\\/\\\/www.hostfully.com\\\/pt-br\\\/#organization\",\"name\":\"Hostfully\",\"url\":\"https:\\\/\\\/www.hostfully.com\\\/pt-br\\\/\",\"logo\":{\"@type\":\"ImageObject\",\"inLanguage\":\"pt-BR\",\"@id\":\"https:\\\/\\\/www.hostfully.com\\\/pt-br\\\/#\\\/schema\\\/logo\\\/image\\\/\",\"url\":\"https:\\\/\\\/www.hostfully.com\\\/wp-content\\\/uploads\\\/2025\\\/08\\\/Hostfully_bluecircle_isotype_R-.png\",\"contentUrl\":\"https:\\\/\\\/www.hostfully.com\\\/wp-content\\\/uploads\\\/2025\\\/08\\\/Hostfully_bluecircle_isotype_R-.png\",\"width\":321,\"height\":321,\"caption\":\"Hostfully\"},\"image\":{\"@id\":\"https:\\\/\\\/www.hostfully.com\\\/pt-br\\\/#\\\/schema\\\/logo\\\/image\\\/\"},\"sameAs\":[\"https:\\\/\\\/www.facebook.com\\\/hostfully\",\"https:\\\/\\\/x.com\\\/hostfully\",\"https:\\\/\\\/www.instagram.com\\\/hostfully_\\\/\",\"https:\\\/\\\/www.youtube.com\\\/c\\\/Hostfully\",\"https:\\\/\\\/www.linkedin.com\\\/company\\\/hostfully-inc-\\\/\"]}]}<\/script>\n<!-- \/ Yoast SEO Premium plugin. -->","yoast_head_json":{"title":"Regulamenta\u00e7\u00f5es de aluguel de curto prazo por estado | Hostfully","robots":{"index":"index","follow":"follow","max-snippet":"max-snippet:-1","max-image-preview":"max-image-preview:large","max-video-preview":"max-video-preview:-1"},"canonical":"https:\/\/www.hostfully.com\/pt-br\/regulamentacoes-de-aluguel-de-curto-prazo-por-estado\/","og_locale":"pt_BR","og_type":"article","og_title":"Regulamenta\u00e7\u00f5es de aluguel de curto prazo por estado","og_description":"Guia das regulamenta\u00e7\u00f5es de aluguel de curto prazo Selecione o local sobre o qual voc\u00ea deseja saber mais sobre a regulamenta\u00e7\u00e3o de aluguel Aviso Legal As regulamenta\u00e7\u00f5es de aluguel de curto prazo est\u00e3o em constante mudan\u00e7a. O recurso abaixo \u00e9 atualizado sempre que poss\u00edvel, mas n\u00e3o deve ser considerado como aconselhamento jur\u00eddico. \u00c9 fundamental que [&hellip;]","og_url":"https:\/\/www.hostfully.com\/pt-br\/regulamentacoes-de-aluguel-de-curto-prazo-por-estado\/","og_site_name":"Hostfully","article_publisher":"https:\/\/www.facebook.com\/hostfully","article_modified_time":"2026-03-06T23:55:54+00:00","twitter_card":"summary_large_image","twitter_site":"@hostfully","twitter_misc":{"Est. tempo de leitura":"1 minuto"},"schema":{"@context":"https:\/\/schema.org","@graph":[{"@type":"WebPage","@id":"https:\/\/www.hostfully.com\/pt-br\/regulamentacoes-de-aluguel-de-curto-prazo-por-estado\/","url":"https:\/\/www.hostfully.com\/pt-br\/regulamentacoes-de-aluguel-de-curto-prazo-por-estado\/","name":"Regulamenta\u00e7\u00f5es de aluguel de curto prazo por estado | Hostfully","isPartOf":{"@id":"https:\/\/www.hostfully.com\/pt-br\/#website"},"datePublished":"2025-11-06T17:23:28+00:00","dateModified":"2026-03-06T23:55:54+00:00","breadcrumb":{"@id":"https:\/\/www.hostfully.com\/pt-br\/regulamentacoes-de-aluguel-de-curto-prazo-por-estado\/#breadcrumb"},"inLanguage":"pt-BR","potentialAction":[{"@type":"ReadAction","target":["https:\/\/www.hostfully.com\/pt-br\/regulamentacoes-de-aluguel-de-curto-prazo-por-estado\/"]}]},{"@type":"BreadcrumbList","@id":"https:\/\/www.hostfully.com\/pt-br\/regulamentacoes-de-aluguel-de-curto-prazo-por-estado\/#breadcrumb","itemListElement":[{"@type":"ListItem","position":1,"name":"Home","item":"https:\/\/www.hostfully.com\/pt-br\/"},{"@type":"ListItem","position":2,"name":"Regulamenta\u00e7\u00f5es de aluguel de curto prazo por estado"}]},{"@type":"WebSite","@id":"https:\/\/www.hostfully.com\/pt-br\/#website","url":"https:\/\/www.hostfully.com\/pt-br\/","name":"Hostfully","description":"Award Winning Vacation Rental Software","publisher":{"@id":"https:\/\/www.hostfully.com\/pt-br\/#organization"},"potentialAction":[{"@type":"SearchAction","target":{"@type":"EntryPoint","urlTemplate":"https:\/\/www.hostfully.com\/pt-br\/?s={search_term_string}"},"query-input":{"@type":"PropertyValueSpecification","valueRequired":true,"valueName":"search_term_string"}}],"inLanguage":"pt-BR"},{"@type":"Organization","@id":"https:\/\/www.hostfully.com\/pt-br\/#organization","name":"Hostfully","url":"https:\/\/www.hostfully.com\/pt-br\/","logo":{"@type":"ImageObject","inLanguage":"pt-BR","@id":"https:\/\/www.hostfully.com\/pt-br\/#\/schema\/logo\/image\/","url":"https:\/\/www.hostfully.com\/wp-content\/uploads\/2025\/08\/Hostfully_bluecircle_isotype_R-.png","contentUrl":"https:\/\/www.hostfully.com\/wp-content\/uploads\/2025\/08\/Hostfully_bluecircle_isotype_R-.png","width":321,"height":321,"caption":"Hostfully"},"image":{"@id":"https:\/\/www.hostfully.com\/pt-br\/#\/schema\/logo\/image\/"},"sameAs":["https:\/\/www.facebook.com\/hostfully","https:\/\/x.com\/hostfully","https:\/\/www.instagram.com\/hostfully_\/","https:\/\/www.youtube.com\/c\/Hostfully","https:\/\/www.linkedin.com\/company\/hostfully-inc-\/"]}]}},"_links":{"self":[{"href":"https:\/\/www.hostfully.com\/pt-br\/wp-json\/wp\/v2\/pages\/11607","targetHints":{"allow":["GET"]}}],"collection":[{"href":"https:\/\/www.hostfully.com\/pt-br\/wp-json\/wp\/v2\/pages"}],"about":[{"href":"https:\/\/www.hostfully.com\/pt-br\/wp-json\/wp\/v2\/types\/page"}],"author":[{"embeddable":true,"href":"https:\/\/www.hostfully.com\/pt-br\/wp-json\/wp\/v2\/users\/1"}],"replies":[{"embeddable":true,"href":"https:\/\/www.hostfully.com\/pt-br\/wp-json\/wp\/v2\/comments?post=11607"}],"version-history":[{"count":3,"href":"https:\/\/www.hostfully.com\/pt-br\/wp-json\/wp\/v2\/pages\/11607\/revisions"}],"predecessor-version":[{"id":75289,"href":"https:\/\/www.hostfully.com\/pt-br\/wp-json\/wp\/v2\/pages\/11607\/revisions\/75289"}],"wp:attachment":[{"href":"https:\/\/www.hostfully.com\/pt-br\/wp-json\/wp\/v2\/media?parent=11607"}],"curies":[{"name":"wp","href":"https:\/\/api.w.org\/{rel}","templated":true}]}}