{"id":12690,"date":"2025-11-13T16:40:30","date_gmt":"2025-11-13T16:40:30","guid":{"rendered":"https:\/\/mktdev.hostfully.com\/politica-de-cookies\/"},"modified":"2025-11-13T16:40:30","modified_gmt":"2025-11-13T16:40:30","slug":"politica-de-cookies","status":"publish","type":"page","link":"https:\/\/www.hostfully.com\/pt-br\/politica-de-cookies\/","title":{"rendered":"Pol\u00edtica de cookies"},"content":{"rendered":"<p>Data de vig\u00eancia: 15 de maio de 2024<\/p>\n<p>&nbsp;<\/p>\n<p>&nbsp;<\/p>\n<h4>O que s\u00e3o cookies?<\/h4>\n<p>&nbsp;<\/p>\n<p>Esta Pol\u00edtica de Cookies explica o que s\u00e3o cookies e como os utilizamos, os tipos de cookies que utilizamos, ou seja, as informa\u00e7\u00f5es que coletamos atrav\u00e9s de cookies e como essas informa\u00e7\u00f5es s\u00e3o utilizadas, e como gerenciar as configura\u00e7\u00f5es de cookies.<\/p>\n<p>Cookies s\u00e3o pequenos arquivos de texto que s\u00e3o usados para armazenar pequenas informa\u00e7\u00f5es. Eles s\u00e3o armazenados no seu dispositivo quando o site \u00e9 carregado no seu navegador. Esses cookies ajudam-nos a fazer com que o site funcione corretamente, torn\u00e1-lo mais seguro, proporcionar uma melhor experi\u00eancia ao utilizador e compreender como o site funciona e analisar o que funciona e onde precisa de melhorias. <\/p>\n<p>&nbsp;<\/p>\n<p>&nbsp;<\/p>\n<h4>Como utilizamos os cookies?<\/h4>\n<p>&nbsp;<\/p>\n<p>Como a maioria dos servi\u00e7os online, o nosso site utiliza cookies prim\u00e1rios e de terceiros para diversos fins. Os cookies prim\u00e1rios s\u00e3o maioritariamente necess\u00e1rios para que o site funcione corretamente e n\u00e3o coletam nenhum dos seus dados de identifica\u00e7\u00e3o pessoal. <\/p>\n<p>Os cookies de terceiros utilizados no nosso site destinam-se principalmente a compreender como o site funciona, como voc\u00ea interage com o nosso site, a manter os nossos servi\u00e7os seguros, a fornecer an\u00fancios relevantes para voc\u00ea e, em geral, a fornecer-lhe uma experi\u00eancia de utilizador melhor e aprimorada e a ajudar a acelerar as suas futuras intera\u00e7\u00f5es com o nosso site.<\/p>\n<p>&nbsp;<\/p>\n<p>[wcc_category_list]<\/p>\n<p>&nbsp;<\/p>\n<p>&nbsp;<\/p>\n<h4>Gerenciar prefer\u00eancias de cookies<\/h4>\n<p>&nbsp;<\/p>\n<p>Voc\u00ea pode alterar suas prefer\u00eancias de cookies a qualquer momento clicando no bot\u00e3o [wcc_preference_button]. Isso permitir\u00e1 que voc\u00ea revisite o banner de consentimento de cookies e altere suas prefer\u00eancias ou retire seu consentimento imediatamente. Al\u00e9m disso, diferentes navegadores fornecem m\u00e9todos diferentes para bloquear e excluir cookies usados por sites. Voc\u00ea pode alterar as configura\u00e7\u00f5es do seu navegador para bloquear\/excluir os cookies. Listados abaixo est\u00e3o os links para os documentos de suporte sobre como gerenciar e excluir cookies dos principais navegadores da web.    <\/p>\n<p>Chrome: <a href=\"https:\/\/support.google.com\/accounts\/answer\/32050\"> https:\/\/support.google.com\/accounts\/answer\/32050<\/a><\/p>\n<p>Safari: <a href=\"https:\/\/support.apple.com\/en-in\/guide\/safari\/sfri11471\/mac\">https:\/\/support.apple.com\/en-in\/guide\/safari\/sfri11471\/mac<\/a><\/p>\n<p>Firefox: <a href=\"https:\/\/support.mozilla.org\/en-US\/kb\/clear-cookies-and-site-data-firefox?redirectslug=delete-cookies-remove-info-websites-stored&amp;redirectlocale=en-US\">https:\/\/support.mozilla.org\/en-US\/kb\/clear-cookies-and-site-data-firefox?redirectslug=delete-cookies-remove-info-websites-stored&amp;redirectlocale=en-US<\/a><\/p>\n<p>Microsoft Edge: <a href=\"https:\/\/support.microsoft.com\/en-us\/microsoft-edge\/delete-cookies-in-microsoft-edge-63947406-40ac-c3b8-57b9-2a946a29ae09\"> Delete cookies in Microsoft Edge &#8211; Microsoft Support<\/a><\/p>\n<p>Se voc\u00ea estiver usando qualquer outro navegador da web, visite os documentos de suporte oficiais do seu navegador.<\/p>\n","protected":false},"excerpt":{"rendered":"<p>Data de vig\u00eancia: 15 de maio de 2024 &nbsp; &nbsp; O que s\u00e3o cookies? &nbsp; Esta Pol\u00edtica de Cookies explica o que s\u00e3o cookies e como os utilizamos, os tipos de cookies que utilizamos, ou seja, as informa\u00e7\u00f5es que coletamos atrav\u00e9s de cookies e como essas informa\u00e7\u00f5es s\u00e3o utilizadas, e como gerenciar as configura\u00e7\u00f5es de [&hellip;]<\/p>\n","protected":false},"author":2,"featured_media":0,"parent":0,"menu_order":0,"comment_status":"closed","ping_status":"closed","template":"","meta":{"footnotes":""},"class_list":["post-12690","page","type-page","status-publish","hentry"],"yoast_head":"<!-- This site is optimized with the Yoast SEO Premium plugin v27.4 (Yoast SEO v27.4) - https:\/\/yoast.com\/product\/yoast-seo-premium-wordpress\/ -->\n<title>Pol\u00edtica de cookies | Hostfully<\/title>\n<meta name=\"robots\" content=\"index, follow, max-snippet:-1, max-image-preview:large, max-video-preview:-1\" \/>\n<link rel=\"canonical\" href=\"https:\/\/www.hostfully.com\/pt-br\/politica-de-cookies\/\" \/>\n<meta property=\"og:locale\" content=\"pt_BR\" \/>\n<meta property=\"og:type\" content=\"article\" \/>\n<meta property=\"og:title\" content=\"Pol\u00edtica de cookies\" \/>\n<meta property=\"og:description\" content=\"Data de vig\u00eancia: 15 de maio de 2024 &nbsp; &nbsp; O que s\u00e3o cookies? &nbsp; Esta Pol\u00edtica de Cookies explica o que s\u00e3o cookies e como os utilizamos, os tipos de cookies que utilizamos, ou seja, as informa\u00e7\u00f5es que coletamos atrav\u00e9s de cookies e como essas informa\u00e7\u00f5es s\u00e3o utilizadas, e como gerenciar as configura\u00e7\u00f5es de [&hellip;]\" \/>\n<meta property=\"og:url\" content=\"https:\/\/www.hostfully.com\/pt-br\/politica-de-cookies\/\" \/>\n<meta property=\"og:site_name\" content=\"Hostfully\" \/>\n<meta property=\"article:publisher\" content=\"https:\/\/www.facebook.com\/hostfully\" \/>\n<meta name=\"twitter:card\" content=\"summary_large_image\" \/>\n<meta name=\"twitter:site\" content=\"@hostfully\" \/>\n<meta name=\"twitter:label1\" content=\"Est. tempo de leitura\" \/>\n\t<meta name=\"twitter:data1\" content=\"2 minutos\" \/>\n<script type=\"application\/ld+json\" class=\"yoast-schema-graph\">{\"@context\":\"https:\\\/\\\/schema.org\",\"@graph\":[{\"@type\":\"WebPage\",\"@id\":\"https:\\\/\\\/www.hostfully.com\\\/pt-br\\\/politica-de-cookies\\\/\",\"url\":\"https:\\\/\\\/www.hostfully.com\\\/pt-br\\\/politica-de-cookies\\\/\",\"name\":\"Pol\u00edtica de cookies | Hostfully\",\"isPartOf\":{\"@id\":\"https:\\\/\\\/www.hostfully.com\\\/pt-br\\\/#website\"},\"datePublished\":\"2025-11-13T16:40:30+00:00\",\"breadcrumb\":{\"@id\":\"https:\\\/\\\/www.hostfully.com\\\/pt-br\\\/politica-de-cookies\\\/#breadcrumb\"},\"inLanguage\":\"pt-BR\",\"potentialAction\":[{\"@type\":\"ReadAction\",\"target\":[\"https:\\\/\\\/www.hostfully.com\\\/pt-br\\\/politica-de-cookies\\\/\"]}]},{\"@type\":\"BreadcrumbList\",\"@id\":\"https:\\\/\\\/www.hostfully.com\\\/pt-br\\\/politica-de-cookies\\\/#breadcrumb\",\"itemListElement\":[{\"@type\":\"ListItem\",\"position\":1,\"name\":\"Home\",\"item\":\"https:\\\/\\\/www.hostfully.com\\\/pt-br\\\/\"},{\"@type\":\"ListItem\",\"position\":2,\"name\":\"Pol\u00edtica de cookies\"}]},{\"@type\":\"WebSite\",\"@id\":\"https:\\\/\\\/www.hostfully.com\\\/pt-br\\\/#website\",\"url\":\"https:\\\/\\\/www.hostfully.com\\\/pt-br\\\/\",\"name\":\"Hostfully\",\"description\":\"Award Winning Vacation Rental Software\",\"publisher\":{\"@id\":\"https:\\\/\\\/www.hostfully.com\\\/pt-br\\\/#organization\"},\"potentialAction\":[{\"@type\":\"SearchAction\",\"target\":{\"@type\":\"EntryPoint\",\"urlTemplate\":\"https:\\\/\\\/www.hostfully.com\\\/pt-br\\\/?s={search_term_string}\"},\"query-input\":{\"@type\":\"PropertyValueSpecification\",\"valueRequired\":true,\"valueName\":\"search_term_string\"}}],\"inLanguage\":\"pt-BR\"},{\"@type\":\"Organization\",\"@id\":\"https:\\\/\\\/www.hostfully.com\\\/pt-br\\\/#organization\",\"name\":\"Hostfully\",\"url\":\"https:\\\/\\\/www.hostfully.com\\\/pt-br\\\/\",\"logo\":{\"@type\":\"ImageObject\",\"inLanguage\":\"pt-BR\",\"@id\":\"https:\\\/\\\/www.hostfully.com\\\/pt-br\\\/#\\\/schema\\\/logo\\\/image\\\/\",\"url\":\"https:\\\/\\\/www.hostfully.com\\\/wp-content\\\/uploads\\\/2025\\\/08\\\/Hostfully_bluecircle_isotype_R-.png\",\"contentUrl\":\"https:\\\/\\\/www.hostfully.com\\\/wp-content\\\/uploads\\\/2025\\\/08\\\/Hostfully_bluecircle_isotype_R-.png\",\"width\":321,\"height\":321,\"caption\":\"Hostfully\"},\"image\":{\"@id\":\"https:\\\/\\\/www.hostfully.com\\\/pt-br\\\/#\\\/schema\\\/logo\\\/image\\\/\"},\"sameAs\":[\"https:\\\/\\\/www.facebook.com\\\/hostfully\",\"https:\\\/\\\/x.com\\\/hostfully\",\"https:\\\/\\\/www.instagram.com\\\/hostfully_\\\/\",\"https:\\\/\\\/www.youtube.com\\\/c\\\/Hostfully\",\"https:\\\/\\\/www.linkedin.com\\\/company\\\/hostfully-inc-\\\/\"]}]}<\/script>\n<!-- \/ Yoast SEO Premium plugin. -->","yoast_head_json":{"title":"Pol\u00edtica de cookies | Hostfully","robots":{"index":"index","follow":"follow","max-snippet":"max-snippet:-1","max-image-preview":"max-image-preview:large","max-video-preview":"max-video-preview:-1"},"canonical":"https:\/\/www.hostfully.com\/pt-br\/politica-de-cookies\/","og_locale":"pt_BR","og_type":"article","og_title":"Pol\u00edtica de cookies","og_description":"Data de vig\u00eancia: 15 de maio de 2024 &nbsp; &nbsp; O que s\u00e3o cookies? &nbsp; Esta Pol\u00edtica de Cookies explica o que s\u00e3o cookies e como os utilizamos, os tipos de cookies que utilizamos, ou seja, as informa\u00e7\u00f5es que coletamos atrav\u00e9s de cookies e como essas informa\u00e7\u00f5es s\u00e3o utilizadas, e como gerenciar as configura\u00e7\u00f5es de [&hellip;]","og_url":"https:\/\/www.hostfully.com\/pt-br\/politica-de-cookies\/","og_site_name":"Hostfully","article_publisher":"https:\/\/www.facebook.com\/hostfully","twitter_card":"summary_large_image","twitter_site":"@hostfully","twitter_misc":{"Est. tempo de leitura":"2 minutos"},"schema":{"@context":"https:\/\/schema.org","@graph":[{"@type":"WebPage","@id":"https:\/\/www.hostfully.com\/pt-br\/politica-de-cookies\/","url":"https:\/\/www.hostfully.com\/pt-br\/politica-de-cookies\/","name":"Pol\u00edtica de cookies | Hostfully","isPartOf":{"@id":"https:\/\/www.hostfully.com\/pt-br\/#website"},"datePublished":"2025-11-13T16:40:30+00:00","breadcrumb":{"@id":"https:\/\/www.hostfully.com\/pt-br\/politica-de-cookies\/#breadcrumb"},"inLanguage":"pt-BR","potentialAction":[{"@type":"ReadAction","target":["https:\/\/www.hostfully.com\/pt-br\/politica-de-cookies\/"]}]},{"@type":"BreadcrumbList","@id":"https:\/\/www.hostfully.com\/pt-br\/politica-de-cookies\/#breadcrumb","itemListElement":[{"@type":"ListItem","position":1,"name":"Home","item":"https:\/\/www.hostfully.com\/pt-br\/"},{"@type":"ListItem","position":2,"name":"Pol\u00edtica de cookies"}]},{"@type":"WebSite","@id":"https:\/\/www.hostfully.com\/pt-br\/#website","url":"https:\/\/www.hostfully.com\/pt-br\/","name":"Hostfully","description":"Award Winning Vacation Rental Software","publisher":{"@id":"https:\/\/www.hostfully.com\/pt-br\/#organization"},"potentialAction":[{"@type":"SearchAction","target":{"@type":"EntryPoint","urlTemplate":"https:\/\/www.hostfully.com\/pt-br\/?s={search_term_string}"},"query-input":{"@type":"PropertyValueSpecification","valueRequired":true,"valueName":"search_term_string"}}],"inLanguage":"pt-BR"},{"@type":"Organization","@id":"https:\/\/www.hostfully.com\/pt-br\/#organization","name":"Hostfully","url":"https:\/\/www.hostfully.com\/pt-br\/","logo":{"@type":"ImageObject","inLanguage":"pt-BR","@id":"https:\/\/www.hostfully.com\/pt-br\/#\/schema\/logo\/image\/","url":"https:\/\/www.hostfully.com\/wp-content\/uploads\/2025\/08\/Hostfully_bluecircle_isotype_R-.png","contentUrl":"https:\/\/www.hostfully.com\/wp-content\/uploads\/2025\/08\/Hostfully_bluecircle_isotype_R-.png","width":321,"height":321,"caption":"Hostfully"},"image":{"@id":"https:\/\/www.hostfully.com\/pt-br\/#\/schema\/logo\/image\/"},"sameAs":["https:\/\/www.facebook.com\/hostfully","https:\/\/x.com\/hostfully","https:\/\/www.instagram.com\/hostfully_\/","https:\/\/www.youtube.com\/c\/Hostfully","https:\/\/www.linkedin.com\/company\/hostfully-inc-\/"]}]}},"_links":{"self":[{"href":"https:\/\/www.hostfully.com\/pt-br\/wp-json\/wp\/v2\/pages\/12690","targetHints":{"allow":["GET"]}}],"collection":[{"href":"https:\/\/www.hostfully.com\/pt-br\/wp-json\/wp\/v2\/pages"}],"about":[{"href":"https:\/\/www.hostfully.com\/pt-br\/wp-json\/wp\/v2\/types\/page"}],"author":[{"embeddable":true,"href":"https:\/\/www.hostfully.com\/pt-br\/wp-json\/wp\/v2\/users\/2"}],"replies":[{"embeddable":true,"href":"https:\/\/www.hostfully.com\/pt-br\/wp-json\/wp\/v2\/comments?post=12690"}],"version-history":[{"count":0,"href":"https:\/\/www.hostfully.com\/pt-br\/wp-json\/wp\/v2\/pages\/12690\/revisions"}],"wp:attachment":[{"href":"https:\/\/www.hostfully.com\/pt-br\/wp-json\/wp\/v2\/media?parent=12690"}],"curies":[{"name":"wp","href":"https:\/\/api.w.org\/{rel}","templated":true}]}}