{"id":73430,"date":"2026-02-19T19:19:03","date_gmt":"2026-02-19T19:19:03","guid":{"rendered":"https:\/\/mktdev.hostfully.com\/premio-hostfully-2019\/"},"modified":"2026-02-19T23:26:14","modified_gmt":"2026-02-19T23:26:14","slug":"premio-hostfully-2019","status":"publish","type":"page","link":"https:\/\/www.hostfully.com\/pt-br\/premio-hostfully-2019\/","title":{"rendered":"Pr\u00eamio Hostfully 2019"},"content":{"rendered":"\t\t<div data-elementor-type=\"wp-page\" data-elementor-id=\"73430\" class=\"elementor elementor-73430 elementor-55445\" data-elementor-post-type=\"page\">\n\t\t\t\t<div class=\"elementor-element elementor-element-58a7bd7 e-flex e-con-boxed e-con e-parent\" data-id=\"58a7bd7\" data-element_type=\"container\" data-e-type=\"container\">\n\t\t\t\t\t<div class=\"e-con-inner\">\n\t\t<div class=\"elementor-element elementor-element-726a85f hf-hero e-con-full e-flex e-con e-child\" data-id=\"726a85f\" data-element_type=\"container\" data-e-type=\"container\">\n\t\t<div class=\"elementor-element elementor-element-daa296d e-con-full e-flex e-con e-child\" data-id=\"daa296d\" data-element_type=\"container\" data-e-type=\"container\">\n\t\t<div class=\"elementor-element elementor-element-2d12b30 e-con-full e-flex e-con e-child\" data-id=\"2d12b30\" data-element_type=\"container\" data-e-type=\"container\">\n\t\t\t\t<div class=\"elementor-element elementor-element-5408a4e elementor-widget elementor-widget-heading\" data-id=\"5408a4e\" data-element_type=\"widget\" data-e-type=\"widget\" data-widget_type=\"heading.default\">\n\t\t\t\t<div class=\"elementor-widget-container\">\n\t\t\t\t\t<h1 class=\"elementor-heading-title elementor-size-default\">A Hostfully vence o pr\u00eamio de \u201cMelhor software completo de aluguel por temporada\u201d do VRMB Keystone Awards 2019<\/h1>\t\t\t\t<\/div>\n\t\t\t\t<\/div>\n\t\t\t\t<\/div>\n\t\t\t\t<div class=\"elementor-element elementor-element-62785dc text-lg elementor-widget elementor-widget-text-editor\" data-id=\"62785dc\" data-element_type=\"widget\" data-e-type=\"widget\" data-widget_type=\"text-editor.default\">\n\t\t\t\t<div class=\"elementor-widget-container\">\n\t\t\t\t\t\t\t\t\t<p>A equipe da Hostfully tem o prazer de anunciar que GANHAMOS o pr\u00eamio <img decoding=\"async\" class=\"emoji\" draggable=\"false\" src=\"https:\/\/s.w.org\/images\/core\/emoji\/11.2.0\/svg\/1f389.svg\" alt=\"\ud83c\udf89\" width=\"31\"> <a href=\"https:\/\/www.vrmb.com\/keystone-awards\/\" rel=\" noopener\">Melhor software completo de aluguel por temporada do VRMB<\/a><img decoding=\"async\" class=\"emoji\" draggable=\"false\" src=\"https:\/\/s.w.org\/images\/core\/emoji\/11.2.0\/svg\/1f389.svg\" alt=\"\ud83c\udf89\" width=\"31\">, como parte do Keystone Awards 2019. Confira mais detalhes abaixo e preencha nosso formul\u00e1rio no final para saber mais sobre como voc\u00ea pode usar nosso PMS! <\/p>\t\t\t\t\t\t\t\t<\/div>\n\t\t\t\t<\/div>\n\t\t\t\t<div class=\"elementor-element elementor-element-4f65c8d elementor-widget elementor-widget-shortcode\" data-id=\"4f65c8d\" data-element_type=\"widget\" data-e-type=\"widget\" data-widget_type=\"shortcode.default\">\n\t\t\t\t<div class=\"elementor-widget-container\">\n\t\t\t\t\t\t\t<div class=\"elementor-shortcode\">    <div class=\"hf-book-demo-shortcode\" data-hf-book-demo-id=\"hfbd-1\" data-hf-book-demo-flow=\"demo\" data-hf-book-demo-layout=\"left\" data-hf-book-demo-event-name=\"book_demo_modal\" data-hf-book-demo-event-product=\"pms\">\r\n        <form id=\"listing-form-hfbd-1\" class=\"hfs-form hfs-form--demo\">\r\n            <input type=\"hidden\" name=\"exp_id\" id=\"exp_id-hfbd-1\" value=\"experience-1756145943256\">\r\n            <input type=\"hidden\" name=\"flow\" id=\"flow-hfbd-1\" value=\"demo\">\r\n            <input type=\"hidden\" name=\"event_name\" value=\"book_demo_modal\">\r\n            <input type=\"hidden\" name=\"event_product\" value=\"pms\">\r\n            <input type=\"hidden\" name=\"first_name\" value=\"\">\r\n            <input type=\"hidden\" name=\"last_name\" value=\"\">\r\n                            <input type=\"hidden\" name=\"page_slug\" value=\"\/pt-br\/premio-hostfully-2019\">\r\n                                                    <input type=\"hidden\" name=\"listings\" value=\"\">\r\n                                        <input type=\"hidden\" name=\"utm_source\" id=\"utm_source-hfbd-1\" value=\"organic_website\">\r\n                            <input type=\"hidden\" name=\"utm_medium\" id=\"utm_medium-hfbd-1\" value=\"Website\">\r\n                            <input type=\"hidden\" name=\"utm_campaign\" id=\"utm_campaign-hfbd-1\" value=\"Website\">\r\n                            <input type=\"hidden\" name=\"utm_content\" id=\"utm_content-hfbd-1\" value=\"\">\r\n                            <input type=\"hidden\" name=\"utm_term\" id=\"utm_term-hfbd-1\" value=\"\">\r\n                            <input type=\"hidden\" name=\"fb_ad_id\" id=\"fb_ad_id-hfbd-1\" value=\"\">\r\n                            <input type=\"hidden\" name=\"fbclid\" id=\"fbclid-hfbd-1\" value=\"\">\r\n                            <input type=\"hidden\" name=\"gclid\" id=\"gclid-hfbd-1\" value=\"\">\r\n                        <input type=\"hidden\" name=\"source\" value=\"\">\r\n                        <input type=\"email\" name=\"email\" class=\"email\" id=\"email-hfbd-1\" placeholder=\"E-mail\" required>\r\n                        <button type=\"submit\" class=\"hfs-submit\">Agende uma demo GRATUITA<\/button>\r\n        <\/form>\r\n        <div id=\"error-hfbd-1\" class=\"error\"><\/div>\r\n                    <p class=\"hf-book-demo-legal-disclaimer\">Ao enviar, voc\u00ea concorda em ser contatado por e-mail, telefone ou SMS.<\/p>\r\n            <\/div>\r\n    <\/div>\n\t\t\t\t\t\t<\/div>\n\t\t\t\t<\/div>\n\t\t\t\t<\/div>\n\t\t<div class=\"elementor-element elementor-element-c99195e e-con-full e-flex e-con e-child\" data-id=\"c99195e\" data-element_type=\"container\" data-e-type=\"container\">\n\t\t\t\t<div class=\"elementor-element elementor-element-d1ed4ca hf-image-hero elementor-widget elementor-widget-image\" data-id=\"d1ed4ca\" data-element_type=\"widget\" data-e-type=\"widget\" data-widget_type=\"image.default\">\n\t\t\t\t<div class=\"elementor-widget-container\">\n\t\t\t\t\t\t\t\t\t\t\t\t\t\t\t<img fetchpriority=\"high\" decoding=\"async\" width=\"1200\" height=\"628\" src=\"https:\/\/www.hostfully.com\/wp-content\/uploads\/2026\/02\/HostfullyAward-blue.png\" class=\"attachment-full size-full wp-image-73431\" alt=\"A Hostfully vence pr\u00eamio!\" srcset=\"https:\/\/www.hostfully.com\/wp-content\/uploads\/2026\/02\/HostfullyAward-blue.png 1200w, https:\/\/www.hostfully.com\/wp-content\/uploads\/2026\/02\/HostfullyAward-blue-300x157.png 300w, https:\/\/www.hostfully.com\/wp-content\/uploads\/2026\/02\/HostfullyAward-blue-1024x536.png 1024w, https:\/\/www.hostfully.com\/wp-content\/uploads\/2026\/02\/HostfullyAward-blue-768x402.png 768w\" sizes=\"(max-width: 1200px) 100vw, 1200px\" \/>\t\t\t\t\t\t\t\t\t\t\t\t\t\t\t<\/div>\n\t\t\t\t<\/div>\n\t\t\t\t<\/div>\n\t\t\t\t<\/div>\n\t\t\t\t\t<\/div>\n\t\t\t\t<\/div>\n\t\t<div class=\"elementor-element elementor-element-be9c8fa e-flex e-con-boxed e-con e-parent\" data-id=\"be9c8fa\" data-element_type=\"container\" data-e-type=\"container\" data-settings=\"{&quot;background_background&quot;:&quot;classic&quot;}\">\n\t\t\t\t\t<div class=\"e-con-inner\">\n\t\t\t\t<div class=\"elementor-element elementor-element-4752a2b text-lg elementor-widget elementor-widget-text-editor\" data-id=\"4752a2b\" data-element_type=\"widget\" data-e-type=\"widget\" data-widget_type=\"text-editor.default\">\n\t\t\t\t<div class=\"elementor-widget-container\">\n\t\t\t\t\t\t\t\t\t<p>A Hostfully oferece uma das melhores ferramentas de gest\u00e3o de propriedades do mercado atualmente e permite que anfitri\u00f5es e gestores de propriedades mantenham seu neg\u00f3cio com facilidade e ofere\u00e7am aos h\u00f3spedes a melhor experi\u00eancia. Preencha nosso formul\u00e1rio abaixo para saber mais! <\/p>\t\t\t\t\t\t\t\t<\/div>\n\t\t\t\t<\/div>\n\t\t\t\t\t<\/div>\n\t\t\t\t<\/div>\n\t\t<div class=\"elementor-element elementor-element-a523644 e-flex e-con-boxed e-con e-parent\" data-id=\"a523644\" data-element_type=\"container\" data-e-type=\"container\">\n\t\t\t\t\t<div class=\"e-con-inner\">\n\t\t<div class=\"elementor-element elementor-element-bfe65b9 e-con-full e-flex e-con e-child\" data-id=\"bfe65b9\" data-element_type=\"container\" data-e-type=\"container\">\n\t\t\t\t<div class=\"elementor-element elementor-element-06a3918 elementor-widget elementor-widget-image\" data-id=\"06a3918\" data-element_type=\"widget\" data-e-type=\"widget\" data-widget_type=\"image.default\">\n\t\t\t\t<div class=\"elementor-widget-container\">\n\t\t\t\t\t\t\t\t\t\t\t\t\t\t\t\t<a href=\"https:\/\/www.hostfully.com\/wp-content\/uploads\/2026\/01\/HostfullyAward-white-1200x628-05.png\" data-elementor-open-lightbox=\"yes\" data-elementor-lightbox-title=\"HostfullyAward-white-1200x628-05.png\" data-e-action-hash=\"#elementor-action%3Aaction%3Dlightbox%26settings%3DeyJpZCI6NzM0MzIsInVybCI6Imh0dHBzOlwvXC93d3cuaG9zdGZ1bGx5LmNvbVwvd3AtY29udGVudFwvdXBsb2Fkc1wvMjAyNlwvMDFcL0hvc3RmdWxseUF3YXJkLXdoaXRlLTEyMDB4NjI4LTA1LnBuZyJ9\">\n\t\t\t\t\t\t\t<img decoding=\"async\" width=\"800\" height=\"488\" src=\"https:\/\/www.hostfully.com\/wp-content\/uploads\/2026\/01\/HostfullyAward-white-1200x628-05.png\" class=\"attachment-large size-large wp-image-73432\" alt=\"\" srcset=\"https:\/\/www.hostfully.com\/wp-content\/uploads\/2026\/01\/HostfullyAward-white-1200x628-05.png 1024w, https:\/\/www.hostfully.com\/wp-content\/uploads\/2026\/01\/HostfullyAward-white-1200x628-05-300x183.png 300w, https:\/\/www.hostfully.com\/wp-content\/uploads\/2026\/01\/HostfullyAward-white-1200x628-05-768x469.png 768w\" sizes=\"(max-width: 800px) 100vw, 800px\" \/>\t\t\t\t\t\t\t\t<\/a>\n\t\t\t\t\t\t\t\t\t\t\t\t\t\t\t<\/div>\n\t\t\t\t<\/div>\n\t\t\t\t<\/div>\n\t\t<div class=\"elementor-element elementor-element-7f7f34a e-con-full e-flex e-con e-child\" data-id=\"7f7f34a\" data-element_type=\"container\" data-e-type=\"container\">\n\t\t\t\t<div class=\"elementor-element elementor-element-ebf931d elementor-widget elementor-widget-image\" data-id=\"ebf931d\" data-element_type=\"widget\" data-e-type=\"widget\" data-widget_type=\"image.default\">\n\t\t\t\t<div class=\"elementor-widget-container\">\n\t\t\t\t\t\t\t\t\t\t\t\t\t\t\t\t<a href=\"https:\/\/www.hostfully.com\/wp-content\/uploads\/2026\/01\/HostfullyAward-white-1200x628-02.png\" data-elementor-open-lightbox=\"yes\" data-elementor-lightbox-title=\"HostfullyAward-white-1200x628-02.png\" data-e-action-hash=\"#elementor-action%3Aaction%3Dlightbox%26settings%3DeyJpZCI6NzM0MzMsInVybCI6Imh0dHBzOlwvXC93d3cuaG9zdGZ1bGx5LmNvbVwvd3AtY29udGVudFwvdXBsb2Fkc1wvMjAyNlwvMDFcL0hvc3RmdWxseUF3YXJkLXdoaXRlLTEyMDB4NjI4LTAyLnBuZyJ9\">\n\t\t\t\t\t\t\t<img decoding=\"async\" width=\"800\" height=\"419\" src=\"https:\/\/www.hostfully.com\/wp-content\/uploads\/2026\/01\/HostfullyAward-white-1200x628-02.png\" class=\"attachment-large size-large wp-image-73433\" alt=\"\" srcset=\"https:\/\/www.hostfully.com\/wp-content\/uploads\/2026\/01\/HostfullyAward-white-1200x628-02.png 1024w, https:\/\/www.hostfully.com\/wp-content\/uploads\/2026\/01\/HostfullyAward-white-1200x628-02-300x157.png 300w, https:\/\/www.hostfully.com\/wp-content\/uploads\/2026\/01\/HostfullyAward-white-1200x628-02-768x402.png 768w\" sizes=\"(max-width: 800px) 100vw, 800px\" \/>\t\t\t\t\t\t\t\t<\/a>\n\t\t\t\t\t\t\t\t\t\t\t\t\t\t\t<\/div>\n\t\t\t\t<\/div>\n\t\t\t\t<\/div>\n\t\t\t\t\t<\/div>\n\t\t\t\t<\/div>\n\t\t\t\t<\/div>\n\t\t","protected":false},"excerpt":{"rendered":"<p>A Hostfully vence o pr\u00eamio de \u201cMelhor software completo de aluguel por temporada\u201d do VRMB Keystone Awards 2019 A equipe da Hostfully tem o prazer de anunciar que GANHAMOS o pr\u00eamio Melhor software completo de aluguel por temporada do VRMB, como parte do Keystone Awards 2019. Confira mais detalhes abaixo e preencha nosso formul\u00e1rio no [&hellip;]<\/p>\n","protected":false},"author":3,"featured_media":0,"parent":0,"menu_order":0,"comment_status":"closed","ping_status":"closed","template":"","meta":{"footnotes":""},"class_list":["post-73430","page","type-page","status-publish","hentry"],"yoast_head":"<!-- This site is optimized with the Yoast SEO Premium plugin v27.3 (Yoast SEO v27.3) - https:\/\/yoast.com\/product\/yoast-seo-premium-wordpress\/ -->\n<title>Pr\u00eamio Hostfully 2019 | Hostfully<\/title>\n<meta name=\"robots\" content=\"index, follow, max-snippet:-1, max-image-preview:large, max-video-preview:-1\" \/>\n<link rel=\"canonical\" href=\"https:\/\/www.hostfully.com\/pt-br\/premio-hostfully-2019\/\" \/>\n<meta property=\"og:locale\" content=\"pt_BR\" \/>\n<meta property=\"og:type\" content=\"article\" \/>\n<meta property=\"og:title\" content=\"Pr\u00eamio Hostfully 2019\" \/>\n<meta property=\"og:description\" content=\"A Hostfully vence o pr\u00eamio de \u201cMelhor software completo de aluguel por temporada\u201d do VRMB Keystone Awards 2019 A equipe da Hostfully tem o prazer de anunciar que GANHAMOS o pr\u00eamio Melhor software completo de aluguel por temporada do VRMB, como parte do Keystone Awards 2019. Confira mais detalhes abaixo e preencha nosso formul\u00e1rio no [&hellip;]\" \/>\n<meta property=\"og:url\" content=\"https:\/\/www.hostfully.com\/pt-br\/premio-hostfully-2019\/\" \/>\n<meta property=\"og:site_name\" content=\"Hostfully\" \/>\n<meta property=\"article:publisher\" content=\"https:\/\/www.facebook.com\/hostfully\" \/>\n<meta property=\"article:modified_time\" content=\"2026-02-19T23:26:14+00:00\" \/>\n<meta property=\"og:image\" content=\"https:\/\/s.w.org\/images\/core\/emoji\/11.2.0\/svg\/1f389.svg\" \/>\n<meta name=\"twitter:card\" content=\"summary_large_image\" \/>\n<meta name=\"twitter:site\" content=\"@hostfully\" \/>\n<meta name=\"twitter:label1\" content=\"Est. tempo de leitura\" \/>\n\t<meta name=\"twitter:data1\" content=\"1 minuto\" \/>\n<script type=\"application\/ld+json\" class=\"yoast-schema-graph\">{\"@context\":\"https:\\\/\\\/schema.org\",\"@graph\":[{\"@type\":\"WebPage\",\"@id\":\"https:\\\/\\\/www.hostfully.com\\\/pt-br\\\/premio-hostfully-2019\\\/\",\"url\":\"https:\\\/\\\/www.hostfully.com\\\/pt-br\\\/premio-hostfully-2019\\\/\",\"name\":\"Pr\u00eamio Hostfully 2019 | Hostfully\",\"isPartOf\":{\"@id\":\"https:\\\/\\\/www.hostfully.com\\\/pt-br\\\/#website\"},\"primaryImageOfPage\":{\"@id\":\"https:\\\/\\\/www.hostfully.com\\\/pt-br\\\/premio-hostfully-2019\\\/#primaryimage\"},\"image\":{\"@id\":\"https:\\\/\\\/www.hostfully.com\\\/pt-br\\\/premio-hostfully-2019\\\/#primaryimage\"},\"thumbnailUrl\":\"https:\\\/\\\/s.w.org\\\/images\\\/core\\\/emoji\\\/11.2.0\\\/svg\\\/1f389.svg\",\"datePublished\":\"2026-02-19T19:19:03+00:00\",\"dateModified\":\"2026-02-19T23:26:14+00:00\",\"breadcrumb\":{\"@id\":\"https:\\\/\\\/www.hostfully.com\\\/pt-br\\\/premio-hostfully-2019\\\/#breadcrumb\"},\"inLanguage\":\"pt-BR\",\"potentialAction\":[{\"@type\":\"ReadAction\",\"target\":[\"https:\\\/\\\/www.hostfully.com\\\/pt-br\\\/premio-hostfully-2019\\\/\"]}]},{\"@type\":\"ImageObject\",\"inLanguage\":\"pt-BR\",\"@id\":\"https:\\\/\\\/www.hostfully.com\\\/pt-br\\\/premio-hostfully-2019\\\/#primaryimage\",\"url\":\"https:\\\/\\\/s.w.org\\\/images\\\/core\\\/emoji\\\/11.2.0\\\/svg\\\/1f389.svg\",\"contentUrl\":\"https:\\\/\\\/s.w.org\\\/images\\\/core\\\/emoji\\\/11.2.0\\\/svg\\\/1f389.svg\"},{\"@type\":\"BreadcrumbList\",\"@id\":\"https:\\\/\\\/www.hostfully.com\\\/pt-br\\\/premio-hostfully-2019\\\/#breadcrumb\",\"itemListElement\":[{\"@type\":\"ListItem\",\"position\":1,\"name\":\"Home\",\"item\":\"https:\\\/\\\/www.hostfully.com\\\/pt-br\\\/\"},{\"@type\":\"ListItem\",\"position\":2,\"name\":\"Pr\u00eamio Hostfully 2019\"}]},{\"@type\":\"WebSite\",\"@id\":\"https:\\\/\\\/www.hostfully.com\\\/pt-br\\\/#website\",\"url\":\"https:\\\/\\\/www.hostfully.com\\\/pt-br\\\/\",\"name\":\"Hostfully\",\"description\":\"Award Winning Vacation Rental Software\",\"publisher\":{\"@id\":\"https:\\\/\\\/www.hostfully.com\\\/pt-br\\\/#organization\"},\"potentialAction\":[{\"@type\":\"SearchAction\",\"target\":{\"@type\":\"EntryPoint\",\"urlTemplate\":\"https:\\\/\\\/www.hostfully.com\\\/pt-br\\\/?s={search_term_string}\"},\"query-input\":{\"@type\":\"PropertyValueSpecification\",\"valueRequired\":true,\"valueName\":\"search_term_string\"}}],\"inLanguage\":\"pt-BR\"},{\"@type\":\"Organization\",\"@id\":\"https:\\\/\\\/www.hostfully.com\\\/pt-br\\\/#organization\",\"name\":\"Hostfully\",\"url\":\"https:\\\/\\\/www.hostfully.com\\\/pt-br\\\/\",\"logo\":{\"@type\":\"ImageObject\",\"inLanguage\":\"pt-BR\",\"@id\":\"https:\\\/\\\/www.hostfully.com\\\/pt-br\\\/#\\\/schema\\\/logo\\\/image\\\/\",\"url\":\"https:\\\/\\\/www.hostfully.com\\\/wp-content\\\/uploads\\\/2025\\\/08\\\/Hostfully_bluecircle_isotype_R-.png\",\"contentUrl\":\"https:\\\/\\\/www.hostfully.com\\\/wp-content\\\/uploads\\\/2025\\\/08\\\/Hostfully_bluecircle_isotype_R-.png\",\"width\":321,\"height\":321,\"caption\":\"Hostfully\"},\"image\":{\"@id\":\"https:\\\/\\\/www.hostfully.com\\\/pt-br\\\/#\\\/schema\\\/logo\\\/image\\\/\"},\"sameAs\":[\"https:\\\/\\\/www.facebook.com\\\/hostfully\",\"https:\\\/\\\/x.com\\\/hostfully\",\"https:\\\/\\\/www.instagram.com\\\/hostfully_\\\/\",\"https:\\\/\\\/www.youtube.com\\\/c\\\/Hostfully\",\"https:\\\/\\\/www.linkedin.com\\\/company\\\/hostfully-inc-\\\/\"]}]}<\/script>\n<!-- \/ Yoast SEO Premium plugin. -->","yoast_head_json":{"title":"Pr\u00eamio Hostfully 2019 | Hostfully","robots":{"index":"index","follow":"follow","max-snippet":"max-snippet:-1","max-image-preview":"max-image-preview:large","max-video-preview":"max-video-preview:-1"},"canonical":"https:\/\/www.hostfully.com\/pt-br\/premio-hostfully-2019\/","og_locale":"pt_BR","og_type":"article","og_title":"Pr\u00eamio Hostfully 2019","og_description":"A Hostfully vence o pr\u00eamio de \u201cMelhor software completo de aluguel por temporada\u201d do VRMB Keystone Awards 2019 A equipe da Hostfully tem o prazer de anunciar que GANHAMOS o pr\u00eamio Melhor software completo de aluguel por temporada do VRMB, como parte do Keystone Awards 2019. Confira mais detalhes abaixo e preencha nosso formul\u00e1rio no [&hellip;]","og_url":"https:\/\/www.hostfully.com\/pt-br\/premio-hostfully-2019\/","og_site_name":"Hostfully","article_publisher":"https:\/\/www.facebook.com\/hostfully","article_modified_time":"2026-02-19T23:26:14+00:00","og_image":[{"url":"https:\/\/s.w.org\/images\/core\/emoji\/11.2.0\/svg\/1f389.svg","type":"","width":"","height":""}],"twitter_card":"summary_large_image","twitter_site":"@hostfully","twitter_misc":{"Est. tempo de leitura":"1 minuto"},"schema":{"@context":"https:\/\/schema.org","@graph":[{"@type":"WebPage","@id":"https:\/\/www.hostfully.com\/pt-br\/premio-hostfully-2019\/","url":"https:\/\/www.hostfully.com\/pt-br\/premio-hostfully-2019\/","name":"Pr\u00eamio Hostfully 2019 | Hostfully","isPartOf":{"@id":"https:\/\/www.hostfully.com\/pt-br\/#website"},"primaryImageOfPage":{"@id":"https:\/\/www.hostfully.com\/pt-br\/premio-hostfully-2019\/#primaryimage"},"image":{"@id":"https:\/\/www.hostfully.com\/pt-br\/premio-hostfully-2019\/#primaryimage"},"thumbnailUrl":"https:\/\/s.w.org\/images\/core\/emoji\/11.2.0\/svg\/1f389.svg","datePublished":"2026-02-19T19:19:03+00:00","dateModified":"2026-02-19T23:26:14+00:00","breadcrumb":{"@id":"https:\/\/www.hostfully.com\/pt-br\/premio-hostfully-2019\/#breadcrumb"},"inLanguage":"pt-BR","potentialAction":[{"@type":"ReadAction","target":["https:\/\/www.hostfully.com\/pt-br\/premio-hostfully-2019\/"]}]},{"@type":"ImageObject","inLanguage":"pt-BR","@id":"https:\/\/www.hostfully.com\/pt-br\/premio-hostfully-2019\/#primaryimage","url":"https:\/\/s.w.org\/images\/core\/emoji\/11.2.0\/svg\/1f389.svg","contentUrl":"https:\/\/s.w.org\/images\/core\/emoji\/11.2.0\/svg\/1f389.svg"},{"@type":"BreadcrumbList","@id":"https:\/\/www.hostfully.com\/pt-br\/premio-hostfully-2019\/#breadcrumb","itemListElement":[{"@type":"ListItem","position":1,"name":"Home","item":"https:\/\/www.hostfully.com\/pt-br\/"},{"@type":"ListItem","position":2,"name":"Pr\u00eamio Hostfully 2019"}]},{"@type":"WebSite","@id":"https:\/\/www.hostfully.com\/pt-br\/#website","url":"https:\/\/www.hostfully.com\/pt-br\/","name":"Hostfully","description":"Award Winning Vacation Rental Software","publisher":{"@id":"https:\/\/www.hostfully.com\/pt-br\/#organization"},"potentialAction":[{"@type":"SearchAction","target":{"@type":"EntryPoint","urlTemplate":"https:\/\/www.hostfully.com\/pt-br\/?s={search_term_string}"},"query-input":{"@type":"PropertyValueSpecification","valueRequired":true,"valueName":"search_term_string"}}],"inLanguage":"pt-BR"},{"@type":"Organization","@id":"https:\/\/www.hostfully.com\/pt-br\/#organization","name":"Hostfully","url":"https:\/\/www.hostfully.com\/pt-br\/","logo":{"@type":"ImageObject","inLanguage":"pt-BR","@id":"https:\/\/www.hostfully.com\/pt-br\/#\/schema\/logo\/image\/","url":"https:\/\/www.hostfully.com\/wp-content\/uploads\/2025\/08\/Hostfully_bluecircle_isotype_R-.png","contentUrl":"https:\/\/www.hostfully.com\/wp-content\/uploads\/2025\/08\/Hostfully_bluecircle_isotype_R-.png","width":321,"height":321,"caption":"Hostfully"},"image":{"@id":"https:\/\/www.hostfully.com\/pt-br\/#\/schema\/logo\/image\/"},"sameAs":["https:\/\/www.facebook.com\/hostfully","https:\/\/x.com\/hostfully","https:\/\/www.instagram.com\/hostfully_\/","https:\/\/www.youtube.com\/c\/Hostfully","https:\/\/www.linkedin.com\/company\/hostfully-inc-\/"]}]}},"_links":{"self":[{"href":"https:\/\/www.hostfully.com\/pt-br\/wp-json\/wp\/v2\/pages\/73430","targetHints":{"allow":["GET"]}}],"collection":[{"href":"https:\/\/www.hostfully.com\/pt-br\/wp-json\/wp\/v2\/pages"}],"about":[{"href":"https:\/\/www.hostfully.com\/pt-br\/wp-json\/wp\/v2\/types\/page"}],"author":[{"embeddable":true,"href":"https:\/\/www.hostfully.com\/pt-br\/wp-json\/wp\/v2\/users\/3"}],"replies":[{"embeddable":true,"href":"https:\/\/www.hostfully.com\/pt-br\/wp-json\/wp\/v2\/comments?post=73430"}],"version-history":[{"count":1,"href":"https:\/\/www.hostfully.com\/pt-br\/wp-json\/wp\/v2\/pages\/73430\/revisions"}],"predecessor-version":[{"id":73434,"href":"https:\/\/www.hostfully.com\/pt-br\/wp-json\/wp\/v2\/pages\/73430\/revisions\/73434"}],"wp:attachment":[{"href":"https:\/\/www.hostfully.com\/pt-br\/wp-json\/wp\/v2\/media?parent=73430"}],"curies":[{"name":"wp","href":"https:\/\/api.w.org\/{rel}","templated":true}]}}