{"id":25900,"date":"2025-11-06T17:23:28","date_gmt":"2025-11-06T17:23:28","guid":{"rendered":"https:\/\/mktdev.hostfully.com\/regulamentos-de-aluguer-de-curta-duracao-por-estado\/"},"modified":"2026-03-06T23:56:11","modified_gmt":"2026-03-06T23:56:11","slug":"regulamentos-de-aluguer-de-curta-duracao-por-estado","status":"publish","type":"page","link":"https:\/\/www.hostfully.com\/pt-pt\/regulamentos-de-aluguer-de-curta-duracao-por-estado\/","title":{"rendered":"Regulamentos de aluguer de curta dura\u00e7\u00e3o por estado"},"content":{"rendered":"\t\t<div data-elementor-type=\"wp-page\" data-elementor-id=\"25900\" class=\"elementor elementor-25900 elementor-4879\" data-elementor-post-type=\"page\">\n\t\t\t\t<div class=\"elementor-element elementor-element-d9c7eb4 hf-hero-lg e-flex e-con-boxed e-con e-parent\" data-id=\"d9c7eb4\" data-element_type=\"container\" data-e-type=\"container\">\n\t\t\t\t\t<div class=\"e-con-inner\">\n\t\t<div class=\"elementor-element elementor-element-1e91fd2 e-con-full hf-section-tit e-flex e-con e-child\" data-id=\"1e91fd2\" data-element_type=\"container\" data-e-type=\"container\">\n\t\t\t\t<div class=\"elementor-element elementor-element-cb55a1c elementor-widget elementor-widget-heading\" data-id=\"cb55a1c\" data-element_type=\"widget\" data-e-type=\"widget\" data-widget_type=\"heading.default\">\n\t\t\t\t<div class=\"elementor-widget-container\">\n\t\t\t\t\t<h1 class=\"elementor-heading-title elementor-size-default\">Guia dos regulamentos de aluguer de curta dura\u00e7\u00e3o<\/h1>\t\t\t\t<\/div>\n\t\t\t\t<\/div>\n\t\t\t\t<div class=\"elementor-element elementor-element-87f7e69 elementor-widget elementor-widget-heading\" data-id=\"87f7e69\" data-element_type=\"widget\" data-e-type=\"widget\" data-widget_type=\"heading.default\">\n\t\t\t\t<div class=\"elementor-widget-container\">\n\t\t\t\t\t<h4 class=\"elementor-heading-title elementor-size-default\">Selecione a localiza\u00e7\u00e3o sobre a qual pretende saber mais acerca do regulamento de aluguer<\/h4>\t\t\t\t<\/div>\n\t\t\t\t<\/div>\n\t\t\t\t<\/div>\n\t\t\t\t\t<\/div>\n\t\t\t\t<\/div>\n\t\t<div class=\"elementor-element elementor-element-996f9f0 e-flex e-con-boxed e-con e-parent\" data-id=\"996f9f0\" data-element_type=\"container\" data-e-type=\"container\">\n\t\t\t\t\t<div class=\"e-con-inner\">\n\t\t\t\t<div class=\"elementor-element elementor-element-f2211e3 elementor-nav-menu__text-align-center elementor-widget elementor-widget-nav-menu\" data-id=\"f2211e3\" data-element_type=\"widget\" data-e-type=\"widget\" data-settings=\"{&quot;layout&quot;:&quot;dropdown&quot;,&quot;submenu_icon&quot;:{&quot;value&quot;:&quot;&lt;svg aria-hidden=\\&quot;true\\&quot; class=\\&quot;fa-svg-chevron-down e-font-icon-svg e-fas-chevron-down\\&quot; viewBox=\\&quot;0 0 448 512\\&quot; xmlns=\\&quot;http:\\\/\\\/www.w3.org\\\/2000\\\/svg\\&quot;&gt;&lt;path d=\\&quot;M207.029 381.476L12.686 187.132c-9.373-9.373-9.373-24.569 0-33.941l22.667-22.667c9.357-9.357 24.522-9.375 33.901-.04L224 284.505l154.745-154.021c9.379-9.335 24.544-9.317 33.901.04l22.667 22.667c9.373 9.373 9.373 24.569 0 33.941L240.971 381.476c-9.373 9.372-24.569 9.372-33.942 0z\\&quot;&gt;&lt;\\\/path&gt;&lt;\\\/svg&gt;&quot;,&quot;library&quot;:&quot;fa-solid&quot;}}\" data-widget_type=\"nav-menu.default\">\n\t\t\t\t<div class=\"elementor-widget-container\">\n\t\t\t\t\t\t\t\t<nav class=\"elementor-nav-menu--dropdown elementor-nav-menu__container\" aria-hidden=\"true\">\n\t\t\t\t<ul id=\"menu-2-f2211e3\" class=\"elementor-nav-menu\"><li class=\"menu-item menu-item-type-custom menu-item-object-custom menu-item-has-children menu-item-4886\"><a href=\"#\" class=\"elementor-item elementor-item-anchor\" tabindex=\"-1\">Select Location<\/a>\n<ul class=\"sub-menu elementor-nav-menu--dropdown\">\n\t<li class=\"menu-item menu-item-type-post_type menu-item-object-regulations menu-item-has-children menu-item-4887\"><a href=\"https:\/\/www.hostfully.com\/regulations\/canada\/\" class=\"elementor-sub-item\" tabindex=\"-1\">Canad\u00e1<\/a>\n\t<ul class=\"sub-menu elementor-nav-menu--dropdown\">\n\t\t<li class=\"menu-item menu-item-type-post_type menu-item-object-regulations menu-item-4888\"><a href=\"https:\/\/www.hostfully.com\/regulations\/canada\/ontario\/\" class=\"elementor-sub-item\" tabindex=\"-1\">Ont\u00e1rio<\/a><\/li>\n\t\t<li class=\"menu-item menu-item-type-post_type menu-item-object-regulations menu-item-4889\"><a href=\"https:\/\/www.hostfully.com\/regulations\/canada\/quebec\/\" class=\"elementor-sub-item\" tabindex=\"-1\">Quebec<\/a><\/li>\n\t<\/ul>\n<\/li>\n\t<li class=\"menu-item menu-item-type-post_type menu-item-object-regulations menu-item-has-children menu-item-4891\"><a href=\"https:\/\/www.hostfully.com\/regulations\/united-states\/\" class=\"elementor-sub-item\" tabindex=\"-1\">Estados Unidos<\/a>\n\t<ul class=\"sub-menu elementor-nav-menu--dropdown\">\n\t\t<li class=\"menu-item menu-item-type-post_type menu-item-object-regulations menu-item-4892\"><a href=\"https:\/\/www.hostfully.com\/regulations\/united-states\/california\/\" class=\"elementor-sub-item\" tabindex=\"-1\">Calif\u00f3rnia<\/a><\/li>\n\t\t<li class=\"menu-item menu-item-type-post_type menu-item-object-regulations menu-item-4893\"><a href=\"https:\/\/www.hostfully.com\/regulations\/united-states\/colorado\/\" class=\"elementor-sub-item\" tabindex=\"-1\">Colorado<\/a><\/li>\n\t\t<li class=\"menu-item menu-item-type-post_type menu-item-object-regulations menu-item-4894\"><a href=\"https:\/\/www.hostfully.com\/regulations\/united-states\/florida\/\" class=\"elementor-sub-item\" tabindex=\"-1\">Fl\u00f3rida<\/a><\/li>\n\t\t<li class=\"menu-item menu-item-type-post_type menu-item-object-regulations menu-item-4895\"><a href=\"https:\/\/www.hostfully.com\/regulations\/united-states\/georgia\/\" class=\"elementor-sub-item\" tabindex=\"-1\">Ge\u00f3rgia<\/a><\/li>\n\t\t<li class=\"menu-item menu-item-type-post_type menu-item-object-regulations menu-item-4896\"><a href=\"https:\/\/www.hostfully.com\/regulations\/united-states\/kentucky\/\" class=\"elementor-sub-item\" tabindex=\"-1\">Kentucky<\/a><\/li>\n\t\t<li class=\"menu-item menu-item-type-post_type menu-item-object-regulations menu-item-4897\"><a href=\"https:\/\/www.hostfully.com\/regulations\/united-states\/maine\/\" class=\"elementor-sub-item\" tabindex=\"-1\">Maine<\/a><\/li>\n\t\t<li class=\"menu-item menu-item-type-post_type menu-item-object-regulations menu-item-4898\"><a href=\"https:\/\/www.hostfully.com\/regulations\/united-states\/new-york\/\" class=\"elementor-sub-item\" tabindex=\"-1\">Nova Iorque<\/a><\/li>\n\t\t<li class=\"menu-item menu-item-type-post_type menu-item-object-regulations menu-item-4899\"><a href=\"https:\/\/www.hostfully.com\/regulations\/united-states\/north-carolina\/\" class=\"elementor-sub-item\" tabindex=\"-1\">Carolina do Norte<\/a><\/li>\n\t\t<li class=\"menu-item menu-item-type-post_type menu-item-object-regulations menu-item-4900\"><a href=\"https:\/\/www.hostfully.com\/regulations\/united-states\/oregon\/\" class=\"elementor-sub-item\" tabindex=\"-1\">Oregon<\/a><\/li>\n\t\t<li class=\"menu-item menu-item-type-post_type menu-item-object-regulations menu-item-4901\"><a href=\"https:\/\/www.hostfully.com\/regulations\/united-states\/raleigh\/\" class=\"elementor-sub-item\" tabindex=\"-1\">Raleigh<\/a><\/li>\n\t\t<li class=\"menu-item menu-item-type-post_type menu-item-object-regulations menu-item-4902\"><a href=\"https:\/\/www.hostfully.com\/regulations\/united-states\/tennessee\/\" class=\"elementor-sub-item\" tabindex=\"-1\">Tennessee<\/a><\/li>\n\t\t<li class=\"menu-item menu-item-type-post_type menu-item-object-regulations menu-item-4903\"><a href=\"https:\/\/www.hostfully.com\/regulations\/united-states\/texas\/\" class=\"elementor-sub-item\" tabindex=\"-1\">Texas<\/a><\/li>\n\t\t<li class=\"menu-item menu-item-type-post_type menu-item-object-regulations menu-item-4904\"><a href=\"https:\/\/www.hostfully.com\/regulations\/united-states\/vermont\/\" class=\"elementor-sub-item\" tabindex=\"-1\">Vermont<\/a><\/li>\n\t<\/ul>\n<\/li>\n\t<li class=\"menu-item menu-item-type-post_type menu-item-object-regulations menu-item-4890\"><a href=\"https:\/\/www.hostfully.com\/regulations\/united-kingdom\/\" class=\"elementor-sub-item\" tabindex=\"-1\">Reino Unido<\/a><\/li>\n<\/ul>\n<\/li>\n<\/ul>\t\t\t<\/nav>\n\t\t\t\t\t\t<\/div>\n\t\t\t\t<\/div>\n\t\t\t\t\t<\/div>\n\t\t\t\t<\/div>\n\t\t<div class=\"elementor-element elementor-element-aed958d hf-section-md e-flex e-con-boxed e-con e-parent\" data-id=\"aed958d\" data-element_type=\"container\" data-e-type=\"container\">\n\t\t\t\t\t<div class=\"e-con-inner\">\n\t\t\t\t<div class=\"elementor-element elementor-element-1115b70 elementor-alert-info elementor-widget elementor-widget-alert\" data-id=\"1115b70\" data-element_type=\"widget\" data-e-type=\"widget\" data-widget_type=\"alert.default\">\n\t\t\t\t<div class=\"elementor-widget-container\">\n\t\t\t\t\t\t\t<div class=\"elementor-alert\" role=\"alert\">\n\n\t\t\t\t\t\t<span class=\"elementor-alert-title\">Aviso Legal<\/span>\n\t\t\t\n\t\t\t\t\t\t<span class=\"elementor-alert-description\">Os regulamentos de aluguer de curta dura\u00e7\u00e3o est\u00e3o em constante mudan\u00e7a. O recurso abaixo \u00e9 atualizado sempre que poss\u00edvel, mas n\u00e3o deve ser encarado como aconselhamento jur\u00eddico. \u00c9 fundamental que consulte o seu advogado local para garantir que est\u00e1 a tomar as medidas necess\u00e1rias para manter o seu neg\u00f3cio seguro e legal.  <\/span>\n\t\t\t\n\t\t\t\n\t\t<\/div>\n\t\t\t\t\t\t<\/div>\n\t\t\t\t<\/div>\n\t\t\t\t<div class=\"elementor-element elementor-element-d68ee69 elementor-widget elementor-widget-text-editor\" data-id=\"d68ee69\" data-element_type=\"widget\" data-e-type=\"widget\" data-widget_type=\"text-editor.default\">\n\t\t\t\t<div class=\"elementor-widget-container\">\n\t\t\t\t\t\t\t\t\t<p style=\"margin-top: 30px;\">Os regulamentos de aluguer de curta dura\u00e7\u00e3o nos Estados Unidos podem ser dif\u00edceis de encontrar e compreender. Isto porque estamos a assistir a uma mudan\u00e7a enorme na forma como os governos a todos os n\u00edveis compreendem e lidam com os alugueres de f\u00e9rias e as plataformas de aluguer de curta dura\u00e7\u00e3o como o Airbnb e o HomeAway. Para ajudar os propriet\u00e1rios de alugueres de f\u00e9rias a navegar melhor nesta situa\u00e7\u00e3o, a equipa Hostfully criou um guia abrangente das v\u00e1rias leis \u2013 propostas e aprovadas \u2013 que ir\u00e3o afetar o seu neg\u00f3cio como gestor de propriedades.  <\/p><p>As regras variam muito de estado para cidade. N\u00e3o existe uma abordagem \u00fanica, e conhecer as leis locais e estatais \u00e9 fundamental para o sucesso do seu neg\u00f3cio. Navegue utilizando o mapa acima para o seu estado para compreender melhor a legisla\u00e7\u00e3o atual na sua regi\u00e3o. No final, isto ajudar\u00e1 os gestores de propriedades e os propriet\u00e1rios de alugueres de f\u00e9rias a gerir e a dimensionar melhor os seus neg\u00f3cios.   <\/p>\t\t\t\t\t\t\t\t<\/div>\n\t\t\t\t<\/div>\n\t\t\t\t\t<\/div>\n\t\t\t\t<\/div>\n\t\t\t\t<\/div>\n\t\t","protected":false},"excerpt":{"rendered":"<p>Guia dos regulamentos de aluguer de curta dura\u00e7\u00e3o Selecione a localiza\u00e7\u00e3o sobre a qual pretende saber mais acerca do regulamento de aluguer Aviso Legal Os regulamentos de aluguer de curta dura\u00e7\u00e3o est\u00e3o em constante mudan\u00e7a. O recurso abaixo \u00e9 atualizado sempre que poss\u00edvel, mas n\u00e3o deve ser encarado como aconselhamento jur\u00eddico. \u00c9 fundamental que consulte [&hellip;]<\/p>\n","protected":false},"author":1,"featured_media":0,"parent":0,"menu_order":0,"comment_status":"closed","ping_status":"closed","template":"","meta":{"footnotes":""},"class_list":["post-25900","page","type-page","status-publish","hentry"],"yoast_head":"<!-- This site is optimized with the Yoast SEO Premium plugin v27.4 (Yoast SEO v27.4) - https:\/\/yoast.com\/product\/yoast-seo-premium-wordpress\/ -->\n<title>Regulamentos de aluguer de curta dura\u00e7\u00e3o por estado | Hostfully<\/title>\n<meta name=\"robots\" content=\"index, follow, max-snippet:-1, max-image-preview:large, max-video-preview:-1\" \/>\n<link rel=\"canonical\" href=\"https:\/\/www.hostfully.com\/pt-pt\/regulamentos-de-aluguer-de-curta-duracao-por-estado\/\" \/>\n<meta property=\"og:locale\" content=\"pt_PT\" \/>\n<meta property=\"og:type\" content=\"article\" \/>\n<meta property=\"og:title\" content=\"Regulamentos de aluguer de curta dura\u00e7\u00e3o por estado\" \/>\n<meta property=\"og:description\" content=\"Guia dos regulamentos de aluguer de curta dura\u00e7\u00e3o Selecione a localiza\u00e7\u00e3o sobre a qual pretende saber mais acerca do regulamento de aluguer Aviso Legal Os regulamentos de aluguer de curta dura\u00e7\u00e3o est\u00e3o em constante mudan\u00e7a. O recurso abaixo \u00e9 atualizado sempre que poss\u00edvel, mas n\u00e3o deve ser encarado como aconselhamento jur\u00eddico. \u00c9 fundamental que consulte [&hellip;]\" \/>\n<meta property=\"og:url\" content=\"https:\/\/www.hostfully.com\/pt-pt\/regulamentos-de-aluguer-de-curta-duracao-por-estado\/\" \/>\n<meta property=\"og:site_name\" content=\"Hostfully\" \/>\n<meta property=\"article:publisher\" content=\"https:\/\/www.facebook.com\/hostfully\" \/>\n<meta property=\"article:modified_time\" content=\"2026-03-06T23:56:11+00:00\" \/>\n<meta name=\"twitter:card\" content=\"summary_large_image\" \/>\n<meta name=\"twitter:site\" content=\"@hostfully\" \/>\n<meta name=\"twitter:label1\" content=\"Tempo estimado de leitura\" \/>\n\t<meta name=\"twitter:data1\" content=\"1 minuto\" \/>\n<script type=\"application\/ld+json\" class=\"yoast-schema-graph\">{\"@context\":\"https:\\\/\\\/schema.org\",\"@graph\":[{\"@type\":\"WebPage\",\"@id\":\"https:\\\/\\\/www.hostfully.com\\\/pt-pt\\\/regulamentos-de-aluguer-de-curta-duracao-por-estado\\\/\",\"url\":\"https:\\\/\\\/www.hostfully.com\\\/pt-pt\\\/regulamentos-de-aluguer-de-curta-duracao-por-estado\\\/\",\"name\":\"Regulamentos de aluguer de curta dura\u00e7\u00e3o por estado | Hostfully\",\"isPartOf\":{\"@id\":\"https:\\\/\\\/www.hostfully.com\\\/pt-pt\\\/#website\"},\"datePublished\":\"2025-11-06T17:23:28+00:00\",\"dateModified\":\"2026-03-06T23:56:11+00:00\",\"breadcrumb\":{\"@id\":\"https:\\\/\\\/www.hostfully.com\\\/pt-pt\\\/regulamentos-de-aluguer-de-curta-duracao-por-estado\\\/#breadcrumb\"},\"inLanguage\":\"pt-PT\",\"potentialAction\":[{\"@type\":\"ReadAction\",\"target\":[\"https:\\\/\\\/www.hostfully.com\\\/pt-pt\\\/regulamentos-de-aluguer-de-curta-duracao-por-estado\\\/\"]}]},{\"@type\":\"BreadcrumbList\",\"@id\":\"https:\\\/\\\/www.hostfully.com\\\/pt-pt\\\/regulamentos-de-aluguer-de-curta-duracao-por-estado\\\/#breadcrumb\",\"itemListElement\":[{\"@type\":\"ListItem\",\"position\":1,\"name\":\"Home\",\"item\":\"https:\\\/\\\/www.hostfully.com\\\/pt-pt\\\/\"},{\"@type\":\"ListItem\",\"position\":2,\"name\":\"Regulamentos de aluguer de curta dura\u00e7\u00e3o por estado\"}]},{\"@type\":\"WebSite\",\"@id\":\"https:\\\/\\\/www.hostfully.com\\\/pt-pt\\\/#website\",\"url\":\"https:\\\/\\\/www.hostfully.com\\\/pt-pt\\\/\",\"name\":\"Hostfully\",\"description\":\"Award Winning Vacation Rental Software\",\"publisher\":{\"@id\":\"https:\\\/\\\/www.hostfully.com\\\/pt-pt\\\/#organization\"},\"potentialAction\":[{\"@type\":\"SearchAction\",\"target\":{\"@type\":\"EntryPoint\",\"urlTemplate\":\"https:\\\/\\\/www.hostfully.com\\\/pt-pt\\\/?s={search_term_string}\"},\"query-input\":{\"@type\":\"PropertyValueSpecification\",\"valueRequired\":true,\"valueName\":\"search_term_string\"}}],\"inLanguage\":\"pt-PT\"},{\"@type\":\"Organization\",\"@id\":\"https:\\\/\\\/www.hostfully.com\\\/pt-pt\\\/#organization\",\"name\":\"Hostfully\",\"url\":\"https:\\\/\\\/www.hostfully.com\\\/pt-pt\\\/\",\"logo\":{\"@type\":\"ImageObject\",\"inLanguage\":\"pt-PT\",\"@id\":\"https:\\\/\\\/www.hostfully.com\\\/pt-pt\\\/#\\\/schema\\\/logo\\\/image\\\/\",\"url\":\"https:\\\/\\\/www.hostfully.com\\\/wp-content\\\/uploads\\\/2025\\\/08\\\/Hostfully_bluecircle_isotype_R-.png\",\"contentUrl\":\"https:\\\/\\\/www.hostfully.com\\\/wp-content\\\/uploads\\\/2025\\\/08\\\/Hostfully_bluecircle_isotype_R-.png\",\"width\":321,\"height\":321,\"caption\":\"Hostfully\"},\"image\":{\"@id\":\"https:\\\/\\\/www.hostfully.com\\\/pt-pt\\\/#\\\/schema\\\/logo\\\/image\\\/\"},\"sameAs\":[\"https:\\\/\\\/www.facebook.com\\\/hostfully\",\"https:\\\/\\\/x.com\\\/hostfully\",\"https:\\\/\\\/www.instagram.com\\\/hostfully_\\\/\",\"https:\\\/\\\/www.youtube.com\\\/c\\\/Hostfully\",\"https:\\\/\\\/www.linkedin.com\\\/company\\\/hostfully-inc-\\\/\"]}]}<\/script>\n<!-- \/ Yoast SEO Premium plugin. -->","yoast_head_json":{"title":"Regulamentos de aluguer de curta dura\u00e7\u00e3o por estado | Hostfully","robots":{"index":"index","follow":"follow","max-snippet":"max-snippet:-1","max-image-preview":"max-image-preview:large","max-video-preview":"max-video-preview:-1"},"canonical":"https:\/\/www.hostfully.com\/pt-pt\/regulamentos-de-aluguer-de-curta-duracao-por-estado\/","og_locale":"pt_PT","og_type":"article","og_title":"Regulamentos de aluguer de curta dura\u00e7\u00e3o por estado","og_description":"Guia dos regulamentos de aluguer de curta dura\u00e7\u00e3o Selecione a localiza\u00e7\u00e3o sobre a qual pretende saber mais acerca do regulamento de aluguer Aviso Legal Os regulamentos de aluguer de curta dura\u00e7\u00e3o est\u00e3o em constante mudan\u00e7a. O recurso abaixo \u00e9 atualizado sempre que poss\u00edvel, mas n\u00e3o deve ser encarado como aconselhamento jur\u00eddico. \u00c9 fundamental que consulte [&hellip;]","og_url":"https:\/\/www.hostfully.com\/pt-pt\/regulamentos-de-aluguer-de-curta-duracao-por-estado\/","og_site_name":"Hostfully","article_publisher":"https:\/\/www.facebook.com\/hostfully","article_modified_time":"2026-03-06T23:56:11+00:00","twitter_card":"summary_large_image","twitter_site":"@hostfully","twitter_misc":{"Tempo estimado de leitura":"1 minuto"},"schema":{"@context":"https:\/\/schema.org","@graph":[{"@type":"WebPage","@id":"https:\/\/www.hostfully.com\/pt-pt\/regulamentos-de-aluguer-de-curta-duracao-por-estado\/","url":"https:\/\/www.hostfully.com\/pt-pt\/regulamentos-de-aluguer-de-curta-duracao-por-estado\/","name":"Regulamentos de aluguer de curta dura\u00e7\u00e3o por estado | Hostfully","isPartOf":{"@id":"https:\/\/www.hostfully.com\/pt-pt\/#website"},"datePublished":"2025-11-06T17:23:28+00:00","dateModified":"2026-03-06T23:56:11+00:00","breadcrumb":{"@id":"https:\/\/www.hostfully.com\/pt-pt\/regulamentos-de-aluguer-de-curta-duracao-por-estado\/#breadcrumb"},"inLanguage":"pt-PT","potentialAction":[{"@type":"ReadAction","target":["https:\/\/www.hostfully.com\/pt-pt\/regulamentos-de-aluguer-de-curta-duracao-por-estado\/"]}]},{"@type":"BreadcrumbList","@id":"https:\/\/www.hostfully.com\/pt-pt\/regulamentos-de-aluguer-de-curta-duracao-por-estado\/#breadcrumb","itemListElement":[{"@type":"ListItem","position":1,"name":"Home","item":"https:\/\/www.hostfully.com\/pt-pt\/"},{"@type":"ListItem","position":2,"name":"Regulamentos de aluguer de curta dura\u00e7\u00e3o por estado"}]},{"@type":"WebSite","@id":"https:\/\/www.hostfully.com\/pt-pt\/#website","url":"https:\/\/www.hostfully.com\/pt-pt\/","name":"Hostfully","description":"Award Winning Vacation Rental Software","publisher":{"@id":"https:\/\/www.hostfully.com\/pt-pt\/#organization"},"potentialAction":[{"@type":"SearchAction","target":{"@type":"EntryPoint","urlTemplate":"https:\/\/www.hostfully.com\/pt-pt\/?s={search_term_string}"},"query-input":{"@type":"PropertyValueSpecification","valueRequired":true,"valueName":"search_term_string"}}],"inLanguage":"pt-PT"},{"@type":"Organization","@id":"https:\/\/www.hostfully.com\/pt-pt\/#organization","name":"Hostfully","url":"https:\/\/www.hostfully.com\/pt-pt\/","logo":{"@type":"ImageObject","inLanguage":"pt-PT","@id":"https:\/\/www.hostfully.com\/pt-pt\/#\/schema\/logo\/image\/","url":"https:\/\/www.hostfully.com\/wp-content\/uploads\/2025\/08\/Hostfully_bluecircle_isotype_R-.png","contentUrl":"https:\/\/www.hostfully.com\/wp-content\/uploads\/2025\/08\/Hostfully_bluecircle_isotype_R-.png","width":321,"height":321,"caption":"Hostfully"},"image":{"@id":"https:\/\/www.hostfully.com\/pt-pt\/#\/schema\/logo\/image\/"},"sameAs":["https:\/\/www.facebook.com\/hostfully","https:\/\/x.com\/hostfully","https:\/\/www.instagram.com\/hostfully_\/","https:\/\/www.youtube.com\/c\/Hostfully","https:\/\/www.linkedin.com\/company\/hostfully-inc-\/"]}]}},"_links":{"self":[{"href":"https:\/\/www.hostfully.com\/pt-pt\/wp-json\/wp\/v2\/pages\/25900","targetHints":{"allow":["GET"]}}],"collection":[{"href":"https:\/\/www.hostfully.com\/pt-pt\/wp-json\/wp\/v2\/pages"}],"about":[{"href":"https:\/\/www.hostfully.com\/pt-pt\/wp-json\/wp\/v2\/types\/page"}],"author":[{"embeddable":true,"href":"https:\/\/www.hostfully.com\/pt-pt\/wp-json\/wp\/v2\/users\/1"}],"replies":[{"embeddable":true,"href":"https:\/\/www.hostfully.com\/pt-pt\/wp-json\/wp\/v2\/comments?post=25900"}],"version-history":[{"count":2,"href":"https:\/\/www.hostfully.com\/pt-pt\/wp-json\/wp\/v2\/pages\/25900\/revisions"}],"predecessor-version":[{"id":75286,"href":"https:\/\/www.hostfully.com\/pt-pt\/wp-json\/wp\/v2\/pages\/25900\/revisions\/75286"}],"wp:attachment":[{"href":"https:\/\/www.hostfully.com\/pt-pt\/wp-json\/wp\/v2\/media?parent=25900"}],"curies":[{"name":"wp","href":"https:\/\/api.w.org\/{rel}","templated":true}]}}