{"id":25962,"date":"2025-11-24T18:33:34","date_gmt":"2025-11-24T18:33:34","guid":{"rendered":"https:\/\/mktdev.hostfully.com\/questionario-de-avaliacao-da-saude-do-negocio-de-aluguer-de-ferias\/"},"modified":"2026-02-19T13:32:13","modified_gmt":"2026-02-19T13:32:13","slug":"questionario-de-avaliacao-da-saude-do-negocio-de-aluguer-de-ferias","status":"publish","type":"page","link":"https:\/\/www.hostfully.com\/pt-pt\/ferramentas-de-crescimento\/questionario-de-avaliacao-da-saude-do-negocio-de-aluguer-de-ferias\/","title":{"rendered":"Question\u00e1rio de Avalia\u00e7\u00e3o da Sa\u00fade do Neg\u00f3cio de Aluguer de F\u00e9rias"},"content":{"rendered":"\t\t<div data-elementor-type=\"wp-page\" data-elementor-id=\"25962\" class=\"elementor elementor-25962 elementor-7841\" data-elementor-post-type=\"page\">\n\t\t\t\t<div class=\"elementor-element elementor-element-faaf74c e-con-full my-4i br-50i e-flex e-con e-parent\" data-id=\"faaf74c\" data-element_type=\"container\" data-e-type=\"container\" data-settings=\"{&quot;background_background&quot;:&quot;classic&quot;}\">\n\t\t<div class=\"elementor-element elementor-element-982f6b2 e-con-full e-flex e-con e-child\" data-id=\"982f6b2\" data-element_type=\"container\" data-e-type=\"container\">\n\t\t\t\t<div class=\"elementor-element elementor-element-4a70e6a elementor-widget elementor-widget-html\" data-id=\"4a70e6a\" data-element_type=\"widget\" data-e-type=\"widget\" data-widget_type=\"html.default\">\n\t\t\t\t<div class=\"elementor-widget-container\">\n\t\t\t\t\t<div>\r\n<div class=\"op-interactive\" id=\"5de6670dddb67c77083c1dcf\" data-url=\"https:\/\/hostfully.outgrow.us\/5de6670dddb67c77083c1dcf?vHeight=1\" data-width=\"100%\">&nbsp;<\/div>\r\n<script src=\"\/\/dyv6f9ner1ir9.cloudfront.net\/assets\/js\/nloader.js\"><\/script>\r\n<script>initIframe('5de6670dddb67c77083c1dcf');<\/script>\r\n<\/div>\t\t\t\t<\/div>\n\t\t\t\t<\/div>\n\t\t\t\t<\/div>\n\t\t\t\t<\/div>\n\t\t<div class=\"elementor-element elementor-element-6d8a2c2 e-flex e-con-boxed e-con e-parent\" data-id=\"6d8a2c2\" data-element_type=\"container\" data-e-type=\"container\">\n\t\t\t\t\t<div class=\"e-con-inner\">\n\t\t\t\t<div class=\"elementor-element elementor-element-085caad elementor-widget elementor-widget-text-editor\" data-id=\"085caad\" data-element_type=\"widget\" data-e-type=\"widget\" data-widget_type=\"text-editor.default\">\n\t\t\t\t<div class=\"elementor-widget-container\">\n\t\t\t\t\t\t\t\t\t<p>Embora as empresas de hotelaria com tecnologia integrada sejam um fen\u00f3meno recente da \u00faltima d\u00e9cada, o seu crescimento segue modelos de neg\u00f3cio tradicionais. Existem quatro fun\u00e7\u00f5es de neg\u00f3cio cr\u00edticas em qualquer empresa de gest\u00e3o de alugueres de f\u00e9rias: <strong>opera\u00e7\u00f5es, marketing, vendas e gest\u00e3o de h\u00f3spedes<\/strong>. <\/p><p>Para os gestores de alugueres de f\u00e9rias \ud83d\ude4b\u200d\u2640\ufe0f\ud83d\ude4b\u200d\u2642\ufe0f, uma pergunta que frequentemente nos fazem \u00e9: <em>Como saber em qual destas fun\u00e7\u00f5es de neg\u00f3cio se concentrar?<\/em> E a resposta era sempre: <em>Depende<\/em>\u2026 At\u00e9 agora! A Hostfully criou um <strong>question\u00e1rio de avalia\u00e7\u00e3o da sa\u00fade<\/strong> \ud83c\udfe1 do neg\u00f3cio de alugueres de f\u00e9rias que, com base nas suas respostas, lhe indicar\u00e1 o componente do seu neg\u00f3cio em que se deve concentrar mais nos pr\u00f3ximos 12 meses \ud83d\udcc5: opera\u00e7\u00f5es, marketing, vendas ou gest\u00e3o de h\u00f3spedes. <\/p><p>Em poucos minutos, ter\u00e1 um plano de a\u00e7\u00e3o personalizado e descarreg\u00e1vel para os seus alugueres de f\u00e9rias, para ajudar a aumentar \ud83d\udcc8 o seu neg\u00f3cio e, em \u00faltima an\u00e1lise, as receitas. Se tiver alguma quest\u00e3o sobre o question\u00e1rio ou pretender dar seguimento, contacte <a href=\"mailto:jessica@hostfully.com?subject=Let%27s%20Talk%20VRMC%20Health%20Check%20Quiz!\">jessica@hostfully.com<\/a> \u2014 adoramos receber not\u00edcias suas! <\/p>\t\t\t\t\t\t\t\t<\/div>\n\t\t\t\t<\/div>\n\t\t\t\t\t<\/div>\n\t\t\t\t<\/div>\n\t\t\t\t<\/div>\n\t\t","protected":false},"excerpt":{"rendered":"<p>&nbsp; Embora as empresas de hotelaria com tecnologia integrada sejam um fen\u00f3meno recente da \u00faltima d\u00e9cada, o seu crescimento segue modelos de neg\u00f3cio tradicionais. Existem quatro fun\u00e7\u00f5es de neg\u00f3cio cr\u00edticas em qualquer empresa de gest\u00e3o de alugueres de f\u00e9rias: opera\u00e7\u00f5es, marketing, vendas e gest\u00e3o de h\u00f3spedes. Para os gestores de alugueres de f\u00e9rias ????\u200d\u2640\ufe0f????\u200d\u2642\ufe0f, uma [&hellip;]<\/p>\n","protected":false},"author":2,"featured_media":0,"parent":25999,"menu_order":0,"comment_status":"closed","ping_status":"closed","template":"","meta":{"footnotes":""},"class_list":["post-25962","page","type-page","status-publish","hentry"],"yoast_head":"<!-- This site is optimized with the Yoast SEO Premium plugin v27.3 (Yoast SEO v27.3) - https:\/\/yoast.com\/product\/yoast-seo-premium-wordpress\/ -->\n<title>Question\u00e1rio de Avalia\u00e7\u00e3o da Sa\u00fade do Neg\u00f3cio de Aluguer de F\u00e9rias | Hostfully<\/title>\n<meta name=\"description\" content=\"Fa\u00e7a o nosso Quiz de Avalia\u00e7\u00e3o de Sa\u00fade VRMC gratuito e descubra oportunidades-chave de crescimento com um plano de a\u00e7\u00e3o personalizado para o seu neg\u00f3cio.\" \/>\n<meta name=\"robots\" content=\"index, follow, max-snippet:-1, max-image-preview:large, max-video-preview:-1\" \/>\n<link rel=\"canonical\" href=\"https:\/\/www.hostfully.com\/pt-pt\/ferramentas-de-crescimento\/questionario-de-avaliacao-da-saude-do-negocio-de-aluguer-de-ferias\/\" \/>\n<meta property=\"og:locale\" content=\"pt_PT\" \/>\n<meta property=\"og:type\" content=\"article\" \/>\n<meta property=\"og:title\" content=\"Question\u00e1rio de Avalia\u00e7\u00e3o da Sa\u00fade do Neg\u00f3cio de Aluguer de F\u00e9rias\" \/>\n<meta property=\"og:description\" content=\"Fa\u00e7a o nosso Quiz de Avalia\u00e7\u00e3o de Sa\u00fade VRMC gratuito e descubra oportunidades-chave de crescimento com um plano de a\u00e7\u00e3o personalizado para o seu neg\u00f3cio.\" \/>\n<meta property=\"og:url\" content=\"https:\/\/www.hostfully.com\/pt-pt\/ferramentas-de-crescimento\/questionario-de-avaliacao-da-saude-do-negocio-de-aluguer-de-ferias\/\" \/>\n<meta property=\"og:site_name\" content=\"Hostfully\" \/>\n<meta property=\"article:publisher\" content=\"https:\/\/www.facebook.com\/hostfully\" \/>\n<meta property=\"article:modified_time\" content=\"2026-02-19T13:32:13+00:00\" \/>\n<meta name=\"twitter:card\" content=\"summary_large_image\" \/>\n<meta name=\"twitter:site\" content=\"@hostfully\" \/>\n<meta name=\"twitter:label1\" content=\"Tempo estimado de leitura\" \/>\n\t<meta name=\"twitter:data1\" content=\"1 minuto\" \/>\n<script type=\"application\/ld+json\" class=\"yoast-schema-graph\">{\"@context\":\"https:\\\/\\\/schema.org\",\"@graph\":[{\"@type\":\"WebPage\",\"@id\":\"https:\\\/\\\/www.hostfully.com\\\/pt-pt\\\/ferramentas-de-crescimento\\\/questionario-de-avaliacao-da-saude-do-negocio-de-aluguer-de-ferias\\\/\",\"url\":\"https:\\\/\\\/www.hostfully.com\\\/pt-pt\\\/ferramentas-de-crescimento\\\/questionario-de-avaliacao-da-saude-do-negocio-de-aluguer-de-ferias\\\/\",\"name\":\"Question\u00e1rio de Avalia\u00e7\u00e3o da Sa\u00fade do Neg\u00f3cio de Aluguer de F\u00e9rias | Hostfully\",\"isPartOf\":{\"@id\":\"https:\\\/\\\/www.hostfully.com\\\/pt-pt\\\/#website\"},\"datePublished\":\"2025-11-24T18:33:34+00:00\",\"dateModified\":\"2026-02-19T13:32:13+00:00\",\"description\":\"Fa\u00e7a o nosso Quiz de Avalia\u00e7\u00e3o de Sa\u00fade VRMC gratuito e descubra oportunidades-chave de crescimento com um plano de a\u00e7\u00e3o personalizado para o seu neg\u00f3cio.\",\"breadcrumb\":{\"@id\":\"https:\\\/\\\/www.hostfully.com\\\/pt-pt\\\/ferramentas-de-crescimento\\\/questionario-de-avaliacao-da-saude-do-negocio-de-aluguer-de-ferias\\\/#breadcrumb\"},\"inLanguage\":\"pt-PT\",\"potentialAction\":[{\"@type\":\"ReadAction\",\"target\":[\"https:\\\/\\\/www.hostfully.com\\\/pt-pt\\\/ferramentas-de-crescimento\\\/questionario-de-avaliacao-da-saude-do-negocio-de-aluguer-de-ferias\\\/\"]}]},{\"@type\":\"BreadcrumbList\",\"@id\":\"https:\\\/\\\/www.hostfully.com\\\/pt-pt\\\/ferramentas-de-crescimento\\\/questionario-de-avaliacao-da-saude-do-negocio-de-aluguer-de-ferias\\\/#breadcrumb\",\"itemListElement\":[{\"@type\":\"ListItem\",\"position\":1,\"name\":\"Home\",\"item\":\"https:\\\/\\\/www.hostfully.com\\\/pt-pt\\\/\"},{\"@type\":\"ListItem\",\"position\":2,\"name\":\"Ferramentas de crescimento\",\"item\":\"https:\\\/\\\/www.hostfully.com\\\/pt-pt\\\/ferramentas-de-crescimento\\\/\"},{\"@type\":\"ListItem\",\"position\":3,\"name\":\"Question\u00e1rio de Avalia\u00e7\u00e3o da Sa\u00fade do Neg\u00f3cio de Aluguer de F\u00e9rias\"}]},{\"@type\":\"WebSite\",\"@id\":\"https:\\\/\\\/www.hostfully.com\\\/pt-pt\\\/#website\",\"url\":\"https:\\\/\\\/www.hostfully.com\\\/pt-pt\\\/\",\"name\":\"Hostfully\",\"description\":\"Award Winning Vacation Rental Software\",\"publisher\":{\"@id\":\"https:\\\/\\\/www.hostfully.com\\\/pt-pt\\\/#organization\"},\"potentialAction\":[{\"@type\":\"SearchAction\",\"target\":{\"@type\":\"EntryPoint\",\"urlTemplate\":\"https:\\\/\\\/www.hostfully.com\\\/pt-pt\\\/?s={search_term_string}\"},\"query-input\":{\"@type\":\"PropertyValueSpecification\",\"valueRequired\":true,\"valueName\":\"search_term_string\"}}],\"inLanguage\":\"pt-PT\"},{\"@type\":\"Organization\",\"@id\":\"https:\\\/\\\/www.hostfully.com\\\/pt-pt\\\/#organization\",\"name\":\"Hostfully\",\"url\":\"https:\\\/\\\/www.hostfully.com\\\/pt-pt\\\/\",\"logo\":{\"@type\":\"ImageObject\",\"inLanguage\":\"pt-PT\",\"@id\":\"https:\\\/\\\/www.hostfully.com\\\/pt-pt\\\/#\\\/schema\\\/logo\\\/image\\\/\",\"url\":\"https:\\\/\\\/www.hostfully.com\\\/wp-content\\\/uploads\\\/2025\\\/08\\\/Hostfully_bluecircle_isotype_R-.png\",\"contentUrl\":\"https:\\\/\\\/www.hostfully.com\\\/wp-content\\\/uploads\\\/2025\\\/08\\\/Hostfully_bluecircle_isotype_R-.png\",\"width\":321,\"height\":321,\"caption\":\"Hostfully\"},\"image\":{\"@id\":\"https:\\\/\\\/www.hostfully.com\\\/pt-pt\\\/#\\\/schema\\\/logo\\\/image\\\/\"},\"sameAs\":[\"https:\\\/\\\/www.facebook.com\\\/hostfully\",\"https:\\\/\\\/x.com\\\/hostfully\",\"https:\\\/\\\/www.instagram.com\\\/hostfully_\\\/\",\"https:\\\/\\\/www.youtube.com\\\/c\\\/Hostfully\",\"https:\\\/\\\/www.linkedin.com\\\/company\\\/hostfully-inc-\\\/\"]}]}<\/script>\n<!-- \/ Yoast SEO Premium plugin. -->","yoast_head_json":{"title":"Question\u00e1rio de Avalia\u00e7\u00e3o da Sa\u00fade do Neg\u00f3cio de Aluguer de F\u00e9rias | Hostfully","description":"Fa\u00e7a o nosso Quiz de Avalia\u00e7\u00e3o de Sa\u00fade VRMC gratuito e descubra oportunidades-chave de crescimento com um plano de a\u00e7\u00e3o personalizado para o seu neg\u00f3cio.","robots":{"index":"index","follow":"follow","max-snippet":"max-snippet:-1","max-image-preview":"max-image-preview:large","max-video-preview":"max-video-preview:-1"},"canonical":"https:\/\/www.hostfully.com\/pt-pt\/ferramentas-de-crescimento\/questionario-de-avaliacao-da-saude-do-negocio-de-aluguer-de-ferias\/","og_locale":"pt_PT","og_type":"article","og_title":"Question\u00e1rio de Avalia\u00e7\u00e3o da Sa\u00fade do Neg\u00f3cio de Aluguer de F\u00e9rias","og_description":"Fa\u00e7a o nosso Quiz de Avalia\u00e7\u00e3o de Sa\u00fade VRMC gratuito e descubra oportunidades-chave de crescimento com um plano de a\u00e7\u00e3o personalizado para o seu neg\u00f3cio.","og_url":"https:\/\/www.hostfully.com\/pt-pt\/ferramentas-de-crescimento\/questionario-de-avaliacao-da-saude-do-negocio-de-aluguer-de-ferias\/","og_site_name":"Hostfully","article_publisher":"https:\/\/www.facebook.com\/hostfully","article_modified_time":"2026-02-19T13:32:13+00:00","twitter_card":"summary_large_image","twitter_site":"@hostfully","twitter_misc":{"Tempo estimado de leitura":"1 minuto"},"schema":{"@context":"https:\/\/schema.org","@graph":[{"@type":"WebPage","@id":"https:\/\/www.hostfully.com\/pt-pt\/ferramentas-de-crescimento\/questionario-de-avaliacao-da-saude-do-negocio-de-aluguer-de-ferias\/","url":"https:\/\/www.hostfully.com\/pt-pt\/ferramentas-de-crescimento\/questionario-de-avaliacao-da-saude-do-negocio-de-aluguer-de-ferias\/","name":"Question\u00e1rio de Avalia\u00e7\u00e3o da Sa\u00fade do Neg\u00f3cio de Aluguer de F\u00e9rias | Hostfully","isPartOf":{"@id":"https:\/\/www.hostfully.com\/pt-pt\/#website"},"datePublished":"2025-11-24T18:33:34+00:00","dateModified":"2026-02-19T13:32:13+00:00","description":"Fa\u00e7a o nosso Quiz de Avalia\u00e7\u00e3o de Sa\u00fade VRMC gratuito e descubra oportunidades-chave de crescimento com um plano de a\u00e7\u00e3o personalizado para o seu neg\u00f3cio.","breadcrumb":{"@id":"https:\/\/www.hostfully.com\/pt-pt\/ferramentas-de-crescimento\/questionario-de-avaliacao-da-saude-do-negocio-de-aluguer-de-ferias\/#breadcrumb"},"inLanguage":"pt-PT","potentialAction":[{"@type":"ReadAction","target":["https:\/\/www.hostfully.com\/pt-pt\/ferramentas-de-crescimento\/questionario-de-avaliacao-da-saude-do-negocio-de-aluguer-de-ferias\/"]}]},{"@type":"BreadcrumbList","@id":"https:\/\/www.hostfully.com\/pt-pt\/ferramentas-de-crescimento\/questionario-de-avaliacao-da-saude-do-negocio-de-aluguer-de-ferias\/#breadcrumb","itemListElement":[{"@type":"ListItem","position":1,"name":"Home","item":"https:\/\/www.hostfully.com\/pt-pt\/"},{"@type":"ListItem","position":2,"name":"Ferramentas de crescimento","item":"https:\/\/www.hostfully.com\/pt-pt\/ferramentas-de-crescimento\/"},{"@type":"ListItem","position":3,"name":"Question\u00e1rio de Avalia\u00e7\u00e3o da Sa\u00fade do Neg\u00f3cio de Aluguer de F\u00e9rias"}]},{"@type":"WebSite","@id":"https:\/\/www.hostfully.com\/pt-pt\/#website","url":"https:\/\/www.hostfully.com\/pt-pt\/","name":"Hostfully","description":"Award Winning Vacation Rental Software","publisher":{"@id":"https:\/\/www.hostfully.com\/pt-pt\/#organization"},"potentialAction":[{"@type":"SearchAction","target":{"@type":"EntryPoint","urlTemplate":"https:\/\/www.hostfully.com\/pt-pt\/?s={search_term_string}"},"query-input":{"@type":"PropertyValueSpecification","valueRequired":true,"valueName":"search_term_string"}}],"inLanguage":"pt-PT"},{"@type":"Organization","@id":"https:\/\/www.hostfully.com\/pt-pt\/#organization","name":"Hostfully","url":"https:\/\/www.hostfully.com\/pt-pt\/","logo":{"@type":"ImageObject","inLanguage":"pt-PT","@id":"https:\/\/www.hostfully.com\/pt-pt\/#\/schema\/logo\/image\/","url":"https:\/\/www.hostfully.com\/wp-content\/uploads\/2025\/08\/Hostfully_bluecircle_isotype_R-.png","contentUrl":"https:\/\/www.hostfully.com\/wp-content\/uploads\/2025\/08\/Hostfully_bluecircle_isotype_R-.png","width":321,"height":321,"caption":"Hostfully"},"image":{"@id":"https:\/\/www.hostfully.com\/pt-pt\/#\/schema\/logo\/image\/"},"sameAs":["https:\/\/www.facebook.com\/hostfully","https:\/\/x.com\/hostfully","https:\/\/www.instagram.com\/hostfully_\/","https:\/\/www.youtube.com\/c\/Hostfully","https:\/\/www.linkedin.com\/company\/hostfully-inc-\/"]}]}},"_links":{"self":[{"href":"https:\/\/www.hostfully.com\/pt-pt\/wp-json\/wp\/v2\/pages\/25962","targetHints":{"allow":["GET"]}}],"collection":[{"href":"https:\/\/www.hostfully.com\/pt-pt\/wp-json\/wp\/v2\/pages"}],"about":[{"href":"https:\/\/www.hostfully.com\/pt-pt\/wp-json\/wp\/v2\/types\/page"}],"author":[{"embeddable":true,"href":"https:\/\/www.hostfully.com\/pt-pt\/wp-json\/wp\/v2\/users\/2"}],"replies":[{"embeddable":true,"href":"https:\/\/www.hostfully.com\/pt-pt\/wp-json\/wp\/v2\/comments?post=25962"}],"version-history":[{"count":1,"href":"https:\/\/www.hostfully.com\/pt-pt\/wp-json\/wp\/v2\/pages\/25962\/revisions"}],"predecessor-version":[{"id":25965,"href":"https:\/\/www.hostfully.com\/pt-pt\/wp-json\/wp\/v2\/pages\/25962\/revisions\/25965"}],"up":[{"embeddable":true,"href":"https:\/\/www.hostfully.com\/pt-pt\/wp-json\/wp\/v2\/pages\/25999"}],"wp:attachment":[{"href":"https:\/\/www.hostfully.com\/pt-pt\/wp-json\/wp\/v2\/media?parent=25962"}],"curies":[{"name":"wp","href":"https:\/\/api.w.org\/{rel}","templated":true}]}}