{"id":25973,"date":"2025-11-24T18:43:31","date_gmt":"2025-11-24T18:43:31","guid":{"rendered":"https:\/\/mktdev.hostfully.com\/calculadora-de-roi-de-reservas-diretas-para-gestores-de-alojamento-local\/"},"modified":"2026-02-19T13:46:02","modified_gmt":"2026-02-19T13:46:02","slug":"calculadora-de-roi-de-reservas-diretas-para-gestores-de-alojamento-local","status":"publish","type":"page","link":"https:\/\/www.hostfully.com\/pt-pt\/ferramentas-de-crescimento\/calculadora-de-roi-de-reservas-diretas-para-gestores-de-alojamento-local\/","title":{"rendered":"Calculadora de ROI de Reservas Diretas para Gestores de Alojamento Local"},"content":{"rendered":"\t\t<div data-elementor-type=\"wp-page\" data-elementor-id=\"25973\" class=\"elementor elementor-25973 elementor-7861\" data-elementor-post-type=\"page\">\n\t\t\t\t<div class=\"elementor-element elementor-element-1827692 e-con-full my-4i br-50i e-flex e-con e-parent\" data-id=\"1827692\" data-element_type=\"container\" data-e-type=\"container\" data-settings=\"{&quot;background_background&quot;:&quot;classic&quot;}\">\n\t\t<div class=\"elementor-element elementor-element-ebd58a1 e-con-full e-flex e-con e-child\" data-id=\"ebd58a1\" data-element_type=\"container\" data-e-type=\"container\">\n\t\t\t\t<div class=\"elementor-element elementor-element-1e1937d elementor-widget elementor-widget-html\" data-id=\"1e1937d\" data-element_type=\"widget\" data-e-type=\"widget\" data-widget_type=\"html.default\">\n\t\t\t\t<div class=\"elementor-widget-container\">\n\t\t\t\t\t<div>\r\n<div class=\"op-interactive\" id=\"5f49295242384e5c91363075\" data-title=\"Direct Bookings ROI\" data-url=\"https:\/\/hostfully.outgrow.us\/5f49295242384e5c91363075?vHeight=1\" data-width=\"100%\">&nbsp;<\/div>\r\n<script src=\"\/\/dyv6f9ner1ir9.cloudfront.net\/assets\/js\/nloader.js\"><\/script>\r\n<script>initIframe('5f49295242384e5c91363075');<\/script>\r\n<\/div>\t\t\t\t<\/div>\n\t\t\t\t<\/div>\n\t\t\t\t<\/div>\n\t\t\t\t<\/div>\n\t\t\t\t<\/div>\n\t\t","protected":false},"excerpt":{"rendered":"<p>&nbsp;<\/p>\n","protected":false},"author":2,"featured_media":0,"parent":25999,"menu_order":0,"comment_status":"closed","ping_status":"closed","template":"","meta":{"footnotes":""},"class_list":["post-25973","page","type-page","status-publish","hentry"],"yoast_head":"<!-- This site is optimized with the Yoast SEO Premium plugin v27.3 (Yoast SEO v27.3) - https:\/\/yoast.com\/product\/yoast-seo-premium-wordpress\/ -->\n<title>Calculadora de ROI de Reservas Diretas para Gestores de Alojamento Local | Hostfully<\/title>\n<meta name=\"description\" content=\"A nossa calculadora gratuita ajud\u00e1-lo-\u00e1 a estimar quanto pode poupar ao aumentar as reservas diretas para o seu neg\u00f3cio de alojamento local.\" \/>\n<meta name=\"robots\" content=\"index, follow, max-snippet:-1, max-image-preview:large, max-video-preview:-1\" \/>\n<link rel=\"canonical\" href=\"https:\/\/www.hostfully.com\/pt-pt\/ferramentas-de-crescimento\/calculadora-de-roi-de-reservas-diretas-para-gestores-de-alojamento-local\/\" \/>\n<meta property=\"og:locale\" content=\"pt_PT\" \/>\n<meta property=\"og:type\" content=\"article\" \/>\n<meta property=\"og:title\" content=\"Calculadora de ROI de Reservas Diretas para Gestores de Alojamento Local\" \/>\n<meta property=\"og:description\" content=\"A nossa calculadora gratuita ajud\u00e1-lo-\u00e1 a estimar quanto pode poupar ao aumentar as reservas diretas para o seu neg\u00f3cio de alojamento local.\" \/>\n<meta property=\"og:url\" content=\"https:\/\/www.hostfully.com\/pt-pt\/ferramentas-de-crescimento\/calculadora-de-roi-de-reservas-diretas-para-gestores-de-alojamento-local\/\" \/>\n<meta property=\"og:site_name\" content=\"Hostfully\" \/>\n<meta property=\"article:publisher\" content=\"https:\/\/www.facebook.com\/hostfully\" \/>\n<meta property=\"article:modified_time\" content=\"2026-02-19T13:46:02+00:00\" \/>\n<meta name=\"twitter:card\" content=\"summary_large_image\" \/>\n<meta name=\"twitter:site\" content=\"@hostfully\" \/>\n<script type=\"application\/ld+json\" class=\"yoast-schema-graph\">{\"@context\":\"https:\\\/\\\/schema.org\",\"@graph\":[{\"@type\":\"WebPage\",\"@id\":\"https:\\\/\\\/www.hostfully.com\\\/pt-pt\\\/ferramentas-de-crescimento\\\/calculadora-de-roi-de-reservas-diretas-para-gestores-de-alojamento-local\\\/\",\"url\":\"https:\\\/\\\/www.hostfully.com\\\/pt-pt\\\/ferramentas-de-crescimento\\\/calculadora-de-roi-de-reservas-diretas-para-gestores-de-alojamento-local\\\/\",\"name\":\"Calculadora de ROI de Reservas Diretas para Gestores de Alojamento Local | Hostfully\",\"isPartOf\":{\"@id\":\"https:\\\/\\\/www.hostfully.com\\\/pt-pt\\\/#website\"},\"datePublished\":\"2025-11-24T18:43:31+00:00\",\"dateModified\":\"2026-02-19T13:46:02+00:00\",\"description\":\"A nossa calculadora gratuita ajud\u00e1-lo-\u00e1 a estimar quanto pode poupar ao aumentar as reservas diretas para o seu neg\u00f3cio de alojamento local.\",\"breadcrumb\":{\"@id\":\"https:\\\/\\\/www.hostfully.com\\\/pt-pt\\\/ferramentas-de-crescimento\\\/calculadora-de-roi-de-reservas-diretas-para-gestores-de-alojamento-local\\\/#breadcrumb\"},\"inLanguage\":\"pt-PT\",\"potentialAction\":[{\"@type\":\"ReadAction\",\"target\":[\"https:\\\/\\\/www.hostfully.com\\\/pt-pt\\\/ferramentas-de-crescimento\\\/calculadora-de-roi-de-reservas-diretas-para-gestores-de-alojamento-local\\\/\"]}]},{\"@type\":\"BreadcrumbList\",\"@id\":\"https:\\\/\\\/www.hostfully.com\\\/pt-pt\\\/ferramentas-de-crescimento\\\/calculadora-de-roi-de-reservas-diretas-para-gestores-de-alojamento-local\\\/#breadcrumb\",\"itemListElement\":[{\"@type\":\"ListItem\",\"position\":1,\"name\":\"Home\",\"item\":\"https:\\\/\\\/www.hostfully.com\\\/pt-pt\\\/\"},{\"@type\":\"ListItem\",\"position\":2,\"name\":\"Ferramentas de crescimento\",\"item\":\"https:\\\/\\\/www.hostfully.com\\\/pt-pt\\\/ferramentas-de-crescimento\\\/\"},{\"@type\":\"ListItem\",\"position\":3,\"name\":\"Calculadora de ROI de Reservas Diretas para Gestores de Alojamento Local\"}]},{\"@type\":\"WebSite\",\"@id\":\"https:\\\/\\\/www.hostfully.com\\\/pt-pt\\\/#website\",\"url\":\"https:\\\/\\\/www.hostfully.com\\\/pt-pt\\\/\",\"name\":\"Hostfully\",\"description\":\"Award Winning Vacation Rental Software\",\"publisher\":{\"@id\":\"https:\\\/\\\/www.hostfully.com\\\/pt-pt\\\/#organization\"},\"potentialAction\":[{\"@type\":\"SearchAction\",\"target\":{\"@type\":\"EntryPoint\",\"urlTemplate\":\"https:\\\/\\\/www.hostfully.com\\\/pt-pt\\\/?s={search_term_string}\"},\"query-input\":{\"@type\":\"PropertyValueSpecification\",\"valueRequired\":true,\"valueName\":\"search_term_string\"}}],\"inLanguage\":\"pt-PT\"},{\"@type\":\"Organization\",\"@id\":\"https:\\\/\\\/www.hostfully.com\\\/pt-pt\\\/#organization\",\"name\":\"Hostfully\",\"url\":\"https:\\\/\\\/www.hostfully.com\\\/pt-pt\\\/\",\"logo\":{\"@type\":\"ImageObject\",\"inLanguage\":\"pt-PT\",\"@id\":\"https:\\\/\\\/www.hostfully.com\\\/pt-pt\\\/#\\\/schema\\\/logo\\\/image\\\/\",\"url\":\"https:\\\/\\\/www.hostfully.com\\\/wp-content\\\/uploads\\\/2025\\\/08\\\/Hostfully_bluecircle_isotype_R-.png\",\"contentUrl\":\"https:\\\/\\\/www.hostfully.com\\\/wp-content\\\/uploads\\\/2025\\\/08\\\/Hostfully_bluecircle_isotype_R-.png\",\"width\":321,\"height\":321,\"caption\":\"Hostfully\"},\"image\":{\"@id\":\"https:\\\/\\\/www.hostfully.com\\\/pt-pt\\\/#\\\/schema\\\/logo\\\/image\\\/\"},\"sameAs\":[\"https:\\\/\\\/www.facebook.com\\\/hostfully\",\"https:\\\/\\\/x.com\\\/hostfully\",\"https:\\\/\\\/www.instagram.com\\\/hostfully_\\\/\",\"https:\\\/\\\/www.youtube.com\\\/c\\\/Hostfully\",\"https:\\\/\\\/www.linkedin.com\\\/company\\\/hostfully-inc-\\\/\"]}]}<\/script>\n<!-- \/ Yoast SEO Premium plugin. -->","yoast_head_json":{"title":"Calculadora de ROI de Reservas Diretas para Gestores de Alojamento Local | Hostfully","description":"A nossa calculadora gratuita ajud\u00e1-lo-\u00e1 a estimar quanto pode poupar ao aumentar as reservas diretas para o seu neg\u00f3cio de alojamento local.","robots":{"index":"index","follow":"follow","max-snippet":"max-snippet:-1","max-image-preview":"max-image-preview:large","max-video-preview":"max-video-preview:-1"},"canonical":"https:\/\/www.hostfully.com\/pt-pt\/ferramentas-de-crescimento\/calculadora-de-roi-de-reservas-diretas-para-gestores-de-alojamento-local\/","og_locale":"pt_PT","og_type":"article","og_title":"Calculadora de ROI de Reservas Diretas para Gestores de Alojamento Local","og_description":"A nossa calculadora gratuita ajud\u00e1-lo-\u00e1 a estimar quanto pode poupar ao aumentar as reservas diretas para o seu neg\u00f3cio de alojamento local.","og_url":"https:\/\/www.hostfully.com\/pt-pt\/ferramentas-de-crescimento\/calculadora-de-roi-de-reservas-diretas-para-gestores-de-alojamento-local\/","og_site_name":"Hostfully","article_publisher":"https:\/\/www.facebook.com\/hostfully","article_modified_time":"2026-02-19T13:46:02+00:00","twitter_card":"summary_large_image","twitter_site":"@hostfully","schema":{"@context":"https:\/\/schema.org","@graph":[{"@type":"WebPage","@id":"https:\/\/www.hostfully.com\/pt-pt\/ferramentas-de-crescimento\/calculadora-de-roi-de-reservas-diretas-para-gestores-de-alojamento-local\/","url":"https:\/\/www.hostfully.com\/pt-pt\/ferramentas-de-crescimento\/calculadora-de-roi-de-reservas-diretas-para-gestores-de-alojamento-local\/","name":"Calculadora de ROI de Reservas Diretas para Gestores de Alojamento Local | Hostfully","isPartOf":{"@id":"https:\/\/www.hostfully.com\/pt-pt\/#website"},"datePublished":"2025-11-24T18:43:31+00:00","dateModified":"2026-02-19T13:46:02+00:00","description":"A nossa calculadora gratuita ajud\u00e1-lo-\u00e1 a estimar quanto pode poupar ao aumentar as reservas diretas para o seu neg\u00f3cio de alojamento local.","breadcrumb":{"@id":"https:\/\/www.hostfully.com\/pt-pt\/ferramentas-de-crescimento\/calculadora-de-roi-de-reservas-diretas-para-gestores-de-alojamento-local\/#breadcrumb"},"inLanguage":"pt-PT","potentialAction":[{"@type":"ReadAction","target":["https:\/\/www.hostfully.com\/pt-pt\/ferramentas-de-crescimento\/calculadora-de-roi-de-reservas-diretas-para-gestores-de-alojamento-local\/"]}]},{"@type":"BreadcrumbList","@id":"https:\/\/www.hostfully.com\/pt-pt\/ferramentas-de-crescimento\/calculadora-de-roi-de-reservas-diretas-para-gestores-de-alojamento-local\/#breadcrumb","itemListElement":[{"@type":"ListItem","position":1,"name":"Home","item":"https:\/\/www.hostfully.com\/pt-pt\/"},{"@type":"ListItem","position":2,"name":"Ferramentas de crescimento","item":"https:\/\/www.hostfully.com\/pt-pt\/ferramentas-de-crescimento\/"},{"@type":"ListItem","position":3,"name":"Calculadora de ROI de Reservas Diretas para Gestores de Alojamento Local"}]},{"@type":"WebSite","@id":"https:\/\/www.hostfully.com\/pt-pt\/#website","url":"https:\/\/www.hostfully.com\/pt-pt\/","name":"Hostfully","description":"Award Winning Vacation Rental Software","publisher":{"@id":"https:\/\/www.hostfully.com\/pt-pt\/#organization"},"potentialAction":[{"@type":"SearchAction","target":{"@type":"EntryPoint","urlTemplate":"https:\/\/www.hostfully.com\/pt-pt\/?s={search_term_string}"},"query-input":{"@type":"PropertyValueSpecification","valueRequired":true,"valueName":"search_term_string"}}],"inLanguage":"pt-PT"},{"@type":"Organization","@id":"https:\/\/www.hostfully.com\/pt-pt\/#organization","name":"Hostfully","url":"https:\/\/www.hostfully.com\/pt-pt\/","logo":{"@type":"ImageObject","inLanguage":"pt-PT","@id":"https:\/\/www.hostfully.com\/pt-pt\/#\/schema\/logo\/image\/","url":"https:\/\/www.hostfully.com\/wp-content\/uploads\/2025\/08\/Hostfully_bluecircle_isotype_R-.png","contentUrl":"https:\/\/www.hostfully.com\/wp-content\/uploads\/2025\/08\/Hostfully_bluecircle_isotype_R-.png","width":321,"height":321,"caption":"Hostfully"},"image":{"@id":"https:\/\/www.hostfully.com\/pt-pt\/#\/schema\/logo\/image\/"},"sameAs":["https:\/\/www.facebook.com\/hostfully","https:\/\/x.com\/hostfully","https:\/\/www.instagram.com\/hostfully_\/","https:\/\/www.youtube.com\/c\/Hostfully","https:\/\/www.linkedin.com\/company\/hostfully-inc-\/"]}]}},"_links":{"self":[{"href":"https:\/\/www.hostfully.com\/pt-pt\/wp-json\/wp\/v2\/pages\/25973","targetHints":{"allow":["GET"]}}],"collection":[{"href":"https:\/\/www.hostfully.com\/pt-pt\/wp-json\/wp\/v2\/pages"}],"about":[{"href":"https:\/\/www.hostfully.com\/pt-pt\/wp-json\/wp\/v2\/types\/page"}],"author":[{"embeddable":true,"href":"https:\/\/www.hostfully.com\/pt-pt\/wp-json\/wp\/v2\/users\/2"}],"replies":[{"embeddable":true,"href":"https:\/\/www.hostfully.com\/pt-pt\/wp-json\/wp\/v2\/comments?post=25973"}],"version-history":[{"count":1,"href":"https:\/\/www.hostfully.com\/pt-pt\/wp-json\/wp\/v2\/pages\/25973\/revisions"}],"predecessor-version":[{"id":25976,"href":"https:\/\/www.hostfully.com\/pt-pt\/wp-json\/wp\/v2\/pages\/25973\/revisions\/25976"}],"up":[{"embeddable":true,"href":"https:\/\/www.hostfully.com\/pt-pt\/wp-json\/wp\/v2\/pages\/25999"}],"wp:attachment":[{"href":"https:\/\/www.hostfully.com\/pt-pt\/wp-json\/wp\/v2\/media?parent=25973"}],"curies":[{"name":"wp","href":"https:\/\/api.w.org\/{rel}","templated":true}]}}