{"id":103184,"date":"2025-11-06T17:23:28","date_gmt":"2025-11-06T17:23:28","guid":{"rendered":"https:\/\/www.hostfully.com\/regler-for-korttidsuthyrning-delstat-for-delstat\/"},"modified":"2026-04-14T20:20:33","modified_gmt":"2026-04-14T20:20:33","slug":"regler-for-korttidsuthyrning-delstat-for-delstat","status":"publish","type":"page","link":"https:\/\/www.hostfully.com\/sv\/regler-for-korttidsuthyrning-delstat-for-delstat\/","title":{"rendered":"Regler f\u00f6r korttidsuthyrning delstat f\u00f6r delstat"},"content":{"rendered":"\t\t<div data-elementor-type=\"wp-page\" data-elementor-id=\"103184\" class=\"elementor elementor-103184 elementor-4879\" data-elementor-post-type=\"page\">\n\t\t\t\t<div class=\"elementor-element elementor-element-d9c7eb4 hf-hero-lg e-flex e-con-boxed e-con e-parent\" data-id=\"d9c7eb4\" data-element_type=\"container\" data-e-type=\"container\">\n\t\t\t\t\t<div class=\"e-con-inner\">\n\t\t<div class=\"elementor-element elementor-element-1e91fd2 e-con-full hf-section-tit e-flex e-con e-child\" data-id=\"1e91fd2\" data-element_type=\"container\" data-e-type=\"container\">\n\t\t\t\t<div class=\"elementor-element elementor-element-cb55a1c elementor-widget elementor-widget-heading\" data-id=\"cb55a1c\" data-element_type=\"widget\" data-e-type=\"widget\" data-widget_type=\"heading.default\">\n\t\t\t\t<div class=\"elementor-widget-container\">\n\t\t\t\t\t<h1 class=\"elementor-heading-title elementor-size-default\">Guide till regler f\u00f6r korttidsuthyrning<\/h1>\t\t\t\t<\/div>\n\t\t\t\t<\/div>\n\t\t\t\t<div class=\"elementor-element elementor-element-87f7e69 elementor-widget elementor-widget-heading\" data-id=\"87f7e69\" data-element_type=\"widget\" data-e-type=\"widget\" data-widget_type=\"heading.default\">\n\t\t\t\t<div class=\"elementor-widget-container\">\n\t\t\t\t\t<h4 class=\"elementor-heading-title elementor-size-default\">V\u00e4lj den plats d\u00e4r ni vill l\u00e4sa mer om reglerna f\u00f6r uthyrning<\/h4>\t\t\t\t<\/div>\n\t\t\t\t<\/div>\n\t\t\t\t<\/div>\n\t\t\t\t\t<\/div>\n\t\t\t\t<\/div>\n\t\t<div class=\"elementor-element elementor-element-996f9f0 e-flex e-con-boxed e-con e-parent\" data-id=\"996f9f0\" data-element_type=\"container\" data-e-type=\"container\">\n\t\t\t\t\t<div class=\"e-con-inner\">\n\t\t\t\t<div class=\"elementor-element elementor-element-f2211e3 elementor-nav-menu__text-align-center elementor-widget elementor-widget-nav-menu\" data-id=\"f2211e3\" data-element_type=\"widget\" data-e-type=\"widget\" data-settings=\"{&quot;layout&quot;:&quot;dropdown&quot;,&quot;submenu_icon&quot;:{&quot;value&quot;:&quot;&lt;svg aria-hidden=\\&quot;true\\&quot; class=\\&quot;fa-svg-chevron-down e-font-icon-svg e-fas-chevron-down\\&quot; viewBox=\\&quot;0 0 448 512\\&quot; xmlns=\\&quot;http:\\\/\\\/www.w3.org\\\/2000\\\/svg\\&quot;&gt;&lt;path d=\\&quot;M207.029 381.476L12.686 187.132c-9.373-9.373-9.373-24.569 0-33.941l22.667-22.667c9.357-9.357 24.522-9.375 33.901-.04L224 284.505l154.745-154.021c9.379-9.335 24.544-9.317 33.901.04l22.667 22.667c9.373 9.373 9.373 24.569 0 33.941L240.971 381.476c-9.373 9.372-24.569 9.372-33.942 0z\\&quot;&gt;&lt;\\\/path&gt;&lt;\\\/svg&gt;&quot;,&quot;library&quot;:&quot;fa-solid&quot;}}\" data-widget_type=\"nav-menu.default\">\n\t\t\t\t<div class=\"elementor-widget-container\">\n\t\t\t\t\t\t\t\t<nav class=\"elementor-nav-menu--dropdown elementor-nav-menu__container\" aria-hidden=\"true\">\n\t\t\t\t<ul id=\"menu-2-f2211e3\" class=\"elementor-nav-menu\"><li class=\"menu-item menu-item-type-custom menu-item-object-custom menu-item-4886\"><a href=\"#\" class=\"elementor-item elementor-item-anchor\" tabindex=\"-1\">Select Location<\/a><\/li>\n<\/ul>\t\t\t<\/nav>\n\t\t\t\t\t\t<\/div>\n\t\t\t\t<\/div>\n\t\t\t\t\t<\/div>\n\t\t\t\t<\/div>\n\t\t<div class=\"elementor-element elementor-element-aed958d hf-section-md e-flex e-con-boxed e-con e-parent\" data-id=\"aed958d\" data-element_type=\"container\" data-e-type=\"container\">\n\t\t\t\t\t<div class=\"e-con-inner\">\n\t\t\t\t<div class=\"elementor-element elementor-element-1115b70 elementor-alert-info elementor-widget elementor-widget-alert\" data-id=\"1115b70\" data-element_type=\"widget\" data-e-type=\"widget\" data-widget_type=\"alert.default\">\n\t\t\t\t<div class=\"elementor-widget-container\">\n\t\t\t\t\t\t\t<div class=\"elementor-alert\" role=\"alert\">\n\n\t\t\t\t\t\t<span class=\"elementor-alert-title\">Ansvarsfriskrivning<\/span>\n\t\t\t\n\t\t\t\t\t\t<span class=\"elementor-alert-description\">Reglerna f\u00f6r korttidsuthyrning f\u00f6r\u00e4ndras st\u00e4ndigt. Resursen nedan uppdateras n\u00e4r det \u00e4r m\u00f6jligt, men ska inte betraktas som juridisk r\u00e5dgivning. Det \u00e4r avg\u00f6rande att ni r\u00e5dg\u00f6r med er lokala jurist f\u00f6r att s\u00e4kerst\u00e4lla att ni vidtar n\u00f6dv\u00e4ndiga \u00e5tg\u00e4rder f\u00f6r att h\u00e5lla er verksamhet s\u00e4ker och lagenlig.  <\/span>\n\t\t\t\n\t\t\t\n\t\t<\/div>\n\t\t\t\t\t\t<\/div>\n\t\t\t\t<\/div>\n\t\t\t\t<div class=\"elementor-element elementor-element-d68ee69 elementor-widget elementor-widget-text-editor\" data-id=\"d68ee69\" data-element_type=\"widget\" data-e-type=\"widget\" data-widget_type=\"text-editor.default\">\n\t\t\t\t<div class=\"elementor-widget-container\">\n\t\t\t\t\t\t\t\t\t<p style=\"margin-top: 30px;\">Regler f\u00f6r korttidsuthyrning i USA kan vara sv\u00e5ra att hitta och f\u00f6rst\u00e5. Det beror p\u00e5 att vi upplever en omfattande f\u00f6r\u00e4ndring i hur myndigheter p\u00e5 alla niv\u00e5er ser p\u00e5 och hanterar semesteruthyrning och korttidsuthyrningsplattformar som Airbnb och HomeAway. F\u00f6r att hj\u00e4lpa \u00e4gare av semesterboenden att navigera i detta har Hostfully-teamet tagit fram en omfattande guide till de olika lagar \u2013 f\u00f6reslagna och antagna \u2013 som kommer att p\u00e5verka er verksamhet som fastighetsf\u00f6rvaltare.  <\/p><p>Reglerna skiljer sig avsev\u00e4rt mellan delstater och st\u00e4der. Det finns ingen universall\u00f6sning, och det \u00e4r avg\u00f6rande f\u00f6r er verksamhets framg\u00e5ng att k\u00e4nna till era lokala och delstatliga lagar. Navigera med hj\u00e4lp av kartan ovan till er delstat f\u00f6r att b\u00e4ttre f\u00f6rst\u00e5 den aktuella lagstiftningen i er region. I slut\u00e4ndan hj\u00e4lper detta fastighetsf\u00f6rvaltare och \u00e4gare av semesterboenden att driva och skala upp sina verksamheter b\u00e4ttre.   <\/p>\t\t\t\t\t\t\t\t<\/div>\n\t\t\t\t<\/div>\n\t\t\t\t\t<\/div>\n\t\t\t\t<\/div>\n\t\t\t\t<\/div>\n\t\t","protected":false},"excerpt":{"rendered":"<p>Guide till regler f\u00f6r korttidsuthyrning V\u00e4lj den plats d\u00e4r ni vill l\u00e4sa mer om reglerna f\u00f6r uthyrning Ansvarsfriskrivning Reglerna f\u00f6r korttidsuthyrning f\u00f6r\u00e4ndras st\u00e4ndigt. Resursen nedan uppdateras n\u00e4r det \u00e4r m\u00f6jligt, men ska inte betraktas som juridisk r\u00e5dgivning. Det \u00e4r avg\u00f6rande att ni r\u00e5dg\u00f6r med er lokala jurist f\u00f6r att s\u00e4kerst\u00e4lla att ni vidtar n\u00f6dv\u00e4ndiga \u00e5tg\u00e4rder [&hellip;]<\/p>\n","protected":false},"author":1,"featured_media":0,"parent":0,"menu_order":0,"comment_status":"closed","ping_status":"closed","template":"","meta":{"footnotes":""},"class_list":["post-103184","page","type-page","status-publish","hentry"],"yoast_head":"<!-- This site is optimized with the Yoast SEO Premium plugin v27.4 (Yoast SEO v27.4) - https:\/\/yoast.com\/product\/yoast-seo-premium-wordpress\/ -->\n<title>Regler f\u00f6r korttidsuthyrning delstat f\u00f6r delstat | Hostfully<\/title>\n<meta name=\"robots\" content=\"index, follow, max-snippet:-1, max-image-preview:large, max-video-preview:-1\" \/>\n<link rel=\"canonical\" href=\"https:\/\/www.hostfully.com\/sv\/regler-for-korttidsuthyrning-delstat-for-delstat\/\" \/>\n<meta property=\"og:locale\" content=\"sv_SE\" \/>\n<meta property=\"og:type\" content=\"article\" \/>\n<meta property=\"og:title\" content=\"Regler f\u00f6r korttidsuthyrning delstat f\u00f6r delstat\" \/>\n<meta property=\"og:description\" content=\"Guide till regler f\u00f6r korttidsuthyrning V\u00e4lj den plats d\u00e4r ni vill l\u00e4sa mer om reglerna f\u00f6r uthyrning Ansvarsfriskrivning Reglerna f\u00f6r korttidsuthyrning f\u00f6r\u00e4ndras st\u00e4ndigt. Resursen nedan uppdateras n\u00e4r det \u00e4r m\u00f6jligt, men ska inte betraktas som juridisk r\u00e5dgivning. Det \u00e4r avg\u00f6rande att ni r\u00e5dg\u00f6r med er lokala jurist f\u00f6r att s\u00e4kerst\u00e4lla att ni vidtar n\u00f6dv\u00e4ndiga \u00e5tg\u00e4rder [&hellip;]\" \/>\n<meta property=\"og:url\" content=\"https:\/\/www.hostfully.com\/sv\/regler-for-korttidsuthyrning-delstat-for-delstat\/\" \/>\n<meta property=\"og:site_name\" content=\"Hostfully\" \/>\n<meta property=\"article:publisher\" content=\"https:\/\/www.facebook.com\/hostfully\" \/>\n<meta property=\"article:modified_time\" content=\"2026-04-14T20:20:33+00:00\" \/>\n<meta name=\"twitter:card\" content=\"summary_large_image\" \/>\n<meta name=\"twitter:site\" content=\"@hostfully\" \/>\n<meta name=\"twitter:label1\" content=\"Ber\u00e4knad l\u00e4stid\" \/>\n\t<meta name=\"twitter:data1\" content=\"1 minut\" \/>\n<script type=\"application\/ld+json\" class=\"yoast-schema-graph\">{\"@context\":\"https:\\\/\\\/schema.org\",\"@graph\":[{\"@type\":\"WebPage\",\"@id\":\"https:\\\/\\\/www.hostfully.com\\\/sv\\\/regler-for-korttidsuthyrning-delstat-for-delstat\\\/\",\"url\":\"https:\\\/\\\/www.hostfully.com\\\/sv\\\/regler-for-korttidsuthyrning-delstat-for-delstat\\\/\",\"name\":\"Regler f\u00f6r korttidsuthyrning delstat f\u00f6r delstat | Hostfully\",\"isPartOf\":{\"@id\":\"https:\\\/\\\/www.hostfully.com\\\/sv\\\/#website\"},\"datePublished\":\"2025-11-06T17:23:28+00:00\",\"dateModified\":\"2026-04-14T20:20:33+00:00\",\"breadcrumb\":{\"@id\":\"https:\\\/\\\/www.hostfully.com\\\/sv\\\/regler-for-korttidsuthyrning-delstat-for-delstat\\\/#breadcrumb\"},\"inLanguage\":\"sv-SE\",\"potentialAction\":[{\"@type\":\"ReadAction\",\"target\":[\"https:\\\/\\\/www.hostfully.com\\\/sv\\\/regler-for-korttidsuthyrning-delstat-for-delstat\\\/\"]}]},{\"@type\":\"BreadcrumbList\",\"@id\":\"https:\\\/\\\/www.hostfully.com\\\/sv\\\/regler-for-korttidsuthyrning-delstat-for-delstat\\\/#breadcrumb\",\"itemListElement\":[{\"@type\":\"ListItem\",\"position\":1,\"name\":\"Home\",\"item\":\"https:\\\/\\\/www.hostfully.com\\\/sv\\\/\"},{\"@type\":\"ListItem\",\"position\":2,\"name\":\"Regler f\u00f6r korttidsuthyrning delstat f\u00f6r delstat\"}]},{\"@type\":\"WebSite\",\"@id\":\"https:\\\/\\\/www.hostfully.com\\\/sv\\\/#website\",\"url\":\"https:\\\/\\\/www.hostfully.com\\\/sv\\\/\",\"name\":\"Hostfully\",\"description\":\"Award Winning Vacation Rental Software\",\"publisher\":{\"@id\":\"https:\\\/\\\/www.hostfully.com\\\/sv\\\/#organization\"},\"potentialAction\":[{\"@type\":\"SearchAction\",\"target\":{\"@type\":\"EntryPoint\",\"urlTemplate\":\"https:\\\/\\\/www.hostfully.com\\\/sv\\\/?s={search_term_string}\"},\"query-input\":{\"@type\":\"PropertyValueSpecification\",\"valueRequired\":true,\"valueName\":\"search_term_string\"}}],\"inLanguage\":\"sv-SE\"},{\"@type\":\"Organization\",\"@id\":\"https:\\\/\\\/www.hostfully.com\\\/sv\\\/#organization\",\"name\":\"Hostfully\",\"url\":\"https:\\\/\\\/www.hostfully.com\\\/sv\\\/\",\"logo\":{\"@type\":\"ImageObject\",\"inLanguage\":\"sv-SE\",\"@id\":\"https:\\\/\\\/www.hostfully.com\\\/sv\\\/#\\\/schema\\\/logo\\\/image\\\/\",\"url\":\"https:\\\/\\\/www.hostfully.com\\\/wp-content\\\/uploads\\\/2025\\\/08\\\/Hostfully_bluecircle_isotype_R-.png\",\"contentUrl\":\"https:\\\/\\\/www.hostfully.com\\\/wp-content\\\/uploads\\\/2025\\\/08\\\/Hostfully_bluecircle_isotype_R-.png\",\"width\":321,\"height\":321,\"caption\":\"Hostfully\"},\"image\":{\"@id\":\"https:\\\/\\\/www.hostfully.com\\\/sv\\\/#\\\/schema\\\/logo\\\/image\\\/\"},\"sameAs\":[\"https:\\\/\\\/www.facebook.com\\\/hostfully\",\"https:\\\/\\\/x.com\\\/hostfully\",\"https:\\\/\\\/www.instagram.com\\\/hostfully_\\\/\",\"https:\\\/\\\/www.youtube.com\\\/c\\\/Hostfully\",\"https:\\\/\\\/www.linkedin.com\\\/company\\\/hostfully-inc-\\\/\"]}]}<\/script>\n<!-- \/ Yoast SEO Premium plugin. -->","yoast_head_json":{"title":"Regler f\u00f6r korttidsuthyrning delstat f\u00f6r delstat | Hostfully","robots":{"index":"index","follow":"follow","max-snippet":"max-snippet:-1","max-image-preview":"max-image-preview:large","max-video-preview":"max-video-preview:-1"},"canonical":"https:\/\/www.hostfully.com\/sv\/regler-for-korttidsuthyrning-delstat-for-delstat\/","og_locale":"sv_SE","og_type":"article","og_title":"Regler f\u00f6r korttidsuthyrning delstat f\u00f6r delstat","og_description":"Guide till regler f\u00f6r korttidsuthyrning V\u00e4lj den plats d\u00e4r ni vill l\u00e4sa mer om reglerna f\u00f6r uthyrning Ansvarsfriskrivning Reglerna f\u00f6r korttidsuthyrning f\u00f6r\u00e4ndras st\u00e4ndigt. Resursen nedan uppdateras n\u00e4r det \u00e4r m\u00f6jligt, men ska inte betraktas som juridisk r\u00e5dgivning. Det \u00e4r avg\u00f6rande att ni r\u00e5dg\u00f6r med er lokala jurist f\u00f6r att s\u00e4kerst\u00e4lla att ni vidtar n\u00f6dv\u00e4ndiga \u00e5tg\u00e4rder [&hellip;]","og_url":"https:\/\/www.hostfully.com\/sv\/regler-for-korttidsuthyrning-delstat-for-delstat\/","og_site_name":"Hostfully","article_publisher":"https:\/\/www.facebook.com\/hostfully","article_modified_time":"2026-04-14T20:20:33+00:00","twitter_card":"summary_large_image","twitter_site":"@hostfully","twitter_misc":{"Ber\u00e4knad l\u00e4stid":"1 minut"},"schema":{"@context":"https:\/\/schema.org","@graph":[{"@type":"WebPage","@id":"https:\/\/www.hostfully.com\/sv\/regler-for-korttidsuthyrning-delstat-for-delstat\/","url":"https:\/\/www.hostfully.com\/sv\/regler-for-korttidsuthyrning-delstat-for-delstat\/","name":"Regler f\u00f6r korttidsuthyrning delstat f\u00f6r delstat | Hostfully","isPartOf":{"@id":"https:\/\/www.hostfully.com\/sv\/#website"},"datePublished":"2025-11-06T17:23:28+00:00","dateModified":"2026-04-14T20:20:33+00:00","breadcrumb":{"@id":"https:\/\/www.hostfully.com\/sv\/regler-for-korttidsuthyrning-delstat-for-delstat\/#breadcrumb"},"inLanguage":"sv-SE","potentialAction":[{"@type":"ReadAction","target":["https:\/\/www.hostfully.com\/sv\/regler-for-korttidsuthyrning-delstat-for-delstat\/"]}]},{"@type":"BreadcrumbList","@id":"https:\/\/www.hostfully.com\/sv\/regler-for-korttidsuthyrning-delstat-for-delstat\/#breadcrumb","itemListElement":[{"@type":"ListItem","position":1,"name":"Home","item":"https:\/\/www.hostfully.com\/sv\/"},{"@type":"ListItem","position":2,"name":"Regler f\u00f6r korttidsuthyrning delstat f\u00f6r delstat"}]},{"@type":"WebSite","@id":"https:\/\/www.hostfully.com\/sv\/#website","url":"https:\/\/www.hostfully.com\/sv\/","name":"Hostfully","description":"Award Winning Vacation Rental Software","publisher":{"@id":"https:\/\/www.hostfully.com\/sv\/#organization"},"potentialAction":[{"@type":"SearchAction","target":{"@type":"EntryPoint","urlTemplate":"https:\/\/www.hostfully.com\/sv\/?s={search_term_string}"},"query-input":{"@type":"PropertyValueSpecification","valueRequired":true,"valueName":"search_term_string"}}],"inLanguage":"sv-SE"},{"@type":"Organization","@id":"https:\/\/www.hostfully.com\/sv\/#organization","name":"Hostfully","url":"https:\/\/www.hostfully.com\/sv\/","logo":{"@type":"ImageObject","inLanguage":"sv-SE","@id":"https:\/\/www.hostfully.com\/sv\/#\/schema\/logo\/image\/","url":"https:\/\/www.hostfully.com\/wp-content\/uploads\/2025\/08\/Hostfully_bluecircle_isotype_R-.png","contentUrl":"https:\/\/www.hostfully.com\/wp-content\/uploads\/2025\/08\/Hostfully_bluecircle_isotype_R-.png","width":321,"height":321,"caption":"Hostfully"},"image":{"@id":"https:\/\/www.hostfully.com\/sv\/#\/schema\/logo\/image\/"},"sameAs":["https:\/\/www.facebook.com\/hostfully","https:\/\/x.com\/hostfully","https:\/\/www.instagram.com\/hostfully_\/","https:\/\/www.youtube.com\/c\/Hostfully","https:\/\/www.linkedin.com\/company\/hostfully-inc-\/"]}]}},"_links":{"self":[{"href":"https:\/\/www.hostfully.com\/sv\/wp-json\/wp\/v2\/pages\/103184","targetHints":{"allow":["GET"]}}],"collection":[{"href":"https:\/\/www.hostfully.com\/sv\/wp-json\/wp\/v2\/pages"}],"about":[{"href":"https:\/\/www.hostfully.com\/sv\/wp-json\/wp\/v2\/types\/page"}],"author":[{"embeddable":true,"href":"https:\/\/www.hostfully.com\/sv\/wp-json\/wp\/v2\/users\/1"}],"replies":[{"embeddable":true,"href":"https:\/\/www.hostfully.com\/sv\/wp-json\/wp\/v2\/comments?post=103184"}],"version-history":[{"count":1,"href":"https:\/\/www.hostfully.com\/sv\/wp-json\/wp\/v2\/pages\/103184\/revisions"}],"predecessor-version":[{"id":103196,"href":"https:\/\/www.hostfully.com\/sv\/wp-json\/wp\/v2\/pages\/103184\/revisions\/103196"}],"wp:attachment":[{"href":"https:\/\/www.hostfully.com\/sv\/wp-json\/wp\/v2\/media?parent=103184"}],"curies":[{"name":"wp","href":"https:\/\/api.w.org\/{rel}","templated":true}]}}