{"id":103279,"date":"2025-11-24T18:22:08","date_gmt":"2025-11-24T18:22:08","guid":{"rendered":"https:\/\/www.hostfully.com\/fastighetsanalysator\/"},"modified":"2026-04-14T20:21:33","modified_gmt":"2026-04-14T20:21:33","slug":"fastighetsanalysator","status":"publish","type":"page","link":"https:\/\/www.hostfully.com\/sv\/tillvaxtverktyg\/fastighetsanalysator\/","title":{"rendered":"Fastighetsanalysator"},"content":{"rendered":"\t\t<div data-elementor-type=\"wp-page\" data-elementor-id=\"103279\" class=\"elementor elementor-103279 elementor-7830\" data-elementor-post-type=\"page\">\n\t\t\t\t<div class=\"elementor-element elementor-element-0da0995 mt-3i e-flex e-con-boxed e-con e-parent\" data-id=\"0da0995\" data-element_type=\"container\" data-e-type=\"container\">\n\t\t\t\t\t<div class=\"e-con-inner\">\n\t\t\t\t<div class=\"elementor-element elementor-element-d6e7cd6 elementor-widget elementor-widget-heading\" data-id=\"d6e7cd6\" data-element_type=\"widget\" data-e-type=\"widget\" data-widget_type=\"heading.default\">\n\t\t\t\t<div class=\"elementor-widget-container\">\n\t\t\t\t\t<h4 class=\"elementor-heading-title elementor-size-default\">Hur starka \u00e4r dina fastighetsannonser?<\/h4>\t\t\t\t<\/div>\n\t\t\t\t<\/div>\n\t\t\t\t<div class=\"elementor-element elementor-element-0cd118f elementor-widget elementor-widget-heading\" data-id=\"0cd118f\" data-element_type=\"widget\" data-e-type=\"widget\" data-widget_type=\"heading.default\">\n\t\t\t\t<div class=\"elementor-widget-container\">\n\t\t\t\t\t<h1 class=\"elementor-heading-title elementor-size-default\">Prova v\u00e5rt KOSTNADSFRIA analysverktyg f\u00f6r att ta reda p\u00e5 det.<\/h1>\t\t\t\t<\/div>\n\t\t\t\t<\/div>\n\t\t\t\t<div class=\"elementor-element elementor-element-9693e19 h5 elementor-widget elementor-widget-text-editor\" data-id=\"9693e19\" data-element_type=\"widget\" data-e-type=\"widget\" data-widget_type=\"text-editor.default\">\n\t\t\t\t<div class=\"elementor-widget-container\">\n\t\t\t\t\t\t\t\t\t<p>Hostfullys fastighetsanalysator hj\u00e4lper f\u00f6rvaltare av semesterbost\u00e4der att identifiera och f\u00f6rb\u00e4ttra sina fastighetsannonser f\u00f6r maximal effekt.<\/p>\t\t\t\t\t\t\t\t<\/div>\n\t\t\t\t<\/div>\n\t\t\t\t<div class=\"elementor-element elementor-element-372da03 elementor-widget elementor-widget-text-editor\" data-id=\"372da03\" data-element_type=\"widget\" data-e-type=\"widget\" data-widget_type=\"text-editor.default\">\n\t\t\t\t<div class=\"elementor-widget-container\">\n\t\t\t\t\t\t\t\t\t<p>Ange URL:en till din fastighetsannons, v\u00e4lj de m\u00e4tv\u00e4rden som \u00e4r viktiga f\u00f6r dig och f\u00e5 omedelbara och delbara betyg och rekommendationer! *Obs: Fastighetsanalysatorn kan endast analysera en fastighet \u00e5t g\u00e5ngen. F\u00f6r de mest exakta resultaten, ange en l\u00e4nk till en enskild fastighet.<\/p>\t\t\t\t\t\t\t\t<\/div>\n\t\t\t\t<\/div>\n\t\t\t\t\t<\/div>\n\t\t\t\t<\/div>\n\t\t<div class=\"elementor-element elementor-element-62d3059 my-4i e-flex e-con-boxed e-con e-parent\" data-id=\"62d3059\" data-element_type=\"container\" data-e-type=\"container\">\n\t\t\t\t\t<div class=\"e-con-inner\">\n\t\t\t\t<div class=\"elementor-element elementor-element-4e1c6f6 elementor-widget elementor-widget-html\" data-id=\"4e1c6f6\" data-element_type=\"widget\" data-e-type=\"widget\" data-widget_type=\"html.default\">\n\t\t\t\t<div class=\"elementor-widget-container\">\n\t\t\t\t\t<div id=\"hf-analyzer-container\">\n  <iframe id=\"hf-analyzer\" data-base-src=\"https:\/\/tools.hostfully.com\/embed\" src=\"https:\/\/tools.hostfully.com\/embed?embed=1\" style=\"width:100%;border:none;min-height:400px;background:transparent\" title=\"Hostfully direktbokningsanalysator\">\n  <\/iframe>\n\n  <script>\n        (function () {\n          var i = document.getElementById('hf-analyzer');\n          if (!i) return;\n        \n          var supported = ['en', 'es', 'fr', 'pt'];\n          var lang = (\n            typeof window.wpml_current_language === 'string'\n              ? window.wpml_current_language\n              : (document.documentElement.lang || '')\n          ).toLowerCase().split('-')[0];\n          if (supported.indexOf(lang) === -1) lang = 'en';\n        \n          var base = i.dataset.baseSrc || i.getAttribute('src');\n          try {\n            var u = new URL(base, window.location.href);\n            u.searchParams.set('embed','1');\n            u.searchParams.set('lang', lang);\n            i.src = u.toString();\n          } catch (e) {\n            i.src = base + (base.indexOf('?') === -1 ? '?' : '&') + 'embed=1&lang=' + lang;\n          }\n        \n          \/\/ Resize\n          var h = 0, origin;\n          try { origin = new URL(i.src, window.location.href).origin; }\n          catch (_) { origin = 'https:\/\/tools.hostfully.com'; }\n        \n          window.addEventListener('message', function (ev) {\n            if (ev.origin !== origin) return;\n            var d = ev.data;\n            if (d && d.type === 'resize' && typeof d.height === 'number' && d.height > 0) {\n              var n = d.height;\n              if (Math.abs(n - h) > 5) { i.style.height = n + 'px'; h = n; }\n            }\n          });\n        })();\n    <\/script>\n<\/div>\n\t\t\t\t<\/div>\n\t\t\t\t<\/div>\n\t\t\t\t\t<\/div>\n\t\t\t\t<\/div>\n\t\t\t\t<\/div>\n\t\t","protected":false},"excerpt":{"rendered":"<p>Hur starka \u00e4r dina fastighetsannonser? Prova v\u00e5rt KOSTNADSFRIA analysverktyg f\u00f6r att ta reda p\u00e5 det. Hostfullys fastighetsanalysator hj\u00e4lper f\u00f6rvaltare av semesterbost\u00e4der att identifiera och f\u00f6rb\u00e4ttra sina fastighetsannonser f\u00f6r maximal effekt. Ange URL:en till din fastighetsannons, v\u00e4lj de m\u00e4tv\u00e4rden som \u00e4r viktiga f\u00f6r dig och f\u00e5 omedelbara och delbara betyg och rekommendationer! *Obs: Fastighetsanalysatorn kan endast [&hellip;]<\/p>\n","protected":false},"author":2,"featured_media":0,"parent":103282,"menu_order":0,"comment_status":"closed","ping_status":"closed","template":"","meta":{"footnotes":""},"class_list":["post-103279","page","type-page","status-publish","hentry"],"yoast_head":"<!-- This site is optimized with the Yoast SEO Premium plugin v27.4 (Yoast SEO v27.4) - https:\/\/yoast.com\/product\/yoast-seo-premium-wordpress\/ -->\n<title>Fastighetsanalysator | Hostfully<\/title>\n<meta name=\"description\" content=\"Hur stark \u00e4r din fastighetsannons? Anv\u00e4nd v\u00e5r kostnadsfria fastighetsanalysator f\u00f6r att f\u00e5 omedelbara betyg och skr\u00e4ddarsydda f\u00f6rslag f\u00f6r att \u00f6ka dina bokningar.\" \/>\n<meta name=\"robots\" content=\"index, follow, max-snippet:-1, max-image-preview:large, max-video-preview:-1\" \/>\n<link rel=\"canonical\" href=\"https:\/\/www.hostfully.com\/sv\/tillvaxtverktyg\/fastighetsanalysator\/\" \/>\n<meta property=\"og:locale\" content=\"sv_SE\" \/>\n<meta property=\"og:type\" content=\"article\" \/>\n<meta property=\"og:title\" content=\"Fastighetsanalysator\" \/>\n<meta property=\"og:description\" content=\"Hur stark \u00e4r din fastighetsannons? Anv\u00e4nd v\u00e5r kostnadsfria fastighetsanalysator f\u00f6r att f\u00e5 omedelbara betyg och skr\u00e4ddarsydda f\u00f6rslag f\u00f6r att \u00f6ka dina bokningar.\" \/>\n<meta property=\"og:url\" content=\"https:\/\/www.hostfully.com\/sv\/tillvaxtverktyg\/fastighetsanalysator\/\" \/>\n<meta property=\"og:site_name\" content=\"Hostfully\" \/>\n<meta property=\"article:publisher\" content=\"https:\/\/www.facebook.com\/hostfully\" \/>\n<meta property=\"article:modified_time\" content=\"2026-04-14T20:21:33+00:00\" \/>\n<meta name=\"twitter:card\" content=\"summary_large_image\" \/>\n<meta name=\"twitter:site\" content=\"@hostfully\" \/>\n<script type=\"application\/ld+json\" class=\"yoast-schema-graph\">{\"@context\":\"https:\\\/\\\/schema.org\",\"@graph\":[{\"@type\":\"WebPage\",\"@id\":\"https:\\\/\\\/www.hostfully.com\\\/sv\\\/tillvaxtverktyg\\\/fastighetsanalysator\\\/\",\"url\":\"https:\\\/\\\/www.hostfully.com\\\/sv\\\/tillvaxtverktyg\\\/fastighetsanalysator\\\/\",\"name\":\"Fastighetsanalysator | Hostfully\",\"isPartOf\":{\"@id\":\"https:\\\/\\\/www.hostfully.com\\\/sv\\\/#website\"},\"datePublished\":\"2025-11-24T18:22:08+00:00\",\"dateModified\":\"2026-04-14T20:21:33+00:00\",\"description\":\"Hur stark \u00e4r din fastighetsannons? Anv\u00e4nd v\u00e5r kostnadsfria fastighetsanalysator f\u00f6r att f\u00e5 omedelbara betyg och skr\u00e4ddarsydda f\u00f6rslag f\u00f6r att \u00f6ka dina bokningar.\",\"breadcrumb\":{\"@id\":\"https:\\\/\\\/www.hostfully.com\\\/sv\\\/tillvaxtverktyg\\\/fastighetsanalysator\\\/#breadcrumb\"},\"inLanguage\":\"sv-SE\",\"potentialAction\":[{\"@type\":\"ReadAction\",\"target\":[\"https:\\\/\\\/www.hostfully.com\\\/sv\\\/tillvaxtverktyg\\\/fastighetsanalysator\\\/\"]}]},{\"@type\":\"BreadcrumbList\",\"@id\":\"https:\\\/\\\/www.hostfully.com\\\/sv\\\/tillvaxtverktyg\\\/fastighetsanalysator\\\/#breadcrumb\",\"itemListElement\":[{\"@type\":\"ListItem\",\"position\":1,\"name\":\"Home\",\"item\":\"https:\\\/\\\/www.hostfully.com\\\/sv\\\/\"},{\"@type\":\"ListItem\",\"position\":2,\"name\":\"Tillv\u00e4xtverktyg\",\"item\":\"https:\\\/\\\/www.hostfully.com\\\/sv\\\/tillvaxtverktyg\\\/\"},{\"@type\":\"ListItem\",\"position\":3,\"name\":\"Fastighetsanalysator\"}]},{\"@type\":\"WebSite\",\"@id\":\"https:\\\/\\\/www.hostfully.com\\\/sv\\\/#website\",\"url\":\"https:\\\/\\\/www.hostfully.com\\\/sv\\\/\",\"name\":\"Hostfully\",\"description\":\"Award Winning Vacation Rental Software\",\"publisher\":{\"@id\":\"https:\\\/\\\/www.hostfully.com\\\/sv\\\/#organization\"},\"potentialAction\":[{\"@type\":\"SearchAction\",\"target\":{\"@type\":\"EntryPoint\",\"urlTemplate\":\"https:\\\/\\\/www.hostfully.com\\\/sv\\\/?s={search_term_string}\"},\"query-input\":{\"@type\":\"PropertyValueSpecification\",\"valueRequired\":true,\"valueName\":\"search_term_string\"}}],\"inLanguage\":\"sv-SE\"},{\"@type\":\"Organization\",\"@id\":\"https:\\\/\\\/www.hostfully.com\\\/sv\\\/#organization\",\"name\":\"Hostfully\",\"url\":\"https:\\\/\\\/www.hostfully.com\\\/sv\\\/\",\"logo\":{\"@type\":\"ImageObject\",\"inLanguage\":\"sv-SE\",\"@id\":\"https:\\\/\\\/www.hostfully.com\\\/sv\\\/#\\\/schema\\\/logo\\\/image\\\/\",\"url\":\"https:\\\/\\\/www.hostfully.com\\\/wp-content\\\/uploads\\\/2025\\\/08\\\/Hostfully_bluecircle_isotype_R-.png\",\"contentUrl\":\"https:\\\/\\\/www.hostfully.com\\\/wp-content\\\/uploads\\\/2025\\\/08\\\/Hostfully_bluecircle_isotype_R-.png\",\"width\":321,\"height\":321,\"caption\":\"Hostfully\"},\"image\":{\"@id\":\"https:\\\/\\\/www.hostfully.com\\\/sv\\\/#\\\/schema\\\/logo\\\/image\\\/\"},\"sameAs\":[\"https:\\\/\\\/www.facebook.com\\\/hostfully\",\"https:\\\/\\\/x.com\\\/hostfully\",\"https:\\\/\\\/www.instagram.com\\\/hostfully_\\\/\",\"https:\\\/\\\/www.youtube.com\\\/c\\\/Hostfully\",\"https:\\\/\\\/www.linkedin.com\\\/company\\\/hostfully-inc-\\\/\"]}]}<\/script>\n<!-- \/ Yoast SEO Premium plugin. -->","yoast_head_json":{"title":"Fastighetsanalysator | Hostfully","description":"Hur stark \u00e4r din fastighetsannons? Anv\u00e4nd v\u00e5r kostnadsfria fastighetsanalysator f\u00f6r att f\u00e5 omedelbara betyg och skr\u00e4ddarsydda f\u00f6rslag f\u00f6r att \u00f6ka dina bokningar.","robots":{"index":"index","follow":"follow","max-snippet":"max-snippet:-1","max-image-preview":"max-image-preview:large","max-video-preview":"max-video-preview:-1"},"canonical":"https:\/\/www.hostfully.com\/sv\/tillvaxtverktyg\/fastighetsanalysator\/","og_locale":"sv_SE","og_type":"article","og_title":"Fastighetsanalysator","og_description":"Hur stark \u00e4r din fastighetsannons? Anv\u00e4nd v\u00e5r kostnadsfria fastighetsanalysator f\u00f6r att f\u00e5 omedelbara betyg och skr\u00e4ddarsydda f\u00f6rslag f\u00f6r att \u00f6ka dina bokningar.","og_url":"https:\/\/www.hostfully.com\/sv\/tillvaxtverktyg\/fastighetsanalysator\/","og_site_name":"Hostfully","article_publisher":"https:\/\/www.facebook.com\/hostfully","article_modified_time":"2026-04-14T20:21:33+00:00","twitter_card":"summary_large_image","twitter_site":"@hostfully","schema":{"@context":"https:\/\/schema.org","@graph":[{"@type":"WebPage","@id":"https:\/\/www.hostfully.com\/sv\/tillvaxtverktyg\/fastighetsanalysator\/","url":"https:\/\/www.hostfully.com\/sv\/tillvaxtverktyg\/fastighetsanalysator\/","name":"Fastighetsanalysator | Hostfully","isPartOf":{"@id":"https:\/\/www.hostfully.com\/sv\/#website"},"datePublished":"2025-11-24T18:22:08+00:00","dateModified":"2026-04-14T20:21:33+00:00","description":"Hur stark \u00e4r din fastighetsannons? Anv\u00e4nd v\u00e5r kostnadsfria fastighetsanalysator f\u00f6r att f\u00e5 omedelbara betyg och skr\u00e4ddarsydda f\u00f6rslag f\u00f6r att \u00f6ka dina bokningar.","breadcrumb":{"@id":"https:\/\/www.hostfully.com\/sv\/tillvaxtverktyg\/fastighetsanalysator\/#breadcrumb"},"inLanguage":"sv-SE","potentialAction":[{"@type":"ReadAction","target":["https:\/\/www.hostfully.com\/sv\/tillvaxtverktyg\/fastighetsanalysator\/"]}]},{"@type":"BreadcrumbList","@id":"https:\/\/www.hostfully.com\/sv\/tillvaxtverktyg\/fastighetsanalysator\/#breadcrumb","itemListElement":[{"@type":"ListItem","position":1,"name":"Home","item":"https:\/\/www.hostfully.com\/sv\/"},{"@type":"ListItem","position":2,"name":"Tillv\u00e4xtverktyg","item":"https:\/\/www.hostfully.com\/sv\/tillvaxtverktyg\/"},{"@type":"ListItem","position":3,"name":"Fastighetsanalysator"}]},{"@type":"WebSite","@id":"https:\/\/www.hostfully.com\/sv\/#website","url":"https:\/\/www.hostfully.com\/sv\/","name":"Hostfully","description":"Award Winning Vacation Rental Software","publisher":{"@id":"https:\/\/www.hostfully.com\/sv\/#organization"},"potentialAction":[{"@type":"SearchAction","target":{"@type":"EntryPoint","urlTemplate":"https:\/\/www.hostfully.com\/sv\/?s={search_term_string}"},"query-input":{"@type":"PropertyValueSpecification","valueRequired":true,"valueName":"search_term_string"}}],"inLanguage":"sv-SE"},{"@type":"Organization","@id":"https:\/\/www.hostfully.com\/sv\/#organization","name":"Hostfully","url":"https:\/\/www.hostfully.com\/sv\/","logo":{"@type":"ImageObject","inLanguage":"sv-SE","@id":"https:\/\/www.hostfully.com\/sv\/#\/schema\/logo\/image\/","url":"https:\/\/www.hostfully.com\/wp-content\/uploads\/2025\/08\/Hostfully_bluecircle_isotype_R-.png","contentUrl":"https:\/\/www.hostfully.com\/wp-content\/uploads\/2025\/08\/Hostfully_bluecircle_isotype_R-.png","width":321,"height":321,"caption":"Hostfully"},"image":{"@id":"https:\/\/www.hostfully.com\/sv\/#\/schema\/logo\/image\/"},"sameAs":["https:\/\/www.facebook.com\/hostfully","https:\/\/x.com\/hostfully","https:\/\/www.instagram.com\/hostfully_\/","https:\/\/www.youtube.com\/c\/Hostfully","https:\/\/www.linkedin.com\/company\/hostfully-inc-\/"]}]}},"_links":{"self":[{"href":"https:\/\/www.hostfully.com\/sv\/wp-json\/wp\/v2\/pages\/103279","targetHints":{"allow":["GET"]}}],"collection":[{"href":"https:\/\/www.hostfully.com\/sv\/wp-json\/wp\/v2\/pages"}],"about":[{"href":"https:\/\/www.hostfully.com\/sv\/wp-json\/wp\/v2\/types\/page"}],"author":[{"embeddable":true,"href":"https:\/\/www.hostfully.com\/sv\/wp-json\/wp\/v2\/users\/2"}],"replies":[{"embeddable":true,"href":"https:\/\/www.hostfully.com\/sv\/wp-json\/wp\/v2\/comments?post=103279"}],"version-history":[{"count":1,"href":"https:\/\/www.hostfully.com\/sv\/wp-json\/wp\/v2\/pages\/103279\/revisions"}],"predecessor-version":[{"id":103281,"href":"https:\/\/www.hostfully.com\/sv\/wp-json\/wp\/v2\/pages\/103279\/revisions\/103281"}],"up":[{"embeddable":true,"href":"https:\/\/www.hostfully.com\/sv\/wp-json\/wp\/v2\/pages\/103282"}],"wp:attachment":[{"href":"https:\/\/www.hostfully.com\/sv\/wp-json\/wp\/v2\/media?parent=103279"}],"curies":[{"name":"wp","href":"https:\/\/api.w.org\/{rel}","templated":true}]}}