{"id":103282,"date":"2025-11-26T18:06:53","date_gmt":"2025-11-26T18:06:53","guid":{"rendered":"https:\/\/www.hostfully.com\/tillvaxtverktyg\/"},"modified":"2026-04-14T20:21:33","modified_gmt":"2026-04-14T20:21:33","slug":"tillvaxtverktyg","status":"publish","type":"page","link":"https:\/\/www.hostfully.com\/sv\/tillvaxtverktyg\/","title":{"rendered":"Tillv\u00e4xtverktyg"},"content":{"rendered":"\t\t<div data-elementor-type=\"wp-page\" data-elementor-id=\"103282\" class=\"elementor elementor-103282 elementor-8558\" data-elementor-post-type=\"page\">\n\t\t\t\t<div class=\"elementor-element elementor-element-52db181 hf-hero-lg e-flex e-con-boxed e-con e-parent\" data-id=\"52db181\" data-element_type=\"container\" data-e-type=\"container\">\n\t\t\t\t\t<div class=\"e-con-inner\">\n\t\t<div class=\"elementor-element elementor-element-ce10a8c e-con-full e-flex e-con e-child\" data-id=\"ce10a8c\" data-element_type=\"container\" data-e-type=\"container\">\n\t\t\t\t<div class=\"elementor-element elementor-element-8c93f61 elementor-widget elementor-widget-heading\" data-id=\"8c93f61\" data-element_type=\"widget\" data-e-type=\"widget\" data-widget_type=\"heading.default\">\n\t\t\t\t<div class=\"elementor-widget-container\">\n\t\t\t\t\t<h6 class=\"elementor-heading-title elementor-size-default\">INTERAKTIVA RESURSER<\/h6>\t\t\t\t<\/div>\n\t\t\t\t<\/div>\n\t\t\t\t<div class=\"elementor-element elementor-element-1e28c3b elementor-widget elementor-widget-heading\" data-id=\"1e28c3b\" data-element_type=\"widget\" data-e-type=\"widget\" data-widget_type=\"heading.default\">\n\t\t\t\t<div class=\"elementor-widget-container\">\n\t\t\t\t\t<h1 class=\"elementor-heading-title elementor-size-default\">Hostfully-verktyg<\/h1>\t\t\t\t<\/div>\n\t\t\t\t<\/div>\n\t\t\t\t<\/div>\n\t\t\t\t<div class=\"elementor-element elementor-element-72a202d text-lg elementor-widget elementor-widget-heading\" data-id=\"72a202d\" data-element_type=\"widget\" data-e-type=\"widget\" data-widget_type=\"heading.default\">\n\t\t\t\t<div class=\"elementor-widget-container\">\n\t\t\t\t\t<p class=\"elementor-heading-title elementor-size-default\">Kostnadsfria resurser som hj\u00e4lper er att fatta smartare beslut om er verksamhet inom semesterboenden,\nfr\u00e5n marknadsdata till g\u00e4sthantering.<\/p>\t\t\t\t<\/div>\n\t\t\t\t<\/div>\n\t\t\t\t<div class=\"elementor-element elementor-element-69af381 elementor-widget elementor-widget-shortcode\" data-id=\"69af381\" data-element_type=\"widget\" data-e-type=\"widget\" data-widget_type=\"shortcode.default\">\n\t\t\t\t<div class=\"elementor-widget-container\">\n\t\t\t\t\t\t\t<div class=\"elementor-shortcode\">    <div class=\"hf-book-demo-shortcode\" data-hf-book-demo-id=\"hfbd-1\" data-hf-book-demo-flow=\"demo\" data-hf-book-demo-layout=\"center\" data-hf-book-demo-event-name=\"book_demo_modal\" data-hf-book-demo-event-product=\"pms\">\n        <form id=\"listing-form-hfbd-1\" class=\"hfs-form hfs-form--demo\">\n            <input type=\"hidden\" name=\"exp_id\" id=\"exp_id-hfbd-1\" value=\"experience-1669041197445\">\n            <input type=\"hidden\" name=\"flow\" id=\"flow-hfbd-1\" value=\"demo\">\n            <input type=\"hidden\" name=\"event_name\" value=\"book_demo_modal\">\n            <input type=\"hidden\" name=\"event_product\" value=\"pms\">\n            <input type=\"hidden\" name=\"first_name\" value=\"\">\n            <input type=\"hidden\" name=\"last_name\" value=\"\">\n                            <input type=\"hidden\" name=\"page_slug\" value=\"\/sv\/tillvaxtverktyg\">\n                                                    <input type=\"hidden\" name=\"listings\" value=\"\">\n                                        <input type=\"hidden\" name=\"utm_source\" id=\"utm_source-hfbd-1\" value=\"organic_website\">\n                            <input type=\"hidden\" name=\"utm_medium\" id=\"utm_medium-hfbd-1\" value=\"Website\">\n                            <input type=\"hidden\" name=\"utm_campaign\" id=\"utm_campaign-hfbd-1\" value=\"Website\">\n                            <input type=\"hidden\" name=\"utm_content\" id=\"utm_content-hfbd-1\" value=\"\">\n                            <input type=\"hidden\" name=\"utm_term\" id=\"utm_term-hfbd-1\" value=\"\">\n                            <input type=\"hidden\" name=\"fb_ad_id\" id=\"fb_ad_id-hfbd-1\" value=\"\">\n                            <input type=\"hidden\" name=\"fbclid\" id=\"fbclid-hfbd-1\" value=\"\">\n                            <input type=\"hidden\" name=\"gclid\" id=\"gclid-hfbd-1\" value=\"\">\n                        <input type=\"hidden\" name=\"source\" value=\"\">\n                        <input type=\"email\" name=\"email\" class=\"email\" id=\"email-hfbd-1\" placeholder=\"E-post\" required>\n                        <button type=\"submit\" class=\"hfs-submit\">Boka en GRATIS demo<\/button>\n        <\/form>\n        <div id=\"error-hfbd-1\" class=\"error\"><\/div>\n                    <p class=\"hf-book-demo-legal-disclaimer\">Genom att skicka in godk\u00e4nner du att bli kontaktad via e-post, telefon eller SMS.<\/p>\n            <\/div>\n    <\/div>\n\t\t\t\t\t\t<\/div>\n\t\t\t\t<\/div>\n\t\t\t\t\t<\/div>\n\t\t\t\t<\/div>\n\t\t<div class=\"elementor-element elementor-element-f16d217 hf-section-xs mb-5i e-flex e-con-boxed e-con e-parent\" data-id=\"f16d217\" data-element_type=\"container\" data-e-type=\"container\">\n\t\t\t\t\t<div class=\"e-con-inner\">\n\t\t<div class=\"elementor-element elementor-element-cb92ac0 e-con-full e-flex e-con e-child\" data-id=\"cb92ac0\" data-element_type=\"container\" data-e-type=\"container\" data-settings=\"{&quot;background_background&quot;:&quot;classic&quot;}\">\n\t\t<div class=\"elementor-element elementor-element-d320254 e-con-full e-flex e-con e-child\" data-id=\"d320254\" data-element_type=\"container\" data-e-type=\"container\">\n\t\t\t\t<div class=\"elementor-element elementor-element-2780cb8 elementor-widget elementor-widget-image\" data-id=\"2780cb8\" data-element_type=\"widget\" data-e-type=\"widget\" data-widget_type=\"image.default\">\n\t\t\t\t<div class=\"elementor-widget-container\">\n\t\t\t\t\t\t\t\t\t\t\t\t\t\t\t\t<a href=\"https:\/\/tools.hostfully.com\/climate-index\/\" target=\"_blank\" id=\"cta_tool_climate_index\">\n\t\t\t\t\t\t\t<img decoding=\"async\" width=\"62\" height=\"62\" src=\"https:\/\/www.hostfully.com\/wp-content\/uploads\/2026\/03\/Capa_1.svg\" class=\"attachment-full size-full wp-image-103283\" alt=\"\" \/>\t\t\t\t\t\t\t\t<\/a>\n\t\t\t\t\t\t\t\t\t\t\t\t\t\t\t<\/div>\n\t\t\t\t<\/div>\n\t\t\t\t<div class=\"elementor-element elementor-element-35bd3b9 elementor-widget elementor-widget-heading\" data-id=\"35bd3b9\" data-element_type=\"widget\" data-e-type=\"widget\" data-widget_type=\"heading.default\">\n\t\t\t\t<div class=\"elementor-widget-container\">\n\t\t\t\t\t<h4 class=\"elementor-heading-title elementor-size-default\"><a href=\"https:\/\/tools.hostfully.com\/climate-index\/\" target=\"_blank\" id=\"cta_tool_climate_index\">Hosting Climate Index<\/a><\/h4>\t\t\t\t<\/div>\n\t\t\t\t<\/div>\n\t\t\t\t<div class=\"elementor-element elementor-element-47a62b4 elementor-widget elementor-widget-text-editor\" data-id=\"47a62b4\" data-element_type=\"widget\" data-e-type=\"widget\" data-widget_type=\"text-editor.default\">\n\t\t\t\t<div class=\"elementor-widget-container\">\n\t\t\t\t\t\t\t\t\t<p>Marknadsvillkor och trender som formar uthyrning av semesterboenden i olika regioner.<\/p>\t\t\t\t\t\t\t\t<\/div>\n\t\t\t\t<\/div>\n\t\t\t\t<\/div>\n\t\t\t\t<div class=\"elementor-element elementor-element-4eac9f2 btn-link elementor-widget elementor-widget-button\" data-id=\"4eac9f2\" data-element_type=\"widget\" data-e-type=\"widget\" data-widget_type=\"button.default\">\n\t\t\t\t<div class=\"elementor-widget-container\">\n\t\t\t\t\t\t\t\t\t<div class=\"elementor-button-wrapper\">\n\t\t\t\t\t<a class=\"elementor-button elementor-button-link elementor-size-sm\" href=\"https:\/\/tools.hostfully.com\/climate-index\/\" target=\"_blank\" id=\"cta_tool_climate_index\">\n\t\t\t\t\t\t<span class=\"elementor-button-content-wrapper\">\n\t\t\t\t\t\t\t\t\t<span class=\"elementor-button-text\">Starta verktyg<\/span>\n\t\t\t\t\t<\/span>\n\t\t\t\t\t<\/a>\n\t\t\t\t<\/div>\n\t\t\t\t\t\t\t\t<\/div>\n\t\t\t\t<\/div>\n\t\t\t\t<\/div>\n\t\t<div class=\"elementor-element elementor-element-8b67cfb e-con-full e-flex e-con e-child\" data-id=\"8b67cfb\" data-element_type=\"container\" data-e-type=\"container\" data-settings=\"{&quot;background_background&quot;:&quot;classic&quot;}\">\n\t\t<div class=\"elementor-element elementor-element-ff05c71 e-con-full e-flex e-con e-child\" data-id=\"ff05c71\" data-element_type=\"container\" data-e-type=\"container\">\n\t\t\t\t<div class=\"elementor-element elementor-element-7b0c115 elementor-widget elementor-widget-image\" data-id=\"7b0c115\" data-element_type=\"widget\" data-e-type=\"widget\" data-widget_type=\"image.default\">\n\t\t\t\t<div class=\"elementor-widget-container\">\n\t\t\t\t\t\t\t\t\t\t\t\t\t\t\t\t<a href=\"https:\/\/tools.hostfully.com\/str-regulations-map\/\" target=\"_blank\" id=\"cta_tool_regulations_map\">\n\t\t\t\t\t\t\t<img decoding=\"async\" width=\"62\" height=\"62\" src=\"https:\/\/www.hostfully.com\/wp-content\/uploads\/2026\/03\/Capa_1-1.svg\" class=\"attachment-full size-full wp-image-103284\" alt=\"\" \/>\t\t\t\t\t\t\t\t<\/a>\n\t\t\t\t\t\t\t\t\t\t\t\t\t\t\t<\/div>\n\t\t\t\t<\/div>\n\t\t\t\t<div class=\"elementor-element elementor-element-e3f8653 elementor-widget elementor-widget-heading\" data-id=\"e3f8653\" data-element_type=\"widget\" data-e-type=\"widget\" data-widget_type=\"heading.default\">\n\t\t\t\t<div class=\"elementor-widget-container\">\n\t\t\t\t\t<h4 class=\"elementor-heading-title elementor-size-default\"><a href=\"https:\/\/tools.hostfully.com\/str-regulations-map\/\" target=\"_blank\" id=\"cta_tool_regulations_map\">Regleringskarta<\/a><\/h4>\t\t\t\t<\/div>\n\t\t\t\t<\/div>\n\t\t\t\t<div class=\"elementor-element elementor-element-d78a58b elementor-widget elementor-widget-text-editor\" data-id=\"d78a58b\" data-element_type=\"widget\" data-e-type=\"widget\" data-widget_type=\"text-editor.default\">\n\t\t\t\t<div class=\"elementor-widget-container\">\n\t\t\t\t\t\t\t\t\t<p>Regler f\u00f6r korttidsuthyrning, tillst\u00e5nd och efterlevnadskrav per plats.<\/p>\t\t\t\t\t\t\t\t<\/div>\n\t\t\t\t<\/div>\n\t\t\t\t<\/div>\n\t\t\t\t<div class=\"elementor-element elementor-element-7ef3322 btn-link text-purple elementor-widget elementor-widget-button\" data-id=\"7ef3322\" data-element_type=\"widget\" data-e-type=\"widget\" data-widget_type=\"button.default\">\n\t\t\t\t<div class=\"elementor-widget-container\">\n\t\t\t\t\t\t\t\t\t<div class=\"elementor-button-wrapper\">\n\t\t\t\t\t<a class=\"elementor-button elementor-button-link elementor-size-sm\" href=\"https:\/\/tools.hostfully.com\/str-regulations-map\/\" target=\"_blank\" id=\"cta_tool_regulations_map\">\n\t\t\t\t\t\t<span class=\"elementor-button-content-wrapper\">\n\t\t\t\t\t\t\t\t\t<span class=\"elementor-button-text\">Starta verktyg<\/span>\n\t\t\t\t\t<\/span>\n\t\t\t\t\t<\/a>\n\t\t\t\t<\/div>\n\t\t\t\t\t\t\t\t<\/div>\n\t\t\t\t<\/div>\n\t\t\t\t<\/div>\n\t\t<div class=\"elementor-element elementor-element-dc00fed e-con-full e-flex e-con e-child\" data-id=\"dc00fed\" data-element_type=\"container\" data-e-type=\"container\" data-settings=\"{&quot;background_background&quot;:&quot;classic&quot;}\">\n\t\t<div class=\"elementor-element elementor-element-90f8a11 e-con-full e-flex e-con e-child\" data-id=\"90f8a11\" data-element_type=\"container\" data-e-type=\"container\">\n\t\t\t\t<div class=\"elementor-element elementor-element-fc4a325 elementor-widget elementor-widget-image\" data-id=\"fc4a325\" data-element_type=\"widget\" data-e-type=\"widget\" data-widget_type=\"image.default\">\n\t\t\t\t<div class=\"elementor-widget-container\">\n\t\t\t\t\t\t\t\t\t\t\t\t\t\t\t\t<a href=\"https:\/\/tools.hostfully.com\/nightmare-guest\/#\/\" target=\"_blank\" id=\"cta_tool_nightmare_guests\">\n\t\t\t\t\t\t\t<img decoding=\"async\" width=\"62\" height=\"62\" src=\"https:\/\/www.hostfully.com\/wp-content\/uploads\/2026\/03\/Capa_1-2.svg\" class=\"attachment-full size-full wp-image-103285\" alt=\"\" \/>\t\t\t\t\t\t\t\t<\/a>\n\t\t\t\t\t\t\t\t\t\t\t\t\t\t\t<\/div>\n\t\t\t\t<\/div>\n\t\t\t\t<div class=\"elementor-element elementor-element-77587f4 elementor-widget elementor-widget-heading\" data-id=\"77587f4\" data-element_type=\"widget\" data-e-type=\"widget\" data-widget_type=\"heading.default\">\n\t\t\t\t<div class=\"elementor-widget-container\">\n\t\t\t\t\t<h4 class=\"elementor-heading-title elementor-size-default\"><a href=\"https:\/\/tools.hostfully.com\/nightmare-guest\/#\/\" target=\"_blank\" id=\"cta_tool_nightmare_guests\">Nightmare Guest Generator<\/a><\/h4>\t\t\t\t<\/div>\n\t\t\t\t<\/div>\n\t\t\t\t<div class=\"elementor-element elementor-element-a5439d1 elementor-widget elementor-widget-text-editor\" data-id=\"a5439d1\" data-element_type=\"widget\" data-e-type=\"widget\" data-widget_type=\"text-editor.default\">\n\t\t\t\t<div class=\"elementor-widget-container\">\n\t\t\t\t\t\t\t\t\t<p>Generera vilda g\u00e4stscenarier f\u00f6r att stresstesta er strategi f\u00f6r v\u00e4rdskap.<\/p>\t\t\t\t\t\t\t\t<\/div>\n\t\t\t\t<\/div>\n\t\t\t\t<\/div>\n\t\t\t\t<div class=\"elementor-element elementor-element-ea60871 btn-link text-pink elementor-widget elementor-widget-button\" data-id=\"ea60871\" data-element_type=\"widget\" data-e-type=\"widget\" data-widget_type=\"button.default\">\n\t\t\t\t<div class=\"elementor-widget-container\">\n\t\t\t\t\t\t\t\t\t<div class=\"elementor-button-wrapper\">\n\t\t\t\t\t<a class=\"elementor-button elementor-button-link elementor-size-sm\" href=\"https:\/\/tools.hostfully.com\/nightmare-guest\/#\/\" target=\"_blank\" id=\"cta_tool_nightmare_guests\">\n\t\t\t\t\t\t<span class=\"elementor-button-content-wrapper\">\n\t\t\t\t\t\t\t\t\t<span class=\"elementor-button-text\">Starta verktyg<\/span>\n\t\t\t\t\t<\/span>\n\t\t\t\t\t<\/a>\n\t\t\t\t<\/div>\n\t\t\t\t\t\t\t\t<\/div>\n\t\t\t\t<\/div>\n\t\t\t\t<\/div>\n\t\t<div class=\"elementor-element elementor-element-bd1aafd e-con-full e-flex e-con e-child\" data-id=\"bd1aafd\" data-element_type=\"container\" data-e-type=\"container\" data-settings=\"{&quot;background_background&quot;:&quot;classic&quot;}\">\n\t\t<div class=\"elementor-element elementor-element-fb4d59e e-con-full e-flex e-con e-child\" data-id=\"fb4d59e\" data-element_type=\"container\" data-e-type=\"container\">\n\t\t\t\t<div class=\"elementor-element elementor-element-5668360 elementor-widget elementor-widget-image\" data-id=\"5668360\" data-element_type=\"widget\" data-e-type=\"widget\" data-widget_type=\"image.default\">\n\t\t\t\t<div class=\"elementor-widget-container\">\n\t\t\t\t\t\t\t\t\t\t\t\t\t\t\t\t<a href=\"https:\/\/www.hostfully.com\/growth-tools\/property-analyzer\/\" id=\"cta_tool_property_analyzer\">\n\t\t\t\t\t\t\t<img loading=\"lazy\" decoding=\"async\" width=\"62\" height=\"62\" src=\"https:\/\/www.hostfully.com\/wp-content\/uploads\/2026\/03\/Capa_1-4.svg\" class=\"attachment-full size-full wp-image-103287\" alt=\"\" \/>\t\t\t\t\t\t\t\t<\/a>\n\t\t\t\t\t\t\t\t\t\t\t\t\t\t\t<\/div>\n\t\t\t\t<\/div>\n\t\t\t\t<div class=\"elementor-element elementor-element-54fad30 elementor-widget elementor-widget-heading\" data-id=\"54fad30\" data-element_type=\"widget\" data-e-type=\"widget\" data-widget_type=\"heading.default\">\n\t\t\t\t<div class=\"elementor-widget-container\">\n\t\t\t\t\t<h4 class=\"elementor-heading-title elementor-size-default\"><a href=\"https:\/\/www.hostfully.com\/growth-tools\/property-analyzer\/\" id=\"cta_tool_property_analyzer\">Property Analyzer<\/a><\/h4>\t\t\t\t<\/div>\n\t\t\t\t<\/div>\n\t\t\t\t<div class=\"elementor-element elementor-element-7bcf256 elementor-widget elementor-widget-text-editor\" data-id=\"7bcf256\" data-element_type=\"widget\" data-e-type=\"widget\" data-widget_type=\"text-editor.default\">\n\t\t\t\t<div class=\"elementor-widget-container\">\n\t\t\t\t\t\t\t\t\t<p>Datadrivna insikter och rekommendationer f\u00f6r er fastighets potential.<\/p>\t\t\t\t\t\t\t\t<\/div>\n\t\t\t\t<\/div>\n\t\t\t\t<\/div>\n\t\t\t\t<div class=\"elementor-element elementor-element-2651667 btn-link text-cyan elementor-widget elementor-widget-button\" data-id=\"2651667\" data-element_type=\"widget\" data-e-type=\"widget\" data-widget_type=\"button.default\">\n\t\t\t\t<div class=\"elementor-widget-container\">\n\t\t\t\t\t\t\t\t\t<div class=\"elementor-button-wrapper\">\n\t\t\t\t\t<a class=\"elementor-button elementor-button-link elementor-size-sm\" href=\"https:\/\/www.hostfully.com\/sv\/tillvaxtverktyg\/fastighetsanalysator\/\" id=\"cta_tool_property_analyzer\">\n\t\t\t\t\t\t<span class=\"elementor-button-content-wrapper\">\n\t\t\t\t\t\t\t\t\t<span class=\"elementor-button-text\">Starta verktyg<\/span>\n\t\t\t\t\t<\/span>\n\t\t\t\t\t<\/a>\n\t\t\t\t<\/div>\n\t\t\t\t\t\t\t\t<\/div>\n\t\t\t\t<\/div>\n\t\t\t\t<\/div>\n\t\t\t\t\t<\/div>\n\t\t\t\t<\/div>\n\t\t\t\t<\/div>\n\t\t","protected":false},"excerpt":{"rendered":"<p>INTERAKTIVA RESURSER Hostfully-verktyg Kostnadsfria resurser som hj\u00e4lper er att fatta smartare beslut om er verksamhet inom semesterboenden, fr\u00e5n marknadsdata till g\u00e4sthantering. Hosting Climate Index Marknadsvillkor och trender som formar uthyrning av semesterboenden i olika regioner. Starta verktyg Regleringskarta Regler f\u00f6r korttidsuthyrning, tillst\u00e5nd och efterlevnadskrav per plats. Starta verktyg Nightmare Guest Generator Generera vilda g\u00e4stscenarier f\u00f6r [&hellip;]<\/p>\n","protected":false},"author":2,"featured_media":0,"parent":0,"menu_order":0,"comment_status":"closed","ping_status":"closed","template":"","meta":{"footnotes":""},"class_list":["post-103282","page","type-page","status-publish","hentry"],"yoast_head":"<!-- This site is optimized with the Yoast SEO Premium plugin v27.4 (Yoast SEO v27.4) - https:\/\/yoast.com\/product\/yoast-seo-premium-wordpress\/ -->\n<title>Tillv\u00e4xtverktyg | Hostfully<\/title>\n<meta name=\"robots\" content=\"index, follow, max-snippet:-1, max-image-preview:large, max-video-preview:-1\" \/>\n<link rel=\"canonical\" href=\"https:\/\/www.hostfully.com\/sv\/tillvaxtverktyg\/\" \/>\n<meta property=\"og:locale\" content=\"sv_SE\" \/>\n<meta property=\"og:type\" content=\"article\" \/>\n<meta property=\"og:title\" content=\"Tillv\u00e4xtverktyg\" \/>\n<meta property=\"og:description\" content=\"INTERAKTIVA RESURSER Hostfully-verktyg Kostnadsfria resurser som hj\u00e4lper er att fatta smartare beslut om er verksamhet inom semesterboenden, fr\u00e5n marknadsdata till g\u00e4sthantering. Hosting Climate Index Marknadsvillkor och trender som formar uthyrning av semesterboenden i olika regioner. Starta verktyg Regleringskarta Regler f\u00f6r korttidsuthyrning, tillst\u00e5nd och efterlevnadskrav per plats. Starta verktyg Nightmare Guest Generator Generera vilda g\u00e4stscenarier f\u00f6r [&hellip;]\" \/>\n<meta property=\"og:url\" content=\"https:\/\/www.hostfully.com\/sv\/tillvaxtverktyg\/\" \/>\n<meta property=\"og:site_name\" content=\"Hostfully\" \/>\n<meta property=\"article:publisher\" content=\"https:\/\/www.facebook.com\/hostfully\" \/>\n<meta property=\"article:modified_time\" content=\"2026-04-14T20:21:33+00:00\" \/>\n<meta property=\"og:image\" content=\"https:\/\/www.hostfully.com\/wp-content\/uploads\/2026\/03\/Capa_1.svg\" \/>\n<meta name=\"twitter:card\" content=\"summary_large_image\" \/>\n<meta name=\"twitter:site\" content=\"@hostfully\" \/>\n<script type=\"application\/ld+json\" class=\"yoast-schema-graph\">{\"@context\":\"https:\\\/\\\/schema.org\",\"@graph\":[{\"@type\":\"WebPage\",\"@id\":\"https:\\\/\\\/www.hostfully.com\\\/sv\\\/tillvaxtverktyg\\\/\",\"url\":\"https:\\\/\\\/www.hostfully.com\\\/sv\\\/tillvaxtverktyg\\\/\",\"name\":\"Tillv\u00e4xtverktyg | Hostfully\",\"isPartOf\":{\"@id\":\"https:\\\/\\\/www.hostfully.com\\\/sv\\\/#website\"},\"primaryImageOfPage\":{\"@id\":\"https:\\\/\\\/www.hostfully.com\\\/sv\\\/tillvaxtverktyg\\\/#primaryimage\"},\"image\":{\"@id\":\"https:\\\/\\\/www.hostfully.com\\\/sv\\\/tillvaxtverktyg\\\/#primaryimage\"},\"thumbnailUrl\":\"https:\\\/\\\/www.hostfully.com\\\/wp-content\\\/uploads\\\/2026\\\/03\\\/Capa_1.svg\",\"datePublished\":\"2025-11-26T18:06:53+00:00\",\"dateModified\":\"2026-04-14T20:21:33+00:00\",\"breadcrumb\":{\"@id\":\"https:\\\/\\\/www.hostfully.com\\\/sv\\\/tillvaxtverktyg\\\/#breadcrumb\"},\"inLanguage\":\"sv-SE\",\"potentialAction\":[{\"@type\":\"ReadAction\",\"target\":[\"https:\\\/\\\/www.hostfully.com\\\/sv\\\/tillvaxtverktyg\\\/\"]}]},{\"@type\":\"ImageObject\",\"inLanguage\":\"sv-SE\",\"@id\":\"https:\\\/\\\/www.hostfully.com\\\/sv\\\/tillvaxtverktyg\\\/#primaryimage\",\"url\":\"https:\\\/\\\/www.hostfully.com\\\/wp-content\\\/uploads\\\/2026\\\/03\\\/Capa_1.svg\",\"contentUrl\":\"https:\\\/\\\/www.hostfully.com\\\/wp-content\\\/uploads\\\/2026\\\/03\\\/Capa_1.svg\"},{\"@type\":\"BreadcrumbList\",\"@id\":\"https:\\\/\\\/www.hostfully.com\\\/sv\\\/tillvaxtverktyg\\\/#breadcrumb\",\"itemListElement\":[{\"@type\":\"ListItem\",\"position\":1,\"name\":\"Home\",\"item\":\"https:\\\/\\\/www.hostfully.com\\\/sv\\\/\"},{\"@type\":\"ListItem\",\"position\":2,\"name\":\"Tillv\u00e4xtverktyg\"}]},{\"@type\":\"WebSite\",\"@id\":\"https:\\\/\\\/www.hostfully.com\\\/sv\\\/#website\",\"url\":\"https:\\\/\\\/www.hostfully.com\\\/sv\\\/\",\"name\":\"Hostfully\",\"description\":\"Award Winning Vacation Rental Software\",\"publisher\":{\"@id\":\"https:\\\/\\\/www.hostfully.com\\\/sv\\\/#organization\"},\"potentialAction\":[{\"@type\":\"SearchAction\",\"target\":{\"@type\":\"EntryPoint\",\"urlTemplate\":\"https:\\\/\\\/www.hostfully.com\\\/sv\\\/?s={search_term_string}\"},\"query-input\":{\"@type\":\"PropertyValueSpecification\",\"valueRequired\":true,\"valueName\":\"search_term_string\"}}],\"inLanguage\":\"sv-SE\"},{\"@type\":\"Organization\",\"@id\":\"https:\\\/\\\/www.hostfully.com\\\/sv\\\/#organization\",\"name\":\"Hostfully\",\"url\":\"https:\\\/\\\/www.hostfully.com\\\/sv\\\/\",\"logo\":{\"@type\":\"ImageObject\",\"inLanguage\":\"sv-SE\",\"@id\":\"https:\\\/\\\/www.hostfully.com\\\/sv\\\/#\\\/schema\\\/logo\\\/image\\\/\",\"url\":\"https:\\\/\\\/www.hostfully.com\\\/wp-content\\\/uploads\\\/2025\\\/08\\\/Hostfully_bluecircle_isotype_R-.png\",\"contentUrl\":\"https:\\\/\\\/www.hostfully.com\\\/wp-content\\\/uploads\\\/2025\\\/08\\\/Hostfully_bluecircle_isotype_R-.png\",\"width\":321,\"height\":321,\"caption\":\"Hostfully\"},\"image\":{\"@id\":\"https:\\\/\\\/www.hostfully.com\\\/sv\\\/#\\\/schema\\\/logo\\\/image\\\/\"},\"sameAs\":[\"https:\\\/\\\/www.facebook.com\\\/hostfully\",\"https:\\\/\\\/x.com\\\/hostfully\",\"https:\\\/\\\/www.instagram.com\\\/hostfully_\\\/\",\"https:\\\/\\\/www.youtube.com\\\/c\\\/Hostfully\",\"https:\\\/\\\/www.linkedin.com\\\/company\\\/hostfully-inc-\\\/\"]}]}<\/script>\n<!-- \/ Yoast SEO Premium plugin. -->","yoast_head_json":{"title":"Tillv\u00e4xtverktyg | Hostfully","robots":{"index":"index","follow":"follow","max-snippet":"max-snippet:-1","max-image-preview":"max-image-preview:large","max-video-preview":"max-video-preview:-1"},"canonical":"https:\/\/www.hostfully.com\/sv\/tillvaxtverktyg\/","og_locale":"sv_SE","og_type":"article","og_title":"Tillv\u00e4xtverktyg","og_description":"INTERAKTIVA RESURSER Hostfully-verktyg Kostnadsfria resurser som hj\u00e4lper er att fatta smartare beslut om er verksamhet inom semesterboenden, fr\u00e5n marknadsdata till g\u00e4sthantering. Hosting Climate Index Marknadsvillkor och trender som formar uthyrning av semesterboenden i olika regioner. Starta verktyg Regleringskarta Regler f\u00f6r korttidsuthyrning, tillst\u00e5nd och efterlevnadskrav per plats. Starta verktyg Nightmare Guest Generator Generera vilda g\u00e4stscenarier f\u00f6r [&hellip;]","og_url":"https:\/\/www.hostfully.com\/sv\/tillvaxtverktyg\/","og_site_name":"Hostfully","article_publisher":"https:\/\/www.facebook.com\/hostfully","article_modified_time":"2026-04-14T20:21:33+00:00","og_image":[{"url":"https:\/\/www.hostfully.com\/wp-content\/uploads\/2026\/03\/Capa_1.svg","type":"","width":"","height":""}],"twitter_card":"summary_large_image","twitter_site":"@hostfully","schema":{"@context":"https:\/\/schema.org","@graph":[{"@type":"WebPage","@id":"https:\/\/www.hostfully.com\/sv\/tillvaxtverktyg\/","url":"https:\/\/www.hostfully.com\/sv\/tillvaxtverktyg\/","name":"Tillv\u00e4xtverktyg | Hostfully","isPartOf":{"@id":"https:\/\/www.hostfully.com\/sv\/#website"},"primaryImageOfPage":{"@id":"https:\/\/www.hostfully.com\/sv\/tillvaxtverktyg\/#primaryimage"},"image":{"@id":"https:\/\/www.hostfully.com\/sv\/tillvaxtverktyg\/#primaryimage"},"thumbnailUrl":"https:\/\/www.hostfully.com\/wp-content\/uploads\/2026\/03\/Capa_1.svg","datePublished":"2025-11-26T18:06:53+00:00","dateModified":"2026-04-14T20:21:33+00:00","breadcrumb":{"@id":"https:\/\/www.hostfully.com\/sv\/tillvaxtverktyg\/#breadcrumb"},"inLanguage":"sv-SE","potentialAction":[{"@type":"ReadAction","target":["https:\/\/www.hostfully.com\/sv\/tillvaxtverktyg\/"]}]},{"@type":"ImageObject","inLanguage":"sv-SE","@id":"https:\/\/www.hostfully.com\/sv\/tillvaxtverktyg\/#primaryimage","url":"https:\/\/www.hostfully.com\/wp-content\/uploads\/2026\/03\/Capa_1.svg","contentUrl":"https:\/\/www.hostfully.com\/wp-content\/uploads\/2026\/03\/Capa_1.svg"},{"@type":"BreadcrumbList","@id":"https:\/\/www.hostfully.com\/sv\/tillvaxtverktyg\/#breadcrumb","itemListElement":[{"@type":"ListItem","position":1,"name":"Home","item":"https:\/\/www.hostfully.com\/sv\/"},{"@type":"ListItem","position":2,"name":"Tillv\u00e4xtverktyg"}]},{"@type":"WebSite","@id":"https:\/\/www.hostfully.com\/sv\/#website","url":"https:\/\/www.hostfully.com\/sv\/","name":"Hostfully","description":"Award Winning Vacation Rental Software","publisher":{"@id":"https:\/\/www.hostfully.com\/sv\/#organization"},"potentialAction":[{"@type":"SearchAction","target":{"@type":"EntryPoint","urlTemplate":"https:\/\/www.hostfully.com\/sv\/?s={search_term_string}"},"query-input":{"@type":"PropertyValueSpecification","valueRequired":true,"valueName":"search_term_string"}}],"inLanguage":"sv-SE"},{"@type":"Organization","@id":"https:\/\/www.hostfully.com\/sv\/#organization","name":"Hostfully","url":"https:\/\/www.hostfully.com\/sv\/","logo":{"@type":"ImageObject","inLanguage":"sv-SE","@id":"https:\/\/www.hostfully.com\/sv\/#\/schema\/logo\/image\/","url":"https:\/\/www.hostfully.com\/wp-content\/uploads\/2025\/08\/Hostfully_bluecircle_isotype_R-.png","contentUrl":"https:\/\/www.hostfully.com\/wp-content\/uploads\/2025\/08\/Hostfully_bluecircle_isotype_R-.png","width":321,"height":321,"caption":"Hostfully"},"image":{"@id":"https:\/\/www.hostfully.com\/sv\/#\/schema\/logo\/image\/"},"sameAs":["https:\/\/www.facebook.com\/hostfully","https:\/\/x.com\/hostfully","https:\/\/www.instagram.com\/hostfully_\/","https:\/\/www.youtube.com\/c\/Hostfully","https:\/\/www.linkedin.com\/company\/hostfully-inc-\/"]}]}},"_links":{"self":[{"href":"https:\/\/www.hostfully.com\/sv\/wp-json\/wp\/v2\/pages\/103282","targetHints":{"allow":["GET"]}}],"collection":[{"href":"https:\/\/www.hostfully.com\/sv\/wp-json\/wp\/v2\/pages"}],"about":[{"href":"https:\/\/www.hostfully.com\/sv\/wp-json\/wp\/v2\/types\/page"}],"author":[{"embeddable":true,"href":"https:\/\/www.hostfully.com\/sv\/wp-json\/wp\/v2\/users\/2"}],"replies":[{"embeddable":true,"href":"https:\/\/www.hostfully.com\/sv\/wp-json\/wp\/v2\/comments?post=103282"}],"version-history":[{"count":1,"href":"https:\/\/www.hostfully.com\/sv\/wp-json\/wp\/v2\/pages\/103282\/revisions"}],"predecessor-version":[{"id":103290,"href":"https:\/\/www.hostfully.com\/sv\/wp-json\/wp\/v2\/pages\/103282\/revisions\/103290"}],"wp:attachment":[{"href":"https:\/\/www.hostfully.com\/sv\/wp-json\/wp\/v2\/media?parent=103282"}],"curies":[{"name":"wp","href":"https:\/\/api.w.org\/{rel}","templated":true}]}}