{"id":105144,"date":"2025-11-24T18:39:33","date_gmt":"2025-11-24T18:39:33","guid":{"rendered":"https:\/\/www.hostfully.com\/tillvaxtverktyg\/roi-kalkylator-for-guidebok-for-semesteruthyrningsansvariga\/"},"modified":"2026-04-14T22:13:55","modified_gmt":"2026-04-14T22:13:55","slug":"roi-kalkylator-for-guidebok-for-semesteruthyrningsansvariga","status":"publish","type":"page","link":"https:\/\/www.hostfully.com\/sv\/tillvaxtverktyg\/roi-kalkylator-for-guidebok-for-semesteruthyrningsansvariga\/","title":{"rendered":"ROI-kalkylator f\u00f6r guidebok f\u00f6r semesteruthyrningsansvariga"},"content":{"rendered":"\t\t<div data-elementor-type=\"wp-page\" data-elementor-id=\"105144\" class=\"elementor elementor-105144 elementor-7852\" data-elementor-post-type=\"page\">\n\t\t\t\t<div class=\"elementor-element elementor-element-871fe64 e-con-full my-4i br-50i e-flex e-con e-parent\" data-id=\"871fe64\" data-element_type=\"container\" data-e-type=\"container\" data-settings=\"{&quot;background_background&quot;:&quot;classic&quot;}\">\n\t\t<div class=\"elementor-element elementor-element-117bba5 e-con-full e-flex e-con e-child\" data-id=\"117bba5\" data-element_type=\"container\" data-e-type=\"container\">\n\t\t\t\t<div class=\"elementor-element elementor-element-616687e elementor-widget elementor-widget-html\" data-id=\"616687e\" data-element_type=\"widget\" data-e-type=\"widget\" data-widget_type=\"html.default\">\n\t\t\t\t<div class=\"elementor-widget-container\">\n\t\t\t\t\t<div>\r\n<div class=\"op-interactive\" id=\"5d5d57ea37157d329c45457d\" data-url=\"https:\/\/hostfully.outgrow.us\/5d5d57ea37157d329c45457d?vHeight=1\" data-width=\"100%\">&nbsp;<\/div>\r\n<script src=\"\/\/dyv6f9ner1ir9.cloudfront.net\/assets\/js\/nloader.js\"><\/script>\r\n<script>initIframe('5d5d57ea37157d329c45457d');<\/script>\r\n<\/div>\t\t\t\t<\/div>\n\t\t\t\t<\/div>\n\t\t\t\t<\/div>\n\t\t\t\t<\/div>\n\t\t<div class=\"elementor-element elementor-element-aa4c80b e-flex e-con-boxed e-con e-parent\" data-id=\"aa4c80b\" data-element_type=\"container\" data-e-type=\"container\">\n\t\t\t\t\t<div class=\"e-con-inner\">\n\t\t\t\t<div class=\"elementor-element elementor-element-4b300ce elementor-widget elementor-widget-text-editor\" data-id=\"4b300ce\" data-element_type=\"widget\" data-e-type=\"widget\" data-widget_type=\"text-editor.default\">\n\t\t\t\t<div class=\"elementor-widget-container\">\n\t\t\t\t\t\t\t\t\tAnv\u00e4ndningen av digitala guideb\u00f6cker inom semesteruthyrningsbranschen \u00f6kar kraftigt. Guideb\u00f6cker g\u00f6r det m\u00f6jligt f\u00f6r ansvariga och \u00e4gare att ytterligare anpassa reseupplevelsen genom lokala rekommendationer. \n\nGuideb\u00f6cker g\u00f6r det ocks\u00e5 m\u00f6jligt f\u00f6r semesteruthyrningsansvariga att ge sina g\u00e4ster verksamhetskritisk information, f\u00f6rb\u00e4ttra g\u00e4stupplevelsen och spara tid genom att samla all information p\u00e5 en l\u00e4ttillg\u00e4nglig plattform. Detta minskar g\u00e4stklagom\u00e5l och sparar tid f\u00f6r personal och ansvariga som annars beh\u00f6ver besvara vanliga g\u00e4stfr\u00e5gor. \t\t\t\t\t\t\t\t<\/div>\n\t\t\t\t<\/div>\n\t\t\t\t\t<\/div>\n\t\t\t\t<\/div>\n\t\t\t\t<\/div>\n\t\t","protected":false},"excerpt":{"rendered":"<p>&nbsp; Anv\u00e4ndningen av digitala guideb\u00f6cker inom semesteruthyrningsbranschen \u00f6kar kraftigt. Guideb\u00f6cker g\u00f6r det m\u00f6jligt f\u00f6r ansvariga och \u00e4gare att ytterligare anpassa reseupplevelsen genom lokala rekommendationer. Guideb\u00f6cker g\u00f6r det ocks\u00e5 m\u00f6jligt f\u00f6r semesteruthyrningsansvariga att ge sina g\u00e4ster verksamhetskritisk information, f\u00f6rb\u00e4ttra g\u00e4stupplevelsen och spara tid genom att samla all information p\u00e5 en l\u00e4ttillg\u00e4nglig plattform. Detta minskar g\u00e4stklagom\u00e5l och [&hellip;]<\/p>\n","protected":false},"author":2,"featured_media":0,"parent":103282,"menu_order":0,"comment_status":"closed","ping_status":"closed","template":"","meta":{"footnotes":""},"class_list":["post-105144","page","type-page","status-publish","hentry"],"yoast_head":"<!-- This site is optimized with the Yoast SEO Premium plugin v27.4 (Yoast SEO v27.4) - https:\/\/yoast.com\/product\/yoast-seo-premium-wordpress\/ -->\n<title>ROI-kalkylator f\u00f6r guidebok f\u00f6r semesteruthyrningsansvariga | Hostfully<\/title>\n<meta name=\"description\" content=\"Ber\u00e4kna vilken effekt en guidebok kommer att ha p\u00e5 er verksamhet med v\u00e5rt kostnadsfria verktyg. F\u00e5 konkreta insikter f\u00f6r att maximera g\u00e4stv\u00e4rde och l\u00f6nsamhet.\" \/>\n<meta name=\"robots\" content=\"index, follow, max-snippet:-1, max-image-preview:large, max-video-preview:-1\" \/>\n<link rel=\"canonical\" href=\"https:\/\/www.hostfully.com\/sv\/tillvaxtverktyg\/roi-kalkylator-for-guidebok-for-semesteruthyrningsansvariga\/\" \/>\n<meta property=\"og:locale\" content=\"sv_SE\" \/>\n<meta property=\"og:type\" content=\"article\" \/>\n<meta property=\"og:title\" content=\"ROI-kalkylator f\u00f6r guidebok f\u00f6r semesteruthyrningsansvariga\" \/>\n<meta property=\"og:description\" content=\"Ber\u00e4kna vilken effekt en guidebok kommer att ha p\u00e5 er verksamhet med v\u00e5rt kostnadsfria verktyg. F\u00e5 konkreta insikter f\u00f6r att maximera g\u00e4stv\u00e4rde och l\u00f6nsamhet.\" \/>\n<meta property=\"og:url\" content=\"https:\/\/www.hostfully.com\/sv\/tillvaxtverktyg\/roi-kalkylator-for-guidebok-for-semesteruthyrningsansvariga\/\" \/>\n<meta property=\"og:site_name\" content=\"Hostfully\" \/>\n<meta property=\"article:publisher\" content=\"https:\/\/www.facebook.com\/hostfully\" \/>\n<meta property=\"article:modified_time\" content=\"2026-04-14T22:13:55+00:00\" \/>\n<meta name=\"twitter:card\" content=\"summary_large_image\" \/>\n<meta name=\"twitter:site\" content=\"@hostfully\" \/>\n<script type=\"application\/ld+json\" class=\"yoast-schema-graph\">{\"@context\":\"https:\\\/\\\/schema.org\",\"@graph\":[{\"@type\":\"WebPage\",\"@id\":\"https:\\\/\\\/www.hostfully.com\\\/sv\\\/tillvaxtverktyg\\\/roi-kalkylator-for-guidebok-for-semesteruthyrningsansvariga\\\/\",\"url\":\"https:\\\/\\\/www.hostfully.com\\\/sv\\\/tillvaxtverktyg\\\/roi-kalkylator-for-guidebok-for-semesteruthyrningsansvariga\\\/\",\"name\":\"ROI-kalkylator f\u00f6r guidebok f\u00f6r semesteruthyrningsansvariga | Hostfully\",\"isPartOf\":{\"@id\":\"https:\\\/\\\/www.hostfully.com\\\/sv\\\/#website\"},\"datePublished\":\"2025-11-24T18:39:33+00:00\",\"dateModified\":\"2026-04-14T22:13:55+00:00\",\"description\":\"Ber\u00e4kna vilken effekt en guidebok kommer att ha p\u00e5 er verksamhet med v\u00e5rt kostnadsfria verktyg. F\u00e5 konkreta insikter f\u00f6r att maximera g\u00e4stv\u00e4rde och l\u00f6nsamhet.\",\"breadcrumb\":{\"@id\":\"https:\\\/\\\/www.hostfully.com\\\/sv\\\/tillvaxtverktyg\\\/roi-kalkylator-for-guidebok-for-semesteruthyrningsansvariga\\\/#breadcrumb\"},\"inLanguage\":\"sv-SE\",\"potentialAction\":[{\"@type\":\"ReadAction\",\"target\":[\"https:\\\/\\\/www.hostfully.com\\\/sv\\\/tillvaxtverktyg\\\/roi-kalkylator-for-guidebok-for-semesteruthyrningsansvariga\\\/\"]}]},{\"@type\":\"BreadcrumbList\",\"@id\":\"https:\\\/\\\/www.hostfully.com\\\/sv\\\/tillvaxtverktyg\\\/roi-kalkylator-for-guidebok-for-semesteruthyrningsansvariga\\\/#breadcrumb\",\"itemListElement\":[{\"@type\":\"ListItem\",\"position\":1,\"name\":\"Home\",\"item\":\"https:\\\/\\\/www.hostfully.com\\\/sv\\\/\"},{\"@type\":\"ListItem\",\"position\":2,\"name\":\"Tillv\u00e4xtverktyg\",\"item\":\"https:\\\/\\\/www.hostfully.com\\\/sv\\\/tillvaxtverktyg\\\/\"},{\"@type\":\"ListItem\",\"position\":3,\"name\":\"ROI-kalkylator f\u00f6r guidebok f\u00f6r semesteruthyrningsansvariga\"}]},{\"@type\":\"WebSite\",\"@id\":\"https:\\\/\\\/www.hostfully.com\\\/sv\\\/#website\",\"url\":\"https:\\\/\\\/www.hostfully.com\\\/sv\\\/\",\"name\":\"Hostfully\",\"description\":\"Award Winning Vacation Rental Software\",\"publisher\":{\"@id\":\"https:\\\/\\\/www.hostfully.com\\\/sv\\\/#organization\"},\"potentialAction\":[{\"@type\":\"SearchAction\",\"target\":{\"@type\":\"EntryPoint\",\"urlTemplate\":\"https:\\\/\\\/www.hostfully.com\\\/sv\\\/?s={search_term_string}\"},\"query-input\":{\"@type\":\"PropertyValueSpecification\",\"valueRequired\":true,\"valueName\":\"search_term_string\"}}],\"inLanguage\":\"sv-SE\"},{\"@type\":\"Organization\",\"@id\":\"https:\\\/\\\/www.hostfully.com\\\/sv\\\/#organization\",\"name\":\"Hostfully\",\"url\":\"https:\\\/\\\/www.hostfully.com\\\/sv\\\/\",\"logo\":{\"@type\":\"ImageObject\",\"inLanguage\":\"sv-SE\",\"@id\":\"https:\\\/\\\/www.hostfully.com\\\/sv\\\/#\\\/schema\\\/logo\\\/image\\\/\",\"url\":\"https:\\\/\\\/www.hostfully.com\\\/wp-content\\\/uploads\\\/2025\\\/08\\\/Hostfully_bluecircle_isotype_R-.png\",\"contentUrl\":\"https:\\\/\\\/www.hostfully.com\\\/wp-content\\\/uploads\\\/2025\\\/08\\\/Hostfully_bluecircle_isotype_R-.png\",\"width\":321,\"height\":321,\"caption\":\"Hostfully\"},\"image\":{\"@id\":\"https:\\\/\\\/www.hostfully.com\\\/sv\\\/#\\\/schema\\\/logo\\\/image\\\/\"},\"sameAs\":[\"https:\\\/\\\/www.facebook.com\\\/hostfully\",\"https:\\\/\\\/x.com\\\/hostfully\",\"https:\\\/\\\/www.instagram.com\\\/hostfully_\\\/\",\"https:\\\/\\\/www.youtube.com\\\/c\\\/Hostfully\",\"https:\\\/\\\/www.linkedin.com\\\/company\\\/hostfully-inc-\\\/\"]}]}<\/script>\n<!-- \/ Yoast SEO Premium plugin. -->","yoast_head_json":{"title":"ROI-kalkylator f\u00f6r guidebok f\u00f6r semesteruthyrningsansvariga | Hostfully","description":"Ber\u00e4kna vilken effekt en guidebok kommer att ha p\u00e5 er verksamhet med v\u00e5rt kostnadsfria verktyg. F\u00e5 konkreta insikter f\u00f6r att maximera g\u00e4stv\u00e4rde och l\u00f6nsamhet.","robots":{"index":"index","follow":"follow","max-snippet":"max-snippet:-1","max-image-preview":"max-image-preview:large","max-video-preview":"max-video-preview:-1"},"canonical":"https:\/\/www.hostfully.com\/sv\/tillvaxtverktyg\/roi-kalkylator-for-guidebok-for-semesteruthyrningsansvariga\/","og_locale":"sv_SE","og_type":"article","og_title":"ROI-kalkylator f\u00f6r guidebok f\u00f6r semesteruthyrningsansvariga","og_description":"Ber\u00e4kna vilken effekt en guidebok kommer att ha p\u00e5 er verksamhet med v\u00e5rt kostnadsfria verktyg. F\u00e5 konkreta insikter f\u00f6r att maximera g\u00e4stv\u00e4rde och l\u00f6nsamhet.","og_url":"https:\/\/www.hostfully.com\/sv\/tillvaxtverktyg\/roi-kalkylator-for-guidebok-for-semesteruthyrningsansvariga\/","og_site_name":"Hostfully","article_publisher":"https:\/\/www.facebook.com\/hostfully","article_modified_time":"2026-04-14T22:13:55+00:00","twitter_card":"summary_large_image","twitter_site":"@hostfully","schema":{"@context":"https:\/\/schema.org","@graph":[{"@type":"WebPage","@id":"https:\/\/www.hostfully.com\/sv\/tillvaxtverktyg\/roi-kalkylator-for-guidebok-for-semesteruthyrningsansvariga\/","url":"https:\/\/www.hostfully.com\/sv\/tillvaxtverktyg\/roi-kalkylator-for-guidebok-for-semesteruthyrningsansvariga\/","name":"ROI-kalkylator f\u00f6r guidebok f\u00f6r semesteruthyrningsansvariga | Hostfully","isPartOf":{"@id":"https:\/\/www.hostfully.com\/sv\/#website"},"datePublished":"2025-11-24T18:39:33+00:00","dateModified":"2026-04-14T22:13:55+00:00","description":"Ber\u00e4kna vilken effekt en guidebok kommer att ha p\u00e5 er verksamhet med v\u00e5rt kostnadsfria verktyg. F\u00e5 konkreta insikter f\u00f6r att maximera g\u00e4stv\u00e4rde och l\u00f6nsamhet.","breadcrumb":{"@id":"https:\/\/www.hostfully.com\/sv\/tillvaxtverktyg\/roi-kalkylator-for-guidebok-for-semesteruthyrningsansvariga\/#breadcrumb"},"inLanguage":"sv-SE","potentialAction":[{"@type":"ReadAction","target":["https:\/\/www.hostfully.com\/sv\/tillvaxtverktyg\/roi-kalkylator-for-guidebok-for-semesteruthyrningsansvariga\/"]}]},{"@type":"BreadcrumbList","@id":"https:\/\/www.hostfully.com\/sv\/tillvaxtverktyg\/roi-kalkylator-for-guidebok-for-semesteruthyrningsansvariga\/#breadcrumb","itemListElement":[{"@type":"ListItem","position":1,"name":"Home","item":"https:\/\/www.hostfully.com\/sv\/"},{"@type":"ListItem","position":2,"name":"Tillv\u00e4xtverktyg","item":"https:\/\/www.hostfully.com\/sv\/tillvaxtverktyg\/"},{"@type":"ListItem","position":3,"name":"ROI-kalkylator f\u00f6r guidebok f\u00f6r semesteruthyrningsansvariga"}]},{"@type":"WebSite","@id":"https:\/\/www.hostfully.com\/sv\/#website","url":"https:\/\/www.hostfully.com\/sv\/","name":"Hostfully","description":"Award Winning Vacation Rental Software","publisher":{"@id":"https:\/\/www.hostfully.com\/sv\/#organization"},"potentialAction":[{"@type":"SearchAction","target":{"@type":"EntryPoint","urlTemplate":"https:\/\/www.hostfully.com\/sv\/?s={search_term_string}"},"query-input":{"@type":"PropertyValueSpecification","valueRequired":true,"valueName":"search_term_string"}}],"inLanguage":"sv-SE"},{"@type":"Organization","@id":"https:\/\/www.hostfully.com\/sv\/#organization","name":"Hostfully","url":"https:\/\/www.hostfully.com\/sv\/","logo":{"@type":"ImageObject","inLanguage":"sv-SE","@id":"https:\/\/www.hostfully.com\/sv\/#\/schema\/logo\/image\/","url":"https:\/\/www.hostfully.com\/wp-content\/uploads\/2025\/08\/Hostfully_bluecircle_isotype_R-.png","contentUrl":"https:\/\/www.hostfully.com\/wp-content\/uploads\/2025\/08\/Hostfully_bluecircle_isotype_R-.png","width":321,"height":321,"caption":"Hostfully"},"image":{"@id":"https:\/\/www.hostfully.com\/sv\/#\/schema\/logo\/image\/"},"sameAs":["https:\/\/www.facebook.com\/hostfully","https:\/\/x.com\/hostfully","https:\/\/www.instagram.com\/hostfully_\/","https:\/\/www.youtube.com\/c\/Hostfully","https:\/\/www.linkedin.com\/company\/hostfully-inc-\/"]}]}},"_links":{"self":[{"href":"https:\/\/www.hostfully.com\/sv\/wp-json\/wp\/v2\/pages\/105144","targetHints":{"allow":["GET"]}}],"collection":[{"href":"https:\/\/www.hostfully.com\/sv\/wp-json\/wp\/v2\/pages"}],"about":[{"href":"https:\/\/www.hostfully.com\/sv\/wp-json\/wp\/v2\/types\/page"}],"author":[{"embeddable":true,"href":"https:\/\/www.hostfully.com\/sv\/wp-json\/wp\/v2\/users\/2"}],"replies":[{"embeddable":true,"href":"https:\/\/www.hostfully.com\/sv\/wp-json\/wp\/v2\/comments?post=105144"}],"version-history":[{"count":1,"href":"https:\/\/www.hostfully.com\/sv\/wp-json\/wp\/v2\/pages\/105144\/revisions"}],"predecessor-version":[{"id":105145,"href":"https:\/\/www.hostfully.com\/sv\/wp-json\/wp\/v2\/pages\/105144\/revisions\/105145"}],"up":[{"embeddable":true,"href":"https:\/\/www.hostfully.com\/sv\/wp-json\/wp\/v2\/pages\/103282"}],"wp:attachment":[{"href":"https:\/\/www.hostfully.com\/sv\/wp-json\/wp\/v2\/media?parent=105144"}],"curies":[{"name":"wp","href":"https:\/\/api.w.org\/{rel}","templated":true}]}}