{"id":105146,"date":"2025-11-24T18:33:34","date_gmt":"2025-11-24T18:33:34","guid":{"rendered":"https:\/\/www.hostfully.com\/tillvaxtverktyg\/halsokontroll-quiz-for-semesteruthyrningsverksamheten\/"},"modified":"2026-04-14T22:13:55","modified_gmt":"2026-04-14T22:13:55","slug":"halsokontroll-quiz-for-semesteruthyrningsverksamheten","status":"publish","type":"page","link":"https:\/\/www.hostfully.com\/sv\/tillvaxtverktyg\/halsokontroll-quiz-for-semesteruthyrningsverksamheten\/","title":{"rendered":"H\u00e4lsokontroll-quiz f\u00f6r semesteruthyrningsverksamheten"},"content":{"rendered":"\t\t<div data-elementor-type=\"wp-page\" data-elementor-id=\"105146\" class=\"elementor elementor-105146 elementor-7841\" data-elementor-post-type=\"page\">\n\t\t\t\t<div class=\"elementor-element elementor-element-faaf74c e-con-full my-4i br-50i e-flex e-con e-parent\" data-id=\"faaf74c\" data-element_type=\"container\" data-e-type=\"container\" data-settings=\"{&quot;background_background&quot;:&quot;classic&quot;}\">\n\t\t<div class=\"elementor-element elementor-element-982f6b2 e-con-full e-flex e-con e-child\" data-id=\"982f6b2\" data-element_type=\"container\" data-e-type=\"container\">\n\t\t\t\t<div class=\"elementor-element elementor-element-4a70e6a elementor-widget elementor-widget-html\" data-id=\"4a70e6a\" data-element_type=\"widget\" data-e-type=\"widget\" data-widget_type=\"html.default\">\n\t\t\t\t<div class=\"elementor-widget-container\">\n\t\t\t\t\t<div>\r\n<div class=\"op-interactive\" id=\"5de6670dddb67c77083c1dcf\" data-url=\"https:\/\/hostfully.outgrow.us\/5de6670dddb67c77083c1dcf?vHeight=1\" data-width=\"100%\">&nbsp;<\/div>\r\n<script src=\"\/\/dyv6f9ner1ir9.cloudfront.net\/assets\/js\/nloader.js\"><\/script>\r\n<script>initIframe('5de6670dddb67c77083c1dcf');<\/script>\r\n<\/div>\t\t\t\t<\/div>\n\t\t\t\t<\/div>\n\t\t\t\t<\/div>\n\t\t\t\t<\/div>\n\t\t<div class=\"elementor-element elementor-element-6d8a2c2 e-flex e-con-boxed e-con e-parent\" data-id=\"6d8a2c2\" data-element_type=\"container\" data-e-type=\"container\">\n\t\t\t\t\t<div class=\"e-con-inner\">\n\t\t\t\t<div class=\"elementor-element elementor-element-085caad elementor-widget elementor-widget-text-editor\" data-id=\"085caad\" data-element_type=\"widget\" data-e-type=\"widget\" data-widget_type=\"text-editor.default\">\n\t\t\t\t<div class=\"elementor-widget-container\">\n\t\t\t\t\t\t\t\t\t<p>\u00c4ven om teknikdrivna f\u00f6retag inom bes\u00f6ksn\u00e4ringen \u00e4r ett relativt nytt fenomen under det senaste decenniet, f\u00f6ljer deras tillv\u00e4xt traditionella aff\u00e4rsmodeller. Det finns fyra kritiska aff\u00e4rsfunktioner i varje f\u00f6retag f\u00f6r f\u00f6rvaltning av semesteruthyrning\u2014<strong>drift, marknadsf\u00f6ring, f\u00f6rs\u00e4ljning och g\u00e4sthantering<\/strong>. <\/p><p>F\u00f6r f\u00f6rvaltare av semesteruthyrning \ud83d\ude4b\u200d\u2640\ufe0f\ud83d\ude4b\u200d\u2642\ufe0f \u00e4r en fr\u00e5ga vi ofta f\u00e5r: <em>Hur vet ni vilken av dessa aff\u00e4rsfunktioner ni ska fokusera p\u00e5?<\/em> Och svaret har alltid varit: <em>Det beror p\u00e5<\/em>\u2026Tills nu! Hostfully har skapat ett <strong>h\u00e4lsokontroll-quiz<\/strong> \ud83c\udfe1 f\u00f6r semesteruthyrningsverksamheter som, baserat p\u00e5 era svar, visar vilken del av er verksamhet ni b\u00f6r fokusera mest p\u00e5 under de kommande 12 m\u00e5naderna \ud83d\udcc5: drift, marknadsf\u00f6ring, f\u00f6rs\u00e4ljning eller g\u00e4sthantering. <\/p><p>Inom n\u00e5gra minuter f\u00e5r ni en anpassad och nedladdningsbar handlingsplan f\u00f6r era semesterboenden som hj\u00e4lper er att v\u00e4xa \ud83d\udcc8 er verksamhet och i slut\u00e4ndan int\u00e4kterna. Om ni har n\u00e5gra fr\u00e5gor om quizet eller vill f\u00f6lja upp, v\u00e4nligen kontakta <a href=\"mailto:jessica@hostfully.com?subject=Let%27s%20Talk%20VRMC%20Health%20Check%20Quiz!\">jessica@hostfully.com<\/a>\u2014vi uppskattar att h\u00f6ra fr\u00e5n er! <\/p>\t\t\t\t\t\t\t\t<\/div>\n\t\t\t\t<\/div>\n\t\t\t\t\t<\/div>\n\t\t\t\t<\/div>\n\t\t\t\t<\/div>\n\t\t","protected":false},"excerpt":{"rendered":"<p>&nbsp; \u00c4ven om teknikdrivna f\u00f6retag inom bes\u00f6ksn\u00e4ringen \u00e4r ett relativt nytt fenomen under det senaste decenniet, f\u00f6ljer deras tillv\u00e4xt traditionella aff\u00e4rsmodeller. Det finns fyra kritiska aff\u00e4rsfunktioner i varje f\u00f6retag f\u00f6r f\u00f6rvaltning av semesteruthyrning\u2014drift, marknadsf\u00f6ring, f\u00f6rs\u00e4ljning och g\u00e4sthantering. F\u00f6r f\u00f6rvaltare av semesteruthyrning \ud83d\ude4b\u200d\u2640\ufe0f\ud83d\ude4b\u200d\u2642\ufe0f \u00e4r en fr\u00e5ga vi ofta f\u00e5r: Hur vet ni vilken av dessa aff\u00e4rsfunktioner [&hellip;]<\/p>\n","protected":false},"author":2,"featured_media":0,"parent":103282,"menu_order":0,"comment_status":"closed","ping_status":"closed","template":"","meta":{"footnotes":""},"class_list":["post-105146","page","type-page","status-publish","hentry"],"yoast_head":"<!-- This site is optimized with the Yoast SEO Premium plugin v27.4 (Yoast SEO v27.4) - https:\/\/yoast.com\/product\/yoast-seo-premium-wordpress\/ -->\n<title>H\u00e4lsokontroll-quiz f\u00f6r semesteruthyrningsverksamheten | Hostfully<\/title>\n<meta name=\"description\" content=\"G\u00f6r v\u00e5rt kostnadsfria VRMC Health Check Quiz och uppt\u00e4ck viktiga tillv\u00e4xtm\u00f6jligheter med en anpassad handlingsplan f\u00f6r er verksamhet.\" \/>\n<meta name=\"robots\" content=\"index, follow, max-snippet:-1, max-image-preview:large, max-video-preview:-1\" \/>\n<link rel=\"canonical\" href=\"https:\/\/www.hostfully.com\/sv\/tillvaxtverktyg\/halsokontroll-quiz-for-semesteruthyrningsverksamheten\/\" \/>\n<meta property=\"og:locale\" content=\"sv_SE\" \/>\n<meta property=\"og:type\" content=\"article\" \/>\n<meta property=\"og:title\" content=\"H\u00e4lsokontroll-quiz f\u00f6r semesteruthyrningsverksamheten\" \/>\n<meta property=\"og:description\" content=\"G\u00f6r v\u00e5rt kostnadsfria VRMC Health Check Quiz och uppt\u00e4ck viktiga tillv\u00e4xtm\u00f6jligheter med en anpassad handlingsplan f\u00f6r er verksamhet.\" \/>\n<meta property=\"og:url\" content=\"https:\/\/www.hostfully.com\/sv\/tillvaxtverktyg\/halsokontroll-quiz-for-semesteruthyrningsverksamheten\/\" \/>\n<meta property=\"og:site_name\" content=\"Hostfully\" \/>\n<meta property=\"article:publisher\" content=\"https:\/\/www.facebook.com\/hostfully\" \/>\n<meta property=\"article:modified_time\" content=\"2026-04-14T22:13:55+00:00\" \/>\n<meta name=\"twitter:card\" content=\"summary_large_image\" \/>\n<meta name=\"twitter:site\" content=\"@hostfully\" \/>\n<meta name=\"twitter:label1\" content=\"Ber\u00e4knad l\u00e4stid\" \/>\n\t<meta name=\"twitter:data1\" content=\"1 minut\" \/>\n<script type=\"application\/ld+json\" class=\"yoast-schema-graph\">{\"@context\":\"https:\\\/\\\/schema.org\",\"@graph\":[{\"@type\":\"WebPage\",\"@id\":\"https:\\\/\\\/www.hostfully.com\\\/sv\\\/tillvaxtverktyg\\\/halsokontroll-quiz-for-semesteruthyrningsverksamheten\\\/\",\"url\":\"https:\\\/\\\/www.hostfully.com\\\/sv\\\/tillvaxtverktyg\\\/halsokontroll-quiz-for-semesteruthyrningsverksamheten\\\/\",\"name\":\"H\u00e4lsokontroll-quiz f\u00f6r semesteruthyrningsverksamheten | Hostfully\",\"isPartOf\":{\"@id\":\"https:\\\/\\\/www.hostfully.com\\\/sv\\\/#website\"},\"datePublished\":\"2025-11-24T18:33:34+00:00\",\"dateModified\":\"2026-04-14T22:13:55+00:00\",\"description\":\"G\u00f6r v\u00e5rt kostnadsfria VRMC Health Check Quiz och uppt\u00e4ck viktiga tillv\u00e4xtm\u00f6jligheter med en anpassad handlingsplan f\u00f6r er verksamhet.\",\"breadcrumb\":{\"@id\":\"https:\\\/\\\/www.hostfully.com\\\/sv\\\/tillvaxtverktyg\\\/halsokontroll-quiz-for-semesteruthyrningsverksamheten\\\/#breadcrumb\"},\"inLanguage\":\"sv-SE\",\"potentialAction\":[{\"@type\":\"ReadAction\",\"target\":[\"https:\\\/\\\/www.hostfully.com\\\/sv\\\/tillvaxtverktyg\\\/halsokontroll-quiz-for-semesteruthyrningsverksamheten\\\/\"]}]},{\"@type\":\"BreadcrumbList\",\"@id\":\"https:\\\/\\\/www.hostfully.com\\\/sv\\\/tillvaxtverktyg\\\/halsokontroll-quiz-for-semesteruthyrningsverksamheten\\\/#breadcrumb\",\"itemListElement\":[{\"@type\":\"ListItem\",\"position\":1,\"name\":\"Home\",\"item\":\"https:\\\/\\\/www.hostfully.com\\\/sv\\\/\"},{\"@type\":\"ListItem\",\"position\":2,\"name\":\"Tillv\u00e4xtverktyg\",\"item\":\"https:\\\/\\\/www.hostfully.com\\\/sv\\\/tillvaxtverktyg\\\/\"},{\"@type\":\"ListItem\",\"position\":3,\"name\":\"H\u00e4lsokontroll-quiz f\u00f6r semesteruthyrningsverksamheten\"}]},{\"@type\":\"WebSite\",\"@id\":\"https:\\\/\\\/www.hostfully.com\\\/sv\\\/#website\",\"url\":\"https:\\\/\\\/www.hostfully.com\\\/sv\\\/\",\"name\":\"Hostfully\",\"description\":\"Award Winning Vacation Rental Software\",\"publisher\":{\"@id\":\"https:\\\/\\\/www.hostfully.com\\\/sv\\\/#organization\"},\"potentialAction\":[{\"@type\":\"SearchAction\",\"target\":{\"@type\":\"EntryPoint\",\"urlTemplate\":\"https:\\\/\\\/www.hostfully.com\\\/sv\\\/?s={search_term_string}\"},\"query-input\":{\"@type\":\"PropertyValueSpecification\",\"valueRequired\":true,\"valueName\":\"search_term_string\"}}],\"inLanguage\":\"sv-SE\"},{\"@type\":\"Organization\",\"@id\":\"https:\\\/\\\/www.hostfully.com\\\/sv\\\/#organization\",\"name\":\"Hostfully\",\"url\":\"https:\\\/\\\/www.hostfully.com\\\/sv\\\/\",\"logo\":{\"@type\":\"ImageObject\",\"inLanguage\":\"sv-SE\",\"@id\":\"https:\\\/\\\/www.hostfully.com\\\/sv\\\/#\\\/schema\\\/logo\\\/image\\\/\",\"url\":\"https:\\\/\\\/www.hostfully.com\\\/wp-content\\\/uploads\\\/2025\\\/08\\\/Hostfully_bluecircle_isotype_R-.png\",\"contentUrl\":\"https:\\\/\\\/www.hostfully.com\\\/wp-content\\\/uploads\\\/2025\\\/08\\\/Hostfully_bluecircle_isotype_R-.png\",\"width\":321,\"height\":321,\"caption\":\"Hostfully\"},\"image\":{\"@id\":\"https:\\\/\\\/www.hostfully.com\\\/sv\\\/#\\\/schema\\\/logo\\\/image\\\/\"},\"sameAs\":[\"https:\\\/\\\/www.facebook.com\\\/hostfully\",\"https:\\\/\\\/x.com\\\/hostfully\",\"https:\\\/\\\/www.instagram.com\\\/hostfully_\\\/\",\"https:\\\/\\\/www.youtube.com\\\/c\\\/Hostfully\",\"https:\\\/\\\/www.linkedin.com\\\/company\\\/hostfully-inc-\\\/\"]}]}<\/script>\n<!-- \/ Yoast SEO Premium plugin. -->","yoast_head_json":{"title":"H\u00e4lsokontroll-quiz f\u00f6r semesteruthyrningsverksamheten | Hostfully","description":"G\u00f6r v\u00e5rt kostnadsfria VRMC Health Check Quiz och uppt\u00e4ck viktiga tillv\u00e4xtm\u00f6jligheter med en anpassad handlingsplan f\u00f6r er verksamhet.","robots":{"index":"index","follow":"follow","max-snippet":"max-snippet:-1","max-image-preview":"max-image-preview:large","max-video-preview":"max-video-preview:-1"},"canonical":"https:\/\/www.hostfully.com\/sv\/tillvaxtverktyg\/halsokontroll-quiz-for-semesteruthyrningsverksamheten\/","og_locale":"sv_SE","og_type":"article","og_title":"H\u00e4lsokontroll-quiz f\u00f6r semesteruthyrningsverksamheten","og_description":"G\u00f6r v\u00e5rt kostnadsfria VRMC Health Check Quiz och uppt\u00e4ck viktiga tillv\u00e4xtm\u00f6jligheter med en anpassad handlingsplan f\u00f6r er verksamhet.","og_url":"https:\/\/www.hostfully.com\/sv\/tillvaxtverktyg\/halsokontroll-quiz-for-semesteruthyrningsverksamheten\/","og_site_name":"Hostfully","article_publisher":"https:\/\/www.facebook.com\/hostfully","article_modified_time":"2026-04-14T22:13:55+00:00","twitter_card":"summary_large_image","twitter_site":"@hostfully","twitter_misc":{"Ber\u00e4knad l\u00e4stid":"1 minut"},"schema":{"@context":"https:\/\/schema.org","@graph":[{"@type":"WebPage","@id":"https:\/\/www.hostfully.com\/sv\/tillvaxtverktyg\/halsokontroll-quiz-for-semesteruthyrningsverksamheten\/","url":"https:\/\/www.hostfully.com\/sv\/tillvaxtverktyg\/halsokontroll-quiz-for-semesteruthyrningsverksamheten\/","name":"H\u00e4lsokontroll-quiz f\u00f6r semesteruthyrningsverksamheten | Hostfully","isPartOf":{"@id":"https:\/\/www.hostfully.com\/sv\/#website"},"datePublished":"2025-11-24T18:33:34+00:00","dateModified":"2026-04-14T22:13:55+00:00","description":"G\u00f6r v\u00e5rt kostnadsfria VRMC Health Check Quiz och uppt\u00e4ck viktiga tillv\u00e4xtm\u00f6jligheter med en anpassad handlingsplan f\u00f6r er verksamhet.","breadcrumb":{"@id":"https:\/\/www.hostfully.com\/sv\/tillvaxtverktyg\/halsokontroll-quiz-for-semesteruthyrningsverksamheten\/#breadcrumb"},"inLanguage":"sv-SE","potentialAction":[{"@type":"ReadAction","target":["https:\/\/www.hostfully.com\/sv\/tillvaxtverktyg\/halsokontroll-quiz-for-semesteruthyrningsverksamheten\/"]}]},{"@type":"BreadcrumbList","@id":"https:\/\/www.hostfully.com\/sv\/tillvaxtverktyg\/halsokontroll-quiz-for-semesteruthyrningsverksamheten\/#breadcrumb","itemListElement":[{"@type":"ListItem","position":1,"name":"Home","item":"https:\/\/www.hostfully.com\/sv\/"},{"@type":"ListItem","position":2,"name":"Tillv\u00e4xtverktyg","item":"https:\/\/www.hostfully.com\/sv\/tillvaxtverktyg\/"},{"@type":"ListItem","position":3,"name":"H\u00e4lsokontroll-quiz f\u00f6r semesteruthyrningsverksamheten"}]},{"@type":"WebSite","@id":"https:\/\/www.hostfully.com\/sv\/#website","url":"https:\/\/www.hostfully.com\/sv\/","name":"Hostfully","description":"Award Winning Vacation Rental Software","publisher":{"@id":"https:\/\/www.hostfully.com\/sv\/#organization"},"potentialAction":[{"@type":"SearchAction","target":{"@type":"EntryPoint","urlTemplate":"https:\/\/www.hostfully.com\/sv\/?s={search_term_string}"},"query-input":{"@type":"PropertyValueSpecification","valueRequired":true,"valueName":"search_term_string"}}],"inLanguage":"sv-SE"},{"@type":"Organization","@id":"https:\/\/www.hostfully.com\/sv\/#organization","name":"Hostfully","url":"https:\/\/www.hostfully.com\/sv\/","logo":{"@type":"ImageObject","inLanguage":"sv-SE","@id":"https:\/\/www.hostfully.com\/sv\/#\/schema\/logo\/image\/","url":"https:\/\/www.hostfully.com\/wp-content\/uploads\/2025\/08\/Hostfully_bluecircle_isotype_R-.png","contentUrl":"https:\/\/www.hostfully.com\/wp-content\/uploads\/2025\/08\/Hostfully_bluecircle_isotype_R-.png","width":321,"height":321,"caption":"Hostfully"},"image":{"@id":"https:\/\/www.hostfully.com\/sv\/#\/schema\/logo\/image\/"},"sameAs":["https:\/\/www.facebook.com\/hostfully","https:\/\/x.com\/hostfully","https:\/\/www.instagram.com\/hostfully_\/","https:\/\/www.youtube.com\/c\/Hostfully","https:\/\/www.linkedin.com\/company\/hostfully-inc-\/"]}]}},"_links":{"self":[{"href":"https:\/\/www.hostfully.com\/sv\/wp-json\/wp\/v2\/pages\/105146","targetHints":{"allow":["GET"]}}],"collection":[{"href":"https:\/\/www.hostfully.com\/sv\/wp-json\/wp\/v2\/pages"}],"about":[{"href":"https:\/\/www.hostfully.com\/sv\/wp-json\/wp\/v2\/types\/page"}],"author":[{"embeddable":true,"href":"https:\/\/www.hostfully.com\/sv\/wp-json\/wp\/v2\/users\/2"}],"replies":[{"embeddable":true,"href":"https:\/\/www.hostfully.com\/sv\/wp-json\/wp\/v2\/comments?post=105146"}],"version-history":[{"count":1,"href":"https:\/\/www.hostfully.com\/sv\/wp-json\/wp\/v2\/pages\/105146\/revisions"}],"predecessor-version":[{"id":105147,"href":"https:\/\/www.hostfully.com\/sv\/wp-json\/wp\/v2\/pages\/105146\/revisions\/105147"}],"up":[{"embeddable":true,"href":"https:\/\/www.hostfully.com\/sv\/wp-json\/wp\/v2\/pages\/103282"}],"wp:attachment":[{"href":"https:\/\/www.hostfully.com\/sv\/wp-json\/wp\/v2\/media?parent=105146"}],"curies":[{"name":"wp","href":"https:\/\/api.w.org\/{rel}","templated":true}]}}